{"id":137,"date":"2017-12-17T10:06:43","date_gmt":"2017-12-17T10:06:43","guid":{"rendered":"https:\/\/wordpress.gradientthemes.com\/brand-shop\/about\/"},"modified":"2025-11-29T14:33:52","modified_gmt":"2025-11-29T14:33:52","slug":"obchody-s-jedy","status":"publish","type":"page","link":"https:\/\/poisonshops.com\/cs\/obchody-s-jedy\/","title":{"rendered":"O n\u00e1s"},"content":{"rendered":"<div data-elementor-type=\"wp-post\" data-elementor-id=\"137\" class=\"elementor elementor-137\">\n\t\t\t\t<div class=\"elementor-element elementor-element-b4375f3 e-flex e-con-boxed e-con e-parent\" data-id=\"b4375f3\" data-element_type=\"container\" data-e-type=\"container\">\n\t\t\t\t\t<div class=\"e-con-inner\">\n\t\t\t\t<div class=\"elementor-element elementor-element-c2b1470 elementor-widget elementor-widget-text-editor\" data-id=\"c2b1470\" data-element_type=\"widget\" data-e-type=\"widget\" data-widget_type=\"text-editor.default\">\n\t\t\t\t<div class=\"elementor-widget-container\">\n\t\t\t\t\t\t\t\t\t<h2>Obchody s jedy<\/h2><p>V\u00edtejte v Poison Shops, va\u0161em p\u0159edn\u00edm zdroji vysoce kvalitn\u00edch, specializovan\u00fdch \u0161pi\u010dkov\u00fdch a nejtoxi\u010dt\u011bj\u0161\u00edch biochemick\u00fdch l\u00e1tek a toxin\u016f na sv\u011bt\u011b. P\u016fsob\u00edme z na\u0161ich za\u0159\u00edzen\u00ed v <strong>N\u011bmecko, \u0160v\u00fdcarsko,<\/strong> a<strong> Francie<\/strong>, jsme odhodl\u00e1ni poskytovat na\u0161im z\u00e1kazn\u00edk\u016fm \u0161pi\u010dkov\u00e9 produkty a slu\u017eby. Na\u0161e zam\u011b\u0159en\u00ed na bezpe\u010dnost, zabezpe\u010den\u00ed a spokojenost z\u00e1kazn\u00edk\u016f n\u00e1s odli\u0161uje od ostatn\u00edch v oboru. Obchod s biologick\u00fdmi zbran\u011bmi.<\/p><p>Na <a href=\"https:\/\/poisonshops.com\/cs\/\">Obchody s jedy<\/a>, zaji\u0161\u0165ujeme p\u0159\u00edsn\u00e9 dodr\u017eov\u00e1n\u00ed mezin\u00e1rodn\u00edch p\u0159edpis\u016f a up\u0159ednost\u0148ujeme odpov\u011bdn\u00e9 p<strong>balen\u00ed, manipulace, p\u0159eprava, <\/strong>a <strong>distribuce<\/strong> nebezpe\u010dn\u00fdch materi\u00e1l\u016f. N\u00e1\u0161 t\u00fdm je dob\u0159e vy\u0161kolen\u00fd a vybaven\u00fd modern\u00edmi <strong>osobn\u00ed ochrann\u00e9 prost\u0159edky (OOP),<\/strong> a v\u0161echny z\u00e1silky zahrnuj\u00ed komplexn\u00ed <strong>Bezpe\u010dnostn\u00ed listy (SDS)<\/strong> pro va\u0161i jistotu a bezpe\u010dnost. Na\u0161e nab\u00eddka zahrnuje <strong>Arzenov\u00e1 otrava, akonitin, batrachotoxin, botulotoxin, kyanid, dimethylrtu\u0165, maitotoxin, polonium-210, ricin, sarin, tetrodotoxin, nembutalov\u00e1 sebevra\u017eda<a href=\"https:\/\/duckduckgo.com\/\" target=\"_blank\" rel=\"noopener\">,<\/a>a VR Nerve Agent. Nejlep\u0161\u00ed m\u00edsto, kde si diskr\u00e9tn\u011b objednat jed.<\/strong><\/p><p><img decoding=\"async\" class=\"wp-image-502 aligncenter\" src=\"https:\/\/poisonshops.com\/wp-content\/uploads\/2025\/11\/Bio-Weapons-240x300.png\" alt=\"Biologick\u00e9 zbran\u011b\" width=\"53\" height=\"66\" srcset=\"https:\/\/poisonshops.com\/wp-content\/uploads\/2025\/11\/Bio-Weapons-240x300.png 240w, https:\/\/poisonshops.com\/wp-content\/uploads\/2025\/11\/Bio-Weapons.png 265w\" sizes=\"(max-width: 53px) 100vw, 53px\" \/><\/p><p>A\u0165 u\u017e pot\u0159ebujete na\u0161e jedy\/toxiny pro v\u00fdzkumn\u00e9 \u00fa\u010dely, eutanazii, provozujete v\u00fdzkumnou laborato\u0159 pro Poison Shops nebo m\u00e1te v \u00famyslu prov\u00e9st etnick\u00e9 \u010distky \u010di atent\u00e1ty, d\u016fv\u011b\u0159ujte Poison Shops, kter\u00e9 v\u00e1m nab\u00eddnou spolehliv\u00e9 toxiny s diskr\u00e9tn\u00ed dod\u00e1vkou a bezpe\u010dn\u00fdmi transakcemi pouze v kryptom\u011bn\u00e1ch. Nakupujte v\u00fdzkumn\u00e9 chemik\u00e1lie online.<\/p><p>Nab\u00edz\u00edme r\u016fzn\u00e9 mo\u017enosti dopravy, v\u010detn\u011b <strong>standard <\/strong>a<strong> expresn\u00ed slu\u017eby,<\/strong> s <strong>doprava zdarma<\/strong> p\u0159i objedn\u00e1vk\u00e1ch nad<strong> \u20ac10,000<\/strong>. Pro speci\u00e1ln\u00ed po\u017eadavky poskytujeme <strong>mrtv\u00e1 schr\u00e1nka <\/strong>slu\u017eba pro <strong>konkr\u00e9tn\u00ed sou\u0159adnice GPS<\/strong>. Na\u0161e z\u00e1sady odr\u00e1\u017eej\u00ed n\u00e1\u0161 z\u00e1vazek poskytovat bezpe\u010dn\u00e9 a efektivn\u00ed slu\u017eby, v\u010detn\u011b jasn\u00fdch z\u00e1sad pro vr\u00e1cen\u00ed pen\u011bz a zbo\u017e\u00ed zam\u011b\u0159en\u00fdch na nedoru\u010den\u00e9 nebo zpo\u017ed\u011bn\u00e9 objedn\u00e1vky.<\/p><p>Bio Weapons je d\u016fv\u011bryhodn\u00fdm partnerem v biochemick\u00e9m pr\u016fmyslu, kter\u00fd dodr\u017euje nejvy\u0161\u0161\u00ed standardy integrity, inovace a odbornosti. D\u011bkujeme, \u017ee jste si pro sv\u00e9 specializovan\u00e9 biochemick\u00e9 pot\u0159eby vybrali Bio Weapons. Koupit jedy.<\/p><p><img decoding=\"async\" class=\"wp-image-489 aligncenter\" src=\"https:\/\/poisonshops.com\/wp-content\/uploads\/2025\/11\/Buy-poisons-and-toxins-anonymously-300x200.jpg\" alt=\"Kupujte jedy a toxiny anonymn\u011b\" width=\"74\" height=\"49\" srcset=\"https:\/\/poisonshops.com\/wp-content\/uploads\/2025\/11\/Buy-poisons-and-toxins-anonymously-300x200.jpg 300w, https:\/\/poisonshops.com\/wp-content\/uploads\/2025\/11\/Buy-poisons-and-toxins-anonymously-446x297.jpg 446w, https:\/\/poisonshops.com\/wp-content\/uploads\/2025\/11\/Buy-poisons-and-toxins-anonymously.jpg 474w\" sizes=\"(max-width: 74px) 100vw, 74px\" \/><\/p><h3>Kupujte jedy a toxiny anonymn\u011b<\/h3><p>V sou\u010dasn\u00e9 dob\u011b je popul\u00e1rn\u011bj\u0161\u00ed pou\u017e\u00edvat ti\u0161\u0161\u00ed a skryt\u011bj\u0161\u00ed metody vra\u017ed\u011bn\u00ed. Na pomoc p\u0159ich\u00e1zej\u00ed r\u016fzn\u00e9 pomal\u00e9 jedy. Na tomto sv\u011bt\u011b ji\u017e neexistuje nic nov\u00e9ho a jedy se pou\u017e\u00edvaly i v civilizovan\u00fdch zem\u00edch: ve starov\u011bk\u00e9m Egypt\u011b, v Evrop\u011b ve st\u0159edov\u011bku. V t\u011bch letech medic\u00edny neexistovala forenzn\u00ed v\u011bda, nikdo nev\u011bd\u011bl, pro\u010d \u010dlov\u011bk zem\u0159el, tak\u017ee jste si mohli snadno objednat jak\u00fdkoli typ smrti u starod\u00e1vn\u00fdch chemik\u016f: pomalou a mu\u010divou, rychlou a bezbolestnou, ve sp\u00e1nku, infarkt atd.<\/p><p>D\u00edky modern\u00edm metod\u00e1m ur\u010dov\u00e1n\u00ed p\u0159\u00ed\u010diny smrti je dnes neuv\u011b\u0159iteln\u011b obt\u00ed\u017en\u00e9 n\u011bkoho otr\u00e1vit, zejm\u00e9na pokud zem\u0159e n\u00e1hle, proto\u017ee lid\u00e9 okam\u017eit\u011b za\u010dnou podez\u0159\u00edvat otravu. Koup\u011b krys\u00edho jedu v obchod\u011b nesta\u010d\u00ed, proto\u017ee p\u0159i pitv\u011b forenzn\u00ed vy\u0161et\u0159en\u00ed okam\u017eit\u011b odhal\u00ed jeho zbytky v krvi nebo po\u0161kozen\u00ed org\u00e1n\u016f.\u00a0<\/p><p>Proto je pou\u017eit\u00ed chemick\u00fdch jed\u016f, jako je kyanid, methylrtu\u0165 nebo arsen, z pr\u00e1vn\u00edho hlediska nebezpe\u010dn\u00e9. Tyto l\u00e1tky z\u016fst\u00e1vaj\u00ed v t\u011ble i po smrti a jejich vn\u011bj\u0161\u00ed zn\u00e1mky jsou pro soudn\u00ed l\u00e9ka\u0159e velmi z\u0159ejm\u00e9.<\/p><p>Vytv\u00e1\u0159\u00edm pe\u010dliv\u011b vybran\u00e9 organick\u00e9 jedy s dlouhodob\u00fdm \u00fa\u010dinkem a n\u011bkter\u00e9 z nich syntetizuji do podoby s\u00e9ra. Pro\u010d n\u011bco vym\u00fd\u0161let, kdy\u017e to za v\u00e1s u\u017e ud\u011blala p\u0159\u00edroda?<\/p><p>Vytv\u00e1\u0159\u00edm pe\u010dliv\u011b vybran\u00e9 organick\u00e9 jedy s dlouhodob\u00fdm \u00fa\u010dinkem a n\u011bkter\u00e9 z nich syntetizuji do podoby s\u00e9ra. Pro\u010d n\u011bco vym\u00fd\u0161let, kdy\u017e to za v\u00e1s u\u017e ud\u011blala p\u0159\u00edroda?<\/p><p>Je velmi snadn\u00e9 otr\u00e1vit lidi, v m\u00edstn\u00edch zpr\u00e1v\u00e1ch se \u010dasto dozv\u00edd\u00e1te o smrti babi\u010dky, kter\u00e1 se otr\u00e1vila nekvalitn\u00edm masem z trhu, a babi\u010dka \u017eila sama v byt\u011b se dv\u011bma lo\u017enicemi... Nakupujte v\u00fdzkumn\u00e9 chemik\u00e1lie online.<\/p><p>Jak\u00fd d\u016fkaz mohu poskytnout, \u017ee nejsem student, kter\u00fd vytvo\u0159il webovou str\u00e1nku s c\u00edlem podv\u00e1d\u011bt lidi, aby si vyd\u011blal na \u017eivobyt\u00ed? Za prv\u00e9, hned to pochop\u00edte, kdy\u017e se mnou budete mluvit, ale tak\u00e9 p\u0159ilo\u017e\u00edm n\u011bkolik fotografi\u00ed m\u00e9 laborato\u0159e:<\/p><h4>Koupit v\u00fdzkumn\u00e9 chemik\u00e1lie online<\/h4><p><img decoding=\"async\" class=\"wp-image-176 aligncenter\" src=\"https:\/\/poisonshops.com\/wp-content\/uploads\/2025\/11\/poison_shop_logo-300x171.png\" alt=\"Obchody s jedy\" width=\"70\" height=\"40\" srcset=\"https:\/\/poisonshops.com\/wp-content\/uploads\/2025\/11\/poison_shop_logo-300x171.png 300w, https:\/\/poisonshops.com\/wp-content\/uploads\/2025\/11\/poison_shop_logo.png 563w\" sizes=\"(max-width: 70px) 100vw, 70px\" \/><\/p>\t\t\t\t\t\t\t\t<\/div>\n\t\t\t\t<\/div>\n\t\t\t\t\t<\/div>\n\t\t\t\t<\/div>\n\t\t\t\t<\/div>","protected":false},"excerpt":{"rendered":"<p>Poison Shops Welcome to Poison Shops \u00a0your premier source for high-quality, specialized in top-tier and world most toxic biochemical agents and toxins. Operating from our facilities in Germany, Switzerland, and France, we are committed to providing our clients with top-tier products and services. Our focus on safety, security, and customer satisfaction sets us apart in [&hellip;]<\/p>\n","protected":false},"author":1,"featured_media":0,"parent":0,"menu_order":0,"comment_status":"closed","ping_status":"closed","template":"elementor_header_footer","meta":{"footnotes":""},"class_list":["post-137","page","type-page","status-publish","hentry"],"_links":{"self":[{"href":"https:\/\/poisonshops.com\/cs\/wp-json\/wp\/v2\/pages\/137","targetHints":{"allow":["GET"]}}],"collection":[{"href":"https:\/\/poisonshops.com\/cs\/wp-json\/wp\/v2\/pages"}],"about":[{"href":"https:\/\/poisonshops.com\/cs\/wp-json\/wp\/v2\/types\/page"}],"author":[{"embeddable":true,"href":"https:\/\/poisonshops.com\/cs\/wp-json\/wp\/v2\/users\/1"}],"replies":[{"embeddable":true,"href":"https:\/\/poisonshops.com\/cs\/wp-json\/wp\/v2\/comments?post=137"}],"version-history":[{"count":34,"href":"https:\/\/poisonshops.com\/cs\/wp-json\/wp\/v2\/pages\/137\/revisions"}],"predecessor-version":[{"id":508,"href":"https:\/\/poisonshops.com\/cs\/wp-json\/wp\/v2\/pages\/137\/revisions\/508"}],"wp:attachment":[{"href":"https:\/\/poisonshops.com\/cs\/wp-json\/wp\/v2\/media?parent=137"}],"curies":[{"name":"wp","href":"https:\/\/api.w.org\/{rel}","templated":true}]}}