{"id":418,"date":"2025-11-20T11:56:12","date_gmt":"2025-11-20T11:56:12","guid":{"rendered":"https:\/\/poisonshops.com\/?page_id=418"},"modified":"2025-12-01T12:00:53","modified_gmt":"2025-12-01T12:00:53","slug":"pokyny-pro-oop","status":"publish","type":"page","link":"https:\/\/poisonshops.com\/cs\/pokyny-pro-oop\/","title":{"rendered":"Pokyny pro OOP"},"content":{"rendered":"<div data-elementor-type=\"wp-page\" data-elementor-id=\"418\" class=\"elementor elementor-418\">\n\t\t\t\t<div class=\"elementor-element elementor-element-0dae480 e-flex e-con-boxed e-con e-parent\" data-id=\"0dae480\" data-element_type=\"container\" data-e-type=\"container\">\n\t\t\t\t\t<div class=\"e-con-inner\">\n\t\t\t\t<div class=\"elementor-element elementor-element-3c24701 elementor-widget elementor-widget-text-editor\" data-id=\"3c24701\" data-element_type=\"widget\" data-e-type=\"widget\" data-widget_type=\"text-editor.default\">\n\t\t\t\t<div class=\"elementor-widget-container\">\n\t\t\t\t\t\t\t\t\t<div id=\"primary\" class=\"content-area\"><main id=\"main\" class=\"site-main\"><\/main><article id=\"post-389666\" class=\"post-389666 page type-page status-publish\"><div class=\"inside-article\"><header class=\"entry-header\"><h2 class=\"entry-title\">Komplexn\u00ed pokyny pro osobn\u00ed ochrann\u00e9 prost\u0159edky pro bezpe\u010dnou manipulaci s toxick\u00fdmi l\u00e1tkami<\/h2><\/header><div class=\"entry-content\"><p>Zde je podrobn\u00e9 doporu\u010den\u00ed osobn\u00edch ochrann\u00fdch prost\u0159edk\u016f (OOP) pro manipulaci s ka\u017ed\u00fdm z uveden\u00fdch toxin\u016f se zam\u011b\u0159en\u00edm na nej\u00fa\u010dinn\u011bj\u0161\u00ed vybaven\u00ed na z\u00e1klad\u011b specifick\u00fdch nebezpe\u010d\u00ed spojen\u00fdch s ka\u017edou l\u00e1tkou:<\/p><h3 class=\"wp-block-heading\">1. <strong>Arzenov\u00e1 otrava<\/strong><\/h3><ul class=\"wp-block-list\"><li><strong>Rukavice<\/strong>: Nitrilov\u00e9 nebo latexov\u00e9 rukavice - zaji\u0161\u0165uj\u00ed chemickou odolnost a zabra\u0148uj\u00ed kontaktu s poko\u017ekou.<\/li><li><strong>Ochrana o\u010d\u00ed<\/strong>: Ochrann\u00e9 br\u00fdle - chr\u00e1n\u00ed p\u0159ed st\u0159\u00edkaj\u00edc\u00ed vodou.<\/li><li><strong>Ochrana obli\u010deje<\/strong>: Obli\u010dejov\u00fd \u0161t\u00edt - poskytuje dodate\u010dnou ochranu obli\u010deje a krku.<\/li><li><strong>Oble\u010den\u00ed<\/strong>: Laboratorn\u00ed pl\u00e1\u0161\u0165 nebo jednor\u00e1zov\u00e1 kombin\u00e9za - chr\u00e1n\u00ed od\u011bv a poko\u017eku p\u0159ed kontaminac\u00ed.<\/li><li><strong>Ochrana d\u00fdchac\u00edch cest<\/strong>: Respir\u00e1tor N95 nebo vy\u0161\u0161\u00ed - Filtruje \u010d\u00e1stice p\u0159en\u00e1\u0161en\u00e9 vzduchem.<\/li><\/ul><p><strong>D\u016fvod<\/strong>: Arzen m\u016f\u017ee zp\u016fsobit podr\u00e1\u017ed\u011bn\u00ed k\u016f\u017ee a d\u00fdchac\u00edch cest. Osobn\u00ed ochrann\u00e9 prost\u0159edky zabra\u0148uj\u00ed p\u0159\u00edm\u00e9mu kontaktu a vdechnut\u00ed.<\/p><h3 class=\"wp-block-heading\">2. <strong>Akonitin<\/strong><\/h3><ul class=\"wp-block-list\"><li><strong>Rukavice<\/strong>: Nitrilov\u00e9 rukavice - odoln\u00e9 v\u016f\u010di chemik\u00e1li\u00edm a zabra\u0148uj\u00ed absorpci k\u016f\u017e\u00ed.<\/li><li><strong>Ochrana o\u010d\u00ed<\/strong>: Ochrann\u00e9 br\u00fdle - chr\u00e1n\u00ed o\u010di p\u0159ed p\u0159\u00edpadn\u00fdm post\u0159\u00edk\u00e1n\u00edm.<\/li><li><strong>Ochrana obli\u010deje<\/strong>: Obli\u010dejov\u00fd \u0161t\u00edt - dodate\u010dn\u00e1 ochrana obli\u010deje proti st\u0159\u00edkaj\u00edc\u00ed vod\u011b.<\/li><li><strong>Oble\u010den\u00ed<\/strong>: Laboratorn\u00ed pl\u00e1\u0161\u0165 nebo jednor\u00e1zov\u00e1 kombin\u00e9za - chr\u00e1n\u00ed poko\u017eku p\u0159ed kontaminac\u00ed.<\/li><li><strong>Ochrana d\u00fdchac\u00edch cest<\/strong>: Respir\u00e1tor P100 - Poskytuje ochranu proti jemn\u00fdm \u010d\u00e1stic\u00edm.<\/li><\/ul><p><strong>D\u016fvod<\/strong>: <a href=\"https:\/\/poisonshops.com\/cs\/\">Akonitin<\/a> je vysoce toxick\u00fd a m\u016f\u017ee se vst\u0159eb\u00e1vat k\u016f\u017e\u00ed, co\u017e vy\u017eaduje komplexn\u00ed osobn\u00ed ochrann\u00e9 prost\u0159edky.<\/p><h3 class=\"wp-block-heading\">3. <strong>Batrachotoxin<\/strong><\/h3><ul class=\"wp-block-list\"><li><strong>Rukavice<\/strong>: Rukavice z butylov\u00e9 pry\u017ee - poskytuj\u00ed vynikaj\u00edc\u00ed ochranu proti vysoce toxick\u00fdm l\u00e1tk\u00e1m.<\/li><li><strong>Ochrana o\u010d\u00ed<\/strong>: Ochrann\u00e9 br\u00fdle - zabra\u0148uj\u00ed zasa\u017een\u00ed o\u010d\u00ed.<\/li><li><strong>Ochrana obli\u010deje<\/strong>: Celoobli\u010dejov\u00fd \u0161t\u00edt - nezbytn\u00fd p\u0159i manipulaci s vysoce toxick\u00fdmi materi\u00e1ly.<\/li><li><strong>Oble\u010den\u00ed<\/strong>: Celot\u011blov\u00fd protichemick\u00fd oblek - chr\u00e1n\u00ed p\u0159ed vystaven\u00edm poko\u017eky.<\/li><li><strong>Ochrana d\u00fdchac\u00edch cest<\/strong>: Respir\u00e1tor s dod\u00e1van\u00fdm vzduchem - zaji\u0161\u0165uje ochranu p\u0159ed vdechov\u00e1n\u00edm toxin\u016f p\u0159en\u00e1\u0161en\u00fdch vzduchem.<\/li><\/ul><p><strong>D\u016fvod<\/strong>: Batrachotoxin je extr\u00e9mn\u011b toxick\u00fd a vy\u017eaduje ochranu cel\u00e9ho t\u011bla, aby se zabr\u00e1nilo jak\u00e9mukoli zasa\u017een\u00ed.<\/p><h3 class=\"wp-block-heading\">4. <strong>Botulotoxin<\/strong><\/h3><ul class=\"wp-block-list\"><li><strong>Rukavice<\/strong>: Nitrilov\u00e9 rukavice - odoln\u00e9 v\u016f\u010di toxin\u016fm a chr\u00e1n\u00ed ruce.<\/li><li><strong>Ochrana o\u010d\u00ed<\/strong>: Ochrann\u00e9 br\u00fdle - zabra\u0148uj\u00ed kontaktu s o\u010dima.<\/li><li><strong>Ochrana obli\u010deje<\/strong>: Obli\u010dejov\u00fd \u0161t\u00edt - poskytuje dodate\u010dnou ochranu obli\u010deje<a href=\"https:\/\/duckduckgo.com\/\" target=\"_blank\" rel=\"noopener\">.<\/a><\/li><li><strong>Oble\u010den\u00ed<\/strong>: Laboratorn\u00ed pl\u00e1\u0161\u0165 nebo jednor\u00e1zov\u00e1 kombin\u00e9za - chr\u00e1n\u00ed p\u0159ed kontaminac\u00ed.<\/li><li><strong>Ochrana d\u00fdchac\u00edch cest<\/strong>: Respir\u00e1tor P100 nebo vy\u0161\u0161\u00ed - Filtruje \u010d\u00e1stice p\u0159en\u00e1\u0161en\u00e9 vzduchem.<\/li><\/ul><p><strong>D\u016fvod<\/strong>: Botulotoxin je vysoce toxick\u00fd, proto je d\u016fle\u017eit\u00e9 zabr\u00e1nit jak\u00e9koli form\u011b expozice.<\/p><h3 class=\"wp-block-heading\">5. <strong>Kyanid<\/strong><\/h3><ul class=\"wp-block-list\"><li><strong>Rukavice<\/strong>: Nitrilov\u00e9 nebo neoprenov\u00e9 rukavice - odoln\u00e9 v\u016f\u010di chemik\u00e1li\u00edm a chr\u00e1n\u00edc\u00ed poko\u017eku.<\/li><li><strong>Ochrana o\u010d\u00ed<\/strong>: Ochrann\u00e9 br\u00fdle - chr\u00e1n\u00ed p\u0159ed post\u0159\u00edk\u00e1n\u00edm.<\/li><li><strong>Ochrana obli\u010deje<\/strong>: Obli\u010dejov\u00fd \u0161t\u00edt - dodate\u010dn\u00e1 ochrana obli\u010deje.<\/li><li><strong>Oble\u010den\u00ed<\/strong>: Chemicky odoln\u00fd laboratorn\u00ed pl\u00e1\u0161\u0165 nebo kombin\u00e9za - zabra\u0148uje expozici poko\u017eky.<\/li><li><strong>Ochrana d\u00fdchac\u00edch cest<\/strong>: Celoobli\u010dejov\u00fd respir\u00e1tor s vhodn\u00fdmi filtry - chr\u00e1n\u00ed p\u0159ed vdechov\u00e1n\u00edm toxick\u00fdch v\u00fdpar\u016f.<\/li><\/ul><p><strong>D\u016fvod<\/strong>: Kyanid je prudk\u00fd jed a m\u016f\u017ee se vst\u0159ebat k\u016f\u017e\u00ed nebo vdechnout, co\u017e vy\u017eaduje komplexn\u00ed osobn\u00ed ochrann\u00e9 prost\u0159edky.<\/p><h3 class=\"wp-block-heading\">6. <strong>Dimethylrtu\u0165<\/strong><\/h3><ul class=\"wp-block-list\"><li><strong>Rukavice<\/strong>: Rukavice z butylov\u00e9 pry\u017ee - poskytuj\u00ed vysokou chemickou odolnost.<\/li><li><strong>Ochrana o\u010d\u00ed<\/strong>: Ochrann\u00e9 br\u00fdle - chr\u00e1n\u00ed o\u010di p\u0159ed expozic\u00ed.<\/li><li><strong>Ochrana obli\u010deje<\/strong>: Celoobli\u010dejov\u00fd \u0161t\u00edt - poskytuje kompletn\u00ed ochranu obli\u010deje.<\/li><li><strong>Oble\u010den\u00ed<\/strong>: Celot\u011blov\u00fd protichemick\u00fd oblek - zaji\u0161\u0165uje \u00faplnou ochranu p\u0159ed kontaminac\u00ed.<\/li><li><strong>Ochrana d\u00fdchac\u00edch cest<\/strong>: Respir\u00e1tor s p\u0159iv\u00e1d\u011bn\u00fdm vzduchem - nezbytn\u00fd vzhledem k jeho vysok\u00e9 toxicit\u011b a riziku v\u00fdpar\u016f.<\/li><\/ul><p><strong>D\u016fvod<\/strong>: Dimethylrtu\u0165 je extr\u00e9mn\u011b toxick\u00e1 a t\u011bkav\u00e1, tak\u017ee je nutn\u00e9 pou\u017e\u00edt osobn\u00ed ochrann\u00e9 prost\u0159edky vysok\u00e9 \u00farovn\u011b, aby se zabr\u00e1nilo jak\u00e9koli expozici.<\/p><p><img decoding=\"async\" class=\"wp-image-462 aligncenter\" src=\"https:\/\/poisonshops.com\/wp-content\/uploads\/2025\/11\/tttt-204x300.png\" alt=\"Pokyny pro osobn\u00ed ochrann\u00e9 prost\u0159edky pro bezpe\u010dnou manipulaci s toxick\u00fdmi l\u00e1tkami\" width=\"90\" height=\"133\" srcset=\"https:\/\/poisonshops.com\/wp-content\/uploads\/2025\/11\/tttt-204x300.png 204w, https:\/\/poisonshops.com\/wp-content\/uploads\/2025\/11\/tttt.png 218w\" sizes=\"(max-width: 90px) 100vw, 90px\" \/><\/p><h3 class=\"wp-block-heading\">7. <strong>Maitotoxin<\/strong><\/h3><ul class=\"wp-block-list\"><li><strong>Rukavice<\/strong>: Nitrilov\u00e9 rukavice - Chr\u00e1n\u00ed p\u0159ed kontaktem s poko\u017ekou.<\/li><li><strong>Ochrana o\u010d\u00ed<\/strong>: Ochrann\u00e9 br\u00fdle - zabra\u0148uj\u00ed zasa\u017een\u00ed o\u010d\u00ed.<\/li><li><strong>Ochrana obli\u010deje<\/strong>: Obli\u010dejov\u00fd \u0161t\u00edt - Poskytuje dodate\u010dnou ochranu obli\u010deje.<\/li><li><strong>Oble\u010den\u00ed<\/strong>: Laboratorn\u00ed pl\u00e1\u0161\u0165 nebo kombin\u00e9za - chr\u00e1n\u00ed od\u011bv a poko\u017eku.<\/li><li><strong>Ochrana d\u00fdchac\u00edch cest<\/strong>: Respir\u00e1tor N95 nebo vy\u0161\u0161\u00ed - Filtruje \u010d\u00e1stice p\u0159en\u00e1\u0161en\u00e9 vzduchem.<\/li><\/ul><p><strong>D\u016fvod<\/strong>: Maitotoxin je vysoce toxick\u00fd a vy\u017eaduje rukavice a ochrann\u00fd od\u011bv, aby se zabr\u00e1nilo kontaktu s n\u00edm.<\/p><h3 class=\"wp-block-heading\">8. <strong>Polonium-210<\/strong><\/h3><ul class=\"wp-block-list\"><li><strong>Rukavice<\/strong>: Rukavice s olov\u011bnou vlo\u017ekou - poskytuj\u00ed ochranu p\u0159ed z\u00e1\u0159en\u00edm.<\/li><li><strong>Ochrana o\u010d\u00ed<\/strong>: Ochrann\u00e9 br\u00fdle - chr\u00e1n\u00ed o\u010di p\u0159ed zne\u010di\u0161t\u011bn\u00edm.<\/li><li><strong>Ochrana obli\u010deje<\/strong>: Olov\u011bn\u00fd obli\u010dejov\u00fd \u0161t\u00edt - poskytuje dodate\u010dnou ochranu p\u0159ed z\u00e1\u0159en\u00edm.<\/li><li><strong>Oble\u010den\u00ed<\/strong>: Olov\u011bn\u00fd laboratorn\u00ed pl\u00e1\u0161\u0165 - chr\u00e1n\u00ed p\u0159ed z\u00e1\u0159en\u00edm.<\/li><li><strong>Ochrana d\u00fdchac\u00edch cest<\/strong>: Obvykle se nevy\u017eaduje, pokud manipulace nezahrnuje kontaminaci vzduchu.<\/li><\/ul><p><strong>D\u016fvod<\/strong>: Polonium-210 je radioaktivn\u00ed, proto jsou pro ochranu p\u0159ed z\u00e1\u0159en\u00edm nezbytn\u00e9 olov\u011bn\u00e9 osobn\u00ed ochrann\u00e9 prost\u0159edky.<\/p><h3 class=\"wp-block-heading\">9. <strong>Ricin<\/strong><\/h3><ul class=\"wp-block-list\"><li><strong>Rukavice<\/strong>: Nitrilov\u00e9 rukavice - zaji\u0161\u0165uj\u00ed chemickou odolnost a zabra\u0148uj\u00ed kontaktu s poko\u017ekou.<\/li><li><strong>Ochrana o\u010d\u00ed<\/strong>: Ochrann\u00e9 br\u00fdle - chr\u00e1n\u00ed o\u010di p\u0159ed expozic\u00ed.<\/li><li><strong>Ochrana obli\u010deje<\/strong>: Celoobli\u010dejov\u00fd \u0161t\u00edt - poskytuje dodate\u010dnou ochranu.<\/li><li><strong>Oble\u010den\u00ed<\/strong>: Laboratorn\u00ed pl\u00e1\u0161\u0165 nebo jednor\u00e1zov\u00e1 kombin\u00e9za - chr\u00e1n\u00ed poko\u017eku.<\/li><li><strong>Ochrana d\u00fdchac\u00edch cest<\/strong>: Respir\u00e1tor P100 - Filtruje pevn\u00e9 \u010d\u00e1stice a aerosoly.<\/li><\/ul><p><strong>D\u016fvod<\/strong>: Ricin je vysoce toxick\u00fd a m\u016f\u017ee b\u00fdt absorbov\u00e1n k\u016f\u017e\u00ed nebo vdechnut, co\u017e vy\u017eaduje komplexn\u00ed osobn\u00ed ochrann\u00e9 prost\u0159edky.<\/p><h3 class=\"wp-block-heading\">10. <strong>Sarin<\/strong><\/h3><ul class=\"wp-block-list\"><li><strong>Rukavice<\/strong>: Rukavice z butylov\u00e9 pry\u017ee - poskytuj\u00ed ochranu proti chemick\u00fdm l\u00e1tk\u00e1m.<\/li><li><strong>Ochrana o\u010d\u00ed<\/strong>: Ochrann\u00e9 br\u00fdle - chr\u00e1n\u00ed p\u0159ed post\u0159\u00edk\u00e1n\u00edm.<\/li><li><strong>Ochrana obli\u010deje<\/strong>: Celoobli\u010dejov\u00fd \u0161t\u00edt - nezbytn\u00fd p\u0159i manipulaci s nervov\u011b paralytick\u00fdmi l\u00e1tkami.<\/li><li><strong>Oble\u010den\u00ed<\/strong>: Celot\u011blov\u00fd protichemick\u00fd oblek - zaji\u0161\u0165uje ochranu p\u0159ed kontaminac\u00ed.<\/li><li><strong>Ochrana d\u00fdchac\u00edch cest<\/strong>: Respir\u00e1tor s dod\u00e1van\u00fdm vzduchem - nutn\u00fd pro ochranu p\u0159ed v\u00fdpary nervov\u011b paralytick\u00fdch l\u00e1tek.<\/li><\/ul><p><strong>D\u016fvod<\/strong>: Sarin je nervov\u011b paralytick\u00e1 l\u00e1tka, kter\u00e1 kv\u016fli sv\u00e9 vysok\u00e9 toxicit\u011b vy\u017eaduje celot\u011blovou ochranu.<\/p><h3 class=\"wp-block-heading\">11. <strong>Tetrodotoxin<\/strong><\/h3><ul class=\"wp-block-list\"><li><strong>Rukavice<\/strong>: Nitrilov\u00e9 rukavice - Poskytuj\u00ed ochranu proti toxick\u00fdm l\u00e1tk\u00e1m.<\/li><li><strong>Ochrana o\u010d\u00ed<\/strong>: Ochrann\u00e9 br\u00fdle - zabra\u0148uj\u00ed zasa\u017een\u00ed o\u010d\u00ed.<\/li><li><strong>Ochrana obli\u010deje<\/strong>: Obli\u010dejov\u00fd \u0161t\u00edt - poskytuje dodate\u010dnou ochranu.<\/li><li><strong>Oble\u010den\u00ed<\/strong>: Laboratorn\u00ed pl\u00e1\u0161\u0165 nebo jednor\u00e1zov\u00e1 kombin\u00e9za - chr\u00e1n\u00ed p\u0159ed kontaminac\u00ed.<\/li><li><strong>Ochrana d\u00fdchac\u00edch cest<\/strong>: Respir\u00e1tor N95 - Filtruje \u010d\u00e1stice p\u0159en\u00e1\u0161en\u00e9 vzduchem.<\/li><\/ul><p><strong>D\u016fvod<\/strong>: Tetrodotoxin je extr\u00e9mn\u011b toxick\u00fd, proto je nutn\u00e9 pou\u017e\u00edt v\u0161echny osobn\u00ed ochrann\u00e9 prost\u0159edky, aby se zabr\u00e1nilo expozici.<\/p><h3 class=\"wp-block-heading\">12. <strong>Nervov\u00fd agent VR<\/strong><\/h3><ul class=\"wp-block-list\"><li><strong>Rukavice<\/strong>: Rukavice z butylov\u00e9 pry\u017ee - vysoce odoln\u00e9 v\u016f\u010di nervov\u011b paralytick\u00fdm l\u00e1tk\u00e1m.<\/li><li><strong>Ochrana o\u010d\u00ed<\/strong>: Ochrann\u00e9 br\u00fdle - chr\u00e1n\u00ed o\u010di p\u0159ed expozic\u00ed.<\/li><li><strong>Ochrana obli\u010deje<\/strong>: Celoobli\u010dejov\u00fd \u0161t\u00edt - nezbytn\u00fd pro \u00faplnou ochranu.<\/li><li><strong>Oble\u010den\u00ed<\/strong>: Celot\u011blov\u00fd protichemick\u00fd oblek - chr\u00e1n\u00ed p\u0159ed kontaktem s nervov\u011b paralytickou l\u00e1tkou.<\/li><li><strong>Ochrana d\u00fdchac\u00edch cest<\/strong>: Respir\u00e1tor s dod\u00e1van\u00fdm vzduchem - Poskytuje \u010dist\u00fd vzduch a ochranu p\u0159ed vdechov\u00e1n\u00edm toxick\u00fdch v\u00fdpar\u016f.<\/li><\/ul><p><strong>D\u016fvod<\/strong>: Nervov\u011b paralytick\u00e9 l\u00e1tky jsou vysoce toxick\u00e9 a vy\u017eaduj\u00ed rozs\u00e1hl\u00e9 osobn\u00ed ochrann\u00e9 prost\u0159edky, aby se zabr\u00e1nilo expozici v\u0161emi mo\u017en\u00fdmi cestami.<\/p><p>U ka\u017ed\u00e9ho toxinu je z\u00e1sadn\u00ed dodr\u017eovat stanoven\u00e9 bezpe\u010dnostn\u00ed protokoly a zajistit, aby byly v\u0161echny osobn\u00ed ochrann\u00e9 prost\u0159edky \u0159\u00e1dn\u011b nasazeny, udr\u017eov\u00e1ny a pou\u017e\u00edv\u00e1ny v souladu s pokyny v\u00fdrobce a bezpe\u010dnostn\u00edmi pokyny.<\/p><p><img decoding=\"async\" class=\"wp-image-176 aligncenter\" src=\"https:\/\/poisonshops.com\/wp-content\/uploads\/2025\/11\/poison_shop_logo-300x171.png\" alt=\"Obchody s jedy\" width=\"122\" height=\"70\" srcset=\"https:\/\/poisonshops.com\/wp-content\/uploads\/2025\/11\/poison_shop_logo-300x171.png 300w, https:\/\/poisonshops.com\/wp-content\/uploads\/2025\/11\/poison_shop_logo.png 563w\" sizes=\"(max-width: 122px) 100vw, 122px\" \/><\/p><\/div><\/div><\/article><\/div>\t\t\t\t\t\t\t\t<\/div>\n\t\t\t\t<\/div>\n\t\t\t\t\t<\/div>\n\t\t\t\t<\/div>\n\t\t\t\t<\/div>","protected":false},"excerpt":{"rendered":"<p>Comprehensive PPE Guidelines for Safe Handling of Toxic Substances Here\u2019s a detailed recommendation of personal protective equipment (PPE) for handling each of the listed toxins, focusing on the most effective gear based on the specific hazards associated with each substance: 1. Arsenic Poison Gloves: Nitrile or latex gloves \u2013 Provide chemical resistance and prevent skin [&hellip;]<\/p>\n","protected":false},"author":1,"featured_media":0,"parent":0,"menu_order":0,"comment_status":"closed","ping_status":"closed","template":"","meta":{"footnotes":""},"class_list":["post-418","page","type-page","status-publish","hentry"],"_links":{"self":[{"href":"https:\/\/poisonshops.com\/cs\/wp-json\/wp\/v2\/pages\/418","targetHints":{"allow":["GET"]}}],"collection":[{"href":"https:\/\/poisonshops.com\/cs\/wp-json\/wp\/v2\/pages"}],"about":[{"href":"https:\/\/poisonshops.com\/cs\/wp-json\/wp\/v2\/types\/page"}],"author":[{"embeddable":true,"href":"https:\/\/poisonshops.com\/cs\/wp-json\/wp\/v2\/users\/1"}],"replies":[{"embeddable":true,"href":"https:\/\/poisonshops.com\/cs\/wp-json\/wp\/v2\/comments?post=418"}],"version-history":[{"count":7,"href":"https:\/\/poisonshops.com\/cs\/wp-json\/wp\/v2\/pages\/418\/revisions"}],"predecessor-version":[{"id":550,"href":"https:\/\/poisonshops.com\/cs\/wp-json\/wp\/v2\/pages\/418\/revisions\/550"}],"wp:attachment":[{"href":"https:\/\/poisonshops.com\/cs\/wp-json\/wp\/v2\/media?parent=418"}],"curies":[{"name":"wp","href":"https:\/\/api.w.org\/{rel}","templated":true}]}}