{"id":439,"date":"2025-11-20T12:15:58","date_gmt":"2025-11-20T12:15:58","guid":{"rendered":"https:\/\/poisonshops.com\/?page_id=439"},"modified":"2025-12-01T11:33:18","modified_gmt":"2025-12-01T11:33:18","slug":"koupit-jedy-online","status":"publish","type":"page","link":"https:\/\/poisonshops.com\/cs\/koupit-jedy-online\/","title":{"rendered":"Kontakt"},"content":{"rendered":"<div data-elementor-type=\"wp-page\" data-elementor-id=\"439\" class=\"elementor elementor-439\">\n\t\t\t\t<div class=\"elementor-element elementor-element-ac71f13 e-flex e-con-boxed e-con e-parent\" data-id=\"ac71f13\" data-element_type=\"container\" data-e-type=\"container\">\n\t\t\t\t\t<div class=\"e-con-inner\">\n\t\t\t\t<div class=\"elementor-element elementor-element-b8aef59 elementor-widget elementor-widget-text-editor\" data-id=\"b8aef59\" data-element_type=\"widget\" data-e-type=\"widget\" data-widget_type=\"text-editor.default\">\n\t\t\t\t<div class=\"elementor-widget-container\">\n\t\t\t\t\t\t\t\t\t<div id=\"primary\" class=\"content-area\"><main id=\"main\" class=\"site-main\"><\/main><article id=\"post-298\" class=\"post-298 page type-page status-publish\"><div class=\"inside-article\"><div class=\"entry-content\"><p class=\"has-text-align-left\">Koupit jedy online; Jsme zde, abychom v\u00e1m pomohli s jak\u00fdmikoli dotazy nebo obavami. Obra\u0165te se na n\u00e1s n\u00e1sleduj\u00edc\u00edmi zp\u016fsoby:<\/p><p><img fetchpriority=\"high\" decoding=\"async\" class=\"size-medium wp-image-502 alignleft\" src=\"https:\/\/poisonshops.com\/wp-content\/uploads\/2025\/11\/Bio-Weapons-240x300.png\" alt=\"Biologick\u00e9 zbran\u011b\" width=\"240\" height=\"300\" srcset=\"https:\/\/poisonshops.com\/wp-content\/uploads\/2025\/11\/Bio-Weapons-240x300.png 240w, https:\/\/poisonshops.com\/wp-content\/uploads\/2025\/11\/Bio-Weapons.png 265w\" sizes=\"(max-width: 240px) 100vw, 240px\" \/><\/p><div class=\"wp-block-columns is-layout-flex wp-container-core-columns-is-layout-9d6595d7 wp-block-columns-is-layout-flex\"><div class=\"wp-block-column is-layout-flow wp-block-column-is-layout-flow\"><div class=\"wp-block-image\">\u00a0<\/div><\/div><div class=\"wp-block-column is-layout-flow wp-block-column-is-layout-flow\"><p><mark class=\"has-inline-color\"><\/mark><span style=\"color: #000!important;\"><b>E-mail:<\/b><\/span><a class=\"info-box_link\" href=\"mailto:Ps35dk@proton.me\"><strong><span style=\"color: #ff0000;\">Ps35dk@proton.me<\/span><\/strong><\/a><\/p><\/div><\/div><p>N\u00e1\u0161 t\u00fdm je p\u0159ipraven v\u00e1m pomoci v p\u0159\u00edpad\u011b pot\u0159eby podpory t\u00fdkaj\u00edc\u00ed se objedn\u00e1vek, p\u0159epravy nebo informac\u00ed o produktech. D\u011bkujeme, \u017ee jste si vybrali Poison Shops. T\u011b\u0161\u00edme se, \u017ee se n\u00e1m ozvete!<\/p><\/div><\/div><\/article><\/div>\t\t\t\t\t\t\t\t<\/div>\n\t\t\t\t<\/div>\n\t\t\t\t\t<\/div>\n\t\t\t\t<\/div>\n\t\t<div class=\"elementor-element elementor-element-8502aa0 e-flex e-con-boxed e-con e-parent\" data-id=\"8502aa0\" data-element_type=\"container\" data-e-type=\"container\">\n\t\t\t\t\t<div class=\"e-con-inner\">\n\t\t\t\t<div class=\"elementor-element elementor-element-3d1bb0a elementor-widget elementor-widget-text-editor\" data-id=\"3d1bb0a\" data-element_type=\"widget\" data-e-type=\"widget\" data-widget_type=\"text-editor.default\">\n\t\t\t\t<div class=\"elementor-widget-container\">\n\t\t\t\t\t\t\t\t\t<h3>Koupit jedy online<\/h3><p>V\u00edtejte v <img decoding=\"async\" class=\"emoji\" role=\"img\" draggable=\"false\" src=\"https:\/\/s.w.org\/images\/core\/emoji\/16.0.1\/svg\/26a0.svg\" alt=\"\u26a0\ufe0f\" \/><a href=\"https:\/\/poisonshops.com\/cs\/\">Obchod s jedy<\/a>, kde se v\u011bda setk\u00e1v\u00e1 s p\u0159esnost\u00ed. Jsme p\u0159edn\u00edm sv\u011btov\u00fdm dodavatelem vysoce \u00fa\u010dinn\u00fdch jed\u016f a chemick\u00fdch l\u00e1tek pro v\u00fdzkum a osobn\u00ed pou\u017eit\u00ed, kter\u00fdm d\u016fv\u011b\u0159uj\u00ed jednotlivci.<a href=\"https:\/\/duckduckgo.com\/\" target=\"_blank\" rel=\"noopener\">,<\/a> laborato\u0159e a organizace. Nab\u00edz\u00edme nej\u0161ir\u0161\u00ed sortiment jed\u016f na trhu, od p\u0159\u00edrodn\u00edch toxin\u016f a\u017e po pr\u016fmyslov\u00e9 chemik\u00e1lie a nervov\u011b paralytick\u00e9 l\u00e1tky. Obchody s jedy.<\/p><p>Prozkoumejte na\u0161i \u0161irokou nab\u00eddku jed\u016f<br \/>Nab\u00edz\u00edme 40 nejsmrtonosn\u011bj\u0161\u00edch jed\u016f na sv\u011bt\u011b, kter\u00e9 jsou k dispozici v kapaln\u00e9, sprejov\u00e9 nebo pevn\u00e9 form\u011b a jsou navr\u017eeny p\u0159esn\u011b podle va\u0161ich po\u017eadavk\u016f. A\u0165 u\u017e pot\u0159ebujete rychle p\u016fsob\u00edc\u00ed neurotoxin, chemickou l\u00e1tku nebo p\u0159\u00edrodn\u00ed jed, spole\u010dnost Bio Weapons zaru\u010duje nejvy\u0161\u0161\u00ed \u010distotu pro va\u0161e kritick\u00e9 aplikace.<\/p><p><img decoding=\"async\" class=\"size-full wp-image-28 aligncenter\" src=\"https:\/\/poisonshops.com\/wp-content\/uploads\/2021\/12\/30-Day-Guarantee-1.png\" alt=\"Koupit jedy online\" width=\"300\" height=\"248\" \/><\/p><p>Portfolio produkt\u016f<br \/>P\u0159\u00edrodn\u00ed toxiny:<\/p><p>Botulotoxin - nejsiln\u011bj\u0161\u00ed paralytick\u00e1 l\u00e1tka.<br \/>Ricin a abrin - inhibitory synt\u00e9zy protein\u016f s rychl\u00fdm \u00fa\u010dinkem.<br \/>Tetrodotoxin a saxitoxin - mo\u0159sk\u00e9 toxiny ovliv\u0148uj\u00edc\u00ed neurologick\u00e9 dr\u00e1hy.<br \/>Batrachotoxin - z jedovat\u00fdch \u017eab, ide\u00e1ln\u00ed pro studium iontov\u00fdch kan\u00e1l\u016f.<br \/>Konotoxiny a ciguatoxin - jedy pro pokro\u010dil\u00fd neurotoxick\u00fd v\u00fdzkum.<br \/>Chemick\u00e9 jedy a nervov\u011b paralytick\u00e9 l\u00e1tky:<\/p><p>VX, Sarin, Tabun a Soman - vysoce \u00fa\u010dinn\u00e9 nervov\u011b paralytick\u00e9 l\u00e1tky pro v\u00fdzkum.<br \/>Kyanid sodn\u00fd a kyanovod\u00edk - okam\u017eit\u00e9 blok\u00e1tory bun\u011b\u010dn\u00e9ho d\u00fdch\u00e1n\u00ed.<br \/>Trioxid arsenu, polonium-210, thallium a rtu\u0165 - ide\u00e1ln\u00ed pro toxikologii.<br \/>Rostlinn\u00e9 jedy:<\/p><p>Atropin, akonitin, strychnin a digitalis - pro v\u00fdzkum srdce a nervov\u00e9ho syst\u00e9mu.<br \/>Kolchicin a oleandrin - z\u00e1sadn\u00ed pro v\u00fdzkum rakoviny.<br \/>Koniin a taxin - klasick\u00e9 jedy pro toxikologick\u00e9 aplikace.<br \/>Pr\u016fmyslov\u00e9 jedy:<\/p><p>Chlor, fosgen, oxid uhelnat\u00fd, dioxiny, olovo a kadmium - ide\u00e1ln\u00ed pro environment\u00e1ln\u00ed a chemick\u00e9 studie.<\/p><p>Zv\u00ed\u0159ec\u00ed jedy:<\/p><p>Jed kobry kr\u00e1lovsk\u00e9, mamby \u010dern\u00e9 a med\u00fazy krabicov\u00e9 - pro pokro\u010dil\u00e9 neurologick\u00e9 studie.<br \/>Jed kamen\u00e1\u010de - u\u017eite\u010dn\u00fd p\u0159i v\u00fdzkumu nekr\u00f3zy tk\u00e1n\u00ed.<\/p><h4>Pro\u010d obchody s jedy?<\/h4><p>Bezkonkuren\u010dn\u00ed kvalita: V\u0161echny produkty jsou opat\u0159eny certifik\u00e1tem o anal\u00fdze (COA), kter\u00fd zaru\u010duje \u00fa\u010dinnost a \u010distotu.<br \/>Komplexn\u00ed bezpe\u010dnost: Ke ka\u017ed\u00e9mu v\u00fdrobku je p\u0159ilo\u017een bezpe\u010dnostn\u00ed list (SDS) a doporu\u010den\u00ed pro osobn\u00ed ochrann\u00e9 prost\u0159edky.<\/p><p>V\u0161estrann\u00e9 mo\u017enosti tvaru: Pro snadn\u00e9 pou\u017eit\u00ed je k dispozici kapalina, sprej nebo pevn\u00e1 l\u00e1tka.<br \/>Glob\u00e1ln\u00ed doru\u010den\u00ed: Nab\u00edz\u00edme diskr\u00e9tn\u00ed mezin\u00e1rodn\u00ed dopravu.<\/p><p>Odborn\u00e9 poradenstv\u00ed: Na\u0161i odborn\u00edci poskytuj\u00ed pokyny k manipulaci, aby bylo zaji\u0161t\u011bno bezpe\u010dn\u00e9 a vyhovuj\u00edc\u00ed pou\u017e\u00edv\u00e1n\u00ed.<br \/>Objednejte si nyn\u00ed - v\u00fdkon, p\u0159esnost a \u00fa\u010dinnost na dosah ruky<br \/>Ve spole\u010dnosti Poison Shops si uv\u011bdomujeme, \u017ee p\u0159esnost a spolehlivost jsou neoddiskutovateln\u00e9.<\/p><p>A\u0165 u\u017e se v\u011bnujete pokro\u010dil\u00e9mu toxikologick\u00e9mu v\u00fdzkumu, pracujete na chemick\u00fdch projektech nebo m\u00e1te osobn\u00ed pot\u0159eby, jsme va\u0161\u00edm spolehliv\u00fdm partnerem.<\/p><p><img decoding=\"async\" class=\"wp-image-176 aligncenter\" src=\"https:\/\/poisonshops.com\/wp-content\/uploads\/2025\/11\/poison_shop_logo-300x171.png\" alt=\"Obchody s jedy\" width=\"114\" height=\"65\" srcset=\"https:\/\/poisonshops.com\/wp-content\/uploads\/2025\/11\/poison_shop_logo-300x171.png 300w, https:\/\/poisonshops.com\/wp-content\/uploads\/2025\/11\/poison_shop_logo.png 563w\" sizes=\"(max-width: 114px) 100vw, 114px\" \/><\/p><p>\u00a0<\/p><p>buy poison, best place to buy poison, poison for sale, buy toxic chemicals, shop poison online, buy botulinum toxin, botulinum toxin for sale, buy ricin, ricin for sale, buy abrin, abrin for sale, buy tetrodotoxin, tetrodotoxin for sale, buy saxitoxin, saxitoxin for sale, buy conotoxins, conotoxins for sale,<\/p><p>koupit batrachotoxin, batrachotoxin na prodej, koupit ciguatoxin, ciguatoxin na prodej, koupit maitotoxin, maitotoxin na prodej, koupit aflatoxiny, aflatoxiny na prodej, koupit VX, VX na prodej, koupit sarin, sarin na prodej, koupit tabun, tabun na prodej, koupit soman, soman na prodej, koupit kyanovod\u00edk, kyanovod\u00edk na prodej, koupit kyanid sodn\u00fd, kyanid sodn\u00fd na prodej, koupit arsen, arsen na prodej, koupit polonium-210, polonium-210 na prodej, koupit thallium, thallium na prodej, koupit rtu\u0165,<\/p><p>rtu\u0165 na prodej, koupit atropin, atropin na prodej, koupit akonitin, akonitin na prodej, koupit digitalis, digitalis na prodej, koupit strychnin, strychnin na prodej, koupit oleandrin, oleandrin na prodej, koupit kolchicin, kolchicin na prodej, koupit n\u00e1melov\u00e9 alkaloidy, n\u00e1melov\u00e9 alkaloidy na prodej, koupit koniin, koniin na prodej, koupit taxin, taxin na prodej,<\/p><p>koupit plynn\u00fd chlor, plynn\u00fd chlor na prodej, koupit fosgen, fosgen na prodej, koupit oxid uhelnat\u00fd, oxid uhelnat\u00fd na prodej, koupit dioxiny, dioxiny na prodej, koupit olovo, olovo na prodej, koupit kadmium, kadmium na prodej, koupit jed kobry, jed kobry na prodej, koupit jed \u010dern\u00e9 mamby, jed \u010dern\u00e9 mamby na prodej,<\/p><p>koupit jed med\u00fazy krabicov\u00e9, jed med\u00fazy krabicov\u00e9 na prodej, koupit jed kamen\u00e1\u010de, jed kamen\u00e1\u010de na prodej, koupit toxick\u00e9 plyny, toxick\u00e9 plyny na prodej, koupit chemick\u00e9 jedy, chemick\u00e9 jedy na prodej, koupit mo\u0159sk\u00e9 toxiny,<\/p><p>mo\u0159sk\u00e9 toxiny na prodej, koupit rostlinn\u00e9 jedy, rostlinn\u00e9 jedy na prodej, koupit nervov\u00e9 l\u00e1tky, nervov\u00e9 l\u00e1tky na prodej,<\/p><p>koupit t\u011b\u017ek\u00e9 kovy, t\u011b\u017ek\u00e9 kovy na prodej, obchod kyanid, nejlep\u0161\u00ed m\u00edsto pro n\u00e1kup kyanidu, koupit kyanid kapsle, koupit kyanid pr\u00e1\u0161ek, koupit kyanid kapalina, koupit v\u00fdzkumn\u00e9 chemik\u00e1lie, v\u00fdzkumn\u00e9 chemik\u00e1lie na prodej, kde koupit jed, koupit smrt\u00edc\u00ed toxiny, nejlep\u0161\u00ed m\u00edsto pro n\u00e1kup toxin\u016f, koupit zv\u00ed\u0159ec\u00ed jed, zv\u00ed\u0159ec\u00ed jed na prodej, obchod ricin online, koupit \u010dist\u00fd botulinum, koupit kyanid s COA, koupit toxiny pro laboratorn\u00ed pou\u017eit\u00ed,<\/p><p>buy arsenic trioxide, buy toxins discreet shipping, buy conotoxins spray, buy aconitine liquid, buy ricin powder, buy industrial chemicals, industrial chemicals for sale, buy digitalis tablets, buy strychnine capsules, buy nerve agents online, VX gas for sale, buy polonium discreetly,<\/p><p>shop chemick\u00e9 toxiny, koupit olovo v pr\u00e1\u0161ku, koupit thallium v kapaln\u00e9m stavu, koupit toxiny pro \u017eivotn\u00ed prost\u0159ed\u00ed, koupit sadu jed\u016f, koupit toxiny s SDS, kde koupit toxick\u00e9 l\u00e1tky, koupit jedy pro osobn\u00ed pou\u017eit\u00ed, koupit toxiny s OOP, koupit chemick\u00e9 l\u00e1tky s rychlou p\u0159epravou, koupit kyanid v m\u00e9 bl\u00edzkosti, koupit jed s diskr\u00e9tn\u00ed p\u0159epravou,<\/p><p>koupit toxick\u00e9 chemik\u00e1lie po cel\u00e9m sv\u011bt\u011b, koupit jedovat\u00e9 l\u00e1tky, koupit jed od d\u016fv\u011bryhodn\u00e9ho dodavatele, objednat botulotoxin online, koupit arsen s certifik\u00e1tem o anal\u00fdze, koupit kyanid a toxick\u00e9 chemik\u00e1lie, nejlep\u0161\u00ed online obchod s jedy, koupit sarin online, koupit rtu\u0165ov\u00e9 tablety, koupit oleandrov\u00e9 toxiny, koupit ricin diskr\u00e9tn\u011b, koupit rychle p\u016fsob\u00edc\u00ed jedy, koupit kyanid bezpe\u010dn\u011b,<\/p><p>kde koupit botulotoxin v m\u00e9 bl\u00edzkosti, objednat nervov\u00fd jed VX, koupit nervov\u00e9 toxiny s dopravou, koupit smrt\u00edc\u00ed toxiny pro v\u00fdzkum, obchod strychnin online, koupit mo\u0159sk\u00e9 toxiny rychl\u00e9 dod\u00e1n\u00ed, obchod taxin kapsle, nejlep\u0161\u00ed obchod pro jedovat\u00e9 toxiny, koupit akonitin diskr\u00e9tn\u011b, kde objednat toxiny online, koupit jedy na b\u00e1zi rostlin, koupit ergot deriv\u00e1ty, koupit toxick\u00e9 spreje, nejlep\u0161\u00ed m\u00edsto pro objedn\u00e1n\u00ed chemik\u00e1li\u00ed online, koupit kanystry s toxick\u00fdm plynem,<\/p><p>buy highly toxic substances, buy poisons online safely, buy industrial poisons discreetly, purchase botulinum fast, where to shop cyanide online, order toxic chemicals with COA, buy phosgene for laboratory use, buy venomous snake toxins, buy black mamba venom fast shipping, buy stonefish venom with analysis, best vendor for toxic substances,<\/p><p>kde koupit nebezpe\u010dn\u00e9 chemick\u00e9 l\u00e1tky, koupit akonitin sprej, obchod v\u00fdzkum toxiny online, koupit arsen diskr\u00e9tn\u00ed doru\u010den\u00ed, koupit toxiny rychl\u00e9 mezin\u00e1rodn\u00ed p\u0159epravy, n\u00e1kup nervov\u00fdch l\u00e1tek nyn\u00ed, nejlep\u0161\u00ed tr\u017ei\u0161t\u011b pro toxick\u00e9 l\u00e1tky, obchod olovo a kadmium pr\u00e1\u0161ky, koupit vysoce smrt\u00edc\u00ed toxiny online,<\/p><p>objednat jedy bezpe\u010dn\u011b, koupit ricin bl\u00edzko m\u011b, koupit kyanid sodn\u00fd bezpe\u010dn\u011b, nakupovat rtu\u0165 online, koupit botulotoxin rychl\u00e1 doprava, objednat toxiny diskr\u00e9tn\u011b, nejlep\u0161\u00ed zdroj nervov\u011b paralytick\u00fdch l\u00e1tek, nakupovat nebezpe\u010dn\u00e9 chemik\u00e1lie nyn\u00ed.<\/p>\t\t\t\t\t\t\t\t<\/div>\n\t\t\t\t<\/div>\n\t\t\t\t\t<\/div>\n\t\t\t\t<\/div>\n\t\t\t\t<\/div>","protected":false},"excerpt":{"rendered":"<p>Buy Poisons online; We\u2019re here to assist you with any inquiries or concerns. Please reach out to us through the following methods: \u00a0 Email:Ps35dk@proton.me For support related to orders, shipping, or product information, our team is ready to help. Thank you for choosing Poison Shops. We look forward to hearing from you! Buy Poisons online [&hellip;]<\/p>\n","protected":false},"author":1,"featured_media":0,"parent":0,"menu_order":0,"comment_status":"closed","ping_status":"closed","template":"","meta":{"footnotes":""},"class_list":["post-439","page","type-page","status-publish","hentry"],"_links":{"self":[{"href":"https:\/\/poisonshops.com\/cs\/wp-json\/wp\/v2\/pages\/439","targetHints":{"allow":["GET"]}}],"collection":[{"href":"https:\/\/poisonshops.com\/cs\/wp-json\/wp\/v2\/pages"}],"about":[{"href":"https:\/\/poisonshops.com\/cs\/wp-json\/wp\/v2\/types\/page"}],"author":[{"embeddable":true,"href":"https:\/\/poisonshops.com\/cs\/wp-json\/wp\/v2\/users\/1"}],"replies":[{"embeddable":true,"href":"https:\/\/poisonshops.com\/cs\/wp-json\/wp\/v2\/comments?post=439"}],"version-history":[{"count":19,"href":"https:\/\/poisonshops.com\/cs\/wp-json\/wp\/v2\/pages\/439\/revisions"}],"predecessor-version":[{"id":539,"href":"https:\/\/poisonshops.com\/cs\/wp-json\/wp\/v2\/pages\/439\/revisions\/539"}],"wp:attachment":[{"href":"https:\/\/poisonshops.com\/cs\/wp-json\/wp\/v2\/media?parent=439"}],"curies":[{"name":"wp","href":"https:\/\/api.w.org\/{rel}","templated":true}]}}