{"id":101,"date":"2017-12-19T14:41:04","date_gmt":"2017-12-19T14:41:04","guid":{"rendered":"https:\/\/wordpress.gradientthemes.com\/brand-shop\/product\/black-hoodie\/"},"modified":"2025-12-05T13:14:19","modified_gmt":"2025-12-05T13:14:19","slug":"sodik-seconal-na-prodej","status":"publish","type":"product","link":"https:\/\/poisonshops.com\/cs\/produkt\/sodik-seconal-na-prodej\/","title":{"rendered":"Sekonal sodn\u00fd"},"content":{"rendered":"<h2>Koupit Sodium Seconal online<\/h2>\n<p><strong>Pozn\u00e1mka<\/strong>: Seconal sodn\u00fd (secobarbital sodn\u00fd) je siln\u00fd barbitur\u00e1t, kter\u00fd vy\u017eaduje p\u0159\u00edsn\u00fd l\u00e9ka\u0159sk\u00fd dohled a m\u011bl by b\u00fdt pou\u017e\u00edv\u00e1n pouze pod dohledem kvalifikovan\u00e9ho l\u00e9ka\u0159e. Zneu\u017eit\u00ed p\u0159\u00edpravku Sodium Seconal m\u016f\u017ee b\u00fdt nebezpe\u010dn\u00e9 a m\u016f\u017ee v\u00e9st k v\u00e1\u017en\u00fdm zdravotn\u00edm rizik\u016fm, v\u010detn\u011b p\u0159ed\u00e1vkov\u00e1n\u00ed a smrti. Prodej p\u0159\u00edpravku Sodium Seconal.<\/p>\n<p>V\u00edtejte na str\u00e1nk\u00e1ch Bio Weapons , va\u0161eho d\u016fv\u011bryhodn\u00e9ho dodavatele vysoce kvalitn\u00edho p\u0159\u00edpravku Sodium Seconal pro schv\u00e1len\u00e9 osoby s platn\u00fdmi p\u0159edpisy. Na\u0161\u00ed prioritou je bezpe\u010dnost, kvalita a spokojenost z\u00e1kazn\u00edk\u016f, \u010d\u00edm\u017e zaji\u0161\u0165ujeme spolehliv\u00fd p\u0159\u00edstup k z\u00e1kladn\u00edm l\u00e9k\u016fm. Nejlep\u0161\u00ed m\u00edsto pro n\u00e1kup p\u0159\u00edpravku Sodium Seconal online.<\/p>\n<h4><strong>Co je Sodium Seconal?<\/strong><\/h4>\n<p>Seconal sodn\u00fd neboli sekobarbital sodn\u00fd je barbitur\u00e1tov\u00fd l\u00e9k zn\u00e1m\u00fd sv\u00fdmi sedativn\u00edmi a hypnotick\u00fdmi \u00fa\u010dinky. P\u016fsob\u00ed na centr\u00e1ln\u00ed nervov\u00fd syst\u00e9m a navozuje sp\u00e1nek a relaxaci. P\u0159\u00edpravek Sodium Seconal je p\u0159edepisov\u00e1n ke kr\u00e1tkodob\u00e9 l\u00e9\u010db\u011b nespavosti, p\u0159edopera\u010dn\u00ed sedaci a kontrole z\u00e1chvat\u016f. V n\u011bkter\u00fdch jurisdikc\u00edch se tak\u00e9 pou\u017e\u00edv\u00e1 k l\u00e9ka\u0159sk\u00e9 eutanazii podle p\u0159\u00edsn\u00fdch z\u00e1konn\u00fdch pravidel.<\/p>\n<h4><strong>Pou\u017eit\u00ed p\u0159\u00edpravku Sodium Seconal<\/strong><\/h4>\n<p>Sekonal sodn\u00fd se v l\u00e9ka\u0159stv\u00ed pou\u017e\u00edv\u00e1 k:<\/p>\n<ol>\n<li><strong>L\u00e9\u010dba nespavosti<\/strong>: Sekonal sodn\u00fd je \u00fa\u010dinn\u00fd p\u0159i l\u00e9\u010db\u011b t\u011b\u017ek\u00e9 nespavosti t\u00edm, \u017ee podporuje n\u00e1stup sp\u00e1nku a zlep\u0161uje jeho kvalitu.<\/li>\n<li><strong>P\u0159edopera\u010dn\u00ed sedace<\/strong>: P\u0159ed chirurgick\u00fdmi z\u00e1kroky se k uklidn\u011bn\u00ed a uvoln\u011bn\u00ed pacient\u016f pou\u017e\u00edv\u00e1 p\u0159\u00edpravek Sodium Seconal.<\/li>\n<li><strong>\u0158\u00edzen\u00ed z\u00e1chvat\u016f<\/strong>: Sekonal sodn\u00fd lze pou\u017e\u00edt p\u0159i l\u00e9\u010db\u011b n\u011bkter\u00fdch typ\u016f z\u00e1chvat\u016f, zejm\u00e9na pokud jsou jin\u00e9 l\u00e9ky ne\u00fa\u010dinn\u00e9.<\/li>\n<li><strong>L\u00e9ka\u0159sk\u00e1 eutanazie<\/strong>: V jurisdikc\u00edch, kde je to z\u00e1konem povoleno, se seconal sodn\u00fd pou\u017e\u00edv\u00e1 k hum\u00e1nn\u00ed eutanazii podle p\u0159\u00edsn\u00fdch l\u00e9ka\u0159sk\u00fdch a pr\u00e1vn\u00edch protokol\u016f.<\/li>\n<\/ol>\n<h4><strong>Kvalita a bezpe\u010dnost<\/strong><\/h4>\n<p>Ve spole\u010dnosti Bio Weapons zaji\u0161\u0165ujeme nejvy\u0161\u0161\u00ed standardy kvality a bezpe\u010dnosti na\u0161ich produkt\u016f Sodium Seconal. Poch\u00e1z\u00ed od renomovan\u00fdch v\u00fdrobc\u016f a ka\u017ed\u00e1 \u0161ar\u017ee proch\u00e1z\u00ed p\u0159\u00edsn\u00fdm testov\u00e1n\u00edm, aby spl\u0148ovala p\u0159\u00edsn\u00e9 regula\u010dn\u00ed po\u017eadavky. N\u00e1\u0161 z\u00e1vazek k dokonalosti zaru\u010duje, \u017ee obdr\u017e\u00edte bezpe\u010dn\u00fd, \u00fa\u010dinn\u00fd a spolehliv\u00fd v\u00fdrobek.<\/p>\n<h4><strong>D\u00e1vkov\u00e1n\u00ed a pod\u00e1v\u00e1n\u00ed<\/strong><\/h4>\n<p>P\u0159\u00edpravek Sodium Seconal by m\u011bl b\u00fdt pou\u017e\u00edv\u00e1n pouze podle pokyn\u016f zdravotnick\u00e9ho pracovn\u00edka. D\u00e1vkov\u00e1n\u00ed a zp\u016fsob pod\u00e1v\u00e1n\u00ed se li\u0161\u00ed v z\u00e1vislosti na zdravotn\u00edm stavu, reakci pacienta a pr\u00e1vn\u00edch p\u0159edpisech. Je nezbytn\u00e9 pe\u010dliv\u011b dodr\u017eovat l\u00e9ka\u0159sk\u00e9 doporu\u010den\u00ed, aby se minimalizovala rizika a maximalizoval terapeutick\u00fd p\u0159\u00ednos.<\/p>\n<p><strong>P\u0159\u00edprava a skladov\u00e1n\u00ed<\/strong>:<\/p>\n<ul>\n<li><strong>P\u0159\u00edprava<\/strong>: Sekonal sodn\u00fd je obvykle k dispozici ve form\u011b peror\u00e1ln\u00edch tobolek nebo tekutiny pro peror\u00e1ln\u00ed pod\u00e1n\u00ed. S\u00edla d\u00e1vkov\u00e1n\u00ed a slo\u017een\u00ed z\u00e1vis\u00ed na l\u00e9ka\u0159sk\u00e9 pot\u0159eb\u011b.<\/li>\n<li><strong>\u00dalo\u017ei\u0161t\u011b<\/strong>: Skladujte p\u0159\u00edpravek Sodium Seconal na bezpe\u010dn\u00e9m m\u00edst\u011b, mimo dosah d\u011bt\u00ed a dom\u00e1c\u00edch zv\u00ed\u0159at, p\u0159i pokojov\u00e9 teplot\u011b a chra\u0148te p\u0159ed sv\u011btlem a vlhkost\u00ed.<\/li>\n<\/ul>\n<h4><strong>Ne\u017e\u00e1douc\u00ed \u00fa\u010dinky a bezpe\u010dnostn\u00ed opat\u0159en\u00ed<\/strong><\/h4>\n<p>Podobn\u011b jako v\u0161echny l\u00e9ky, m\u016f\u017ee m\u00edt i p\u0159\u00edpravek Sodium Seconal ne\u017e\u00e1douc\u00ed \u00fa\u010dinky. Mezi \u010dast\u00e9 ne\u017e\u00e1douc\u00ed \u00fa\u010dinky pat\u0159\u00ed ospalost, z\u00e1vrat\u011b, bolest hlavy a nevolnost. Z\u00e1va\u017en\u00e9 ne\u017e\u00e1douc\u00ed \u00fa\u010dinky, jako je \u00fatlum d\u00fdch\u00e1n\u00ed nebo alergick\u00e9 reakce, jsou vz\u00e1cn\u00e9, ale v p\u0159\u00edpad\u011b jejich v\u00fdskytu vy\u017eaduj\u00ed okam\u017eitou l\u00e9ka\u0159skou pomoc.<\/p>\n<p><strong>Bezpe\u010dnostn\u00ed opat\u0159en\u00ed<\/strong>:<\/p>\n<ul>\n<li><strong>L\u00e9ka\u0159sk\u00e1 anamn\u00e9za<\/strong>: Informujte poskytovatele zdravotn\u00ed p\u00e9\u010de o sv\u00e9 kompletn\u00ed anamn\u00e9ze, zejm\u00e9na o onemocn\u011bn\u00ed jater, ledvin, d\u00fdchac\u00edch cest a poruch\u00e1ch u\u017e\u00edv\u00e1n\u00ed n\u00e1vykov\u00fdch l\u00e1tek.<\/li>\n<li><strong>L\u00e9kov\u00e9 interakce<\/strong>: Sekonal sodn\u00fd m\u016f\u017ee interagovat s jin\u00fdmi l\u00e9ky, v\u010detn\u011b alkoholu, sedativ a antidepresiv. P\u0159ed pou\u017eit\u00edm se o mo\u017en\u00fdch interakc\u00edch pora\u010fte se sv\u00fdm l\u00e9ka\u0159em.<\/li>\n<li><strong>T\u011bhotenstv\u00ed a kojen\u00ed<\/strong>: Sekonal sodn\u00fd by se m\u011bl pou\u017e\u00edvat opatrn\u011b b\u011bhem t\u011bhotenstv\u00ed a kojen\u00ed. O bezpe\u010dn\u00e9m u\u017e\u00edv\u00e1n\u00ed se pora\u010fte se sv\u00fdm l\u00e9ka\u0159em.<\/li>\n<\/ul>\n<p><img decoding=\"async\" class=\"wp-image-463 aligncenter\" src=\"https:\/\/poisonshops.com\/wp-content\/uploads\/2025\/11\/tttt-1-204x300.png\" alt=\"Obchod s jedy\" width=\"63\" height=\"93\" srcset=\"https:\/\/poisonshops.com\/wp-content\/uploads\/2025\/11\/tttt-1-204x300.png 204w, https:\/\/poisonshops.com\/wp-content\/uploads\/2025\/11\/tttt-1.png 218w\" sizes=\"(max-width: 63px) 100vw, 63px\" \/><\/p>\n<h4><strong>Pro\u010d si vybrat biologick\u00e9 zbran\u011b ?<\/strong><\/h4>\n<ol>\n<li><strong>Zaji\u0161t\u011bn\u00ed kvality<\/strong>: Dodr\u017eujeme p\u0159\u00edsn\u00e1 opat\u0159en\u00ed pro kontrolu kvality, abychom zajistili, \u017ee na\u0161e sodn\u00e1 s\u016fl seconalu spl\u0148uje z\u00e1konn\u00e9 normy.<\/li>\n<li><strong>Autorizovan\u00fd dodavatel<\/strong>: Bio Weapons je d\u016fv\u011bryhodn\u00fd a autorizovan\u00fd dodavatel, kter\u00fd poskytuje origin\u00e1ln\u00ed Sodium Seconal schv\u00e1len\u00fdm osob\u00e1m s platn\u00fdmi p\u0159edpisy.<\/li>\n<li><strong>Zabezpe\u010den\u00e9 transakce<\/strong>: Na\u0161e online platforma zaji\u0161\u0165uje bezpe\u010dn\u00e9 transakce a chr\u00e1n\u00ed va\u0161e osobn\u00ed a finan\u010dn\u00ed \u00fadaje.<\/li>\n<li><strong>Z\u00e1kaznick\u00e1 podpora<\/strong>: N\u00e1\u0161 specializovan\u00fd t\u00fdm z\u00e1kaznick\u00e9 podpory je k dispozici pro rychl\u00e9 a profesion\u00e1ln\u00ed \u0159e\u0161en\u00ed va\u0161ich dotaz\u016f a obav.<\/li>\n<li><strong>V\u010dasn\u00e9 dod\u00e1n\u00ed<\/strong>: Up\u0159ednost\u0148ujeme efektivn\u00ed p\u0159epravu, abychom zajistili, \u017ee se k v\u00e1m Seconal sodn\u00fd dostane rychle a diskr\u00e9tn\u011b.<\/li>\n<\/ol>\n<h4><strong>Z\u00e1v\u011br<\/strong><\/h4>\n<p>Spole\u010dnost Bio Weapons se zav\u00e1zala poskytovat bezpe\u010dn\u00fd, \u00fa\u010dinn\u00fd a spolehliv\u00fd p\u0159\u00edpravek Sodium Seconal schv\u00e1len\u00fdm osob\u00e1m s platn\u00fdmi p\u0159edpisy. Sv\u011b\u0159te n\u00e1m sv\u00e9 l\u00e9ka\u0159sk\u00e9 pot\u0159eby a za\u017eijte \u0161pi\u010dkovou kvalitu a slu\u017eby.<\/p>\n<p><strong>Objednejte si sv\u016fj Sodium Seconal je\u0161t\u011b dnes<\/strong> a vyu\u017eijte na\u0161eho z\u00e1vazku k dokonal\u00e9 farmaceutick\u00e9 p\u00e9\u010di.<\/p>\n<p>Kupte si vysoce kvalitn\u00ed sod\u00edk Seconal u spole\u010dnosti Bio Weapons . Schv\u00e1len\u00e9 osoby pouze na l\u00e9ka\u0159sk\u00fd p\u0159edpis. Bezpe\u010dn\u00fd n\u00e1kup, rychl\u00e9 dod\u00e1n\u00ed a zaru\u010den\u00e1 spokojenost z\u00e1kazn\u00edka.<\/p>\n<h4><img decoding=\"async\" class=\"wp-image-502 aligncenter\" src=\"https:\/\/poisonshops.com\/wp-content\/uploads\/2025\/11\/Bio-Weapons-240x300.png\" alt=\"Biologick\u00e9 zbran\u011b\" width=\"82\" height=\"103\" srcset=\"https:\/\/poisonshops.com\/wp-content\/uploads\/2025\/11\/Bio-Weapons-240x300.png 240w, https:\/\/poisonshops.com\/wp-content\/uploads\/2025\/11\/Bio-Weapons.png 265w\" sizes=\"(max-width: 82px) 100vw, 82px\" \/><\/h4>\n<ol>\n<li>Koupit Sodium Seconal online<\/li>\n<li>Vysoce kvalitn\u00ed sekalon sodn\u00fd pro l\u00e9ka\u0159sk\u00e9 pou\u017eit\u00ed<\/li>\n<li>N\u00e1kup Sodium Seconal bezpe\u010dn\u011b<\/li>\n<li>D\u016fv\u011bryhodn\u00fd zdroj pro Sodium Seconal Capsules<\/li>\n<li>Objednat Sodium Seconal bezpe\u010dn\u011b<\/li>\n<li>Rychl\u00e9 dod\u00e1n\u00ed p\u0159\u00edpravku Sodium Seconal<\/li>\n<li>Spolehliv\u00fd dodavatel sod\u00edku Seconal<\/li>\n<li>Autentick\u00fd Sodium Seconal na prodej<\/li>\n<li>Koupit Sodium Seconal od autorizovan\u00fdch prodejc\u016f<\/li>\n<li>Nejlep\u0161\u00ed m\u00edsto pro n\u00e1kup Sodium Seconal online<\/li>\n<\/ol>\n<h4><\/h4>\n<p>Sodium Seconal, Koupit Sodium Seconal, N\u00e1kup Sodium Seconal, Sodium Seconal na prodej, Vysoce kvalitn\u00ed Sodium Seconal, Bezpe\u010dn\u00fd n\u00e1kup Sodium Seconal, Sodium Seconal pro l\u00e9ka\u0159sk\u00e9 pou\u017eit\u00ed, Spolehliv\u00fd zdroj Sodium Seconal, Koupit Sodium Seconal leg\u00e1ln\u011b, Sodium Seconal na p\u0159edpis, Sodium Seconal na nespavost, Objednat Sodium Seconal, Origin\u00e1ln\u00ed Sodium Seconal, Dod\u00e1n\u00ed Sodium Seconal, D\u016fv\u011bryhodn\u00fd prodejce Sodium Seconal, Koupit Sodium Seconal bezpe\u010dn\u011b, Autentick\u00fd Sodium Seconal, Dodavatel Sodium Seconal, Sodium Seconal v USA, Dostupnost Sodium Seconal, Rychl\u00e9 dod\u00e1n\u00ed Sodium Seconal, Kvalitn\u00ed Sodium Seconal, Sodium Seconal l\u00e9k\u00e1rna<\/p>\n<h4>Sodium Seconal na prodej<\/h4>\n<p><img decoding=\"async\" class=\"wp-image-176 aligncenter\" src=\"https:\/\/poisonshops.com\/wp-content\/uploads\/2025\/11\/poison_shop_logo-300x171.png\" alt=\"Obchody s jedy\" width=\"140\" height=\"80\" srcset=\"https:\/\/poisonshops.com\/wp-content\/uploads\/2025\/11\/poison_shop_logo-300x171.png 300w, https:\/\/poisonshops.com\/wp-content\/uploads\/2025\/11\/poison_shop_logo.png 563w\" sizes=\"(max-width: 140px) 100vw, 140px\" \/><\/p>","protected":false},"excerpt":{"rendered":"<p>Buy Sodium Seconal Online Note: Sodium Seconal (Secobarbital Sodium) is a potent barbiturate that requires strict medical supervision and should only be used under the guidance of a qualified healthcare provider. Misuse of Sodium Seconal can be hazardous and may lead to severe health risks, including overdose and death. Sodium Seconal For Sale. Welcome to [&hellip;]<\/p>\n","protected":false},"featured_media":264,"comment_status":"open","ping_status":"closed","template":"","meta":[],"product_brand":[],"product_cat":[18],"product_tag":[],"class_list":{"0":"post-101","1":"product","2":"type-product","3":"status-publish","4":"has-post-thumbnail","6":"product_cat-buy-nembutal-pentobarbital","8":"first","9":"instock","10":"shipping-taxable","11":"purchasable","12":"product-type-variable"},"_links":{"self":[{"href":"https:\/\/poisonshops.com\/cs\/wp-json\/wp\/v2\/product\/101","targetHints":{"allow":["GET"]}}],"collection":[{"href":"https:\/\/poisonshops.com\/cs\/wp-json\/wp\/v2\/product"}],"about":[{"href":"https:\/\/poisonshops.com\/cs\/wp-json\/wp\/v2\/types\/product"}],"replies":[{"embeddable":true,"href":"https:\/\/poisonshops.com\/cs\/wp-json\/wp\/v2\/comments?post=101"}],"wp:featuredmedia":[{"embeddable":true,"href":"https:\/\/poisonshops.com\/cs\/wp-json\/wp\/v2\/media\/264"}],"wp:attachment":[{"href":"https:\/\/poisonshops.com\/cs\/wp-json\/wp\/v2\/media?parent=101"}],"wp:term":[{"taxonomy":"product_brand","embeddable":true,"href":"https:\/\/poisonshops.com\/cs\/wp-json\/wp\/v2\/product_brand?post=101"},{"taxonomy":"product_cat","embeddable":true,"href":"https:\/\/poisonshops.com\/cs\/wp-json\/wp\/v2\/product_cat?post=101"},{"taxonomy":"product_tag","embeddable":true,"href":"https:\/\/poisonshops.com\/cs\/wp-json\/wp\/v2\/product_tag?post=101"}],"curies":[{"name":"wp","href":"https:\/\/api.w.org\/{rel}","templated":true}]}}