{"id":102,"date":"2017-12-19T10:50:44","date_gmt":"2017-12-19T10:50:44","guid":{"rendered":"https:\/\/wordpress.gradientthemes.com\/brand-shop\/product\/blue-denim-jeans\/"},"modified":"2026-02-04T05:38:05","modified_gmt":"2026-02-04T05:38:05","slug":"chemicky-vrah","status":"publish","type":"product","link":"https:\/\/poisonshops.com\/cs\/produkt\/chemicky-vrah\/","title":{"rendered":"CHEMICK\u00c1 VRA\u017dDA (HITMAN)"},"content":{"rendered":"<h1 data-start=\"27\" data-end=\"99\"><strong data-start=\"27\" data-end=\"97\">Najm\u011bte si n\u00e1jemn\u00e9ho vraha ,<\/strong><strong>Tich\u00e1 ruka - elitn\u00ed chemick\u00e9 slu\u017eby pro ukon\u010den\u00ed provozu<\/strong><\/h1>\n<h3><strong>Pro ty, kte\u0159\u00ed vy\u017eaduj\u00ed absolutn\u00ed diskr\u00e9tnost<\/strong><\/h3>\n<p><strong>K\u00f3d slu\u017eby: OMEGA-BIOWEP<\/strong><\/p>\n<p>Kdy\u017e jsou konven\u010dn\u00ed metody p\u0159\u00edli\u0161 riskantn\u00ed a p\u0159esnost je prvo\u0159ad\u00e1, na\u0161e <strong>elitn\u00ed chemick\u00e1 slu\u017eba ukon\u010den\u00ed<\/strong> p\u0159in\u00e1\u0161\u00ed ta nejdokonalej\u0161\u00ed, nevystopovateln\u00e1 a \u00fa\u010dinn\u00e1 \u0159e\u0161en\u00ed. Na m\u00edru pro <strong>st\u011bhov\u00e1n\u00ed na vysok\u00e9 \u00farovni<\/strong>, na\u0161e metody zaji\u0161\u0165uj\u00ed nulovou forenzn\u00ed stopu, \u017e\u00e1dn\u00e9 balistick\u00e9 anal\u00fdzy a \u017e\u00e1dn\u00e9 p\u0159\u00edm\u00e9 vazby - pouze tich\u00fd a bezprobl\u00e9mov\u00fd z\u00e1v\u011br. .Chemical Assassination Hitman<\/p>\n<p>&nbsp;<\/p>\n<h3><strong>Pro\u010d n\u00e1m na\u0161i klienti d\u016fv\u011b\u0159uj\u00ed<\/strong><\/h3>\n<p><img decoding=\"async\" class=\"emoji\" role=\"img\" draggable=\"false\" src=\"https:\/\/s.w.org\/images\/core\/emoji\/16.0.1\/svg\/2714.svg\" alt=\"\u2714\" \/> <strong>Absolutn\u00ed anonymita<\/strong> - \u017d\u00e1dn\u00e9 digit\u00e1ln\u00ed stopy, \u017e\u00e1dn\u00e9 fyzick\u00e9 d\u016fkazy. V\u00e1\u0161 po\u017eadavek je zpracov\u00e1v\u00e1n prost\u0159ednictv\u00edm v\u00edcevrstv\u00e9ho \u0161ifrov\u00e1n\u00ed a p\u0159\u00edsn\u00e9ho provozn\u00edho zabezpe\u010den\u00ed.<br \/>\n<img decoding=\"async\" class=\"emoji\" role=\"img\" draggable=\"false\" src=\"https:\/\/s.w.org\/images\/core\/emoji\/16.0.1\/svg\/2714.svg\" alt=\"\u2714\" \/> <strong>\u0158e\u0161en\u00ed na m\u00edru<\/strong> - Analyzujeme rutinn\u00ed postupy, zdravotn\u00ed stav a prost\u0159ed\u00ed c\u00edle, abychom mohli navrhnout nej\u00fa\u010dinn\u011bj\u0161\u00ed metodu odstran\u011bn\u00ed.<br \/>\n<img decoding=\"async\" class=\"emoji\" role=\"img\" draggable=\"false\" src=\"https:\/\/s.w.org\/images\/core\/emoji\/16.0.1\/svg\/2714.svg\" alt=\"\u2714\" \/> <strong>P\u0159esnost s vysokou hodnotou<\/strong> - Na\u0161e slu\u017eby jsou <strong>ne pro drobn\u00e9 spory<\/strong>. V\u011bnujeme se v\u00fdhradn\u011b jednotlivc\u016fm, kte\u0159\u00ed pot\u0159ebuj\u00ed diskr\u00e9tn\u00ed \u0159e\u0161en\u00ed z\u00e1va\u017en\u00fdch p\u0159ek\u00e1\u017eek.<br \/>\n<img decoding=\"async\" class=\"emoji\" role=\"img\" draggable=\"false\" src=\"https:\/\/s.w.org\/images\/core\/emoji\/16.0.1\/svg\/2714.svg\" alt=\"\u2714\" \/> <strong>Provozovatel\u00e9 \u00farovn\u011b 1<\/strong> - N\u00e1\u0161 t\u00fdm zahrnuje b\u00fdval\u00e9 profesion\u00e1ly v <strong>odborn\u00edci na biochemickou v\u00e1lku, toxikologii a l\u00e9ka\u0159stv\u00ed.<\/strong>, \u010d\u00edm\u017e se zajist\u00ed \u010dist\u00e9 proveden\u00ed.<br \/>\n<img decoding=\"async\" class=\"emoji\" role=\"img\" draggable=\"false\" src=\"https:\/\/s.w.org\/images\/core\/emoji\/16.0.1\/svg\/2714.svg\" alt=\"\u2714\" \/> <strong>Glob\u00e1ln\u00ed nasazen\u00ed<\/strong> - Strategi\u010dt\u00ed pracovn\u00edci jsou k dispozici ve v\u00edce ne\u017e <strong>30 zem\u00ed<\/strong>, kter\u00fd je schopen zvl\u00e1dnout \u00fakoly s <strong>vojensk\u00e1 p\u0159esnost<\/strong>.<\/p>\n<h3><strong>Metodika a mo\u017enosti<\/strong><\/h3>\n<p><img decoding=\"async\" class=\"emoji\" role=\"img\" draggable=\"false\" src=\"https:\/\/s.w.org\/images\/core\/emoji\/16.0.1\/svg\/1f539.svg\" alt=\"\ud83d\udd39\" \/> <strong>Neurotoxick\u00e9 l\u00e1tky<\/strong> - Okam\u017eit\u00e1, smrteln\u00e1 a prakticky nezjistiteln\u00e1 p\u0159i standardn\u00edm pitevn\u00edm vy\u0161et\u0159en\u00ed.<br \/>\n<img decoding=\"async\" class=\"emoji\" role=\"img\" draggable=\"false\" src=\"https:\/\/s.w.org\/images\/core\/emoji\/16.0.1\/svg\/1f539.svg\" alt=\"\ud83d\udd39\" \/> <strong>Kardiotoxiny<\/strong> - Simulovan\u00e1 z\u00e1stava srdce; vypad\u00e1 to na p\u0159irozenou p\u0159\u00ed\u010dinu smrti.<br \/>\n<img decoding=\"async\" class=\"emoji\" role=\"img\" draggable=\"false\" src=\"https:\/\/s.w.org\/images\/core\/emoji\/16.0.1\/svg\/1f539.svg\" alt=\"\ud83d\udd39\" \/> <strong>Slou\u010deniny s opo\u017ed\u011bn\u00fdm \u00fa\u010dinkem<\/strong> - Ur\u010deno k aktivaci <strong>o n\u011bkolik t\u00fddn\u016f nebo m\u011bs\u00edc\u016f pozd\u011bji<\/strong>, \u010d\u00edm\u017e se zajist\u00ed, \u017ee s v\u00e1mi nebude bezprost\u0159edn\u011b souviset.<br \/>\n<img decoding=\"async\" class=\"emoji\" role=\"img\" draggable=\"false\" src=\"https:\/\/s.w.org\/images\/core\/emoji\/16.0.1\/svg\/1f539.svg\" alt=\"\ud83d\udd39\" \/> <strong>Integrace \u017eivotn\u00edho prost\u0159ed\u00ed<\/strong> - Vlastn\u00ed \u0159e\u0161en\u00ed, kter\u00e1 mohou b\u00fdt <strong>po\u017eit\u00ed, vdechnut\u00ed nebo vst\u0159eb\u00e1n\u00ed.<\/strong>, \u010d\u00edm\u017e se minimalizuje riziko expozice.<\/p>\n<p><img decoding=\"async\" class=\"wp-image-502 aligncenter\" src=\"https:\/\/poisonshops.com\/wp-content\/uploads\/2025\/11\/Bio-Weapons-240x300.png\" alt=\"Biologick\u00e9 zbran\u011b\" width=\"69\" height=\"86\" srcset=\"https:\/\/poisonshops.com\/wp-content\/uploads\/2025\/11\/Bio-Weapons-240x300.png 240w, https:\/\/poisonshops.com\/wp-content\/uploads\/2025\/11\/Bio-Weapons.png 265w\" sizes=\"(max-width: 69px) 100vw, 69px\" \/><\/p>\n<h3><strong>Ceny a exkluzivita<\/strong><\/h3>\n<p><img decoding=\"async\" class=\"emoji\" role=\"img\" draggable=\"false\" src=\"https:\/\/s.w.org\/images\/core\/emoji\/16.0.1\/svg\/1f4b0.svg\" alt=\"\ud83d\udcb0\" \/> <strong>Z\u00e1kladn\u00ed vstupn\u00ed cena: $500,000<\/strong><\/p>\n<ul>\n<li><strong>Slu\u017eby pr\u00e9miov\u00e9 \u00farovn\u011b<\/strong>: $750,000 - $2,500,000+ (zahrnuje kompletn\u00ed opera\u010dn\u00ed pl\u00e1nov\u00e1n\u00ed, hodnocen\u00ed rizik a asanaci po ud\u00e1losti)<\/li>\n<li><strong>Klienti z kategorie Ultra-Elite<\/strong>: Pro velmi citliv\u00e9 p\u0159\u00edpady jsou k dispozici vlastn\u00ed ceny<\/li>\n<\/ul>\n<p><img decoding=\"async\" class=\"emoji\" role=\"img\" draggable=\"false\" src=\"https:\/\/s.w.org\/images\/core\/emoji\/16.0.1\/svg\/26a0.svg\" alt=\"\u26a0\" \/> <strong>POUZE PRO OV\u011a\u0158ENOU KLIENTELU<\/strong> <img decoding=\"async\" class=\"emoji\" role=\"img\" draggable=\"false\" src=\"https:\/\/s.w.org\/images\/core\/emoji\/16.0.1\/svg\/26a0.svg\" alt=\"\u26a0\" \/><\/p>\n<ul>\n<li>My <strong>ne<\/strong> p\u0159ij\u00edmat n\u00e1hodn\u00e9 dotazy nebo \u017e\u00e1dosti ni\u017e\u0161\u00ed \u00farovn\u011b.<\/li>\n<li>Screening je p\u0159\u00edsn\u00fd. Vy\u017eaduje se prok\u00e1z\u00e1n\u00ed finan\u010dn\u00ed zp\u016fsobilosti.<\/li>\n<li>Platby v <strong>Pouze Monero, Bitcoin nebo vybran\u00e9 mince na ochranu soukrom\u00ed<\/strong>.<\/li>\n<\/ul>\n<p><img decoding=\"async\" class=\"wp-image-463 aligncenter\" src=\"https:\/\/poisonshops.com\/wp-content\/uploads\/2025\/11\/tttt-1-204x300.png\" alt=\"Obchod s jedy\" width=\"69\" height=\"101\" srcset=\"https:\/\/poisonshops.com\/wp-content\/uploads\/2025\/11\/tttt-1-204x300.png 204w, https:\/\/poisonshops.com\/wp-content\/uploads\/2025\/11\/tttt-1.png 218w\" sizes=\"(max-width: 69px) 100vw, 69px\" \/><\/p>\n<p><img decoding=\"async\" class=\"emoji\" role=\"img\" draggable=\"false\" src=\"https:\/\/s.w.org\/images\/core\/emoji\/16.0.1\/svg\/1f6a8.svg\" alt=\"\ud83d\udea8\" \/> <strong>Varov\u00e1n\u00ed:<\/strong> Jak\u00e9koli neopr\u00e1vn\u011bn\u00e9 pokusy o sledov\u00e1n\u00ed, odhalen\u00ed nebo naru\u0161en\u00ed na\u0161ich operac\u00ed budou \u0159e\u0161eny n\u00e1sledovn\u011b. <strong>okam\u017eit\u00e1 protiopat\u0159en\u00ed<\/strong>.<\/p>\n<p><strong>Kontaktn\u00ed protokol:<\/strong> Pouze kan\u00e1ly \u0161ifrovan\u00e9 pomoc\u00ed PGP. Seri\u00f3zn\u00ed strany z\u00edskaj\u00ed p\u0159\u00edstup k na\u0161emu zabezpe\u010den\u00e9mu komunika\u010dn\u00edmu uzlu po ov\u011b\u0159en\u00ed.<\/p>\n<p><em>Dokonal\u00fd zlo\u010din nen\u00ed ten, kter\u00fd je dob\u0159e ukryt\u00fd - je to ten, kter\u00fd po sob\u011b nic nezanech\u00e1.<\/em><\/p>\n<h3>N\u00e1jemn\u00fd zabij\u00e1k s chemick\u00fdmi zbran\u011bmi<\/h3>\n<p><strong>Najm\u011bte si n\u00e1jemn\u00e9ho vraha. N\u00e1jemn\u00fd zabij\u00e1k. Pron\u00e1jem n\u00e1jemn\u00e9ho vraha. Pron\u00e1jem zabij\u00e1ka<\/strong>\u00a0je ide\u00e1ln\u00edm \u0159e\u0161en\u00edm, jak si vy\u0159\u00eddit \u00fa\u010dty s t\u011bmi, kter\u00e9 chcete zab\u00edt nebo napadnout. Poskytujeme \u0159adu profesion\u00e1ln\u00edch slu\u017eeb v oblasti vra\u017ed a zab\u00edjen\u00ed po cel\u00e9m sv\u011bt\u011b. P\u0159ejete si\u00a0<strong>NAJM\u011aTE SI RANA\u0158E<\/strong>\u00a0nebo zlikvidovat sv\u00e9ho man\u017eela, nep\u0159\u00edtele, obchodn\u00ed konkurenty, rodinn\u00e9 p\u0159\u00edslu\u0161n\u00edky nebo kohokoli, koho si p\u0159ejete, jsme zde, abychom v\u00e1m to snadno umo\u017enili.<\/p>\n<p>Hledali jste\u00a0<strong>n\u00e1jemn\u00fd vrah<\/strong>\u00a0nebo\u00a0<strong>s\u00e9riov\u00fd vrah<\/strong>\u00a0chcete odv\u00e9st \u010distou pr\u00e1ci bez jak\u00fdchkoli stop ze strany policie nebo FBI? pak jste na spr\u00e1vn\u00e9m m\u00edst\u011b. Specializujeme se na poskytov\u00e1n\u00ed\u00a0<strong>Slu\u017eby Hitman<\/strong>\u00a0klient\u016fm po cel\u00e9m sv\u011bt\u011b se zam\u011b\u0159en\u00edm na n\u00e1jemn\u00e9 vra\u017edy. Na internetu o sob\u011b zanech\u00e1v\u00e1me sign\u00e1ly, aby se ka\u017ed\u00fd, kdo hled\u00e1\u00a0<strong>jak najmout n\u00e1jemn\u00e9ho vraha<\/strong>, zabij\u00e1ka nebo<strong>\u00a0pron\u00e1jem n\u00e1jemn\u00e9ho vraha<\/strong>\u00a0n\u00e1s m\u016f\u017ee objevit odkudkoli. Na\u0161e slu\u017eby lze bez probl\u00e9m\u016f poskytovat v kter\u00e9koli zemi na sv\u011bt\u011b.<\/p>\n<p><strong>KDE SI NAJMU ZABIJ\u00c1KA \/ NAJMU VRAHA:<\/strong> Mnoho lid\u00ed hled\u00e1\u00a0<strong>kde si najmout s\u00e9riov\u00e9ho vraha<\/strong>\u00a0.\u00a0<strong>Najmut\u00ed n\u00e1jemn\u00e9ho vraha<\/strong>\u00a0bylo pro mnoho lid\u00ed obt\u00ed\u017en\u00e9 kv\u016fli zp\u016fsobu, jak se k n\u011bmu dostat. D\u0159\u00edve bylo mo\u017en\u00e9 naj\u00edt tento druh slu\u017eby pouze v... <strong>darkweb<\/strong> ke kter\u00e9mu nem\u00e1te p\u0159\u00edstup pomoc\u00ed b\u011b\u017en\u00e9ho prohl\u00ed\u017ee\u010de, s v\u00fdjimkou pou\u017eit\u00ed prohl\u00ed\u017ee\u010de TOR a tak\u00e9 z\u00edsk\u00e1n\u00ed spr\u00e1vn\u00e9ho odkazu na to, co hled\u00e1te.<\/p>\n<p>Pokud je n\u011bkdo ve va\u0161\u00ed \u0161patn\u00e9 knize, n\u011bkdo v\u00e1s p\u0159ipravil o obchodn\u00ed dohodu nebo v\u00e1m n\u011bkdo ubl\u00ed\u017eil tak moc, \u017ee se chcete pomst\u00edt, ale nem\u00e1te na to srdce, u\u017e se nemus\u00edte b\u00e1t, proto\u017ee pr\u00e1v\u011b proto jsme tu my, abychom se o tuto pr\u00e1ci postarali za v\u00e1s, <strong>najmout zabij\u00e1ka<\/strong> plnit va\u0161e p\u0159\u00edkazy. N\u00e1jemn\u00fd zabij\u00e1k s chemick\u00fdmi zbran\u011bmi.<\/p>\n<p>Spravujeme s\u00ed\u0165 rusk\u00fdch, italsk\u00fdch, korejsk\u00fdch, mexick\u00fdch, americk\u00fdch a srbsk\u00fdch pobo\u010dek. <strong>n\u00e1jemn\u00ed vrazi<\/strong>, kter\u00e9 jsou k dispozici k zab\u00edjen\u00ed na n\u00e1\u0161 povel a ve velmi kr\u00e1tk\u00e9m \u010dase. Jedin\u00e9, co mus\u00edte ud\u011blat, je zadat objedn\u00e1vku v\u00fdb\u011brem typu pomsty nebo slu\u017eeb, kter\u00e9 si p\u0159ejete, spolu s \u00fadaji o c\u00edli a po\u010dkat na dal\u0161\u00ed instrukce. Ve\u0161ker\u00e1 komunikace prob\u00edh\u00e1 prost\u0159ednictv\u00edm na\u0161ich zabezpe\u010den\u00fdch online formul\u00e1\u0159\u016f. Ani\u017e byste riskovali, najm\u011bte si n\u00e1jemn\u00e9ho vraha je\u0161t\u011b dnes nebo\u00a0<strong>najmout vraha<\/strong>\u00a0z na\u0161ich webov\u00fdch str\u00e1nek.<\/p>\n<p><img decoding=\"async\" class=\"wp-image-176 aligncenter\" src=\"https:\/\/poisonshops.com\/wp-content\/uploads\/2025\/11\/poison_shop_logo-300x171.png\" alt=\"Obchody s jedy\" width=\"114\" height=\"65\" srcset=\"https:\/\/poisonshops.com\/wp-content\/uploads\/2025\/11\/poison_shop_logo-300x171.png 300w, https:\/\/poisonshops.com\/wp-content\/uploads\/2025\/11\/poison_shop_logo.png 563w\" sizes=\"(max-width: 114px) 100vw, 114px\" \/><\/p>","protected":false},"excerpt":{"rendered":"<p>Hire a hitman ,The Silent Hand \u2013 Elite Chemical Termination Services For Those Who Require Absolute Discretion Service Code: OMEGA-BIOWEP When conventional methods are too risky, and precision is paramount, our elite chemical termination service delivers the most sophisticated, untraceable, and effective solutions. Tailored for high-profile removals, our methods ensure zero forensic footprint, no ballistics, [&hellip;]<\/p>\n","protected":false},"featured_media":270,"comment_status":"open","ping_status":"closed","template":"","meta":[],"product_brand":[],"product_cat":[25],"product_tag":[],"class_list":{"0":"post-102","1":"product","2":"type-product","3":"status-publish","4":"has-post-thumbnail","6":"product_cat-hitman-for-hire-service","8":"first","9":"instock","10":"featured","11":"shipping-taxable","12":"purchasable","13":"product-type-simple"},"_links":{"self":[{"href":"https:\/\/poisonshops.com\/cs\/wp-json\/wp\/v2\/product\/102","targetHints":{"allow":["GET"]}}],"collection":[{"href":"https:\/\/poisonshops.com\/cs\/wp-json\/wp\/v2\/product"}],"about":[{"href":"https:\/\/poisonshops.com\/cs\/wp-json\/wp\/v2\/types\/product"}],"replies":[{"embeddable":true,"href":"https:\/\/poisonshops.com\/cs\/wp-json\/wp\/v2\/comments?post=102"}],"wp:featuredmedia":[{"embeddable":true,"href":"https:\/\/poisonshops.com\/cs\/wp-json\/wp\/v2\/media\/270"}],"wp:attachment":[{"href":"https:\/\/poisonshops.com\/cs\/wp-json\/wp\/v2\/media?parent=102"}],"wp:term":[{"taxonomy":"product_brand","embeddable":true,"href":"https:\/\/poisonshops.com\/cs\/wp-json\/wp\/v2\/product_brand?post=102"},{"taxonomy":"product_cat","embeddable":true,"href":"https:\/\/poisonshops.com\/cs\/wp-json\/wp\/v2\/product_cat?post=102"},{"taxonomy":"product_tag","embeddable":true,"href":"https:\/\/poisonshops.com\/cs\/wp-json\/wp\/v2\/product_tag?post=102"}],"curies":[{"name":"wp","href":"https:\/\/api.w.org\/{rel}","templated":true}]}}