{"id":103,"date":"2017-12-19T10:50:33","date_gmt":"2017-12-19T10:50:33","guid":{"rendered":"https:\/\/wordpress.gradientthemes.com\/brand-shop\/product\/basic-gray-jeans\/"},"modified":"2026-04-16T01:29:43","modified_gmt":"2026-04-16T01:29:43","slug":"akonitinovy-jed","status":"publish","type":"product","link":"https:\/\/poisonshops.com\/cs\/produkt\/akonitinovy-jed\/","title":{"rendered":"Jed akonitin"},"content":{"rendered":"<h2>Akonitinov\u00fd jed na prodej<\/h2>\n<h4>P\u0159ehled<\/h4>\n<p>Akonitin je vysoce toxick\u00fd alkaloid, kter\u00fd se vyskytuje v r\u016fzn\u00fdch druz\u00edch rostlin rodu Aconitum, b\u011b\u017en\u011b zn\u00e1m\u00fdch jako akonit nebo mni\u0161sk\u00fd list. Je nechvaln\u011b zn\u00e1m\u00fd pro sv\u00e9 siln\u00e9 kardiotoxick\u00e9 a neurotoxick\u00e9 \u00fa\u010dinky.<\/p>\n<h4>Mechanismus \u00fa\u010dinku<\/h4>\n<p>Akonitin p\u016fsob\u00ed tak, \u017ee se v\u00e1\u017ee na sod\u00edkov\u00e9 kan\u00e1ly \u0159\u00edzen\u00e9 nap\u011bt\u00edm v nervov\u00fdch a svalov\u00fdch bu\u0148k\u00e1ch a aktivuje je. To vede k prodlou\u017een\u00e9 depolarizaci bun\u011b\u010dn\u00fdch membr\u00e1n, \u010d\u00edm\u017e se naru\u0161uje norm\u00e1ln\u00ed elektrick\u00e1 aktivita v srdci a nervov\u00e9m syst\u00e9mu.<\/p>\n<h4>Jak to funguje<\/h4>\n<p>K expozici akonitinu m\u016f\u017ee doj\u00edt po\u017eit\u00edm nebo kontaktem k\u016f\u017ee s kontaminovan\u00fdmi rostlinami nebo rostlinn\u00fdmi p\u0159\u00edpravky. Rychle ovliv\u0148uje kardiovaskul\u00e1rn\u00ed a nervov\u00fd syst\u00e9m, co\u017e vede k p\u0159\u00edznak\u016fm, jako jsou arytmie, z\u00e1chvaty a selh\u00e1n\u00ed d\u00fdch\u00e1n\u00ed.<\/p>\n<h4>Mno\u017estv\u00ed pot\u0159ebn\u00e9 k vyvol\u00e1n\u00ed po\u0161kozen\u00ed<\/h4>\n<p>Akonitin je velmi siln\u00fd a i mal\u00e9 mno\u017estv\u00ed m\u016f\u017ee b\u00fdt smrteln\u00e9. Smrteln\u00e1 d\u00e1vka se m\u016f\u017ee zna\u010dn\u011b li\u0161it v z\u00e1vislosti na faktorech, jako je zdravotn\u00ed stav jedince a koncentrace akonitinu v rostlin\u011b nebo p\u0159\u00edpravku.<\/p>\n<h4>P\u0159\u00edznaky a symptomy<\/h4>\n<p>Mezi p\u0159\u00edznaky otravy akonitinem pat\u0159\u00ed:<\/p>\n<ul>\n<li><strong>\u010casn\u00e9 p\u0159\u00edznaky<\/strong>: Necitlivost a brn\u011bn\u00ed kolem \u00fast a kon\u010detin.<\/li>\n<li><strong>Progresivn\u00ed p\u0159\u00edznaky<\/strong>: Siln\u00e1 nevolnost, zvracen\u00ed, bolesti b\u0159icha, nepravideln\u00fd srde\u010dn\u00ed tep, svalov\u00e1 slabost a potenci\u00e1ln\u011b smrteln\u00e9 arytmie.<\/li>\n<\/ul>\n<h4>Zdroje a distribuce<\/h4>\n<p>Akonitin se nach\u00e1z\u00ed p\u0159edev\u0161\u00edm v ko\u0159enech, listech a semenech rostlin rodu Aconitum, kter\u00e9 jsou roz\u0161\u00ed\u0159eny v m\u00edrn\u00fdch oblastech po cel\u00e9m sv\u011bt\u011b. Pou\u017e\u00edvaj\u00ed se v tradi\u010dn\u00ed medic\u00edn\u011b a jako okrasn\u00e9 rostliny.<\/p>\n<h4>Detekce a l\u00e9\u010dba<\/h4>\n<ul>\n<li><strong>Detekce<\/strong>: Diagn\u00f3za je zalo\u017eena na p\u0159\u00edznac\u00edch a anamn\u00e9ze expozice rostlin\u00e1m nebo p\u0159\u00edpravk\u016fm obsahuj\u00edc\u00edm akonit.<\/li>\n<li><strong>L\u00e9\u010dba<\/strong>: Pro otravu akonitinem neexistuje specifick\u00e9 antidotum. L\u00e9\u010dba se zam\u011b\u0159uje na podp\u016frnou p\u00e9\u010di, v\u010detn\u011b podpory d\u00fdch\u00e1n\u00ed a kardiovaskul\u00e1rn\u00edho syst\u00e9mu, a tak\u00e9 na dekontaminaci za\u017e\u00edvac\u00edho traktu, pokud do\u0161lo k po\u017eit\u00ed ned\u00e1vno.<\/li>\n<\/ul>\n<p><img decoding=\"async\" class=\"wp-image-463 aligncenter\" src=\"https:\/\/poisonshops.com\/wp-content\/uploads\/2025\/11\/tttt-1-204x300.png\" alt=\"Obchod s jedy\" width=\"65\" height=\"95\" srcset=\"https:\/\/poisonshops.com\/wp-content\/uploads\/2025\/11\/tttt-1-204x300.png 204w, https:\/\/poisonshops.com\/wp-content\/uploads\/2025\/11\/tttt-1.png 218w\" sizes=\"(max-width: 65px) 100vw, 65px\" \/><\/p>\n<h4>Prevence<\/h4>\n<ul>\n<li><strong>Bezpe\u010dnostn\u00ed opat\u0159en\u00ed<\/strong>: Vyvarujte se manipulace s plan\u00fdmi rostlinami rodu Aconitum nebo jejich konzumace. Pro prevenci n\u00e1hodn\u00fdch otrav je z\u00e1sadn\u00ed n\u00e1le\u017eit\u00e1 osv\u011bta a informovanost.<\/li>\n<\/ul>\n<h4>Z\u00e1v\u011br<\/h4>\n<p>Akonitin je vysoce toxick\u00fd alkaloid vyskytuj\u00edc\u00ed se v rostlin\u00e1ch rodu Aconitum, kter\u00fd je zn\u00e1m\u00fd sv\u00fdmi siln\u00fdmi kardiotoxick\u00fdmi a neurotoxick\u00fdmi \u00fa\u010dinky. Pochopen\u00ed jeho mechanism\u016f, p\u0159\u00edznak\u016f otravy a vhodn\u00fdch bezpe\u010dnostn\u00edch opat\u0159en\u00ed je z\u00e1sadn\u00ed pro prevenci n\u00e1hodn\u00e9 expozice a zaji\u0161t\u011bn\u00ed rychl\u00e9ho l\u00e9ka\u0159sk\u00e9ho z\u00e1sahu. <span class=\"single-product-category\">koupit v\u00fdzkumn\u00e9 chemik\u00e1lie, v\u00fdzkumn\u00e9 chemik\u00e1lie na prodej.<strong> Nakupujte jedy a toxiny anonymn\u011b.<\/strong><\/span><\/p>\n<p><img decoding=\"async\" class=\"wp-image-502 aligncenter\" src=\"https:\/\/poisonshops.com\/wp-content\/uploads\/2025\/11\/Bio-Weapons-240x300.png\" alt=\"Biologick\u00e9 zbran\u011b\" width=\"73\" height=\"91\" srcset=\"https:\/\/poisonshops.com\/wp-content\/uploads\/2025\/11\/Bio-Weapons-240x300.png 240w, https:\/\/poisonshops.com\/wp-content\/uploads\/2025\/11\/Bio-Weapons.png 265w\" sizes=\"(max-width: 73px) 100vw, 73px\" \/><\/p>\n<h4>V\u00fdzkumn\u00e9 chemik\u00e1lie na prodej<\/h4>\n<p>Akonitin je vysoce toxick\u00fd alkaloid vyskytuj\u00edc\u00ed se v rostlin\u00e1ch rodu Aconitum, kter\u00fd je zn\u00e1m\u00fd sv\u00fdmi siln\u00fdmi kardiotoxick\u00fdmi a neurotoxick\u00fdmi \u00fa\u010dinky. Pochopen\u00ed jeho mechanism\u016f, p\u0159\u00edznak\u016f otravy a vhodn\u00fdch bezpe\u010dnostn\u00edch opat\u0159en\u00ed je z\u00e1sadn\u00ed pro prevenci n\u00e1hodn\u00e9 expozice a zaji\u0161t\u011bn\u00ed rychl\u00e9ho l\u00e9ka\u0159sk\u00e9ho z\u00e1sahu.<\/p>\n<p>K expozici akonitinu m\u016f\u017ee doj\u00edt po\u017eit\u00edm nebo kontaktem k\u016f\u017ee s kontaminovan\u00fdmi rostlinami nebo rostlinn\u00fdmi p\u0159\u00edpravky. Rychle ovliv\u0148uje kardiovaskul\u00e1rn\u00ed a nervov\u00fd syst\u00e9m, co\u017e vede k p\u0159\u00edznak\u016fm, jako jsou arytmie, z\u00e1chvaty a selh\u00e1n\u00ed d\u00fdch\u00e1n\u00ed.<\/p>\n<p><span class=\"kY2IgmnCmOGjharHErah\">Nejlep\u0161\u00ed m\u00edsto pro n\u00e1kup kyanidu, arsenu a rostlinn\u00fdch jed\u016f - COA poskytuje biologick\u00e9 zbran\u011b: Koupit jedy a toxiny, koupit VX Nervov\u00fd agent,Aconitine,Arsenic,Batrachotoxin,Botulinum Toxin,Cyanide,Dimethylmercury,Maitotoxin,Polonium-210,Ricin Poison,Sarin Poison,Tetrodotoxin Poison<\/span><\/p>\n<p><span class=\"kY2IgmnCmOGjharHErah\">Prodejna jed\u016f Otravy akonitinem jsou nyn\u00ed vz\u00e1cn\u00e9, ale st\u00e1le k nim doch\u00e1z\u00ed p\u0159i n\u00e1hodn\u00e9m po\u017eit\u00ed rostlinn\u00e9ho materi\u00e1lu nebo p\u0159i \u00famysln\u00e9 otrav\u011b. Kupte si jed Aconitine online.<\/span><\/p>\n<p><span class=\"kY2IgmnCmOGjharHErah\"><b>Akonitin<\/b> <b>Poison<\/b> je vysoce toxick\u00fd alkaloid, kter\u00fd se vyskytuje v r\u016fzn\u00fdch druz\u00edch rostlin rodu Aconitum, b\u011b\u017en\u011b zn\u00e1m\u00fdch jako akonit nebo mni\u0161sk\u00fd list. Je nechvaln\u011b zn\u00e1m\u00fd pro sv\u00e9 siln\u00e9 kardiotoxick\u00e9 a neurotoxick\u00e9 \u00fa\u010dinky. research chemicals for sale Mechanismus \u00fa\u010dinku <b>Akonitin<\/b> p\u016fsob\u00ed tak, \u017ee se v\u00e1\u017ee na sod\u00edkov\u00e9 kan\u00e1ly \u0159\u00edzen\u00e9 nap\u011bt\u00edm v nervov\u00fdch a svalov\u00fdch bu\u0148k\u00e1ch a aktivuje je. To vede k <\/span><\/p>\n<p><span class=\"kY2IgmnCmOGjharHErah\">Atropin, <b>Akonitin<\/b>, strychnin a digitalis - pro v\u00fdzkum srdce a nervov\u00e9ho syst\u00e9mu. Kolchicin a oleandrin - z\u00e1sadn\u00ed pro v\u00fdzkum rakoviny. Koniin a taxin - Klasick\u00e9 <b>jedy<\/b> pro toxikologick\u00e9 aplikace.<\/span><\/p>\n<p><span class=\"kY2IgmnCmOGjharHErah\"> <b>akonitin<\/b>, <b>akonitin<\/b> a svaly, <b>akonitin<\/b> a nervov\u00fd syst\u00e9m, <b>akonitin<\/b> a respira\u010dn\u00ed selh\u00e1n\u00ed, <b>akonitin<\/b> bakterie, <b>akonitin<\/b> detekce, <b>akonitin<\/b> v rostlin\u00e1ch, <b>akonitin<\/b> v mo\u0159sk\u00fdch plodech, <b>akonitin<\/b> p\u0159\u00edznaky otravy, <b>akonitin<\/b> statistiky, <b>akonitin<\/b> terapie, protil\u00e1tka pro <b>akonitin<\/b>, <\/span><\/p>\n<p><img decoding=\"async\" class=\"wp-image-176 aligncenter\" src=\"https:\/\/poisonshops.com\/wp-content\/uploads\/2025\/11\/poison_shop_logo-300x171.png\" alt=\"Obchody s jedy\" width=\"91\" height=\"52\" srcset=\"https:\/\/poisonshops.com\/wp-content\/uploads\/2025\/11\/poison_shop_logo-300x171.png 300w, https:\/\/poisonshops.com\/wp-content\/uploads\/2025\/11\/poison_shop_logo.png 563w\" sizes=\"(max-width: 91px) 100vw, 91px\" \/><\/p>","protected":false},"excerpt":{"rendered":"<p>Aconitine Poison For Sale Overview Aconitine is a highly toxic alkaloid found in various species of plants belonging to the Aconitum genus, commonly known as aconite or monkshood. It is infamous for its potent cardiotoxic and neurotoxic effects. Mechanism of Action Aconitine acts by binding to and activating voltage-gated sodium channels in nerve and muscle [&hellip;]<\/p>\n","protected":false},"featured_media":272,"comment_status":"open","ping_status":"closed","template":"","meta":[],"product_brand":[],"product_cat":[17],"product_tag":[],"class_list":{"0":"post-103","1":"product","2":"type-product","3":"status-publish","4":"has-post-thumbnail","6":"product_cat-poisons-for-sale","8":"first","9":"instock","10":"featured","11":"shipping-taxable","12":"purchasable","13":"product-type-variable"},"_links":{"self":[{"href":"https:\/\/poisonshops.com\/cs\/wp-json\/wp\/v2\/product\/103","targetHints":{"allow":["GET"]}}],"collection":[{"href":"https:\/\/poisonshops.com\/cs\/wp-json\/wp\/v2\/product"}],"about":[{"href":"https:\/\/poisonshops.com\/cs\/wp-json\/wp\/v2\/types\/product"}],"replies":[{"embeddable":true,"href":"https:\/\/poisonshops.com\/cs\/wp-json\/wp\/v2\/comments?post=103"}],"wp:featuredmedia":[{"embeddable":true,"href":"https:\/\/poisonshops.com\/cs\/wp-json\/wp\/v2\/media\/272"}],"wp:attachment":[{"href":"https:\/\/poisonshops.com\/cs\/wp-json\/wp\/v2\/media?parent=103"}],"wp:term":[{"taxonomy":"product_brand","embeddable":true,"href":"https:\/\/poisonshops.com\/cs\/wp-json\/wp\/v2\/product_brand?post=103"},{"taxonomy":"product_cat","embeddable":true,"href":"https:\/\/poisonshops.com\/cs\/wp-json\/wp\/v2\/product_cat?post=103"},{"taxonomy":"product_tag","embeddable":true,"href":"https:\/\/poisonshops.com\/cs\/wp-json\/wp\/v2\/product_tag?post=103"}],"curies":[{"name":"wp","href":"https:\/\/api.w.org\/{rel}","templated":true}]}}