{"id":108,"date":"2017-12-19T09:56:29","date_gmt":"2017-12-19T09:56:29","guid":{"rendered":"https:\/\/wordpress.gradientthemes.com\/brand-shop\/product\/flamingo-tshirt\/"},"modified":"2025-12-08T21:55:27","modified_gmt":"2025-12-08T21:55:27","slug":"koupit-skopolamin-dabluv-dech","status":"publish","type":"product","link":"https:\/\/poisonshops.com\/cs\/produkt\/koupit-skopolamin-dabluv-dech\/","title":{"rendered":"Koupit skopolamin (\u010f\u00e1bl\u016fv dech)"},"content":{"rendered":"<h2>Koupit Skopolamin Devils Breath<\/h2>\n<p>Skopolamin, zn\u00e1m\u00fd tak\u00e9 jako hyoscin nebo \u010f\u00e1bl\u016fv dech, je p\u0159\u00edrodn\u00ed nebo synteticky vyr\u00e1b\u011bn\u00fd tropanov\u00fd alkaloid a anticholinergn\u00ed l\u00e9k, kter\u00fd se pou\u017e\u00edv\u00e1 jako l\u00e9k k l\u00e9\u010db\u011b nevolnosti z pohybu a poopera\u010dn\u00ed nevolnosti a zvracen\u00ed. N\u011bkdy se tak\u00e9 pou\u017e\u00edv\u00e1 p\u0159ed operac\u00ed ke sn\u00ed\u017een\u00ed slin\u011bn\u00ed. P\u0159i injek\u010dn\u00edm pod\u00e1n\u00ed nastupuj\u00ed \u00fa\u010dinky p\u0159ibli\u017en\u011b po 20 minut\u00e1ch a trvaj\u00ed a\u017e 8 hodin. Lze jej pou\u017e\u00edt tak\u00e9 peror\u00e1ln\u011b. Koupit p\u0159\u00edpravek Scopolamine Devils Breath.<\/p>\n<h3>Co d\u011bl\u00e1 skopolamin?<\/h3>\n<p>Skopolamin pat\u0159\u00ed do skupiny antimuskarinov\u00fdch l\u00e9k\u016f a p\u016fsob\u00ed tak, \u017ee blokuje n\u011bkter\u00e9 \u00fa\u010dinky acetylcholinu na nervov\u00fd syst\u00e9m. Prvn\u00ed p\u00edsemn\u00e1 zm\u00ednka o skopolaminu poch\u00e1z\u00ed z roku 1881 a k anestezii se za\u010dal pou\u017e\u00edvat kolem roku 1900. Skopolamin je tak\u00e9 hlavn\u00ed \u00fa\u010dinnou slo\u017ekou produkovanou n\u011bkter\u00fdmi rostlinami z \u010deledi lilkovit\u00fdch, kter\u00e9 se v minulosti pou\u017e\u00edvaly jako psychoaktivn\u00ed drogy (zn\u00e1m\u00e9 jako delirium ) d\u00edky sv\u00fdm halucinogenn\u00edm \u00fa\u010dink\u016fm vyvolan\u00fdm antimuskariniky ve vy\u0161\u0161\u00edch d\u00e1vk\u00e1ch. V t\u011bchto souvislostech byly jeho \u00fa\u010dinky m\u011bn\u00edc\u00ed mysl vyu\u017e\u00edv\u00e1ny k rekrea\u010dn\u00edm a okultn\u00edm \u00fa\u010del\u016fm.<\/p>\n<h4><span class=\"kY2IgmnCmOGjharHErah\">Koupit skopolaminov\u00fd pr\u00e1\u0161ek online na prodej<\/span><\/h4>\n<p>Otrava skopolaminem z podom\u00e1cku vyroben\u00e9ho v\u00edna z \u2018m\u011bs\u00ed\u010dn\u00edch kv\u011bt\u016f<br \/>\nLH, 76let\u00fd mu\u017e b\u00edl\u00e9 pleti, vypil b\u011bhem jedn\u00e9 hodiny 3 \u010dajov\u00e9 l\u017ei\u010dky (15 ml) dom\u00e1c\u00edho v\u00edna a onemocn\u011bl. P\u0159ibli\u017en\u011b o 1,5 hodiny pozd\u011bji byl p\u0159evezen na pohotovost m\u00edstn\u00ed nemocnice s p\u0159\u00edznaky dechov\u00e9 t\u00edsn\u011b a slabosti. Rostlinou pou\u017eitou p\u0159i v\u00fdrob\u011b v\u00edna byla And\u011blsk\u00e1 tr\u00e1va (Datura suaveolens), kter\u00e1 \u00fadajn\u011b obsahuje r\u016fzn\u00e9 mno\u017estv\u00ed skopolaminu a atropinu.<\/p>\n<p>Vzorek v\u00edna byl odebr\u00e1n a analyzov\u00e1n na tyto dv\u011b slou\u010deniny pomoc\u00ed chromatografie na obr\u00e1cen\u00e9 f\u00e1zi HPLC s pou\u017eit\u00edm methanolu 97%-3% deionizovan\u00e9 vody. Filtrovan\u00e9 v\u00edno obsahovalo p\u0159ibli\u017en\u011b 29 mg skopolaminu\/ml, co\u017e p\u0159edstavovalo celkovou po\u017eitou d\u00e1vku 435 mg. Atropin nebyl zji\u0161t\u011bn. Skopolamin byl potvrzen pomoc\u00ed TLC. Bylo hl\u00e1\u0161eno, \u017ee peror\u00e1ln\u00ed d\u00e1vka 50 mg atropin sulf\u00e1tu u \u010dlov\u011bka byla smrteln\u00e1. Obsah alkoholu a pH 3,8 dom\u00e1c\u00edho v\u00edna mohly zv\u00fd\u0161it extrakci t\u00e9to slou\u010deniny z rostlinn\u00e9ho materi\u00e1lu a proces kva\u0161en\u00ed v\u00edna mohl p\u016fvodn\u00ed extrakt koncentrovat.<\/p>\n<p><img decoding=\"async\" class=\"wp-image-463 aligncenter\" src=\"https:\/\/poisonshops.com\/wp-content\/uploads\/2025\/11\/tttt-1-204x300.png\" alt=\"Obchod s jedy\" width=\"63\" height=\"93\" srcset=\"https:\/\/poisonshops.com\/wp-content\/uploads\/2025\/11\/tttt-1-204x300.png 204w, https:\/\/poisonshops.com\/wp-content\/uploads\/2025\/11\/tttt-1.png 218w\" sizes=\"(max-width: 63px) 100vw, 63px\" \/><\/p>\n<h2>D\u00e1vkov\u00e1n\u00ed pro smrt<\/h2>\n<p>Skopolamin v mal\u00fdch d\u00e1vk\u00e1ch zp\u016fsobuje bezv\u011bdom\u00ed a\u017e na 24 hodin nebo d\u00e9le a hojn\u011b se pou\u017e\u00edv\u00e1 p\u0159i loupe\u017en\u00fdch p\u0159epaden\u00edch, kdy je ob\u011b\u0165 v bezv\u011bdom\u00ed. V mno\u017estv\u00ed 10 mg v\u0161ak sta\u010d\u00ed k usmrcen\u00ed a m\u016f\u017ee b\u00fdt pou\u017eit spolu s j\u00eddlem nebo n\u00e1poji, p\u0159i\u010dem\u017e v alkoholick\u00fdch n\u00e1poj\u00edch je jeho \u00fa\u010dinek rychlej\u0161\u00ed, kolem 30 minut, bezbolestn\u00e1 smrt, proto\u017ee zp\u016fsobuje ospalost. Zji\u0161\u0165uje se pouze p\u0159i p\u0159esn\u011bj\u0161\u00edch pitv\u00e1ch. <span class=\"kY2IgmnCmOGjharHErah\">Koupit skopolaminov\u00fd pr\u00e1\u0161ek online na prodej<\/span>.<\/p>\n<p>skopolamin, ve filmech se naz\u00fdv\u00e1 prav\u00e9 s\u00e9rum, aplikujte velmi opatrn\u011b a podle vlastn\u00edho uv\u00e1\u017een\u00ed!<\/p>\n<p><img decoding=\"async\" class=\"wp-image-502 aligncenter\" src=\"https:\/\/poisonshops.com\/wp-content\/uploads\/2025\/11\/Bio-Weapons-240x300.png\" alt=\"Biologick\u00e9 zbran\u011b\" width=\"65\" height=\"81\" srcset=\"https:\/\/poisonshops.com\/wp-content\/uploads\/2025\/11\/Bio-Weapons-240x300.png 240w, https:\/\/poisonshops.com\/wp-content\/uploads\/2025\/11\/Bio-Weapons.png 265w\" sizes=\"(max-width: 65px) 100vw, 65px\" \/><\/p>\n<h3 class=\"LnpumSThxEWMIsDdAT17 CXMyPcQ6nDv47DKFeywM\"><span class=\"EKtkFWMYpwzMKOYr0GYm LQVY1Jpkk8nyJ6HBWKAk\">Koupit skopolamin (\u010f\u00e1bl\u016fv dech) pr\u00e1\u0161ek online<\/span><\/h3>\n<p><span class=\"kY2IgmnCmOGjharHErah\"><b>Koupit<\/b> <b>skopolamin<\/b> online. Hyoscin, zn\u00e1m\u00fd tak\u00e9 jako <b>skopolamin<\/b>( <b>Devil's<\/b> <b>Dech<\/b>), je l\u00e9k pou\u017e\u00edvan\u00fd k l\u00e9\u010db\u011b nevolnosti z pohybu a poopera\u010dn\u00ed nevolnosti a zvracen\u00ed. motion sickness patch, sea sickness patch, nausea patch, transderm scop, dramamine patch, anti nausea patch, sea sick patch, motion <\/span><\/p>\n<p><span class=\"kY2IgmnCmOGjharHErah\"><b>Koupit<\/b> <b>Skopolamin<\/b> Powder Online For Sale (Burundanga, \u201cThe <b>Devil's<\/b> <b>Dech<\/b>\u201c, Borrachero, Hyoscine, Angel's Trumpet) Hyoscine, tak\u00e9 zn\u00e1m\u00fd jako <b>skopolamin<\/b>, je l\u00e9k pou\u017e\u00edvan\u00fd k l\u00e9\u010db\u011b nevolnosti z pohybu a poopera\u010dn\u00ed nevolnosti a zvracen\u00ed.<\/span><\/p>\n<p><span class=\"kY2IgmnCmOGjharHErah\">Po vdechnut\u00ed \u201c<b>Devil's<\/b> <b>Dech<\/b>,\u201d je zn\u00e1mo, \u017ee se ob\u011bti probudily bez vzpom\u00ednek na to, \u017ee vybraly sv\u00e9 \u017eivotn\u00ed \u00faspory a rozdaly je. <b>Skopolamin<\/b>, kter\u00e9mu se p\u0159ezd\u00edv\u00e1 \u201c<b>Devil's<\/b> <b>Dech<\/b>,\u201d je \u010dasto ozna\u010dov\u00e1n za nejnebezpe\u010dn\u011bj\u0161\u00ed drogu na sv\u011bt\u011b. Je roz\u0161\u00ed\u0159en\u00e1 hlavn\u011b v Ji\u017en\u00ed Americe.<\/span><\/p>\n<p><span class=\"kY2IgmnCmOGjharHErah\"><b>Devil's<\/b> <b>Dech<\/b> je odvozen od kv\u011btu ke\u0159e \u201cborrachero\u201d, kter\u00fd je b\u011b\u017en\u00fd v jihoamerick\u00e9 Kolumbii. Semena, kter\u00e1 se rozemelou na pr\u00e1\u0161ek a extrahuj\u00ed chemick\u00fdm procesem, obsahuj\u00ed chemickou l\u00e1tku podobnou <b>skopolamin<\/b> \u201cburandanga\u201d. Koupit skopolamin \u010f\u00e1bl\u016fv dech.<\/span><\/p>\n<h3>Scopolamine na prodej online<\/h3>\n<p><img decoding=\"async\" class=\"wp-image-176 aligncenter\" src=\"https:\/\/poisonshops.com\/wp-content\/uploads\/2025\/11\/poison_shop_logo-300x171.png\" alt=\"Obchody s jedy\" width=\"118\" height=\"67\" srcset=\"https:\/\/poisonshops.com\/wp-content\/uploads\/2025\/11\/poison_shop_logo-300x171.png 300w, https:\/\/poisonshops.com\/wp-content\/uploads\/2025\/11\/poison_shop_logo.png 563w\" sizes=\"(max-width: 118px) 100vw, 118px\" \/><\/p>","protected":false},"excerpt":{"rendered":"<p>Buy Scopolamine Devils Breath Scopolamine, also known as hyoscine, or Devil\u2019s Breath, is a natural or synthetically produced tropane alkaloid and anticholinergic medication that is used as a medication to treat motion sickness and postoperative nausea and vomiting. It is also sometimes used before surgery to decrease saliva. When used by injection, the effects begin [&hellip;]<\/p>\n","protected":false},"featured_media":313,"comment_status":"open","ping_status":"closed","template":"","meta":[],"product_brand":[],"product_cat":[17],"product_tag":[],"class_list":{"0":"post-108","1":"product","2":"type-product","3":"status-publish","4":"has-post-thumbnail","6":"product_cat-poisons-for-sale","8":"first","9":"instock","10":"shipping-taxable","11":"purchasable","12":"product-type-variable"},"_links":{"self":[{"href":"https:\/\/poisonshops.com\/cs\/wp-json\/wp\/v2\/product\/108","targetHints":{"allow":["GET"]}}],"collection":[{"href":"https:\/\/poisonshops.com\/cs\/wp-json\/wp\/v2\/product"}],"about":[{"href":"https:\/\/poisonshops.com\/cs\/wp-json\/wp\/v2\/types\/product"}],"replies":[{"embeddable":true,"href":"https:\/\/poisonshops.com\/cs\/wp-json\/wp\/v2\/comments?post=108"}],"wp:featuredmedia":[{"embeddable":true,"href":"https:\/\/poisonshops.com\/cs\/wp-json\/wp\/v2\/media\/313"}],"wp:attachment":[{"href":"https:\/\/poisonshops.com\/cs\/wp-json\/wp\/v2\/media?parent=108"}],"wp:term":[{"taxonomy":"product_brand","embeddable":true,"href":"https:\/\/poisonshops.com\/cs\/wp-json\/wp\/v2\/product_brand?post=108"},{"taxonomy":"product_cat","embeddable":true,"href":"https:\/\/poisonshops.com\/cs\/wp-json\/wp\/v2\/product_cat?post=108"},{"taxonomy":"product_tag","embeddable":true,"href":"https:\/\/poisonshops.com\/cs\/wp-json\/wp\/v2\/product_tag?post=108"}],"curies":[{"name":"wp","href":"https:\/\/api.w.org\/{rel}","templated":true}]}}