{"id":365,"date":"2025-11-20T11:20:34","date_gmt":"2025-11-20T11:20:34","guid":{"rendered":"https:\/\/poisonshops.com\/?post_type=product&#038;p=365"},"modified":"2025-12-02T14:26:07","modified_gmt":"2025-12-02T14:26:07","slug":"koupit-jed-sarin","status":"publish","type":"product","link":"https:\/\/poisonshops.com\/cs\/produkt\/koupit-jed-sarin\/","title":{"rendered":"Koupit sarinov\u00fd jed"},"content":{"rendered":"<h2>Koupit sarinov\u00fd jed<\/h2>\n<h4>P\u0159ehled<\/h4>\n<p>Sarin je vysoce toxick\u00e1 nervov\u011b paralytick\u00e1 l\u00e1tka vyvinut\u00e1 jako chemick\u00e1 zbra\u0148. Pat\u0159\u00ed do skupiny organofosf\u00e1tov\u00fdch slou\u010denin zn\u00e1m\u00fdch jako nervov\u011b paralytick\u00e9 l\u00e1tky, kter\u00e9 naru\u0161uj\u00ed norm\u00e1ln\u00ed funkci nervov\u00e9ho syst\u00e9mu. Kupte si jed Sarin online.<\/p>\n<h4>Mechanismus \u00fa\u010dinku<\/h4>\n<p>Sarin inhibuje enzym acetylcholinester\u00e1zu, kter\u00fd rozkl\u00e1d\u00e1 neurotransmiter acetylcholin. To zp\u016fsobuje nadm\u011brnou stimulaci sval\u016f a \u017el\u00e1z, co\u017e vede k p\u0159\u00edznak\u016fm od m\u00edrn\u00fdch \u00fa\u010dink\u016f a\u017e po z\u00e1va\u017en\u00e9 selh\u00e1n\u00ed d\u00fdch\u00e1n\u00ed a srdce. Objednejte si jed sarin anonymn\u011b.<\/p>\n<h4>Jak zab\u00edj\u00ed<\/h4>\n<p>K expozici sarinu m\u016f\u017ee doj\u00edt vdechnut\u00edm, po\u017eit\u00edm nebo absorpc\u00ed k\u016f\u017e\u00ed. P\u0159\u00edznaky se mohou projevit rychle, b\u011bhem n\u011bkolika sekund a\u017e minut po expozici, a mohou zahrnovat rozmazan\u00e9 vid\u011bn\u00ed, bolesti hlavy, zmatenost, k\u0159e\u010de, ochrnut\u00ed, z\u00e1stavu dechu a smrt.<\/p>\n<h4>Mno\u017estv\u00ed pot\u0159ebn\u00e9 k usmrcen\u00ed<\/h4>\n<p>Smrteln\u00e1 d\u00e1vka sarinu se li\u0161\u00ed v z\u00e1vislosti na faktorech, jako je zp\u016fsob expozice, doba trv\u00e1n\u00ed a individu\u00e1ln\u00ed vn\u00edmavost. Vdechnut\u00ed i mal\u00e9ho mno\u017estv\u00ed (odhadovan\u00e1 LD50 kolem 100 mg-min\/m\u00b3) m\u016f\u017ee b\u00fdt smrteln\u00e9.<\/p>\n<p><img decoding=\"async\" class=\"wp-image-463 aligncenter\" src=\"https:\/\/poisonshops.com\/wp-content\/uploads\/2025\/11\/tttt-1-204x300.png\" alt=\"Obchod s jedy\" width=\"53\" height=\"78\" srcset=\"https:\/\/poisonshops.com\/wp-content\/uploads\/2025\/11\/tttt-1-204x300.png 204w, https:\/\/poisonshops.com\/wp-content\/uploads\/2025\/11\/tttt-1.png 218w\" sizes=\"(max-width: 53px) 100vw, 53px\" \/><\/p>\n<h4>P\u0159\u00edznaky a symptomy<\/h4>\n<p>Mezi p\u0159\u00edznaky otravy sarinem pat\u0159\u00ed:<\/p>\n<ul>\n<li><strong>Po\u010d\u00e1te\u010dn\u00ed p\u0159\u00edznaky<\/strong>: V\u00fdtok z nosu, slzen\u00ed o\u010d\u00ed, \u0161pi\u010dat\u00e9 zorni\u010dky a nap\u011bt\u00ed na hrudi.<\/li>\n<li><strong>Progresivn\u00ed p\u0159\u00edznaky<\/strong>: Nevolnost, zvracen\u00ed, svalov\u00e9 z\u00e1\u0161kuby, k\u0159e\u010de, ztr\u00e1ta v\u011bdom\u00ed a selh\u00e1n\u00ed d\u00fdch\u00e1n\u00ed.<\/li>\n<\/ul>\n<h4>Formul\u00e1\u0159e a zdroje<\/h4>\n<p>Sarin se prim\u00e1rn\u011b vyr\u00e1b\u00ed pro pou\u017eit\u00ed jako chemick\u00e1 zbra\u0148 a nevyskytuje se v p\u0159\u00edrod\u011b. M\u016f\u017ee b\u00fdt rozpt\u00fdlen jako plyn nebo aerosol. Objednejte si jed sarin anonymn\u011b.<\/p>\n<h4>Detekce a l\u00e9\u010dba<\/h4>\n<ul>\n<li><strong>Detekce<\/strong>: Diagn\u00f3za je zalo\u017eena na p\u0159\u00edznac\u00edch a potvrzena specializovan\u00fdm testov\u00e1n\u00edm na p\u0159\u00edtomnost sarinu nebo jeho metabolit\u016f v krvi nebo mo\u010di.<\/li>\n<li><strong>L\u00e9\u010dba<\/strong>: Okam\u017eit\u00e9 pod\u00e1n\u00ed antidot, jako je atropin a chlorid pralidoximov\u00fd (2-PAM), k potla\u010den\u00ed \u00fa\u010dink\u016f sarinu. Podp\u016frn\u00e1 p\u00e9\u010de zahrnuje podporu d\u00fdch\u00e1n\u00ed a dekontaminaci exponovan\u00fdch osob. Koupit Sarin pro otravu.<\/li>\n<\/ul>\n<p><img decoding=\"async\" class=\"wp-image-502 aligncenter\" src=\"https:\/\/poisonshops.com\/wp-content\/uploads\/2025\/11\/Bio-Weapons-240x300.png\" alt=\"Biologick\u00e9 zbran\u011b\" width=\"65\" height=\"81\" srcset=\"https:\/\/poisonshops.com\/wp-content\/uploads\/2025\/11\/Bio-Weapons-240x300.png 240w, https:\/\/poisonshops.com\/wp-content\/uploads\/2025\/11\/Bio-Weapons.png 265w\" sizes=\"(max-width: 65px) 100vw, 65px\" \/><\/p>\n<h4>Prevence<\/h4>\n<ul>\n<li><strong>Bezpe\u010dnostn\u00ed opat\u0159en\u00ed<\/strong>: Spr\u00e1vn\u00e1 manipulace s chemick\u00fdmi l\u00e1tkami a jejich skladov\u00e1n\u00ed, dodr\u017eov\u00e1n\u00ed bezpe\u010dnostn\u00edch protokol\u016f v pr\u016fmyslov\u00e9m a vojensk\u00e9m prost\u0159ed\u00ed a p\u0159ipravenost na reakci na chemick\u00e9 hav\u00e1rie. Koupit jed sarin online.<\/li>\n<\/ul>\n<h4>Z\u00e1v\u011br<\/h4>\n<p>Sarin je siln\u00e1 nervov\u011b paralytick\u00e1 l\u00e1tka schopn\u00e1 zp\u016fsobit rychlou a t\u011b\u017ekou otravu. Pochopen\u00ed jeho mechanism\u016f, p\u0159\u00edznak\u016f a protokol\u016f nouzov\u00e9 l\u00e9\u010dby je z\u00e1sadn\u00ed pro zm\u00edrn\u011bn\u00ed rizik spojen\u00fdch s expozic\u00ed ve vojensk\u00e9m i civiln\u00edm prost\u0159ed\u00ed. Kde lze koupit jed sarin?<\/p>\n<p><img decoding=\"async\" class=\"wp-image-176 aligncenter\" src=\"https:\/\/poisonshops.com\/wp-content\/uploads\/2025\/11\/poison_shop_logo-300x171.png\" alt=\"Obchody s jedy\" width=\"86\" height=\"49\" srcset=\"https:\/\/poisonshops.com\/wp-content\/uploads\/2025\/11\/poison_shop_logo-300x171.png 300w, https:\/\/poisonshops.com\/wp-content\/uploads\/2025\/11\/poison_shop_logo.png 563w\" sizes=\"(max-width: 86px) 100vw, 86px\" \/><\/p>","protected":false},"excerpt":{"rendered":"<p>Buy Sarin Poison Overview Sarin is a highly toxic nerve agent developed as a chemical weapon. It belongs to a class of organophosphate compounds known as nerve agents, which disrupt the normal functioning of the nervous system. Buy Sarin poison online. Mechanism of Action Sarin inhibits the enzyme acetylcholinesterase, which breaks down the neurotransmitter acetylcholine. [&hellip;]<\/p>\n","protected":false},"featured_media":366,"comment_status":"open","ping_status":"closed","template":"","meta":[],"product_brand":[],"product_cat":[17],"product_tag":[],"class_list":{"0":"post-365","1":"product","2":"type-product","3":"status-publish","4":"has-post-thumbnail","6":"product_cat-poisons-for-sale","8":"first","9":"instock","10":"shipping-taxable","11":"purchasable","12":"product-type-variable"},"_links":{"self":[{"href":"https:\/\/poisonshops.com\/cs\/wp-json\/wp\/v2\/product\/365","targetHints":{"allow":["GET"]}}],"collection":[{"href":"https:\/\/poisonshops.com\/cs\/wp-json\/wp\/v2\/product"}],"about":[{"href":"https:\/\/poisonshops.com\/cs\/wp-json\/wp\/v2\/types\/product"}],"replies":[{"embeddable":true,"href":"https:\/\/poisonshops.com\/cs\/wp-json\/wp\/v2\/comments?post=365"}],"wp:featuredmedia":[{"embeddable":true,"href":"https:\/\/poisonshops.com\/cs\/wp-json\/wp\/v2\/media\/366"}],"wp:attachment":[{"href":"https:\/\/poisonshops.com\/cs\/wp-json\/wp\/v2\/media?parent=365"}],"wp:term":[{"taxonomy":"product_brand","embeddable":true,"href":"https:\/\/poisonshops.com\/cs\/wp-json\/wp\/v2\/product_brand?post=365"},{"taxonomy":"product_cat","embeddable":true,"href":"https:\/\/poisonshops.com\/cs\/wp-json\/wp\/v2\/product_cat?post=365"},{"taxonomy":"product_tag","embeddable":true,"href":"https:\/\/poisonshops.com\/cs\/wp-json\/wp\/v2\/product_tag?post=365"}],"curies":[{"name":"wp","href":"https:\/\/api.w.org\/{rel}","templated":true}]}}