{"id":381,"date":"2025-11-20T11:28:52","date_gmt":"2025-11-20T11:28:52","guid":{"rendered":"https:\/\/poisonshops.com\/?post_type=product&#038;p=381"},"modified":"2026-03-07T07:13:24","modified_gmt":"2026-03-07T07:13:24","slug":"koupit-nervove-paralytickou-latku-vx","status":"publish","type":"product","link":"https:\/\/poisonshops.com\/cs\/produkt\/koupit-nervove-paralytickou-latku-vx\/","title":{"rendered":"Jed VX (nervov\u00fd plyn VX)"},"content":{"rendered":"<h2><span class=\"kY2IgmnCmOGjharHErah\"><b>Koupit<\/b> <b>VX<\/b> Nervov\u00fd agent<\/span><\/h2>\n<h4>P\u0159ehled<\/h4>\n<p>VX je vysoce toxick\u00e1 organofosf\u00e1tov\u00e1 nervov\u011b paralytick\u00e1 l\u00e1tka vyvinut\u00e1 pro chemickou v\u00e1lku. Je pova\u017eov\u00e1na za jednu z nejsmrtonosn\u011bj\u0161\u00edch zn\u00e1m\u00fdch chemick\u00fdch l\u00e1tek, p\u0159edev\u0161\u00edm kv\u016fli sv\u00e9 perzistenci a s\u00edle. Koupit Nervov\u011b paralytick\u00e1 l\u00e1tka VX.<\/p>\n<h4>Mechanismus \u00fa\u010dinku<\/h4>\n<p>VX p\u016fsob\u00ed podobn\u011b jako jin\u00e9 nervov\u011b paralytick\u00e9 l\u00e1tky inhibic\u00ed enzymu acetylcholinester\u00e1zy, kter\u00fd rozkl\u00e1d\u00e1 neurotransmiter acetylcholin. To vede k nadm\u011brn\u00e9 stimulaci sval\u016f a \u017el\u00e1z, co\u017e zp\u016fsobuje z\u00e1va\u017en\u00e9 p\u0159\u00edznaky a potenci\u00e1ln\u011b smrteln\u00e9 \u00fa\u010dinky. Jak koupit nervov\u011b paralytickou l\u00e1tku VX.<\/p>\n<h4>Jak zab\u00edj\u00ed<\/h4>\n<p>K expozici VX m\u016f\u017ee doj\u00edt vdechnut\u00edm, po\u017eit\u00edm nebo vst\u0159eb\u00e1n\u00edm k\u016f\u017e\u00ed. P\u0159\u00edznaky se mohou projevit rychle b\u011bhem n\u011bkolika minut a\u017e hodin po expozici a mohou zahrnovat z\u00fa\u017een\u00ed zornic, nadm\u011brn\u00e9 slin\u011bn\u00ed, k\u0159e\u010de, paral\u00fdzu, selh\u00e1n\u00ed d\u00fdch\u00e1n\u00ed a smrt.<\/p>\n<h4>Mno\u017estv\u00ed pot\u0159ebn\u00e9 k usmrcen\u00ed<\/h4>\n<p>Smrteln\u00e1 d\u00e1vka VX je velmi mal\u00e1, podle odhad\u016f m\u016f\u017ee b\u00fdt pro dosp\u011bl\u00e9ho \u010dlov\u011bka smrteln\u00e1 pouh\u00fdch 10 mg VX absorbovan\u00fdch k\u016f\u017e\u00ed. Jak koupit nervov\u011b paralytickou l\u00e1tku VX.<\/p>\n<p><img decoding=\"async\" class=\"wp-image-463 aligncenter\" src=\"https:\/\/poisonshops.com\/wp-content\/uploads\/2025\/11\/tttt-1-204x300.png\" alt=\"Obchod s jedy\" width=\"58\" height=\"85\" srcset=\"https:\/\/poisonshops.com\/wp-content\/uploads\/2025\/11\/tttt-1-204x300.png 204w, https:\/\/poisonshops.com\/wp-content\/uploads\/2025\/11\/tttt-1.png 218w\" sizes=\"(max-width: 58px) 100vw, 58px\" \/><\/p>\n<h4>P\u0159\u00edznaky a symptomy<\/h4>\n<p>Mezi p\u0159\u00edznaky otravy VX pat\u0159\u00ed:<\/p>\n<ul>\n<li><strong>Po\u010d\u00e1te\u010dn\u00ed p\u0159\u00edznaky<\/strong>: R\u00fdma, pocit nap\u011bt\u00ed na hrudi, rozmazan\u00e9 vid\u011bn\u00ed a nevolnost.<\/li>\n<li><strong>Progresivn\u00ed p\u0159\u00edznaky<\/strong>: Svalov\u00e9 z\u00e1\u0161kuby, k\u0159e\u010de, ztr\u00e1ta v\u011bdom\u00ed, dechov\u00e1 t\u00edse\u0148 a z\u00e1stava srdce. <span class=\"EKtkFWMYpwzMKOYr0GYm LQVY1Jpkk8nyJ6HBWKAk\">Koupit Vx Nerve Agents online.<\/span><\/li>\n<\/ul>\n<h4>Formul\u00e1\u0159e a zdroje<\/h4>\n<p>VX se syntetizuje a pou\u017e\u00edv\u00e1 p\u0159edev\u0161\u00edm jako bojov\u00e1 chemick\u00e1 l\u00e1tka. Existuje jako visk\u00f3zn\u00ed kapalina a m\u016f\u017ee b\u00fdt tak\u00e9 rozpt\u00fdlena v aerosolu. Kde bezpe\u010dn\u011b objednat nervov\u011b paralytickou l\u00e1tku VX.<\/p>\n<h4>Detekce a l\u00e9\u010dba<\/h4>\n<ul>\n<li><strong>Detekce<\/strong>: Diagn\u00f3za je zalo\u017eena na p\u0159\u00edznac\u00edch a potvrzena specializovan\u00fdm testem na detekci VX nebo jeho metabolit\u016f v krvi nebo mo\u010di.<\/li>\n<li><strong>L\u00e9\u010dba<\/strong>: Okam\u017eit\u00e9 pod\u00e1n\u00ed antidot, jako je atropin a chlorid pralidoximov\u00fd (2-PAM), k potla\u010den\u00ed \u00fa\u010dink\u016f VX. Podp\u016frn\u00e1 p\u00e9\u010de zahrnuje podporu d\u00fdch\u00e1n\u00ed a dekontaminaci exponovan\u00fdch osob. Kde bezpe\u010dn\u011b objednat nervov\u011b paralytickou l\u00e1tku VX.<\/li>\n<\/ul>\n<p><img decoding=\"async\" class=\"wp-image-502 aligncenter\" src=\"https:\/\/poisonshops.com\/wp-content\/uploads\/2025\/11\/Bio-Weapons-240x300.png\" alt=\"Biologick\u00e9 zbran\u011b\" width=\"81\" height=\"101\" srcset=\"https:\/\/poisonshops.com\/wp-content\/uploads\/2025\/11\/Bio-Weapons-240x300.png 240w, https:\/\/poisonshops.com\/wp-content\/uploads\/2025\/11\/Bio-Weapons.png 265w\" sizes=\"(max-width: 81px) 100vw, 81px\" \/><\/p>\n<h4>Prevence<\/h4>\n<ul>\n<li><strong>Bezpe\u010dnostn\u00ed opat\u0159en\u00ed<\/strong>: P\u0159\u00edsn\u00e9 dodr\u017eov\u00e1n\u00ed mezin\u00e1rodn\u00edch smluv a p\u0159edpis\u016f t\u00fdkaj\u00edc\u00edch se v\u00fdroby, skladov\u00e1n\u00ed a pou\u017e\u00edv\u00e1n\u00ed chemick\u00fdch zbran\u00ed. P\u0159ipravenost na nouzovou reakci na chemick\u00e9 incidenty s nervov\u011b paralytick\u00fdmi l\u00e1tkami, jako je VX. Koupit jed VX (nervov\u011b paralytick\u00e1 l\u00e1tka VX).<\/li>\n<\/ul>\n<h3>Kde si bezpe\u010dn\u011b objednat nervov\u011b paralytickou l\u00e1tku VX<\/h3>\n<h4>Z\u00e1v\u011br<\/h4>\n<p>Nervov\u011b paralytick\u00e1 l\u00e1tka VX p\u0159edstavuje v\u00fdznamnou hrozbu kv\u016fli sv\u00e9 extr\u00e9mn\u00ed toxicit\u011b a mo\u017enosti pou\u017eit\u00ed jako chemick\u00e9 zbran\u011b. Pochopen\u00ed mechanism\u016f jej\u00edho p\u016fsoben\u00ed, p\u0159\u00edznak\u016f otravy a protokol\u016f nouzov\u00e9 l\u00e9\u010dby je z\u00e1sadn\u00ed pro p\u0159ipravenost a reakci na incidenty s chemick\u00fdmi zbran\u011bmi.<\/p>\n<h3>VX Poison na prodej<\/h3>\n<ul>\n<li class=\"list-group-item\"><span class=\"faq-answer\">Nervov\u011b paralytick\u00e9 l\u00e1tky Vx jsou vysoce toxick\u00e9 chemick\u00e9 l\u00e1tky ur\u010den\u00e9 jako smrt\u00edc\u00ed prost\u0159edky ve v\u00e1lce a terorismu. Funguj\u00ed tak, \u017ee naru\u0161uj\u00ed norm\u00e1ln\u00ed \u010dinnost neurotransmiter\u016f v nervov\u00e9m syst\u00e9mu, co\u017e vede k \u0159ad\u011b z\u00e1va\u017en\u00fdch p\u0159\u00edznak\u016f, v\u010detn\u011b k\u0159e\u010d\u00ed a selh\u00e1n\u00ed d\u00fdch\u00e1n\u00ed. Tyto l\u00e1tky jsou klasifikov\u00e1ny jako organofosforov\u00e9 slou\u010deniny a maj\u00ed vysokou \u00farove\u0148 toxicity i v nepatrn\u00fdch mno\u017estv\u00edch. Pochopen\u00ed jejich funkce je z\u00e1sadn\u00ed pro vojensk\u00e9, zdravotnick\u00e9 a bezpe\u010dnostn\u00ed odborn\u00edky, stejn\u011b jako pro z\u00e1chran\u00e1\u0159e, kte\u0159\u00ed se mohou setkat s chemick\u00fdmi hrozbami v r\u016fzn\u00fdch situac\u00edch. Jak koupit nervov\u011b paralytickou l\u00e1tku VX.<\/span><\/li>\n<li class=\"list-group-item\"><strong>Ot\u00e1zka: <\/strong> <strong>Jak p\u016fsob\u00ed nervov\u011b paralytick\u00e9 l\u00e1tky Vx na lidsk\u00fd organismus?<\/strong><strong>Odpov\u011b\u010f: <\/strong> <span class=\"faq-answer\">Po expozici nervov\u011b paralytick\u00fdm l\u00e1tk\u00e1m Vx je schopnost organismu odbour\u00e1vat acetylcholin v\u00e1\u017en\u011b naru\u0161ena. To vede k hromad\u011bn\u00ed acetylcholinu v nervov\u00fdch synaps\u00edch, co\u017e zp\u016fsobuje nadm\u011brnou stimulaci sval\u016f a \u017el\u00e1z a m\u016f\u017ee v\u00e9st ke svalov\u00fdm z\u00e1\u0161kub\u016fm, k\u0159e\u010d\u00edm a ochrnut\u00ed. Zvl\u00e1\u0161t\u011b zraniteln\u00fd je d\u00fdchac\u00ed syst\u00e9m, proto\u017ee m\u016f\u017ee doj\u00edt ke z\u00fa\u017een\u00ed d\u00fdchac\u00edch cest, co\u017e m\u016f\u017ee v\u00e9st k udu\u0161en\u00ed. Znalost fyziologick\u00fdch \u00fa\u010dink\u016f je pro pracovn\u00edky prvn\u00ed pomoci z\u00e1sadn\u00ed, aby mohli v p\u0159\u00edpad\u011b expozice poskytnout okam\u017eit\u00fd l\u00e9ka\u0159sk\u00fd z\u00e1sah.<\/span><\/li>\n<li class=\"list-group-item\"><strong>Ot\u00e1zka: <\/strong> <strong>Jak\u00e9 jsou p\u0159\u00edznaky expozice nervov\u011b paralytick\u00e9 l\u00e1tce Vx?<\/strong><strong>Odpov\u011b\u010f: <\/strong> <span class=\"faq-answer\">Mezi p\u0159\u00edznaky expozice nervov\u011b paralytick\u00fdm l\u00e1tk\u00e1m Vx pat\u0159\u00ed nadm\u011brn\u00e9 slin\u011bn\u00ed, slzen\u00ed (tvorba slz), mo\u010den\u00ed, pr\u016fjem, gastrointestin\u00e1ln\u00ed pot\u00ed\u017ee, svalov\u00e9 z\u00e1\u0161kuby a d\u00fdchac\u00ed pot\u00ed\u017ee. T\u011b\u017ek\u00e1 expozice m\u016f\u017ee v\u00e9st ke k\u0159e\u010d\u00edm a ztr\u00e1t\u011b v\u011bdom\u00ed. Ka\u017ed\u00fd z t\u011bchto p\u0159\u00edznak\u016f vznik\u00e1 v d\u016fsledku naru\u0161en\u00ed norm\u00e1ln\u00ed nervov\u00e9 funkce. Rychl\u00e9 rozpozn\u00e1n\u00ed t\u011bchto p\u0159\u00edznak\u016f m\u016f\u017ee pomoci p\u0159i rychl\u00e9 pomoci a zotaven\u00ed, co\u017e zd\u016fraz\u0148uje v\u00fdznam \u0161kolen\u00ed pro odborn\u00edky, kte\u0159\u00ed se mohou setkat s chemick\u00fdmi l\u00e1tkami.<\/span><\/li>\n<li class=\"list-group-item\"><strong>Ot\u00e1zka: <\/strong> <strong>Jak\u00e1 opat\u0159en\u00ed je t\u0159eba p\u0159ijmout p\u0159i manipulaci s nervov\u011b paralytick\u00fdmi l\u00e1tkami Vx?<\/strong><strong>Odpov\u011b\u010f: <\/strong> <span class=\"faq-answer\">Manipulace s nervov\u011b paralytick\u00fdmi l\u00e1tkami Vx vy\u017eaduje mimo\u0159\u00e1dnou opatrnost a dodr\u017eov\u00e1n\u00ed p\u0159\u00edsn\u00fdch bezpe\u010dnostn\u00edch protokol\u016f, v\u010detn\u011b pou\u017e\u00edv\u00e1n\u00ed kompletn\u00edho ochrann\u00e9ho od\u011bvu, respir\u00e1tor\u016f a specializovan\u00e9ho vybaven\u00ed. Je nezbytn\u00e9 vytvo\u0159it kontrolovan\u00e9 prost\u0159ed\u00ed, aby se minimalizovalo riziko expozice, v\u010detn\u011b \u0159\u00e1dn\u00e9ho \u0161kolen\u00ed person\u00e1lu pro rozpozn\u00e1n\u00ed a reakci na incidenty. Tato \u00farove\u0148 p\u0159ipravenosti je rozhoduj\u00edc\u00ed nejen pro ochranu osob ve vojensk\u00e9m nebo laboratorn\u00edm prost\u0159ed\u00ed, ale tak\u00e9 pro zaji\u0161t\u011bn\u00ed bezpe\u010dnosti ve\u0159ejnosti v p\u0159\u00edpad\u011b n\u00e1hodn\u00e9ho \u00faniku nebo expozice.<\/span><\/li>\n<li class=\"list-group-item\"><strong>Ot\u00e1zka: <\/strong> <strong>Jak\u00fd je postup dekontaminace p\u0159i expozici nervov\u011b paralytickou l\u00e1tkou Vx?<\/strong><strong>Odpov\u011b\u010f: <\/strong> <span class=\"faq-answer\">Dekontaminace p\u0159i zasa\u017een\u00ed nervov\u011b paralytickou l\u00e1tkou Vx zahrnuje okam\u017eit\u00e9 vyveden\u00ed z kontaminovan\u00e9 oblasti a n\u00e1sledn\u00e9 d\u016fkladn\u00e9 omyt\u00ed poko\u017eky a od\u011bvu vodou a m\u00fddlem. Kupte si nervov\u00e9 l\u00e1tky Vx online.<\/span><\/li>\n<li><span class=\"faq-answer\">Zdravotnick\u00fd person\u00e1l mus\u00ed podat vhodn\u00e1 antidota, jako je atropin a pralidoxim, aby neutralizoval \u00fa\u010dinky toxinu. <span class=\"EKtkFWMYpwzMKOYr0GYm LQVY1Jpkk8nyJ6HBWKAk\">Koupit Vx Nervov\u00e9 l\u00e1tky online<\/span>.<\/span><\/li>\n<li class=\"list-group-item\"><span class=\"faq-answer\">Po expozici se doporu\u010duje dlouhodob\u00e9 sledov\u00e1n\u00ed zdravotn\u00edho stavu kv\u016fli mo\u017en\u00fdm rezidu\u00e1ln\u00edm \u00fa\u010dink\u016fm. Tento strukturovan\u00fd p\u0159\u00edstup pom\u00e1h\u00e1 zajistit co nejv\u011bt\u0161\u00ed \u0161anci na uzdraven\u00ed.<\/span><\/li>\n<\/ul>\n<p><img decoding=\"async\" class=\"wp-image-176 aligncenter\" src=\"https:\/\/poisonshops.com\/wp-content\/uploads\/2025\/11\/poison_shop_logo-300x171.png\" alt=\"Obchody s jedy\" width=\"144\" height=\"82\" srcset=\"https:\/\/poisonshops.com\/wp-content\/uploads\/2025\/11\/poison_shop_logo-300x171.png 300w, https:\/\/poisonshops.com\/wp-content\/uploads\/2025\/11\/poison_shop_logo.png 563w\" sizes=\"(max-width: 144px) 100vw, 144px\" \/><\/p>","protected":false},"excerpt":{"rendered":"<p>Buy VX Nerve Agent Overview VX is a highly toxic organophosphate nerve agent developed for chemical warfare. It is considered one of the most lethal chemical agents known, primarily due to its persistent nature and potency. Buy VX Nerve Agent. Mechanism of Action VX acts similarly to other nerve agents by inhibiting the enzyme acetylcholinesterase, [&hellip;]<\/p>\n","protected":false},"featured_media":382,"comment_status":"open","ping_status":"closed","template":"","meta":[],"product_brand":[],"product_cat":[17],"product_tag":[],"class_list":{"0":"post-381","1":"product","2":"type-product","3":"status-publish","4":"has-post-thumbnail","6":"product_cat-poisons-for-sale","8":"first","9":"instock","10":"shipping-taxable","11":"purchasable","12":"product-type-variable"},"_links":{"self":[{"href":"https:\/\/poisonshops.com\/cs\/wp-json\/wp\/v2\/product\/381","targetHints":{"allow":["GET"]}}],"collection":[{"href":"https:\/\/poisonshops.com\/cs\/wp-json\/wp\/v2\/product"}],"about":[{"href":"https:\/\/poisonshops.com\/cs\/wp-json\/wp\/v2\/types\/product"}],"replies":[{"embeddable":true,"href":"https:\/\/poisonshops.com\/cs\/wp-json\/wp\/v2\/comments?post=381"}],"wp:featuredmedia":[{"embeddable":true,"href":"https:\/\/poisonshops.com\/cs\/wp-json\/wp\/v2\/media\/382"}],"wp:attachment":[{"href":"https:\/\/poisonshops.com\/cs\/wp-json\/wp\/v2\/media?parent=381"}],"wp:term":[{"taxonomy":"product_brand","embeddable":true,"href":"https:\/\/poisonshops.com\/cs\/wp-json\/wp\/v2\/product_brand?post=381"},{"taxonomy":"product_cat","embeddable":true,"href":"https:\/\/poisonshops.com\/cs\/wp-json\/wp\/v2\/product_cat?post=381"},{"taxonomy":"product_tag","embeddable":true,"href":"https:\/\/poisonshops.com\/cs\/wp-json\/wp\/v2\/product_tag?post=381"}],"curies":[{"name":"wp","href":"https:\/\/api.w.org\/{rel}","templated":true}]}}