{"id":388,"date":"2025-11-20T11:34:02","date_gmt":"2025-11-20T11:34:02","guid":{"rendered":"https:\/\/poisonshops.com\/?post_type=product&#038;p=388"},"modified":"2025-12-02T14:35:34","modified_gmt":"2025-12-02T14:35:34","slug":"koupit-kyanid-draselny","status":"publish","type":"product","link":"https:\/\/poisonshops.com\/cs\/produkt\/koupit-kyanid-draselny\/","title":{"rendered":"Kyanid draseln\u00fd"},"content":{"rendered":"<h2>Koupit kyanid draseln\u00fd<\/h2>\n<p><strong>Kyanid draseln\u00fd (KCN)<\/strong> je vysoce toxick\u00e1 slou\u010denina, kter\u00e1 je obecn\u011b zn\u00e1m\u00e1 sv\u00fdmi rychl\u00fdmi a smrteln\u00fdmi \u00fa\u010dinky p\u0159i po\u017eit\u00ed nebo vdechnut\u00ed. Pou\u017e\u00edv\u00e1 se v r\u016fzn\u00fdch pr\u016fmyslov\u00fdch aplikac\u00edch, ale je nechvaln\u011b zn\u00e1m\u00e1 pro sv\u00e9 pou\u017eit\u00ed jako jed. N\u00ed\u017ee jsou uvedeny kl\u00ed\u010dov\u00e9 podrobnosti o kyanidu draseln\u00e9m, v\u010detn\u011b jeho pou\u017eit\u00ed, zp\u016fsobu usmrcen\u00ed, forem, v nich\u017e se dod\u00e1v\u00e1, a mno\u017estv\u00ed pot\u0159ebn\u00e9ho pro smrtelnost. Koupit Kyanid draseln\u00fd.<\/p>\n<h3>Co je kyanid draseln\u00fd?<\/h3>\n<p>Kyanid draseln\u00fd je b\u00edl\u00e1 krystalick\u00e1 slou\u010denina s chemick\u00fdm vzorcem\u00a0<strong>KCN<\/strong>. M\u00e1 slabou v\u016fni po mandl\u00edch, i kdy\u017e ne ka\u017ed\u00fd ji dok\u00e1\u017ee rozpoznat kv\u016fli genetick\u00fdm faktor\u016fm. Kyanid draseln\u00fd je dob\u0159e rozpustn\u00fd ve vod\u011b a p\u0159i styku s kyselinami nebo vodou m\u016f\u017ee uvol\u0148ovat smrt\u00edc\u00ed plynn\u00fd kyanovod\u00edk. Kyanid draseln\u00fd na prodej.<\/p>\n<h3>Pou\u017eit\u00ed kyanidu draseln\u00e9ho<\/h3>\n<p>1.\u00a0<strong>T\u011b\u017eba a z\u00edsk\u00e1v\u00e1n\u00ed zlata<\/strong>: Kyanid draseln\u00fd se \u0161iroce pou\u017e\u00edv\u00e1 v t\u011b\u017eebn\u00edm pr\u016fmyslu k extrakci zlata a st\u0159\u00edbra z rud v procesu zvan\u00e9m kyanizace. Dodavatel\u00e9 kyanidu draseln\u00e9ho.<\/p>\n<p>2.\u00a0<strong>Galvanick\u00e9 pokovov\u00e1n\u00ed<\/strong>: Pou\u017e\u00edv\u00e1 se p\u0159i galvanick\u00e9m pokovov\u00e1n\u00ed k pokovov\u00e1n\u00ed kov\u016f, jako je st\u0159\u00edbro, zlato a jin\u00e9 drah\u00e9 kovy, pro dekorativn\u00ed a ochrann\u00e9 \u00fa\u010dely.<\/p>\n<p>3. <strong>Chemick\u00e1 synt\u00e9za<\/strong>: Kyanid draseln\u00fd se pou\u017e\u00edv\u00e1 v organick\u00e9 chemii k synt\u00e9ze nitril\u016f a dal\u0161\u00edch slou\u010denin obsahuj\u00edc\u00edch kyanidy.<\/p>\n<p>4. <strong>Zu\u0161lech\u0165ov\u00e1n\u00ed \u0161perk\u016f a kov\u016f:<\/strong>\u00a0Ve \u0161perka\u0159sk\u00e9m pr\u016fmyslu se kyanid draseln\u00fd n\u011bkdy pou\u017e\u00edv\u00e1 k \u010di\u0161t\u011bn\u00ed nebo le\u0161t\u011bn\u00ed kov\u016f.<\/p>\n<p>5. <strong>Historick\u00e9 pou\u017eit\u00ed jako jed:<\/strong> KCN se v minulosti pou\u017e\u00edval jako smrt\u00edc\u00ed jed p\u0159i \u0161pion\u00e1\u017ei, sebevra\u017ed\u00e1ch a poprav\u00e1ch. Kyanid draseln\u00fd na prodej.<\/p>\n<h3>Jak kyanid draseln\u00fd zab\u00edj\u00ed<\/h3>\n<p>Kyanid draseln\u00fd zab\u00edj\u00ed t\u00edm, \u017ee inhibuje bun\u011b\u010dn\u00e9 d\u00fdch\u00e1n\u00ed, kter\u00e9 je nezbytn\u00e9 pro v\u00fdrobu energie. Funguje takto:<\/p>\n<p>\u2013 <strong>Mechanismus \u00fa\u010dinku:<\/strong>\u00a0P\u0159i po\u017eit\u00ed, vdechnut\u00ed nebo absorpci kyanidu draseln\u00e9ho se uvol\u0148uje<strong>\u00a0kyanidov\u00e9 ionty (CN-)<\/strong>, kter\u00e9 se v\u00e1\u017eou na enzym\u00a0<strong>cytochrom c oxid\u00e1za<\/strong>\u00a0v mitochondri\u00edch bun\u011bk. Tento enzym hraje kl\u00ed\u010dovou roli v elektronov\u00e9m transportn\u00edm \u0159et\u011bzci, kter\u00fd je nezbytn\u00fd pro v\u00fdrobu ATP (adenosintrifosf\u00e1tu), energetick\u00e9 m\u011bny bu\u0148ky.<\/p>\n<p>\u2013<strong>\u00a0V\u00fdsledek:<\/strong> Kyanid br\u00e1n\u00ed mitochondri\u00edm vyu\u017e\u00edvat kysl\u00edk, \u010d\u00edm\u017e \u00fa\u010dinn\u011b zastavuje aerobn\u00ed d\u00fdch\u00e1n\u00ed. Bez produkce energie za\u010dnou bu\u0148ky - zejm\u00e9na v \u017eivotn\u011b d\u016fle\u017eit\u00fdch org\u00e1nech, jako je srdce a mozek - rychle odum\u00edrat. Dodavatel\u00e9 kyanidu draseln\u00e9ho.<\/p>\n<p>\u2013 <strong>P\u0159\u00edznaky a n\u00e1stup:<\/strong>\u00a0Mezi p\u0159\u00edznaky otravy kyanidem pat\u0159\u00ed nevolnost, z\u00e1vrat\u011b, d\u00fdchac\u00ed pot\u00ed\u017ee, k\u0159e\u010de a bezv\u011bdom\u00ed. V z\u00e1vislosti na d\u00e1vce a zp\u016fsobu expozice m\u016f\u017ee b\u011bhem n\u011bkolika minut doj\u00edt k \u00famrt\u00ed v d\u016fsledku z\u00e1stavy srdce nebo selh\u00e1n\u00ed d\u00fdch\u00e1n\u00ed.<\/p>\n<h3>Formy kyanidu draseln\u00e9ho<\/h3>\n<p>1.\u00a0<strong>Pevn\u00e1 l\u00e1tka (krystalick\u00e1\/prachov\u00e1):**<\/strong>\u00a0Kyanid draseln\u00fd se obvykle vyskytuje ve form\u011b b\u00edl\u00e9 krystalick\u00e9 pevn\u00e9 l\u00e1tky nebo ve form\u011b pr\u00e1\u0161ku.<\/p>\n<p>2. <strong>\u0158e\u0161en\u00ed:<\/strong>\u00a0M\u016f\u017ee b\u00fdt rozpu\u0161t\u011bn ve vod\u011b nebo jin\u00fdch kapalin\u00e1ch a vytvo\u0159it vysoce toxick\u00fd roztok. Tato forma je tak\u00e9 nebezpe\u010dn\u00e1, proto\u017ee m\u016f\u017ee uvol\u0148ovat\u00a0<strong>plynn\u00fd kyanovod\u00edk\u00a0<\/strong>pokud p\u0159ijde do styku s kyselinami.<\/p>\n<p>3. <strong>Tablety nebo kapsle:<\/strong> V n\u011bkter\u00fdch p\u0159\u00edpadech byl kyanid draseln\u00fd upraven do tablet nebo kapsl\u00ed, kter\u00e9 se v minulosti pou\u017e\u00edvaly ve \u0161pion\u00e1\u017ei k sebevra\u017ed\u011b, aby se zabr\u00e1nilo dopaden\u00ed. Koupit Kyanid draseln\u00fd online.<\/p>\n<h3>Kyanid draseln\u00fd na prodej<\/h3>\n<p><img decoding=\"async\" class=\"wp-image-463 aligncenter\" src=\"https:\/\/poisonshops.com\/wp-content\/uploads\/2025\/11\/tttt-1-204x300.png\" alt=\"Obchod s jedy\" width=\"68\" height=\"100\" srcset=\"https:\/\/poisonshops.com\/wp-content\/uploads\/2025\/11\/tttt-1-204x300.png 204w, https:\/\/poisonshops.com\/wp-content\/uploads\/2025\/11\/tttt-1.png 218w\" sizes=\"(max-width: 68px) 100vw, 68px\" \/><\/p>\n<h3>Smrteln\u00e1 d\u00e1vka kyanidu draseln\u00e9ho<\/h3>\n<p>\u2013\u00a0<strong>Peror\u00e1ln\u00ed smrteln\u00e1 d\u00e1vka (LD50)<\/strong>: Odhadovan\u00fd\u00a0<strong>smrteln\u00e1 d\u00e1vka pro \u010dlov\u011bka se pohybuje v rozmez\u00ed 200 a\u017e 300 mg nebo 2 a\u017e 3 mg na kilogram t\u011blesn\u00e9 hmotnosti.<\/strong>\u00a0po po\u017eit\u00ed.<\/p>\n<p>\u2013<strong>\u00a0Inhalace<\/strong>: Vdechnut\u00ed kyanidu draseln\u00e9ho nebo jeho plynn\u00e9 formy, kyanovod\u00edku, m\u016f\u017ee b\u00fdt smrteln\u00e9 ji\u017e p\u0159i koncentrac\u00edch do 1,5 kg.<strong>\u00a0100-300 ppm (\u010d\u00e1stic na milion)<\/strong>. Inhalace vede k rychlej\u0161\u00edmu vst\u0159eb\u00e1v\u00e1n\u00ed a m\u016f\u017ee m\u00edt ve srovn\u00e1n\u00ed s po\u017eit\u00edm bezprost\u0159edn\u011bj\u0161\u00ed \u00fa\u010dinky. Koupit Kyanid draseln\u00fd (KCN) online.<\/p>\n<p>\u2013\u00a0<strong>Mno\u017estv\u00ed na zabit\u00ed:<\/strong> N\u011bkolik set miligram\u016f kyanidu draseln\u00e9ho (o velikosti zrnka r\u00fd\u017ee) m\u016f\u017ee sta\u010dit k usmrcen\u00ed dosp\u011bl\u00e9ho \u010dlov\u011bka. Pro men\u0161\u00ed jedince nebo osoby se \u0161patn\u00fdm zdravotn\u00edm stavem m\u016f\u017ee b\u00fdt smrteln\u00e9 i men\u0161\u00ed mno\u017estv\u00ed. Kupte si kyanid draseln\u00fd.<\/p>\n<p><img decoding=\"async\" class=\"wp-image-502 aligncenter\" src=\"https:\/\/poisonshops.com\/wp-content\/uploads\/2025\/11\/Bio-Weapons-240x300.png\" alt=\"Biologick\u00e9 zbran\u011b\" width=\"63\" height=\"79\" srcset=\"https:\/\/poisonshops.com\/wp-content\/uploads\/2025\/11\/Bio-Weapons-240x300.png 240w, https:\/\/poisonshops.com\/wp-content\/uploads\/2025\/11\/Bio-Weapons.png 265w\" sizes=\"(max-width: 63px) 100vw, 63px\" \/><\/p>\n<h3>Bezpe\u010dnostn\u00ed a pr\u00e1vn\u00ed aspekty kyanidu draseln\u00e9ho<\/h3>\n<p>\u2013\u00a0<strong>Opat\u0159en\u00ed pro manipulaci<\/strong>: Kyanid draseln\u00fd je vzhledem ke sv\u00e9 mimo\u0159\u00e1dn\u00e9 toxicit\u011b regulovanou l\u00e1tkou. Manipulace s n\u00edm vy\u017eaduje ochrann\u00e9 pom\u016fcky, v\u010detn\u011b rukavic, ochrann\u00fdch br\u00fdl\u00ed a \u0159\u00e1dn\u00e9ho v\u011btr\u00e1n\u00ed, aby se zabr\u00e1nilo vdechnut\u00ed.<br \/>\n<strong>- Likvidace:<\/strong> Kyanid draseln\u00fd mus\u00ed b\u00fdt likvidov\u00e1n v souladu s p\u0159edpisy o nebezpe\u010dn\u00fdch materi\u00e1lech, co\u017e \u010dasto zahrnuje neutralizaci b\u011blidlem nebo peroxidem vod\u00edku za kontrolovan\u00fdch podm\u00ednek. Kupte si kyanid draseln\u00fd online za nejlep\u0161\u00ed cenu.<br \/>\n\u2013\u00a0<strong>Pr\u00e1vn\u00ed omezen\u00ed<\/strong>: Prodej, dr\u017een\u00ed a pou\u017e\u00edv\u00e1n\u00ed kyanidu draseln\u00e9ho jsou ve v\u011bt\u0161in\u011b zem\u00ed p\u0159\u00edsn\u011b regulov\u00e1ny. Neopr\u00e1vn\u011bn\u00e9 pou\u017eit\u00ed, zejm\u00e9na pro \u0161kodliv\u00e9 \u00fa\u010dely, je nez\u00e1konn\u00e9 a m\u016f\u017ee v\u00e9st k p\u0159\u00edsn\u00fdm pr\u00e1vn\u00edm postih\u016fm. Kupte si kyanid draseln\u00fd online se zaji\u0161t\u011bnou diskr\u00e9tn\u00ed dopravou.<\/p>\n<h4 class=\"LnpumSThxEWMIsDdAT17 CXMyPcQ6nDv47DKFeywM\"><span class=\"EKtkFWMYpwzMKOYr0GYm LQVY1Jpkk8nyJ6HBWKAk\">Kde si m\u016f\u017eete bezpe\u010dn\u011b koupit kyanid draseln\u00fd?<\/span><\/h4>\n<h3>Z\u00e1v\u011br<\/h3>\n<p>Kyanid draseln\u00fd je extr\u00e9mn\u011b toxick\u00e1 chemick\u00e1 l\u00e1tka, kter\u00e1 potla\u010duje schopnost organismu vyu\u017e\u00edvat kysl\u00edk, co\u017e vede k rychl\u00e9 smrti v d\u016fsledku selh\u00e1n\u00ed d\u00fdch\u00e1n\u00ed nebo srde\u010dn\u00ed \u010dinnosti. I mal\u00e9 mno\u017estv\u00ed m\u016f\u017ee b\u00fdt smrteln\u00e9 a jeho pou\u017eit\u00ed je omezeno p\u0159edev\u0161\u00edm na pr\u016fmyslov\u00e9 procesy za p\u0159\u00edsn\u00fdch bezpe\u010dnostn\u00edch p\u0159edpis\u016f. Manipulace s kyanidem draseln\u00fdm vy\u017eaduje mimo\u0159\u00e1dnou opatrnost vzhledem k riziku smrteln\u00e9 otravy p\u0159i po\u017eit\u00ed, vdechnut\u00ed nebo absorpci k\u016f\u017e\u00ed. Dodavatel\u00e9 kyanidu draseln\u00e9ho.<\/p>\n<h4>Koupit kyanid draseln\u00fd Online zaji\u0161t\u011bna diskr\u00e9tn\u00ed doprava<\/h4>\n<p><img decoding=\"async\" class=\"wp-image-176 aligncenter\" src=\"https:\/\/poisonshops.com\/wp-content\/uploads\/2025\/11\/poison_shop_logo-300x171.png\" alt=\"Obchody s jedy\" width=\"133\" height=\"76\" srcset=\"https:\/\/poisonshops.com\/wp-content\/uploads\/2025\/11\/poison_shop_logo-300x171.png 300w, https:\/\/poisonshops.com\/wp-content\/uploads\/2025\/11\/poison_shop_logo.png 563w\" sizes=\"(max-width: 133px) 100vw, 133px\" \/><\/p>","protected":false},"excerpt":{"rendered":"<p>Buy Potassium Cyanide Potassium cyanide (KCN) is a highly toxic compound commonly known for its rapid and lethal effects when ingested or inhaled. It is used in various industrial applications but is notorious for its use as a poison. Below are key details about potassium cyanide, including its uses, how it kills, forms it comes [&hellip;]<\/p>\n","protected":false},"featured_media":389,"comment_status":"open","ping_status":"closed","template":"","meta":[],"product_brand":[],"product_cat":[21],"product_tag":[],"class_list":{"0":"post-388","1":"product","2":"type-product","3":"status-publish","4":"has-post-thumbnail","6":"product_cat-buy-research-chemicals-online","8":"first","9":"instock","10":"shipping-taxable","11":"purchasable","12":"product-type-simple"},"_links":{"self":[{"href":"https:\/\/poisonshops.com\/cs\/wp-json\/wp\/v2\/product\/388","targetHints":{"allow":["GET"]}}],"collection":[{"href":"https:\/\/poisonshops.com\/cs\/wp-json\/wp\/v2\/product"}],"about":[{"href":"https:\/\/poisonshops.com\/cs\/wp-json\/wp\/v2\/types\/product"}],"replies":[{"embeddable":true,"href":"https:\/\/poisonshops.com\/cs\/wp-json\/wp\/v2\/comments?post=388"}],"wp:featuredmedia":[{"embeddable":true,"href":"https:\/\/poisonshops.com\/cs\/wp-json\/wp\/v2\/media\/389"}],"wp:attachment":[{"href":"https:\/\/poisonshops.com\/cs\/wp-json\/wp\/v2\/media?parent=388"}],"wp:term":[{"taxonomy":"product_brand","embeddable":true,"href":"https:\/\/poisonshops.com\/cs\/wp-json\/wp\/v2\/product_brand?post=388"},{"taxonomy":"product_cat","embeddable":true,"href":"https:\/\/poisonshops.com\/cs\/wp-json\/wp\/v2\/product_cat?post=388"},{"taxonomy":"product_tag","embeddable":true,"href":"https:\/\/poisonshops.com\/cs\/wp-json\/wp\/v2\/product_tag?post=388"}],"curies":[{"name":"wp","href":"https:\/\/api.w.org\/{rel}","templated":true}]}}