{"id":390,"date":"2025-11-20T11:36:50","date_gmt":"2025-11-20T11:36:50","guid":{"rendered":"https:\/\/poisonshops.com\/?post_type=product&#038;p=390"},"modified":"2025-12-26T00:39:50","modified_gmt":"2025-12-26T00:39:50","slug":"koupit-cervenou-tekutou-rtut","status":"publish","type":"product","link":"https:\/\/poisonshops.com\/cs\/produkt\/koupit-cervenou-tekutou-rtut\/","title":{"rendered":"\u010cerven\u00e1 kapaln\u00e1 rtu\u0165"},"content":{"rendered":"<h2>\u010cist\u00e1 \u010derven\u00e1 kapaln\u00e1 rtu\u0165<\/h2>\n<p>Jsme pr\u00e9miov\u00fd velkoobchod a maloobchodn\u00ed prodejce \u010derven\u00e9 tekut\u00e9 rtuti. Dod\u00e1v\u00e1me \u010distou \u010dervenou tekutou rtu\u0165 20\/20 vynikaj\u00edc\u00ed kvality z USA, \u010c\u00edny a Evropy. Na\u0161e \u010derven\u00e1 tekut\u00e1 rtu\u0165 20\/20 je velmi \u017e\u00e1dan\u00e1 v pr\u016fmyslov\u00fdch odv\u011btv\u00edch po cel\u00e9m sv\u011bt\u011b. Jedn\u00e1 se o vysoce kvalitn\u00ed a dokonale slo\u017eenou \u010dervenou tekutou rtu\u0165 20\/20. Kupte si \u010dervenou tekutou rtu\u0165.<\/p>\n<p>\u010cerven\u00e1 kapaln\u00e1 rtu\u0165 je t\u0159e\u0161\u0148ov\u011b \u010derven\u00e1 kapalina, kter\u00e1 se vyr\u00e1b\u00ed oza\u0159ov\u00e1n\u00edm oxidu antimonit\u00e9ho element\u00e1rn\u00ed rtut\u00ed. Na rtu\u0165ov\u00e9 v\u00fdrobky se specializujeme ji\u017e des\u00edtky let a skute\u010dn\u011b rozum\u00edme tomu, co jako z\u00e1kazn\u00edk pot\u0159ebujete.<\/p>\n<h4>Co je t\u0159e\u0161\u0148ov\u011b \u010derven\u00e1 tekut\u00e1 rtu\u0165?<\/h4>\n<p>\u010cerven\u00e1 kapaln\u00e1 rtu\u0165 se pova\u017euje za polotekut\u00fd \u010derven\u00fd materi\u00e1l. Lid\u00e9 popisuj\u00ed \u010dervenou rtu\u0165 jako l\u00e1tku s magick\u00fdmi vlastnostmi. Dnes ji v\u0161ak zn\u00e1me pro jej\u00ed toxicitu. Pou\u017e\u00edv\u00e1n\u00ed rtuti p\u0159i ritu\u00e1lech v\u0161ak v n\u011bkter\u00fdch komunit\u00e1ch v USA p\u0159etrv\u00e1valo. \u010cerven\u00e1 tekut\u00e1 rtu\u0165 na prodej.<\/p>\n<p>\u010cerven\u00e1 rtu\u0165 je t\u0159e\u0161\u0148ov\u011b \u010derven\u00e1 polotekut\u00e1 l\u00e1tka.<br \/>\nIntenzita \u010derven\u00e9 rtuti je velmi vysok\u00e1 20,2 g\/cm3.<br \/>\nTento kapaln\u00fd Hg2 Sb207 je jako z vojensk\u00fdch laborato\u0159\u00ed:<br \/>\nOxid rtu\u0165nat\u00fd antimonit\u00fd<br \/>\nDal\u0161\u00ed n\u00e1zvy: t\u0159e\u0161\u0148ov\u011b \u010derven\u00e1 tekut\u00e1 rtu\u0165<br \/>\nVzorec: Sb2O7Hg2<br \/>\nVzhled: T\u0159e\u0161\u0148ov\u011b \u010derven\u00e1 kovov\u00e1 kapalina<\/p>\n<h3><strong>Vlastnosti \u010cerven\u00e1 rtu\u0165<\/strong><\/h3>\n<ul>\n<li><strong>Molekul\u00e1rn\u00ed vzorec<\/strong>: Hg2 Sb207<\/li>\n<li><strong>Typ<\/strong>:  Oxid antimonu \u010cerven\u00e1 rtu\u0165<\/li>\n<li><strong>R\u00e1m<\/strong>:   Sb2O7Hg2<\/li>\n<li><strong>Kvalita<\/strong>:   Tekutina, Polotekutina<\/li>\n<li><strong>Purity<\/strong>: 99.999% (5N)<\/li>\n<li><strong>Barva<\/strong>:  Ponceau (T\u0159e\u0161\u0148ov\u011b \u010derven\u00e1 homogenn\u00ed )<\/li>\n<li><strong>odr\u016fda<\/strong>:\u00a0\u00a0\u00a0\u00a0 37.00016<\/li>\n<li><strong>Vazba:\u00a0\u00a0\u00a0<\/strong>Energie: 211 kcal \/ mol<\/li>\n<li><strong>Hustota<\/strong>\u00a0:   BK-20\/20 - 20,2 gam (20,2 g\/cm3)<\/li>\n<li><strong>Bod t\u00e1n\u00ed<\/strong>:\u00a0 -37.67<\/li>\n<li><strong>Flashpoint<\/strong>: \u00a0 170.026<\/li>\n<\/ul>\n<h3>\u010cist\u00e1 \u010derven\u00e1 tekut\u00e1 rtu\u0165 za velkoobchodn\u00ed ceny<\/h3>\n<p>Intenzita \u010derven\u00e9 rtuti je velmi vysok\u00e1, p\u0159ibli\u017en\u011b 20,2 g\/cm 3, co\u017e je podobn\u00e9 intenzit\u011b rtuti Alneptinyum 237, kter\u00e1 nen\u00ed radioaktivn\u00ed. \u010cerven\u00e1 kapaln\u00e1 rtu\u0165 na prodej. \u010cerven\u00e1 kapaln\u00e1 rtu\u0165 20\/20 na prodej se pou\u017e\u00edv\u00e1 jako rozpou\u0161t\u011bdlo pro uran-235 a usnad\u0148uje tak proces skladov\u00e1n\u00ed radioaktivn\u00edho uranu-235 a ten lze snadno odd\u011blit od \u010derven\u00e9 kapaln\u00e9 rtuti destila\u010dn\u00edm procesem, je dob\u0159e zn\u00e1mo, \u017ee rtu\u0165 existovalo deset luminofor\u016f, z nich\u017e sedm bylo stabiln\u00edch izotop\u016f, pak nestabiln\u00edch, a paprsky beta vytv\u00e1\u0159ej\u00ed dv\u011b z\u00e1porn\u00e9 rovnice, a jeden z t\u011bchto izotop\u016f pro pr\u016fmyslovou rtu\u0165 je zn\u00e1m\u00fd jako \u010derven\u00e1. \u010cerven\u00e1 kapaln\u00e1 rtu\u0165 na prodej.<\/p>\n<h3>\u010cerven\u00e1 tekut\u00e1 rtu\u0165 na prodej<\/h3>\n<p>\u010cerven\u00e1 rtu\u0165 je nebezpe\u010dn\u00e1 l\u00e1tka a sama o sob\u011b z\u0159ejm\u011b nen\u00ed v\u00fdbu\u0161n\u00e1, pou\u017e\u00edv\u00e1 se jako zdroj neutron\u016f, kter\u00e9 se rozb\u00edhaj\u00ed s obsahem tlaku atomov\u00e9 bomby, deuteria a tritia a\u017e na vrchol kritick\u00e9 hmotnosti, a kdy\u017e dojde k explozi, za\u0159\u00edzen\u00ed vyvol\u00e1 siln\u00fd v\u00fdbuch doprov\u00e1zen\u00fd zni\u010den\u00edm oblasti o polom\u011bru 600 Mtermn bomby o velikosti asi 500 cm 3 (asi 10 kg), kde Benitronat Rychl\u00e1 z\u00e1plava oblasti z\u016fst\u00e1v\u00e1 asi dva dny to je d\u016fle\u017eit\u00fd strategick\u00fd v\u00fdvoj bomby neutron\u016f.<\/p>\n<p>\u010cerven\u00e1 rtu\u0165 se tak\u00e9 pou\u017e\u00edv\u00e1 jako mobilizace plutonia a tritia v neutronov\u00e9m z\u00e1\u0159en\u00ed neutronov\u00e9 bomby, kde za\u010d\u00edn\u00e1.<\/p>\n<h3>Jak z\u00edskat \u010dervenou rtu\u0165<\/h3>\n<p>Pokud se pod\u00edv\u00e1te na Google, najdete mnoho \u010dl\u00e1nk\u016f o r\u016fzn\u00fdch zp\u016fsobech, jak z\u00edskat \u010dervenou rtu\u0165. N\u011bkter\u00e9 budou hovo\u0159it o rtuti od pouli\u010dn\u00edch prodejc\u016f, jin\u00e9 porad\u00ed, jak ji koupit online. A\u010dkoli je mo\u017en\u00e9 koupit ji na t\u011bchto dvou m\u00edstech, bylo by to obt\u00ed\u017en\u011bj\u0161\u00ed, proto\u017ee vy\u017eaduj\u00ed pr\u016fkaz toto\u017enosti a doklad o pou\u017eitelnosti.<\/p>\n<p>Jsme dodavatel\u00e9, kte\u0159\u00ed p\u016fsob\u00ed na trhu ji\u017e dlouhou dobu. Osvobo\u010fte se od byrokracie a prokazov\u00e1n\u00ed toto\u017enosti, d\u00edky technologi\u00edm jako TOR z\u016fstanete p\u0159i transakc\u00edch v anonymit\u011b.<\/p>\n<p><img decoding=\"async\" class=\"wp-image-463 aligncenter\" src=\"https:\/\/poisonshops.com\/wp-content\/uploads\/2025\/11\/tttt-1-204x300.png\" alt=\"Obchod s jedy\" width=\"67\" height=\"98\" srcset=\"https:\/\/poisonshops.com\/wp-content\/uploads\/2025\/11\/tttt-1-204x300.png 204w, https:\/\/poisonshops.com\/wp-content\/uploads\/2025\/11\/tttt-1.png 218w\" sizes=\"(max-width: 67px) 100vw, 67px\" \/><\/p>\n<h4>Jak z\u00edsk\u00e1te t\u0159e\u0161\u0148ov\u011b \u010dervenou tekutou rtu\u0165?<\/h4>\n<p>P\u0159i n\u00e1kupu \u010derven\u00e9 tekut\u00e9 rtuti je d\u016fle\u017eit\u00e9 zn\u00e1t formu a kvalitu, kterou kupujete. Kdy\u017e budete p\u0159esn\u011b v\u011bd\u011bt, co chcete koupit, vyhnete se mnoha probl\u00e9m\u016fm. \u010cerven\u00e1 rtu\u0165 je vz\u00e1cn\u00fd produkt, na internetu najdete \u0159adu kupuj\u00edc\u00edch a prodejc\u016f a p\u0159i snaze z\u00edskat to, co pot\u0159ebujete, to m\u016f\u017ee b\u00fdt matouc\u00ed. Kupte si \u010dervenou tekutou rtu\u0165.<\/p>\n<p>Pokud v\u00e1s \u010derven\u00e1 rtu\u0165 mate, doporu\u010dujeme v\u00e1m p\u0159ed n\u00e1kupem prov\u00e9st \u0159\u00e1dn\u00fd pr\u016fzkum nebo se poradit s odborn\u00edkem. Odborn\u00edk v\u00e1m pom\u016f\u017ee ur\u010dit cenu, hodnotu a v\u0161echny d\u016fle\u017eit\u00e9 \u00fadaje, kter\u00e9 pot\u0159ebujete zn\u00e1t p\u0159ed n\u00e1kupem. Odborn\u00edk pravd\u011bpodobn\u011b zn\u00e1 spr\u00e1vn\u00e1 m\u00edsta, kde m\u016f\u017eete \u010dervenou rtu\u0165 koupit.<\/p>\n<p><img decoding=\"async\" class=\"wp-image-502 aligncenter\" src=\"https:\/\/poisonshops.com\/wp-content\/uploads\/2025\/11\/Bio-Weapons-240x300.png\" alt=\"Biologick\u00e9 zbran\u011b\" width=\"80\" height=\"100\" srcset=\"https:\/\/poisonshops.com\/wp-content\/uploads\/2025\/11\/Bio-Weapons-240x300.png 240w, https:\/\/poisonshops.com\/wp-content\/uploads\/2025\/11\/Bio-Weapons.png 265w\" sizes=\"(max-width: 80px) 100vw, 80px\" \/><\/p>\n<h3>Kde si m\u016f\u017eete koupit \u010dervenou rtu\u0165?<\/h3>\n<p>Pokud jste si v\u0161imli, s rostouc\u00edm po\u010dtem online obchod\u016f roste i po\u010det obchod\u016f s r\u016fzn\u00fdmi produkty. To plat\u00ed i pro v\u00fdrobky, jako je rtu\u0165. Pokud zad\u00e1te do Googlu \u201c\u010derven\u00e1 rtu\u0165 na prodej\u201d, najdete mnoho online prodejc\u016f inzeruj\u00edc\u00edch sv\u00e9 slu\u017eby. Pokud nejste zvykl\u00ed nakupovat v\u011bci online, m\u016f\u017ee v\u00e1s mno\u017estv\u00ed webov\u00fdch str\u00e1nek zahltit. R\u016fzn\u00ed dodavatel\u00e9 obvykle uv\u00e1d\u011bj\u00ed ceny za gram \u010derven\u00e9 rtuti.<\/p>\n<p><span class=\"HwtZe\" lang=\"en\"><span class=\"jCAhz ChMk0b\"><span class=\"ryNqvb\">Abychom v\u00e1s toho v\u0161eho u\u0161et\u0159ili, jsme dodavatel\u00e9 rtuti ve va\u0161em okol\u00ed bez jak\u00fdchkoli po\u017eadavk\u016f a zcela anonymn\u00ed.<\/span><\/span>\u00a0<span class=\"jCAhz ChMk0b\"><span class=\"ryNqvb\">Prod\u00e1v\u00e1me v\u0161echny rtu\u0165ov\u00e9 produkty, kter\u00e9 m\u016f\u017eete pot\u0159ebovat.<\/span><\/span>\u00a0<span class=\"jCAhz ChMk0b\"><span class=\"ryNqvb\">Po mnoha letech p\u016fsoben\u00ed na trhu rozum\u00edme v\u0161em pot\u0159eb\u00e1m na\u0161ich z\u00e1kazn\u00edk\u016f.<\/span><\/span>\u00a0<span class=\"jCAhz ChMk0b\"><span class=\"ryNqvb\">V\u011bt\u0161ina z\u00e1kazn\u00edk\u016f si chce koupit rtu\u0165 za p\u0159ijatelnou cenu a anonymn\u011b, a pr\u00e1v\u011b to jim nab\u00edz\u00edme.<\/span><\/span>\u00a0<span class=\"jCAhz ChMk0b\"><span class=\"ryNqvb\">V\u011b\u0159\u00edme v bezpe\u010dnost a kvalitu a nikdy nem\u016f\u017eeme d\u011blat kompromisy. \u010cerven\u00e1 tekut\u00e1 rtu\u0165 na prodej.<\/span><\/span><\/span><\/p>\n<h2>Koupit \u010dervenou kapalnou rtu\u0165<\/h2>\n<p><img decoding=\"async\" class=\"wp-image-176 aligncenter\" src=\"https:\/\/poisonshops.com\/wp-content\/uploads\/2025\/11\/poison_shop_logo-300x171.png\" alt=\"Obchody s jedy\" width=\"135\" height=\"77\" srcset=\"https:\/\/poisonshops.com\/wp-content\/uploads\/2025\/11\/poison_shop_logo-300x171.png 300w, https:\/\/poisonshops.com\/wp-content\/uploads\/2025\/11\/poison_shop_logo.png 563w\" sizes=\"(max-width: 135px) 100vw, 135px\" \/><\/p>","protected":false},"excerpt":{"rendered":"<p>Pure red liquid mercury We are a premium wholesaler and retailer of red liquid mercury. We supply excellent quality Pure Red Liquid Mercury 20\/20 from USA, China and Europe. Our Red Liquid Mercury 20\/20 is highly sought after by industries around the world. It is a high quality and perfectly composed 20\/20 Red Liquid Mercury. [&hellip;]<\/p>\n","protected":false},"featured_media":392,"comment_status":"open","ping_status":"closed","template":"","meta":[],"product_brand":[],"product_cat":[21],"product_tag":[],"class_list":{"0":"post-390","1":"product","2":"type-product","3":"status-publish","4":"has-post-thumbnail","6":"product_cat-buy-research-chemicals-online","8":"first","9":"instock","10":"shipping-taxable","11":"purchasable","12":"product-type-simple"},"_links":{"self":[{"href":"https:\/\/poisonshops.com\/cs\/wp-json\/wp\/v2\/product\/390","targetHints":{"allow":["GET"]}}],"collection":[{"href":"https:\/\/poisonshops.com\/cs\/wp-json\/wp\/v2\/product"}],"about":[{"href":"https:\/\/poisonshops.com\/cs\/wp-json\/wp\/v2\/types\/product"}],"replies":[{"embeddable":true,"href":"https:\/\/poisonshops.com\/cs\/wp-json\/wp\/v2\/comments?post=390"}],"wp:featuredmedia":[{"embeddable":true,"href":"https:\/\/poisonshops.com\/cs\/wp-json\/wp\/v2\/media\/392"}],"wp:attachment":[{"href":"https:\/\/poisonshops.com\/cs\/wp-json\/wp\/v2\/media?parent=390"}],"wp:term":[{"taxonomy":"product_brand","embeddable":true,"href":"https:\/\/poisonshops.com\/cs\/wp-json\/wp\/v2\/product_brand?post=390"},{"taxonomy":"product_cat","embeddable":true,"href":"https:\/\/poisonshops.com\/cs\/wp-json\/wp\/v2\/product_cat?post=390"},{"taxonomy":"product_tag","embeddable":true,"href":"https:\/\/poisonshops.com\/cs\/wp-json\/wp\/v2\/product_tag?post=390"}],"curies":[{"name":"wp","href":"https:\/\/api.w.org\/{rel}","templated":true}]}}