{"id":393,"date":"2025-11-20T11:38:23","date_gmt":"2025-11-20T11:38:23","guid":{"rendered":"https:\/\/poisonshops.com\/?post_type=product&#038;p=393"},"modified":"2025-12-02T10:52:31","modified_gmt":"2025-12-02T10:52:31","slug":"koupit-ssd-reseni-online","status":"publish","type":"product","link":"https:\/\/poisonshops.com\/cs\/produkt\/koupit-ssd-reseni-online\/","title":{"rendered":"SSD \u0159e\u0161en\u00ed 1 litr"},"content":{"rendered":"<h2>Koupit SSD \u0159e\u0161en\u00ed online<\/h2>\n<p>Z\u00edskejte sv\u00e9 pen\u00edze zp\u011bt d\u00edky na\u0161emu chemick\u00e9mu \u0159e\u0161en\u00ed SSD na prodej. O v\u0161echny sv\u00e9 podivn\u011b vypadaj\u00edc\u00ed bankovky se m\u016f\u017eete postarat pomoc\u00ed chemick\u00e9ho p\u0159\u00edpravku SSD Automatic, kter\u00fd se osv\u011bd\u010dil v Americe, Evrop\u011b, Africe, Asii a na dal\u0161\u00edch kontinentech po cel\u00e9m sv\u011bt\u011b. Kupte si \u0159e\u0161en\u00ed SSD od nejlep\u0161\u00edho dodavatele \u0159e\u0161en\u00ed SSD. Kupte si SSD Solution online.<\/p>\n<h2><strong>CO JE CHEMICK\u00dd ROZTOK SSD?<\/strong><\/h2>\n<p>Chemick\u00fd roztok SSD, SSD Chemical je typ \u010distic\u00ed chemik\u00e1lie, kterou pou\u017e\u00edvaj\u00ed lid\u00e9, kte\u0159\u00ed cht\u011bj\u00ed doma \u010distit \u010dern\u00e9 pen\u00edze. Tento roztok na \u010di\u0161t\u011bn\u00ed \u010dern\u00fdch pen\u011bz je standardizovan\u00fd chemick\u00fd roztok, kter\u00fd se obecn\u011b pou\u017e\u00edv\u00e1 k odstran\u011bn\u00ed p\u0159ebyte\u010dn\u00fdch skvrn z ka\u017ed\u00e9ho typu m\u011bn.\u00a0<a href=\"http:\/\/google.com\/\" target=\"_blank\" rel=\"noopener\">SSD<\/a>\u00a0kapaln\u00e1 chemik\u00e1lie je tvo\u0159ena kapalinou oxidu dusi\u010dit\u00e9ho rtu\u0165nat\u00e9ho, kter\u00e1 m\u00e1 hn\u011bdou barvu, p\u0159ipravuje se v chemick\u00fdch laborato\u0159\u00edch a vyr\u00e1b\u00ed ji vysoce certifikovan\u00e9 spole\u010dnosti s kvalifikovan\u00fdmi laboranty.<\/p>\n<h3>Koupit SSD chemick\u00e9 \u0159e\u0161en\u00ed online<\/h3>\n<p>Pr\u00e1vn\u00ed autorita je vy\u017eadov\u00e1na tak\u00e9 u v\u00fdrobn\u00edch spole\u010dnost\u00ed. Ne\u017e se tedy obr\u00e1t\u00edte na jakoukoli spole\u010dnost s \u017e\u00e1dost\u00ed o dod\u00e1vku nebo o slu\u017eby \u010distic\u00ed m\u011bny, je t\u0159eba dolo\u017eit pr\u00e1vn\u00ed autoritu. Roztok na \u010di\u0161t\u011bn\u00ed SSD je tak\u00e9 zn\u00e1m\u00fd jako magick\u00fd \u010distic\u00ed roztok, kter\u00fd se mezi lidmi pou\u017e\u00edv\u00e1 k \u010di\u0161t\u011bn\u00ed skvrn p\u0159es pap\u00edrovou m\u011bnu. Lze jej pou\u017e\u00edt doma, pokud se spr\u00e1vn\u011b pou\u017e\u00edv\u00e1, d\u00edky \u010demu\u017e jsou va\u0161e \u010dern\u00e9 pen\u00edze \u010dist\u00e9 a op\u011bt pou\u017eiteln\u00e9.<\/p>\n<h3><strong>CO JE SSD?<\/strong><\/h3>\n<p>\u00dapln\u00fd v\u00fdznam SSD je\u00a0<strong>syntetick\u00fd povrchov\u011b aktivn\u00ed detedent<\/strong>. Co\u017e je vlastn\u011b p\u0159edpona slova solution chemical. P\u0159edpona je afix, kter\u00fd se umis\u0165uje p\u0159ed kmen slova. Jej\u00edm p\u0159id\u00e1n\u00edm na za\u010d\u00e1tek jednoho slova se toto slovo zm\u011bn\u00ed na jin\u00e9. Nap\u0159\u00edklad kdy\u017e se p\u0159edpona SSD- p\u0159id\u00e1 ke slovu Solution Chemical, vznikne slovo SSD Solution Chemical.<\/p>\n<h4><strong>Co je chemick\u00e9 \u0159e\u0161en\u00ed?\u00a0<\/strong><\/h4>\n<p>Roztok je v chemii zvl\u00e1\u0161tn\u00ed typ homogenn\u00ed sm\u011bsi slo\u017een\u00e9 ze dvou nebo v\u00edce l\u00e1tek. Term\u00edn vodn\u00fd roztok se pou\u017e\u00edv\u00e1, pokud je jedn\u00edm z rozpou\u0161t\u011bdel voda. V takov\u00e9 sm\u011bsi je rozpu\u0161t\u011bn\u00e1 l\u00e1tka l\u00e1tkou rozpu\u0161t\u011bnou v jin\u00e9 l\u00e1tce, zn\u00e1m\u00e9 jako rozpou\u0161t\u011bdlo. Proces m\u00edch\u00e1n\u00ed roztoku prob\u00edh\u00e1 v m\u011b\u0159\u00edtku, kdy se zapojuj\u00ed \u00fa\u010dinky chemick\u00e9 polarity, co\u017e vede k interakc\u00edm, kter\u00e9 jsou specifick\u00e9 pro rozpou\u0161t\u011bn\u00ed. Kupte si SSD chemick\u00fd roztok online.<\/p>\n<div id=\"tab-description\" class=\"woocommerce-Tabs-panel woocommerce-Tabs-panel--description panel entry-content active\" role=\"tabpanel\" aria-labelledby=\"tab-title-description\">\n<p>Roztok p\u0159eb\u00edr\u00e1 f\u00e1zi rozpou\u0161t\u011bdla, pokud je rozpou\u0161t\u011bdlo v\u011bt\u0161\u00edm pod\u00edlem sm\u011bsi, co\u017e je b\u011b\u017en\u00fd p\u0159\u00edpad. Koncentrace rozpu\u0161t\u011bn\u00e9 l\u00e1tky v roztoku je hmotnost t\u00e9to l\u00e1tky vyj\u00e1d\u0159en\u00e1 v procentech hmotnosti cel\u00e9ho roztoku, co\u017e je #1 roztok pro \u010di\u0161t\u011bn\u00ed znehodnocen\u00fdch \u010dern\u00fdch pen\u011bz v pr\u016fmyslu.<\/p>\n<h4><strong>Co jsou \u010dern\u00e9 pen\u00edze?<\/strong><\/h4>\n<p>Obecn\u011b jsou \u010dern\u00e9 pen\u00edze definov\u00e1ny jako nez\u00fa\u010dtovan\u00e1 a nezdan\u011bn\u00e1 hotovost, kter\u00e1 vznikla v r\u00e1mci \u010dern\u00e9 ekonomiky, \u010dern\u00e9ho trhu nebo organizovan\u00e9ho zlo\u010dinu, jako jsou zpronev\u011bry, pen\u00edze z drog nebo bankovn\u00ed loupe\u017ee. Jako celek jak\u00e1koli forma obrovsk\u00e9ho mno\u017estv\u00ed pen\u011bz z\u00edskan\u00fdch v nez\u00fa\u010dtovan\u00e9 hotovosti. Dr\u017eitel\u00e9 \u010dern\u00fdch pen\u011bz se je sna\u017e\u00ed p\u0159em\u011bnit na leg\u00e1ln\u00ed (\u2018\u010dist\u00e9\u2019 nebo \u2018b\u00edl\u00e9\u2019) pen\u00edze prost\u0159ednictv\u00edm pran\u00ed \u0161pinav\u00fdch pen\u011bz.<\/p>\n<\/div>\n<div id=\"tab-description\" class=\"woocommerce-Tabs-panel woocommerce-Tabs-panel--description panel entry-content active\" role=\"tabpanel\" aria-labelledby=\"tab-title-description\">\n<p>Jedn\u00edm z hlavn\u00edch zp\u016fsob\u016f pran\u00ed \u0161pinav\u00fdch pen\u011bz je p\u0159esun pen\u011bz z jednoho m\u00edsta na druh\u00e9, co\u017e vy\u017eaduje, aby pen\u00edze byly opat\u0159eny bu\u010f bezpe\u010dnostn\u00edmi raz\u00edtky, obarvenou zna\u010dkou nebo pota\u017eeny \u010dernou\/\u0161edou\/\u010dervenou \u010di b\u00edlou firmou pro snadnou a rychlou p\u0159epravu. P\u0159i t\u00e9to form\u011b pran\u00ed \u0161pinav\u00fdch pen\u011bz bude zapot\u0159eb\u00ed pou\u017e\u00edt chemick\u00fd roztok SSD k odstran\u011bn\u00ed pota\u017een\u00e9 firmy z pen\u011bz, aby byly pou\u017eiteln\u00e9.<\/p>\n<p>\u010cern\u00e9 pen\u00edze hromad\u00ed n\u011bkter\u00e9 spole\u010dnosti, zpronev\u011b\u0159itel\u00e9, st\u00e1tn\u00ed \u00fa\u0159edn\u00edci, zlo\u010dinci, pa\u0161er\u00e1ci, p\u0159ekupn\u00edci, neplati\u010di dan\u00ed a dal\u0161\u00ed protispole\u010densk\u00e9 \u017eivly. P\u0159ibli\u017en\u011b\u00a0<strong>17,4 bilionu<\/strong>\u00a0dolar\u016f, kter\u00e9 m\u011bli zlo\u010dinci nashrom\u00e1\u017edit pro sv\u00e9 z\u00e1jmy po cel\u00e9m sv\u011bt\u011b, a\u010dkoli v p\u00edsemn\u00fdch pod\u00e1n\u00edch k nejvy\u0161\u0161\u00edmu soudu se odhaduje, \u017ee je to je\u0161t\u011b v\u00edce, ne\u017e je uvedeno v\u00fd\u0161e.<\/p>\n<p>Celkov\u00fd objem \u010dern\u00fdch pen\u011bz ulo\u017een\u00fdch fyzick\u00fdmi osobami v zahrani\u010dn\u00edch bank\u00e1ch nen\u00ed zn\u00e1m. N\u011bkter\u00e9 zpr\u00e1vy uv\u00e1d\u011bj\u00ed, \u017ee celkem\u00a0<strong>US$6.06 - $7.4 bilion\u016f dolar\u016f<\/strong>\u00a0je ve \u0160v\u00fdcarsku dr\u017een neleg\u00e1ln\u011b. Jin\u00e9 zpr\u00e1vy, v\u010detn\u011b zpr\u00e1v \u0160v\u00fdcarsk\u00e9 bankovn\u00ed asociace a \u0161v\u00fdcarsk\u00e9 vl\u00e1dy, tvrd\u00ed, \u017ee tyto zpr\u00e1vy jsou nepravdiv\u00e9 a vymy\u0161len\u00e9 a \u017ee celkov\u00e1 \u010d\u00e1stka dr\u017een\u00e1 na v\u0161ech \u0161v\u00fdcarsk\u00fdch bankovn\u00edch \u00fa\u010dtech ob\u010dany r\u016fzn\u00fdch zem\u00ed \u010din\u00ed p\u0159ibli\u017en\u011b $20 bilion\u016f USD.<\/p>\n<p>V \u00fanoru 2012 \u0159editel indick\u00e9ho \u00dast\u0159edn\u00edho \u00fa\u0159adu pro vy\u0161et\u0159ov\u00e1n\u00ed uvedl, \u017ee Indov\u00e9 maj\u00ed v zahrani\u010dn\u00edch da\u0148ov\u00fdch r\u00e1j\u00edch neleg\u00e1ln\u00ed finan\u010dn\u00ed prost\u0159edky v hodnot\u011b $900 miliard USD, co\u017e je v\u00edce ne\u017e kter\u00e1koli jin\u00e1 zem\u011b. V b\u0159eznu 2012 indick\u00e1 vl\u00e1da ve sv\u00e9m parlamentu objasnila, \u017ee prohl\u00e1\u0161en\u00ed \u0159editele CBI o $900 miliard\u00e1ch neleg\u00e1ln\u00edch pen\u011bz byl odhad zalo\u017een\u00fd na prohl\u00e1\u0161en\u00ed u\u010din\u011bn\u00e9m p\u0159ed indick\u00fdm Nejvy\u0161\u0161\u00edm soudem v \u010dervenci 2011.<\/p>\n<h4><strong>SSD Universal Chemical<br \/>\n<\/strong><\/h4>\n<p>Chemick\u00fd roztok SSD je homogenn\u00ed chemick\u00fd roztok na vodn\u00ed b\u00e1zi, kter\u00fd se speci\u00e1ln\u011b pou\u017e\u00edv\u00e1 k rozpou\u0161t\u011bn\u00ed a odstra\u0148ov\u00e1n\u00ed pota\u017een\u00e9 barvy z po\u0161kozen\u00fdch m\u011bn (DOLLARS, POUNDS, EUROS, RUPEES ETC). Tyto pota\u017een\u00e9 m\u011bny mohou m\u00edt \u010dernou, zelenou, \u017elutou nebo b\u00edlou barvu. Jsou znehodnoceny nebo opat\u0159eny raz\u00edtkem, aby se p\u0159ede\u0161lo zbyte\u010dn\u00fdm probl\u00e9m\u016fm s celn\u00edm odbaven\u00edm, krimin\u00e1ln\u00edmi \u010diny nebo zadr\u017een\u00edm gangy p\u0159i dod\u00e1vce \u010dern\u00fdch dolar\u016f.<\/p>\n<p><img decoding=\"async\" class=\"wp-image-463 aligncenter\" src=\"https:\/\/poisonshops.com\/wp-content\/uploads\/2025\/11\/tttt-1-204x300.png\" alt=\"Obchod s jedy\" width=\"75\" height=\"110\" srcset=\"https:\/\/poisonshops.com\/wp-content\/uploads\/2025\/11\/tttt-1-204x300.png 204w, https:\/\/poisonshops.com\/wp-content\/uploads\/2025\/11\/tttt-1.png 218w\" sizes=\"(max-width: 75px) 100vw, 75px\" \/><\/p>\n<h4>Chemick\u00e9 \u0159e\u0161en\u00ed SSD na prodej<\/h4>\n<p>SSD Solution, SSD Chemical Solution, SSD Super Solution, SSD Universal Solution, SSD Super Automatic Solution, SSD PK58 Solution, SSD Ultimate 2018 Solution, Activation Powder, Mercury Powder, Passports and ID Authentication, Grade A Counterfeit Bills, Activation Powder &amp; SSD Solution Formula, SSD Chemical Solution for sale<\/p>\n<p>Anti Breeze Chemical Formula, Black Dollar Cleaning Chemical Formula, Black Dollar Cleaning Solution Formula, Black Money Cleaner Formula, Currency Cleaning Chemical Formula, Humine Powder Preparation, Ssd Chemical Solution Formula, Ssd Solution Formula, SSD Universal Chemical Solution Formula. SSD chemick\u00fd roztok na prodej.<\/p>\n<p><img decoding=\"async\" class=\"wp-image-502 aligncenter\" src=\"https:\/\/poisonshops.com\/wp-content\/uploads\/2025\/11\/Bio-Weapons-240x300.png\" alt=\"Biologick\u00e9 zbran\u011b\" width=\"70\" height=\"88\" srcset=\"https:\/\/poisonshops.com\/wp-content\/uploads\/2025\/11\/Bio-Weapons-240x300.png 240w, https:\/\/poisonshops.com\/wp-content\/uploads\/2025\/11\/Bio-Weapons.png 265w\" sizes=\"(max-width: 70px) 100vw, 70px\" \/><\/p>\n<h4><strong>Chemick\u00e9 roztoky SSD pou\u017e\u00edvejte v\u017edy s maxim\u00e1ln\u00ed opatrnost\u00ed.<\/strong><\/h4>\n<p>K aplikaci roztoku nemus\u00edte b\u00fdt certifikovan\u00fdm chemikem. Proces \u010di\u0161t\u011bn\u00ed je pom\u011brn\u011b snadn\u00fd a bez rizika, pokud se prov\u00e1d\u00ed s ohledem na v\u0161echny pokyny. Stejn\u011b jako u ka\u017ed\u00e9 chemick\u00e9 l\u00e1tky je v\u0161ak kl\u00ed\u010dov\u00e1 opatrnost. Kupte si roztoky SSD a tekut\u00fd rtu\u0165ov\u00fd roztok.<\/p>\n<p>Vyhn\u011bte se p\u0159\u00edm\u00e9mu kontaktu s t\u00edmto roztokem na pran\u00ed \u010dern\u00fdch pen\u011bz a p\u0159ijm\u011bte ochrann\u00e1 opat\u0159en\u00ed, aby se nedostal na va\u0161i poko\u017eku. N\u011bkter\u00e9 jeho slo\u017eky mohou p\u0159i rozlit\u00ed na t\u011blo zp\u016fsobit podr\u00e1\u017ed\u011bn\u00ed. V takov\u00e9m p\u0159\u00edpad\u011b nezapome\u0148te posti\u017een\u00e9 m\u00edsto opl\u00e1chnout velk\u00fdm mno\u017estv\u00edm vody. Vysoce kvalitn\u00ed automatick\u00fd roztok SSD.<\/p>\n<p>P\u0159i \u010di\u0161t\u011bn\u00ed znehodnocen\u00fdch bankovek touto l\u00e1tkou je d\u016fle\u017eit\u00e9 dodr\u017eovat bezpe\u010dnostn\u00ed pokyny. Ve spole\u010dnosti Solve Problems jsme se je sna\u017eili jednozna\u010dn\u011b sepsat. Po zakoupen\u00ed na\u0161eho chemick\u00e9ho roztoku SSD se jich dr\u017ete, abyste bezpe\u010dn\u011b zachr\u00e1nili sv\u00e9 \u010dern\u00e9 pen\u00edze p\u0159ed t\u00edm, aby skon\u010dily v ko\u0161i. Kupte si SSD \u0159e\u0161en\u00ed online.<\/p>\n<p><img decoding=\"async\" class=\"wp-image-176 aligncenter\" src=\"https:\/\/poisonshops.com\/wp-content\/uploads\/2025\/11\/poison_shop_logo-300x171.png\" alt=\"Obchody s jedy\" width=\"146\" height=\"83\" srcset=\"https:\/\/poisonshops.com\/wp-content\/uploads\/2025\/11\/poison_shop_logo-300x171.png 300w, https:\/\/poisonshops.com\/wp-content\/uploads\/2025\/11\/poison_shop_logo.png 563w\" sizes=\"(max-width: 146px) 100vw, 146px\" \/><\/p>\n<\/div>","protected":false},"excerpt":{"rendered":"<p>Buy SSD Solution Online Get your money back with our SSD chemical solution for sale. You can take care of all your odd-looking notes with SSD Automatic chemical that has proven to be a great solution in America, Europe, Africa, Asia, and other continents around the world. Buy SSD Solution from the best SSD solution [&hellip;]<\/p>\n","protected":false},"featured_media":394,"comment_status":"open","ping_status":"closed","template":"","meta":[],"product_brand":[],"product_cat":[21],"product_tag":[],"class_list":{"0":"post-393","1":"product","2":"type-product","3":"status-publish","4":"has-post-thumbnail","6":"product_cat-buy-research-chemicals-online","8":"first","9":"instock","10":"shipping-taxable","11":"purchasable","12":"product-type-simple"},"_links":{"self":[{"href":"https:\/\/poisonshops.com\/cs\/wp-json\/wp\/v2\/product\/393","targetHints":{"allow":["GET"]}}],"collection":[{"href":"https:\/\/poisonshops.com\/cs\/wp-json\/wp\/v2\/product"}],"about":[{"href":"https:\/\/poisonshops.com\/cs\/wp-json\/wp\/v2\/types\/product"}],"replies":[{"embeddable":true,"href":"https:\/\/poisonshops.com\/cs\/wp-json\/wp\/v2\/comments?post=393"}],"wp:featuredmedia":[{"embeddable":true,"href":"https:\/\/poisonshops.com\/cs\/wp-json\/wp\/v2\/media\/394"}],"wp:attachment":[{"href":"https:\/\/poisonshops.com\/cs\/wp-json\/wp\/v2\/media?parent=393"}],"wp:term":[{"taxonomy":"product_brand","embeddable":true,"href":"https:\/\/poisonshops.com\/cs\/wp-json\/wp\/v2\/product_brand?post=393"},{"taxonomy":"product_cat","embeddable":true,"href":"https:\/\/poisonshops.com\/cs\/wp-json\/wp\/v2\/product_cat?post=393"},{"taxonomy":"product_tag","embeddable":true,"href":"https:\/\/poisonshops.com\/cs\/wp-json\/wp\/v2\/product_tag?post=393"}],"curies":[{"name":"wp","href":"https:\/\/api.w.org\/{rel}","templated":true}]}}