{"id":95,"date":"2017-12-21T04:37:21","date_gmt":"2017-12-21T04:37:21","guid":{"rendered":"https:\/\/wordpress.gradientthemes.com\/brand-shop\/product\/dnk-blue-shoes\/"},"modified":"2025-12-03T10:36:58","modified_gmt":"2025-12-03T10:36:58","slug":"koupit-peroralni-tekutinu-s-nembutalovym-pentobarbitalem","status":"publish","type":"product","link":"https:\/\/poisonshops.com\/cs\/produkt\/koupit-peroralni-tekutinu-s-nembutalovym-pentobarbitalem\/","title":{"rendered":"Nembutal Pentobarbital peror\u00e1ln\u00ed roztok"},"content":{"rendered":"<h2>Koupit Nembutal Pentobarbital Oral Liquid online<\/h2>\n<p>V\u00edtejte na str\u00e1nk\u00e1ch spole\u010dnosti Bio Weapons , kter\u00e1 je hlavn\u00edm zdrojem vysoce kvalitn\u00edho p\u0159\u00edpravku Nembutal Pentobarbital oral liquid. N\u00e1\u0161 Nembutal peror\u00e1ln\u00ed tekutina je k dispozici v\u00fdhradn\u011b schv\u00e1len\u00fdm osob\u00e1m s platn\u00fdmi p\u0159edpisy. Na\u0161\u00edm c\u00edlem je poskytovat vynikaj\u00edc\u00ed kvalitu, bezpe\u010dnost a spokojenost z\u00e1kazn\u00edk\u016f, d\u00edky \u010demu\u017e jsme d\u016fv\u011bryhodnou zna\u010dkou v oboru.<\/p>\n<h4><strong>Co je p\u0159\u00edpravek Nembutal Pentobarbital Oral Liquid?<\/strong><\/h4>\n<p>Nembutal, zn\u00e1m\u00fd tak\u00e9 jako pentobarbital, je barbitur\u00e1tov\u00fd l\u00e9k pou\u017e\u00edvan\u00fd pro sv\u00e9 sedativn\u00ed, anestetick\u00e9 a antikonvulzivn\u00ed vlastnosti. Peror\u00e1ln\u00ed tekut\u00e1 forma p\u0159\u00edpravku Nembutal nab\u00edz\u00ed flexibilitu d\u00e1vkov\u00e1n\u00ed a snadn\u00e9 pod\u00e1v\u00e1n\u00ed, co\u017e z n\u011bj \u010din\u00ed ide\u00e1ln\u00ed volbu pro r\u016fzn\u00e9 l\u00e9ka\u0159sk\u00e9 aplikace. N\u00e1\u0161 peror\u00e1ln\u00ed tekut\u00fd p\u0159\u00edpravek Nembutal je pe\u010dliv\u011b p\u0159ipraven tak, aby byla zaji\u0161t\u011bna p\u0159esnost a \u00fa\u010dinnost.<\/p>\n<h4><strong>Pou\u017eit\u00ed p\u0159\u00edpravku Nembutal Pentobarbital Oral Liquid<\/strong><\/h4>\n<p>Nembutal peror\u00e1ln\u00ed tekutina se pou\u017e\u00edv\u00e1 v r\u016fzn\u00fdch l\u00e9ka\u0159sk\u00fdch situac\u00edch, v\u010detn\u011b:<\/p>\n<ol>\n<li><strong>Sedace<\/strong>: Nembutal peror\u00e1ln\u00ed tekutina se \u010dasto pou\u017e\u00edv\u00e1 k navozen\u00ed sedace u pacient\u016f podstupuj\u00edc\u00edch l\u00e9ka\u0159sk\u00e9 z\u00e1kroky. Jeho rychl\u00fd n\u00e1stup zaji\u0161\u0165uje, \u017ee pacienti rychle dos\u00e1hnou uvoln\u011bn\u00e9ho a pohodln\u00e9ho stavu.<\/li>\n<li><strong>Anestezie<\/strong>: P\u0159i chirurgick\u00fdch z\u00e1kroc\u00edch se Nembutal v peror\u00e1ln\u00ed form\u011b pou\u017e\u00edv\u00e1 jako preanestetikum k navozen\u00ed hlubok\u00e9ho sp\u00e1nku. Jeho \u00fa\u010dinnost a spolehlivost z n\u011bj \u010din\u00ed cenn\u00fd n\u00e1stroj pro anesteziology.<\/li>\n<li><strong>\u0158\u00edzen\u00ed z\u00e1chyt\u016f<\/strong>: Nembutal je \u00fa\u010dinn\u00fd p\u0159i zvl\u00e1d\u00e1n\u00ed akutn\u00edch z\u00e1chvat\u016f, zejm\u00e9na v nal\u00e9hav\u00fdch situac\u00edch. P\u016fsob\u00ed tak, \u017ee tlum\u00ed centr\u00e1ln\u00ed nervov\u00fd syst\u00e9m, \u010d\u00edm\u017e sni\u017euje aktivitu z\u00e1chvat\u016f.<\/li>\n<li><strong>Eutanazie<\/strong>: Ve veterin\u00e1rn\u00ed medic\u00edn\u011b se Nembutal peror\u00e1ln\u00ed tekutina pou\u017e\u00edv\u00e1 k hum\u00e1nn\u00ed eutanazii zv\u00ed\u0159at. Jeho rychle p\u016fsob\u00edc\u00ed vlastnosti zaji\u0161\u0165uj\u00ed klidn\u00fd a bezbolestn\u00fd p\u0159echod.<\/li>\n<\/ol>\n<h4><strong>Kvalita a \u010distota<\/strong><\/h4>\n<p>Ve spole\u010dnosti Bio Weapons ch\u00e1peme z\u00e1sadn\u00ed v\u00fdznam \u010distoty a kvality farmaceutick\u00fdch v\u00fdrobk\u016f. N\u00e1\u0161 Nembutal oral liquid poch\u00e1z\u00ed od renomovan\u00fdch v\u00fdrobc\u016f a proch\u00e1z\u00ed p\u0159\u00edsn\u00fdmi procesy kontroly kvality. Ka\u017ed\u00e1 \u0161ar\u017ee je p\u0159\u00edsn\u011b testov\u00e1na na \u010distotu a \u00fa\u010dinnost, co\u017e zaji\u0161\u0165uje, \u017ee spl\u0148uje nejvy\u0161\u0161\u00ed pr\u016fmyslov\u00e9 standardy. Kdy\u017e si u n\u00e1s zakoup\u00edte p\u0159\u00edpravek Nembutal Pentobarbital oral liquid, m\u016f\u017eete se spolehnout, \u017ee dost\u00e1v\u00e1te bezpe\u010dn\u00fd, \u00fa\u010dinn\u00fd a spolehliv\u00fd produkt.<\/p>\n<h4><strong>D\u00e1vkov\u00e1n\u00ed a pod\u00e1v\u00e1n\u00ed<\/strong><\/h4>\n<p>Nembutal Pentobarbital peror\u00e1ln\u00ed tekut\u00fd by m\u011bl b\u00fdt pou\u017e\u00edv\u00e1n p\u0159esn\u011b podle pokyn\u016f zdravotnick\u00e9ho pracovn\u00edka. D\u00e1vkov\u00e1n\u00ed a zp\u016fsob pod\u00e1n\u00ed se mohou li\u0161it v z\u00e1vislosti na konkr\u00e9tn\u00edm zdravotn\u00edm stavu a individu\u00e1ln\u00edch pot\u0159eb\u00e1ch pacienta. Pro zaji\u0161t\u011bn\u00ed bezpe\u010dnosti a \u00fa\u010dinnosti je nezbytn\u00e9 dodr\u017eovat p\u0159edepsan\u00e9 d\u00e1vkov\u00e1n\u00ed.<\/p>\n<p><strong>P\u0159\u00edprava a skladov\u00e1n\u00ed<\/strong>:<\/p>\n<ul>\n<li><strong>P\u0159\u00edprava<\/strong>: Nembutal peror\u00e1ln\u00ed tekutina se pod\u00e1v\u00e1 peror\u00e1ln\u011b a d\u00e1vka se p\u0159esn\u011b odm\u011b\u0159uje pomoc\u00ed l\u00e9ka\u0159sk\u00e9 st\u0159\u00edka\u010dky nebo m\u011b\u0159ic\u00edho za\u0159\u00edzen\u00ed.<\/li>\n<li><strong>\u00dalo\u017ei\u0161t\u011b<\/strong>: Nembutal peror\u00e1ln\u00ed tekutinu uchov\u00e1vejte na chladn\u00e9m a such\u00e9m m\u00edst\u011b, mimo dosah p\u0159\u00edm\u00e9ho slune\u010dn\u00edho z\u00e1\u0159en\u00ed a vlhkosti. Uchov\u00e1vejte jej mimo dosah d\u011bt\u00ed a dom\u00e1c\u00edch zv\u00ed\u0159at.<\/li>\n<\/ul>\n<h4><strong>Ne\u017e\u00e1douc\u00ed \u00fa\u010dinky a bezpe\u010dnostn\u00ed opat\u0159en\u00ed<\/strong><\/h4>\n<p>Podobn\u011b jako v\u0161echny l\u00e9ky, m\u016f\u017ee m\u00edt i Nembutal peror\u00e1ln\u00ed tekutina ne\u017e\u00e1douc\u00ed \u00fa\u010dinky. Mezi \u010dast\u00e9 ne\u017e\u00e1douc\u00ed \u00fa\u010dinky pat\u0159\u00ed ospalost, z\u00e1vrat\u011b, nevolnost a bolest hlavy. Ve vz\u00e1cn\u00fdch p\u0159\u00edpadech se mohou objevit z\u00e1va\u017en\u011bj\u0161\u00ed ne\u017e\u00e1douc\u00ed \u00fa\u010dinky, jako je \u00fatlum d\u00fdch\u00e1n\u00ed, hypotenze nebo alergick\u00e9 reakce. V p\u0159\u00edpad\u011b v\u00fdskytu z\u00e1va\u017en\u00fdch ne\u017e\u00e1douc\u00edch \u00fa\u010dink\u016f je nutn\u00e9 okam\u017eit\u011b vyhledat l\u00e9ka\u0159skou pomoc.<\/p>\n<p><strong>Bezpe\u010dnostn\u00ed opat\u0159en\u00ed<\/strong>:<\/p>\n<ul>\n<li><strong>L\u00e9ka\u0159sk\u00e1 anamn\u00e9za<\/strong>: Informujte sv\u00e9ho l\u00e9ka\u0159e o sv\u00e9 kompletn\u00ed anamn\u00e9ze, zejm\u00e9na pokud jste v minulosti trp\u011bli onemocn\u011bn\u00edm jater, ledvin nebo d\u00fdchac\u00edch cest.<\/li>\n<li><strong>L\u00e9kov\u00e9 interakce<\/strong>: Nembutal m\u016f\u017ee interagovat s jin\u00fdmi l\u00e9ky, v\u010detn\u011b sedativ, opioid\u016f a alkoholu. Ujist\u011bte se, \u017ee je V\u00e1\u0161 l\u00e9ka\u0159 informov\u00e1n o v\u0161ech l\u00e9c\u00edch, kter\u00e9 u\u017e\u00edv\u00e1te.<\/li>\n<li><strong>T\u011bhotenstv\u00ed a kojen\u00ed<\/strong>: Nembutal by se m\u011bl pou\u017e\u00edvat s opatrnost\u00ed b\u011bhem t\u011bhotenstv\u00ed a kojen\u00ed. Pora\u010fte se se sv\u00fdm l\u00e9ka\u0159em.<\/li>\n<\/ul>\n<p><img decoding=\"async\" class=\"wp-image-463 aligncenter\" src=\"https:\/\/poisonshops.com\/wp-content\/uploads\/2025\/11\/tttt-1-204x300.png\" alt=\"Obchod s jedy\" width=\"56\" height=\"82\" srcset=\"https:\/\/poisonshops.com\/wp-content\/uploads\/2025\/11\/tttt-1-204x300.png 204w, https:\/\/poisonshops.com\/wp-content\/uploads\/2025\/11\/tttt-1.png 218w\" sizes=\"(max-width: 56px) 100vw, 56px\" \/><\/p>\n<h4><strong>Pro\u010d si vybrat biologick\u00e9 zbran\u011b ?<\/strong><\/h4>\n<ol>\n<li><strong>Zaji\u0161t\u011bn\u00ed kvality<\/strong>: Klademe d\u016fraz na kvalitu a bezpe\u010dnost a zaji\u0161\u0165ujeme, aby n\u00e1\u0161 Nembutal oral liquid spl\u0148oval nejvy\u0161\u0161\u00ed pr\u016fmyslov\u00e9 standardy.<\/li>\n<li><strong>Autorizovan\u00ed prodejci<\/strong>: Bio Weapons je d\u016fv\u011bryhodn\u00fd a autorizovan\u00fd prodejce, kter\u00fd poskytuje origin\u00e1ln\u00ed produkty schv\u00e1len\u00fdm osob\u00e1m na l\u00e9ka\u0159sk\u00fd p\u0159edpis.<\/li>\n<li><strong>Zabezpe\u010den\u00e9 transakce<\/strong>: Na\u0161e online platforma zaji\u0161\u0165uje bezpe\u010dn\u00e9 transakce a chr\u00e1n\u00ed va\u0161e osobn\u00ed a finan\u010dn\u00ed \u00fadaje.<\/li>\n<li><strong>Z\u00e1kaznick\u00e1 podpora<\/strong>: N\u00e1\u0161 specializovan\u00fd t\u00fdm z\u00e1kaznick\u00e9 podpory je v\u00e1m k dispozici v p\u0159\u00edpad\u011b jak\u00fdchkoli dotaz\u016f nebo probl\u00e9m\u016f a poskytuje profesion\u00e1ln\u00ed a p\u0159\u00e1telsk\u00e9 slu\u017eby.<\/li>\n<li><strong>V\u010dasn\u00e9 dod\u00e1n\u00ed<\/strong>: Ch\u00e1peme d\u016fle\u017eitost v\u010dasn\u00e9ho dod\u00e1n\u00ed. N\u00e1\u0161 efektivn\u00ed proces p\u0159epravy zaji\u0161\u0165uje, \u017ee sv\u016fj Nembutal oral liquid obdr\u017e\u00edte rychle a diskr\u00e9tn\u011b.<\/li>\n<\/ol>\n<h4><strong>Z\u00e1v\u011br<\/strong><\/h4>\n<p>Spole\u010dnost Bio Weapons je va\u0161\u00edm spolehliv\u00fdm zdrojem vysoce kvalitn\u00edho pentobarbitalu Nembutal v peror\u00e1ln\u00ed form\u011b. Jsme odhodl\u00e1ni poskytovat bezpe\u010dn\u00e9, \u00fa\u010dinn\u00e9 a spolehliv\u00e9 produkty schv\u00e1len\u00fdm osob\u00e1m s platn\u00fdmi p\u0159edpisy. Na\u0161e zam\u011b\u0159en\u00ed na kvalitu, spokojenost z\u00e1kazn\u00edk\u016f a bezpe\u010dn\u00e9 transakce n\u00e1s v tomto odv\u011btv\u00ed odli\u0161uje. Nakupujte s d\u016fv\u011brou u spole\u010dnosti Bio Weapons a poznejte rozd\u00edl v kvalit\u011b a slu\u017eb\u00e1ch.<\/p>\n<p><strong>Objednejte si sv\u016fj Nembutal Pentobarbital peror\u00e1ln\u00ed tekutina je\u0161t\u011b dnes<\/strong> a p\u0159ipojte se k na\u0161im spokojen\u00fdm z\u00e1kazn\u00edk\u016fm, kte\u0159\u00ed d\u016fv\u011b\u0159uj\u00ed spole\u010dnosti Bio Weapons v oblasti zdravotnictv\u00ed. Va\u0161e zdrav\u00ed a bezpe\u010dnost jsou pro n\u00e1s prioritou.<\/p>\n<p>Koupit vysoce kvalitn\u00ed Nembutal Pentobarbital peror\u00e1ln\u00ed tekutina v obchodech s jedy . Schv\u00e1len\u00e9 osoby pouze na l\u00e9ka\u0159sk\u00fd p\u0159edpis. Bezpe\u010dn\u00fd n\u00e1kup, rychl\u00e9 dod\u00e1n\u00ed a z\u00e1ruka spokojenosti z\u00e1kazn\u00edka.<\/p>\n<p><img decoding=\"async\" class=\"wp-image-502 aligncenter\" src=\"https:\/\/poisonshops.com\/wp-content\/uploads\/2025\/11\/Bio-Weapons-240x300.png\" alt=\"Biologick\u00e9 zbran\u011b\" width=\"85\" height=\"106\" srcset=\"https:\/\/poisonshops.com\/wp-content\/uploads\/2025\/11\/Bio-Weapons-240x300.png 240w, https:\/\/poisonshops.com\/wp-content\/uploads\/2025\/11\/Bio-Weapons.png 265w\" sizes=\"(max-width: 85px) 100vw, 85px\" \/><\/p>\n<h4><\/h4>\n<ol>\n<li>Koupit Nembutal Pentobarbital Oral Liquid online<\/li>\n<li>Vysoce kvalitn\u00ed peror\u00e1ln\u00ed tekutina Nembutal pro l\u00e9ka\u0159sk\u00e9 pou\u017eit\u00ed<\/li>\n<li>N\u00e1kup Nembutal Pentobarbital Oral Liquid Bezpe\u010dn\u011b<\/li>\n<li>D\u016fv\u011bryhodn\u00fd zdroj pro Nembutal Pentobarbital Oral Liquid<\/li>\n<li>Objednat Nembutal Pentobarbital Oral Liquid Bezpe\u010dn\u011b<\/li>\n<li>Rychl\u00e9 dod\u00e1n\u00ed p\u0159\u00edpravku Nembutal Pentobarbital Oral Liquid<\/li>\n<li>Spolehliv\u00fd dodavatel Nembutal Pentobarbital Oral Liquid<\/li>\n<li>Autentick\u00fd Nembutal Pentobarbital Oral Liquid na prodej<\/li>\n<li>Koupit Nembutal Oral Liquid od autorizovan\u00fdch prodejc\u016f<\/li>\n<li>Nejlep\u0161\u00ed m\u00edsto pro n\u00e1kup Nembutal Pentobarbital Oral Liquid<\/li>\n<\/ol>\n<h4><\/h4>\n<p>Nembutal Pentobarbital oral liquid, Koupit Nembutal oral liquid, Koupit Nembutal Pentobarbital liquid, Nembutal oral liquid na prodej, Vysoce kvalitn\u00ed Nembutal oral liquid, Bezpe\u010dn\u00fd n\u00e1kup Nembutal Pentobarbital liquid, Nembutal liquid pro l\u00e9ka\u0159sk\u00e9 pou\u017eit\u00ed, Spolehliv\u00fd zdroj Nembutal oral liquid, Koupit Nembutal liquid leg\u00e1ln\u011b, Nembutal oral liquid na p\u0159edpis, Nembutal liquid pro eutanazii, Objednat Nembutal Pentobarbital oral liquid, Nembutal liquid pro sedaci,<\/p>\n<p>Genuine Nembutal Pentobarbital liquid, Nembutal oral liquid delivery, Trusted Nembutal liquid seller, Buy Nembutal liquid safely, Authentic Nembutal liquid, Nembutal liquid supplier, Nembutal liquid in the USA, Nembutal oral liquid availability, Fast delivery of Nembutal liquid, Kvalitn\u00ed Nembutal Pentobarbital tekut\u00fd, Nembutal tekut\u00fd l\u00e9k\u00e1rna, Nembutal tekut\u00fd pro anestezii, Koupit Nembutal tekut\u00fd online, Bezpe\u010dn\u00fd n\u00e1kup Nembutal tekut\u00fd, Nembutal Pentobarbital peror\u00e1ln\u00ed tekut\u00fd pro profesion\u00e1ly, Spolehliv\u00fd zdroj Nembutal tekut\u00fd, Nembutal tekut\u00fd celosv\u011btov\u00e1 doprava<\/p>\n<p><img decoding=\"async\" class=\"wp-image-176 aligncenter\" src=\"https:\/\/poisonshops.com\/wp-content\/uploads\/2025\/11\/poison_shop_logo-300x171.png\" alt=\"Obchody s jedy\" width=\"128\" height=\"73\" srcset=\"https:\/\/poisonshops.com\/wp-content\/uploads\/2025\/11\/poison_shop_logo-300x171.png 300w, https:\/\/poisonshops.com\/wp-content\/uploads\/2025\/11\/poison_shop_logo.png 563w\" sizes=\"(max-width: 128px) 100vw, 128px\" \/><\/p>","protected":false},"excerpt":{"rendered":"<p>Buy Nembutal Pentobarbital Oral Liquid Online Welcome to Bio Weapons , the premier source for high-quality Nembutal Pentobarbital oral liquid. Our Nembutal oral liquid is available exclusively to approved individuals with valid prescriptions. We are dedicated to providing superior quality, safety, and customer satisfaction, making us a trusted name in the industry. What is Nembutal [&hellip;]<\/p>\n","protected":false},"featured_media":216,"comment_status":"open","ping_status":"closed","template":"","meta":[],"product_brand":[],"product_cat":[18],"product_tag":[],"class_list":{"0":"post-95","1":"product","2":"type-product","3":"status-publish","4":"has-post-thumbnail","6":"product_cat-buy-nembutal-pentobarbital","8":"first","9":"instock","10":"featured","11":"shipping-taxable","12":"purchasable","13":"product-type-variable"},"_links":{"self":[{"href":"https:\/\/poisonshops.com\/cs\/wp-json\/wp\/v2\/product\/95","targetHints":{"allow":["GET"]}}],"collection":[{"href":"https:\/\/poisonshops.com\/cs\/wp-json\/wp\/v2\/product"}],"about":[{"href":"https:\/\/poisonshops.com\/cs\/wp-json\/wp\/v2\/types\/product"}],"replies":[{"embeddable":true,"href":"https:\/\/poisonshops.com\/cs\/wp-json\/wp\/v2\/comments?post=95"}],"wp:featuredmedia":[{"embeddable":true,"href":"https:\/\/poisonshops.com\/cs\/wp-json\/wp\/v2\/media\/216"}],"wp:attachment":[{"href":"https:\/\/poisonshops.com\/cs\/wp-json\/wp\/v2\/media?parent=95"}],"wp:term":[{"taxonomy":"product_brand","embeddable":true,"href":"https:\/\/poisonshops.com\/cs\/wp-json\/wp\/v2\/product_brand?post=95"},{"taxonomy":"product_cat","embeddable":true,"href":"https:\/\/poisonshops.com\/cs\/wp-json\/wp\/v2\/product_cat?post=95"},{"taxonomy":"product_tag","embeddable":true,"href":"https:\/\/poisonshops.com\/cs\/wp-json\/wp\/v2\/product_tag?post=95"}],"curies":[{"name":"wp","href":"https:\/\/api.w.org\/{rel}","templated":true}]}}