{"id":98,"date":"2017-12-20T14:16:06","date_gmt":"2017-12-20T14:16:06","guid":{"rendered":"https:\/\/wordpress.gradientthemes.com\/brand-shop\/product\/faint-washed-denim-blue-jeans\/"},"modified":"2025-12-05T12:55:48","modified_gmt":"2025-12-05T12:55:48","slug":"nembutalovy-prasek","status":"publish","type":"product","link":"https:\/\/poisonshops.com\/cs\/produkt\/nembutalovy-prasek\/","title":{"rendered":"Nembutalov\u00fd pr\u00e1\u0161ek"},"content":{"rendered":"<h3>Popis produktu Nembutal Powder<\/h3>\n<p>V\u00edtejte na str\u00e1nk\u00e1ch Bio Weapons , va\u0161eho hlavn\u00edho zdroje vysoce kvalitn\u00edho pr\u00e1\u0161ku Nembutal. Jsme hrd\u00ed na to, \u017ee m\u016f\u017eeme nab\u00edzet nejlep\u0161\u00ed pr\u00e1\u0161ek Nembutal (pentobarbital) schv\u00e1len\u00fdm osob\u00e1m s platn\u00fdmi p\u0159edpisy. N\u00e1\u0161 z\u00e1vazek ke kvalit\u011b, bezpe\u010dnosti a spokojenosti z\u00e1kazn\u00edk\u016f n\u00e1s v tomto odv\u011btv\u00ed odli\u0161uje.<\/p>\n<h4><strong>Co je Nembutal v pr\u00e1\u0161ku?<\/strong><\/h4>\n<p>Nembutal, zn\u00e1m\u00fd tak\u00e9 jako pentobarbital, je barbitur\u00e1tov\u00fd l\u00e9k pou\u017e\u00edvan\u00fd p\u0159edev\u0161\u00edm jako sedativum, anestetikum a antikonvulzivum. Ve form\u011b pr\u00e1\u0161ku m\u00e1 v\u0161estrann\u00e9 vyu\u017eit\u00ed, zejm\u00e9na v l\u00e9ka\u0159sk\u00fdch a veterin\u00e1rn\u00edch za\u0159\u00edzen\u00edch. Pr\u00e1\u0161ek Nembutal je zn\u00e1m\u00fd svou \u00fa\u010dinnost\u00ed a rychl\u00fdm p\u016fsoben\u00edm, co\u017e z n\u011bj \u010din\u00ed spolehlivou volbu pro zdravotnick\u00e9 pracovn\u00edky.<\/p>\n<h4><strong>Pou\u017eit\u00ed pr\u00e1\u0161ku Nembutal<\/strong><\/h4>\n<p>Pr\u00e1\u0161ek Nembutal se pou\u017e\u00edv\u00e1 v r\u016fzn\u00fdch l\u00e9ka\u0159sk\u00fdch aplikac\u00edch, v\u010detn\u011b:<\/p>\n<ol>\n<li><strong>Sedace<\/strong>: Nembutal se b\u011b\u017en\u011b pou\u017e\u00edv\u00e1 k navozen\u00ed sedace u pacient\u016f podstupuj\u00edc\u00edch l\u00e9ka\u0159sk\u00e9 z\u00e1kroky. Jeho rychl\u00fd \u00fa\u010dinek zaji\u0161\u0165uje rychl\u00e9 uvoln\u011bn\u00ed a pohodl\u00ed pacient\u016f.<\/li>\n<li><strong>Anestezie<\/strong>: V chirurgick\u00fdch za\u0159\u00edzen\u00edch se pr\u00e1\u0161ek Nembutal pou\u017e\u00edv\u00e1 jako anestetikum. D\u00edky sv\u00e9 schopnosti rychle navodit stav hlubok\u00e9ho sp\u00e1nku je ide\u00e1ln\u00ed pro p\u0159edopera\u010dn\u00ed sedaci.<\/li>\n<li><strong>\u0158\u00edzen\u00ed z\u00e1chyt\u016f<\/strong>: Nembutal je \u00fa\u010dinn\u00fd p\u0159i tlumen\u00ed z\u00e1chvat\u016f, zejm\u00e9na v nal\u00e9hav\u00fdch situac\u00edch. P\u016fsob\u00ed tak, \u017ee tlum\u00ed centr\u00e1ln\u00ed nervov\u00fd syst\u00e9m, \u010d\u00edm\u017e sni\u017euje riziko z\u00e1chvat\u016f.<\/li>\n<li><strong>Eutanazie<\/strong>: Ve veterin\u00e1rn\u00ed medic\u00edn\u011b se pr\u00e1\u0161ek Nembutal pou\u017e\u00edv\u00e1 k hum\u00e1nn\u00ed eutanazii zv\u00ed\u0159at. Jeho rychle p\u016fsob\u00edc\u00ed vlastnosti zaji\u0161\u0165uj\u00ed klidn\u00fd a bezbolestn\u00fd p\u0159echod.<\/li>\n<\/ol>\n<h4><strong>Kvalita a \u010distota<\/strong><\/h4>\n<p>Ve spole\u010dnosti Bio Weapons ch\u00e1peme d\u016fle\u017eitost \u010distoty a kvality farmaceutick\u00fdch v\u00fdrobk\u016f. N\u00e1\u0161 pr\u00e1\u0161ek Nembutal poch\u00e1z\u00ed od renomovan\u00fdch v\u00fdrobc\u016f a proch\u00e1z\u00ed p\u0159\u00edsn\u00fdmi procesy kontroly kvality. Ka\u017ed\u00e1 \u0161ar\u017ee je testov\u00e1na na \u010distotu, \u010d\u00edm\u017e je zaji\u0161t\u011bno, \u017ee spl\u0148uje nejvy\u0161\u0161\u00ed pr\u016fmyslov\u00e9 standardy. Kdy\u017e si u n\u00e1s zakoup\u00edte pr\u00e1\u0161ek Nembutal, m\u016f\u017eete se spolehnout, \u017ee dost\u00e1v\u00e1te produkt, kter\u00fd je bezpe\u010dn\u00fd, \u00fa\u010dinn\u00fd a spolehliv\u00fd.<\/p>\n<h4><strong>D\u00e1vkov\u00e1n\u00ed a pod\u00e1v\u00e1n\u00ed<\/strong><\/h4>\n<p>Pr\u00e1\u0161ek Nembutal by m\u011bl b\u00fdt pou\u017e\u00edv\u00e1n p\u0159esn\u011b podle pokyn\u016f zdravotnick\u00e9ho pracovn\u00edka. D\u00e1vkov\u00e1n\u00ed a zp\u016fsob pod\u00e1n\u00ed se mohou li\u0161it v z\u00e1vislosti na konkr\u00e9tn\u00edm zdravotn\u00edm stavu a individu\u00e1ln\u00edch pot\u0159eb\u00e1ch pacienta. Pro zaji\u0161t\u011bn\u00ed bezpe\u010dnosti a \u00fa\u010dinnosti je nezbytn\u00e9 dodr\u017eovat p\u0159edepsan\u00e9 d\u00e1vkov\u00e1n\u00ed.<\/p>\n<p><strong>P\u0159\u00edprava a skladov\u00e1n\u00ed<\/strong>:<\/p>\n<ul>\n<li><strong>P\u0159\u00edprava<\/strong>: Pr\u00e1\u0161ek Nembutalu lze rekonstituovat do tekut\u00e9 formy sm\u00edch\u00e1n\u00edm s vhodn\u00fdm rozpou\u0161t\u011bdlem. Je nezbytn\u00e9 dodr\u017eovat spr\u00e1vn\u00e9 pokyny pro p\u0159\u00edpravu, aby bylo zaji\u0161t\u011bno p\u0159esn\u00e9 d\u00e1vkov\u00e1n\u00ed.<\/li>\n<li><strong>\u00dalo\u017ei\u0161t\u011b<\/strong>: Nembutal v pr\u00e1\u0161ku skladujte na chladn\u00e9m a such\u00e9m m\u00edst\u011b, mimo dosah p\u0159\u00edm\u00e9ho slune\u010dn\u00edho z\u00e1\u0159en\u00ed a vlhkosti. Uchov\u00e1vejte jej mimo dosah d\u011bt\u00ed a dom\u00e1c\u00edch zv\u00ed\u0159at.<\/li>\n<\/ul>\n<h4><strong>Ne\u017e\u00e1douc\u00ed \u00fa\u010dinky a bezpe\u010dnostn\u00ed opat\u0159en\u00ed<\/strong><\/h4>\n<p>Stejn\u011b jako v\u0161echny l\u00e9ky m\u016f\u017ee i pr\u00e1\u0161ek Nembutal zp\u016fsobit ne\u017e\u00e1douc\u00ed \u00fa\u010dinky. Mezi b\u011b\u017en\u00e9 ne\u017e\u00e1douc\u00ed \u00fa\u010dinky pat\u0159\u00ed ospalost, z\u00e1vrat\u011b, nevolnost a bolest hlavy. Ve vz\u00e1cn\u00fdch p\u0159\u00edpadech se mohou vyskytnout z\u00e1va\u017en\u011bj\u0161\u00ed ne\u017e\u00e1douc\u00ed \u00fa\u010dinky, jako je respira\u010dn\u00ed deprese, hypotenze nebo alergick\u00e9 reakce. V p\u0159\u00edpad\u011b v\u00fdskytu z\u00e1va\u017en\u00fdch ne\u017e\u00e1douc\u00edch \u00fa\u010dink\u016f je nutn\u00e9 okam\u017eit\u011b vyhledat l\u00e9ka\u0159skou pomoc.<\/p>\n<p><img decoding=\"async\" class=\"wp-image-463 aligncenter\" src=\"https:\/\/poisonshops.com\/wp-content\/uploads\/2025\/11\/tttt-1-204x300.png\" alt=\"Obchod s jedy\" width=\"50\" height=\"74\" srcset=\"https:\/\/poisonshops.com\/wp-content\/uploads\/2025\/11\/tttt-1-204x300.png 204w, https:\/\/poisonshops.com\/wp-content\/uploads\/2025\/11\/tttt-1.png 218w\" sizes=\"(max-width: 50px) 100vw, 50px\" \/><\/p>\n<p><strong>Bezpe\u010dnostn\u00ed opat\u0159en\u00ed<\/strong>:<\/p>\n<ul>\n<li><strong>L\u00e9ka\u0159sk\u00e1 anamn\u00e9za<\/strong>: Informujte sv\u00e9ho l\u00e9ka\u0159e o sv\u00e9 kompletn\u00ed anamn\u00e9ze, zejm\u00e9na pokud jste v minulosti trp\u011bli onemocn\u011bn\u00edm jater, ledvin nebo d\u00fdchac\u00edch cest.<\/li>\n<li><strong>L\u00e9kov\u00e9 interakce<\/strong>: Nembutal m\u016f\u017ee interagovat s jin\u00fdmi l\u00e9ky, v\u010detn\u011b sedativ, opioid\u016f a alkoholu. Ujist\u011bte se, \u017ee je V\u00e1\u0161 l\u00e9ka\u0159 informov\u00e1n o v\u0161ech l\u00e9c\u00edch, kter\u00e9 u\u017e\u00edv\u00e1te.<\/li>\n<li><strong>T\u011bhotenstv\u00ed a kojen\u00ed<\/strong>: Nembutal by se m\u011bl pou\u017e\u00edvat s opatrnost\u00ed b\u011bhem t\u011bhotenstv\u00ed a kojen\u00ed. Pora\u010fte se se sv\u00fdm l\u00e9ka\u0159em.<\/li>\n<\/ul>\n<h4><strong>Pro\u010d si vybrat biologick\u00e9 zbran\u011b ?<\/strong><\/h4>\n<ol>\n<li><strong>Zaji\u0161t\u011bn\u00ed kvality<\/strong>: Klademe d\u016fraz na kvalitu a bezpe\u010dnost a zaji\u0161\u0165ujeme, aby n\u00e1\u0161 pr\u00e1\u0161ek Nembutal spl\u0148oval nejvy\u0161\u0161\u00ed pr\u016fmyslov\u00e9 standardy.<\/li>\n<li><strong>Autorizovan\u00ed prodejci<\/strong>: Bio Weapons je d\u016fv\u011bryhodn\u00fd a autorizovan\u00fd prodejce, kter\u00fd poskytuje origin\u00e1ln\u00ed produkty schv\u00e1len\u00fdm osob\u00e1m na l\u00e9ka\u0159sk\u00fd p\u0159edpis.<\/li>\n<li><strong>Zabezpe\u010den\u00e9 transakce<\/strong>: Na\u0161e online platforma zaji\u0161\u0165uje bezpe\u010dn\u00e9 transakce a chr\u00e1n\u00ed va\u0161e osobn\u00ed a finan\u010dn\u00ed \u00fadaje.<\/li>\n<li><strong>Z\u00e1kaznick\u00e1 podpora<\/strong>: N\u00e1\u0161 specializovan\u00fd t\u00fdm z\u00e1kaznick\u00e9 podpory je v\u00e1m k dispozici v p\u0159\u00edpad\u011b jak\u00fdchkoli dotaz\u016f nebo probl\u00e9m\u016f a poskytuje profesion\u00e1ln\u00ed a p\u0159\u00e1telsk\u00e9 slu\u017eby.<\/li>\n<li><strong>V\u010dasn\u00e9 dod\u00e1n\u00ed<\/strong>: Ch\u00e1peme d\u016fle\u017eitost v\u010dasn\u00e9ho dod\u00e1n\u00ed. N\u00e1\u0161 efektivn\u00ed proces p\u0159epravy zaji\u0161\u0165uje, \u017ee sv\u016fj pr\u00e1\u0161ek Nembutal obdr\u017e\u00edte rychle a diskr\u00e9tn\u011b.<\/li>\n<\/ol>\n<h4><strong>Z\u00e1v\u011br<\/strong><\/h4>\n<p>Spole\u010dnost Bio Weapons je va\u0161\u00edm spolehliv\u00fdm zdrojem vysoce kvalitn\u00edho pr\u00e1\u0161ku Nembutal. Jsme odhodl\u00e1ni poskytovat bezpe\u010dn\u00e9, \u00fa\u010dinn\u00e9 a spolehliv\u00e9 produkty schv\u00e1len\u00fdm osob\u00e1m s platn\u00fdmi p\u0159edpisy. Na\u0161e zam\u011b\u0159en\u00ed na kvalitu, spokojenost z\u00e1kazn\u00edk\u016f a bezpe\u010dn\u00e9 transakce n\u00e1s v tomto odv\u011btv\u00ed odli\u0161uje. Nakupujte s d\u016fv\u011brou u spole\u010dnosti Bio Weapons a poznejte rozd\u00edl v kvalit\u011b a slu\u017eb\u00e1ch.<\/p>\n<p><strong>Objednejte si pr\u00e1\u0161ek Nembutal je\u0161t\u011b dnes<\/strong> a p\u0159ipojte se k na\u0161im spokojen\u00fdm z\u00e1kazn\u00edk\u016fm, kte\u0159\u00ed d\u016fv\u011b\u0159uj\u00ed spole\u010dnosti Bio Weapons v oblasti zdravotnictv\u00ed. Va\u0161e zdrav\u00ed a bezpe\u010dnost jsou pro n\u00e1s prioritou. <span class=\"EKtkFWMYpwzMKOYr0GYm LQVY1Jpkk8nyJ6HBWKAk\">Kde koupit Nembutal bezpe\u010dn\u011b online<\/span>.<\/p>\n<p>#BuyNembutal, #NembutalPowder, #PentobarbitalPowder, #BuyNembutalOnline, #NembutalForSale, #NembutalGermany, #NembutalFrance, #NembutalPoland, #NembutalNizozemsko, #NembutalPrescription, #NembutalEuthanasia, #OrderNembutal, #NembutalMedicalUse, #SecureNembutal, #AuthenticNembutal, #NembutalVysok\u00e1 kvalitaNembutalu, #Leg\u00e1ln\u00edNembutal, #NembutalSedace, #NembutalAnestezie, #NembutalDodavatel, #NembutalD\u016fv\u011bryhodn\u00fdNembutal, #NembutalDod\u00e1n\u00ed, #BuyNembutalSafeely, #NembutalUSA, #NembutalPharmacy, #RelibleNembutal, #GenuineNembutal, #ApprovedNembutal, #QualityNembutal, #NembutalAvailability<\/p>\n<p><img decoding=\"async\" class=\"wp-image-502 aligncenter\" src=\"https:\/\/poisonshops.com\/wp-content\/uploads\/2025\/11\/Bio-Weapons-240x300.png\" alt=\"Biologick\u00e9 zbran\u011b\" width=\"80\" height=\"100\" srcset=\"https:\/\/poisonshops.com\/wp-content\/uploads\/2025\/11\/Bio-Weapons-240x300.png 240w, https:\/\/poisonshops.com\/wp-content\/uploads\/2025\/11\/Bio-Weapons.png 265w\" sizes=\"(max-width: 80px) 100vw, 80px\" \/><\/p>\n<h2>Nembutal pr\u00e1\u0161ek na prodej<\/h2>\n<h3 id=\"h-what-is-nembutal\" class=\"wp-block-heading has-text-color has-link-color wp-elements-c7a9867694f4b28eab870bc05ee2f5c7\"><strong>Co je Nembutal?<\/strong><\/h3>\n<p class=\"has-black-color has-text-color has-link-color wp-elements-a52f8ded0e6e5833fca35ff12a1e2cbd\">Nembutal, zn\u00e1m\u00fd tak\u00e9 jako <strong>pentobarbital sodn\u00fd<\/strong>, je <a href=\"https:\/\/www.google.com\/url?sa=t&amp;source=web&amp;rct=j&amp;opi=89978449&amp;url=https:\/\/www.dea.gov\/sites\/default\/files\/2020-06\/Barbiturates-2020_0.pdf&amp;ved=2ahUKEwi2hfvui92KAxVL97sIHQruAmkQFnoECBkQAw&amp;usg=AOvVaw00RmUaQbtHgF1kcuZwLpOn\" target=\"_blank\" rel=\"noopener\">barbitur\u00e1ty<\/a> kter\u00fd p\u016fsob\u00ed jako tlumi\u010d centr\u00e1ln\u00edho nervov\u00e9ho syst\u00e9mu. B\u011b\u017en\u011b se pou\u017e\u00edv\u00e1 pro:<\/p>\n<ul class=\"wp-block-list\">\n<li class=\"has-black-color has-text-color has-link-color wp-elements-d3520ca6f1e17665b515e2849f1f7d4d\"><strong>L\u00e9ka\u0159sk\u00e9 \u00fa\u010dely<\/strong>: L\u00e9\u010dba t\u011b\u017ek\u00e9 nespavosti nebo navozen\u00ed anestezie p\u0159ed operac\u00ed.<\/li>\n<li class=\"has-black-color has-text-color has-link-color wp-elements-c834f37fd6e09ee6c1ed13efef61581a\"><strong>Eutanazie<\/strong>: Hum\u00e1nn\u00ed a pokojn\u00e1 eutanazie pro lidi i zv\u00ed\u0159ata.<\/li>\n<li class=\"has-black-color has-text-color has-link-color wp-elements-e4b8282324965a0b03255e972cb2430e\"><strong>V\u00fdzkumn\u00e9 aplikace<\/strong>: Podpora r\u016fzn\u00fdch studi\u00ed ve v\u011bdeck\u00e9 komunit\u011b.<\/li>\n<\/ul>\n<h3 id=\"h-where-to-purchase-nembutal-online\" class=\"wp-block-heading has-text-color has-link-color wp-elements-de3f8183d929965b906b1bf9f564e611\"><strong>Kde koupit Nembutal online?<\/strong><\/h3>\n<p class=\"has-black-color has-text-color has-link-color wp-elements-4f99a5d4a9e6a920664eec6ec9ae9b08\">P\u0159i hled\u00e1n\u00ed m\u00edsta, kde koupit Nembutal, je d\u016fle\u017eit\u00e9 up\u0159ednostnit bezpe\u010dnost a pravost. Zde je pr\u016fvodce krok za krokem:<\/p>\n<h4 class=\"wp-block-heading has-text-color has-link-color wp-elements-765a871ed94148e8878acc5f29185bf5\"><strong>1. Vyhledejte d\u016fv\u011bryhodn\u00e9 dodavatele<\/strong><\/h4>\n<p class=\"has-black-color has-text-color has-link-color wp-elements-d3fe54f35a4dd2dcf235b160d9a74c51\">Vyberte si dodavatele s prokazatelnou histori\u00ed dod\u00e1vek origin\u00e1ln\u00edho p\u0159\u00edpravku Nembutal. <strong>Nembutal Mann<\/strong> je p\u0159edn\u00ed poskytovatel zn\u00e1m\u00fd svou kvalitou a diskr\u00e9tnost\u00ed.<\/p>\n<h4 class=\"wp-block-heading has-text-color has-link-color wp-elements-772c7e19a158a234d9d65c895a686b53\"><strong>2. Ov\u011b\u0159en\u00ed pov\u011b\u0159en\u00ed<\/strong><\/h4>\n<p class=\"has-black-color has-text-color has-link-color wp-elements-704b9f36f10e2cdec6e4994a7349c9bd\">Zajist\u011bte, aby dodavatel spl\u0148oval regula\u010dn\u00ed normy a poskytoval \u0159\u00e1dnou dokumentaci, nap\u0159\u00edklad certifik\u00e1ty v\u00fdrobk\u016f a laboratorn\u00ed zpr\u00e1vy.<\/p>\n<h4 class=\"wp-block-heading has-text-color has-link-color wp-elements-673d025fdf1f08de067fbbff47ba8996\"><strong>3. Up\u0159ednostn\u011bte d\u016fv\u011brnost<\/strong><\/h4>\n<p class=\"has-black-color has-text-color has-link-color wp-elements-8359270a4ece85697b7c956cb427a8e5\">Vzhledem k citliv\u00e9 povaze n\u00e1kupu p\u0159\u00edpravku Nembutal si vyberte dodavatele, kter\u00fd nab\u00edz\u00ed diskr\u00e9tn\u00ed balen\u00ed a bezpe\u010dn\u00e9 mo\u017enosti platby, abyste ochr\u00e1nili sv\u00e9 soukrom\u00ed.<\/p>\n<h4>Kde koupit Nembutal bezpe\u010dn\u011b online<\/h4>\n<p><img decoding=\"async\" class=\"wp-image-176 aligncenter\" src=\"https:\/\/poisonshops.com\/wp-content\/uploads\/2025\/11\/poison_shop_logo-300x171.png\" alt=\"Obchody s jedy\" width=\"132\" height=\"75\" srcset=\"https:\/\/poisonshops.com\/wp-content\/uploads\/2025\/11\/poison_shop_logo-300x171.png 300w, https:\/\/poisonshops.com\/wp-content\/uploads\/2025\/11\/poison_shop_logo.png 563w\" sizes=\"(max-width: 132px) 100vw, 132px\" \/><\/p>","protected":false},"excerpt":{"rendered":"<p>Nembutal Powder Product Description Welcome to Bio Weapons , your premier source for high-quality Nembutal powder. We take pride in offering the finest Nembutal (pentobarbital) powder to approved individuals with valid prescriptions. Our commitment to quality, safety, and customer satisfaction sets us apart in the industry. What is Nembutal Powder? Nembutal, also known as pentobarbital, [&hellip;]<\/p>\n","protected":false},"featured_media":247,"comment_status":"open","ping_status":"closed","template":"","meta":[],"product_brand":[],"product_cat":[18],"product_tag":[],"class_list":{"0":"post-98","1":"product","2":"type-product","3":"status-publish","4":"has-post-thumbnail","6":"product_cat-buy-nembutal-pentobarbital","8":"first","9":"instock","10":"shipping-taxable","11":"purchasable","12":"product-type-variable"},"_links":{"self":[{"href":"https:\/\/poisonshops.com\/cs\/wp-json\/wp\/v2\/product\/98","targetHints":{"allow":["GET"]}}],"collection":[{"href":"https:\/\/poisonshops.com\/cs\/wp-json\/wp\/v2\/product"}],"about":[{"href":"https:\/\/poisonshops.com\/cs\/wp-json\/wp\/v2\/types\/product"}],"replies":[{"embeddable":true,"href":"https:\/\/poisonshops.com\/cs\/wp-json\/wp\/v2\/comments?post=98"}],"wp:featuredmedia":[{"embeddable":true,"href":"https:\/\/poisonshops.com\/cs\/wp-json\/wp\/v2\/media\/247"}],"wp:attachment":[{"href":"https:\/\/poisonshops.com\/cs\/wp-json\/wp\/v2\/media?parent=98"}],"wp:term":[{"taxonomy":"product_brand","embeddable":true,"href":"https:\/\/poisonshops.com\/cs\/wp-json\/wp\/v2\/product_brand?post=98"},{"taxonomy":"product_cat","embeddable":true,"href":"https:\/\/poisonshops.com\/cs\/wp-json\/wp\/v2\/product_cat?post=98"},{"taxonomy":"product_tag","embeddable":true,"href":"https:\/\/poisonshops.com\/cs\/wp-json\/wp\/v2\/product_tag?post=98"}],"curies":[{"name":"wp","href":"https:\/\/api.w.org\/{rel}","templated":true}]}}