{"id":99,"date":"2017-12-20T07:04:21","date_gmt":"2017-12-20T07:04:21","guid":{"rendered":"https:\/\/wordpress.gradientthemes.com\/brand-shop\/product\/dark-gray-jeans\/"},"modified":"2025-12-05T13:01:44","modified_gmt":"2025-12-05T13:01:44","slug":"nembutal-sebevrazedna-kapalina-10000-mg-ml","status":"publish","type":"product","link":"https:\/\/poisonshops.com\/cs\/produkt\/nembutal-sebevrazedna-kapalina-10000-mg-ml\/","title":{"rendered":"Nembutal tekut\u00fd p\u0159\u00edpravek k sebevra\u017ed\u011b 10000 mg\/ml"},"content":{"rendered":"<h2>Koupit Nembutal Suicide Liquid 10000mg\/ml<\/h2>\n<h3>Sebevra\u017eedn\u00e9 pilulky a tekutina Nembutal<\/h3>\n<blockquote><p><strong>Pozn\u00e1mka<\/strong>: Nembutal (pentobarbital sodn\u00fd) je regulovan\u00e1 l\u00e1tka, kter\u00e1 by m\u011bla b\u00fdt pou\u017e\u00edv\u00e1na pouze pod p\u0159\u00edsn\u00fdm l\u00e9ka\u0159sk\u00fdm dohledem a v souladu se z\u00e1kony a p\u0159edpisy p\u0159\u00edslu\u0161n\u00e9 jurisdikce. Jeho pou\u017eit\u00ed k sebevra\u017ed\u011b je v mnoha zem\u00edch nez\u00e1konn\u00e9 a je nezbytn\u00e9 vyhledat \u0159\u00e1dn\u00e9 l\u00e9ka\u0159sk\u00e9 poradenstv\u00ed v p\u0159\u00edpad\u011b jak\u00fdchkoli zdravotn\u00edch probl\u00e9m\u016f.<\/p><\/blockquote>\n<p>V\u00edtejte na str\u00e1nk\u00e1ch Bio Weapons , va\u0161eho d\u016fv\u011bryhodn\u00e9ho poskytovatele vysoce kvalitn\u00edch produkt\u016f Nembutal Pentobarbital Sodium pro schv\u00e1len\u00e9 osoby s platn\u00fdmi p\u0159edpisy. Nab\u00edz\u00edme Nembutal v tabletov\u00e9 i tekut\u00e9 form\u011b, co\u017e zaji\u0161\u0165uje spolehliv\u00e9 a \u00fa\u010dinn\u00e9 \u0159e\u0161en\u00ed r\u016fzn\u00fdch zdravotn\u00edch pot\u0159eb. D\u00edky na\u0161emu z\u00e1vazku ke kvalit\u011b, bezpe\u010dnosti a spokojenosti z\u00e1kazn\u00edk\u016f jsme se stali p\u0159edn\u00edm dodavatelem v oboru.<\/p>\n<h4><strong>Co je to Nembutal sebevra\u017eedn\u00e9 tablety a tekutina?<\/strong><\/h4>\n<p>Nembutal, zn\u00e1m\u00fd tak\u00e9 jako pentobarbital sodn\u00fd, je barbitur\u00e1tov\u00fd l\u00e9k se siln\u00fdmi sedativn\u00edmi, hypnotick\u00fdmi a antikonvulzivn\u00edmi \u00fa\u010dinky. Pou\u017e\u00edv\u00e1 se v l\u00e9ka\u0159sk\u00fdch za\u0159\u00edzen\u00edch k r\u016fzn\u00fdm \u00fa\u010del\u016fm, v\u010detn\u011b sedace, anestezie a kontroly z\u00e1chvat\u016f. Na\u0161e tablety a tekut\u00e9 p\u0159\u00edpravky p\u0159\u00edpravku Nembutal jsou navr\u017eeny pro maxim\u00e1ln\u00ed \u00fa\u010dinnost a bezpe\u010dnost.<\/p>\n<h4><strong>Pou\u017eit\u00ed Nembutalu<\/strong><\/h4>\n<p>Nembutal se pou\u017e\u00edv\u00e1 v n\u011bkolika l\u00e9ka\u0159sk\u00fdch kontextech, v\u010detn\u011b:<\/p>\n<ol>\n<li><strong>Sedace<\/strong>: Nembutal se b\u011b\u017en\u011b pou\u017e\u00edv\u00e1 k navozen\u00ed hlubok\u00e9 sedace u pacient\u016f podstupuj\u00edc\u00edch l\u00e9ka\u0159sk\u00e9 z\u00e1kroky. Jeho rychl\u00fd \u00fa\u010dinek zaji\u0161\u0165uje, \u017ee pacienti rychle dos\u00e1hnou stavu uvoln\u011bn\u00ed.<\/li>\n<li><strong>Anestezie<\/strong>: Nembutal se v chirurgii pou\u017e\u00edv\u00e1 jako preanestetikum k navozen\u00ed hlubok\u00e9ho sp\u00e1nku, co\u017e usnad\u0148uje hladk\u00fd pr\u016fb\u011bh z\u00e1krok\u016f bez bolesti.<\/li>\n<li><strong>\u0158\u00edzen\u00ed z\u00e1chyt\u016f<\/strong>: Nembutal je \u00fa\u010dinn\u00fd p\u0159i zvl\u00e1d\u00e1n\u00ed akutn\u00edch z\u00e1chvat\u016f, zejm\u00e9na v nouzov\u00fdch situac\u00edch, proto\u017ee tlum\u00ed centr\u00e1ln\u00ed nervov\u00fd syst\u00e9m a sni\u017euje z\u00e1chvatovou aktivitu.<\/li>\n<li><strong>Eutanazie (veterin\u00e1rn\u00ed pou\u017eit\u00ed)<\/strong>: Ve veterin\u00e1rn\u00ed medic\u00edn\u011b se Nembutal pou\u017e\u00edv\u00e1 k hum\u00e1nn\u00ed eutanazii zv\u00ed\u0159at, kter\u00e1 zaji\u0161\u0165uje klidn\u00fd a bezbolestn\u00fd p\u0159echod.<\/li>\n<\/ol>\n<h4><strong>Kvalita a \u010distota<\/strong><\/h4>\n<p>Ve spole\u010dnosti Bio Weapons ch\u00e1peme z\u00e1sadn\u00ed v\u00fdznam kvality a \u010distoty farmaceutick\u00fdch v\u00fdrobk\u016f. Na\u0161e tablety a tekut\u00e9 p\u0159\u00edpravky Nembutal poch\u00e1zej\u00ed od renomovan\u00fdch v\u00fdrobc\u016f a proch\u00e1zej\u00ed p\u0159\u00edsn\u00fdmi procesy kontroly kvality. Ka\u017ed\u00e1 \u0161ar\u017ee je p\u0159\u00edsn\u011b testov\u00e1na, aby bylo zaji\u0161t\u011bno, \u017ee spl\u0148uje nejvy\u0161\u0161\u00ed pr\u016fmyslov\u00e9 standardy. Kdy\u017e si u n\u00e1s zakoup\u00edte p\u0159\u00edpravek Nembutal, m\u016f\u017eete se spolehnout, \u017ee dost\u00e1v\u00e1te bezpe\u010dn\u00fd, \u00fa\u010dinn\u00fd a spolehliv\u00fd produkt.<\/p>\n<h4><strong>D\u00e1vkov\u00e1n\u00ed a pod\u00e1v\u00e1n\u00ed<\/strong><\/h4>\n<p>Nembutal by m\u011bl b\u00fdt pou\u017e\u00edv\u00e1n p\u0159esn\u011b podle pokyn\u016f zdravotnick\u00e9ho pracovn\u00edka. D\u00e1vkov\u00e1n\u00ed a zp\u016fsob pod\u00e1n\u00ed se mohou li\u0161it v z\u00e1vislosti na konkr\u00e9tn\u00edm zdravotn\u00edm stavu a individu\u00e1ln\u00edch pot\u0159eb\u00e1ch pacienta. Pro zaji\u0161t\u011bn\u00ed bezpe\u010dnosti a \u00fa\u010dinnosti je nezbytn\u00e9 dodr\u017eovat p\u0159edepsan\u00e9 d\u00e1vkov\u00e1n\u00ed.<\/p>\n<p><strong>P\u0159\u00edprava a skladov\u00e1n\u00ed<\/strong>:<\/p>\n<ul>\n<li><strong>P\u0159\u00edprava<\/strong>: Tablety Nembutalu se pod\u00e1vaj\u00ed peror\u00e1ln\u011b, zat\u00edmco tekutou formu lze u\u017e\u00edvat peror\u00e1ln\u011b nebo intraven\u00f3zn\u011b podle pokyn\u016f l\u00e9ka\u0159e.<\/li>\n<li><strong>\u00dalo\u017ei\u0161t\u011b<\/strong>: Nembutal skladujte na chladn\u00e9m a such\u00e9m m\u00edst\u011b, mimo dosah p\u0159\u00edm\u00e9ho slune\u010dn\u00edho z\u00e1\u0159en\u00ed a vlhkosti. Uchov\u00e1vejte jej mimo dosah d\u011bt\u00ed a dom\u00e1c\u00edch zv\u00ed\u0159at.<\/li>\n<\/ul>\n<h4><strong>Ne\u017e\u00e1douc\u00ed \u00fa\u010dinky a bezpe\u010dnostn\u00ed opat\u0159en\u00ed<\/strong><\/h4>\n<p>Podobn\u011b jako v\u0161echny l\u00e9ky, m\u016f\u017ee m\u00edt i Nembutal ne\u017e\u00e1douc\u00ed \u00fa\u010dinky. Mezi \u010dast\u00e9 ne\u017e\u00e1douc\u00ed \u00fa\u010dinky pat\u0159\u00ed ospalost, z\u00e1vrat\u011b, nevolnost a bolest hlavy. Ve vz\u00e1cn\u00fdch p\u0159\u00edpadech se mohou vyskytnout z\u00e1va\u017en\u011bj\u0161\u00ed ne\u017e\u00e1douc\u00ed \u00fa\u010dinky, jako je \u00fatlum d\u00fdch\u00e1n\u00ed, hypotenze nebo alergick\u00e9 reakce. V p\u0159\u00edpad\u011b v\u00fdskytu z\u00e1va\u017en\u00fdch ne\u017e\u00e1douc\u00edch \u00fa\u010dink\u016f je nutn\u00e9 okam\u017eit\u011b vyhledat l\u00e9ka\u0159skou pomoc.<\/p>\n<p><strong>Bezpe\u010dnostn\u00ed opat\u0159en\u00ed<\/strong>:<\/p>\n<ul>\n<li><strong>L\u00e9ka\u0159sk\u00e1 anamn\u00e9za<\/strong>: Informujte sv\u00e9ho l\u00e9ka\u0159e o sv\u00e9 kompletn\u00ed anamn\u00e9ze, zejm\u00e9na pokud jste v minulosti trp\u011bli onemocn\u011bn\u00edm jater, ledvin nebo d\u00fdchac\u00edch cest.<\/li>\n<li><strong>L\u00e9kov\u00e9 interakce<\/strong>: Nembutal m\u016f\u017ee interagovat s jin\u00fdmi l\u00e9ky, v\u010detn\u011b sedativ, opioid\u016f a alkoholu. Ujist\u011bte se, \u017ee je V\u00e1\u0161 l\u00e9ka\u0159 informov\u00e1n o v\u0161ech l\u00e9c\u00edch, kter\u00e9 u\u017e\u00edv\u00e1te.<\/li>\n<li><strong>T\u011bhotenstv\u00ed a kojen\u00ed<\/strong>: Nembutal by se m\u011bl pou\u017e\u00edvat s opatrnost\u00ed b\u011bhem t\u011bhotenstv\u00ed a kojen\u00ed. Pora\u010fte se se sv\u00fdm l\u00e9ka\u0159em.<\/li>\n<\/ul>\n<p><img decoding=\"async\" class=\"wp-image-463 aligncenter\" src=\"https:\/\/poisonshops.com\/wp-content\/uploads\/2025\/11\/tttt-1-204x300.png\" alt=\"Obchod s jedy\" width=\"73\" height=\"107\" srcset=\"https:\/\/poisonshops.com\/wp-content\/uploads\/2025\/11\/tttt-1-204x300.png 204w, https:\/\/poisonshops.com\/wp-content\/uploads\/2025\/11\/tttt-1.png 218w\" sizes=\"(max-width: 73px) 100vw, 73px\" \/><\/p>\n<h4><strong>Pro\u010d si vybrat biologick\u00e9 zbran\u011b ?<\/strong><\/h4>\n<ol>\n<li><strong>Zaji\u0161t\u011bn\u00ed kvality<\/strong>: Klademe d\u016fraz na kvalitu a bezpe\u010dnost a zaji\u0161\u0165ujeme, aby na\u0161e v\u00fdrobky Nembutal spl\u0148ovaly nejvy\u0161\u0161\u00ed pr\u016fmyslov\u00e9 standardy.<\/li>\n<li><strong>Autorizovan\u00ed prodejci<\/strong>: Bio Weapons je d\u016fv\u011bryhodn\u00fd a autorizovan\u00fd prodejce, kter\u00fd poskytuje origin\u00e1ln\u00ed produkty schv\u00e1len\u00fdm osob\u00e1m na l\u00e9ka\u0159sk\u00fd p\u0159edpis.<\/li>\n<li><strong>Zabezpe\u010den\u00e9 transakce<\/strong>: Na\u0161e online platforma zaji\u0161\u0165uje bezpe\u010dn\u00e9 transakce a chr\u00e1n\u00ed va\u0161e osobn\u00ed a finan\u010dn\u00ed \u00fadaje.<\/li>\n<li><strong>Z\u00e1kaznick\u00e1 podpora<\/strong>: N\u00e1\u0161 specializovan\u00fd t\u00fdm z\u00e1kaznick\u00e9 podpory je v\u00e1m k dispozici v p\u0159\u00edpad\u011b jak\u00fdchkoli dotaz\u016f nebo probl\u00e9m\u016f a poskytuje profesion\u00e1ln\u00ed a p\u0159\u00e1telsk\u00e9 slu\u017eby.<\/li>\n<li><strong>V\u010dasn\u00e9 dod\u00e1n\u00ed<\/strong>: Ch\u00e1peme d\u016fle\u017eitost v\u010dasn\u00e9ho dod\u00e1n\u00ed. N\u00e1\u0161 efektivn\u00ed proces p\u0159epravy zaji\u0161\u0165uje, \u017ee sv\u00e9 produkty Nembutal obdr\u017e\u00edte rychle a diskr\u00e9tn\u011b.<\/li>\n<\/ol>\n<h4><strong>Z\u00e1v\u011br<\/strong><\/h4>\n<p>Bio Weapons je va\u0161\u00edm spolehliv\u00fdm zdrojem vysoce kvalitn\u00edch tablet a tekutin Nembutal Pentobarbital Sodium. Jsme odhodl\u00e1ni poskytovat bezpe\u010dn\u00e9, \u00fa\u010dinn\u00e9 a spolehliv\u00e9 produkty schv\u00e1len\u00fdm osob\u00e1m s platn\u00fdmi p\u0159edpisy. Na\u0161e zam\u011b\u0159en\u00ed na kvalitu, spokojenost z\u00e1kazn\u00edk\u016f a bezpe\u010dn\u00e9 transakce n\u00e1s v tomto odv\u011btv\u00ed odli\u0161uje. Nakupujte s d\u016fv\u011brou u spole\u010dnosti Bio Weapons a poznejte rozd\u00edl v kvalit\u011b a slu\u017eb\u00e1ch.<\/p>\n<p><strong>Objednejte si tablety nebo tekutinu Nembutal Pentobarbital Sodium je\u0161t\u011b dnes<\/strong> a p\u0159ipojte se k na\u0161im spokojen\u00fdm z\u00e1kazn\u00edk\u016fm, kte\u0159\u00ed d\u016fv\u011b\u0159uj\u00ed spole\u010dnosti Bio Weapons v oblasti zdravotnictv\u00ed. Va\u0161e zdrav\u00ed a bezpe\u010dnost jsou pro n\u00e1s prioritou.<\/p>\n<p>Kupte si vysoce kvalitn\u00ed pilulky a tekutinu Nembutal Pentobarbital Sodium u spole\u010dnosti Bio Weapons . Schv\u00e1len\u00e9 osoby pouze na l\u00e9ka\u0159sk\u00fd p\u0159edpis. Bezpe\u010dn\u00fd n\u00e1kup, rychl\u00e9 dod\u00e1n\u00ed a zaru\u010den\u00e1 spokojenost z\u00e1kazn\u00edka.<\/p>\n<h4><img decoding=\"async\" class=\"wp-image-502 aligncenter\" src=\"https:\/\/poisonshops.com\/wp-content\/uploads\/2025\/11\/Bio-Weapons-240x300.png\" alt=\"Biologick\u00e9 zbran\u011b\" width=\"68\" height=\"85\" srcset=\"https:\/\/poisonshops.com\/wp-content\/uploads\/2025\/11\/Bio-Weapons-240x300.png 240w, https:\/\/poisonshops.com\/wp-content\/uploads\/2025\/11\/Bio-Weapons.png 265w\" sizes=\"(max-width: 68px) 100vw, 68px\" \/><\/h4>\n<ol>\n<li>Koupit Nembutal Pentobarbital Pills and Liquid online<\/li>\n<li>Vysoce kvalitn\u00ed tablety a tekutina Nembutal pro l\u00e9ka\u0159sk\u00e9 pou\u017eit\u00ed<\/li>\n<li>N\u00e1kup Nembutal Pentobarbital bezpe\u010dn\u011b<\/li>\n<li>D\u016fv\u011bryhodn\u00fd zdroj tablet a tekutin Nembutal<\/li>\n<li>Objednat Nembutal Pentobarbital Bezpe\u010dn\u011b<\/li>\n<li>Rychl\u00e9 dod\u00e1n\u00ed tablet a kapaliny Nembutal<\/li>\n<li>Spolehliv\u00fd dodavatel pentobarbitalu Nembutal<\/li>\n<li>Autentick\u00e9 Nembutal Pills and Liquid na prodej<\/li>\n<li>Koupit Nembutal od autorizovan\u00fdch prodejc\u016f<\/li>\n<li>Nejlep\u0161\u00ed m\u00edsto pro n\u00e1kup Nembutal Pentobarbital<\/li>\n<\/ol>\n<h4><\/h4>\n<p>Nembutal Pentobarbital Sodium, Buy Nembutal pills, Purchase Nembutal liquid, Nembutal for sale, High-quality Nembutal, Secure Nembutal purchase, Nembutal for medical use, Reliable source for Nembutal, Buy Nembutal legally, Nembutal with prescription, Nembutal for sedation, Order Nembutal pills, Nembutal for anesthesia, Genuine Nembutal liquid, Nembutal delivery, D\u016fv\u011bryhodn\u00fd prodejce Nembutalu, Koupit Nembutal bezpe\u010dn\u011b, Autentick\u00fd Nembutal, Dodavatel Nembutalu, Nembutal v USA, Dostupnost Nembutalu, Rychl\u00e9 dod\u00e1n\u00ed Nembutalu, Kvalitn\u00ed Nembutal, Nembutal l\u00e9k\u00e1rna, Nembutal na z\u00e1chvaty, Koupit Nembutal online, Bezpe\u010dn\u00fd n\u00e1kup Nembutalu, Nembutal pro profesion\u00e1ly, Spolehliv\u00fd zdroj Nembutalu, Doprava Nembutalu po cel\u00e9m sv\u011bt\u011b.<\/p>\n<h4>Nembutal Suicide Liquid 10000mg\/ml na prodej<\/h4>\n<p><img decoding=\"async\" class=\"wp-image-176 aligncenter\" src=\"https:\/\/poisonshops.com\/wp-content\/uploads\/2025\/11\/poison_shop_logo-300x171.png\" alt=\"Obchody s jedy\" width=\"112\" height=\"64\" srcset=\"https:\/\/poisonshops.com\/wp-content\/uploads\/2025\/11\/poison_shop_logo-300x171.png 300w, https:\/\/poisonshops.com\/wp-content\/uploads\/2025\/11\/poison_shop_logo.png 563w\" sizes=\"(max-width: 112px) 100vw, 112px\" \/><\/p>","protected":false},"excerpt":{"rendered":"<p>Buy Nembutal Suicide Liquid 10000mg\/ml Nembutal Suicide Pills and Liquid Note: Nembutal (Pentobarbital Sodium) is a controlled substance that should only be used under strict medical supervision and according to the laws and regulations of the relevant jurisdiction. Its use for suicide is illegal in many countries, and it is crucial to seek proper medical [&hellip;]<\/p>\n","protected":false},"featured_media":256,"comment_status":"open","ping_status":"closed","template":"","meta":[],"product_brand":[],"product_cat":[18],"product_tag":[],"class_list":{"0":"post-99","1":"product","2":"type-product","3":"status-publish","4":"has-post-thumbnail","6":"product_cat-buy-nembutal-pentobarbital","8":"first","9":"instock","10":"shipping-taxable","11":"purchasable","12":"product-type-variable"},"_links":{"self":[{"href":"https:\/\/poisonshops.com\/cs\/wp-json\/wp\/v2\/product\/99","targetHints":{"allow":["GET"]}}],"collection":[{"href":"https:\/\/poisonshops.com\/cs\/wp-json\/wp\/v2\/product"}],"about":[{"href":"https:\/\/poisonshops.com\/cs\/wp-json\/wp\/v2\/types\/product"}],"replies":[{"embeddable":true,"href":"https:\/\/poisonshops.com\/cs\/wp-json\/wp\/v2\/comments?post=99"}],"wp:featuredmedia":[{"embeddable":true,"href":"https:\/\/poisonshops.com\/cs\/wp-json\/wp\/v2\/media\/256"}],"wp:attachment":[{"href":"https:\/\/poisonshops.com\/cs\/wp-json\/wp\/v2\/media?parent=99"}],"wp:term":[{"taxonomy":"product_brand","embeddable":true,"href":"https:\/\/poisonshops.com\/cs\/wp-json\/wp\/v2\/product_brand?post=99"},{"taxonomy":"product_cat","embeddable":true,"href":"https:\/\/poisonshops.com\/cs\/wp-json\/wp\/v2\/product_cat?post=99"},{"taxonomy":"product_tag","embeddable":true,"href":"https:\/\/poisonshops.com\/cs\/wp-json\/wp\/v2\/product_tag?post=99"}],"curies":[{"name":"wp","href":"https:\/\/api.w.org\/{rel}","templated":true}]}}