{"id":137,"date":"2017-12-17T10:06:43","date_gmt":"2017-12-17T10:06:43","guid":{"rendered":"https:\/\/wordpress.gradientthemes.com\/brand-shop\/about\/"},"modified":"2025-11-29T14:33:52","modified_gmt":"2025-11-29T14:33:52","slug":"giftbutikker","status":"publish","type":"page","link":"https:\/\/poisonshops.com\/da\/giftbutikker\/","title":{"rendered":"Om"},"content":{"rendered":"<div data-elementor-type=\"wp-post\" data-elementor-id=\"137\" class=\"elementor elementor-137\">\n\t\t\t\t<div class=\"elementor-element elementor-element-b4375f3 e-flex e-con-boxed e-con e-parent\" data-id=\"b4375f3\" data-element_type=\"container\" data-e-type=\"container\">\n\t\t\t\t\t<div class=\"e-con-inner\">\n\t\t\t\t<div class=\"elementor-element elementor-element-c2b1470 elementor-widget elementor-widget-text-editor\" data-id=\"c2b1470\" data-element_type=\"widget\" data-e-type=\"widget\" data-widget_type=\"text-editor.default\">\n\t\t\t\t<div class=\"elementor-widget-container\">\n\t\t\t\t\t\t\t\t\t<h2>Giftbutikker<\/h2><p>Velkommen til Poison Shops, din prim\u00e6re kilde til h\u00f8j kvalitet, specialiseret i verdens mest giftige biokemiske stoffer og toksiner. Vi opererer fra vores faciliteter i <strong>Tyskland, Schweiz,<\/strong> og<strong> Frankrig<\/strong>, Vi er forpligtet til at give vores kunder produkter og tjenester i topklasse. Vores fokus p\u00e5 sikkerhed og kundetilfredshed adskiller os fra andre i branchen. Bio Weapons shop.<\/p><p>P\u00e5 <a href=\"https:\/\/poisonshops.com\/da\/\">Giftbutikker<\/a>, Vi sikrer streng overholdelse af internationale regler og prioriterer ansvarlighed i forhold til vores kunder.<strong>betaling, h\u00e5ndtering og forsendelse, <\/strong>og <strong>Distribution<\/strong> af farlige materialer. Vores team er veluddannet og udstyret med avancerede <strong>personlige v\u00e6rnemidler (PPE),<\/strong> og alle forsendelser inkluderer omfattende <strong>Sikkerhedsdatablade (SDS)<\/strong> for din tryghed og sikkerhed. Vores sortiment omfatter <strong>Arsenikgift, Aconitin, Batrachotoxin, Botulinum Toxin, Cyanid, Dimethylkviks\u00f8lv, Maitotoxin, Polonium-210, Ricin, Sarin, Tetrodotoxin, Nembutal selvmord<a href=\"https:\/\/duckduckgo.com\/\" target=\"_blank\" rel=\"noopener\">,<\/a>og VR Nerve Agent. Det bedste sted at bestille gift diskret.<\/strong><\/p><p><img decoding=\"async\" class=\"wp-image-502 aligncenter\" src=\"https:\/\/poisonshops.com\/wp-content\/uploads\/2025\/11\/Bio-Weapons-240x300.png\" alt=\"Biologiske v\u00e5ben\" width=\"53\" height=\"66\" srcset=\"https:\/\/poisonshops.com\/wp-content\/uploads\/2025\/11\/Bio-Weapons-240x300.png 240w, https:\/\/poisonshops.com\/wp-content\/uploads\/2025\/11\/Bio-Weapons.png 265w\" sizes=\"(max-width: 53px) 100vw, 53px\" \/><\/p><p>Uanset om du vil have vores giftstoffer til forskningsform\u00e5l, barmhjertighedsdrab (eutanasi), eller du driver et forskningslaboratorium for Poison Shops, eller du har til hensigt at udf\u00f8re etnisk udrensning, snigmord, skal du stole p\u00e5 Poison Shops for p\u00e5lidelige toksiner med diskrete leveringsl\u00f8sninger og kun sikre kryptotransaktioner. K\u00f8b forskningskemikalier online.<\/p><p>Vi tilbyder forskellige forsendelsesmuligheder, herunder <strong>standard <\/strong>og<strong> ekspres-tjenester,<\/strong> med <strong>gratis forsendelse<\/strong> p\u00e5 ordrer over<strong> \u20ac10,000<\/strong>. Til specialiserede krav tilbyder vi en <strong>Dead Drop <\/strong>service til <strong>specifikke GPS-koordinater<\/strong>. Vores politikker afspejler vores dedikation til sikker og effektiv service, herunder en klar refunderings- og returpolitik med fokus p\u00e5 ubesvarede eller forsinkede ordrer.<\/p><p>Bio Weapons er en betroet partner i den biokemiske industri, der opretholder de h\u00f8jeste standarder for integritet, innovation og ekspertise. Tak, fordi du valgte Bio Weapons til dine specialiserede biokemiske behov. K\u00f8b giftstoffer.<\/p><p><img decoding=\"async\" class=\"wp-image-489 aligncenter\" src=\"https:\/\/poisonshops.com\/wp-content\/uploads\/2025\/11\/Buy-poisons-and-toxins-anonymously-300x200.jpg\" alt=\"K\u00f8b giftstoffer og toksiner anonymt\" width=\"74\" height=\"49\" srcset=\"https:\/\/poisonshops.com\/wp-content\/uploads\/2025\/11\/Buy-poisons-and-toxins-anonymously-300x200.jpg 300w, https:\/\/poisonshops.com\/wp-content\/uploads\/2025\/11\/Buy-poisons-and-toxins-anonymously-446x297.jpg 446w, https:\/\/poisonshops.com\/wp-content\/uploads\/2025\/11\/Buy-poisons-and-toxins-anonymously.jpg 474w\" sizes=\"(max-width: 74px) 100vw, 74px\" \/><\/p><h3>K\u00f8b giftstoffer og toksiner anonymt<\/h3><p>Det er blevet mere popul\u00e6rt at bruge mere stille og skjulte metoder til at myrde. Forskellige langsomme gifte kommer til unds\u00e6tning. Der er ikke noget nyt i denne verden l\u00e6ngere, og giftstoffer blev ogs\u00e5 brugt i civiliserede lande: det gamle Egypten, i Europa i middelalderen. I disse \u00e5r med medicin var der ingen retsmedicin, ingen vidste, hvorfor personen d\u00f8de, s\u00e5 du kunne nemt bestille enhver form for d\u00f8d fra gammeldags kemikere: langsom og pinefuld, hurtig og smertefri, i s\u00f8vne, hjerteanfald osv.<\/p><p>P\u00e5 grund af de moderne metoder til at fastsl\u00e5 d\u00f8ds\u00e5rsagen er det blevet utroligt sv\u00e6rt at forgifte en person, is\u00e6r hvis de d\u00f8r pludseligt, vil folk straks mist\u00e6nke forgiftning. Rottegiften fra butikken duer ikke, den retsmedicinske unders\u00f8gelse vil straks finde rester af den i blodet eller skader p\u00e5 organerne ved obduktionen.\u00a0<\/p><p>Derfor er brug af kemiske giftstoffer som cyanid, methylkviks\u00f8lv og arsenik usikkert ud fra et juridisk synspunkt. De forbliver i kroppen efter d\u00f8den, og de ydre tegn er meget tydelige for retsmedicinske specialister.<\/p><p>Jeg skaber omhyggeligt udvalgte organiske langtidsvirkende gifte, og jeg syntetiserer en forkl\u00e6dning som et serum til nogle af dem. Hvorfor opfinde noget, hvis naturen allerede har gjort det for dig?<\/p><p>Jeg skaber omhyggeligt udvalgte organiske langtidsvirkende gifte, og jeg syntetiserer en forkl\u00e6dning som et serum til nogle af dem. Hvorfor opfinde noget, hvis naturen allerede har gjort det for dig?<\/p><p>Det er meget nemt at forgifte folk, man kan ofte h\u00f8re i de lokale nyheder om en bedstemors d\u00f8d af forgiftning p\u00e5 grund af k\u00f8d af d\u00e5rlig kvalitet fra markedet, og bedstemoren boede alene i en 2-v\u00e6relses lejlighed... K\u00f8b forskningskemikalier online.<\/p><p>Hvilke beviser kan jeg give for, at jeg ikke er en studerende, der har oprettet hjemmesiden for at snyde folk for at f\u00e5 enderne til at m\u00f8des? F\u00f8rst og fremmest vil du straks forst\u00e5 det, n\u00e5r du taler med mig, men jeg vil ogs\u00e5 vedh\u00e6fte nogle billeder af mit laboratorium:<\/p><h4>K\u00f8b forskningskemikalier online<\/h4><p><img decoding=\"async\" class=\"wp-image-176 aligncenter\" src=\"https:\/\/poisonshops.com\/wp-content\/uploads\/2025\/11\/poison_shop_logo-300x171.png\" alt=\"Giftbutikker\" width=\"70\" height=\"40\" srcset=\"https:\/\/poisonshops.com\/wp-content\/uploads\/2025\/11\/poison_shop_logo-300x171.png 300w, https:\/\/poisonshops.com\/wp-content\/uploads\/2025\/11\/poison_shop_logo.png 563w\" sizes=\"(max-width: 70px) 100vw, 70px\" \/><\/p>\t\t\t\t\t\t\t\t<\/div>\n\t\t\t\t<\/div>\n\t\t\t\t\t<\/div>\n\t\t\t\t<\/div>\n\t\t\t\t<\/div>","protected":false},"excerpt":{"rendered":"<p>Poison Shops Welcome to Poison Shops \u00a0your premier source for high-quality, specialized in top-tier and world most toxic biochemical agents and toxins. Operating from our facilities in Germany, Switzerland, and France, we are committed to providing our clients with top-tier products and services. Our focus on safety, security, and customer satisfaction sets us apart in [&hellip;]<\/p>\n","protected":false},"author":1,"featured_media":0,"parent":0,"menu_order":0,"comment_status":"closed","ping_status":"closed","template":"elementor_header_footer","meta":{"footnotes":""},"class_list":["post-137","page","type-page","status-publish","hentry"],"_links":{"self":[{"href":"https:\/\/poisonshops.com\/da\/wp-json\/wp\/v2\/pages\/137","targetHints":{"allow":["GET"]}}],"collection":[{"href":"https:\/\/poisonshops.com\/da\/wp-json\/wp\/v2\/pages"}],"about":[{"href":"https:\/\/poisonshops.com\/da\/wp-json\/wp\/v2\/types\/page"}],"author":[{"embeddable":true,"href":"https:\/\/poisonshops.com\/da\/wp-json\/wp\/v2\/users\/1"}],"replies":[{"embeddable":true,"href":"https:\/\/poisonshops.com\/da\/wp-json\/wp\/v2\/comments?post=137"}],"version-history":[{"count":34,"href":"https:\/\/poisonshops.com\/da\/wp-json\/wp\/v2\/pages\/137\/revisions"}],"predecessor-version":[{"id":508,"href":"https:\/\/poisonshops.com\/da\/wp-json\/wp\/v2\/pages\/137\/revisions\/508"}],"wp:attachment":[{"href":"https:\/\/poisonshops.com\/da\/wp-json\/wp\/v2\/media?parent=137"}],"curies":[{"name":"wp","href":"https:\/\/api.w.org\/{rel}","templated":true}]}}