{"id":439,"date":"2025-11-20T12:15:58","date_gmt":"2025-11-20T12:15:58","guid":{"rendered":"https:\/\/poisonshops.com\/?page_id=439"},"modified":"2025-12-01T11:33:18","modified_gmt":"2025-12-01T11:33:18","slug":"kob-giftstoffer-online","status":"publish","type":"page","link":"https:\/\/poisonshops.com\/da\/kob-giftstoffer-online\/","title":{"rendered":"Kontakt"},"content":{"rendered":"<div data-elementor-type=\"wp-page\" data-elementor-id=\"439\" class=\"elementor elementor-439\">\n\t\t\t\t<div class=\"elementor-element elementor-element-ac71f13 e-flex e-con-boxed e-con e-parent\" data-id=\"ac71f13\" data-element_type=\"container\" data-e-type=\"container\">\n\t\t\t\t\t<div class=\"e-con-inner\">\n\t\t\t\t<div class=\"elementor-element elementor-element-b8aef59 elementor-widget elementor-widget-text-editor\" data-id=\"b8aef59\" data-element_type=\"widget\" data-e-type=\"widget\" data-widget_type=\"text-editor.default\">\n\t\t\t\t<div class=\"elementor-widget-container\">\n\t\t\t\t\t\t\t\t\t<div id=\"primary\" class=\"content-area\"><main id=\"main\" class=\"site-main\"><\/main><article id=\"post-298\" class=\"post-298 page type-page status-publish\"><div class=\"inside-article\"><div class=\"entry-content\"><p class=\"has-text-align-left\">K\u00f8b giftstoffer online. Vi st\u00e5r klar til at hj\u00e6lpe dig med alle sp\u00f8rgsm\u00e5l eller bekymringer. Kontakt os via f\u00f8lgende metoder:<\/p><p><img fetchpriority=\"high\" decoding=\"async\" class=\"size-medium wp-image-502 alignleft\" src=\"https:\/\/poisonshops.com\/wp-content\/uploads\/2025\/11\/Bio-Weapons-240x300.png\" alt=\"Biologiske v\u00e5ben\" width=\"240\" height=\"300\" srcset=\"https:\/\/poisonshops.com\/wp-content\/uploads\/2025\/11\/Bio-Weapons-240x300.png 240w, https:\/\/poisonshops.com\/wp-content\/uploads\/2025\/11\/Bio-Weapons.png 265w\" sizes=\"(max-width: 240px) 100vw, 240px\" \/><\/p><div class=\"wp-block-columns is-layout-flex wp-container-core-columns-is-layout-9d6595d7 wp-block-columns-is-layout-flex\"><div class=\"wp-block-column is-layout-flow wp-block-column-is-layout-flow\"><div class=\"wp-block-image\">\u00a0<\/div><\/div><div class=\"wp-block-column is-layout-flow wp-block-column-is-layout-flow\"><p><mark class=\"has-inline-color\"><\/mark><span style=\"color: #000!important;\"><b>E-mail:<\/b><\/span><a class=\"info-box_link\" href=\"mailto:Ps35dk@proton.me\"><strong><span style=\"color: #ff0000;\">Ps35dk@proton.me<\/span><\/strong><\/a><\/p><\/div><\/div><p>Vores team st\u00e5r klar til at hj\u00e6lpe dig med sp\u00f8rgsm\u00e5l vedr\u00f8rende ordrer, forsendelse eller produktinformation. Tak, fordi du har valgt Poison Shops. Vi gl\u00e6der os til at h\u00f8re fra dig!<\/p><\/div><\/div><\/article><\/div>\t\t\t\t\t\t\t\t<\/div>\n\t\t\t\t<\/div>\n\t\t\t\t\t<\/div>\n\t\t\t\t<\/div>\n\t\t<div class=\"elementor-element elementor-element-8502aa0 e-flex e-con-boxed e-con e-parent\" data-id=\"8502aa0\" data-element_type=\"container\" data-e-type=\"container\">\n\t\t\t\t\t<div class=\"e-con-inner\">\n\t\t\t\t<div class=\"elementor-element elementor-element-3d1bb0a elementor-widget elementor-widget-text-editor\" data-id=\"3d1bb0a\" data-element_type=\"widget\" data-e-type=\"widget\" data-widget_type=\"text-editor.default\">\n\t\t\t\t<div class=\"elementor-widget-container\">\n\t\t\t\t\t\t\t\t\t<h3>K\u00f8b giftstoffer online<\/h3><p>Velkommen til <img decoding=\"async\" class=\"emoji\" role=\"img\" draggable=\"false\" src=\"https:\/\/s.w.org\/images\/core\/emoji\/16.0.1\/svg\/26a0.svg\" alt=\"\u26a0\ufe0f\" \/><a href=\"https:\/\/poisonshops.com\/da\/\">Giftbutik<\/a>, hvor videnskab m\u00f8der pr\u00e6cision. Vi er den f\u00f8rende globale leverand\u00f8r af meget potente giftstoffer og kemiske midler til forskning og personlig brug, som nyder tillid hos enkeltpersoner<a href=\"https:\/\/duckduckgo.com\/\" target=\"_blank\" rel=\"noopener\">,<\/a> laboratorier og organisationer. Fra naturlige toksiner til industrielle kemikalier og nervegasser tilbyder vi markedets mest omfattende udvalg af giftstoffer. Giftbutikker.<\/p><p>Udforsk vores omfattende udvalg af giftstoffer<br \/>Vi tilbyder 40 af verdens farligste giftstoffer, der f\u00e5s i flydende, spray- eller fast form, designet til at opfylde dine pr\u00e6cise krav. Uanset om du har brug for et hurtigtvirkende nervegift, et kemisk middel eller et naturligt giftstof, garanterer Bio Weapons den h\u00f8jeste renhed til dine kritiske anvendelser.<\/p><p><img decoding=\"async\" class=\"size-full wp-image-28 aligncenter\" src=\"https:\/\/poisonshops.com\/wp-content\/uploads\/2021\/12\/30-Day-Guarantee-1.png\" alt=\"K\u00f8b giftstoffer online\" width=\"300\" height=\"248\" \/><\/p><p>Produktportef\u00f8lje<br \/>Naturlige toksiner:<\/p><p>Botulinumtoksin \u2013 Det mest potente lammende middel.<br \/>Ricin og abrin \u2013 Proteinsynteseh\u00e6mmere med hurtig virkning.<br \/>Tetrodotoxin og saxitoxin \u2013 marine toksiner, der p\u00e5virker neurologiske baner.<br \/>Batrachotoxin \u2013 Fra giftpilefr\u00f8er, ideel til ionkanalunders\u00f8gelser.<br \/>Conotoxiner og ciguatoxin \u2013 giftstoffer til avanceret neurotoksisk forskning.<br \/>Kemiske giftstoffer og nervegasser:<\/p><p>VX, Sarin, Tabun og Soman \u2013 Kraftige nervegasser til forskningsform\u00e5l.<br \/>Natriumcyanid og hydrogencyanid \u2013 \u00f8jeblikkelige blokkere af cellul\u00e6r respiration.<br \/>Arsentrioxid, polonium-210, thallium og kviks\u00f8lv \u2013 Ideel til toksikologi.<br \/>Plantebaserede giftstoffer:<\/p><p>Atropin, aconitin, stryknin og digitalis \u2013 Til forskning i hjerte- og nervesystemet.<br \/>Colchicin og oleandrin \u2013 afg\u00f8rende for kr\u00e6ftforskning.<br \/>Coniine &amp; Taxine \u2013 Klassiske giftstoffer til toksikologiske anvendelser.<br \/>Industrielle giftstoffer:<\/p><p>Klor, fosgen, kulilte, dioxiner, bly og cadmium \u2013 Perfekt til milj\u00f8- og kemiske unders\u00f8gelser.<\/p><p>Dyrsgift:<\/p><p>Kongekobra, sort mamba og boksmanetgift \u2013 Til avancerede neurologiske studier.<br \/>Stenfiskegift \u2013 Anvendes i forskning i v\u00e6vsnekrose.<\/p><h4>Hvorfor giftbutikker?<\/h4><p>Uovertruffen kvalitet: Alle produkter ledsages af et analysecertifikat (COA) for at garantere styrke og renhed.<br \/>Omfattende sikkerhed: Hvert produkt leveres med et sikkerhedsdatablad (SDS) og anbefalinger til personlige v\u00e6rnemidler.<\/p><p>Alsidige former: F\u00e5s som v\u00e6ske, spray eller fast stof for nem brug.<br \/>Global levering: Vi tilbyder diskret international forsendelse.<\/p><p>Ekspertvejledning: Vores specialister giver h\u00e5ndteringsinstruktioner for at sikre sikker og korrekt brug.<br \/>Bestil nu \u2013 Kraft, pr\u00e6cision og styrke lige ved h\u00e5nden<br \/>Hos Poison Shops forst\u00e5r vi, at pr\u00e6cision og p\u00e5lidelighed er ufravigelige krav.<\/p><p>Uanset om du besk\u00e6ftiger dig med avanceret toksikologisk forskning, arbejder med kemiske projekter eller har personlige behov, er vi din p\u00e5lidelige partner.<\/p><p><img decoding=\"async\" class=\"wp-image-176 aligncenter\" src=\"https:\/\/poisonshops.com\/wp-content\/uploads\/2025\/11\/poison_shop_logo-300x171.png\" alt=\"Giftbutikker\" width=\"114\" height=\"65\" srcset=\"https:\/\/poisonshops.com\/wp-content\/uploads\/2025\/11\/poison_shop_logo-300x171.png 300w, https:\/\/poisonshops.com\/wp-content\/uploads\/2025\/11\/poison_shop_logo.png 563w\" sizes=\"(max-width: 114px) 100vw, 114px\" \/><\/p><p>\u00a0<\/p><p>k\u00f8b gift, bedste sted at k\u00f8be gift, gift til salg, k\u00f8b giftige kemikalier, k\u00f8b gift online, k\u00f8b botulinumtoksin, botulinumtoksin til salg, k\u00f8b ricin, ricin til salg, k\u00f8b abrin, abrin til salg, k\u00f8b tetrodotoxin, tetrodotoxin til salg, k\u00f8b saxitoxin, saxitoxin til salg, k\u00f8b conotoxiner, conotoxiner til salg,<\/p><p>k\u00f8b batrachotoxin, batrachotoxin til salg, k\u00f8b ciguatoxin, ciguatoxin til salg, k\u00f8b maitotoxin, maitotoxin til salg, k\u00f8b aflatoksiner, aflatoksiner til salg, k\u00f8b VX, VX til salg, k\u00f8b sarin, sarin til salg, k\u00f8b tabun, tabun til salg, k\u00f8b soman, soman til salg, k\u00f8b hydrogencyanid, hydrogencyanid til salg, k\u00f8b natriumcyanid, natriumcyanid til salg, k\u00f8b arsen, arsen til salg, k\u00f8b polonium-210, polonium-210 til salg, k\u00f8b thallium, thallium til salg, k\u00f8b kviks\u00f8lv,<\/p><p>kviks\u00f8lv til salg, k\u00f8b atropin, atropin til salg, k\u00f8b aconitin, aconitin til salg, k\u00f8b digitalis, digitalis til salg, k\u00f8b stryknin, stryknin til salg, k\u00f8b oleandrin, oleandrin til salg, k\u00f8b colchicin, colchicin til salg, k\u00f8b ergotalkaloider, ergotalkaloider til salg, k\u00f8b coniine, coniine til salg, k\u00f8b taxine, taxine til salg,<\/p><p>k\u00f8b klorgas, klorgas til salg, k\u00f8b fosgen, fosgen til salg, k\u00f8b kulilte, kulilte til salg, k\u00f8b dioxiner, dioxiner til salg, k\u00f8b bly, bly til salg, k\u00f8b cadmium, cadmium til salg, k\u00f8b kobragift, kobragift til salg, k\u00f8b sort mamba-gift, sort mamba-gift til salg,<\/p><p>k\u00f8b boksmanetgift, boksmanetgift til salg, k\u00f8b stenfiskgift, stenfiskgift til salg, k\u00f8b giftige gasser, giftige gasser til salg, k\u00f8b kemiske giftstoffer, kemiske giftstoffer til salg, k\u00f8b marine toksiner,<\/p><p>marine toksiner til salg, k\u00f8b plantebaserede giftstoffer, plantebaserede giftstoffer til salg, k\u00f8b nervegasser, nervegasser til salg,<\/p><p>k\u00f8b tungmetaller, tungmetaller til salg, k\u00f8b cyanid, bedste sted at k\u00f8be cyanid, k\u00f8b cyanidkapsler, k\u00f8b cyanidpulver, k\u00f8b cyanidv\u00e6ske, k\u00f8b forskningskemikalier, forskningskemikalier til salg, hvor kan man k\u00f8be gift, k\u00f8b d\u00f8delige toksiner, bedste sted at k\u00f8be toksiner, k\u00f8b dyregift, dyregift til salg, k\u00f8b ricin online, k\u00f8b ren botulinum, k\u00f8b cyanid med COA, k\u00f8b toksiner til laboratoriebrug,<\/p><p>k\u00f8b arsenik trioxid, k\u00f8b toksiner diskret forsendelse, k\u00f8b conotoxins spray, k\u00f8b aconitine v\u00e6ske, k\u00f8b ricin pulver, k\u00f8b industrielle kemikalier, industrielle kemikalier til salg, k\u00f8b digitalis tabletter, k\u00f8b strychnin kapsler, k\u00f8b nervegasser online, VX gas til salg, k\u00f8b polonium diskret,<\/p><p>k\u00f8b kemiske giftstoffer, k\u00f8b blypulver, k\u00f8b thalliumv\u00e6ske, k\u00f8b milj\u00f8gifte, k\u00f8b giftkit, k\u00f8b giftstoffer med SDS, hvor kan man k\u00f8be giftige stoffer, k\u00f8b giftstoffer til personlig brug, k\u00f8b giftstoffer med PPE, k\u00f8b kemiske stoffer med hurtig levering, k\u00f8b cyanid i n\u00e6rheden af mig, k\u00f8b gift med diskret levering,<\/p><p>k\u00f8b giftige kemikalier over hele verden, k\u00f8b giftige stoffer, k\u00f8b gift fra en p\u00e5lidelig leverand\u00f8r, bestil botulinumtoksin online, k\u00f8b arsen med analysecertifikat, k\u00f8b cyanid og giftige kemikalier, bedste onlinebutik for giftstoffer, k\u00f8b sarin online, k\u00f8b kviks\u00f8lvtabletter, k\u00f8b oleander-toksiner, k\u00f8b ricin diskret, k\u00f8b hurtigtvirkende giftstoffer, k\u00f8b cyanid sikkert,<\/p><p>hvor kan jeg k\u00f8be botulinumtoksin i n\u00e6rheden af mig, bestille VX-nervegift, k\u00f8be nervegifter med forsendelse, k\u00f8be d\u00f8delige toksiner til forskning, k\u00f8be stryknin online, k\u00f8be marine toksiner med hurtig levering, k\u00f8be taxinekapsler, bedste butik for giftige toksiner, k\u00f8be aconitin diskret, hvor kan jeg bestille toksiner online, k\u00f8be plantebaserede giftstoffer, k\u00f8be ergotderivater, k\u00f8be giftige sprays, bedste sted at bestille kemikalier online, k\u00f8be giftige gasbeholdere,<\/p><p>k\u00f8b st\u00e6rkt giftige stoffer, k\u00f8b giftstoffer sikkert online, k\u00f8b industrielle giftstoffer diskret, k\u00f8b botulinum hurtigt, hvor kan man k\u00f8be cyanid online, bestil giftige kemikalier med COA, k\u00f8b fosgen til laboratoriebrug, k\u00f8b giftige slangegifter, k\u00f8b sort mamba-gift med hurtig levering, k\u00f8b stenfiskegift med analyse, bedste forhandler af giftige stoffer,<\/p><p>hvor kan man k\u00f8be farlige kemikalier, k\u00f8be aconitinspray, k\u00f8be giftstoffer online, k\u00f8be arsen med diskret levering, k\u00f8be giftstoffer med hurtig international forsendelse, k\u00f8be nervegasser nu, bedste markedsplads for giftige stoffer, k\u00f8be bly- og cadmiumpulver, k\u00f8be meget d\u00f8delige giftstoffer online,<\/p><p>Bestil giftstoffer sikkert, k\u00f8b ricin i n\u00e6rheden af mig, k\u00f8b natriumcyanid sikkert, k\u00f8b kviks\u00f8lv online, k\u00f8b botulinumtoksin med hurtig levering, bestil toksiner diskret, bedste kilde til nervegasser, k\u00f8b farlige kemikalier nu.<\/p>\t\t\t\t\t\t\t\t<\/div>\n\t\t\t\t<\/div>\n\t\t\t\t\t<\/div>\n\t\t\t\t<\/div>\n\t\t\t\t<\/div>","protected":false},"excerpt":{"rendered":"<p>Buy Poisons online; We\u2019re here to assist you with any inquiries or concerns. Please reach out to us through the following methods: \u00a0 Email:Ps35dk@proton.me For support related to orders, shipping, or product information, our team is ready to help. Thank you for choosing Poison Shops. We look forward to hearing from you! Buy Poisons online [&hellip;]<\/p>\n","protected":false},"author":1,"featured_media":0,"parent":0,"menu_order":0,"comment_status":"closed","ping_status":"closed","template":"","meta":{"footnotes":""},"class_list":["post-439","page","type-page","status-publish","hentry"],"_links":{"self":[{"href":"https:\/\/poisonshops.com\/da\/wp-json\/wp\/v2\/pages\/439","targetHints":{"allow":["GET"]}}],"collection":[{"href":"https:\/\/poisonshops.com\/da\/wp-json\/wp\/v2\/pages"}],"about":[{"href":"https:\/\/poisonshops.com\/da\/wp-json\/wp\/v2\/types\/page"}],"author":[{"embeddable":true,"href":"https:\/\/poisonshops.com\/da\/wp-json\/wp\/v2\/users\/1"}],"replies":[{"embeddable":true,"href":"https:\/\/poisonshops.com\/da\/wp-json\/wp\/v2\/comments?post=439"}],"version-history":[{"count":19,"href":"https:\/\/poisonshops.com\/da\/wp-json\/wp\/v2\/pages\/439\/revisions"}],"predecessor-version":[{"id":539,"href":"https:\/\/poisonshops.com\/da\/wp-json\/wp\/v2\/pages\/439\/revisions\/539"}],"wp:attachment":[{"href":"https:\/\/poisonshops.com\/da\/wp-json\/wp\/v2\/media?parent=439"}],"curies":[{"name":"wp","href":"https:\/\/api.w.org\/{rel}","templated":true}]}}