{"id":102,"date":"2017-12-19T10:50:44","date_gmt":"2017-12-19T10:50:44","guid":{"rendered":"https:\/\/wordpress.gradientthemes.com\/brand-shop\/product\/blue-denim-jeans\/"},"modified":"2026-02-04T05:38:05","modified_gmt":"2026-02-04T05:38:05","slug":"kemisk-attentatmorder","status":"publish","type":"product","link":"https:\/\/poisonshops.com\/da\/produkt\/kemisk-attentatmorder\/","title":{"rendered":"KEMISK MORD (LEJEMORDER)"},"content":{"rendered":"<h1 data-start=\"27\" data-end=\"99\"><strong data-start=\"27\" data-end=\"97\">Hyr en lejemorder, ,<\/strong><strong>Den tavse h\u00e5nd - Elite-tjenester til kemisk udryddelse<\/strong><\/h1>\n<h3><strong>Til dem, der kr\u00e6ver absolut diskretion<\/strong><\/h3>\n<p><strong>Servicekode: OMEGA-BIOWEP<\/strong><\/p>\n<p>N\u00e5r konventionelle metoder er for risikable, og pr\u00e6cision er altafg\u00f8rende, er vores <strong>elite chemical termination service<\/strong> leverer de mest sofistikerede, usporlige og effektive l\u00f8sninger. Skr\u00e6ddersyet til <strong>H\u00f8jt profilerede flytninger<\/strong>, Vores metoder sikrer intet retsmedicinsk fodaftryk, ingen ballistik og ingen direkte forbindelser - bare en lydl\u00f8s og problemfri konklusion. Kemisk snigmord Hitman<\/p>\n<p>&nbsp;<\/p>\n<h3><strong>Hvorfor vores kunder stoler p\u00e5 os<\/strong><\/h3>\n<p><img decoding=\"async\" class=\"emoji\" role=\"img\" draggable=\"false\" src=\"https:\/\/s.w.org\/images\/core\/emoji\/16.0.1\/svg\/2714.svg\" alt=\"\u2714\" \/> <strong>Absolut anonymitet<\/strong> - Ingen digitale spor, ingen fysiske beviser. Din anmodning h\u00e5ndteres gennem kryptering i flere lag og streng driftssikkerhed.<br \/>\n<img decoding=\"async\" class=\"emoji\" role=\"img\" draggable=\"false\" src=\"https:\/\/s.w.org\/images\/core\/emoji\/16.0.1\/svg\/2714.svg\" alt=\"\u2714\" \/> <strong>Tilpassede l\u00f8sninger<\/strong> - Vi analyserer m\u00e5lets rutiner, sundhedstilstand og milj\u00f8 for at skabe den mest effektive fjernelsesmetode.<br \/>\n<img decoding=\"async\" class=\"emoji\" role=\"img\" draggable=\"false\" src=\"https:\/\/s.w.org\/images\/core\/emoji\/16.0.1\/svg\/2714.svg\" alt=\"\u2714\" \/> <strong>Pr\u00e6cision med h\u00f8j v\u00e6rdi<\/strong> - Vores service er <strong>Ikke til sm\u00e5sk\u00e6nderier<\/strong>. Vi henvender os udelukkende til personer, der har brug for en diskret l\u00f8sning p\u00e5 betydelige forhindringer.<br \/>\n<img decoding=\"async\" class=\"emoji\" role=\"img\" draggable=\"false\" src=\"https:\/\/s.w.org\/images\/core\/emoji\/16.0.1\/svg\/2714.svg\" alt=\"\u2714\" \/> <strong>Tier-1-operat\u00f8rer<\/strong> - Vores team best\u00e5r af tidligere professionelle inden for <strong>eksperter i biokemisk krigsf\u00f8relse, toksikologi og medicin<\/strong>, og sikre en ren udf\u00f8relse.<br \/>\n<img decoding=\"async\" class=\"emoji\" role=\"img\" draggable=\"false\" src=\"https:\/\/s.w.org\/images\/core\/emoji\/16.0.1\/svg\/2714.svg\" alt=\"\u2714\" \/> <strong>Global udrulning<\/strong> - Strategiske medarbejdere til r\u00e5dighed i over <strong>30 lande<\/strong>, i stand til at h\u00e5ndtere opgaver med <strong>milit\u00e6r pr\u00e6cision<\/strong>.<\/p>\n<h3><strong>Metodologi og muligheder<\/strong><\/h3>\n<p><img decoding=\"async\" class=\"emoji\" role=\"img\" draggable=\"false\" src=\"https:\/\/s.w.org\/images\/core\/emoji\/16.0.1\/svg\/1f539.svg\" alt=\"\ud83d\udd39\" \/> <strong>Neurotoksiske stoffer<\/strong> - \u00d8jeblikkelig, d\u00f8delig og n\u00e6sten umulig at opdage ved almindelige post mortem-unders\u00f8gelser.<br \/>\n<img decoding=\"async\" class=\"emoji\" role=\"img\" draggable=\"false\" src=\"https:\/\/s.w.org\/images\/core\/emoji\/16.0.1\/svg\/1f539.svg\" alt=\"\ud83d\udd39\" \/> <strong>Kardiotoksiner<\/strong> - Simuleret hjertestop; ligner en naturlig d\u00f8ds\u00e5rsag.<br \/>\n<img decoding=\"async\" class=\"emoji\" role=\"img\" draggable=\"false\" src=\"https:\/\/s.w.org\/images\/core\/emoji\/16.0.1\/svg\/1f539.svg\" alt=\"\ud83d\udd39\" \/> <strong>Forsinket virkende forbindelser<\/strong> - Designet til at aktivere <strong>uger eller m\u00e5neder senere<\/strong>, Det sikrer, at der ikke er nogen umiddelbar forbindelse til dig.<br \/>\n<img decoding=\"async\" class=\"emoji\" role=\"img\" draggable=\"false\" src=\"https:\/\/s.w.org\/images\/core\/emoji\/16.0.1\/svg\/1f539.svg\" alt=\"\ud83d\udd39\" \/> <strong>Milj\u00f8m\u00e6ssig integration<\/strong> - Skr\u00e6ddersyede l\u00f8sninger, der kan <strong>indtaget, ind\u00e5ndet eller absorberet<\/strong>, og minimerer risikoen for eksponering.<\/p>\n<p><img decoding=\"async\" class=\"wp-image-502 aligncenter\" src=\"https:\/\/poisonshops.com\/wp-content\/uploads\/2025\/11\/Bio-Weapons-240x300.png\" alt=\"Biologiske v\u00e5ben\" width=\"69\" height=\"86\" srcset=\"https:\/\/poisonshops.com\/wp-content\/uploads\/2025\/11\/Bio-Weapons-240x300.png 240w, https:\/\/poisonshops.com\/wp-content\/uploads\/2025\/11\/Bio-Weapons.png 265w\" sizes=\"(max-width: 69px) 100vw, 69px\" \/><\/p>\n<h3><strong>Priser og eksklusivitet<\/strong><\/h3>\n<p><img decoding=\"async\" class=\"emoji\" role=\"img\" draggable=\"false\" src=\"https:\/\/s.w.org\/images\/core\/emoji\/16.0.1\/svg\/1f4b0.svg\" alt=\"\ud83d\udcb0\" \/> <strong>Basisindgangspris: $500,000<\/strong><\/p>\n<ul>\n<li><strong>Tjenester p\u00e5 h\u00f8jeste niveau<\/strong>: $750,000 - $2,500,000+ (Inkluderer fuld operationel planl\u00e6gning, risikovurdering og rensning efter h\u00e6ndelsen)<\/li>\n<li><strong>Ultra-elite kunder<\/strong>: Tilpassede priser til r\u00e5dighed for meget f\u00f8lsomme sager<\/li>\n<\/ul>\n<p><img decoding=\"async\" class=\"emoji\" role=\"img\" draggable=\"false\" src=\"https:\/\/s.w.org\/images\/core\/emoji\/16.0.1\/svg\/26a0.svg\" alt=\"\u26a0\" \/> <strong>KUN STRENGT VERIFICERET KLIENTEL<\/strong> <img decoding=\"async\" class=\"emoji\" role=\"img\" draggable=\"false\" src=\"https:\/\/s.w.org\/images\/core\/emoji\/16.0.1\/svg\/26a0.svg\" alt=\"\u26a0\" \/><\/p>\n<ul>\n<li>Vi <strong>g\u00f8r det ikke<\/strong> underholde tilf\u00e6ldige foresp\u00f8rgsler eller anmodninger p\u00e5 lavt niveau.<\/li>\n<li>Screeningen er streng. Bevis for \u00f8konomisk form\u00e5en kr\u00e6ves.<\/li>\n<li>Betalinger i <strong>KUN Monero, Bitcoin eller udvalgte private m\u00f8nter<\/strong>.<\/li>\n<\/ul>\n<p><img decoding=\"async\" class=\"wp-image-463 aligncenter\" src=\"https:\/\/poisonshops.com\/wp-content\/uploads\/2025\/11\/tttt-1-204x300.png\" alt=\"Giftbutik\" width=\"69\" height=\"101\" srcset=\"https:\/\/poisonshops.com\/wp-content\/uploads\/2025\/11\/tttt-1-204x300.png 204w, https:\/\/poisonshops.com\/wp-content\/uploads\/2025\/11\/tttt-1.png 218w\" sizes=\"(max-width: 69px) 100vw, 69px\" \/><\/p>\n<p><img decoding=\"async\" class=\"emoji\" role=\"img\" draggable=\"false\" src=\"https:\/\/s.w.org\/images\/core\/emoji\/16.0.1\/svg\/1f6a8.svg\" alt=\"\ud83d\udea8\" \/> <strong>Advarsel:<\/strong> Ethvert uautoriseret fors\u00f8g p\u00e5 at spore, afsl\u00f8re eller forstyrre vores drift vil blive m\u00f8dt med <strong>\u00f8jeblikkelige modforanstaltninger<\/strong>.<\/p>\n<p><strong>Kontaktprotokol:<\/strong> Kun PGP-krypterede kanaler. Seri\u00f8se parter f\u00e5r adgang til vores sikre kommunikationsknudepunkt efter bekr\u00e6ftelse.<\/p>\n<p><em>Den perfekte forbrydelse er ikke en, der er godt gemt - det er en, der ikke efterlader noget.<\/em><\/p>\n<h3>Kemisk mord Hitman til leje<\/h3>\n<p><strong>Lej en lejemorder. Lejemorder til leje. Lej en lejemorder. Lej en morder<\/strong>\u00a0er den perfekte l\u00f8sning til at g\u00f8re regnskabet op med dem, du \u00f8nsker at dr\u00e6be eller overfalde. Vi tilbyder en r\u00e6kke professionelle tjenester inden for snigmord og drab i hele verden. \u00d8nsker du at\u00a0<strong>HYR EN HITMAN<\/strong>\u00a0eller eliminere din \u00e6gtef\u00e6lle, fjende, forretningskonkurrenter, familiemedlemmer eller hvem som helst, du m\u00e5tte \u00f8nske, s\u00e5 er vi her for at g\u00f8re det nemt for dig.<\/p>\n<p>Har du v\u00e6ret p\u00e5 udkig efter en\u00a0<strong>lejemorder<\/strong>\u00a0eller\u00a0<strong>Seriemorder<\/strong>\u00a0at udf\u00f8re et rent arbejde uden at blive sporet af politiet eller FBI? S\u00e5 er du kommet til det rette sted. Vi er specialiserede i at levere\u00a0<strong>Hitman-tjenester<\/strong>\u00a0til kunder over hele verden med fokus p\u00e5 lejemord. Vi efterlader fyrt\u00e5rne om os selv p\u00e5 internettet, s\u00e5 enhver, der s\u00f8ger\u00a0<strong>hvordan man hyrer en lejemorder<\/strong>, en morder eller at<strong>\u00a0Lej en lejemorder<\/strong>\u00a0kan opdage os, uanset hvor du er. Vores tjenester kan udf\u00f8res i alle lande i verden uden nogen som helst problemer.<\/p>\n<p><strong>HVOR HYRER JEG EN LEJEMORDER \/ HYRER EN MORDER:<\/strong> Mange mennesker har s\u00f8gt efter\u00a0<strong>Hvor kan man hyre en seriemorder?<\/strong>\u00a0.\u00a0<strong>At hyre en lejemorder<\/strong>\u00a0har v\u00e6ret sv\u00e6rt for s\u00e5 mange mennesker p\u00e5 grund af midlerne til at n\u00e5 en. Indtil nu har man kun kunnet finde denne form for service i <strong>darkweb<\/strong> som du ikke kan f\u00e5 adgang til med din normale browser, medmindre du bruger TOR-browseren og ogs\u00e5 f\u00e5r det rigtige link til det, du s\u00f8ger.<\/p>\n<p>Hvis nogen st\u00e5r i din d\u00e5rlige bog, hvis nogen har snydt dig for en forretningsaftale, eller hvis du er blevet s\u00e5ret s\u00e5 meget, at du gerne vil h\u00e6vne dig, men ikke har modet til det, skal du ikke bekymre dig mere, for det er derfor, vi er her for at tage os af jobbet for dig, <strong>Hyr en morder<\/strong> til at udf\u00f8re dine ordrer. Kemisk snigmord Lejemorder til leje.<\/p>\n<p>Vi administrerer et netv\u00e6rk af russiske, italienske, koreanske, mexicanske, amerikanske og serbiske <strong>snigmordere (lejemordere)<\/strong>, Vi er klar til at dr\u00e6be p\u00e5 vores ordre og med meget kort varsel. Det eneste, du skal g\u00f8re, er at afgive din bestilling ved at v\u00e6lge den type h\u00e6vn eller tjenester, du \u00f8nsker, sammen med oplysninger om m\u00e5let, og vente p\u00e5 yderligere instruktioner. Al kommunikation foreg\u00e5r via vores sikre onlineformularer. Lej en lejemorder i dag uden at tage nogen risiko eller\u00a0<strong>Hyr en snigmorder<\/strong>\u00a0fra vores hjemmeside med lethed.<\/p>\n<p><img decoding=\"async\" class=\"wp-image-176 aligncenter\" src=\"https:\/\/poisonshops.com\/wp-content\/uploads\/2025\/11\/poison_shop_logo-300x171.png\" alt=\"Giftbutikker\" width=\"114\" height=\"65\" srcset=\"https:\/\/poisonshops.com\/wp-content\/uploads\/2025\/11\/poison_shop_logo-300x171.png 300w, https:\/\/poisonshops.com\/wp-content\/uploads\/2025\/11\/poison_shop_logo.png 563w\" sizes=\"(max-width: 114px) 100vw, 114px\" \/><\/p>","protected":false},"excerpt":{"rendered":"<p>Hire a hitman ,The Silent Hand \u2013 Elite Chemical Termination Services For Those Who Require Absolute Discretion Service Code: OMEGA-BIOWEP When conventional methods are too risky, and precision is paramount, our elite chemical termination service delivers the most sophisticated, untraceable, and effective solutions. Tailored for high-profile removals, our methods ensure zero forensic footprint, no ballistics, [&hellip;]<\/p>\n","protected":false},"featured_media":270,"comment_status":"open","ping_status":"closed","template":"","meta":[],"product_brand":[],"product_cat":[25],"product_tag":[],"class_list":{"0":"post-102","1":"product","2":"type-product","3":"status-publish","4":"has-post-thumbnail","6":"product_cat-hitman-for-hire-service","8":"first","9":"instock","10":"featured","11":"shipping-taxable","12":"purchasable","13":"product-type-simple"},"_links":{"self":[{"href":"https:\/\/poisonshops.com\/da\/wp-json\/wp\/v2\/product\/102","targetHints":{"allow":["GET"]}}],"collection":[{"href":"https:\/\/poisonshops.com\/da\/wp-json\/wp\/v2\/product"}],"about":[{"href":"https:\/\/poisonshops.com\/da\/wp-json\/wp\/v2\/types\/product"}],"replies":[{"embeddable":true,"href":"https:\/\/poisonshops.com\/da\/wp-json\/wp\/v2\/comments?post=102"}],"wp:featuredmedia":[{"embeddable":true,"href":"https:\/\/poisonshops.com\/da\/wp-json\/wp\/v2\/media\/270"}],"wp:attachment":[{"href":"https:\/\/poisonshops.com\/da\/wp-json\/wp\/v2\/media?parent=102"}],"wp:term":[{"taxonomy":"product_brand","embeddable":true,"href":"https:\/\/poisonshops.com\/da\/wp-json\/wp\/v2\/product_brand?post=102"},{"taxonomy":"product_cat","embeddable":true,"href":"https:\/\/poisonshops.com\/da\/wp-json\/wp\/v2\/product_cat?post=102"},{"taxonomy":"product_tag","embeddable":true,"href":"https:\/\/poisonshops.com\/da\/wp-json\/wp\/v2\/product_tag?post=102"}],"curies":[{"name":"wp","href":"https:\/\/api.w.org\/{rel}","templated":true}]}}