{"id":108,"date":"2017-12-19T09:56:29","date_gmt":"2017-12-19T09:56:29","guid":{"rendered":"https:\/\/wordpress.gradientthemes.com\/brand-shop\/product\/flamingo-tshirt\/"},"modified":"2025-12-08T21:55:27","modified_gmt":"2025-12-08T21:55:27","slug":"kob-scopolamin-djaevelens-ande","status":"publish","type":"product","link":"https:\/\/poisonshops.com\/da\/produkt\/kob-scopolamin-djaevelens-ande\/","title":{"rendered":"K\u00f8b Scopolamine (Devil\u2019s Breath)"},"content":{"rendered":"<h2>K\u00f8b Scopolamine Devils Breath<\/h2>\n<p>Scopolamin, ogs\u00e5 kendt som hyoscin eller dj\u00e6vle\u00e5nde, er et naturligt eller syntetisk fremstillet tropanalkaloid og antikolinergt l\u00e6gemiddel, der bruges som medicin til behandling af k\u00f8resyge og postoperativ kvalme og opkastning. Det bruges ogs\u00e5 nogle gange f\u00f8r operationer for at mindske spytsekretionen. N\u00e5r det bruges som injektion, begynder virkningen efter ca. 20 minutter og varer i op til 8 timer. Det kan ogs\u00e5 bruges oralt. K\u00f8b Scopolamine Devils Breath.<\/p>\n<h3>Hvad g\u00f8r Scopolamine?<\/h3>\n<p>Scopolamin er en del af den antimuskarine familie af l\u00e6gemidler og virker ved at blokere nogle af virkningerne af acetylkolin p\u00e5 nervesystemet. Scopolamin blev f\u00f8rste gang omtalt i 1881 og begyndte at blive brugt til an\u00e6stesi omkring \u00e5r 1900. Scopolamin er ogs\u00e5 den vigtigste aktive komponent, der produceres af visse planter i natskyggefamilien, som historisk set er blevet brugt som psykoaktive stoffer (kendt som delirium) p\u00e5 grund af dets hallucinogene virkninger, der fremkaldes af antimuskarinika i h\u00f8jere doser. I disse sammenh\u00e6nge er dets bevidstheds\u00e6ndrende effekter blevet brugt til rekreative og okkulte form\u00e5l.<\/p>\n<h4><span class=\"kY2IgmnCmOGjharHErah\">K\u00f8b scopolaminpulver online til salg<\/span><\/h4>\n<p>Skopolaminforgiftning fra hjemmelavet \u2018m\u00e5neblomst\u2019-vin<br \/>\nLH, en 76-\u00e5rig hvid mand, drak 3 teskefulde (15 ml) hjemmelavet vin over en periode p\u00e5 1 time og blev syg. Ca. 1,5 time senere blev han bragt til skadestuen p\u00e5 et lokalt hospital med symptomer p\u00e5 \u00e5ndedr\u00e6tsbesv\u00e6r og svaghed. Den plante, der blev brugt til at lave vinen, var engletrompet (Datura suaveolens), som efter sigende indeholder varierende m\u00e6ngder scopolamin og atropin.<\/p>\n<p>En pr\u00f8ve af vinen blev indsamlet og analyseret for disse to forbindelser ved hj\u00e6lp af omvendt fase HPLC-kromatografi med 97% methanol-3% deioniseret vand. Den filtrerede vin indeholdt ca. 29 mg scopolamin\/mL, hvilket gav en samlet indtaget dosis p\u00e5 435 mg. Der blev ikke fundet atropin. Scopolamin blev bekr\u00e6ftet ved TLC. En oral dosis p\u00e5 50 mg atropinsulfat hos mennesker er rapporteret at v\u00e6re d\u00f8delig. Alkoholindholdet og pH-v\u00e6rdien p\u00e5 3,8 i den hjemmelavede vin kan have \u00f8get ekstraktionen af denne forbindelse fra plantematerialet, og vinens g\u00e6ringsproces kan have koncentreret det oprindelige ekstrakt.<\/p>\n<p><img decoding=\"async\" class=\"wp-image-463 aligncenter\" src=\"https:\/\/poisonshops.com\/wp-content\/uploads\/2025\/11\/tttt-1-204x300.png\" alt=\"Giftbutik\" width=\"63\" height=\"93\" srcset=\"https:\/\/poisonshops.com\/wp-content\/uploads\/2025\/11\/tttt-1-204x300.png 204w, https:\/\/poisonshops.com\/wp-content\/uploads\/2025\/11\/tttt-1.png 218w\" sizes=\"(max-width: 63px) 100vw, 63px\" \/><\/p>\n<h2>Dosering til d\u00f8den<\/h2>\n<p>Scopolamin i sm\u00e5 doser for\u00e5rsager bevidstl\u00f8shed i op til 24 timer eller mere og bruges i vid udstr\u00e6kning til r\u00f8verier, hvor offeret er bevidstl\u00f8st. Men i en m\u00e6ngde p\u00e5 10 mg er det nok til at dr\u00e6be, og det kan bruges sammen med mad eller drikke, hvor det i alkoholiske drikke virker hurtigere, omkring 30 minutter, og giver en smertefri d\u00f8d, da det for\u00e5rsager d\u00f8sighed. Det opdages kun ved mere pr\u00e6cise obduktioner. <span class=\"kY2IgmnCmOGjharHErah\">K\u00f8b scopolaminpulver online til salg<\/span>.<\/p>\n<p>scopolamine, p\u00e5 film hedder det true serum, brug det meget forsigtigt og efter eget sk\u00f8n!<\/p>\n<p><img decoding=\"async\" class=\"wp-image-502 aligncenter\" src=\"https:\/\/poisonshops.com\/wp-content\/uploads\/2025\/11\/Bio-Weapons-240x300.png\" alt=\"Biologiske v\u00e5ben\" width=\"65\" height=\"81\" srcset=\"https:\/\/poisonshops.com\/wp-content\/uploads\/2025\/11\/Bio-Weapons-240x300.png 240w, https:\/\/poisonshops.com\/wp-content\/uploads\/2025\/11\/Bio-Weapons.png 265w\" sizes=\"(max-width: 65px) 100vw, 65px\" \/><\/p>\n<h3 class=\"LnpumSThxEWMIsDdAT17 CXMyPcQ6nDv47DKFeywM\"><span class=\"EKtkFWMYpwzMKOYr0GYm LQVY1Jpkk8nyJ6HBWKAk\">K\u00d8B Scopolamin (dj\u00e6vlens \u00e5nde) pulver online<\/span><\/h3>\n<p><span class=\"kY2IgmnCmOGjharHErah\"><b>K\u00f8b<\/b> <b>Skopolamin<\/b> online. Hyoscine, ogs\u00e5 kendt som <b>Skopolamin<\/b>( <b>Dj\u00e6velens<\/b> <b>\u00c5ndedr\u00e6t<\/b>), er en medicin, der bruges til at behandle k\u00f8resyge og postoperativ kvalme og opkastning. k\u00f8resygeplaster, s\u00f8sygeplaster, kvalmeplaster, transderm scop, dramamine patch, anti nausea patch, sea sick patch, motion <\/span><\/p>\n<p><span class=\"kY2IgmnCmOGjharHErah\"><b>K\u00f8b<\/b> <b>Skopolamin<\/b> Pulver online til salg (Burundanga, \u201cThe <b>Dj\u00e6velens<\/b> <b>\u00c5ndedr\u00e6t<\/b>\u201c, Borrachero, Hyoscine, Angel's Trumpet) Hyoscine, ogs\u00e5 kendt som <b>Skopolamin<\/b>, er en medicin, der bruges til at behandle k\u00f8resyge og postoperativ kvalme og opkastning.<\/span><\/p>\n<p><span class=\"kY2IgmnCmOGjharHErah\">Efter ind\u00e5nding af \u201c<b>Dj\u00e6velens<\/b> <b>\u00c5ndedr\u00e6t<\/b>,Der er eksempler p\u00e5, at ofre v\u00e5gner op uden at kunne huske, at de har h\u00e6vet deres livsopsparing og givet den v\u00e6k. <b>Skopolamin<\/b>, kaldet \u201c<b>Dj\u00e6velens<\/b> <b>\u00c5ndedr\u00e6t<\/b>,...\u201d omtales ofte som det farligste stof i verden. Det er hovedsageligt udbredt i Sydamerika.<\/span><\/p>\n<p><span class=\"kY2IgmnCmOGjharHErah\"><b>Dj\u00e6velens<\/b> <b>\u00c5ndedr\u00e6t<\/b> stammer fra blomsten af \u201cborrachero\u201d-busken, som er almindelig i det sydamerikanske land Colombia. N\u00e5r fr\u00f8ene pulveriseres og udvindes via en kemisk proces, indeholder de et kemikalie, der ligner <b>Skopolamin<\/b> kaldet \u201cburandanga\u201d. K\u00f8b scopolamin dj\u00e6vle\u00e5nde.<\/span><\/p>\n<h3>Scopolamin til salg online<\/h3>\n<p><img decoding=\"async\" class=\"wp-image-176 aligncenter\" src=\"https:\/\/poisonshops.com\/wp-content\/uploads\/2025\/11\/poison_shop_logo-300x171.png\" alt=\"Giftbutikker\" width=\"118\" height=\"67\" srcset=\"https:\/\/poisonshops.com\/wp-content\/uploads\/2025\/11\/poison_shop_logo-300x171.png 300w, https:\/\/poisonshops.com\/wp-content\/uploads\/2025\/11\/poison_shop_logo.png 563w\" sizes=\"(max-width: 118px) 100vw, 118px\" \/><\/p>","protected":false},"excerpt":{"rendered":"<p>Buy Scopolamine Devils Breath Scopolamine, also known as hyoscine, or Devil\u2019s Breath, is a natural or synthetically produced tropane alkaloid and anticholinergic medication that is used as a medication to treat motion sickness and postoperative nausea and vomiting. It is also sometimes used before surgery to decrease saliva. When used by injection, the effects begin [&hellip;]<\/p>\n","protected":false},"featured_media":313,"comment_status":"open","ping_status":"closed","template":"","meta":[],"product_brand":[],"product_cat":[17],"product_tag":[],"class_list":{"0":"post-108","1":"product","2":"type-product","3":"status-publish","4":"has-post-thumbnail","6":"product_cat-poisons-for-sale","8":"first","9":"instock","10":"shipping-taxable","11":"purchasable","12":"product-type-variable"},"_links":{"self":[{"href":"https:\/\/poisonshops.com\/da\/wp-json\/wp\/v2\/product\/108","targetHints":{"allow":["GET"]}}],"collection":[{"href":"https:\/\/poisonshops.com\/da\/wp-json\/wp\/v2\/product"}],"about":[{"href":"https:\/\/poisonshops.com\/da\/wp-json\/wp\/v2\/types\/product"}],"replies":[{"embeddable":true,"href":"https:\/\/poisonshops.com\/da\/wp-json\/wp\/v2\/comments?post=108"}],"wp:featuredmedia":[{"embeddable":true,"href":"https:\/\/poisonshops.com\/da\/wp-json\/wp\/v2\/media\/313"}],"wp:attachment":[{"href":"https:\/\/poisonshops.com\/da\/wp-json\/wp\/v2\/media?parent=108"}],"wp:term":[{"taxonomy":"product_brand","embeddable":true,"href":"https:\/\/poisonshops.com\/da\/wp-json\/wp\/v2\/product_brand?post=108"},{"taxonomy":"product_cat","embeddable":true,"href":"https:\/\/poisonshops.com\/da\/wp-json\/wp\/v2\/product_cat?post=108"},{"taxonomy":"product_tag","embeddable":true,"href":"https:\/\/poisonshops.com\/da\/wp-json\/wp\/v2\/product_tag?post=108"}],"curies":[{"name":"wp","href":"https:\/\/api.w.org\/{rel}","templated":true}]}}