{"id":342,"date":"2025-11-20T11:06:16","date_gmt":"2025-11-20T11:06:16","guid":{"rendered":"https:\/\/poisonshops.com\/?post_type=product&#038;p=342"},"modified":"2025-12-02T15:32:34","modified_gmt":"2025-12-02T15:32:34","slug":"nikkelcarbonyl","status":"publish","type":"product","link":"https:\/\/poisonshops.com\/da\/produkt\/nikkelcarbonyl\/","title":{"rendered":"Nikkelcarbonyl"},"content":{"rendered":"<h2 class=\"product_title entry-title\">K\u00f8b nikkelkarbonyl online<\/h2>\n<h4>Hvad er nikkelcarbonyl<\/h4>\n<p><a href=\"https:\/\/poisonshops.com\/da\/\">K\u00f8b nikkelkarbonyl online<\/a> (IUPAC-navn: tetracarbonylnikkel) er den organiske nikkelforbindelse med formlen Ni(CO)4. Denne farvel\u00f8se v\u00e6ske er den vigtigste carbonyl af nikkel.<\/p>\n<p>Det er et mellemprodukt i Mond-processen til fremstilling af meget h\u00f8j renhed Buy Nickel Carbonyl Online og et reagens i organometallisk kemi, selvom Mond-processen er faldet ud af almindelig brug p\u00e5 grund af sundhedsrisikoen ved at arbejde med forbindelsen.<\/p>\n<p>Nikkelcarbonyl er et af de farligste stoffer, der findes i nikkelkemi, p\u00e5 grund af dets meget h\u00f8je toksicitet, kombineret med h\u00f8j flygtighed og hurtig hudabsorption. K\u00f8b nikkelcarbonyl p\u00e5 det sorte marked.<\/p>\n<p><img decoding=\"async\" class=\"wp-image-463 aligncenter\" src=\"https:\/\/poisonshops.com\/wp-content\/uploads\/2025\/11\/tttt-1-204x300.png\" alt=\"Giftbutik\" width=\"61\" height=\"90\" srcset=\"https:\/\/poisonshops.com\/wp-content\/uploads\/2025\/11\/tttt-1-204x300.png 204w, https:\/\/poisonshops.com\/wp-content\/uploads\/2025\/11\/tttt-1.png 218w\" sizes=\"(max-width: 61px) 100vw, 61px\" \/><\/p>\n<h2><span id=\"Structure_and_bonding\" class=\"mw-headline\">Struktur og binding<\/span><\/h2>\n<p>I nikkeltetracarbonyl er oxidationstallet for nikkel sat til nul. Formlen er i overensstemmelse med 18-elektron-reglen. Molekylet er tetraedrisk med fire carbonyl-ligander (carbonmonoxid). Der er udf\u00f8rt elektrondiffraktionsstudier p\u00e5 dette molekyle, og Ni-C- og C-O-afstanden er beregnet til henholdsvis 1,838(2) og 1,141(2) angstr\u00f6m. K\u00f8b nikkelcarbonyl online.<\/p>\n<h3><span id=\"Preparation\" class=\"mw-headline\">Forberedelse<\/span><\/h3>\n<p>Ni(CO)4 blev f\u00f8rst syntetiseret i 1890 af Ludwig Mond ved en direkte reaktion mellem nikkelmetal og CO. Dette pionerarbejde foregreb eksistensen af mange andre metalcarbonylforbindelser, herunder dem af V, Cr, Mn, Fe og Co. Det blev ogs\u00e5 anvendt industrielt til rensning af nikkel i slutningen af det 19. \u00e5rhundrede.<\/p>\n<p>Ved 323 K (50 \u00b0C; 122 \u00b0F) passerer kulilte over urent nikkel. Den optimale hastighed opn\u00e5s ved 130 \u00b0C. K\u00f8b nikkelcarbonyl p\u00e5 det sorte marked.<\/p>\n<h4><span id=\"Thermal_decarbonylation\" class=\"mw-headline\">Termisk decarbonylering<\/span><\/h4>\n<p>Ved moderat opvarmning bliver Ni(CO)<sub>4<\/sub> nedbrydes til kulilte og nikkelmetal. Kombineret med den lette dannelse fra CO og selv meget urent nikkel er denne nedbrydning grundlaget for Mond-processen til rensning af Buy Nickel Carbonyl Online eller plettering p\u00e5 overflader. Den termiske nedbrydning begynder ved 180 \u00b0C og stiger ved h\u00f8jere temperaturer.<\/p>\n<p><img decoding=\"async\" class=\"wp-image-502 aligncenter\" src=\"https:\/\/poisonshops.com\/wp-content\/uploads\/2025\/11\/Bio-Weapons-240x300.png\" alt=\"Biologiske v\u00e5ben\" width=\"78\" height=\"98\" srcset=\"https:\/\/poisonshops.com\/wp-content\/uploads\/2025\/11\/Bio-Weapons-240x300.png 240w, https:\/\/poisonshops.com\/wp-content\/uploads\/2025\/11\/Bio-Weapons.png 265w\" sizes=\"(max-width: 78px) 100vw, 78px\" \/><\/p>\n<h3>K\u00f8b nikkelcarbonyl online<\/h3>\n<h5><span id=\"Reactions_with_electrophiles_and_oxidizing_agents\" class=\"mw-headline\">Reaktioner med elektrofiler og oxidationsmidler<\/span><\/h5>\n<p>Nikkelcarbonyl kan oxideres. Klor oxiderer nikkelcarbonyl til NiCl<sub>2<\/sub>, og frigiver CO-gas. Andre halogener opf\u00f8rer sig analogt. Denne reaktion giver en praktisk metode til udf\u00e6ldning af nikkeldelen af den giftige forbindelse.<\/p>\n<p>Reaktioner af Ni(CO)<sub>4<\/sub> med alkyl- og arylhalogenider resulterer ofte i carbonylerede organiske produkter.<\/p>\n<p>Vinylhalogenider, s\u00e5som PhCH=CHBr, omdannes til um\u00e6ttede estere ved behandling med Ni(CO).<sub>4<\/sub> efterfulgt af natriummethoxid.<\/p>\n<p>S\u00e5danne reaktioner foreg\u00e5r sandsynligvis ogs\u00e5 via oxidativ addition. Allylhalogenider giver \u03c0-allylnikkelforbindelser, s\u00e5som (allyl)<sub>2<\/sub>Ni<sub>2<\/sub>Cl<sub>2<\/sub>:<\/p>\n<dl>\n<dd>2 Ni(CO)<sub>4<\/sub>\u00a0+ 2 ClCH<sub>2<\/sub>CH=CH<sub>2<\/sub>\u00a0\u2192 Ni<sub>2<\/sub>(<i>\u03bc<\/i>-Cl)<sub>2<\/sub>(<i>\u03b7<\/i><sup>3<\/sup>-C<sub>3<\/sub>H<sub>5<\/sub>)<sub>2<\/sub>\u00a0+ 8 CO<\/dd>\n<\/dl>\n<p><img decoding=\"async\" class=\"wp-image-176 aligncenter\" src=\"https:\/\/poisonshops.com\/wp-content\/uploads\/2025\/11\/poison_shop_logo-300x171.png\" alt=\"Giftbutikker\" width=\"104\" height=\"59\" srcset=\"https:\/\/poisonshops.com\/wp-content\/uploads\/2025\/11\/poison_shop_logo-300x171.png 300w, https:\/\/poisonshops.com\/wp-content\/uploads\/2025\/11\/poison_shop_logo.png 563w\" sizes=\"(max-width: 104px) 100vw, 104px\" \/><\/p>","protected":false},"excerpt":{"rendered":"<p><b>Melting point: :<\/b>-19\u00b0C<br \/>\n<b>Boiling point: :<\/b>43\u00b0C<br \/>\n<b>Density\u00a0 :<\/b>1,32 g\/cm<sup>3<\/sup><br \/>\n<b>vapor pressure\u00a0 :<\/b>321 mmHg at 20 \u00b0C<br \/>\n<b>Flash point: :<\/b>&lt;-20\u00b0C<br \/>\n<b>form\u00a0 :<\/b>liquid<br \/>\n<b>color\u00a0 :<\/b>colorless<br \/>\n<b>Odor :<\/b>Sooty odor detectable at 0.5 to 3 ppm<br \/>\n<b>Water Solubility\u00a0 :<\/b>soluble in ~5000 parts air free H2O; soluble alcohol, benzene, chloroform, acetone, CCl4 [MER06]<br \/>\n<b>Sensitive\u00a0 :<\/b>heat sensitive<br \/>\n<b>Exposure limits :<\/b>TLV-TWA: 0.05 ppm (0.35 mg as Ni\/m<sup>3<\/sup>) (ACGIH)<br \/>\nPEL: 0.001 ppm (0.007 mg Ni\/m<sup>3<\/sup>) (OSHA, MSHA and NIOSH)<br \/>\nIDLH: 0.001 ppm (NIOSH, OSHA).\u00a0<b>Stability: :<\/b>Stable. Highly flammable and highly reactive. Explosion hazard.<br \/>\n<b>EPA Substance Registry System :<\/b>Nickel carbonyl (13463-39-3)<\/p>\n","protected":false},"featured_media":343,"comment_status":"open","ping_status":"closed","template":"","meta":[],"product_brand":[],"product_cat":[17],"product_tag":[],"class_list":{"0":"post-342","1":"product","2":"type-product","3":"status-publish","4":"has-post-thumbnail","6":"product_cat-poisons-for-sale","8":"first","9":"instock","10":"shipping-taxable","11":"purchasable","12":"product-type-variable"},"_links":{"self":[{"href":"https:\/\/poisonshops.com\/da\/wp-json\/wp\/v2\/product\/342","targetHints":{"allow":["GET"]}}],"collection":[{"href":"https:\/\/poisonshops.com\/da\/wp-json\/wp\/v2\/product"}],"about":[{"href":"https:\/\/poisonshops.com\/da\/wp-json\/wp\/v2\/types\/product"}],"replies":[{"embeddable":true,"href":"https:\/\/poisonshops.com\/da\/wp-json\/wp\/v2\/comments?post=342"}],"wp:featuredmedia":[{"embeddable":true,"href":"https:\/\/poisonshops.com\/da\/wp-json\/wp\/v2\/media\/343"}],"wp:attachment":[{"href":"https:\/\/poisonshops.com\/da\/wp-json\/wp\/v2\/media?parent=342"}],"wp:term":[{"taxonomy":"product_brand","embeddable":true,"href":"https:\/\/poisonshops.com\/da\/wp-json\/wp\/v2\/product_brand?post=342"},{"taxonomy":"product_cat","embeddable":true,"href":"https:\/\/poisonshops.com\/da\/wp-json\/wp\/v2\/product_cat?post=342"},{"taxonomy":"product_tag","embeddable":true,"href":"https:\/\/poisonshops.com\/da\/wp-json\/wp\/v2\/product_tag?post=342"}],"curies":[{"name":"wp","href":"https:\/\/api.w.org\/{rel}","templated":true}]}}