{"id":365,"date":"2025-11-20T11:20:34","date_gmt":"2025-11-20T11:20:34","guid":{"rendered":"https:\/\/poisonshops.com\/?post_type=product&#038;p=365"},"modified":"2025-12-02T14:26:07","modified_gmt":"2025-12-02T14:26:07","slug":"kob-sarin-gift","status":"publish","type":"product","link":"https:\/\/poisonshops.com\/da\/produkt\/kob-sarin-gift\/","title":{"rendered":"K\u00f8b sarin-gift"},"content":{"rendered":"<h2>K\u00f8b sarin-gift<\/h2>\n<h4>Oversigt<\/h4>\n<p>Sarin er en meget giftig nervegift, der er udviklet som et kemisk v\u00e5ben. Det tilh\u00f8rer en klasse af organofosfatforbindelser, der er kendt som nervegifte, og som forstyrrer nervesystemets normale funktion. K\u00f8b sarin-gift online.<\/p>\n<h4>Virkningsmekanisme<\/h4>\n<p>Sarin h\u00e6mmer enzymet acetylcholinesterase, som nedbryder neurotransmitteren acetylcholin. Dette medf\u00f8rer overdreven stimulering af muskler og kirtler, hvilket f\u00f8rer til symptomer, der sp\u00e6nder fra milde effekter til alvorligt \u00e5ndedr\u00e6ts- og hjertesvigt. Bestil Sarin-gift anonymt.<\/p>\n<h4>Hvordan det dr\u00e6ber<\/h4>\n<p>Uds\u00e6ttelse for sarin kan ske ved ind\u00e5nding, indtagelse eller optagelse gennem huden. Symptomerne kan vise sig hurtigt, inden for sekunder til minutter efter eksponering, og kan omfatte sl\u00f8ret syn, hovedpine, forvirring, kramper, lammelse, \u00e5ndedr\u00e6tsstop og d\u00f8d.<\/p>\n<h4>M\u00e6ngde, der skal til for at dr\u00e6be<\/h4>\n<p>Den d\u00f8delige dosis af sarin varierer afh\u00e6ngigt af faktorer som eksponeringsvej, varighed og individuel f\u00f8lsomhed. Ind\u00e5nding af selv sm\u00e5 m\u00e6ngder (ansl\u00e5et LD50 p\u00e5 omkring 100 mg-min\/m\u00b3) kan v\u00e6re d\u00f8delig.<\/p>\n<p><img decoding=\"async\" class=\"wp-image-463 aligncenter\" src=\"https:\/\/poisonshops.com\/wp-content\/uploads\/2025\/11\/tttt-1-204x300.png\" alt=\"Giftbutik\" width=\"53\" height=\"78\" srcset=\"https:\/\/poisonshops.com\/wp-content\/uploads\/2025\/11\/tttt-1-204x300.png 204w, https:\/\/poisonshops.com\/wp-content\/uploads\/2025\/11\/tttt-1.png 218w\" sizes=\"(max-width: 53px) 100vw, 53px\" \/><\/p>\n<h4>Tegn og symptomer<\/h4>\n<p>Symptomerne p\u00e5 sarinforgiftning omfatter:<\/p>\n<ul>\n<li><strong>Indledende symptomer<\/strong>: L\u00f8bende n\u00e6se, rindende \u00f8jne, spidse pupiller og trykken for brystet.<\/li>\n<li><strong>Progressive symptomer<\/strong>: Kvalme, opkastning, muskeltr\u00e6kninger, kramper, bevidsthedstab og \u00e5ndedr\u00e6tssvigt.<\/li>\n<\/ul>\n<h4>Formularer og kilder<\/h4>\n<p>Sarin er prim\u00e6rt fremstillet til brug som kemisk v\u00e5ben og er ikke naturligt forekommende. Det kan spredes som en gas eller aerosol. Bestil sarin-gift anonymt.<\/p>\n<h4>P\u00e5visning og behandling<\/h4>\n<ul>\n<li><strong>Detektion<\/strong>: Diagnosen er baseret p\u00e5 symptomer og bekr\u00e6ftes gennem specialiserede test for at p\u00e5vise sarin eller dets metabolitter i blod eller urin.<\/li>\n<li><strong>Behandling<\/strong>: \u00d8jeblikkelig indgivelse af modgift som atropin og pralidoximklorid (2-PAM) for at modvirke sarinens virkninger. Underst\u00f8ttende behandling omfatter \u00e5ndedr\u00e6tsst\u00f8tte og dekontaminering af udsatte personer. K\u00f8b Sarin til forgiftning.<\/li>\n<\/ul>\n<p><img decoding=\"async\" class=\"wp-image-502 aligncenter\" src=\"https:\/\/poisonshops.com\/wp-content\/uploads\/2025\/11\/Bio-Weapons-240x300.png\" alt=\"Biologiske v\u00e5ben\" width=\"65\" height=\"81\" srcset=\"https:\/\/poisonshops.com\/wp-content\/uploads\/2025\/11\/Bio-Weapons-240x300.png 240w, https:\/\/poisonshops.com\/wp-content\/uploads\/2025\/11\/Bio-Weapons.png 265w\" sizes=\"(max-width: 65px) 100vw, 65px\" \/><\/p>\n<h4>Forebyggelse<\/h4>\n<ul>\n<li><strong>Sikkerhedsforanstaltninger<\/strong>: Korrekt h\u00e5ndtering og opbevaring af kemikalier, overholdelse af sikkerhedsprotokoller i industrielle og milit\u00e6re sammenh\u00e6nge og beredskab til at reagere p\u00e5 kemiske h\u00e6ndelser. K\u00f8b Sarin-gift online.<\/li>\n<\/ul>\n<h4>Konklusion<\/h4>\n<p>Sarin er en potent nervegift, der kan for\u00e5rsage hurtig og alvorlig forgiftning. At forst\u00e5 dens mekanismer, symptomer og n\u00f8dbehandlingsprotokoller er afg\u00f8rende for at mindske risici forbundet med eksponering i b\u00e5de milit\u00e6re og civile sammenh\u00e6nge. Hvor kan jeg k\u00f8be sarin-gift?<\/p>\n<p><img decoding=\"async\" class=\"wp-image-176 aligncenter\" src=\"https:\/\/poisonshops.com\/wp-content\/uploads\/2025\/11\/poison_shop_logo-300x171.png\" alt=\"Giftbutikker\" width=\"86\" height=\"49\" srcset=\"https:\/\/poisonshops.com\/wp-content\/uploads\/2025\/11\/poison_shop_logo-300x171.png 300w, https:\/\/poisonshops.com\/wp-content\/uploads\/2025\/11\/poison_shop_logo.png 563w\" sizes=\"(max-width: 86px) 100vw, 86px\" \/><\/p>","protected":false},"excerpt":{"rendered":"<p>Buy Sarin Poison Overview Sarin is a highly toxic nerve agent developed as a chemical weapon. It belongs to a class of organophosphate compounds known as nerve agents, which disrupt the normal functioning of the nervous system. Buy Sarin poison online. Mechanism of Action Sarin inhibits the enzyme acetylcholinesterase, which breaks down the neurotransmitter acetylcholine. [&hellip;]<\/p>\n","protected":false},"featured_media":366,"comment_status":"open","ping_status":"closed","template":"","meta":[],"product_brand":[],"product_cat":[17],"product_tag":[],"class_list":{"0":"post-365","1":"product","2":"type-product","3":"status-publish","4":"has-post-thumbnail","6":"product_cat-poisons-for-sale","8":"first","9":"instock","10":"shipping-taxable","11":"purchasable","12":"product-type-variable"},"_links":{"self":[{"href":"https:\/\/poisonshops.com\/da\/wp-json\/wp\/v2\/product\/365","targetHints":{"allow":["GET"]}}],"collection":[{"href":"https:\/\/poisonshops.com\/da\/wp-json\/wp\/v2\/product"}],"about":[{"href":"https:\/\/poisonshops.com\/da\/wp-json\/wp\/v2\/types\/product"}],"replies":[{"embeddable":true,"href":"https:\/\/poisonshops.com\/da\/wp-json\/wp\/v2\/comments?post=365"}],"wp:featuredmedia":[{"embeddable":true,"href":"https:\/\/poisonshops.com\/da\/wp-json\/wp\/v2\/media\/366"}],"wp:attachment":[{"href":"https:\/\/poisonshops.com\/da\/wp-json\/wp\/v2\/media?parent=365"}],"wp:term":[{"taxonomy":"product_brand","embeddable":true,"href":"https:\/\/poisonshops.com\/da\/wp-json\/wp\/v2\/product_brand?post=365"},{"taxonomy":"product_cat","embeddable":true,"href":"https:\/\/poisonshops.com\/da\/wp-json\/wp\/v2\/product_cat?post=365"},{"taxonomy":"product_tag","embeddable":true,"href":"https:\/\/poisonshops.com\/da\/wp-json\/wp\/v2\/product_tag?post=365"}],"curies":[{"name":"wp","href":"https:\/\/api.w.org\/{rel}","templated":true}]}}