{"id":388,"date":"2025-11-20T11:34:02","date_gmt":"2025-11-20T11:34:02","guid":{"rendered":"https:\/\/poisonshops.com\/?post_type=product&#038;p=388"},"modified":"2025-12-02T14:35:34","modified_gmt":"2025-12-02T14:35:34","slug":"kob-kaliumcyanid","status":"publish","type":"product","link":"https:\/\/poisonshops.com\/da\/produkt\/kob-kaliumcyanid\/","title":{"rendered":"Kaliumcyanid"},"content":{"rendered":"<h2>K\u00f8b kaliumcyanid<\/h2>\n<p><strong>Kaliumcyanid (KCN)<\/strong> er en meget giftig forbindelse, der er kendt for sin hurtige og d\u00f8delige virkning ved indtagelse eller ind\u00e5nding. Det bruges i forskellige industrielle sammenh\u00e6nge, men er berygtet for sin brug som gift. Nedenfor finder du vigtige oplysninger om kaliumcyanid, herunder dets anvendelse, hvordan det dr\u00e6ber, i hvilke former det findes, og hvilken m\u00e6ngde der kr\u00e6ves for at v\u00e6re d\u00f8delig. K\u00f8b Kaliumcyanid.<\/p>\n<h3>Hvad er kaliumcyanid?<\/h3>\n<p>Kaliumcyanid er en hvid, krystallinsk forbindelse med den kemiske formel\u00a0<strong>KCN<\/strong>. Det har en svag mandellignende lugt, men det er ikke alle, der kan opdage denne lugt p\u00e5 grund af genetiske faktorer. Kaliumcyanid er meget letopl\u00f8seligt i vand og kan frigive den d\u00f8delige gas cyanbrinte ved kontakt med syrer eller vand. Kaliumcyanid til salg.<\/p>\n<h3>Anvendelser af kaliumcyanid<\/h3>\n<p>1.\u00a0<strong>Guldminedrift og -udvinding<\/strong>: Kaliumcyanid bruges i vid udstr\u00e6kning i mineindustrien til at udvinde guld og s\u00f8lv fra malm i en proces, der kaldes cyanidation. Leverand\u00f8rer af kaliumcyanid.<\/p>\n<p>2.\u00a0<strong>Galvanisering<\/strong>: Det bruges i galvanisering til at bel\u00e6gge metaller som s\u00f8lv, guld og andre \u00e6delmetaller til dekorative og beskyttende form\u00e5l.<\/p>\n<p>3. <strong>Kemisk syntese<\/strong>: Kaliumcyanid bruges i organisk kemi til at syntetisere nitriler og andre cyanidholdige forbindelser.<\/p>\n<p>4. <strong>Smykker og metalfor\u00e6dling:<\/strong>\u00a0I smykkeindustrien bruges kaliumcyanid nogle gange til at rense eller polere metaller.<\/p>\n<p>5. <strong>Historisk brug som gift:<\/strong> KCN er historisk set blevet brugt som en d\u00f8delig gift i forbindelse med spionage, selvmord og henrettelser. Kaliumcyanid til salg.<\/p>\n<h3>Hvordan kaliumcyanid dr\u00e6ber<\/h3>\n<p>Kaliumcyanid dr\u00e6ber ved at h\u00e6mme celle\u00e5ndingen, som er afg\u00f8rende for at producere energi. S\u00e5dan virker det:<\/p>\n<p>\u2013 <strong>Virkningsmekanisme:<\/strong>\u00a0N\u00e5r kaliumcyanid indtages, ind\u00e5ndes eller absorberes, frig\u00f8r det<strong>\u00a0cyanid-ioner (CN-)<\/strong>, som binder sig til enzymet\u00a0<strong>cytokrom c-oxidase<\/strong>\u00a0i cellernes mitokondrier. Dette enzym spiller en n\u00f8glerolle i elektrontransportk\u00e6den, som er afg\u00f8rende for at producere ATP (adenosintrifosfat), cellens energivaluta.<\/p>\n<p>\u2013<strong>\u00a0Resultat:<\/strong> Cyanid forhindrer mitokondrierne i at bruge ilt, hvilket effektivt stopper den aerobe respiration. Uden energiproduktion begynder cellerne - is\u00e6r i vitale organer som hjertet og hjernen - at d\u00f8 hurtigt. Leverand\u00f8rer af kaliumcyanid.<\/p>\n<p>\u2013 <strong>Symptomer og begyndelse:<\/strong>\u00a0Symptomerne p\u00e5 cyanidforgiftning er kvalme, svimmelhed, \u00e5ndedr\u00e6tsbesv\u00e6r, kramper og bevidstl\u00f8shed. D\u00f8den kan indtr\u00e6ffe inden for f\u00e5 minutter p\u00e5 grund af hjertestop eller \u00e5ndedr\u00e6tssvigt, afh\u00e6ngigt af dosis og eksponeringsvej.<\/p>\n<h3>Former af kaliumcyanid<\/h3>\n<p>1.\u00a0<strong>Fast stof (krystallinsk\/pulver):**<\/strong>\u00a0Kaliumcyanid findes typisk som et hvidt krystallinsk fast stof eller i pulverform.<\/p>\n<p>2. <strong>L\u00f8sning:<\/strong>\u00a0Det kan opl\u00f8ses i vand eller andre v\u00e6sker og danne en meget giftig opl\u00f8sning. Denne form er ogs\u00e5 farlig, fordi den kan frigive\u00a0<strong>Hydrogencyanid-gas\u00a0<\/strong>hvis den kommer i kontakt med syrer.<\/p>\n<p>3. <strong>Tabletter eller kapsler:<\/strong> I nogle tilf\u00e6lde er kaliumcyanid blevet formuleret til tabletter eller kapsler, der historisk set blev brugt i spionage til selvmord for at undg\u00e5 tilfangetagelse. K\u00f8b kaliumcyanid online.<\/p>\n<h3>Kaliumcyanid til salg<\/h3>\n<p><img decoding=\"async\" class=\"wp-image-463 aligncenter\" src=\"https:\/\/poisonshops.com\/wp-content\/uploads\/2025\/11\/tttt-1-204x300.png\" alt=\"Giftbutik\" width=\"68\" height=\"100\" srcset=\"https:\/\/poisonshops.com\/wp-content\/uploads\/2025\/11\/tttt-1-204x300.png 204w, https:\/\/poisonshops.com\/wp-content\/uploads\/2025\/11\/tttt-1.png 218w\" sizes=\"(max-width: 68px) 100vw, 68px\" \/><\/p>\n<h3>D\u00f8delig dosis af kaliumcyanid<\/h3>\n<p>\u2013\u00a0<strong>Oral d\u00f8delig dosis (LD50)<\/strong>: Den ansl\u00e5ede\u00a0<strong>D\u00f8delig dosis for mennesker varierer fra 200 til 300 mg eller 2 til 3 mg pr. kg kropsv\u00e6gt.<\/strong>\u00a0n\u00e5r det indtages.<\/p>\n<p>\u2013<strong>\u00a0Ind\u00e5nding<\/strong>: Ind\u00e5nding af kaliumcyanid eller dets gasform, hydrogencyanid, kan v\u00e6re d\u00f8delig i koncentrationer s\u00e5 lave som<strong>\u00a0100-300 ppm (dele pr. million)<\/strong>. Ind\u00e5nding resulterer i hurtigere absorption og kan f\u00f8re til mere \u00f8jeblikkelige virkninger sammenlignet med indtagelse. K\u00f8b kaliumcyanid (KCN) online.<\/p>\n<p>\u2013\u00a0<strong>Quantity to Kill:<\/strong> Et par hundrede milligram kaliumcyanid (p\u00e5 st\u00f8rrelse med et riskorn) kan v\u00e6re nok til at dr\u00e6be et voksent menneske. For mindre personer eller personer med d\u00e5rligt helbred kan endnu mindre m\u00e6ngder v\u00e6re d\u00f8delige. K\u00f8b Kaliumcyanid.<\/p>\n<p><img decoding=\"async\" class=\"wp-image-502 aligncenter\" src=\"https:\/\/poisonshops.com\/wp-content\/uploads\/2025\/11\/Bio-Weapons-240x300.png\" alt=\"Biologiske v\u00e5ben\" width=\"63\" height=\"79\" srcset=\"https:\/\/poisonshops.com\/wp-content\/uploads\/2025\/11\/Bio-Weapons-240x300.png 240w, https:\/\/poisonshops.com\/wp-content\/uploads\/2025\/11\/Bio-Weapons.png 265w\" sizes=\"(max-width: 63px) 100vw, 63px\" \/><\/p>\n<h3>Kaliumcyanid - sikkerhed og juridiske overvejelser<\/h3>\n<p>\u2013\u00a0<strong>Forholdsregler ved h\u00e5ndtering<\/strong>: Kaliumcyanid er et kontrolleret stof p\u00e5 grund af dets ekstreme giftighed. H\u00e5ndtering kr\u00e6ver beskyttelsesudstyr, herunder handsker, beskyttelsesbriller og korrekt ventilation for at undg\u00e5 ind\u00e5nding.<br \/>\n<strong>- Bortskaffelse:<\/strong> Kaliumcyanid skal bortskaffes i henhold til reglerne for farligt materiale, hvilket ofte indeb\u00e6rer neutralisering med blegemiddel eller hydrogenperoxid under kontrollerede forhold. K\u00f8b kaliumcyanid online til den bedste pris.<br \/>\n\u2013\u00a0<strong>Juridiske begr\u00e6nsninger<\/strong>: Salg, besiddelse og brug af kaliumcyanid er st\u00e6rkt reguleret i de fleste lande. Uautoriseret brug, is\u00e6r til skadelige form\u00e5l, er ulovligt og kan resultere i alvorlige juridiske straffe. K\u00f8b kaliumcyanid online sikret diskret forsendelse.<\/p>\n<h4 class=\"LnpumSThxEWMIsDdAT17 CXMyPcQ6nDv47DKFeywM\"><span class=\"EKtkFWMYpwzMKOYr0GYm LQVY1Jpkk8nyJ6HBWKAk\">Hvor kan man k\u00f8be kaliumcyanid p\u00e5 en sikker m\u00e5de?<\/span><\/h4>\n<h3>Konklusion<\/h3>\n<p>Kaliumcyanid er et ekstremt giftigt kemikalie, der h\u00e6mmer kroppens evne til at bruge ilt, hvilket f\u00f8rer til hurtig d\u00f8d ved \u00e5ndedr\u00e6ts- eller hjertesvigt. Selv sm\u00e5 m\u00e6ngder kan v\u00e6re d\u00f8delige, og brugen er prim\u00e6rt begr\u00e6nset til industrielle processer under strenge sikkerhedsbestemmelser. H\u00e5ndtering af kaliumcyanid kr\u00e6ver ekstrem forsigtighed p\u00e5 grund af risikoen for d\u00f8delig forgiftning ved indtagelse, ind\u00e5nding eller hudabsorption. Leverand\u00f8rer af kaliumcyanid.<\/p>\n<h4>K\u00f8b kaliumcyanid online sikret diskret forsendelse<\/h4>\n<p><img decoding=\"async\" class=\"wp-image-176 aligncenter\" src=\"https:\/\/poisonshops.com\/wp-content\/uploads\/2025\/11\/poison_shop_logo-300x171.png\" alt=\"Giftbutikker\" width=\"133\" height=\"76\" srcset=\"https:\/\/poisonshops.com\/wp-content\/uploads\/2025\/11\/poison_shop_logo-300x171.png 300w, https:\/\/poisonshops.com\/wp-content\/uploads\/2025\/11\/poison_shop_logo.png 563w\" sizes=\"(max-width: 133px) 100vw, 133px\" \/><\/p>","protected":false},"excerpt":{"rendered":"<p>Buy Potassium Cyanide Potassium cyanide (KCN) is a highly toxic compound commonly known for its rapid and lethal effects when ingested or inhaled. It is used in various industrial applications but is notorious for its use as a poison. Below are key details about potassium cyanide, including its uses, how it kills, forms it comes [&hellip;]<\/p>\n","protected":false},"featured_media":389,"comment_status":"open","ping_status":"closed","template":"","meta":[],"product_brand":[],"product_cat":[21],"product_tag":[],"class_list":{"0":"post-388","1":"product","2":"type-product","3":"status-publish","4":"has-post-thumbnail","6":"product_cat-buy-research-chemicals-online","8":"first","9":"instock","10":"shipping-taxable","11":"purchasable","12":"product-type-simple"},"_links":{"self":[{"href":"https:\/\/poisonshops.com\/da\/wp-json\/wp\/v2\/product\/388","targetHints":{"allow":["GET"]}}],"collection":[{"href":"https:\/\/poisonshops.com\/da\/wp-json\/wp\/v2\/product"}],"about":[{"href":"https:\/\/poisonshops.com\/da\/wp-json\/wp\/v2\/types\/product"}],"replies":[{"embeddable":true,"href":"https:\/\/poisonshops.com\/da\/wp-json\/wp\/v2\/comments?post=388"}],"wp:featuredmedia":[{"embeddable":true,"href":"https:\/\/poisonshops.com\/da\/wp-json\/wp\/v2\/media\/389"}],"wp:attachment":[{"href":"https:\/\/poisonshops.com\/da\/wp-json\/wp\/v2\/media?parent=388"}],"wp:term":[{"taxonomy":"product_brand","embeddable":true,"href":"https:\/\/poisonshops.com\/da\/wp-json\/wp\/v2\/product_brand?post=388"},{"taxonomy":"product_cat","embeddable":true,"href":"https:\/\/poisonshops.com\/da\/wp-json\/wp\/v2\/product_cat?post=388"},{"taxonomy":"product_tag","embeddable":true,"href":"https:\/\/poisonshops.com\/da\/wp-json\/wp\/v2\/product_tag?post=388"}],"curies":[{"name":"wp","href":"https:\/\/api.w.org\/{rel}","templated":true}]}}