{"id":390,"date":"2025-11-20T11:36:50","date_gmt":"2025-11-20T11:36:50","guid":{"rendered":"https:\/\/poisonshops.com\/?post_type=product&#038;p=390"},"modified":"2025-12-26T00:39:50","modified_gmt":"2025-12-26T00:39:50","slug":"kob-rod-flydende-kviksolv","status":"publish","type":"product","link":"https:\/\/poisonshops.com\/da\/produkt\/kob-rod-flydende-kviksolv\/","title":{"rendered":"R\u00f8dt flydende kviks\u00f8lv"},"content":{"rendered":"<h2>Rent r\u00f8dt flydende kviks\u00f8lv<\/h2>\n<p>Vi er en f\u00f8rsteklasses grossist og forhandler af r\u00f8dt flydende kviks\u00f8lv. Vi leverer ren r\u00f8d flydende kviks\u00f8lv 20\/20 af fremragende kvalitet fra USA, Kina og Europa. Vores r\u00f8de flydende kviks\u00f8lv 20\/20 er meget efterspurgt af industrier over hele verden. Det er en h\u00f8j kvalitet og perfekt sammensat 20\/20 r\u00f8d flydende kviks\u00f8lv. K\u00f8b r\u00f8d flydende kviks\u00f8lv.<\/p>\n<p>R\u00f8d flydende kviks\u00f8lv er en kirseb\u00e6rr\u00f8d v\u00e6ske, der fremstilles ved at bestr\u00e5le kviks\u00f8lvantimonoxid med element\u00e6rt kviks\u00f8lv. Vi har specialiseret os i kviks\u00f8lvprodukter i \u00e5rtier og forst\u00e5r virkelig, hvad du har brug for som kunde.<\/p>\n<h4>Hvad er kirseb\u00e6rr\u00f8dt flydende kviks\u00f8lv?<\/h4>\n<p>R\u00f8dt flydende kviks\u00f8lv siges at v\u00e6re et halvflydende r\u00f8dt materiale. Folk kom til at beskrive r\u00f8dt kviks\u00f8lv som havende magiske egenskaber. I dag kender vi det dog for dets giftighed. Men brugen af kviks\u00f8lv i ritualer fortsatte i nogle samfund i USA. R\u00f8dt flydende kviks\u00f8lv til salg.<\/p>\n<p>R\u00f8dt kviks\u00f8lv er et kirseb\u00e6rr\u00f8dt, halvflydende materiale.<br \/>\nIntensiteten af r\u00f8dt kviks\u00f8lv er meget h\u00f8j, 20,2 g\/cm3.<br \/>\nDenne flydende Hg2 Sb207 er som skabt til milit\u00e6re laboratorier:<br \/>\nAntimon-kviks\u00f8lvoxid<br \/>\nAndre navne: kirseb\u00e6rr\u00f8d flydende kviks\u00f8lv<br \/>\nFormel: Sb2O7Hg2<br \/>\nUdseende: Kirseb\u00e6rr\u00f8d metallisk v\u00e6ske<\/p>\n<h3><strong>Egenskaber R\u00f8d kviks\u00f8lv<\/strong><\/h3>\n<ul>\n<li><strong>Molekylformel<\/strong>: Hg2 Sb207<\/li>\n<li><strong>Type<\/strong>:  Oxid Antimon R\u00f8d Kviks\u00f8lv<\/li>\n<li><strong>Ramme<\/strong>:   Sb2O7Hg2<\/li>\n<li><strong>Kvalitet<\/strong>:   Flydende, halvflydende<\/li>\n<li><strong>Renhed<\/strong>: 99.999% (5N)<\/li>\n<li><strong>Farve<\/strong>:  Ponceau (Kirseb\u00e6rr\u00f8d homogen)<\/li>\n<li><strong>variation<\/strong>:\u00a0\u00a0\u00a0\u00a0 37.00016<\/li>\n<li><strong>Indbinding:\u00a0\u00a0\u00a0<\/strong>Energi: 211Kcal\/mol<\/li>\n<li><strong>T\u00e6thed<\/strong>\u00a0:   BK-20\/20 - 20,2 gam (20,2 g\/cm3)<\/li>\n<li><strong>Smeltepunkt<\/strong>:\u00a0 -37.67<\/li>\n<li><strong>Flammepunkt<\/strong>: \u00a0 170.026<\/li>\n<\/ul>\n<h3>Ren r\u00f8d flydende kviks\u00f8lv til engrospriser<\/h3>\n<p>Intensiteten af r\u00f8dt kviks\u00f8lv er meget h\u00f8j, ca. 20,2 g\/cm 3, hvilket svarer til intensiteten af Alneptinyum 237, da det ikke er radioaktivt. R\u00f8dt flydende kviks\u00f8lv til salg. R\u00f8d flydende kviks\u00f8lv 20\/20 til salg bruges som opl\u00f8sningsmiddel til uran-235 og letter s\u00e5ledes opbevaringsprocessen for radioaktivt uran-235, og dette kan let adskilles fra r\u00f8dt flydende kviks\u00f8lv ved en destillationsproces, det er velkendt, at kviks\u00f8lv der var ti fosforer, hvoraf syv var stabile isotoper, derefter ustabile, og beta-str\u00e5ler producerer to negative ligninger, og en af disse isotoper til industriel kviks\u00f8lv er kendt som r\u00f8d. R\u00f8d flydende kviks\u00f8lv til salg.<\/p>\n<h3>R\u00f8d flydende kviks\u00f8lv til salg<\/h3>\n<p>R\u00f8dt kviks\u00f8lv er et farligt stof og er tilsyneladende ikke eksplosivt i sig selv, det bruges som en kilde til neutroner, der l\u00f8ber med indholdet af atombombens tryk, deuterium og tritium til toppen af den kritiske masse, og n\u00e5r der er den eksplosive enhed, producerer en voldsom eksplosion ledsaget af \u00f8del\u00e6ggelsen af et omr\u00e5de med en radius p\u00e5 600 Mtermn bombe med en st\u00f8rrelse p\u00e5 ca. 500 cm 3 (ca. 10 kg), hvor Benitronat Fast oversv\u00f8mmelsesomr\u00e5det forbliver i ca. to dage, dette er en vigtig strategisk udvikling af bomben af neutroner.<\/p>\n<p>R\u00f8dt kviks\u00f8lv bruges ogs\u00e5 til mobilisering af plutonium og tritium i neutronbombens neutronstr\u00e5ling, hvor det starter.<\/p>\n<h3>S\u00e5dan f\u00e5r du r\u00f8dt kviks\u00f8lv<\/h3>\n<p>Hvis du g\u00e5r ind p\u00e5 Google, vil du finde mange artikler, der handler om forskellige m\u00e5der at f\u00e5 fat i r\u00f8dt kviks\u00f8lv p\u00e5. Nogle vil tale om kviks\u00f8lv fra gades\u00e6lgere, mens andre vil r\u00e5dgive om, hvordan man k\u00f8ber det online. Selv om det er muligt at k\u00f8be fra disse to steder, vil det v\u00e6re vanskeligere, da de kr\u00e6ver identitet og bevis for brugbarhed.<\/p>\n<p>Vi er leverand\u00f8rer, der har v\u00e6ret i branchen i lang tid. V\u00e6r fri for bureaukrati og identitetsbeviser, og du forbliver anonym under transaktioner takket v\u00e6re teknologier som TOR.<\/p>\n<p><img decoding=\"async\" class=\"wp-image-463 aligncenter\" src=\"https:\/\/poisonshops.com\/wp-content\/uploads\/2025\/11\/tttt-1-204x300.png\" alt=\"Giftbutik\" width=\"67\" height=\"98\" srcset=\"https:\/\/poisonshops.com\/wp-content\/uploads\/2025\/11\/tttt-1-204x300.png 204w, https:\/\/poisonshops.com\/wp-content\/uploads\/2025\/11\/tttt-1.png 218w\" sizes=\"(max-width: 67px) 100vw, 67px\" \/><\/p>\n<h4>S\u00e5 hvordan f\u00e5r man kirseb\u00e6rr\u00f8d flydende kviks\u00f8lv?<\/h4>\n<p>N\u00e5r du k\u00f8ber r\u00f8dt flydende kviks\u00f8lv, er det vigtigt at vide, hvilken form og kvalitet du k\u00f8ber. Hvis du ved pr\u00e6cis, hvad du vil k\u00f8be, undg\u00e5r du mange problemer. R\u00f8dt kviks\u00f8lv er et sj\u00e6ldent produkt, du vil finde en r\u00e6kke k\u00f8bere og s\u00e6lgere online, og det kan v\u00e6re forvirrende, n\u00e5r du pr\u00f8ver at f\u00e5 det, du har brug for. K\u00f8b r\u00f8d flydende kviks\u00f8lv.<\/p>\n<p>Hvis r\u00f8dt kviks\u00f8lv forvirrer dig, r\u00e5der vi dig til at lave ordentlig research eller konsultere en ekspert, f\u00f8r du foretager et k\u00f8b. En ekspert vil hj\u00e6lpe dig med at bestemme pris, v\u00e6rdi og alle de vigtige detaljer, du har brug for at vide, f\u00f8r du foretager et k\u00f8b. En ekspert kender sandsynligvis de rigtige steder, hvor du kan k\u00f8be r\u00f8dt kviks\u00f8lv.<\/p>\n<p><img decoding=\"async\" class=\"wp-image-502 aligncenter\" src=\"https:\/\/poisonshops.com\/wp-content\/uploads\/2025\/11\/Bio-Weapons-240x300.png\" alt=\"Biologiske v\u00e5ben\" width=\"80\" height=\"100\" srcset=\"https:\/\/poisonshops.com\/wp-content\/uploads\/2025\/11\/Bio-Weapons-240x300.png 240w, https:\/\/poisonshops.com\/wp-content\/uploads\/2025\/11\/Bio-Weapons.png 265w\" sizes=\"(max-width: 80px) 100vw, 80px\" \/><\/p>\n<h3>S\u00e5 hvor kan man k\u00f8be r\u00f8dt kviks\u00f8lv?<\/h3>\n<p>Hvis du har bem\u00e6rket det, s\u00e5 vokser antallet af butikker, der s\u00e6lger forskellige produkter, i takt med at online-industrien forts\u00e6tter med at vokse. Det g\u00e6lder ogs\u00e5 for produkter som kviks\u00f8lv. Hvis du googler \u201cr\u00f8dt kviks\u00f8lv til salg\u201d, vil du finde mange online-leverand\u00f8rer, der reklamerer for deres tjenester. Hvis du ikke er vant til at k\u00f8be ting online, kan de mange hjemmesider overv\u00e6lde dig. R\u00f8dt kviks\u00f8lv priss\u00e6ttes normalt pr. gram af forskellige leverand\u00f8rer.<\/p>\n<p><span class=\"HwtZe\" lang=\"en\"><span class=\"jCAhz ChMk0b\"><span class=\"ryNqvb\">For at spare dig for alt dette er vi kviks\u00f8lvleverand\u00f8rer i n\u00e6rheden af dig uden krav og helt anonymt.<\/span><\/span>\u00a0<span class=\"jCAhz ChMk0b\"><span class=\"ryNqvb\">Vi s\u00e6lger alle de kviks\u00f8lvprodukter, du kan f\u00e5 brug for.<\/span><\/span>\u00a0<span class=\"jCAhz ChMk0b\"><span class=\"ryNqvb\">Efter mange \u00e5r p\u00e5 markedet forst\u00e5r vi alle vores kunders behov.<\/span><\/span>\u00a0<span class=\"jCAhz ChMk0b\"><span class=\"ryNqvb\">De fleste kunder \u00f8nsker at k\u00f8be kviks\u00f8lv til en overkommelig pris og anonymitet, og vi tilbyder netop det.<\/span><\/span>\u00a0<span class=\"jCAhz ChMk0b\"><span class=\"ryNqvb\">Vi tror p\u00e5 sikkerhed og kvalitet og kan aldrig g\u00e5 p\u00e5 kompromis med det. R\u00f8d flydende kviks\u00f8lv til salg.<\/span><\/span><\/span><\/p>\n<h2>K\u00f8b r\u00f8dt flydende kviks\u00f8lv<\/h2>\n<p><img decoding=\"async\" class=\"wp-image-176 aligncenter\" src=\"https:\/\/poisonshops.com\/wp-content\/uploads\/2025\/11\/poison_shop_logo-300x171.png\" alt=\"Giftbutikker\" width=\"135\" height=\"77\" srcset=\"https:\/\/poisonshops.com\/wp-content\/uploads\/2025\/11\/poison_shop_logo-300x171.png 300w, https:\/\/poisonshops.com\/wp-content\/uploads\/2025\/11\/poison_shop_logo.png 563w\" sizes=\"(max-width: 135px) 100vw, 135px\" \/><\/p>","protected":false},"excerpt":{"rendered":"<p>Pure red liquid mercury We are a premium wholesaler and retailer of red liquid mercury. We supply excellent quality Pure Red Liquid Mercury 20\/20 from USA, China and Europe. Our Red Liquid Mercury 20\/20 is highly sought after by industries around the world. It is a high quality and perfectly composed 20\/20 Red Liquid Mercury. [&hellip;]<\/p>\n","protected":false},"featured_media":392,"comment_status":"open","ping_status":"closed","template":"","meta":[],"product_brand":[],"product_cat":[21],"product_tag":[],"class_list":{"0":"post-390","1":"product","2":"type-product","3":"status-publish","4":"has-post-thumbnail","6":"product_cat-buy-research-chemicals-online","8":"first","9":"instock","10":"shipping-taxable","11":"purchasable","12":"product-type-simple"},"_links":{"self":[{"href":"https:\/\/poisonshops.com\/da\/wp-json\/wp\/v2\/product\/390","targetHints":{"allow":["GET"]}}],"collection":[{"href":"https:\/\/poisonshops.com\/da\/wp-json\/wp\/v2\/product"}],"about":[{"href":"https:\/\/poisonshops.com\/da\/wp-json\/wp\/v2\/types\/product"}],"replies":[{"embeddable":true,"href":"https:\/\/poisonshops.com\/da\/wp-json\/wp\/v2\/comments?post=390"}],"wp:featuredmedia":[{"embeddable":true,"href":"https:\/\/poisonshops.com\/da\/wp-json\/wp\/v2\/media\/392"}],"wp:attachment":[{"href":"https:\/\/poisonshops.com\/da\/wp-json\/wp\/v2\/media?parent=390"}],"wp:term":[{"taxonomy":"product_brand","embeddable":true,"href":"https:\/\/poisonshops.com\/da\/wp-json\/wp\/v2\/product_brand?post=390"},{"taxonomy":"product_cat","embeddable":true,"href":"https:\/\/poisonshops.com\/da\/wp-json\/wp\/v2\/product_cat?post=390"},{"taxonomy":"product_tag","embeddable":true,"href":"https:\/\/poisonshops.com\/da\/wp-json\/wp\/v2\/product_tag?post=390"}],"curies":[{"name":"wp","href":"https:\/\/api.w.org\/{rel}","templated":true}]}}