{"id":393,"date":"2025-11-20T11:38:23","date_gmt":"2025-11-20T11:38:23","guid":{"rendered":"https:\/\/poisonshops.com\/?post_type=product&#038;p=393"},"modified":"2025-12-02T10:52:31","modified_gmt":"2025-12-02T10:52:31","slug":"kob-ssd-losning-online","status":"publish","type":"product","link":"https:\/\/poisonshops.com\/da\/produkt\/kob-ssd-losning-online\/","title":{"rendered":"SSD-l\u00f8sning 1 liter"},"content":{"rendered":"<h2>K\u00f8b SSD-l\u00f8sning online<\/h2>\n<p>F\u00e5 dine penge tilbage med vores kemiske SSD-l\u00f8sning til salg. Du kan tage dig af alle dine m\u00e6rkeligt udseende sedler med SSD Automatic chemical, der har vist sig at v\u00e6re en god l\u00f8sning i Amerika, Europa, Afrika, Asien og andre kontinenter rundt om i verden. K\u00f8b SSD-l\u00f8sning fra den bedste SSD-l\u00f8sningsleverand\u00f8r. K\u00f8b SSD-l\u00f8sning online.<\/p>\n<h2><strong>HVAD ER SSD'S KEMISKE L\u00d8SNING?<\/strong><\/h2>\n<p>SSD Chemical Solution, SSD Chemical er en type reng\u00f8ringskemikalie, der bruges af folk, der \u00f8nsker at reng\u00f8re sorte penge derhjemme. Denne reng\u00f8ringsopl\u00f8sning til sorte penge er en standardiseret kemisk opl\u00f8sning, der generelt bruges til at fjerne overskydende pletter fra alle typer valutaer.\u00a0<a href=\"http:\/\/google.com\/\" target=\"_blank\" rel=\"noopener\">SSD<\/a>\u00a0flydende kemikalie best\u00e5r af kviks\u00f8lvsalpeterv\u00e6ske, der er brun i farven, fremstillet i kemiske laboratorier og fremstillet af h\u00f8jt certificerede virksomheder med dygtige laboratorieteknikere.<\/p>\n<h3>K\u00f8b SSD kemisk l\u00f8sning online<\/h3>\n<p>Juridisk myndighed er ogs\u00e5 p\u00e5kr\u00e6vet for fremstillingsvirksomhederne. S\u00e5 inden du kontakter et firma for levering eller for at f\u00e5 reng\u00f8ringsvalutatjenesterne, skal der v\u00e6re bevis for juridisk myndighed. SSD-reng\u00f8ringsl\u00f8sningen er ogs\u00e5 kendt som en magisk reng\u00f8ringsl\u00f8sning, der bruges blandt mennesker, der bruges til at rense pletter over papirvalutaen. Det kan bruges derhjemme, hvis det bruges korrekt, hvilket g\u00f8r dine sorte penge rene og g\u00f8r dem anvendelige igen.<\/p>\n<h3><strong>HVAD ER SSD?<\/strong><\/h3>\n<p>Den fulde betydning af SSD er\u00a0<strong>syntetisk overfladeaktivt detedent<\/strong>. Hvilket faktisk er et pr\u00e6fiks af ordet opl\u00f8sningskemikalie. Et pr\u00e6fiks er et till\u00e6gsord, der placeres f\u00f8r stammen af et ord. N\u00e5r det tilf\u00f8jes til begyndelsen af et ord, \u00e6ndres det til et andet ord. N\u00e5r pr\u00e6fikset SSD- f.eks. f\u00f8jes til ordet Solution Chemical, bliver det til ordet SSD Solution Chemical.<\/p>\n<h4><strong>Hvad er en kemisk opl\u00f8sning?\u00a0<\/strong><\/h4>\n<p>I kemi er en opl\u00f8sning en s\u00e6rlig type homogen blanding, der best\u00e5r af to eller flere stoffer. Man taler om en vandig opl\u00f8sning, n\u00e5r et af opl\u00f8sningsmidlerne er vand. I en s\u00e5dan blanding er et opl\u00f8st stof et stof, der er opl\u00f8st i et andet stof, kendt som et opl\u00f8sningsmiddel. Blandingsprocessen af en opl\u00f8sning sker p\u00e5 en skala, hvor virkningerne af kemisk polaritet er involveret, hvilket resulterer i interaktioner, der er specifikke for solvatation. K\u00f8b SSD chemical Solution online.<\/p>\n<div id=\"tab-description\" class=\"woocommerce-Tabs-panel woocommerce-Tabs-panel--description panel entry-content active\" role=\"tabpanel\" aria-labelledby=\"tab-title-description\">\n<p>Opl\u00f8sningen antager opl\u00f8sningsmidlets fase, n\u00e5r opl\u00f8sningsmidlet udg\u00f8r den st\u00f8rste del af blandingen, som det ofte er tilf\u00e6ldet. Koncentrationen af et opl\u00f8st stof i en opl\u00f8sning er massen af det opl\u00f8ste stof udtrykt som en procentdel af massen af hele opl\u00f8sningen, hvilket g\u00f8r det til #1-l\u00f8sningen til reng\u00f8ring af defaced black money i branchen.<\/p>\n<h4><strong>Hvad er sorte penge?<\/strong><\/h4>\n<p>Generelt defineres sorte penge som uregistrerede og ubeskattede kontanter, der genereres ved handel i en sort \u00f8konomi, p\u00e5 det sorte marked eller ved organiseret kriminalitet som f.eks. undersl\u00e6b, narkopenge eller bankr\u00f8veri. Som helhed enhver form for den enorme m\u00e6ngde penge, der opn\u00e5s i kontanter, der ikke er redegjort for. Indehavere af sorte penge fors\u00f8ger at konvertere dem til legitime (\u2018rene\u2019 eller \u2018hvide\u2019) penge gennem hvidvaskning af penge.<\/p>\n<\/div>\n<div id=\"tab-description\" class=\"woocommerce-Tabs-panel woocommerce-Tabs-panel--description panel entry-content active\" role=\"tabpanel\" aria-labelledby=\"tab-title-description\">\n<p>En vigtig m\u00e5de at hvidvaske penge p\u00e5 er at flytte pengene fra et sted til et andet, hvilket kr\u00e6ver, at pengene er belagt med enten sikkerhedsstempler, farvede m\u00e6rker eller belagt med sort\/gr\u00e5\/r\u00f8d eller hvid bel\u00e6gning for nem og hurtig transport. I denne form for hvidvaskning er det n\u00f8dvendigt at bruge en SSD Solution Chemical til at fjerne bel\u00e6gningen p\u00e5 pengene for at g\u00f8re dem brugbare.<\/p>\n<p>De sorte penge akkumuleres af nogle virksomheder, der beg\u00e5r undersl\u00e6b, embedsm\u00e6nd, kriminelle, smuglere, hamstrere, skatteunddragere og andre asociale elementer i samfundet. Omkring\u00a0<strong>17,4 billioner<\/strong>\u00a0dollars formodes at v\u00e6re blevet akkumuleret af de kriminelle til egeninteresser over hele verden, selvom skriftlige andragender i h\u00f8jesteret ansl\u00e5r dette til at v\u00e6re endnu st\u00f8rre end ovenfor n\u00e6vnt.<\/p>\n<p>Det samlede bel\u00f8b af sorte penge, som enkeltpersoner har deponeret i udenlandske banker, er ukendt. Nogle rapporter h\u00e6vder, at i alt\u00a0<strong>US$6.06 - $7.4 billioner kroner<\/strong>\u00a0holdes ulovligt i Schweiz. Andre rapporter, bl.a. fra Swiss Bankers Association og den schweiziske regering, h\u00e6vder, at disse rapporter er falske og opdigtede, og at det samlede bel\u00f8b p\u00e5 alle schweiziske bankkonti tilh\u00f8rende borgere fra forskellige lande er ca. $20 billioner US-dollar.<\/p>\n<p>I februar 2012 sagde direkt\u00f8ren for Indiens Central Bureau of Investigation, at inderne har $900 milliarder dollars i ulovlige midler i udenlandske skattely, mere end noget andet land. I marts 2012 pr\u00e6ciserede Indiens regering i parlamentet, at CBI-direkt\u00f8rens udtalelse om $900 mia. ulovlige penge var et sk\u00f8n baseret p\u00e5 en udtalelse til Indiens h\u00f8jesteret i juli 2011.<\/p>\n<h4><strong>SSD Universal Chemical<br \/>\n<\/strong><\/h4>\n<p>SSD Chemical Solution er et vandbaseret homogent opl\u00f8sningskemikalie, der specifikt bruges til at opl\u00f8se og fjerne belagt farvestof fra defaced valutaer (DOLLARS, POUNDS, EUROS, RUPEES ETC). Disse belagte valutaer kan v\u00e6re i sort, gr\u00f8n, gul eller hvid farve. De affarves eller stemples for at undg\u00e5 un\u00f8dvendige problemer med toldklarering, opfangning af kriminelle eller bander under levering af de sorte dollars.<\/p>\n<p><img decoding=\"async\" class=\"wp-image-463 aligncenter\" src=\"https:\/\/poisonshops.com\/wp-content\/uploads\/2025\/11\/tttt-1-204x300.png\" alt=\"Giftbutik\" width=\"75\" height=\"110\" srcset=\"https:\/\/poisonshops.com\/wp-content\/uploads\/2025\/11\/tttt-1-204x300.png 204w, https:\/\/poisonshops.com\/wp-content\/uploads\/2025\/11\/tttt-1.png 218w\" sizes=\"(max-width: 75px) 100vw, 75px\" \/><\/p>\n<h4>SSD Chemical Solution til salg<\/h4>\n<p>SSD Solution, SSD Chemical Solution, SSD Super Solution, SSD Universal Solution, SSD Super Automatic Solution, SSD PK58 Solution, SSD Ultimate 2018 Solution, Activation Powder, Mercury Powder, Passports and ID Authentication, Grade A Counterfeit Bills, Activation Powder &amp; Ssd Solution Formula, SSD Chemical Solution til salg<\/p>\n<p>Anti Breeze Chemical Formula, Black Dollar Cleaning Chemical Formula, Black Dollar Cleaning Solution Formula, Black Money Cleaner Formula, Currency Cleaning Chemical Formula, Humine Powder Preparation, Ssd Chemical Solution Formula, Ssd Solution Formula, SSD Universal Chemical Solution Formula. SSD Chemical Solution til salg.<\/p>\n<p><img decoding=\"async\" class=\"wp-image-502 aligncenter\" src=\"https:\/\/poisonshops.com\/wp-content\/uploads\/2025\/11\/Bio-Weapons-240x300.png\" alt=\"Biologiske v\u00e5ben\" width=\"70\" height=\"88\" srcset=\"https:\/\/poisonshops.com\/wp-content\/uploads\/2025\/11\/Bio-Weapons-240x300.png 240w, https:\/\/poisonshops.com\/wp-content\/uploads\/2025\/11\/Bio-Weapons.png 265w\" sizes=\"(max-width: 70px) 100vw, 70px\" \/><\/p>\n<h4><strong>Brug altid SSD-kemikalieopl\u00f8sninger med st\u00f8rste forsigtighed<\/strong><\/h4>\n<p>Du beh\u00f8ver ikke at v\u00e6re uddannet kemiker for at anvende opl\u00f8sningen. Reng\u00f8ringsprocessen er ret nem og risikofri, n\u00e5r den udf\u00f8res med alle retningslinjerne i tankerne. Men som med alle andre kemikalier er det vigtigt at v\u00e6re forsigtig. K\u00f8b SSD-opl\u00f8sninger og flydende kviks\u00f8lv.<\/p>\n<p>Undg\u00e5 direkte eksponering for denne sorte pengevask, og tag beskyttelsesforanstaltninger for at forhindre, at den kommer p\u00e5 din hud. Nogle af ingredienserne kan for\u00e5rsage irritation, hvis de spildes p\u00e5 kroppen. Hvis det er tilf\u00e6ldet, skal du s\u00f8rge for at skylle det ber\u00f8rte omr\u00e5de med masser af vand. Automatisk SSD-l\u00f8sning af h\u00f8j kvalitet.<\/p>\n<p>Det er vigtigt at f\u00f8lge sikkerhedsanvisningerne, n\u00e5r man renser defacede pengesedler med dette stof. Hos Solve Problems har vi gjort vores bedste for at skrive dem ned p\u00e5 en utvetydig m\u00e5de. N\u00e5r du har k\u00f8bt vores kemiske SSD-opl\u00f8sning, skal du holde dig til dem for at redde dine sorte penge fra at ende i en skraldespand p\u00e5 en sikker m\u00e5de. K\u00f8b SSD-l\u00f8sning online.<\/p>\n<p><img decoding=\"async\" class=\"wp-image-176 aligncenter\" src=\"https:\/\/poisonshops.com\/wp-content\/uploads\/2025\/11\/poison_shop_logo-300x171.png\" alt=\"Giftbutikker\" width=\"146\" height=\"83\" srcset=\"https:\/\/poisonshops.com\/wp-content\/uploads\/2025\/11\/poison_shop_logo-300x171.png 300w, https:\/\/poisonshops.com\/wp-content\/uploads\/2025\/11\/poison_shop_logo.png 563w\" sizes=\"(max-width: 146px) 100vw, 146px\" \/><\/p>\n<\/div>","protected":false},"excerpt":{"rendered":"<p>Buy SSD Solution Online Get your money back with our SSD chemical solution for sale. You can take care of all your odd-looking notes with SSD Automatic chemical that has proven to be a great solution in America, Europe, Africa, Asia, and other continents around the world. Buy SSD Solution from the best SSD solution [&hellip;]<\/p>\n","protected":false},"featured_media":394,"comment_status":"open","ping_status":"closed","template":"","meta":[],"product_brand":[],"product_cat":[21],"product_tag":[],"class_list":{"0":"post-393","1":"product","2":"type-product","3":"status-publish","4":"has-post-thumbnail","6":"product_cat-buy-research-chemicals-online","8":"first","9":"instock","10":"shipping-taxable","11":"purchasable","12":"product-type-simple"},"_links":{"self":[{"href":"https:\/\/poisonshops.com\/da\/wp-json\/wp\/v2\/product\/393","targetHints":{"allow":["GET"]}}],"collection":[{"href":"https:\/\/poisonshops.com\/da\/wp-json\/wp\/v2\/product"}],"about":[{"href":"https:\/\/poisonshops.com\/da\/wp-json\/wp\/v2\/types\/product"}],"replies":[{"embeddable":true,"href":"https:\/\/poisonshops.com\/da\/wp-json\/wp\/v2\/comments?post=393"}],"wp:featuredmedia":[{"embeddable":true,"href":"https:\/\/poisonshops.com\/da\/wp-json\/wp\/v2\/media\/394"}],"wp:attachment":[{"href":"https:\/\/poisonshops.com\/da\/wp-json\/wp\/v2\/media?parent=393"}],"wp:term":[{"taxonomy":"product_brand","embeddable":true,"href":"https:\/\/poisonshops.com\/da\/wp-json\/wp\/v2\/product_brand?post=393"},{"taxonomy":"product_cat","embeddable":true,"href":"https:\/\/poisonshops.com\/da\/wp-json\/wp\/v2\/product_cat?post=393"},{"taxonomy":"product_tag","embeddable":true,"href":"https:\/\/poisonshops.com\/da\/wp-json\/wp\/v2\/product_tag?post=393"}],"curies":[{"name":"wp","href":"https:\/\/api.w.org\/{rel}","templated":true}]}}