{"id":96,"date":"2017-12-20T14:16:27","date_gmt":"2017-12-20T14:16:27","guid":{"rendered":"https:\/\/wordpress.gradientthemes.com\/brand-shop\/product\/dark-brown-jeans\/"},"modified":"2025-12-03T10:45:42","modified_gmt":"2025-12-03T10:45:42","slug":"kob-nembutal-pentobarbital-piller-100mg","status":"publish","type":"product","link":"https:\/\/poisonshops.com\/da\/produkt\/kob-nembutal-pentobarbital-piller-100mg\/","title":{"rendered":"Nembutal Pentobarbital piller 100 mg"},"content":{"rendered":"<h2>K\u00f8b Nembutal Pentobarbital piller 100 mg<\/h2>\n<h3>Nembutal Pentobarbital Sodium Pills, 100 mg Produkt beskrivelse<\/h3>\n<p>Velkommen til Bio Weapons, den f\u00f8rende leverand\u00f8r af Nembutal Pentobarbital Sodium-piller af h\u00f8j kvalitet. Vi tilbyder 100 mg Nembutal-piller udelukkende til godkendte personer med gyldige recepter. Vores urokkelige engagement i kvalitet, sikkerhed og kundetilfredshed kendetegner os i branchen. K\u00f8b Nembutal Pentobarbital Pills 100 mg online med lethed.<\/p>\n<h4><strong>Hvad er Nembutal Pentobarbital Sodium Pills?<\/strong><\/h4>\n<p>Nembutal, ogs\u00e5 kendt som pentobarbital, er en barbituratmedicin, der bruges som beroligende middel, bed\u00f8velsesmiddel og krampestillende middel. Hver pille p\u00e5 100 mg giver en potent dosis, der sikrer effektivitet til forskellige medicinske form\u00e5l. Pillerne er praktiske og giver en pr\u00e6cis dosering, hvilket g\u00f8r dem til et ideelt valg for b\u00e5de sundhedspersonale og patienter.<\/p>\n<h4><strong>Anvendelser af Nembutal Pentobarbital Sodium Pills, 100 mg<\/strong><\/h4>\n<p>Nembutal 100 mg piller bruges i forskellige medicinske sammenh\u00e6nge, herunder:<\/p>\n<ol>\n<li><strong>Bed\u00f8velse<\/strong>: Nembutal-piller ordineres ofte for at fremkalde sedation hos patienter, der gennemg\u00e5r medicinske procedurer. Deres hurtige virkning sikrer, at patienterne hurtigt n\u00e5r en afslappet og behagelig tilstand.<\/li>\n<li><strong>An\u00e6stesi<\/strong>: I kirurgiske milj\u00f8er bruges Nembutal 100 mg piller som et pr\u00e6an\u00e6stetisk middel til at fremkalde dyb s\u00f8vn. Deres p\u00e5lidelighed og effektivitet g\u00f8r dem uvurderlige for an\u00e6stesil\u00e6ger.<\/li>\n<li><strong>Kontrol af anfald<\/strong>: Nembutal er effektivt til at h\u00e5ndtere akutte anfald, is\u00e6r i n\u00f8dsituationer. Det virker ved at d\u00e6mpe centralnervesystemet og derved reducere anfaldsaktiviteten.<\/li>\n<li><strong>Eutanasi<\/strong>: Inden for veterin\u00e6rmedicin bruges Nembutal-piller til human aflivning af dyr. Deres hurtigtvirkende egenskaber sikrer en fredelig og smertefri overgang.<\/li>\n<\/ol>\n<h4><strong>Kvalitet og renhed<\/strong><\/h4>\n<p>Hos Bio Weapons forst\u00e5r vi den kritiske betydning af renhed og kvalitet i farmaceutiske produkter. Vores Nembutal 100 mg piller kommer fra velrenommerede producenter og gennemg\u00e5r strenge kvalitetskontrolprocesser. Hvert parti testes grundigt for renhed og styrke, hvilket sikrer, at det opfylder de h\u00f8jeste industristandarder. N\u00e5r du k\u00f8ber Nembutal Pentobarbital Sodium-piller fra os, kan du stole p\u00e5, at du modtager et produkt, der er sikkert, effektivt og p\u00e5lideligt.<\/p>\n<h4><strong>Dosering og administration<\/strong><\/h4>\n<p>Nembutal Pentobarbital Sodium-piller skal bruges i n\u00f8je overensstemmelse med instruktionerne fra en sundhedsperson. Doseringen og indgivelsesmetoden kan variere afh\u00e6ngigt af den specifikke medicinske tilstand og den enkelte patients behov. Det er vigtigt at f\u00f8lge den foreskrevne dosering for at sikre sikkerhed og effektivitet.<\/p>\n<p><strong>Forberedelse og opbevaring<\/strong>:<\/p>\n<ul>\n<li><strong>Forberedelse<\/strong>: Nembutal 100 mg piller tages oralt, med eller uden mad, som anvist af din sundhedsudbyder.<\/li>\n<li><strong>Opbevaring<\/strong>: Opbevar Nembutal-piller p\u00e5 et k\u00f8ligt, t\u00f8rt sted, v\u00e6k fra direkte sollys og fugt. Hold dem uden for b\u00f8rns og k\u00e6ledyrs r\u00e6kkevidde.<\/li>\n<\/ul>\n<h4><strong>Bivirkninger og forholdsregler<\/strong><\/h4>\n<p>Som al anden medicin kan Nembutal-piller give bivirkninger. Almindelige bivirkninger er d\u00f8sighed, svimmelhed, kvalme og hovedpine. I sj\u00e6ldne tilf\u00e6lde kan der forekomme mere alvorlige bivirkninger som respirationsdepression, hypotension eller allergiske reaktioner. Det er vigtigt at s\u00f8ge \u00f8jeblikkelig l\u00e6gehj\u00e6lp, hvis man oplever alvorlige bivirkninger.<\/p>\n<p><strong>Forholdsregler<\/strong>:<\/p>\n<ul>\n<li><strong>Medicinsk historie<\/strong>: Informer din sundhedsplejerske om din komplette sygehistorie, is\u00e6r hvis du tidligere har haft leversygdom, nyresygdom eller \u00e5ndedr\u00e6tsbesv\u00e6r.<\/li>\n<li><strong>Interaktioner med l\u00e6gemidler<\/strong>: Nembutal kan interagere med anden medicin, herunder beroligende midler, opioider og alkohol. S\u00f8rg for, at din sundhedsplejerske kender til al den medicin, du tager.<\/li>\n<li><strong>Graviditet og amning<\/strong>: Nembutal b\u00f8r anvendes med forsigtighed under graviditet og amning. Kontakt din sundhedsudbyder for vejledning.<\/li>\n<\/ul>\n<h4><strong>Hvorfor v\u00e6lge biov\u00e5ben?<\/strong><\/h4>\n<ol>\n<li><strong>Kvalitetssikring<\/strong>: Vi prioriterer kvalitet og sikkerhed og sikrer, at vores Nembutal 100 mg piller lever op til de h\u00f8jeste industristandarder.<\/li>\n<li><strong>Autoriserede s\u00e6lgere<\/strong>: Bio Weapons er en p\u00e5lidelig og autoriseret s\u00e6lger, der leverer \u00e6gte produkter til godkendte personer med recepter.<\/li>\n<li><strong>Sikre transaktioner<\/strong>: Vores onlineplatform s\u00f8rger for sikre transaktioner og beskytter dine personlige og \u00f8konomiske oplysninger.<\/li>\n<li><strong>Kundesupport<\/strong>: Vores dedikerede kundesupportteam st\u00e5r til r\u00e5dighed for at hj\u00e6lpe dig med eventuelle sp\u00f8rgsm\u00e5l eller bekymringer og yder professionel og venlig service.<\/li>\n<li><strong>Rettidig levering<\/strong>: Vi forst\u00e5r vigtigheden af rettidig levering. Vores effektive forsendelsesproces sikrer, at du modtager dine Nembutal-piller hurtigt og diskret.<\/li>\n<\/ol>\n<p><img decoding=\"async\" class=\"wp-image-463 aligncenter\" src=\"https:\/\/poisonshops.com\/wp-content\/uploads\/2025\/11\/tttt-1-204x300.png\" alt=\"Giftbutik\" width=\"75\" height=\"110\" srcset=\"https:\/\/poisonshops.com\/wp-content\/uploads\/2025\/11\/tttt-1-204x300.png 204w, https:\/\/poisonshops.com\/wp-content\/uploads\/2025\/11\/tttt-1.png 218w\" sizes=\"(max-width: 75px) 100vw, 75px\" \/><\/p>\n<h4><strong>Konklusion<\/strong><\/h4>\n<p>Bio Weapons er din p\u00e5lidelige kilde til Nembutal Pentobarbital Sodium 100 mg piller af h\u00f8j kvalitet. Vi er forpligtet til at levere sikre, effektive og p\u00e5lidelige produkter til godkendte personer med gyldige recepter. Vores fokus p\u00e5 kvalitet, kundetilfredshed og sikre transaktioner adskiller os fra andre i branchen. K\u00f8b med tillid hos Bio Weapons og oplev forskellen i kvalitet og service.<\/p>\n<p><strong>Bestil dine Nembutal Pentobarbital Sodium 100 mg piller i dag<\/strong> og slut dig til vores tilfredse kunder, der stoler p\u00e5 Bio Weapons, n\u00e5r det g\u00e6lder deres medicinske behov. Dit helbred og din sikkerhed er vores h\u00f8jeste prioritet.<\/p>\n<p>&nbsp;<\/p>\n<h4><img decoding=\"async\" class=\"wp-image-502 aligncenter\" src=\"https:\/\/poisonshops.com\/wp-content\/uploads\/2025\/11\/Bio-Weapons-240x300.png\" alt=\"Biologiske v\u00e5ben\" width=\"84\" height=\"105\" srcset=\"https:\/\/poisonshops.com\/wp-content\/uploads\/2025\/11\/Bio-Weapons-240x300.png 240w, https:\/\/poisonshops.com\/wp-content\/uploads\/2025\/11\/Bio-Weapons.png 265w\" sizes=\"(max-width: 84px) 100vw, 84px\" \/><\/h4>\n<ol>\n<li>K\u00f8b Nembutal Pentobarbital Sodium 100 mg piller online<\/li>\n<li>Nembutal 100 mg-piller af h\u00f8j kvalitet til medicinsk brug<\/li>\n<li>K\u00f8b Nembutal 100 mg piller sikkert og lovligt<\/li>\n<li>P\u00e5lidelig kilde til Nembutal Pentobarbital 100 mg piller<\/li>\n<li>Bestil Nembutal Pentobarbital Sodium 100 mg piller sikkert<\/li>\n<li>Hurtig levering af Nembutal 100 mg piller i hele verden<\/li>\n<li>P\u00e5lidelig leverand\u00f8r af Nembutal Pentobarbital Sodium 100 mg piller<\/li>\n<li>Autentiske Nembutal Pentobarbital 100 mg piller til salg<\/li>\n<li>K\u00f8b Nembutal 100 mg piller fra autoriserede s\u00e6lgere<\/li>\n<li>Bedste sted at k\u00f8be Nembutal Pentobarbital Sodium 100 mg piller<\/li>\n<\/ol>\n<h4><\/h4>\n<p>Nembutal Pentobarbital Sodium 100mg piller, K\u00f8b Nembutal 100mg piller, K\u00f8b Nembutal Pentobarbital Sodium piller, Nembutal 100mg piller til salg, H\u00f8j kvalitet Nembutal 100mg piller, Sikkert Nembutal Pentobarbital Sodium 100mg k\u00f8b, Nembutal-piller til medicinsk brug, P\u00e5lidelig kilde til Nembutal 100 mg-piller, K\u00f8b Nembutal-piller lovligt, Nembutal 100 mg-piller med recept, Nembutal-piller til eutanasi, Bestil Nembutal Pentobarbital Sodium 100 mg-piller,<\/p>\n<p>Nembutal piller til sedation, \u00c6gte Nembutal Pentobarbital 100mg piller, Nembutal piller levering, P\u00e5lidelig Nembutal piller s\u00e6lger, K\u00f8b Nembutal 100mg piller sikkert, Autentiske Nembutal 100mg piller, Nembutal piller leverand\u00f8r, Nembutal piller i USA, Nembutal 100mg piller tilg\u00e6ngelighed, Hurtig levering af Nembutal piller, Kvalitet Nembutal Pentobarbital 100 mg piller, Nembutal piller apotek, Nembutal piller til an\u00e6stesi, K\u00f8b Nembutal piller online, Sikkert k\u00f8b af Nembutal piller, Nembutal Pentobarbital 100 mg piller til professionelle, P\u00e5lidelig Nembutal 100 mg piller kilde, Nembutal piller verdensomsp\u00e6ndende forsendelse<\/p>\n<p><img decoding=\"async\" class=\"wp-image-176 aligncenter\" src=\"https:\/\/poisonshops.com\/wp-content\/uploads\/2025\/11\/poison_shop_logo-300x171.png\" alt=\"Giftbutikker\" width=\"123\" height=\"70\" srcset=\"https:\/\/poisonshops.com\/wp-content\/uploads\/2025\/11\/poison_shop_logo-300x171.png 300w, https:\/\/poisonshops.com\/wp-content\/uploads\/2025\/11\/poison_shop_logo.png 563w\" sizes=\"(max-width: 123px) 100vw, 123px\" \/><\/p>","protected":false},"excerpt":{"rendered":"<p>Buy Nembutal Pentobarbital Pills 100mg Nembutal Pentobarbital Sodium Pills, 100mg Product Description Welcome to Bio Weapons , the leading provider of high-quality Nembutal Pentobarbital Sodium pills. We offer 100mg Nembutal pills exclusively to approved individuals with valid prescriptions. Our unwavering commitment to quality, safety, and customer satisfaction distinguishes us in the industry. Buy Nembutal Pentobarbital [&hellip;]<\/p>\n","protected":false},"featured_media":225,"comment_status":"open","ping_status":"closed","template":"","meta":[],"product_brand":[],"product_cat":[18],"product_tag":[],"class_list":{"0":"post-96","1":"product","2":"type-product","3":"status-publish","4":"has-post-thumbnail","6":"product_cat-buy-nembutal-pentobarbital","8":"first","9":"instock","10":"featured","11":"shipping-taxable","12":"purchasable","13":"product-type-variable"},"_links":{"self":[{"href":"https:\/\/poisonshops.com\/da\/wp-json\/wp\/v2\/product\/96","targetHints":{"allow":["GET"]}}],"collection":[{"href":"https:\/\/poisonshops.com\/da\/wp-json\/wp\/v2\/product"}],"about":[{"href":"https:\/\/poisonshops.com\/da\/wp-json\/wp\/v2\/types\/product"}],"replies":[{"embeddable":true,"href":"https:\/\/poisonshops.com\/da\/wp-json\/wp\/v2\/comments?post=96"}],"wp:featuredmedia":[{"embeddable":true,"href":"https:\/\/poisonshops.com\/da\/wp-json\/wp\/v2\/media\/225"}],"wp:attachment":[{"href":"https:\/\/poisonshops.com\/da\/wp-json\/wp\/v2\/media?parent=96"}],"wp:term":[{"taxonomy":"product_brand","embeddable":true,"href":"https:\/\/poisonshops.com\/da\/wp-json\/wp\/v2\/product_brand?post=96"},{"taxonomy":"product_cat","embeddable":true,"href":"https:\/\/poisonshops.com\/da\/wp-json\/wp\/v2\/product_cat?post=96"},{"taxonomy":"product_tag","embeddable":true,"href":"https:\/\/poisonshops.com\/da\/wp-json\/wp\/v2\/product_tag?post=96"}],"curies":[{"name":"wp","href":"https:\/\/api.w.org\/{rel}","templated":true}]}}