{"id":99,"date":"2017-12-20T07:04:21","date_gmt":"2017-12-20T07:04:21","guid":{"rendered":"https:\/\/wordpress.gradientthemes.com\/brand-shop\/product\/dark-gray-jeans\/"},"modified":"2025-12-05T13:01:44","modified_gmt":"2025-12-05T13:01:44","slug":"nembutal-selvmordsvaeske-10000mg-ml","status":"publish","type":"product","link":"https:\/\/poisonshops.com\/da\/produkt\/nembutal-selvmordsvaeske-10000mg-ml\/","title":{"rendered":"Nembutal selvmordsv\u00e6ske 10000 mg\/ml"},"content":{"rendered":"<h2>K\u00f8b Nembutal selvmordsv\u00e6ske 10000mg\/ml<\/h2>\n<h3>Nembutal selvmordspiller og -v\u00e6ske<\/h3>\n<blockquote><p><strong>Bem\u00e6rk<\/strong>: Nembutal (Pentobarbital Sodium) er et kontrolleret stof, der kun b\u00f8r anvendes under streng l\u00e6gelig overv\u00e5gning og i henhold til love og regler i den relevante jurisdiktion. Det er ulovligt at bruge det til selvmord i mange lande, og det er vigtigt at s\u00f8ge ordentlig l\u00e6gelig vejledning ved eventuelle helbredsproblemer.<\/p><\/blockquote>\n<p>Velkommen til Bio Weapons, din p\u00e5lidelige leverand\u00f8r af Nembutal Pentobarbital Sodium-produkter af h\u00f8j kvalitet til godkendte personer med gyldige recepter. Vi tilbyder Nembutal i b\u00e5de pille- og v\u00e6skeform, hvilket sikrer p\u00e5lidelige og effektive l\u00f8sninger til forskellige medicinske behov. Vores engagement i kvalitet, sikkerhed og kundetilfredshed har gjort os til en f\u00f8rende leverand\u00f8r i branchen.<\/p>\n<h4><strong>Hvad er Nembutal selvmordspiller og -v\u00e6ske?<\/strong><\/h4>\n<p>Nembutal, ogs\u00e5 kendt som Pentobarbital Sodium, er en barbituratmedicin med kraftige beroligende, hypnotiske og antikonvulsive egenskaber. Det bruges i medicinske sammenh\u00e6nge til forskellige form\u00e5l, herunder sedation, an\u00e6stesi og anfaldskontrol. Vores Nembutal-piller og flydende formuleringer er designet til maksimal effektivitet og sikkerhed.<\/p>\n<h4><strong>Anvendelser af Nembutal<\/strong><\/h4>\n<p>Nembutal bruges i flere medicinske sammenh\u00e6nge, blandt andet:<\/p>\n<ol>\n<li><strong>Bed\u00f8velse<\/strong>: Nembutal bruges ofte til at fremkalde dyb sedation hos patienter, der gennemg\u00e5r medicinske procedurer. Dets hurtige virkning sikrer, at patienterne hurtigt opn\u00e5r en afslappet tilstand.<\/li>\n<li><strong>An\u00e6stesi<\/strong>: I kirurgiske sammenh\u00e6nge bruges Nembutal som et pr\u00e6an\u00e6stetisk middel til at fremkalde dyb s\u00f8vn, hvilket g\u00f8r det lettere at gennemf\u00f8re glatte og smertefri procedurer.<\/li>\n<li><strong>Kontrol af anfald<\/strong>: Nembutal er effektivt til at h\u00e5ndtere akutte anfald, is\u00e6r i n\u00f8dsituationer, ved at d\u00e6mpe centralnervesystemet og reducere anfaldsaktiviteten.<\/li>\n<li><strong>Eutanasi (veterin\u00e6r brug)<\/strong>: Inden for veterin\u00e6rmedicin bruges Nembutal til human aflivning af dyr, hvilket sikrer en fredelig og smertefri overgang.<\/li>\n<\/ol>\n<h4><strong>Kvalitet og renhed<\/strong><\/h4>\n<p>Hos Bio Weapons forst\u00e5r vi den kritiske betydning af kvalitet og renhed i farmaceutiske produkter. Vores Nembutal-piller og flydende formuleringer kommer fra velrenommerede producenter og gennemg\u00e5r strenge kvalitetskontrolprocesser. Hvert parti testes grundigt for at sikre, at det opfylder de h\u00f8jeste industristandarder. N\u00e5r du k\u00f8ber Nembutal fra os, kan du stole p\u00e5, at du modtager et produkt, der er sikkert, effektivt og p\u00e5lideligt.<\/p>\n<h4><strong>Dosering og administration<\/strong><\/h4>\n<p>Nembutal skal anvendes i n\u00f8je overensstemmelse med instruktionerne fra sundhedspersonalet. Doseringen og indgivelsesmetoden kan variere afh\u00e6ngigt af den specifikke medicinske tilstand og den enkelte patients behov. Det er vigtigt at f\u00f8lge den foreskrevne dosering for at sikre sikkerhed og effektivitet.<\/p>\n<p><strong>Forberedelse og opbevaring<\/strong>:<\/p>\n<ul>\n<li><strong>Forberedelse<\/strong>: Nembutal-piller administreres oralt, mens den flydende form kan tages oralt eller administreres intraven\u00f8st, som anvist af din sundhedsudbyder.<\/li>\n<li><strong>Opbevaring<\/strong>: Opbevar Nembutal p\u00e5 et k\u00f8ligt, t\u00f8rt sted, v\u00e6k fra direkte sollys og fugt. Hold det uden for b\u00f8rns og k\u00e6ledyrs r\u00e6kkevidde.<\/li>\n<\/ul>\n<h4><strong>Bivirkninger og forholdsregler<\/strong><\/h4>\n<p>Som al anden medicin kan Nembutal give bivirkninger. Almindelige bivirkninger er d\u00f8sighed, svimmelhed, kvalme og hovedpine. I sj\u00e6ldne tilf\u00e6lde kan der forekomme mere alvorlige bivirkninger som respirationsdepression, hypotension eller allergiske reaktioner. Det er vigtigt at s\u00f8ge \u00f8jeblikkelig l\u00e6gehj\u00e6lp, hvis man oplever alvorlige bivirkninger.<\/p>\n<p><strong>Forholdsregler<\/strong>:<\/p>\n<ul>\n<li><strong>Medicinsk historie<\/strong>: Informer din sundhedsplejerske om din komplette sygehistorie, is\u00e6r hvis du tidligere har haft leversygdom, nyresygdom eller \u00e5ndedr\u00e6tsbesv\u00e6r.<\/li>\n<li><strong>Interaktioner med l\u00e6gemidler<\/strong>: Nembutal kan interagere med anden medicin, herunder beroligende midler, opioider og alkohol. S\u00f8rg for, at din sundhedsplejerske kender til al den medicin, du tager.<\/li>\n<li><strong>Graviditet og amning<\/strong>: Nembutal b\u00f8r anvendes med forsigtighed under graviditet og amning. Kontakt din sundhedsudbyder for vejledning.<\/li>\n<\/ul>\n<p><img decoding=\"async\" class=\"wp-image-463 aligncenter\" src=\"https:\/\/poisonshops.com\/wp-content\/uploads\/2025\/11\/tttt-1-204x300.png\" alt=\"Giftbutik\" width=\"73\" height=\"107\" srcset=\"https:\/\/poisonshops.com\/wp-content\/uploads\/2025\/11\/tttt-1-204x300.png 204w, https:\/\/poisonshops.com\/wp-content\/uploads\/2025\/11\/tttt-1.png 218w\" sizes=\"(max-width: 73px) 100vw, 73px\" \/><\/p>\n<h4><strong>Hvorfor v\u00e6lge biov\u00e5ben?<\/strong><\/h4>\n<ol>\n<li><strong>Kvalitetssikring<\/strong>: Vi prioriterer kvalitet og sikkerhed og sikrer, at vores Nembutal-produkter lever op til de h\u00f8jeste industristandarder.<\/li>\n<li><strong>Autoriserede s\u00e6lgere<\/strong>: Bio Weapons er en p\u00e5lidelig og autoriseret s\u00e6lger, der leverer \u00e6gte produkter til godkendte personer med recepter.<\/li>\n<li><strong>Sikre transaktioner<\/strong>: Vores onlineplatform s\u00f8rger for sikre transaktioner og beskytter dine personlige og \u00f8konomiske oplysninger.<\/li>\n<li><strong>Kundesupport<\/strong>: Vores dedikerede kundesupportteam st\u00e5r til r\u00e5dighed for at hj\u00e6lpe dig med eventuelle sp\u00f8rgsm\u00e5l eller bekymringer og yder professionel og venlig service.<\/li>\n<li><strong>Rettidig levering<\/strong>: Vi forst\u00e5r vigtigheden af rettidig levering. Vores effektive forsendelsesproces sikrer, at du modtager dine Nembutal-produkter hurtigt og diskret.<\/li>\n<\/ol>\n<h4><strong>Konklusion<\/strong><\/h4>\n<p>Bio Weapons er din p\u00e5lidelige kilde til Nembutal Pentobarbital Sodium-piller og -v\u00e6ske af h\u00f8j kvalitet. Vi er forpligtet til at levere sikre, effektive og p\u00e5lidelige produkter til godkendte personer med gyldige recepter. Vores fokus p\u00e5 kvalitet, kundetilfredshed og sikre transaktioner adskiller os fra andre i branchen. K\u00f8b med tillid hos Bio Weapons og oplev forskellen i kvalitet og service.<\/p>\n<p><strong>Bestil dine Nembutal Pentobarbital Sodium piller eller v\u00e6ske i dag<\/strong> og slut dig til vores tilfredse kunder, der stoler p\u00e5 Bio Weapons, n\u00e5r det g\u00e6lder deres medicinske behov. Dit helbred og din sikkerhed er vores h\u00f8jeste prioritet.<\/p>\n<p>K\u00f8b Nembutal Pentobarbital Sodium piller og v\u00e6ske af h\u00f8j kvalitet hos Bio Weapons. Kun godkendte personer med recept. Sikkert k\u00f8b, hurtig levering og garanteret kundetilfredshed.<\/p>\n<h4><img decoding=\"async\" class=\"wp-image-502 aligncenter\" src=\"https:\/\/poisonshops.com\/wp-content\/uploads\/2025\/11\/Bio-Weapons-240x300.png\" alt=\"Biologiske v\u00e5ben\" width=\"68\" height=\"85\" srcset=\"https:\/\/poisonshops.com\/wp-content\/uploads\/2025\/11\/Bio-Weapons-240x300.png 240w, https:\/\/poisonshops.com\/wp-content\/uploads\/2025\/11\/Bio-Weapons.png 265w\" sizes=\"(max-width: 68px) 100vw, 68px\" \/><\/h4>\n<ol>\n<li>K\u00f8b Nembutal Pentobarbital piller og v\u00e6ske online<\/li>\n<li>Nembutal-piller og -v\u00e6ske af h\u00f8j kvalitet til medicinsk brug<\/li>\n<li>K\u00f8b Nembutal Pentobarbital sikkert<\/li>\n<li>P\u00e5lidelig kilde til Nembutal-piller og -v\u00e6ske<\/li>\n<li>Bestil Nembutal Pentobarbital sikkert<\/li>\n<li>Hurtig levering af Nembutal-piller og -v\u00e6ske<\/li>\n<li>P\u00e5lidelig leverand\u00f8r af Nembutal Pentobarbital<\/li>\n<li>Autentiske Nembutal-piller og -v\u00e6ske til salg<\/li>\n<li>K\u00f8b Nembutal fra autoriserede s\u00e6lgere<\/li>\n<li>Bedste sted at k\u00f8be Nembutal Pentobarbital<\/li>\n<\/ol>\n<h4><\/h4>\n<p>Nembutal Pentobarbital Sodium, K\u00f8b Nembutal-piller, K\u00f8b Nembutal-v\u00e6ske, Nembutal til salg, Nembutal af h\u00f8j kvalitet, Sikkert Nembutal-k\u00f8b, Nembutal til medicinsk brug, P\u00e5lidelig kilde til Nembutal, K\u00f8b Nembutal lovligt, Nembutal med recept, Nembutal til sedation, Bestil Nembutal-piller, Nembutal til an\u00e6stesi, \u00c6gte Nembutal-v\u00e6ske, Nembutal-levering, P\u00e5lidelig Nembutal-s\u00e6lger, K\u00f8b Nembutal sikkert, Autentisk Nembutal, Nembutal-leverand\u00f8r, Nembutal i USA, Nembutal-tilg\u00e6ngelighed, Hurtig levering af Nembutal, Kvalitet Nembutal, Nembutal-apotek, Nembutal til anfald, K\u00f8b Nembutal online, Sikkert k\u00f8b af Nembutal, Nembutal til professionelle, P\u00e5lidelig Nembutal-kilde, Nembutal verdensomsp\u00e6ndende forsendelse<\/p>\n<h4>Nembutal Suicide Liquid 10000mg\/ml til salg<\/h4>\n<p><img decoding=\"async\" class=\"wp-image-176 aligncenter\" src=\"https:\/\/poisonshops.com\/wp-content\/uploads\/2025\/11\/poison_shop_logo-300x171.png\" alt=\"Giftbutikker\" width=\"112\" height=\"64\" srcset=\"https:\/\/poisonshops.com\/wp-content\/uploads\/2025\/11\/poison_shop_logo-300x171.png 300w, https:\/\/poisonshops.com\/wp-content\/uploads\/2025\/11\/poison_shop_logo.png 563w\" sizes=\"(max-width: 112px) 100vw, 112px\" \/><\/p>","protected":false},"excerpt":{"rendered":"<p>Buy Nembutal Suicide Liquid 10000mg\/ml Nembutal Suicide Pills and Liquid Note: Nembutal (Pentobarbital Sodium) is a controlled substance that should only be used under strict medical supervision and according to the laws and regulations of the relevant jurisdiction. Its use for suicide is illegal in many countries, and it is crucial to seek proper medical [&hellip;]<\/p>\n","protected":false},"featured_media":256,"comment_status":"open","ping_status":"closed","template":"","meta":[],"product_brand":[],"product_cat":[18],"product_tag":[],"class_list":{"0":"post-99","1":"product","2":"type-product","3":"status-publish","4":"has-post-thumbnail","6":"product_cat-buy-nembutal-pentobarbital","8":"first","9":"instock","10":"shipping-taxable","11":"purchasable","12":"product-type-variable"},"_links":{"self":[{"href":"https:\/\/poisonshops.com\/da\/wp-json\/wp\/v2\/product\/99","targetHints":{"allow":["GET"]}}],"collection":[{"href":"https:\/\/poisonshops.com\/da\/wp-json\/wp\/v2\/product"}],"about":[{"href":"https:\/\/poisonshops.com\/da\/wp-json\/wp\/v2\/types\/product"}],"replies":[{"embeddable":true,"href":"https:\/\/poisonshops.com\/da\/wp-json\/wp\/v2\/comments?post=99"}],"wp:featuredmedia":[{"embeddable":true,"href":"https:\/\/poisonshops.com\/da\/wp-json\/wp\/v2\/media\/256"}],"wp:attachment":[{"href":"https:\/\/poisonshops.com\/da\/wp-json\/wp\/v2\/media?parent=99"}],"wp:term":[{"taxonomy":"product_brand","embeddable":true,"href":"https:\/\/poisonshops.com\/da\/wp-json\/wp\/v2\/product_brand?post=99"},{"taxonomy":"product_cat","embeddable":true,"href":"https:\/\/poisonshops.com\/da\/wp-json\/wp\/v2\/product_cat?post=99"},{"taxonomy":"product_tag","embeddable":true,"href":"https:\/\/poisonshops.com\/da\/wp-json\/wp\/v2\/product_tag?post=99"}],"curies":[{"name":"wp","href":"https:\/\/api.w.org\/{rel}","templated":true}]}}