{"id":137,"date":"2017-12-17T10:06:43","date_gmt":"2017-12-17T10:06:43","guid":{"rendered":"https:\/\/wordpress.gradientthemes.com\/brand-shop\/about\/"},"modified":"2025-11-29T14:33:52","modified_gmt":"2025-11-29T14:33:52","slug":"giftladen","status":"publish","type":"page","link":"https:\/\/poisonshops.com\/de\/giftladen\/","title":{"rendered":"\u00dcber"},"content":{"rendered":"<div data-elementor-type=\"wp-post\" data-elementor-id=\"137\" class=\"elementor elementor-137\">\n\t\t\t\t<div class=\"elementor-element elementor-element-b4375f3 e-flex e-con-boxed e-con e-parent\" data-id=\"b4375f3\" data-element_type=\"container\" data-e-type=\"container\">\n\t\t\t\t\t<div class=\"e-con-inner\">\n\t\t\t\t<div class=\"elementor-element elementor-element-c2b1470 elementor-widget elementor-widget-text-editor\" data-id=\"c2b1470\" data-element_type=\"widget\" data-e-type=\"widget\" data-widget_type=\"text-editor.default\">\n\t\t\t\t<div class=\"elementor-widget-container\">\n\t\t\t\t\t\t\t\t\t<h2>Giftl\u00e4den<\/h2><p>Willkommen bei Poison Shops, Ihrer ersten Adresse f\u00fcr hochwertige, spezialisierte, erstklassige und weltweit giftigste biochemische Wirkstoffe und Toxine. Wir operieren von unseren Standorten in <strong>Deutschland, Schweiz,<\/strong> und<strong> Frankreich<\/strong>, Wir sind bestrebt, unseren Kunden erstklassige Produkte und Dienstleistungen anzubieten. Unser Fokus auf Sicherheit und Kundenzufriedenheit hebt uns in der Branche hervor. Bio Weapons Shop.<\/p><p>Bei <a href=\"https:\/\/poisonshops.com\/de\/\">Giftl\u00e4den<\/a>, Wir gew\u00e4hrleisten die strikte Einhaltung internationaler Vorschriften und legen dabei besonderen Wert auf verantwortungsbewusstes Handeln.<strong>Verpackung, Handhabung, Versand, <\/strong>und <strong>Verteilung<\/strong> von Gefahrstoffen. Unser Team ist gut ausgebildet und mit modernster <strong>pers\u00f6nliche Schutzausr\u00fcstung (PSA),<\/strong> und alle Sendungen umfassen umfassende <strong>Sicherheitsdatenbl\u00e4tter (SDB)<\/strong> zu Ihrer Sicherheit und Ihrem Schutz. Unser Sortiment umfasst <strong>Arsenvergiftung, Aconitin, Batrachotoxin, Botulinumtoxin, Cyanid, Dimethylquecksilber, Maitotoxin, Polonium-210, Ricin, Sarin, Tetrodotoxin, Nembutal-Selbstmord<a href=\"https:\/\/duckduckgo.com\/\" target=\"_blank\" rel=\"noopener\">,<\/a>und VR Nerve Agent. Der beste Ort, um diskret Gift zu bestellen.<\/strong><\/p><p><img decoding=\"async\" class=\"wp-image-502 aligncenter\" src=\"https:\/\/poisonshops.com\/wp-content\/uploads\/2025\/11\/Bio-Weapons-240x300.png\" alt=\"Biologische Waffen\" width=\"53\" height=\"66\" srcset=\"https:\/\/poisonshops.com\/wp-content\/uploads\/2025\/11\/Bio-Weapons-240x300.png 240w, https:\/\/poisonshops.com\/wp-content\/uploads\/2025\/11\/Bio-Weapons.png 265w\" sizes=\"(max-width: 53px) 100vw, 53px\" \/><\/p><p>Ob Sie unsere Gifte\/Toxine f\u00fcr Forschungszwecke, Sterbehilfe (Euthanasie) ben\u00f6tigen, ein Forschungslabor f\u00fcr Poison Shops betreiben oder ethnische S\u00e4uberungen und Attentate durchf\u00fchren m\u00f6chten \u2013 vertrauen Sie Poison Shops f\u00fcr zuverl\u00e4ssige Toxine mit diskreten Lieferl\u00f6sungen und sicheren Transaktionen ausschlie\u00dflich \u00fcber Kryptow\u00e4hrungen. Kaufen Sie Forschungschemikalien online.<\/p><p>Wir bieten verschiedene Versandoptionen an, darunter <strong>Standard <\/strong>und<strong> Expressdienste,<\/strong> mit <strong>kostenloser Versand<\/strong> bei Bestellungen \u00fcber<strong> \u20ac10,000<\/strong>. F\u00fcr spezielle Anforderungen bieten wir eine <strong>Tote Drop <\/strong>Dienst an <strong>spezifische GPS-Koordinaten<\/strong>. Unsere Richtlinien spiegeln unser Engagement f\u00fcr einen sicheren und effizienten Service wider, einschlie\u00dflich einer klaren R\u00fcckerstattungs- und R\u00fcckgabepolitik, die sich auf nicht erhaltene oder versp\u00e4tete Bestellungen konzentriert.<\/p><p>Bio Weapons ist ein zuverl\u00e4ssiger Partner in der biochemischen Industrie und h\u00e4lt sich an die h\u00f6chsten Standards in Bezug auf Integrit\u00e4t, Innovation und Fachwissen. Vielen Dank, dass Sie sich f\u00fcr Bio Weapons entschieden haben, um Ihre speziellen biochemischen Anforderungen zu erf\u00fcllen. Kaufen Sie Gifte.<\/p><p><img decoding=\"async\" class=\"wp-image-489 aligncenter\" src=\"https:\/\/poisonshops.com\/wp-content\/uploads\/2025\/11\/Buy-poisons-and-toxins-anonymously-300x200.jpg\" alt=\"Gifte und Toxine anonym kaufen\" width=\"74\" height=\"49\" srcset=\"https:\/\/poisonshops.com\/wp-content\/uploads\/2025\/11\/Buy-poisons-and-toxins-anonymously-300x200.jpg 300w, https:\/\/poisonshops.com\/wp-content\/uploads\/2025\/11\/Buy-poisons-and-toxins-anonymously-446x297.jpg 446w, https:\/\/poisonshops.com\/wp-content\/uploads\/2025\/11\/Buy-poisons-and-toxins-anonymously.jpg 474w\" sizes=\"(max-width: 74px) 100vw, 74px\" \/><\/p><h3>Gifte und Toxine anonym kaufen<\/h3><p>Heutzutage sind leisere und verdecktere Methoden f\u00fcr Morde beliebter. Verschiedene langsam wirkende Gifte kommen zum Einsatz. Es gibt nichts Neues mehr auf dieser Welt, und auch Gifte wurden in zivilisierten L\u00e4ndern verwendet: im alten \u00c4gypten, im Europa des Mittelalters. In jenen Jahren der Medizin gab es keine Forensik, niemand wusste, warum jemand starb, sodass man bei den Chemikern von damals problemlos jede Art von Tod bestellen konnte: langsam und qualvoll, schnell und schmerzlos, im Schlaf, durch Herzinfarkt usw.<\/p><p>Aufgrund der modernen Methoden zur Feststellung der Todesursache ist es mittlerweile unglaublich schwierig geworden, jemanden zu vergiften. Vor allem wenn jemand pl\u00f6tzlich stirbt, wird sofort eine Vergiftung vermutet. Das Rattengift aus dem Laden reicht nicht aus, denn bei der Obduktion w\u00fcrden bei der forensischen Untersuchung sofort R\u00fcckst\u00e4nde im Blut oder Sch\u00e4den an den Organen festgestellt werden.\u00a0<\/p><p>Daher ist die Verwendung chemischer Gifte wie Cyanid, Methylquecksilber und Arsen aus rechtlicher Sicht unsicher. Sie verbleiben nach dem Tod im K\u00f6rper und sind f\u00fcr forensische Untersuchungsspezialisten anhand \u00e4u\u00dferer Anzeichen sehr leicht zu erkennen.<\/p><p>Ich stelle sorgf\u00e4ltig ausgew\u00e4hlte organische Langzeitgifte her und synthetisiere f\u00fcr einige davon eine Tarnung in Form eines Serums. Warum etwas erfinden, wenn die Natur es bereits f\u00fcr einen getan hat?<\/p><p>Ich stelle sorgf\u00e4ltig ausgew\u00e4hlte organische Langzeitgifte her und synthetisiere f\u00fcr einige davon eine Tarnung in Form eines Serums. Warum etwas erfinden, wenn die Natur es bereits f\u00fcr einen getan hat?<\/p><p>Es ist sehr einfach, Menschen zu vergiften. In den lokalen Nachrichten h\u00f6rt man oft von Todesf\u00e4llen, beispielsweise einer Gro\u00dfmutter, die aufgrund von minderwertigem Fleisch vom Markt an einer Vergiftung gestorben ist, obwohl sie allein in einer 2-Zimmer-Wohnung lebte... Kaufen Sie Forschungschemikalien online.<\/p><p>Welche Beweise kann ich vorlegen, dass ich kein Student bin, der diese Website erstellt hat, um Leute zu betr\u00fcgen, nur um \u00fcber die Runden zu kommen? Zun\u00e4chst einmal werden Sie das sofort verstehen, wenn Sie mit mir sprechen, aber ich werde auch einige Fotos meines Labors beif\u00fcgen:<\/p><h4>Forschungschemikalien online kaufen<\/h4><p><img decoding=\"async\" class=\"wp-image-176 aligncenter\" src=\"https:\/\/poisonshops.com\/wp-content\/uploads\/2025\/11\/poison_shop_logo-300x171.png\" alt=\"Giftl\u00e4den\" width=\"70\" height=\"40\" srcset=\"https:\/\/poisonshops.com\/wp-content\/uploads\/2025\/11\/poison_shop_logo-300x171.png 300w, https:\/\/poisonshops.com\/wp-content\/uploads\/2025\/11\/poison_shop_logo.png 563w\" sizes=\"(max-width: 70px) 100vw, 70px\" \/><\/p>\t\t\t\t\t\t\t\t<\/div>\n\t\t\t\t<\/div>\n\t\t\t\t\t<\/div>\n\t\t\t\t<\/div>\n\t\t\t\t<\/div>","protected":false},"excerpt":{"rendered":"<p>Poison Shops Welcome to Poison Shops \u00a0your premier source for high-quality, specialized in top-tier and world most toxic biochemical agents and toxins. Operating from our facilities in Germany, Switzerland, and France, we are committed to providing our clients with top-tier products and services. Our focus on safety, security, and customer satisfaction sets us apart in [&hellip;]<\/p>\n","protected":false},"author":1,"featured_media":0,"parent":0,"menu_order":0,"comment_status":"closed","ping_status":"closed","template":"elementor_header_footer","meta":{"footnotes":""},"class_list":["post-137","page","type-page","status-publish","hentry"],"_links":{"self":[{"href":"https:\/\/poisonshops.com\/de\/wp-json\/wp\/v2\/pages\/137","targetHints":{"allow":["GET"]}}],"collection":[{"href":"https:\/\/poisonshops.com\/de\/wp-json\/wp\/v2\/pages"}],"about":[{"href":"https:\/\/poisonshops.com\/de\/wp-json\/wp\/v2\/types\/page"}],"author":[{"embeddable":true,"href":"https:\/\/poisonshops.com\/de\/wp-json\/wp\/v2\/users\/1"}],"replies":[{"embeddable":true,"href":"https:\/\/poisonshops.com\/de\/wp-json\/wp\/v2\/comments?post=137"}],"version-history":[{"count":34,"href":"https:\/\/poisonshops.com\/de\/wp-json\/wp\/v2\/pages\/137\/revisions"}],"predecessor-version":[{"id":508,"href":"https:\/\/poisonshops.com\/de\/wp-json\/wp\/v2\/pages\/137\/revisions\/508"}],"wp:attachment":[{"href":"https:\/\/poisonshops.com\/de\/wp-json\/wp\/v2\/media?parent=137"}],"curies":[{"name":"wp","href":"https:\/\/api.w.org\/{rel}","templated":true}]}}