{"id":418,"date":"2025-11-20T11:56:12","date_gmt":"2025-11-20T11:56:12","guid":{"rendered":"https:\/\/poisonshops.com\/?page_id=418"},"modified":"2025-12-01T12:00:53","modified_gmt":"2025-12-01T12:00:53","slug":"psa-richtlinien","status":"publish","type":"page","link":"https:\/\/poisonshops.com\/de\/psa-richtlinien\/","title":{"rendered":"Richtlinien f\u00fcr pers\u00f6nliche Schutzausr\u00fcstung"},"content":{"rendered":"<div data-elementor-type=\"wp-page\" data-elementor-id=\"418\" class=\"elementor elementor-418\">\n\t\t\t\t<div class=\"elementor-element elementor-element-0dae480 e-flex e-con-boxed e-con e-parent\" data-id=\"0dae480\" data-element_type=\"container\" data-e-type=\"container\">\n\t\t\t\t\t<div class=\"e-con-inner\">\n\t\t\t\t<div class=\"elementor-element elementor-element-3c24701 elementor-widget elementor-widget-text-editor\" data-id=\"3c24701\" data-element_type=\"widget\" data-e-type=\"widget\" data-widget_type=\"text-editor.default\">\n\t\t\t\t<div class=\"elementor-widget-container\">\n\t\t\t\t\t\t\t\t\t<div id=\"primary\" class=\"content-area\"><main id=\"main\" class=\"site-main\"><\/main><article id=\"post-389666\" class=\"post-389666 page type-page status-publish\"><div class=\"inside-article\"><header class=\"entry-header\"><h2 class=\"entry-title\">Umfassende PSA-Richtlinien f\u00fcr den sicheren Umgang mit giftigen Stoffen<\/h2><\/header><div class=\"entry-content\"><p>Hier finden Sie eine detaillierte Empfehlung f\u00fcr pers\u00f6nliche Schutzausr\u00fcstung (PSA) zum Umgang mit den aufgef\u00fchrten Giftstoffen, wobei der Schwerpunkt auf der wirksamsten Ausr\u00fcstung liegt, die auf die spezifischen Gefahren der einzelnen Substanzen abgestimmt ist:<\/p><h3 class=\"wp-block-heading\">1. <strong>Arsenvergiftung<\/strong><\/h3><ul class=\"wp-block-list\"><li><strong>Handschuhe<\/strong>: Nitril- oder Latexhandschuhe \u2013 Bieten Chemikalienbest\u00e4ndigkeit und verhindern Hautkontakt.<\/li><li><strong>Augenschutz<\/strong>: Schutzbrille \u2013 Sch\u00fctzt vor Spritzern.<\/li><li><strong>Gesichtsschutz<\/strong>Gesichtsschutz \u2013 Bietet zus\u00e4tzlichen Schutz f\u00fcr Gesicht und Hals.<\/li><li><strong>Kleidung<\/strong>Laborkittel oder Einwegoveralls \u2013 Sch\u00fctzen Kleidung und Haut vor Verunreinigungen.<\/li><li><strong>Atemschutz<\/strong>: Atemschutzmaske N95 oder h\u00f6her \u2013 Filtert Partikel aus der Luft heraus.<\/li><\/ul><p><strong>Grund<\/strong>Arsen kann zu Hautreizungen und Reizungen der Atemwege f\u00fchren. PSA verhindert direkten Kontakt und Einatmen.<\/p><h3 class=\"wp-block-heading\">2. <strong>Aconitin<\/strong><\/h3><ul class=\"wp-block-list\"><li><strong>Handschuhe<\/strong>Nitrilhandschuhe \u2013 Chemikalienbest\u00e4ndig und verhindern die Aufnahme durch die Haut.<\/li><li><strong>Augenschutz<\/strong>: Schutzbrille \u2013 Sch\u00fctzt die Augen vor m\u00f6glichen Spritzern.<\/li><li><strong>Gesichtsschutz<\/strong>Gesichtsschutz \u2013 Zus\u00e4tzlicher Gesichtsschutz gegen Spritzer.<\/li><li><strong>Kleidung<\/strong>: Laborkittel oder Einweg-Overall \u2013 Sch\u00fctzt die Haut vor Verunreinigungen.<\/li><li><strong>Atemschutz<\/strong>: Atemschutzmaske P100 \u2013 Bietet Schutz vor Feinstaub.<\/li><\/ul><p><strong>Grund<\/strong>: <a href=\"https:\/\/poisonshops.com\/de\/\">Aconitin<\/a> ist hochgiftig und kann \u00fcber die Haut aufgenommen werden, sodass eine umfassende PSA erforderlich ist.<\/p><h3 class=\"wp-block-heading\">3. <strong>Batrachotoxin<\/strong><\/h3><ul class=\"wp-block-list\"><li><strong>Handschuhe<\/strong>Butylkautschukhandschuhe \u2013 Bieten hervorragenden Schutz vor hochgiftigen Substanzen.<\/li><li><strong>Augenschutz<\/strong>: Schutzbrille \u2013 Verhindert eine Exposition der Augen.<\/li><li><strong>Gesichtsschutz<\/strong>Vollgesichtsschutz \u2013 Unverzichtbar f\u00fcr den Umgang mit hochgiftigen Stoffen.<\/li><li><strong>Kleidung<\/strong>: Chemikalienschutzanzug f\u00fcr den ganzen K\u00f6rper \u2013 Sch\u00fctzt vor Hautkontakt.<\/li><li><strong>Atemschutz<\/strong>: Atemschutzger\u00e4t mit Luftzufuhr \u2013 Sch\u00fctzt vor dem Einatmen von Giftstoffen in der Luft.<\/li><\/ul><p><strong>Grund<\/strong>Batrachotoxin ist extrem giftig und erfordert einen vollst\u00e4ndigen K\u00f6rperschutz, um jegliche Exposition zu verhindern.<\/p><h3 class=\"wp-block-heading\">4. <strong>Botulinumtoxin<\/strong><\/h3><ul class=\"wp-block-list\"><li><strong>Handschuhe<\/strong>Nitrilhandschuhe \u2013 Best\u00e4ndig gegen Giftstoffe und sch\u00fctzen die H\u00e4nde.<\/li><li><strong>Augenschutz<\/strong>: Schutzbrille \u2013 Verhindert den Kontakt mit den Augen.<\/li><li><strong>Gesichtsschutz<\/strong>Gesichtsschutz \u2013 Bietet zus\u00e4tzlichen Schutz f\u00fcr das Gesicht<a href=\"https:\/\/duckduckgo.com\/\" target=\"_blank\" rel=\"noopener\">.<\/a><\/li><li><strong>Kleidung<\/strong>: Laborkittel oder Einweg-Overall \u2013 Sch\u00fctzt vor Kontamination.<\/li><li><strong>Atemschutz<\/strong>: Atemschutzmaske P100 oder h\u00f6her \u2013 Filtert Partikel aus der Luft heraus.<\/li><\/ul><p><strong>Grund<\/strong>Botulinumtoxin ist hochgiftig, daher ist es \u00e4u\u00dferst wichtig, jegliche Form der Exposition zu vermeiden.<\/p><h3 class=\"wp-block-heading\">5. <strong>Cyanid<\/strong><\/h3><ul class=\"wp-block-list\"><li><strong>Handschuhe<\/strong>: Nitril- oder Neoprenhandschuhe \u2013 Chemikalienbest\u00e4ndig und sch\u00fctzen die Haut.<\/li><li><strong>Augenschutz<\/strong>: Schutzbrille \u2013 Sch\u00fctzt vor Spritzern.<\/li><li><strong>Gesichtsschutz<\/strong>: Gesichtsschutz \u2013 Zus\u00e4tzlicher Schutz f\u00fcr das Gesicht.<\/li><li><strong>Kleidung<\/strong>Chemikalienbest\u00e4ndiger Laborkittel oder Overall \u2013 Verhindert Hautkontakt.<\/li><li><strong>Atemschutz<\/strong>Vollgesichts-Atemschutzmaske mit geeigneten Filtern \u2013 Sch\u00fctzt vor dem Einatmen giftiger D\u00e4mpfe.<\/li><\/ul><p><strong>Grund<\/strong>Cyanid ist ein starkes Gift und kann \u00fcber die Haut aufgenommen oder eingeatmet werden, weshalb eine umfassende PSA erforderlich ist.<\/p><h3 class=\"wp-block-heading\">6. <strong>Dimethylquecksilber<\/strong><\/h3><ul class=\"wp-block-list\"><li><strong>Handschuhe<\/strong>Butylkautschukhandschuhe \u2013 Bieten eine hohe Chemikalienbest\u00e4ndigkeit.<\/li><li><strong>Augenschutz<\/strong>: Schutzbrille \u2013 Sch\u00fctzt die Augen vor Exposition.<\/li><li><strong>Gesichtsschutz<\/strong>Vollgesichtsschutz \u2013 Bietet vollst\u00e4ndigen Gesichtsschutz.<\/li><li><strong>Kleidung<\/strong>Vollk\u00f6rper-Chemikalienschutzanzug \u2013 Gew\u00e4hrleistet vollst\u00e4ndigen Schutz vor Kontamination.<\/li><li><strong>Atemschutz<\/strong>: Atemschutzger\u00e4t mit Luftzufuhr \u2013 Aufgrund der hohen Toxizit\u00e4t und der Gefahr durch D\u00e4mpfe unerl\u00e4sslich.<\/li><\/ul><p><strong>Grund<\/strong>Dimethylquecksilber ist extrem giftig und fl\u00fcchtig, sodass zum Schutz vor einer Exposition eine hochwertige PSA erforderlich ist.<\/p><p><img decoding=\"async\" class=\"wp-image-462 aligncenter\" src=\"https:\/\/poisonshops.com\/wp-content\/uploads\/2025\/11\/tttt-204x300.png\" alt=\"Richtlinien f\u00fcr die sichere Handhabung giftiger Stoffe\" width=\"90\" height=\"133\" srcset=\"https:\/\/poisonshops.com\/wp-content\/uploads\/2025\/11\/tttt-204x300.png 204w, https:\/\/poisonshops.com\/wp-content\/uploads\/2025\/11\/tttt.png 218w\" sizes=\"(max-width: 90px) 100vw, 90px\" \/><\/p><h3 class=\"wp-block-heading\">7. <strong>Maitotoxin<\/strong><\/h3><ul class=\"wp-block-list\"><li><strong>Handschuhe<\/strong>: Nitrilhandschuhe \u2013 Sch\u00fctzen vor Hautkontakt.<\/li><li><strong>Augenschutz<\/strong>: Schutzbrille \u2013 Verhindert eine Exposition der Augen.<\/li><li><strong>Gesichtsschutz<\/strong>Gesichtsschutz \u2013 Bietet zus\u00e4tzlichen Schutz f\u00fcr das Gesicht.<\/li><li><strong>Kleidung<\/strong>: Laborkittel oder Overall \u2013 Sch\u00fctzt Kleidung und Haut.<\/li><li><strong>Atemschutz<\/strong>: Atemschutzmaske N95 oder h\u00f6her \u2013 Filtert Partikel aus der Luft heraus.<\/li><\/ul><p><strong>Grund<\/strong>Maitotoxin ist hochgiftig, daher sind Handschuhe und Schutzkleidung erforderlich, um Kontakt zu vermeiden.<\/p><h3 class=\"wp-block-heading\">8. <strong>Polonium-210<\/strong><\/h3><ul class=\"wp-block-list\"><li><strong>Handschuhe<\/strong>: Bleiverst\u00e4rkte Handschuhe \u2013 Bieten Schutz vor Strahlung.<\/li><li><strong>Augenschutz<\/strong>: Schutzbrille \u2013 Sch\u00fctzt die Augen vor Verunreinigungen.<\/li><li><strong>Gesichtsschutz<\/strong>: Bleiverkleidetes Gesichtsschutzschild \u2013 Bietet zus\u00e4tzlichen Schutz vor Strahlenbelastung.<\/li><li><strong>Kleidung<\/strong>: Bleiverkleideter Laborkittel \u2013 Sch\u00fctzt vor Strahlung.<\/li><li><strong>Atemschutz<\/strong>: In der Regel nicht erforderlich, es sei denn, die Handhabung ist mit einer Kontamination durch Luftpartikel verbunden.<\/li><\/ul><p><strong>Grund<\/strong>Polonium-210 ist radioaktiv, daher ist eine mit Blei ausgekleidete PSA zum Schutz vor Strahlung unerl\u00e4sslich.<\/p><h3 class=\"wp-block-heading\">9. <strong>Ricin<\/strong><\/h3><ul class=\"wp-block-list\"><li><strong>Handschuhe<\/strong>Nitrilhandschuhe \u2013 Bieten Chemikalienbest\u00e4ndigkeit und verhindern Hautkontakt.<\/li><li><strong>Augenschutz<\/strong>: Schutzbrille \u2013 Sch\u00fctzt die Augen vor Exposition.<\/li><li><strong>Gesichtsschutz<\/strong>Vollgesichtsschutz \u2013 Bietet zus\u00e4tzlichen Schutz.<\/li><li><strong>Kleidung<\/strong>: Laborkittel oder Einwegoveralls \u2013 Sch\u00fctzt die Haut.<\/li><li><strong>Atemschutz<\/strong>: Atemschutzmaske P100 \u2013 Filtert Partikel und Aerosole heraus.<\/li><\/ul><p><strong>Grund<\/strong>Ricin ist hochgiftig und kann \u00fcber die Haut aufgenommen oder eingeatmet werden, weshalb eine umfassende PSA erforderlich ist.<\/p><h3 class=\"wp-block-heading\">10. <strong>Sarin<\/strong><\/h3><ul class=\"wp-block-list\"><li><strong>Handschuhe<\/strong>Butylkautschukhandschuhe \u2013 Bieten Schutz vor chemischen Stoffen.<\/li><li><strong>Augenschutz<\/strong>: Schutzbrille \u2013 Sch\u00fctzt vor Spritzern.<\/li><li><strong>Gesichtsschutz<\/strong>Vollgesichtsschutz \u2013 Unverzichtbar f\u00fcr den Umgang mit Nervenkampfstoffen.<\/li><li><strong>Kleidung<\/strong>: Chemikalienschutzanzug f\u00fcr den ganzen K\u00f6rper \u2013 Gew\u00e4hrleistet Schutz vor Kontamination.<\/li><li><strong>Atemschutz<\/strong>: Atemschutzger\u00e4t mit Luftzufuhr \u2013 Notwendig zum Schutz vor D\u00e4mpfen von Nervenkampfstoffen.<\/li><\/ul><p><strong>Grund<\/strong>Sarin ist ein Nervengift, das aufgrund seiner hohen Toxizit\u00e4t eine Ganzk\u00f6rper-Schutzausr\u00fcstung erfordert.<\/p><h3 class=\"wp-block-heading\">11. <strong>Tetrodotoxin<\/strong><\/h3><ul class=\"wp-block-list\"><li><strong>Handschuhe<\/strong>Nitrilhandschuhe \u2013 Bieten Schutz vor giftigen Substanzen.<\/li><li><strong>Augenschutz<\/strong>: Schutzbrille \u2013 Verhindert eine Exposition der Augen.<\/li><li><strong>Gesichtsschutz<\/strong>Gesichtsschutz \u2013 Bietet zus\u00e4tzlichen Schutz.<\/li><li><strong>Kleidung<\/strong>: Laborkittel oder Einweg-Overall \u2013 Sch\u00fctzt vor Kontamination.<\/li><li><strong>Atemschutz<\/strong>N95-Atemschutzmaske \u2013 Filtert Partikel aus der Luft heraus.<\/li><\/ul><p><strong>Grund<\/strong>Tetrodotoxin ist extrem giftig, daher ist eine vollst\u00e4ndige PSA erforderlich, um eine Exposition zu verhindern.<\/p><h3 class=\"wp-block-heading\">12. <strong>VR-Nervenkampfstoff<\/strong><\/h3><ul class=\"wp-block-list\"><li><strong>Handschuhe<\/strong>Butylkautschukhandschuhe \u2013 Sehr widerstandsf\u00e4hig gegen Nervenkampfstoffe.<\/li><li><strong>Augenschutz<\/strong>: Schutzbrille \u2013 Sch\u00fctzt die Augen vor Exposition.<\/li><li><strong>Gesichtsschutz<\/strong>Vollgesichtsschutz \u2013 Unverzichtbar f\u00fcr vollst\u00e4ndigen Schutz.<\/li><li><strong>Kleidung<\/strong>: Ganzk\u00f6rper-Chemikalienschutzanzug \u2013 Sch\u00fctzt vor Kontakt mit Nervenkampfstoffen.<\/li><li><strong>Atemschutz<\/strong>: Atemschutzger\u00e4t mit Luftzufuhr \u2013 Liefert saubere Luft und sch\u00fctzt vor dem Einatmen giftiger D\u00e4mpfe.<\/li><\/ul><p><strong>Grund<\/strong>: VR-Nervengifte sind hochgiftig und erfordern eine umfassende PSA, um eine Exposition \u00fcber alle m\u00f6glichen Wege zu verhindern.<\/p><p>F\u00fcr jedes Gift ist es entscheidend, die festgelegten Sicherheitsprotokolle zu befolgen und sicherzustellen, dass alle PSA ordnungsgem\u00e4\u00df angepasst, gewartet und gem\u00e4\u00df den Anweisungen des Herstellers und den Sicherheitsrichtlinien verwendet werden.<\/p><p><img decoding=\"async\" class=\"wp-image-176 aligncenter\" src=\"https:\/\/poisonshops.com\/wp-content\/uploads\/2025\/11\/poison_shop_logo-300x171.png\" alt=\"Giftl\u00e4den\" width=\"122\" height=\"70\" srcset=\"https:\/\/poisonshops.com\/wp-content\/uploads\/2025\/11\/poison_shop_logo-300x171.png 300w, https:\/\/poisonshops.com\/wp-content\/uploads\/2025\/11\/poison_shop_logo.png 563w\" sizes=\"(max-width: 122px) 100vw, 122px\" \/><\/p><\/div><\/div><\/article><\/div>\t\t\t\t\t\t\t\t<\/div>\n\t\t\t\t<\/div>\n\t\t\t\t\t<\/div>\n\t\t\t\t<\/div>\n\t\t\t\t<\/div>","protected":false},"excerpt":{"rendered":"<p>Comprehensive PPE Guidelines for Safe Handling of Toxic Substances Here\u2019s a detailed recommendation of personal protective equipment (PPE) for handling each of the listed toxins, focusing on the most effective gear based on the specific hazards associated with each substance: 1. Arsenic Poison Gloves: Nitrile or latex gloves \u2013 Provide chemical resistance and prevent skin [&hellip;]<\/p>\n","protected":false},"author":1,"featured_media":0,"parent":0,"menu_order":0,"comment_status":"closed","ping_status":"closed","template":"","meta":{"footnotes":""},"class_list":["post-418","page","type-page","status-publish","hentry"],"_links":{"self":[{"href":"https:\/\/poisonshops.com\/de\/wp-json\/wp\/v2\/pages\/418","targetHints":{"allow":["GET"]}}],"collection":[{"href":"https:\/\/poisonshops.com\/de\/wp-json\/wp\/v2\/pages"}],"about":[{"href":"https:\/\/poisonshops.com\/de\/wp-json\/wp\/v2\/types\/page"}],"author":[{"embeddable":true,"href":"https:\/\/poisonshops.com\/de\/wp-json\/wp\/v2\/users\/1"}],"replies":[{"embeddable":true,"href":"https:\/\/poisonshops.com\/de\/wp-json\/wp\/v2\/comments?post=418"}],"version-history":[{"count":7,"href":"https:\/\/poisonshops.com\/de\/wp-json\/wp\/v2\/pages\/418\/revisions"}],"predecessor-version":[{"id":550,"href":"https:\/\/poisonshops.com\/de\/wp-json\/wp\/v2\/pages\/418\/revisions\/550"}],"wp:attachment":[{"href":"https:\/\/poisonshops.com\/de\/wp-json\/wp\/v2\/media?parent=418"}],"curies":[{"name":"wp","href":"https:\/\/api.w.org\/{rel}","templated":true}]}}