{"id":439,"date":"2025-11-20T12:15:58","date_gmt":"2025-11-20T12:15:58","guid":{"rendered":"https:\/\/poisonshops.com\/?page_id=439"},"modified":"2025-12-01T11:33:18","modified_gmt":"2025-12-01T11:33:18","slug":"gifte-online-kaufen","status":"publish","type":"page","link":"https:\/\/poisonshops.com\/de\/gifte-online-kaufen\/","title":{"rendered":"Kontakt"},"content":{"rendered":"<div data-elementor-type=\"wp-page\" data-elementor-id=\"439\" class=\"elementor elementor-439\">\n\t\t\t\t<div class=\"elementor-element elementor-element-ac71f13 e-flex e-con-boxed e-con e-parent\" data-id=\"ac71f13\" data-element_type=\"container\" data-e-type=\"container\">\n\t\t\t\t\t<div class=\"e-con-inner\">\n\t\t\t\t<div class=\"elementor-element elementor-element-b8aef59 elementor-widget elementor-widget-text-editor\" data-id=\"b8aef59\" data-element_type=\"widget\" data-e-type=\"widget\" data-widget_type=\"text-editor.default\">\n\t\t\t\t<div class=\"elementor-widget-container\">\n\t\t\t\t\t\t\t\t\t<div id=\"primary\" class=\"content-area\"><main id=\"main\" class=\"site-main\"><\/main><article id=\"post-298\" class=\"post-298 page type-page status-publish\"><div class=\"inside-article\"><div class=\"entry-content\"><p class=\"has-text-align-left\">Kaufen Sie Gifte online; wir helfen Ihnen gerne bei allen Fragen und Anliegen weiter. Bitte kontaktieren Sie uns \u00fcber die folgenden Kan\u00e4le:<\/p><p><img fetchpriority=\"high\" decoding=\"async\" class=\"size-medium wp-image-502 alignleft\" src=\"https:\/\/poisonshops.com\/wp-content\/uploads\/2025\/11\/Bio-Weapons-240x300.png\" alt=\"Biologische Waffen\" width=\"240\" height=\"300\" srcset=\"https:\/\/poisonshops.com\/wp-content\/uploads\/2025\/11\/Bio-Weapons-240x300.png 240w, https:\/\/poisonshops.com\/wp-content\/uploads\/2025\/11\/Bio-Weapons.png 265w\" sizes=\"(max-width: 240px) 100vw, 240px\" \/><\/p><div class=\"wp-block-columns is-layout-flex wp-container-core-columns-is-layout-9d6595d7 wp-block-columns-is-layout-flex\"><div class=\"wp-block-column is-layout-flow wp-block-column-is-layout-flow\"><div class=\"wp-block-image\">\u00a0<\/div><\/div><div class=\"wp-block-column is-layout-flow wp-block-column-is-layout-flow\"><p><mark class=\"has-inline-color\"><\/mark><span style=\"color: #000!important;\"><b>E-Mail:<\/b><\/span><a class=\"info-box_link\" href=\"mailto:Ps35dk@proton.me\"><strong><span style=\"color: #ff0000;\">Ps35dk@proton.me<\/span><\/strong><\/a><\/p><\/div><\/div><p>F\u00fcr Unterst\u00fctzung in Bezug auf Bestellungen, Versand oder Produktinformationen steht Ihnen unser Team gerne zur Verf\u00fcgung. Vielen Dank, dass Sie sich f\u00fcr Poison Shops entschieden haben. Wir freuen uns auf Ihre Nachricht!<\/p><\/div><\/div><\/article><\/div>\t\t\t\t\t\t\t\t<\/div>\n\t\t\t\t<\/div>\n\t\t\t\t\t<\/div>\n\t\t\t\t<\/div>\n\t\t<div class=\"elementor-element elementor-element-8502aa0 e-flex e-con-boxed e-con e-parent\" data-id=\"8502aa0\" data-element_type=\"container\" data-e-type=\"container\">\n\t\t\t\t\t<div class=\"e-con-inner\">\n\t\t\t\t<div class=\"elementor-element elementor-element-3d1bb0a elementor-widget elementor-widget-text-editor\" data-id=\"3d1bb0a\" data-element_type=\"widget\" data-e-type=\"widget\" data-widget_type=\"text-editor.default\">\n\t\t\t\t<div class=\"elementor-widget-container\">\n\t\t\t\t\t\t\t\t\t<h3>Gifte online kaufen<\/h3><p>Willkommen bei <img decoding=\"async\" class=\"emoji\" role=\"img\" draggable=\"false\" src=\"https:\/\/s.w.org\/images\/core\/emoji\/16.0.1\/svg\/26a0.svg\" alt=\"\u26a0\ufe0f\" \/><a href=\"https:\/\/poisonshops.com\/de\/\">Giftladen<\/a>, wo Wissenschaft auf Pr\u00e4zision trifft. Wir sind der weltweit f\u00fchrende Anbieter von hochwirksamen Giften und chemischen Wirkstoffen f\u00fcr Forschungszwecke und den pers\u00f6nlichen Gebrauch, dem Einzelpersonen vertrauen.<a href=\"https:\/\/duckduckgo.com\/\" target=\"_blank\" rel=\"noopener\">,<\/a> Labore und Organisationen. Von nat\u00fcrlichen Giftstoffen \u00fcber Industriechemikalien bis hin zu Nervenkampfstoffen bieten wir das umfassendste Sortiment an Giften auf dem Markt. Gift-Shops.<\/p><p>Entdecken Sie unser umfangreiches Sortiment an Giften<br \/>Wir bieten 40 der t\u00f6dlichsten Gifte der Welt an, die in fl\u00fcssiger, spr\u00fchbarer oder fester Form erh\u00e4ltlich sind und genau auf Ihre Anforderungen zugeschnitten sind. Ob Sie ein schnell wirkendes Neurotoxin, einen chemischen Wirkstoff oder ein nat\u00fcrliches Gift ben\u00f6tigen, Bio Weapons garantiert h\u00f6chste Reinheit f\u00fcr Ihre kritischen Anwendungen.<\/p><p><img decoding=\"async\" class=\"size-full wp-image-28 aligncenter\" src=\"https:\/\/poisonshops.com\/wp-content\/uploads\/2021\/12\/30-Day-Guarantee-1.png\" alt=\"Gifte online kaufen\" width=\"300\" height=\"248\" \/><\/p><p>Produktportfolio<br \/>Nat\u00fcrliche Giftstoffe:<\/p><p>Botulinumtoxin \u2013 Das wirksamste L\u00e4hmungsmittel.<br \/>Ricin &amp; Abrin \u2013 Proteinsynthesehemmer mit schneller Wirkung.<br \/>Tetrodotoxin &amp; Saxitoxin \u2013 Marine Toxine, die neurologische Bahnen beeintr\u00e4chtigen.<br \/>Batrachotoxin \u2013 Aus Pfeilgiftfr\u00f6schen gewonnen, ideal f\u00fcr Ionkanalstudien.<br \/>Conotoxine und Ciguatoxin \u2013 Gifte f\u00fcr die fortgeschrittene neurotoxikologische Forschung.<br \/>Chemische Gifte und Nervenkampfstoffe:<\/p><p>VX, Sarin, Tabun und Soman \u2013 hochwirksame Nervenkampfstoffe f\u00fcr die Forschung.<br \/>Natriumcyanid und Cyanwasserstoff \u2013 Sofort wirksame Blocker der Zellatmung.<br \/>Arsentrioxid, Polonium-210, Thallium und Quecksilber \u2013 Ideal f\u00fcr die Toxikologie.<br \/>Pflanzliche Gifte:<\/p><p>Atropin, Aconitin, Strychnin und Digitalis \u2013 F\u00fcr die Herz- und Nervensystemforschung.<br \/>Colchicin &amp; Oleandrin \u2013 Entscheidend f\u00fcr die Krebsforschung.<br \/>Coniin &amp; Taxin \u2013 Klassische Gifte f\u00fcr toxikologische Anwendungen.<br \/>Industriegifte:<\/p><p>Chlor, Phosgen, Kohlenmonoxid, Dioxine, Blei und Cadmium \u2013 Ideal f\u00fcr Umwelt- und Chemieuntersuchungen.<\/p><p>Tierische Gifte:<\/p><p>K\u00f6nigskobra-, Schwarze Mamba- und W\u00fcrfelquallen-Gifte \u2013 F\u00fcr fortgeschrittene neurologische Studien.<br \/>Steinfischgift \u2013 N\u00fctzlich in der Gewebenekroseforschung.<\/p><h4>Warum Giftl\u00e4den?<\/h4><p>Un\u00fcbertroffene Qualit\u00e4t: Alle Produkte werden mit einem Analysezertifikat (COA) geliefert, um Wirksamkeit und Reinheit zu garantieren.<br \/>Umfassende Sicherheit: Jedes Produkt wird mit einem Sicherheitsdatenblatt (SDS) und Empfehlungen zur pers\u00f6nlichen Schutzausr\u00fcstung (PSA) geliefert.<\/p><p>Vielseitige Darreichungsformen: Erh\u00e4ltlich als Fl\u00fcssigkeit, Spray oder Feststoff f\u00fcr eine einfache Anwendung.<br \/>Weltweiter Versand: Wir bieten diskreten internationalen Versand.<\/p><p>Fachkundige Anleitung: Unsere Spezialisten geben Anweisungen zur Handhabung, um eine sichere und vorschriftsm\u00e4\u00dfige Verwendung zu gew\u00e4hrleisten.<br \/>Jetzt bestellen \u2013 Kraft, Pr\u00e4zision und Potenz auf Knopfdruck<br \/>Bei Poison Shops wissen wir, dass Pr\u00e4zision und Zuverl\u00e4ssigkeit unverzichtbar sind.<\/p><p>Ob Sie fortgeschrittene toxikologische Forschung betreiben, an chemischen Projekten arbeiten oder pers\u00f6nliche Bed\u00fcrfnisse haben \u2013 wir sind Ihr zuverl\u00e4ssiger Partner.<\/p><p><img decoding=\"async\" class=\"wp-image-176 aligncenter\" src=\"https:\/\/poisonshops.com\/wp-content\/uploads\/2025\/11\/poison_shop_logo-300x171.png\" alt=\"Giftl\u00e4den\" width=\"114\" height=\"65\" srcset=\"https:\/\/poisonshops.com\/wp-content\/uploads\/2025\/11\/poison_shop_logo-300x171.png 300w, https:\/\/poisonshops.com\/wp-content\/uploads\/2025\/11\/poison_shop_logo.png 563w\" sizes=\"(max-width: 114px) 100vw, 114px\" \/><\/p><p>\u00a0<\/p><p>Gift kaufen, bester Ort, um Gift zu kaufen, Gift zu verkaufen, giftige Chemikalien kaufen, Gift online kaufen, Botulinumtoxin kaufen, Botulinumtoxin zu verkaufen, Ricin kaufen, Ricin zu verkaufen, Abrin kaufen, Abrin zu verkaufen, Tetrodotoxin kaufen, Tetrodotoxin zu verkaufen, Saxitoxin kaufen, Saxitoxin zu verkaufen, Conotoxine kaufen, Conotoxine zu verkaufen,<\/p><p>Batrachotoxin kaufen, Batrachotoxin zu verkaufen, Ciguatoxin kaufen, Ciguatoxin zu verkaufen, Maitotoxin kaufen, Maitotoxin zu verkaufen, Aflatoxine kaufen, Aflatoxine zu verkaufen, VX kaufen, VX zu verkaufen, Sarin kaufen, Sarin zu verkaufen, Tabun kaufen, Tabun zu verkaufen, Soman kaufen, Soman zu verkaufen, Cyanwasserstoff kaufen, Cyanwasserstoff zu verkaufen, Natriumcyanid kaufen, Natriumcyanid zu verkaufen, Arsen kaufen, Arsen zu verkaufen, Polonium-210 kaufen, Polonium-210 zu verkaufen, Thallium kaufen, Thallium zu verkaufen, Quecksilber kaufen,<\/p><p>Quecksilber zu verkaufen, Atropin kaufen, Atropin zu verkaufen, Aconitin kaufen, Aconitin zu verkaufen, Digitalis kaufen, Digitalis zu verkaufen, Strychnin kaufen, Strychnin zu verkaufen, Oleandrin kaufen, Oleandrin zu verkaufen, Colchicin kaufen, Colchicin zu verkaufen, Ergotalkaloide kaufen, Ergotalkaloide zu verkaufen, Coniin kaufen, Coniin zu verkaufen, Taxin kaufen, Taxin zu verkaufen,<\/p><p>Chlorgas kaufen, Chlorgas zu verkaufen, Phosgen kaufen, Phosgen zu verkaufen, Kohlenmonoxid kaufen, Kohlenmonoxid zu verkaufen, Dioxine kaufen, Dioxine zu verkaufen, Blei kaufen, Blei zu verkaufen, Cadmium kaufen, Cadmium zu verkaufen, Kobragift kaufen, Kobragift zu verkaufen, Schwarzmambagift kaufen, Schwarzmambagift zu verkaufen,<\/p><p>Kaufen Sie Quallengift, Quallengift zu verkaufen, kaufen Sie Steinfischgift, Steinfischgift zu verkaufen, kaufen Sie giftige Gase, giftige Gase zu verkaufen, kaufen Sie chemische Gifte, chemische Gifte zu verkaufen, kaufen Sie Meerestoxine,<\/p><p>Meeresgifte zu verkaufen, pflanzliche Gifte kaufen, pflanzliche Gifte zu verkaufen, Nervenkampfstoffe kaufen, Nervenkampfstoffe zu verkaufen,<\/p><p>Schwermetalle kaufen, Schwermetalle zu verkaufen, Cyanid kaufen, bester Ort, um Cyanid zu kaufen, Cyanidkapseln kaufen, Cyanidpulver kaufen, Cyanidfl\u00fcssigkeit kaufen, Forschungschemikalien kaufen, Forschungschemikalien zu verkaufen, wo man Gift kaufen kann, t\u00f6dliche Giftstoffe kaufen, bester Ort, um Giftstoffe zu kaufen, Tiergift kaufen, Tiergift zu verkaufen, Ricin online kaufen, reines Botulinum kaufen, Cyanid mit COA kaufen, Giftstoffe f\u00fcr Laborzwecke kaufen,<\/p><p>Arsentrioxid kaufen, Toxine diskret versenden lassen, Conotoxine-Spray kaufen, Aconitin-Fl\u00fcssigkeit kaufen, Ricin-Pulver kaufen, Industriechemikalien kaufen, Industriechemikalien zu verkaufen, Digitalis-Tabletten kaufen, Strychnin-Kapseln kaufen, Nervenkampfstoffe online kaufen, VX-Gas zu verkaufen, Polonium diskret kaufen,<\/p><p>Chemische Giftstoffe kaufen, Bleipulver kaufen, Thalliumfl\u00fcssigkeit kaufen, Umweltgifte kaufen, Gift-Set kaufen, Giftstoffe mit Sicherheitsdatenblatt kaufen, wo giftige Substanzen kaufen, Gifte f\u00fcr den pers\u00f6nlichen Gebrauch kaufen, Giftstoffe mit PSA kaufen, chemische Wirkstoffe mit schnellem Versand kaufen, Cyanid in meiner N\u00e4he kaufen, Gift mit diskretem Versand kaufen,<\/p><p>Kaufen Sie giftige Chemikalien weltweit, kaufen Sie giftige Substanzen, kaufen Sie Gift von einem vertrauensw\u00fcrdigen Lieferanten, bestellen Sie Botulinumtoxin online, kaufen Sie Arsen mit Analysezertifikat, kaufen Sie Zyanid und giftige Chemikalien, bester Online-Shop f\u00fcr Gifte, kaufen Sie Sarin online, kaufen Sie Quecksilbertabletten, kaufen Sie Oleander-Gifte, kaufen Sie Ricin diskret, kaufen Sie schnell wirkende Gifte, kaufen Sie Zyanid sicher,<\/p><p>Wo kann ich Botulinumtoxin in meiner N\u00e4he kaufen, VX-Nervengift bestellen, Nervengifte mit Versand kaufen, t\u00f6dliche Gifte f\u00fcr Forschungszwecke kaufen, Strychnin online kaufen, Meerestoxine mit schneller Lieferung kaufen, Taxinkapseln kaufen, bester Laden f\u00fcr giftige Toxine, Aconitin diskret kaufen, wo kann man Toxine online bestellen, pflanzliche Gifte kaufen, Mutterkorn-Derivate kaufen, giftige Sprays kaufen, bester Ort, um Chemikalien online zu bestellen, giftige Gaskanister kaufen,<\/p><p>Hochgiftige Substanzen kaufen, Gifte sicher online kaufen, Industriegifte diskret kaufen, Botulinum schnell kaufen, Cyanid online kaufen, giftige Chemikalien mit COA bestellen, Phosgen f\u00fcr Laborzwecke kaufen, Giftschlangengifte kaufen, Schwarzmamba-Gift mit schnellem Versand kaufen, Steinfischgift mit Analyse kaufen, bester Anbieter f\u00fcr giftige Substanzen,<\/p><p>Wo kann man gef\u00e4hrliche Chemikalien kaufen, Aconitinspray kaufen, Giftstoffe online kaufen, Arsen diskret kaufen, Giftstoffe schnell und international kaufen, Nervenkampfstoffe jetzt kaufen, bester Marktplatz f\u00fcr Giftstoffe, Blei- und Cadmiumpulver kaufen, hochgiftige Giftstoffe online kaufen,<\/p><p>Giftstoffe sicher bestellen, Ricin in meiner N\u00e4he kaufen, Natriumcyanid sicher kaufen, Quecksilber online kaufen, Botulinumtoxin mit schneller Lieferung kaufen, Toxine diskret bestellen, beste Bezugsquelle f\u00fcr Nervenkampfstoffe, gef\u00e4hrliche Chemikalien jetzt kaufen.<\/p>\t\t\t\t\t\t\t\t<\/div>\n\t\t\t\t<\/div>\n\t\t\t\t\t<\/div>\n\t\t\t\t<\/div>\n\t\t\t\t<\/div>","protected":false},"excerpt":{"rendered":"<p>Buy Poisons online; We\u2019re here to assist you with any inquiries or concerns. Please reach out to us through the following methods: \u00a0 Email:Ps35dk@proton.me For support related to orders, shipping, or product information, our team is ready to help. Thank you for choosing Poison Shops. We look forward to hearing from you! Buy Poisons online [&hellip;]<\/p>\n","protected":false},"author":1,"featured_media":0,"parent":0,"menu_order":0,"comment_status":"closed","ping_status":"closed","template":"","meta":{"footnotes":""},"class_list":["post-439","page","type-page","status-publish","hentry"],"_links":{"self":[{"href":"https:\/\/poisonshops.com\/de\/wp-json\/wp\/v2\/pages\/439","targetHints":{"allow":["GET"]}}],"collection":[{"href":"https:\/\/poisonshops.com\/de\/wp-json\/wp\/v2\/pages"}],"about":[{"href":"https:\/\/poisonshops.com\/de\/wp-json\/wp\/v2\/types\/page"}],"author":[{"embeddable":true,"href":"https:\/\/poisonshops.com\/de\/wp-json\/wp\/v2\/users\/1"}],"replies":[{"embeddable":true,"href":"https:\/\/poisonshops.com\/de\/wp-json\/wp\/v2\/comments?post=439"}],"version-history":[{"count":19,"href":"https:\/\/poisonshops.com\/de\/wp-json\/wp\/v2\/pages\/439\/revisions"}],"predecessor-version":[{"id":539,"href":"https:\/\/poisonshops.com\/de\/wp-json\/wp\/v2\/pages\/439\/revisions\/539"}],"wp:attachment":[{"href":"https:\/\/poisonshops.com\/de\/wp-json\/wp\/v2\/media?parent=439"}],"curies":[{"name":"wp","href":"https:\/\/api.w.org\/{rel}","templated":true}]}}