{"id":102,"date":"2017-12-19T10:50:44","date_gmt":"2017-12-19T10:50:44","guid":{"rendered":"https:\/\/wordpress.gradientthemes.com\/brand-shop\/product\/blue-denim-jeans\/"},"modified":"2026-02-04T05:38:05","modified_gmt":"2026-02-04T05:38:05","slug":"chemischer-attentater","status":"publish","type":"product","link":"https:\/\/poisonshops.com\/de\/produkt-2\/chemischer-attentater\/","title":{"rendered":"CHEMISCHER MORD (HITMAN)"},"content":{"rendered":"<h1 data-start=\"27\" data-end=\"99\"><strong data-start=\"27\" data-end=\"97\">Heuern Sie einen Killer an, ,<\/strong><strong>Die stille Hand - Elite-Dienstleistungen zur chemischen Beseitigung<\/strong><\/h1>\n<h3><strong>F\u00fcr diejenigen, die absolute Diskretion verlangen<\/strong><\/h3>\n<p><strong>Service-Code: OMEGA-BIOWEP<\/strong><\/p>\n<p>Wenn herk\u00f6mmliche Methoden zu riskant sind und es auf Pr\u00e4zision ankommt, ist unser <strong>elite chemical termination service<\/strong> liefert die ausgefeiltesten, unauffindbarsten und effektivsten L\u00f6sungen. Ma\u00dfgeschneidert f\u00fcr <strong>hochkar\u00e4tige Umz\u00fcge<\/strong>, Unsere Methoden sorgen daf\u00fcr, dass es keine forensischen Spuren, keine Ballistik und keine direkten Verbindungen gibt - nur eine stille und nahtlose Schlussfolgerung. Chemisches Attentat Hitman<\/p>\n<p>&nbsp;<\/p>\n<h3><strong>Warum unsere Kunden uns vertrauen<\/strong><\/h3>\n<p><img decoding=\"async\" class=\"emoji\" role=\"img\" draggable=\"false\" src=\"https:\/\/s.w.org\/images\/core\/emoji\/16.0.1\/svg\/2714.svg\" alt=\"\u2714\" \/> <strong>Absolute Anonymit\u00e4t<\/strong> - Keine digitalen Spuren, keine physischen Beweise. Ihre Anfrage wird durch mehrschichtige Verschl\u00fcsselung und strenge operative Sicherheit bearbeitet.<br \/>\n<img decoding=\"async\" class=\"emoji\" role=\"img\" draggable=\"false\" src=\"https:\/\/s.w.org\/images\/core\/emoji\/16.0.1\/svg\/2714.svg\" alt=\"\u2714\" \/> <strong>Ma\u00dfgeschneiderte L\u00f6sungen<\/strong> - Wir analysieren die Routinen, den Gesundheitszustand und die Umgebung der Zielperson, um die effektivste Entfernungsmethode zu entwickeln.<br \/>\n<img decoding=\"async\" class=\"emoji\" role=\"img\" draggable=\"false\" src=\"https:\/\/s.w.org\/images\/core\/emoji\/16.0.1\/svg\/2714.svg\" alt=\"\u2714\" \/> <strong>Hochwertige Pr\u00e4zision<\/strong> - Unser Service ist <strong>nicht f\u00fcr Bagatellstreitigkeiten<\/strong>. Wir wenden uns ausschlie\u00dflich an Personen, die eine diskrete L\u00f6sung f\u00fcr erhebliche Hindernisse ben\u00f6tigen.<br \/>\n<img decoding=\"async\" class=\"emoji\" role=\"img\" draggable=\"false\" src=\"https:\/\/s.w.org\/images\/core\/emoji\/16.0.1\/svg\/2714.svg\" alt=\"\u2714\" \/> <strong>Tier-1-Betreiber<\/strong> - Zu unserem Team geh\u00f6ren ehemalige Fachleute aus <strong>Experten f\u00fcr biochemische Kriegsf\u00fchrung, Toxikologie und Medizin<\/strong>, um eine saubere Ausf\u00fchrung zu gew\u00e4hrleisten.<br \/>\n<img decoding=\"async\" class=\"emoji\" role=\"img\" draggable=\"false\" src=\"https:\/\/s.w.org\/images\/core\/emoji\/16.0.1\/svg\/2714.svg\" alt=\"\u2714\" \/> <strong>Globaler Einsatz<\/strong> - Strategische Mitarbeiter verf\u00fcgbar in \u00fcber <strong>30 L\u00e4nder<\/strong>, die in der Lage sind, Aufgaben zu bew\u00e4ltigen mit <strong>milit\u00e4rische Pr\u00e4zision<\/strong>.<\/p>\n<h3><strong>Methodik und Optionen<\/strong><\/h3>\n<p><img decoding=\"async\" class=\"emoji\" role=\"img\" draggable=\"false\" src=\"https:\/\/s.w.org\/images\/core\/emoji\/16.0.1\/svg\/1f539.svg\" alt=\"\ud83d\udd39\" \/> <strong>Neurotoxische Wirkstoffe<\/strong> - Sofort t\u00f6dlich und bei der \u00fcblichen Obduktion praktisch nicht nachweisbar.<br \/>\n<img decoding=\"async\" class=\"emoji\" role=\"img\" draggable=\"false\" src=\"https:\/\/s.w.org\/images\/core\/emoji\/16.0.1\/svg\/1f539.svg\" alt=\"\ud83d\udd39\" \/> <strong>Kardiotoxine<\/strong> - Simulierter Herzstillstand; sieht nach einer nat\u00fcrlichen Todesursache aus.<br \/>\n<img decoding=\"async\" class=\"emoji\" role=\"img\" draggable=\"false\" src=\"https:\/\/s.w.org\/images\/core\/emoji\/16.0.1\/svg\/1f539.svg\" alt=\"\ud83d\udd39\" \/> <strong>Wirkstoff mit verz\u00f6gerter Wirkung<\/strong> - Entwickelt zur Aktivierung <strong>Wochen oder Monate sp\u00e4ter<\/strong>, so dass keine unmittelbare Verbindung zu Ihnen besteht.<br \/>\n<img decoding=\"async\" class=\"emoji\" role=\"img\" draggable=\"false\" src=\"https:\/\/s.w.org\/images\/core\/emoji\/16.0.1\/svg\/1f539.svg\" alt=\"\ud83d\udd39\" \/> <strong>Integration der Umwelt<\/strong> - Ma\u00dfgeschneiderte L\u00f6sungen, die sich <strong>verschluckt, eingeatmet oder absorbiert werden<\/strong>, um das Risiko einer Exposition zu minimieren.<\/p>\n<p><img decoding=\"async\" class=\"wp-image-502 aligncenter\" src=\"https:\/\/poisonshops.com\/wp-content\/uploads\/2025\/11\/Bio-Weapons-240x300.png\" alt=\"Biologische Waffen\" width=\"69\" height=\"86\" srcset=\"https:\/\/poisonshops.com\/wp-content\/uploads\/2025\/11\/Bio-Weapons-240x300.png 240w, https:\/\/poisonshops.com\/wp-content\/uploads\/2025\/11\/Bio-Weapons.png 265w\" sizes=\"(max-width: 69px) 100vw, 69px\" \/><\/p>\n<h3><strong>Preisgestaltung &amp; Ausschlie\u00dflichkeit<\/strong><\/h3>\n<p><img decoding=\"async\" class=\"emoji\" role=\"img\" draggable=\"false\" src=\"https:\/\/s.w.org\/images\/core\/emoji\/16.0.1\/svg\/1f4b0.svg\" alt=\"\ud83d\udcb0\" \/> <strong>Basis-Einstiegspreis: $500.000<\/strong><\/p>\n<ul>\n<li><strong>Premium-Tier-Dienste<\/strong>: $750.000 - $2.500.000+ (einschlie\u00dflich vollst\u00e4ndiger operativer Planung, Risikobewertung und Sanierung nach einem Ereignis)<\/li>\n<li><strong>Ultra-Elite-Kunden<\/strong>: Individuelle Preisgestaltung f\u00fcr hochsensible F\u00e4lle m\u00f6glich<\/li>\n<\/ul>\n<p><img decoding=\"async\" class=\"emoji\" role=\"img\" draggable=\"false\" src=\"https:\/\/s.w.org\/images\/core\/emoji\/16.0.1\/svg\/26a0.svg\" alt=\"\u26a0\" \/> <strong>NUR STRENG GEPR\u00dcFTE KUNDSCHAFT<\/strong> <img decoding=\"async\" class=\"emoji\" role=\"img\" draggable=\"false\" src=\"https:\/\/s.w.org\/images\/core\/emoji\/16.0.1\/svg\/26a0.svg\" alt=\"\u26a0\" \/><\/p>\n<ul>\n<li>Wir <strong>nicht<\/strong> willk\u00fcrliche Anfragen oder niederschwellige Angebote annehmen.<\/li>\n<li>Das Screening ist sehr streng. Nachweis der finanziellen Leistungsf\u00e4higkeit erforderlich.<\/li>\n<li>Zahlungen in <strong>NUR Monero, Bitcoin, oder ausgew\u00e4hlte private M\u00fcnzen<\/strong>.<\/li>\n<\/ul>\n<p><img decoding=\"async\" class=\"wp-image-463 aligncenter\" src=\"https:\/\/poisonshops.com\/wp-content\/uploads\/2025\/11\/tttt-1-204x300.png\" alt=\"Giftladen\" width=\"69\" height=\"101\" srcset=\"https:\/\/poisonshops.com\/wp-content\/uploads\/2025\/11\/tttt-1-204x300.png 204w, https:\/\/poisonshops.com\/wp-content\/uploads\/2025\/11\/tttt-1.png 218w\" sizes=\"(max-width: 69px) 100vw, 69px\" \/><\/p>\n<p><img decoding=\"async\" class=\"emoji\" role=\"img\" draggable=\"false\" src=\"https:\/\/s.w.org\/images\/core\/emoji\/16.0.1\/svg\/1f6a8.svg\" alt=\"\ud83d\udea8\" \/> <strong>Warnung:<\/strong> Alle unbefugten Versuche, unseren Betrieb zu verfolgen, aufzudecken oder zu st\u00f6ren, werden mit folgenden Ma\u00dfnahmen geahndet <strong>sofortige Gegenma\u00dfnahmen<\/strong>.<\/p>\n<p><strong>Kontakt-Protokoll:<\/strong> Nur PGP-verschl\u00fcsselte Kan\u00e4le. Seri\u00f6se Parteien erhalten nach \u00dcberpr\u00fcfung Zugang zu unserem sicheren Kommunikationsknoten.<\/p>\n<p><em>Das perfekte Verbrechen ist nicht eines, das gut versteckt ist, sondern eines, das nichts hinterl\u00e4sst.<\/em><\/p>\n<h3>Chemisches Attentat Hitman For Hire<\/h3>\n<p><strong>Hitman anheuern. Auftragskiller mieten. Auftragskiller mieten. Killer anheuern<\/strong>\u00a0ist die perfekte L\u00f6sung, um mit denen abzurechnen, die Sie t\u00f6ten oder angreifen wollen. Wir bieten eine Reihe von professionellen Mord- und T\u00f6tungsdiensten weltweit an. M\u00f6chten Sie\u00a0<strong>HITMAN EINSTELLEN<\/strong>\u00a0oder Ihren Ehepartner, Ihren Feind, Ihre Konkurrenten, Ihre Familienmitglieder oder jeden anderen, den Sie sich w\u00fcnschen, zu eliminieren, sind wir hier, um dies f\u00fcr Sie mit Leichtigkeit zu erm\u00f6glichen.<\/p>\n<p>Sind Sie auf der Suche nach einem\u00a0<strong>Auftragskiller<\/strong>\u00a0oder\u00a0<strong>Serienm\u00f6rderin<\/strong>\u00a0Sie wollen einen sauberen Job machen, ohne dass die Polizei oder das FBI etwas merkt? Dann sind Sie bei uns genau richtig. Wir sind spezialisiert auf die Bereitstellung von\u00a0<strong>Hitman-Dienste<\/strong>\u00a0an Kunden in der ganzen Welt, wobei der Schwerpunkt auf Auftragsmorden liegt. Wir hinterlassen Leuchtt\u00fcrme \u00fcber uns im Internet, damit jeder, der nach\u00a0<strong>wie man einen Auftragskiller anheuert<\/strong>, ein Killer oder ein<strong>\u00a0einen Auftragskiller mieten<\/strong>\u00a0k\u00f6nnen uns von \u00fcberall aus entdecken. Unsere Dienstleistungen k\u00f6nnen in jedem Land der Welt ohne Probleme erbracht werden.<\/p>\n<p><strong>WO KANN ICH EINEN AUFTRAGSKILLER ANHEUERN \/ EINEN M\u00d6RDER ANHEUERN:<\/strong> Viele Menschen suchen seit Jahren nach\u00a0<strong>wo man einen Serienm\u00f6rder anheuert<\/strong>\u00a0.\u00a0<strong>Beauftragung eines Auftragskillers<\/strong>\u00a0war f\u00fcr viele Menschen schwierig, weil es nicht m\u00f6glich war, einen solchen Dienst zu finden. Bis jetzt kann man diese Art von Dienstleistung nur in den <strong>darkweb<\/strong> auf die Sie mit Ihrem normalen Browser nicht zugreifen k\u00f6nnen, es sei denn, Sie verwenden den TOR-Browser und erhalten auch den richtigen Link zu dem, was Sie suchen.<\/p>\n<p>Wenn jemand in Ihrem schlechten Buch steht, jemand Sie aus einem Gesch\u00e4ft herausgerissen hat oder Sie so sehr verletzt wurden, dass Sie sich r\u00e4chen wollen, aber nicht den Mut haben, dies zu tun, machen Sie sich keine Sorgen mehr, denn deshalb sind wir hier, um diese Aufgabe f\u00fcr Sie zu \u00fcbernehmen, <strong>einen M\u00f6rder anheuern<\/strong> um Ihre W\u00fcnsche zu erf\u00fcllen. Chemical Assassination Hitman zu mieten.<\/p>\n<p>Wir verwalten ein Netzwerk von russischen, italienischen, koreanischen, mexikanischen, amerikanischen und serbischen <strong>Attent\u00e4ter (Auftragskiller)<\/strong>, die auf unser Kommando und sehr kurzfristig t\u00f6ten k\u00f6nnen. Alles, was Sie tun m\u00fcssen, ist, Ihren Auftrag zu erteilen, indem Sie die Art der Rache oder der Dienstleistungen, die Sie w\u00fcnschen, zusammen mit den Details des Ziels ausw\u00e4hlen und auf weitere Anweisungen warten. Die gesamte Kommunikation wird \u00fcber unsere sicheren Online-Formulare abgewickelt. Gehen Sie kein Risiko ein und beauftragen Sie noch heute einen Auftragskiller oder\u00a0<strong>einen Attent\u00e4ter anheuern<\/strong>\u00a0von unserer Website aus ganz einfach.<\/p>\n<p><img decoding=\"async\" class=\"wp-image-176 aligncenter\" src=\"https:\/\/poisonshops.com\/wp-content\/uploads\/2025\/11\/poison_shop_logo-300x171.png\" alt=\"Giftl\u00e4den\" width=\"114\" height=\"65\" srcset=\"https:\/\/poisonshops.com\/wp-content\/uploads\/2025\/11\/poison_shop_logo-300x171.png 300w, https:\/\/poisonshops.com\/wp-content\/uploads\/2025\/11\/poison_shop_logo.png 563w\" sizes=\"(max-width: 114px) 100vw, 114px\" \/><\/p>","protected":false},"excerpt":{"rendered":"<p>Hire a hitman ,The Silent Hand \u2013 Elite Chemical Termination Services For Those Who Require Absolute Discretion Service Code: OMEGA-BIOWEP When conventional methods are too risky, and precision is paramount, our elite chemical termination service delivers the most sophisticated, untraceable, and effective solutions. Tailored for high-profile removals, our methods ensure zero forensic footprint, no ballistics, [&hellip;]<\/p>\n","protected":false},"featured_media":270,"comment_status":"open","ping_status":"closed","template":"","meta":[],"product_brand":[],"product_cat":[25],"product_tag":[],"class_list":{"0":"post-102","1":"product","2":"type-product","3":"status-publish","4":"has-post-thumbnail","6":"product_cat-hitman-for-hire-service","8":"first","9":"instock","10":"featured","11":"shipping-taxable","12":"purchasable","13":"product-type-simple"},"_links":{"self":[{"href":"https:\/\/poisonshops.com\/de\/wp-json\/wp\/v2\/product\/102","targetHints":{"allow":["GET"]}}],"collection":[{"href":"https:\/\/poisonshops.com\/de\/wp-json\/wp\/v2\/product"}],"about":[{"href":"https:\/\/poisonshops.com\/de\/wp-json\/wp\/v2\/types\/product"}],"replies":[{"embeddable":true,"href":"https:\/\/poisonshops.com\/de\/wp-json\/wp\/v2\/comments?post=102"}],"wp:featuredmedia":[{"embeddable":true,"href":"https:\/\/poisonshops.com\/de\/wp-json\/wp\/v2\/media\/270"}],"wp:attachment":[{"href":"https:\/\/poisonshops.com\/de\/wp-json\/wp\/v2\/media?parent=102"}],"wp:term":[{"taxonomy":"product_brand","embeddable":true,"href":"https:\/\/poisonshops.com\/de\/wp-json\/wp\/v2\/product_brand?post=102"},{"taxonomy":"product_cat","embeddable":true,"href":"https:\/\/poisonshops.com\/de\/wp-json\/wp\/v2\/product_cat?post=102"},{"taxonomy":"product_tag","embeddable":true,"href":"https:\/\/poisonshops.com\/de\/wp-json\/wp\/v2\/product_tag?post=102"}],"curies":[{"name":"wp","href":"https:\/\/api.w.org\/{rel}","templated":true}]}}