{"id":103,"date":"2017-12-19T10:50:33","date_gmt":"2017-12-19T10:50:33","guid":{"rendered":"https:\/\/wordpress.gradientthemes.com\/brand-shop\/product\/basic-gray-jeans\/"},"modified":"2026-04-16T01:29:43","modified_gmt":"2026-04-16T01:29:43","slug":"aconitingift","status":"publish","type":"product","link":"https:\/\/poisonshops.com\/de\/produkt-2\/aconitingift\/","title":{"rendered":"Aconitin-Gift"},"content":{"rendered":"<h2>Aconitin-Gift zu verkaufen<\/h2>\n<h4>\u00dcbersicht<\/h4>\n<p>Aconitin ist ein hochgiftiges Alkaloid, das in verschiedenen Arten von Pflanzen der Gattung Aconitum vorkommt, die gemeinhin als Eisenhut oder Aconitum bekannt sind. Es ist ber\u00fcchtigt f\u00fcr seine starken kardiotoxischen und neurotoxischen Wirkungen.<\/p>\n<h4>Mechanismus der Wirkung<\/h4>\n<p>Aconitin wirkt durch Bindung an und Aktivierung von spannungsgesteuerten Natriumkan\u00e4len in Nerven- und Muskelzellen. Dies f\u00fchrt zu einer verl\u00e4ngerten Depolarisation der Zellmembranen, wodurch die normale elektrische Aktivit\u00e4t im Herzen und im Nervensystem gest\u00f6rt wird.<\/p>\n<h4>Wie es funktioniert<\/h4>\n<p>Die Exposition gegen\u00fcber Aconitin kann durch Verschlucken oder Hautkontakt mit kontaminierten Pflanzen oder pflanzlichen Zubereitungen erfolgen. Es wirkt sich rasch auf das Herz-Kreislauf- und Nervensystem aus und f\u00fchrt zu Symptomen wie Herzrhythmusst\u00f6rungen, Krampfanf\u00e4llen und Atemstillstand.<\/p>\n<h4>Erforderliche Menge, um Schaden zu verursachen<\/h4>\n<p>Aconitin ist \u00e4u\u00dferst wirksam, und schon geringe Mengen k\u00f6nnen t\u00f6dlich sein. Die t\u00f6dliche Dosis kann sehr unterschiedlich sein und h\u00e4ngt von Faktoren wie dem Gesundheitszustand der Person und der Aconitin-Konzentration in der Pflanze oder Zubereitung ab.<\/p>\n<h4>Anzeichen und Symptome<\/h4>\n<p>Zu den Symptomen einer Aconitin-Vergiftung geh\u00f6ren:<\/p>\n<ul>\n<li><strong>Fr\u00fchsymptome<\/strong>: Taubheitsgef\u00fchl und Kribbeln im Mund und in den Extremit\u00e4ten.<\/li>\n<li><strong>Fortschreitende Symptome<\/strong>: Schwere \u00dcbelkeit, Erbrechen, Bauchschmerzen, unregelm\u00e4\u00dfiger Herzschlag, Muskelschw\u00e4che und potenziell t\u00f6dliche Herzrhythmusst\u00f6rungen.<\/li>\n<\/ul>\n<h4>Quellen und Verteilung<\/h4>\n<p>Aconitin kommt haupts\u00e4chlich in den Wurzeln, Bl\u00e4ttern und Samen von Pflanzen der Gattung Aconitum vor, die weltweit in den gem\u00e4\u00dfigten Zonen verbreitet sind. Sie werden in der traditionellen Medizin und als Zierpflanzen verwendet.<\/p>\n<h4>Erkennung und Behandlung<\/h4>\n<ul>\n<li><strong>Erkennung<\/strong>: Die Diagnose basiert auf den Symptomen und einer Exposition gegen\u00fcber Eisenhut-haltigen Pflanzen oder Zubereitungen in der Vergangenheit.<\/li>\n<li><strong>Behandlung<\/strong>: Es gibt kein spezifisches Antidot f\u00fcr Aconitin-Vergiftungen. Die Behandlung konzentriert sich auf unterst\u00fctzende Ma\u00dfnahmen, einschlie\u00dflich der Unterst\u00fctzung der Atmung und des Herz-Kreislauf-Systems, sowie auf eine gastrointestinale Dekontamination, wenn die Einnahme erst k\u00fcrzlich erfolgt ist.<\/li>\n<\/ul>\n<p><img decoding=\"async\" class=\"wp-image-463 aligncenter\" src=\"https:\/\/poisonshops.com\/wp-content\/uploads\/2025\/11\/tttt-1-204x300.png\" alt=\"Giftladen\" width=\"65\" height=\"95\" srcset=\"https:\/\/poisonshops.com\/wp-content\/uploads\/2025\/11\/tttt-1-204x300.png 204w, https:\/\/poisonshops.com\/wp-content\/uploads\/2025\/11\/tttt-1.png 218w\" sizes=\"(max-width: 65px) 100vw, 65px\" \/><\/p>\n<h4>Pr\u00e4vention<\/h4>\n<ul>\n<li><strong>Sicherheitsma\u00dfnahmen<\/strong>: Vermeiden Sie den Umgang mit oder den Verzehr von Wildpflanzen der Gattung Aconitum. Eine angemessene Aufkl\u00e4rung und Sensibilisierung sind f\u00fcr die Vermeidung von Vergiftungsunf\u00e4llen von entscheidender Bedeutung.<\/li>\n<\/ul>\n<h4>Schlussfolgerung<\/h4>\n<p>Aconitin ist ein hochgiftiges Alkaloid, das in Pflanzen der Gattung Aconitum vorkommt und f\u00fcr seine schweren kardiotoxischen und neurotoxischen Wirkungen bekannt ist. Das Verst\u00e4ndnis der Wirkungsmechanismen, der Vergiftungssymptome und geeigneter Sicherheitsma\u00dfnahmen ist entscheidend, um eine versehentliche Exposition zu verhindern und eine rasche medizinische Behandlung zu gew\u00e4hrleisten. <span class=\"single-product-category\">Forschungschemikalien kaufen, Forschungschemikalien zum Verkauf.<strong> Kaufen Sie Gifte und Toxine anonym.<\/strong><\/span><\/p>\n<p><img decoding=\"async\" class=\"wp-image-502 aligncenter\" src=\"https:\/\/poisonshops.com\/wp-content\/uploads\/2025\/11\/Bio-Weapons-240x300.png\" alt=\"Biologische Waffen\" width=\"73\" height=\"91\" srcset=\"https:\/\/poisonshops.com\/wp-content\/uploads\/2025\/11\/Bio-Weapons-240x300.png 240w, https:\/\/poisonshops.com\/wp-content\/uploads\/2025\/11\/Bio-Weapons.png 265w\" sizes=\"(max-width: 73px) 100vw, 73px\" \/><\/p>\n<h4>Forschungschemikalien zu verkaufen<\/h4>\n<p>Aconitin ist ein hochgiftiges Alkaloid, das in Pflanzen der Gattung Aconitum vorkommt und f\u00fcr seine schweren kardiotoxischen und neurotoxischen Wirkungen bekannt ist. Das Verst\u00e4ndnis der Wirkungsmechanismen, der Vergiftungssymptome und geeigneter Sicherheitsma\u00dfnahmen ist entscheidend, um eine versehentliche Exposition zu verhindern und eine rasche medizinische Behandlung zu gew\u00e4hrleisten.<\/p>\n<p>Die Exposition gegen\u00fcber Aconitin kann durch Verschlucken oder Hautkontakt mit kontaminierten Pflanzen oder pflanzlichen Zubereitungen erfolgen. Es wirkt sich rasch auf das Herz-Kreislauf- und Nervensystem aus und f\u00fchrt zu Symptomen wie Herzrhythmusst\u00f6rungen, Krampfanf\u00e4llen und Atemstillstand.<\/p>\n<p><span class=\"kY2IgmnCmOGjharHErah\">Bester Ort, um Zyanid, Arsen und Pflanzengifte zu kaufen - COA Provided Bio Weapons: Kaufen Sie Gifte und Toxine, kaufen Sie VX-Nervenmittel, Aconitin, Arsen, Batrachotoxin, Botulinumtoxin, Zyanid, Dimethylquecksilber, Maitotoxin, Polonium-210, Ricin-Gift, Sarin-Gift, Tetrodotoxin-Gift<\/span><\/p>\n<p><span class=\"kY2IgmnCmOGjharHErah\">Poisons For Sale Shop Aconitin-Vergiftungen sind heute selten, aber sie treten immer noch durch versehentliche Einnahme von Pflanzenmaterial oder vors\u00e4tzliche Vergiftung auf. Aconitin-Gift online kaufen.<\/span><\/p>\n<p><span class=\"kY2IgmnCmOGjharHErah\"><b>Aconitin<\/b> <b>Gift<\/b> ist ein hochgiftiges Alkaloid, das in verschiedenen Pflanzenarten der Gattung Aconitum vorkommt, die gemeinhin als Eisenhut oder Aconitum bekannt sind. Es ist ber\u00fcchtigt f\u00fcr seine starken kardiotoxischen und neurotoxischen Wirkungen.research chemicals for sale Wirkmechanismus <b>Aconitin<\/b> wirkt durch Bindung an und Aktivierung von spannungsabh\u00e4ngigen Natriumkan\u00e4len in Nerven- und Muskelzellen. Dies f\u00fchrt <\/span><\/p>\n<p><span class=\"kY2IgmnCmOGjharHErah\">Atropin, <b>Aconitin<\/b>, Strychnin und Digitalis - F\u00fcr die Forschung im Bereich Herz und Nervensystem. Colchicin &amp; Oleandrin - Entscheidend f\u00fcr die Krebsforschung. Coniin &amp; Taxin - Klassiker <b>Gifte<\/b> f\u00fcr toxikologische Anwendungen.<\/span><\/p>\n<p><span class=\"kY2IgmnCmOGjharHErah\"> <b>Aconitin<\/b>, <b>Aconitin<\/b> und Muskeln, <b>Aconitin<\/b> und Nervensystem, <b>Aconitin<\/b> und Atemstillstand, <b>Aconitin<\/b> Bakterien, <b>Aconitin<\/b> Erkennung, <b>Aconitin<\/b> in Pflanzen, <b>Aconitin<\/b> in Meeresfr\u00fcchten, <b>Aconitin<\/b> Vergiftungssymptome, <b>Aconitin<\/b> Statistiken, <b>Aconitin<\/b> Therapie, Antidot f\u00fcr <b>Aconitin<\/b>, <\/span><\/p>\n<p><img decoding=\"async\" class=\"wp-image-176 aligncenter\" src=\"https:\/\/poisonshops.com\/wp-content\/uploads\/2025\/11\/poison_shop_logo-300x171.png\" alt=\"Giftl\u00e4den\" width=\"91\" height=\"52\" srcset=\"https:\/\/poisonshops.com\/wp-content\/uploads\/2025\/11\/poison_shop_logo-300x171.png 300w, https:\/\/poisonshops.com\/wp-content\/uploads\/2025\/11\/poison_shop_logo.png 563w\" sizes=\"(max-width: 91px) 100vw, 91px\" \/><\/p>","protected":false},"excerpt":{"rendered":"<p>Aconitine Poison For Sale Overview Aconitine is a highly toxic alkaloid found in various species of plants belonging to the Aconitum genus, commonly known as aconite or monkshood. It is infamous for its potent cardiotoxic and neurotoxic effects. Mechanism of Action Aconitine acts by binding to and activating voltage-gated sodium channels in nerve and muscle [&hellip;]<\/p>\n","protected":false},"featured_media":272,"comment_status":"open","ping_status":"closed","template":"","meta":[],"product_brand":[],"product_cat":[17],"product_tag":[],"class_list":{"0":"post-103","1":"product","2":"type-product","3":"status-publish","4":"has-post-thumbnail","6":"product_cat-poisons-for-sale","8":"first","9":"instock","10":"featured","11":"shipping-taxable","12":"purchasable","13":"product-type-variable"},"_links":{"self":[{"href":"https:\/\/poisonshops.com\/de\/wp-json\/wp\/v2\/product\/103","targetHints":{"allow":["GET"]}}],"collection":[{"href":"https:\/\/poisonshops.com\/de\/wp-json\/wp\/v2\/product"}],"about":[{"href":"https:\/\/poisonshops.com\/de\/wp-json\/wp\/v2\/types\/product"}],"replies":[{"embeddable":true,"href":"https:\/\/poisonshops.com\/de\/wp-json\/wp\/v2\/comments?post=103"}],"wp:featuredmedia":[{"embeddable":true,"href":"https:\/\/poisonshops.com\/de\/wp-json\/wp\/v2\/media\/272"}],"wp:attachment":[{"href":"https:\/\/poisonshops.com\/de\/wp-json\/wp\/v2\/media?parent=103"}],"wp:term":[{"taxonomy":"product_brand","embeddable":true,"href":"https:\/\/poisonshops.com\/de\/wp-json\/wp\/v2\/product_brand?post=103"},{"taxonomy":"product_cat","embeddable":true,"href":"https:\/\/poisonshops.com\/de\/wp-json\/wp\/v2\/product_cat?post=103"},{"taxonomy":"product_tag","embeddable":true,"href":"https:\/\/poisonshops.com\/de\/wp-json\/wp\/v2\/product_tag?post=103"}],"curies":[{"name":"wp","href":"https:\/\/api.w.org\/{rel}","templated":true}]}}