{"id":105,"date":"2017-12-19T10:30:57","date_gmt":"2017-12-19T10:30:57","guid":{"rendered":"https:\/\/wordpress.gradientthemes.com\/brand-shop\/product\/blue-denim-shorts\/"},"modified":"2025-12-06T14:56:29","modified_gmt":"2025-12-06T14:56:29","slug":"batrachotoxin-gift","status":"publish","type":"product","link":"https:\/\/poisonshops.com\/de\/produkt-2\/batrachotoxin-gift\/","title":{"rendered":"Batrachotoxin-Gift"},"content":{"rendered":"<h2>Batrachotoxin-Gift zu verkaufen<\/h2>\n<h4>\u00dcbersicht<\/h4>\n<p>Batrachotoxin ist ein starkes steroidales Alkaloid-Neurotoxin, das in bestimmten Froscharten, insbesondere in der Gattung\u00a0<em>Phyllobates<\/em> (Pfeilgiftfr\u00f6sche). Es ist eine der giftigsten Substanzen, die dem Menschen bekannt sind. Kaufen Sie Gifte und Toxine anonym.<\/p>\n<h4>Mechanismus der Wirkung<\/h4>\n<p>Batrachotoxin wirkt, indem es sich dauerhaft an Natriumkan\u00e4le in Nervenzellmembranen bindet und sie daran hindert, sich zu schlie\u00dfen. Dies f\u00fchrt zu einer verl\u00e4ngerten Depolarisationsphase und hindert die Nervenzellen daran, Signale ordnungsgem\u00e4\u00df weiterzuleiten.<\/p>\n<h4>Wie es funktioniert<\/h4>\n<p>Eine Exposition gegen\u00fcber Batrachotoxin kann durch Hautkontakt oder die Aufnahme kontaminierter Beutetiere erfolgen. Es beeintr\u00e4chtigt die Nervenfunktion und f\u00fchrt zu L\u00e4hmungen, Herzrhythmusst\u00f6rungen und potenziell t\u00f6dlichem Atemstillstand.<\/p>\n<h4>Erforderliche Menge, um Schaden zu verursachen<\/h4>\n<p>Die t\u00f6dliche Dosis von Batrachotoxin ist extrem gering; Sch\u00e4tzungen zufolge kann ein einziges Milligramm t\u00f6dlich sein, wenn es \u00fcber die Haut aufgenommen oder verschluckt wird. Batrachotoxin-Gift zu verkaufen.<\/p>\n<p><img decoding=\"async\" class=\"wp-image-463 aligncenter\" src=\"https:\/\/poisonshops.com\/wp-content\/uploads\/2025\/11\/tttt-1-204x300.png\" alt=\"Giftladen\" width=\"52\" height=\"76\" srcset=\"https:\/\/poisonshops.com\/wp-content\/uploads\/2025\/11\/tttt-1-204x300.png 204w, https:\/\/poisonshops.com\/wp-content\/uploads\/2025\/11\/tttt-1.png 218w\" sizes=\"(max-width: 52px) 100vw, 52px\" \/><\/p>\n<h4>Anzeichen und Symptome<\/h4>\n<p>Zu den Symptomen einer Batrachotoxin-Vergiftung geh\u00f6ren:<\/p>\n<ul>\n<li><strong>Fr\u00fchsymptome<\/strong>: Taubheitsgef\u00fchl und Kribbeln im Mund und in den Extremit\u00e4ten.<\/li>\n<li><strong>Fortschreitende Symptome<\/strong>: Muskelschw\u00e4che, L\u00e4hmungen, Atemnot und m\u00f6glicherweise Herzstillstand.<\/li>\n<\/ul>\n<h4>Quellen und Verteilung<\/h4>\n<p>Batrachotoxin kommt vor allem in bestimmten Arten von Pfeilgiftfr\u00f6schen vor, die in Mittel- und S\u00fcdamerika, insbesondere in Kolumbien, heimisch sind.<\/p>\n<h4>Erkennung und Behandlung<\/h4>\n<ul>\n<li><strong>Erkennung<\/strong>: Die Diagnose basiert auf den Symptomen und einer Vorgeschichte, die auf den Kontakt mit Pfeilgiftfr\u00f6schen oder deren Sekreten hindeutet.<\/li>\n<li><strong>Behandlung<\/strong>: Es gibt kein spezifisches Antidot f\u00fcr Batrachotoxin-Vergiftungen. Die Behandlung konzentriert sich auf unterst\u00fctzende Ma\u00dfnahmen, einschlie\u00dflich der Unterst\u00fctzung der Atmung und des Managements von kardialen Komplikationen. Batrachotoxin (EVT-334836) kaufen.<\/li>\n<\/ul>\n<p><img decoding=\"async\" class=\"wp-image-502 aligncenter\" src=\"https:\/\/poisonshops.com\/wp-content\/uploads\/2025\/11\/Bio-Weapons-240x300.png\" alt=\"Biologische Waffen\" width=\"72\" height=\"90\" srcset=\"https:\/\/poisonshops.com\/wp-content\/uploads\/2025\/11\/Bio-Weapons-240x300.png 240w, https:\/\/poisonshops.com\/wp-content\/uploads\/2025\/11\/Bio-Weapons.png 265w\" sizes=\"(max-width: 72px) 100vw, 72px\" \/><\/p>\n<h4>Pr\u00e4vention<\/h4>\n<ul>\n<li><strong>Sicherheitsma\u00dfnahmen<\/strong>: Vermeiden Sie den Umgang mit wild gefangenen Pfeilgiftfr\u00f6schen oder deren Ausscheidungen. Angemessene Ausbildung und Vorsichtsma\u00dfnahmen sind f\u00fcr diejenigen, die in Umgebungen arbeiten, in denen diese Fr\u00f6sche vorkommen, unerl\u00e4sslich.<\/li>\n<\/ul>\n<h4>Schlussfolgerung<\/h4>\n<p>Batrachotoxin ist ein extrem starkes Neurotoxin, das in Pfeilgiftfr\u00f6schen vorkommt und beim Menschen schwere und potenziell t\u00f6dliche Vergiftungen hervorrufen kann. Das Wissen um die Auswirkungen, die Quellen und die geeigneten Sicherheitsma\u00dfnahmen ist entscheidend, um eine versehentliche Exposition zu verhindern. Anonym Gifte und Toxine kaufen.<\/p>\n<h3>Batrachotoxin-Gift online kaufen<\/h3>\n<p><img decoding=\"async\" class=\"wp-image-176 aligncenter\" src=\"https:\/\/poisonshops.com\/wp-content\/uploads\/2025\/11\/poison_shop_logo-300x171.png\" alt=\"Giftl\u00e4den\" width=\"123\" height=\"70\" srcset=\"https:\/\/poisonshops.com\/wp-content\/uploads\/2025\/11\/poison_shop_logo-300x171.png 300w, https:\/\/poisonshops.com\/wp-content\/uploads\/2025\/11\/poison_shop_logo.png 563w\" sizes=\"(max-width: 123px) 100vw, 123px\" \/><\/p>","protected":false},"excerpt":{"rendered":"<p>Batrachotoxin Poison For Sale Overview Batrachotoxin is a potent steroidal alkaloid neurotoxin found in certain species of frogs, particularly in the genus\u00a0Phyllobates (poison dart frogs). It is one of the most toxic substances known to humans. Buy poisons and toxins anonymously. Mechanism of Action Batrachotoxin acts by permanently binding to sodium channels in nerve cell [&hellip;]<\/p>\n","protected":false},"featured_media":285,"comment_status":"open","ping_status":"closed","template":"","meta":[],"product_brand":[],"product_cat":[17],"product_tag":[],"class_list":{"0":"post-105","1":"product","2":"type-product","3":"status-publish","4":"has-post-thumbnail","6":"product_cat-poisons-for-sale","8":"first","9":"instock","10":"featured","11":"shipping-taxable","12":"purchasable","13":"product-type-variable"},"_links":{"self":[{"href":"https:\/\/poisonshops.com\/de\/wp-json\/wp\/v2\/product\/105","targetHints":{"allow":["GET"]}}],"collection":[{"href":"https:\/\/poisonshops.com\/de\/wp-json\/wp\/v2\/product"}],"about":[{"href":"https:\/\/poisonshops.com\/de\/wp-json\/wp\/v2\/types\/product"}],"replies":[{"embeddable":true,"href":"https:\/\/poisonshops.com\/de\/wp-json\/wp\/v2\/comments?post=105"}],"wp:featuredmedia":[{"embeddable":true,"href":"https:\/\/poisonshops.com\/de\/wp-json\/wp\/v2\/media\/285"}],"wp:attachment":[{"href":"https:\/\/poisonshops.com\/de\/wp-json\/wp\/v2\/media?parent=105"}],"wp:term":[{"taxonomy":"product_brand","embeddable":true,"href":"https:\/\/poisonshops.com\/de\/wp-json\/wp\/v2\/product_brand?post=105"},{"taxonomy":"product_cat","embeddable":true,"href":"https:\/\/poisonshops.com\/de\/wp-json\/wp\/v2\/product_cat?post=105"},{"taxonomy":"product_tag","embeddable":true,"href":"https:\/\/poisonshops.com\/de\/wp-json\/wp\/v2\/product_tag?post=105"}],"curies":[{"name":"wp","href":"https:\/\/api.w.org\/{rel}","templated":true}]}}