{"id":106,"date":"2017-12-19T09:56:35","date_gmt":"2017-12-19T09:56:35","guid":{"rendered":"https:\/\/wordpress.gradientthemes.com\/brand-shop\/product\/lemons-tshirt\/"},"modified":"2025-12-06T15:08:12","modified_gmt":"2025-12-06T15:08:12","slug":"botulinumtoxin-kaufen","status":"publish","type":"product","link":"https:\/\/poisonshops.com\/de\/produkt-2\/botulinumtoxin-kaufen\/","title":{"rendered":"Botulinumtoxin (Autopsie kann Todesursache nicht feststellen)"},"content":{"rendered":"<h2>Botulinumtoxin online kaufen<\/h2>\n<p><strong>\u00a0Wenn Sie auf der Suche nach weg zu begehen stillen Mord, Mord, was auch Autopsie kann nicht zeigen, die Ursache der dead.Botulinumtoxin ist die Antwort. Kaufen Botulinumtoxin Online.<\/strong><\/p>\n<h4>\u00dcbersicht<\/h4>\n<p>Botulinumtoxin ist ein neurotoxisches Protein, das von dem Bakterium\u00a0<em>Clostridium botulinum<\/em>. Es ist eines der st\u00e4rksten bekannten Toxine und kann schon in kleinen Mengen t\u00f6dlich sein. Trotz seiner Toxizit\u00e4t wird es sowohl in der Medizin als auch in der Kosmetik weit verbreitet eingesetzt. Botulinumtoxine online zu Gro\u00dfhandelspreisen kaufen.<\/p>\n<h4>Mechanismus der Wirkung<\/h4>\n<p>Botulinumtoxin blockiert die Freisetzung von Acetylcholin, einem f\u00fcr die Muskelkontraktion verantwortlichen Neurotransmitter, an der neuromuskul\u00e4ren Verbindungsstelle. Diese Hemmung f\u00fchrt zu einer Muskell\u00e4hmung, wodurch die Muskelaktivit\u00e4t wirksam reduziert wird.<\/p>\n<h4>Wie es t\u00f6tet<\/h4>\n<p>Die durch Botulinumtoxin verursachte L\u00e4hmung kann zu einem Atemstillstand f\u00fchren, da die an der Atmung beteiligten Muskeln betroffen sind. Ohne Intervention kann dies zum Tod f\u00fchren. Die Wirkung des Toxins auf die autonomen Nervenenden kann auch verschiedene unwillk\u00fcrliche K\u00f6rperfunktionen st\u00f6ren.<\/p>\n<h4>Zum T\u00f6ten ben\u00f6tigte Menge<\/h4>\n<p>Die gesch\u00e4tzte t\u00f6dliche Dosis (LD50) von Botulinumtoxin betr\u00e4gt beim Menschen etwa 1-2 Nanogramm pro Kilogramm K\u00f6rpergewicht, wenn es eingeatmet wird, und noch weniger, wenn es injiziert wird. Das bedeutet, dass weniger als ein Mikrogramm f\u00fcr einen Erwachsenen potenziell t\u00f6dlich sein kann.<\/p>\n<h4>Anzeichen und Symptome<\/h4>\n<p>Zu den Symptomen einer Botulinumtoxin-Vergiftung geh\u00f6ren:<\/p>\n<ul>\n<li><strong>Erste Symptome<\/strong>: Doppeltsehen, h\u00e4ngende Augenlider und Schw\u00e4che im Gesicht.<\/li>\n<li><strong>Fortschreitende Symptome<\/strong>: Schluckbeschwerden, undeutliche Sprache und allgemeine Muskelschw\u00e4che.<\/li>\n<li><strong>Schwere Symptome<\/strong>: Atemstillstand aufgrund einer Zwerchfelll\u00e4hmung, die t\u00f6dlich sein kann, wenn sie nicht sofort behandelt wird.<\/li>\n<\/ul>\n<h4>Formulare und Antr\u00e4ge<\/h4>\n<p>Botulinumtoxin wird sowohl in der Medizin als auch in der Kosmetik eingesetzt:<\/p>\n<ul>\n<li><strong>Kosmetische Verwendung<\/strong>: Reduziert Falten im Gesicht durch vor\u00fcbergehende L\u00e4hmung der Muskeln.<\/li>\n<li><strong>Medizinische Verwendung<\/strong>: Zur Behandlung von Erkrankungen wie chronischer Migr\u00e4ne, Muskelspastik, Hyperhidrose (\u00fcberm\u00e4\u00dfiges Schwitzen) und Schielen (Strabismus).<\/li>\n<\/ul>\n<h4>Anwesenheit und Quellen<\/h4>\n<p>Botulinumtoxin findet sich in:<\/p>\n<ul>\n<li><strong>Kontaminierte Lebensmittel<\/strong>: Unsachgem\u00e4\u00df konservierte oder haltbar gemachte Lebensmittel k\u00f6nnen die Bakterien beherbergen, was zu lebensmittelbedingtem Botulismus f\u00fchren kann.<\/li>\n<li><strong>B\u00f6den und Wasser<\/strong>: Die Bakterien kommen in diesen Umgebungen nat\u00fcrlich vor, obwohl F\u00e4lle von Umweltexposition selten sind.<\/li>\n<li><strong>Medizinische Pr\u00e4parate<\/strong>: Gereinigte und verd\u00fcnnte Formen werden unter \u00e4rztlicher Aufsicht zu therapeutischen und kosmetischen Zwecken verwendet.<\/li>\n<\/ul>\n<h4>Sichere Handhabung<\/h4>\n<p>Der Umgang mit Botulinumtoxin erfordert strenge Sicherheitsma\u00dfnahmen:<\/p>\n<ul>\n<li><strong>Ausbildung<\/strong>: Nur geschulte Fachleute sollten mit dem Toxin umgehen.<\/li>\n<li><strong>Schutzausr\u00fcstung<\/strong>: Handschuhe, Masken und Augenschutz verwenden, um das Expositionsrisiko zu minimieren.<\/li>\n<li><strong>Richtige Lagerung<\/strong>: In sicheren, beschrifteten Beh\u00e4ltern bei den empfohlenen Temperaturen aufbewahren, um eine Zersetzung zu verhindern.<\/li>\n<li><strong>Entsorgung<\/strong>: Befolgen Sie die spezifischen Richtlinien f\u00fcr die Entsorgung von Materialien, die mit dem Gift in Ber\u00fchrung gekommen sind, um eine Kontamination zu vermeiden.<\/li>\n<\/ul>\n<ul>\n<li><\/li>\n<\/ul>\n<h4>Schlussfolgerung<\/h4>\n<p>Wir verwenden das wirksamste Gift, das auf dem Markt erh\u00e4ltlich ist. Schon wenige Nanogramm, die in Lebensmittel injiziert werden, reichen aus, um irreversible Sch\u00e4den zu verursachen, oder wenige Gramm Gift, die zum Tod f\u00fchren.<br \/>\nUnsere Formel enth\u00e4lt ein maskiertes Serum, um die Autopsie zu erschweren. Sie werden denken, dass das Opfer eine Lebensmittelvergiftung oder etwas \u00c4hnliches hatte, mehr nicht.<\/p>\n<h2>Wie lange wirken Botulinumtoxine?<\/h2>\n<p>Die Dauer der Wirkung von Botulinumtoxin h\u00e4ngt von der Toxinformulierung, der Dosierung, der Injektionsstelle und den individuellen Eigenschaften des Patienten ab. Im Allgemeinen h\u00e4lt die therapeutische Wirkung sowohl bei kosmetischen Anwendungen als auch bei medizinischen Behandlungen 3 bis 12 Monate an. Nach einigen Monaten der Verabreichung kommt es zu einer allm\u00e4hlichen Reinnervation und Wiederherstellung der neuromuskul\u00e4ren Funktion. Dies macht wiederholte Injektionen erforderlich, um die gew\u00fcnschten Ergebnisse aufrechtzuerhalten.<\/p>\n<p><img decoding=\"async\" class=\"wp-image-463 aligncenter\" src=\"https:\/\/poisonshops.com\/wp-content\/uploads\/2025\/11\/tttt-1-204x300.png\" alt=\"Giftladen\" width=\"60\" height=\"88\" srcset=\"https:\/\/poisonshops.com\/wp-content\/uploads\/2025\/11\/tttt-1-204x300.png 204w, https:\/\/poisonshops.com\/wp-content\/uploads\/2025\/11\/tttt-1.png 218w\" sizes=\"(max-width: 60px) 100vw, 60px\" \/><\/p>\n<h2>Botulinumtoxin-Nebenwirkungen<\/h2>\n<p>Obwohl Behandlungen mit Botulinumtoxin im Allgemeinen gut vertr\u00e4glich sind, k\u00f6nnen sie auch unerw\u00fcnschte Wirkungen haben.<\/p>\n<h3>Lokalisierte Reaktionen an Injektionsstellen<\/h3>\n<p>Dies ist die h\u00e4ufigste Nebenwirkung. Sie beinhaltet:<\/p>\n<ul>\n<li>Erythema<\/li>\n<li>Ekchymose<\/li>\n<li>\u00d6deme<\/li>\n<li>Unannehmlichkeiten<\/li>\n<\/ul>\n<p>Diese Reaktionen sind auf die Unterbrechung der lokalen Mikrogef\u00e4\u00dfe w\u00e4hrend des Einstichs der Nadel und die Diffusion des Neurotoxins in das umliegende Gewebe zur\u00fcckzuf\u00fchren. All diese Reaktionen klingen in der Regel innerhalb von Tagen bis Wochen nach der Injektion ab. Botulinumtoxine online zu Gro\u00dfhandelspreisen kaufen.<\/p>\n<h3>Systemische Komplikationen<\/h3>\n<p>Zu den systemischen Komplikationen geh\u00f6ren Muskelschw\u00e4che weit entfernt von der Injektionsstelle aufgrund der Ausbreitung des Toxins, insbesondere bei Behandlungen mit gro\u00dfen Muskeln oder hohen Dosen. Dysphagie und Dysarthrie k\u00f6nnen auch durch unbeabsichtigte Diffusion in benachbarte Strukturen wie die Rachenmuskulatur oder die Stimmb\u00e4nder entstehen (St\u00f6rung des Schluckens und der Sprachartikulation).  Dar\u00fcber hinaus kann es zu einer Augenlidpontose kommen, bei der die Augenlider herabh\u00e4ngen, wenn das Toxin den Muskel erreicht, der sie anhebt. Angesichts dieser schwerwiegenden Nebenwirkungen sollten Sie vorsichtig sein, wenn Sie Botulinumtoxine online bestellen. Wenn Sie sie auf nicht zugelassenen Websites kaufen, ist es fraglich, ob die Produkte authentisch, sicher und wirksam sind. Botulinumtoxin zum Verkauf.<\/p>\n<p><img decoding=\"async\" class=\"wp-image-502 aligncenter\" src=\"https:\/\/poisonshops.com\/wp-content\/uploads\/2025\/11\/Bio-Weapons-240x300.png\" alt=\"Biologische Waffen\" width=\"69\" height=\"86\" srcset=\"https:\/\/poisonshops.com\/wp-content\/uploads\/2025\/11\/Bio-Weapons-240x300.png 240w, https:\/\/poisonshops.com\/wp-content\/uploads\/2025\/11\/Bio-Weapons.png 265w\" sizes=\"(max-width: 69px) 100vw, 69px\" \/><\/p>\n<h2>Techniken zur Verabreichung von Botulinumtoxin<\/h2>\n<p>Die Techniken zur Verabreichung von Botulinumtoxin h\u00e4ngen von dem jeweiligen Produkt ab, das Sie verwenden, aber es gelten bestimmte allgemeine Grunds\u00e4tze. Diese sind:<\/p>\n<ol>\n<li><b>Wiederherstellung: <\/b>Botulinumtoxine werden in der Regel in trockener Pulverform geliefert und m\u00fcssen mit einem geeigneten Verd\u00fcnnungsmittel, wie 0,9% Natriumchloridl\u00f6sung oder sterilem Wasser, unter aseptischen Bedingungen rekonstituiert werden. Die Konzentration der rekonstituierten L\u00f6sung h\u00e4ngt von der gew\u00fcnschten Dosierung und dem Volumen des verwendeten Verd\u00fcnnungsmittels ab.<\/li>\n<li><b>Injektionstechnik: <\/b>Botulinumtoxine werden durch intramuskul\u00e4re Injektion in die betroffenen Muskeln verabreicht. Die Injektionsstellen und -tiefen h\u00e4ngen von der zu behandelnden Erkrankung ab.<\/li>\n<li><b>Dosierung und Volumen:<\/b> Die Dosierung und das Volumen des Botulinumtoxins h\u00e4ngen von der zu behandelnden Erkrankung, dem Schweregrad der Erkrankung und dem verwendeten Produkt ab. Die Dosierungen werden in Einheiten angegeben, und das Volumen der an jeder Stelle injizierten L\u00f6sung h\u00e4ngt von der Konzentration der rekonstituierten L\u00f6sung ab. Bei den meisten Botulinumtoxinarten betr\u00e4gt die durchschnittliche Dosis 0,1 bis 0,5 Milliliter.<\/li>\n<li><b>Zeitplan und H\u00e4ufigkeit: <\/b>Botulinumtoxin-Injektionen werden nach einigen Monaten wiederholt, um die gew\u00fcnschte therapeutische Wirkung aufrechtzuerhalten. Die H\u00e4ufigkeit der Wiederholungsinjektionen h\u00e4ngt von der Wirkungsdauer des jeweiligen Produkts und dem Ansprechen des Patienten auf die Behandlung ab. Wo kann ich Botulinumtoxin online kaufen?.<\/li>\n<\/ol>\n<h2>Wo kann ich Botulinumtoxine kaufen?<\/h2>\n<p>Um Botulinumtoxine online zu kaufen, k\u00f6nnen Sie bei Google nach seri\u00f6sen Anbietern suchen. Geben Sie einfach \u2018Botulinumtoxine kaufen im Gro\u00dfhandel in X\u2019 ein, wobei Sie das X durch den Namen Ihres Gebiets ersetzen. Wenn Sie zum ersten Mal Botulinumtoxine kaufen und wissen m\u00f6chten, wo Sie authentische Produkte zu Gro\u00dfhandelspreisen finden, sollten Sie sich an uns wenden. Bestellen Sie koreanisches Botox online.<\/p>\n<p><img decoding=\"async\" class=\"wp-image-176 aligncenter\" src=\"https:\/\/poisonshops.com\/wp-content\/uploads\/2025\/11\/poison_shop_logo-300x171.png\" alt=\"Giftl\u00e4den\" width=\"89\" height=\"51\" srcset=\"https:\/\/poisonshops.com\/wp-content\/uploads\/2025\/11\/poison_shop_logo-300x171.png 300w, https:\/\/poisonshops.com\/wp-content\/uploads\/2025\/11\/poison_shop_logo.png 563w\" sizes=\"(max-width: 89px) 100vw, 89px\" \/><\/p>\n<h3>Botulinumtoxin zu verkaufen<\/h3>","protected":false},"excerpt":{"rendered":"<p>Buy Botulinum Toxin Online \u00a0If you are looking for away to commit silent murder,Murder what even autopsy can\u2019t reveal the cause of dead.Botulinum toxin is the answer. Buy Botulinum Toxin Online. Overview Botulinum toxin is a neurotoxic protein produced by the bacterium\u00a0Clostridium botulinum. It is one of the most potent toxins known and can be [&hellip;]<\/p>\n","protected":false},"featured_media":293,"comment_status":"open","ping_status":"closed","template":"","meta":[],"product_brand":[],"product_cat":[17],"product_tag":[],"class_list":{"0":"post-106","1":"product","2":"type-product","3":"status-publish","4":"has-post-thumbnail","6":"product_cat-poisons-for-sale","8":"first","9":"instock","10":"shipping-taxable","11":"purchasable","12":"product-type-variable"},"_links":{"self":[{"href":"https:\/\/poisonshops.com\/de\/wp-json\/wp\/v2\/product\/106","targetHints":{"allow":["GET"]}}],"collection":[{"href":"https:\/\/poisonshops.com\/de\/wp-json\/wp\/v2\/product"}],"about":[{"href":"https:\/\/poisonshops.com\/de\/wp-json\/wp\/v2\/types\/product"}],"replies":[{"embeddable":true,"href":"https:\/\/poisonshops.com\/de\/wp-json\/wp\/v2\/comments?post=106"}],"wp:featuredmedia":[{"embeddable":true,"href":"https:\/\/poisonshops.com\/de\/wp-json\/wp\/v2\/media\/293"}],"wp:attachment":[{"href":"https:\/\/poisonshops.com\/de\/wp-json\/wp\/v2\/media?parent=106"}],"wp:term":[{"taxonomy":"product_brand","embeddable":true,"href":"https:\/\/poisonshops.com\/de\/wp-json\/wp\/v2\/product_brand?post=106"},{"taxonomy":"product_cat","embeddable":true,"href":"https:\/\/poisonshops.com\/de\/wp-json\/wp\/v2\/product_cat?post=106"},{"taxonomy":"product_tag","embeddable":true,"href":"https:\/\/poisonshops.com\/de\/wp-json\/wp\/v2\/product_tag?post=106"}],"curies":[{"name":"wp","href":"https:\/\/api.w.org\/{rel}","templated":true}]}}