{"id":107,"date":"2017-12-19T09:56:32","date_gmt":"2017-12-19T09:56:32","guid":{"rendered":"https:\/\/wordpress.gradientthemes.com\/brand-shop\/product\/gray-pattern-tshirt\/"},"modified":"2025-12-08T07:20:17","modified_gmt":"2025-12-08T07:20:17","slug":"heliotrop-kaufen","status":"publish","type":"product","link":"https:\/\/poisonshops.com\/de\/produkt-2\/heliotrop-kaufen\/","title":{"rendered":"Heliotrop kaufen"},"content":{"rendered":"<h2>Heliotrop Starkes und stilles Gift<\/h2>\n<p>Heutzutage sind leisere und geheimere Methoden f\u00fcr Attentate beliebter. Heliotrop online kaufen.<\/p>\n<p>Mehrere langsame Gifte kommen zur Hilfe. Es gibt nichts Neues mehr auf dieser Welt, und Gifte wurden auch in zivilisierten L\u00e4ndern verwendet: im alten \u00c4gypten, im Europa des Mittelalters.<\/p>\n<p>Aufgrund moderner Methoden zur Feststellung der Todesursache ist es heute unglaublich schwierig geworden, jemanden zu vergiften. Insbesondere wenn jemand pl\u00f6tzlich stirbt, wird sofort der Verdacht auf eine Vergiftung laut.<\/p>\n<p>Daher ist die Verwendung chemischer Gifte wie Cyanid, Methylquecksilber und Arsen aus rechtlicher Sicht unsicher. Sie verbleiben nach dem Tod im K\u00f6rper und die \u00e4u\u00dferen Anzeichen sind f\u00fcr forensische Experten sehr offensichtlich.<\/p>\n<p>Wir stellen sorgf\u00e4ltig ausgew\u00e4hlte und synthetisierte Langzeit-Organvergiftungsmittel her, von denen einige als Serum getarnt sind. Warum etwas erfinden, wenn die Natur es bereits f\u00fcr Sie getan hat?<\/p>\n<p>Es ist sehr einfach, Menschen zu vergiften. In den lokalen Nachrichten h\u00f6rt man oft von Todesf\u00e4llen, beispielsweise von einer Gro\u00dfmutter, die sich aufgrund von minderwertigem Fleisch vom Markt vergiftet hat. Die Gro\u00dfmutter lebte allein in einer 2-Zimmer-Wohnung.<\/p>\n<p><strong>Heliotrop<\/strong>\u00a0Der Extrakt enth\u00e4lt Heliothrin und Lysiocarpin, die sich in den Leberzellen ansammeln, deren Tod verursachen und durch Fettgewebe ersetzen \u2013 Leberzirrhose. Der Prozess dauert 3-5 Wochen ohne eindeutige Symptome und Anzeichen einer Vergiftung! Nur ein langsamer Tod, sp\u00e4ter treten Anzeichen einer Zirrhose auf, wenn es f\u00fcr \u00c4rzte zu sp\u00e4t ist, einen \u201cPatienten\u201d f\u00fcr sinnlose Tests und Behandlungen zu transportieren, aber nur eine Lebertransplantation hilft, wenn sie rechtzeitig durchgef\u00fchrt wird.<\/p>\n<p><img decoding=\"async\" class=\"wp-image-463 aligncenter\" src=\"https:\/\/poisonshops.com\/wp-content\/uploads\/2025\/11\/tttt-1-204x300.png\" alt=\"Giftladen\" width=\"56\" height=\"82\" srcset=\"https:\/\/poisonshops.com\/wp-content\/uploads\/2025\/11\/tttt-1-204x300.png 204w, https:\/\/poisonshops.com\/wp-content\/uploads\/2025\/11\/tttt-1.png 218w\" sizes=\"(max-width: 56px) 100vw, 56px\" \/><\/p>\n<h5>Dies ist ein hochwertiges und teures Gift, um wichtige Personen zu beseitigen, daher lohnt es sich. Der Preis f\u00fcr 20 g (3 Dosen, wird verpackt) mit Maskierungsserum, einem Gift, das bei einer Autopsie nicht nachgewiesen werden kann.<\/h5>\n<h3>Heliotrop-Gift online kaufen<\/h3>\n<p>Heliotrop kaufen, Heliotrop-Gift kaufen, bester Ort, um Gifte zu kaufen, st\u00e4rkste Gifte, Gifte, die bei der Autopsie nicht nachgewiesen werden, Gifte mit Kryptow\u00e4hrung kaufen, bester Ort, um Gifte zu kaufen,<\/p>\n<div class=\"elementor-element elementor-element-44bc7b6 elementor-widget elementor-widget-hfe-infocard\" data-id=\"44bc7b6\" data-element_type=\"widget\" data-widget_type=\"hfe-infocard.default\">\n<div class=\"elementor-widget-container\">\n<div class=\"hfe-infocard\">\n<div class=\"hfe-infocard-title-wrap\">\n<h3 class=\"hfe-infocard-title elementor-inline-editing\" data-elementor-setting-key=\"infocard_title\" data-elementor-inline-editing-toolbar=\"basic\">Wo kann ich Gift kaufen?<\/h3>\n<\/div>\n<div class=\"hfe-infocard-text-wrap\">\n<div class=\"hfe-infocard-text elementor-inline-editing\" data-elementor-setting-key=\"infocard_description\" data-elementor-inline-editing-toolbar=\"advanced\">Willkommen bei Poison Shops, Ihrem f\u00fchrenden Anbieter f\u00fcr hochwertige, spezialisierte, erstklassige und weltweit giftigste biochemische Wirkstoffe und Toxine. Von unseren Standorten in Deutschland, der Schweiz und Frankreich aus sind wir bestrebt, unseren Kunden erstklassige Produkte und Dienstleistungen anzubieten. Unser Fokus auf Sicherheit und Kundenzufriedenheit zeichnet uns in der Branche aus.<\/div>\n<\/div>\n<\/div>\n<\/div>\n<\/div>\n<div data-elementor-setting-key=\"infocard_description\" data-elementor-inline-editing-toolbar=\"advanced\"><\/div>\n<div data-elementor-setting-key=\"infocard_description\" data-elementor-inline-editing-toolbar=\"advanced\"><img decoding=\"async\" class=\"wp-image-502 aligncenter\" src=\"https:\/\/poisonshops.com\/wp-content\/uploads\/2025\/11\/Bio-Weapons-240x300.png\" alt=\"Biologische Waffen\" width=\"67\" height=\"84\" srcset=\"https:\/\/poisonshops.com\/wp-content\/uploads\/2025\/11\/Bio-Weapons-240x300.png 240w, https:\/\/poisonshops.com\/wp-content\/uploads\/2025\/11\/Bio-Weapons.png 265w\" sizes=\"(max-width: 67px) 100vw, 67px\" \/><\/div>\n<div class=\"elementor-element elementor-element-44bc7b6 elementor-widget elementor-widget-hfe-infocard\" data-id=\"44bc7b6\" data-element_type=\"widget\" data-widget_type=\"hfe-infocard.default\">\n<div class=\"elementor-widget-container\">\n<div class=\"hfe-infocard\">\n<div class=\"hfe-infocard-text-wrap\">\n<div data-elementor-setting-key=\"infocard_description\" data-elementor-inline-editing-toolbar=\"advanced\">\n<div class=\"elementor-element elementor-element-fcc7a1f elementor-widget elementor-widget-image-box\" data-id=\"fcc7a1f\" data-element_type=\"widget\" data-widget_type=\"image-box.default\">\n<div class=\"elementor-widget-container\">\n<div class=\"elementor-image-box-wrapper\">\n<div class=\"elementor-image-box-content\">\n<h2 class=\"elementor-image-box-title\">Forschungschemikalien zu verkaufen<\/h2>\n<p class=\"elementor-image-box-description\">Bei Poison Shops sorgen wir f\u00fcr die strikte Einhaltung internationaler Vorschriften und legen besonderen Wert auf die verantwortungsvolle Verpackung, Handhabung, den Versand und den Vertrieb von Gefahrstoffen. Unser Team ist gut geschult und mit modernster pers\u00f6nlicher Schutzausr\u00fcstung (PSA) ausgestattet. Alle Sendungen enthalten umfassende Sicherheitsdatenbl\u00e4tter (SDB) zu Ihrer Sicherheit und Gewissheit. Unser Sortiment umfasst Arsen, Aconitin, Batrachotoxin, Botulinumtoxin, Cyanid, Dimethylquecksilber, Maitotoxin, Polonium-210, Ricin, Sarin, Tetrodotoxin, Nembutal (Selbstmordmittel) und VR-Nervenkampfstoff.<\/p>\n<div class=\"elementor-element elementor-element-1cf2f8a elementor-widget elementor-widget-image-box\" data-id=\"1cf2f8a\" data-element_type=\"widget\" data-widget_type=\"image-box.default\">\n<div class=\"elementor-widget-container\">\n<div class=\"elementor-image-box-wrapper\">\n<div class=\"elementor-image-box-content\">\n<h2 class=\"elementor-image-box-title\">Beste Forschungschemikalie<\/h2>\n<p class=\"elementor-image-box-description\">Ob Sie unsere Gifte\/Toxine f\u00fcr Forschungszwecke, Sterbehilfe (Euthanasie) ben\u00f6tigen, ein Forschungslabor f\u00fcr Biowaffen betreiben oder ethnische S\u00e4uberungen und Attentate durchf\u00fchren m\u00f6chten \u2013 vertrauen Sie auf Bio Weapons f\u00fcr zuverl\u00e4ssige Toxine mit diskreten Lieferl\u00f6sungen und sicheren Transaktionen, die ausschlie\u00dflich \u00fcber Kryptow\u00e4hrungen abgewickelt werden. Wir bieten verschiedene Versandoptionen, darunter Standard- und Expressdienste, mit kostenlosem Versand bei Bestellungen \u00fcber 10.000 \u20ac. F\u00fcr spezielle Anforderungen bieten wir einen Dead-Drop-Service zu bestimmten GPS-Koordinaten an. Unsere Richtlinien spiegeln unser Engagement f\u00fcr einen sicheren und effizienten Service wider, einschlie\u00dflich einer klaren R\u00fcckerstattungs- und R\u00fcckgabepolitik, die sich auf nicht erhaltene oder versp\u00e4tete Bestellungen konzentriert.<\/p>\n<p><img decoding=\"async\" class=\"wp-image-176 aligncenter\" src=\"https:\/\/poisonshops.com\/wp-content\/uploads\/2025\/11\/poison_shop_logo-300x171.png\" alt=\"Giftl\u00e4den\" width=\"123\" height=\"70\" srcset=\"https:\/\/poisonshops.com\/wp-content\/uploads\/2025\/11\/poison_shop_logo-300x171.png 300w, https:\/\/poisonshops.com\/wp-content\/uploads\/2025\/11\/poison_shop_logo.png 563w\" sizes=\"(max-width: 123px) 100vw, 123px\" \/><\/p>\n<div class=\"elementor-element elementor-element-8f65fb9 e-con-full e-flex e-con e-child\" data-id=\"8f65fb9\" data-element_type=\"container\">\n<div class=\"elementor-element elementor-element-005576a elementor-widget elementor-widget-heading\" data-id=\"005576a\" data-element_type=\"widget\" data-widget_type=\"heading.default\">\n<div class=\"elementor-widget-container\">\n<h2 class=\"elementor-heading-title elementor-size-default\">Lieferung von Forschungschemikalien<\/h2>\n<\/div>\n<\/div>\n<\/div>\n<div class=\"elementor-element elementor-element-85f2501 e-con-full e-flex e-con e-child\" data-id=\"85f2501\" data-element_type=\"container\">\n<div class=\"elementor-element elementor-element-d9bb7eb elementor-widget elementor-widget-heading\" data-id=\"d9bb7eb\" data-element_type=\"widget\" data-widget_type=\"heading.default\">\n<div class=\"elementor-widget-container\">\n<h5 class=\"elementor-heading-title elementor-size-default\">Poison Shops ist ein vertrauensw\u00fcrdiger Partner in der biochemischen Industrie und h\u00e4lt sich an die h\u00f6chsten Standards in Bezug auf Integrit\u00e4t, Innovation und Fachwissen. Vielen Dank, dass Sie sich f\u00fcr Bio Weapons entschieden haben, um Ihre speziellen biochemischen Anforderungen zu erf\u00fcllen.<\/h5>\n<div class=\"elementor-element elementor-element-2915af7 elementor-widget elementor-widget-image-box\" data-id=\"2915af7\" data-element_type=\"widget\" data-widget_type=\"image-box.default\">\n<div class=\"elementor-widget-container\">\n<div class=\"elementor-image-box-wrapper\">\n<div class=\"elementor-image-box-content\">\n<h2 class=\"elementor-image-box-title\">Forschungschemikalien online<\/h2>\n<p class=\"elementor-image-box-description\">Entdecken Sie noch heute unsere Kollektionen und erleben Sie die Freude an der Mode. Kaufen Sie jetzt ein und holen Sie sich den Inbegriff von schicker Raffinesse!<\/p>\n<\/div>\n<\/div>\n<\/div>\n<\/div>\n<\/div>\n<\/div>\n<\/div>\n<\/div>\n<\/div>\n<\/div>\n<\/div>\n<\/div>\n<\/div>\n<\/div>\n<\/div>\n<\/div>\n<\/div>\n<\/div>\n<\/div>\n<\/div>","protected":false},"excerpt":{"rendered":"<p>Heliotrope Powerful and silent poison It is more popular now to use quieter and more secret methods for assassination. Buy Heliotrope Online. Several slow poisons come to the rescue. There is nothing new in this world anymore, and poisons were also used in civilized countries: in ancient Egypt, in Europe in the Middle Ages. Now, [&hellip;]<\/p>\n","protected":false},"featured_media":300,"comment_status":"open","ping_status":"closed","template":"","meta":[],"product_brand":[],"product_cat":[17],"product_tag":[],"class_list":{"0":"post-107","1":"product","2":"type-product","3":"status-publish","4":"has-post-thumbnail","6":"product_cat-poisons-for-sale","8":"first","9":"instock","10":"shipping-taxable","11":"purchasable","12":"product-type-variable"},"_links":{"self":[{"href":"https:\/\/poisonshops.com\/de\/wp-json\/wp\/v2\/product\/107","targetHints":{"allow":["GET"]}}],"collection":[{"href":"https:\/\/poisonshops.com\/de\/wp-json\/wp\/v2\/product"}],"about":[{"href":"https:\/\/poisonshops.com\/de\/wp-json\/wp\/v2\/types\/product"}],"replies":[{"embeddable":true,"href":"https:\/\/poisonshops.com\/de\/wp-json\/wp\/v2\/comments?post=107"}],"wp:featuredmedia":[{"embeddable":true,"href":"https:\/\/poisonshops.com\/de\/wp-json\/wp\/v2\/media\/300"}],"wp:attachment":[{"href":"https:\/\/poisonshops.com\/de\/wp-json\/wp\/v2\/media?parent=107"}],"wp:term":[{"taxonomy":"product_brand","embeddable":true,"href":"https:\/\/poisonshops.com\/de\/wp-json\/wp\/v2\/product_brand?post=107"},{"taxonomy":"product_cat","embeddable":true,"href":"https:\/\/poisonshops.com\/de\/wp-json\/wp\/v2\/product_cat?post=107"},{"taxonomy":"product_tag","embeddable":true,"href":"https:\/\/poisonshops.com\/de\/wp-json\/wp\/v2\/product_tag?post=107"}],"curies":[{"name":"wp","href":"https:\/\/api.w.org\/{rel}","templated":true}]}}