{"id":108,"date":"2017-12-19T09:56:29","date_gmt":"2017-12-19T09:56:29","guid":{"rendered":"https:\/\/wordpress.gradientthemes.com\/brand-shop\/product\/flamingo-tshirt\/"},"modified":"2025-12-08T21:55:27","modified_gmt":"2025-12-08T21:55:27","slug":"scopolamin-teufelsatem-kaufen","status":"publish","type":"product","link":"https:\/\/poisonshops.com\/de\/produkt-2\/scopolamin-teufelsatem-kaufen\/","title":{"rendered":"Scopolamin (Teufelsatem) kaufen"},"content":{"rendered":"<h2>Kaufen Sie Scopolamine Devils Breath<\/h2>\n<p>Scopolamin, auch bekannt als Hyoscin oder Teufelsatem, ist ein nat\u00fcrliches oder synthetisch hergestelltes Tropanalkaloid und Anticholinergikum, das zur Behandlung von Reisekrankheit und postoperativer \u00dcbelkeit und Erbrechen eingesetzt wird. Es wird manchmal auch vor Operationen verwendet, um den Speichelfluss zu verringern. Bei Verabreichung durch Injektion setzt die Wirkung nach etwa 20 Minuten ein und h\u00e4lt bis zu 8 Stunden an. Es kann auch oral eingenommen werden. Kaufen Sie Scopolamin Devils Breath.<\/p>\n<h3>Was bewirkt Scopolamin?<\/h3>\n<p>Scopolamin geh\u00f6rt zur Familie der Antimuskarinika und blockiert einige der Wirkungen von Acetylcholin auf das Nervensystem. Scopolamin wurde erstmals 1881 beschrieben und um 1900 begann man, es f\u00fcr An\u00e4sthesien zu verwenden. Scopolamin ist auch der Hauptwirkstoff bestimmter Pflanzen aus der Familie der Nachtschattengew\u00e4chse, die aufgrund ihrer halluzinogenen Wirkung, die durch Antimuskarinika in h\u00f6heren Dosen hervorgerufen wird, seit jeher als psychoaktive Drogen (bekannt als Delirium) verwendet werden. In diesem Zusammenhang wurden seine bewusstseinsver\u00e4ndernden Wirkungen zu Freizeitzwecken und okkulten Zwecken genutzt.<\/p>\n<h4><span class=\"kY2IgmnCmOGjharHErah\">Scopolamin-Pulver online kaufen<\/span><\/h4>\n<p>Scopolaminvergiftung durch selbstgemachten \u2018Mondblumenwein\u2019<br \/>\nLH, ein 76-j\u00e4hriger kaukasischer Mann, trank innerhalb einer Stunde 3 Teel\u00f6ffel (15 ml) selbstgemachten Wein und wurde krank. Etwa 1,5 Stunden sp\u00e4ter wurde er mit Symptomen von Atemnot und Schw\u00e4che in die Notaufnahme eines \u00f6rtlichen Krankenhauses gebracht. Die zur Herstellung des Weins verwendete Pflanze war die Engelstrompete (Datura suaveolens), die Berichten zufolge unterschiedliche Mengen an Scopolamin und Atropin enth\u00e4lt.<\/p>\n<p>Eine Probe des Weins wurde entnommen und mittels Umkehrphasen-HPLC-Chromatographie unter Verwendung von 97% Methanol-3% entionisiertem Wasser auf diese beiden Verbindungen untersucht. Der gefilterte Wein enthielt etwa 29 mg Scopolamin\/ml, was einer Gesamtdosis von 435 mg entspricht. Atropin wurde nicht nachgewiesen. Scopolamin wurde durch TLC best\u00e4tigt. Eine orale Dosis von 50 mg Atropinsulfat kann beim Menschen t\u00f6dlich sein. Der Alkoholgehalt und der pH-Wert von 3,8 des selbstgemachten Weins k\u00f6nnten die Extraktion dieser Verbindung aus dem Pflanzenmaterial erh\u00f6ht haben, und der Weinfermentationsprozess k\u00f6nnte den urspr\u00fcnglichen Extrakt konzentriert haben.<\/p>\n<p><img decoding=\"async\" class=\"wp-image-463 aligncenter\" src=\"https:\/\/poisonshops.com\/wp-content\/uploads\/2025\/11\/tttt-1-204x300.png\" alt=\"Giftladen\" width=\"63\" height=\"93\" srcset=\"https:\/\/poisonshops.com\/wp-content\/uploads\/2025\/11\/tttt-1-204x300.png 204w, https:\/\/poisonshops.com\/wp-content\/uploads\/2025\/11\/tttt-1.png 218w\" sizes=\"(max-width: 63px) 100vw, 63px\" \/><\/p>\n<h2>Dosierung f\u00fcr den Tod<\/h2>\n<p>Scopolamin verursacht in kleinen Dosen eine Bewusstlosigkeit von bis zu 24 Stunden oder mehr und wird h\u00e4ufig bei Raub\u00fcberf\u00e4llen eingesetzt, bei denen das Opfer bewusstlos ist. Eine Menge von 10 mg reicht jedoch aus, um eine Person zu t\u00f6ten, und kann zusammen mit Speisen oder Getr\u00e4nken verabreicht werden, wobei die Wirkung in alkoholischen Getr\u00e4nken schneller eintritt, etwa nach 30 Minuten, und einen schmerzlosen Tod verursacht, da es Schl\u00e4frigkeit hervorruft. Es kann nur durch genauere Autopsien nachgewiesen werden. <span class=\"kY2IgmnCmOGjharHErah\">Scopolamin-Pulver online kaufen<\/span>.<\/p>\n<p>Scopolamin, in Filmen wird es als \u201ewahres Serum\u201c bezeichnet, sehr vorsichtig und nach eigenem Ermessen anwenden!<\/p>\n<p><img decoding=\"async\" class=\"wp-image-502 aligncenter\" src=\"https:\/\/poisonshops.com\/wp-content\/uploads\/2025\/11\/Bio-Weapons-240x300.png\" alt=\"Biologische Waffen\" width=\"65\" height=\"81\" srcset=\"https:\/\/poisonshops.com\/wp-content\/uploads\/2025\/11\/Bio-Weapons-240x300.png 240w, https:\/\/poisonshops.com\/wp-content\/uploads\/2025\/11\/Bio-Weapons.png 265w\" sizes=\"(max-width: 65px) 100vw, 65px\" \/><\/p>\n<h3 class=\"LnpumSThxEWMIsDdAT17 CXMyPcQ6nDv47DKFeywM\"><span class=\"EKtkFWMYpwzMKOYr0GYm LQVY1Jpkk8nyJ6HBWKAk\">Scopolamin (Teufelsatem) Pulver online kaufen<\/span><\/h3>\n<p><span class=\"kY2IgmnCmOGjharHErah\"><b>Kaufen<\/b> <b>Scopolamin<\/b> online. Hyoscine, auch bekannt als <b>Scopolamin<\/b>( <b>Teufel<\/b> <b>Atem<\/b>) ist ein Medikament zur Behandlung von Reisekrankheit und postoperativer \u00dcbelkeit und Erbrechen. Pflaster gegen Reisekrankheit, Pflaster gegen Seekrankheit, Pflaster gegen \u00dcbelkeit, Transderm Scop, Dramamine-Pflaster, Pflaster gegen \u00dcbelkeit, Pflaster gegen Seekrankheit, Reisekrankheit <\/span><\/p>\n<p><span class=\"kY2IgmnCmOGjharHErah\"><b>Kaufen<\/b> <b>Scopolamin<\/b> Pulver online zu verkaufen (Burundanga, \u201cThe <b>Teufel<\/b> <b>Atem<\/b>\u201cBorrachero, Hyoscine, Engelstrompete) Hyoscine, auch bekannt als <b>Scopolamin<\/b>, ist ein Medikament zur Behandlung von Reisekrankheit und postoperativer \u00dcbelkeit und Erbrechen.<\/span><\/p>\n<p><span class=\"kY2IgmnCmOGjharHErah\">Nach dem Einatmen des \u201c<b>Teufel<\/b> <b>Atem<\/b>,Es ist bekannt, dass Opfer aufwachen und sich nicht daran erinnern k\u00f6nnen, ihre Ersparnisse abgehoben und verschenkt zu haben. <b>Scopolamin<\/b>, genannt \u201c<b>Teufel<\/b> <b>Atem<\/b>,wird oft als die gef\u00e4hrlichste Droge der Welt bezeichnet. Sie ist vor allem in S\u00fcdamerika verbreitet.<\/span><\/p>\n<p><span class=\"kY2IgmnCmOGjharHErah\"><b>Teufel<\/b> <b>Atem<\/b> wird aus der Bl\u00fcte des \u201cBorrachero\u201d-Strauchs gewonnen, der in Kolumbien, einem s\u00fcdamerikanischen Land, weit verbreitet ist. Die Samen enthalten, wenn sie pulverisiert und durch einen chemischen Prozess extrahiert werden, eine Substanz, die \u00e4hnlich ist wie <b>Scopolamin<\/b> genannt \u201cBurandanga\u201d. Kaufen Sie Skopolamin Devils Breath.<\/span><\/p>\n<h3>Scopolamin online kaufen<\/h3>\n<p><img decoding=\"async\" class=\"wp-image-176 aligncenter\" src=\"https:\/\/poisonshops.com\/wp-content\/uploads\/2025\/11\/poison_shop_logo-300x171.png\" alt=\"Giftl\u00e4den\" width=\"118\" height=\"67\" srcset=\"https:\/\/poisonshops.com\/wp-content\/uploads\/2025\/11\/poison_shop_logo-300x171.png 300w, https:\/\/poisonshops.com\/wp-content\/uploads\/2025\/11\/poison_shop_logo.png 563w\" sizes=\"(max-width: 118px) 100vw, 118px\" \/><\/p>","protected":false},"excerpt":{"rendered":"<p>Buy Scopolamine Devils Breath Scopolamine, also known as hyoscine, or Devil\u2019s Breath, is a natural or synthetically produced tropane alkaloid and anticholinergic medication that is used as a medication to treat motion sickness and postoperative nausea and vomiting. It is also sometimes used before surgery to decrease saliva. When used by injection, the effects begin [&hellip;]<\/p>\n","protected":false},"featured_media":313,"comment_status":"open","ping_status":"closed","template":"","meta":[],"product_brand":[],"product_cat":[17],"product_tag":[],"class_list":{"0":"post-108","1":"product","2":"type-product","3":"status-publish","4":"has-post-thumbnail","6":"product_cat-poisons-for-sale","8":"first","9":"instock","10":"shipping-taxable","11":"purchasable","12":"product-type-variable"},"_links":{"self":[{"href":"https:\/\/poisonshops.com\/de\/wp-json\/wp\/v2\/product\/108","targetHints":{"allow":["GET"]}}],"collection":[{"href":"https:\/\/poisonshops.com\/de\/wp-json\/wp\/v2\/product"}],"about":[{"href":"https:\/\/poisonshops.com\/de\/wp-json\/wp\/v2\/types\/product"}],"replies":[{"embeddable":true,"href":"https:\/\/poisonshops.com\/de\/wp-json\/wp\/v2\/comments?post=108"}],"wp:featuredmedia":[{"embeddable":true,"href":"https:\/\/poisonshops.com\/de\/wp-json\/wp\/v2\/media\/313"}],"wp:attachment":[{"href":"https:\/\/poisonshops.com\/de\/wp-json\/wp\/v2\/media?parent=108"}],"wp:term":[{"taxonomy":"product_brand","embeddable":true,"href":"https:\/\/poisonshops.com\/de\/wp-json\/wp\/v2\/product_brand?post=108"},{"taxonomy":"product_cat","embeddable":true,"href":"https:\/\/poisonshops.com\/de\/wp-json\/wp\/v2\/product_cat?post=108"},{"taxonomy":"product_tag","embeddable":true,"href":"https:\/\/poisonshops.com\/de\/wp-json\/wp\/v2\/product_tag?post=108"}],"curies":[{"name":"wp","href":"https:\/\/api.w.org\/{rel}","templated":true}]}}