{"id":110,"date":"2017-12-19T09:54:28","date_gmt":"2017-12-19T09:54:28","guid":{"rendered":"https:\/\/wordpress.gradientthemes.com\/brand-shop\/product\/white-underground-tshirt\/"},"modified":"2025-11-20T10:50:23","modified_gmt":"2025-11-20T10:50:23","slug":"digoxin","status":"publish","type":"product","link":"https:\/\/poisonshops.com\/de\/produkt-2\/digoxin\/","title":{"rendered":"Digoxin"},"content":{"rendered":"<h2><span id=\"What_is_digoxin_toxicity\">Was ist Digoxin-Toxizit\u00e4t<\/span><\/h2>\n<p><strong>Digoxin<\/strong>\u00a0Toxizit\u00e4t, auch bekannt als Digitalis-Toxizit\u00e4t, kann ein Problem bei der Digitalis-Therapie sein. Sie kann auftreten, wenn Sie zu viel Digoxin auf einmal einnehmen. Eine Digoxin-Toxizit\u00e4t kann auch auftreten, wenn der Wirkstoffspiegel aus anderen Gr\u00fcnden ansteigt. Digoxin ist eine relativ sichere, kosteng\u00fcnstige und wirksame Therapie zur Linderung wiederkehrender Symptome bei Patienten mit kongestiver Herzinsuffizienz. Digoxin wird aus der Art Digitalis lanata gewonnen und wurde erstmals von William Withering im Jahr 1785 beschrieben. Digoxin wird manchmal zur Steigerung der Herzkontraktilit\u00e4t (positiv inotrop) und als Antiarrhythmikum zur Kontrolle der Herzfrequenz (z. B. bei schnellem Vorhofflimmern) eingesetzt. Bessere frequenzlimitierende Wirkstoffe wie Betablocker haben Digoxin als Mittel der ersten Wahl abgel\u00f6st, aber seine Rolle bei Vorhofflimmern (A Fib) in Verbindung mit Herzinsuffizienz bleibt wichtig.<\/p>\n<p><strong>Digoxin<\/strong>\u00a0- Digitalisglykoside sind ein Mittel gegen Herzkrankheiten, aber wie man sagt, besteht der einzige Unterschied zwischen dem Mittel und dem Gift in der Menge.<\/p>\n<p>Bei einer \u00dcberdosierung kann es innerhalb weniger Stunden zu einem pl\u00f6tzlichen und schmerzhaften Tod kommen; wenn eine Person es als Medikament verwendet, kann die Vergiftung leicht als \u00dcberdosierung getarnt werden.<\/p>\n<p>Obwohl Digoxin zur Behandlung von Herzinsuffizienz und bestimmten Arten von Herzrhythmusst\u00f6rungen eingesetzt wird, dauert die Verteilung von Digitoxin in den verschiedenen Geweben in der Regel einige Stunden, d. h. es ist keine schnelle T\u00f6tung; es dauert etwa 4 bis 6 Stunden, um die gew\u00fcnschte Wirkung zu erzielen, daher ist der Tod mit einem abnormalen Herzrhythmus verbunden, der zu einem kardiovaskul\u00e4ren Kollaps, \u00fcberm\u00e4\u00dfigem Herzklopfen und einem pl\u00f6tzlichen und schmerzhaften Tod f\u00fchrt.<\/p>\n<p><strong>Zu den Symptomen der Digoxin-Toxizit\u00e4t geh\u00f6ren:<\/strong><\/p>\n<ul>\n<li>Lethargie<\/li>\n<li>\u00dcbelkeit und Erbrechen<\/li>\n<li>Diarrh\u00f6e<\/li>\n<li>Unterleibsschmerzen<\/li>\n<li>Sehst\u00f6rungen<\/li>\n<li>Halluzinationen und Delirium<\/li>\n<li>starke Kopfschmerzen.<\/li>\n<\/ul>\n<p>Die klinischen Merkmale der Digoxin-Toxizit\u00e4t sind oft unspezifisch. Sie umfassen h\u00e4ufig Lethargie, Verwirrung und gastrointestinale Symptome (Anorexie, \u00dcbelkeit, Erbrechen, Durchfall und Bauchschmerzen). Visuelle Auswirkungen (verschwommenes Sehen, Farbst\u00f6rungen, Halos und Skotome) sind in der heutigen Praxis seltener. Die meisten Todesf\u00e4lle sind auf Herzrhythmusst\u00f6rungen zur\u00fcckzuf\u00fchren.(Tod durch Herzrhythmusst\u00f6rungen)<\/p>\n<p>Digoxin-Toxizit\u00e4t kann auftreten, wenn die Digoxin-Serumkonzentration im therapeutischen Bereich liegt, und da die Symptome in der Regel unspezifisch sind, kann die Diagnose schwierig sein.<\/p>\n<p>Die Digoxin-Toxizit\u00e4t kann durch eine hohe Digoxin-Konzentration im K\u00f6rper verursacht werden (10 Kapseln sind ausreichend). Auch eine geringere Arzneimittelvertr\u00e4glichkeit kann eine Digoxin-Toxizit\u00e4t verursachen.<\/p>\n<h3><span id=\"Signs_and_symptoms_of_digoxin_toxicity\">Anzeichen und Symptome einer Digoxin-Toxizit\u00e4t<\/span><\/h3>\n<p>Die Patienten k\u00f6nnen nach der oralen Aufnahme einer einzigen toxischen Dosis eine symptomlose Phase von einigen Minuten bis zu mehreren Stunden haben. Die klinischen Symptome k\u00f6nnen je nach Schweregrad der Toxizit\u00e4t subtil oder offensichtlich sein. Die akute Toxizit\u00e4t ist selten subtil, w\u00e4hrend die chronische Toxizit\u00e4t schwer zu diagnostizieren sein kann. \u00dcbelkeit, Erbrechen und Schl\u00e4frigkeit geh\u00f6ren zu den h\u00e4ufigsten extrakardialen Manifestationen. Visuelle Ver\u00e4nderungen treten meist bei Patienten mit chronischer Toxizit\u00e4t auf. Das Hauptaugenmerk sollte auf die Vitalparameter und die neurologischen und kardiovaskul\u00e4ren Befunde gerichtet werden.<\/p>\n<p>Der Geisteszustand des Patienten kann sich je nach Schweregrad der Digoxin-Toxizit\u00e4t und den damit verbundenen Begleiterkrankungen \u00e4ndern. Obwohl der Patient visuelle Ver\u00e4nderungen feststellen kann, bleiben die Pupillen verschont und objektive Befunde sind selten. Medikamenteninduziertes Fieber tritt nicht auf.<\/p>\n<p>Der Puls kann unregelm\u00e4\u00dfig sein, wenn der Patient an Vorhofflimmern oder Arrhythmie leidet, die durch die Digoxin-Toxizit\u00e4t selbst verursacht wird. Hypotonie kann beobachtet werden, wenn der Patient an chronischer Herzinsuffizienz oder Dehydratation infolge verminderter oraler Aufnahme leidet. Zu den Halsbefunden geh\u00f6rt ein erh\u00f6hter Jugularvenendruck.<\/p>\n<p>Die h\u00e4modynamische Instabilit\u00e4t steht in direktem Zusammenhang mit dem Vorliegen von Herzrhythmusst\u00f6rungen oder einer akuten Verschlimmerung der chronischen Herzinsuffizienz (CHF). Es kann eine begleitende Kardiomegalie festgestellt werden. Die kardiovaskul\u00e4ren Befunde bei der k\u00f6rperlichen Untersuchung stehen im Zusammenhang mit dem Schweregrad der Herzinsuffizienz, der Herzrhythmusst\u00f6rungen oder der h\u00e4modynamischen Instabilit\u00e4t.<\/p>\n<p>Die Atemfrequenz ist manchmal erh\u00f6ht. Basales Krepitieren wird mit CHF in Verbindung gebracht. Obwohl gastrointestinale Symptome h\u00e4ufig sind, ist die abdominale Untersuchung in der Regel unspezifisch. Eine vergr\u00f6\u00dferte Leber als Folge der Herzinsuffizienz (d. h. eine Leberstauung) kann ertastet werden. Ein hepatojugul\u00e4rer Reflux ist vorhanden. Bei Patienten mit Nierenversagen oder dekompensierter Herzinsuffizienz wird ein Fu\u00df\u00f6dem festgestellt.<\/p>\n<p>Neurologische Befunde stehen im Zusammenhang mit Ver\u00e4nderungen der Sensorik oder des mentalen Status. Lateralisierende Befunde weisen in der Regel auf einen anderen Krankheitsprozess hin.<\/p>\n<p><strong>Dies sind die Symptome einer Digoxin-Toxizit\u00e4t:<\/strong><\/p>\n<ul>\n<li>Verwirrung<\/li>\n<li>Unregelm\u00e4\u00dfiger Puls<\/li>\n<li>Appetitlosigkeit<\/li>\n<li>\u00dcbelkeit, Erbrechen, Diarrh\u00f6e<\/li>\n<li>Schnelles Herzklopfen<\/li>\n<li>Ver\u00e4nderungen des Sehverm\u00f6gens (ungew\u00f6hnlich), einschlie\u00dflich blinder Flecken, verschwommenes Sehen, Ver\u00e4nderungen der Farbwahrnehmung oder das Sehen von Flecken<\/li>\n<\/ul>\n<p><strong>Andere Symptome der Digoxin-Toxizit\u00e4t k\u00f6nnen sein:<\/strong><\/p>\n<ul>\n<li>Vermindertes Bewusstsein<\/li>\n<li>Verringertes Urinvolumen<\/li>\n<li>Atemprobleme im Liegen<\/li>\n<li>\u00dcberm\u00e4\u00dfiger n\u00e4chtlicher Harndrang<\/li>\n<li>Allgemeine Schwellung<\/li>\n<\/ul>\n<p>Die Digitalis-Toxizit\u00e4t f\u00fchrt zu Manifestationen im ZNS (Zentralnervensystem), im Sehverm\u00f6gen, im Magen-Darm-Trakt und im Herzbereich. \u00dcbelkeit, Erbrechen und Schl\u00e4frigkeit geh\u00f6ren zu den h\u00e4ufigsten extrakardialen Manifestationen.<\/p>\n<h3>Digoxin-Toxizit\u00e4t, m\u00f6gliche Komplikationen<\/h3>\n<p>Zu den Komplikationen der Digoxin-Toxizit\u00e4t k\u00f6nnen geh\u00f6ren:<\/p>\n<p>Unregelm\u00e4\u00dfig,<strong>\u00a0t\u00f6dlich<\/strong>\u00a0Herzrhythmen<br \/>\nHerzinsuffizienz<\/p>\n<p><span class=\"HwtZe\" lang=\"en\"><span class=\"jCAhz ChMk0b\"><span class=\"ryNqvb\">Die 6-8 Stunden nach der akuten Einnahme ermittelten Werte sagen zwangsl\u00e4ufig eine t\u00f6dliche Toxizit\u00e4t voraus.<\/span><\/span><\/span><\/p>\n<p>Alle Anweisungen werden Ihnen \u00fcbermittelt, damit Sie Ihr Ziel erreichen (T\u00f6ten oder Selbstmord).<\/p>","protected":false},"excerpt":{"rendered":"<p>What is digoxin toxicity Digoxin\u00a0toxicity also known as digitalis toxicity can be a problem with digitalis therapy. It may occur when you take too much of digoxin at one time. Digoxin toxicity can also occur when levels of the drug build up for other reasons. Digoxin is a relatively safe, cheap and effective therapy for [&hellip;]<\/p>\n","protected":false},"featured_media":321,"comment_status":"open","ping_status":"closed","template":"","meta":[],"product_brand":[],"product_cat":[17],"product_tag":[],"class_list":{"0":"post-110","1":"product","2":"type-product","3":"status-publish","4":"has-post-thumbnail","6":"product_cat-poisons-for-sale","8":"first","9":"instock","10":"shipping-taxable","11":"purchasable","12":"product-type-variable"},"_links":{"self":[{"href":"https:\/\/poisonshops.com\/de\/wp-json\/wp\/v2\/product\/110","targetHints":{"allow":["GET"]}}],"collection":[{"href":"https:\/\/poisonshops.com\/de\/wp-json\/wp\/v2\/product"}],"about":[{"href":"https:\/\/poisonshops.com\/de\/wp-json\/wp\/v2\/types\/product"}],"replies":[{"embeddable":true,"href":"https:\/\/poisonshops.com\/de\/wp-json\/wp\/v2\/comments?post=110"}],"wp:featuredmedia":[{"embeddable":true,"href":"https:\/\/poisonshops.com\/de\/wp-json\/wp\/v2\/media\/321"}],"wp:attachment":[{"href":"https:\/\/poisonshops.com\/de\/wp-json\/wp\/v2\/media?parent=110"}],"wp:term":[{"taxonomy":"product_brand","embeddable":true,"href":"https:\/\/poisonshops.com\/de\/wp-json\/wp\/v2\/product_brand?post=110"},{"taxonomy":"product_cat","embeddable":true,"href":"https:\/\/poisonshops.com\/de\/wp-json\/wp\/v2\/product_cat?post=110"},{"taxonomy":"product_tag","embeddable":true,"href":"https:\/\/poisonshops.com\/de\/wp-json\/wp\/v2\/product_tag?post=110"}],"curies":[{"name":"wp","href":"https:\/\/api.w.org\/{rel}","templated":true}]}}