{"id":111,"date":"2017-12-19T05:32:20","date_gmt":"2017-12-19T05:32:20","guid":{"rendered":"https:\/\/wordpress.gradientthemes.com\/brand-shop\/product\/anchor-bracelet\/"},"modified":"2025-12-08T22:22:21","modified_gmt":"2025-12-08T22:22:21","slug":"dimethylquecksilber","status":"publish","type":"product","link":"https:\/\/poisonshops.com\/de\/produkt-2\/dimethylquecksilber\/","title":{"rendered":"Dimethylquecksilber"},"content":{"rendered":"<p>Dimethylquecksilber<br \/>\n\u00dcbersicht<br \/>\nDimethylquecksilber ist eine quecksilberorganische Verbindung, die f\u00fcr ihre extreme Toxizit\u00e4t bekannt ist. Es handelt sich um eine synthetische Verbindung, die in der Umwelt nicht in nennenswerten Mengen vorkommt.<\/p>\n<p>Mechanismus der Wirkung<br \/>\nDimethylquecksilber ist lipidl\u00f6slich, so dass es Zellmembranen, einschlie\u00dflich der Blut-Hirn-Schranke, leicht \u00fcberwinden kann. Innerhalb der Zellen st\u00f6rt es die Zellfunktionen, indem es sich an Proteine und Enzyme bindet, was zu weitreichenden Sch\u00e4den f\u00fchrt, insbesondere im Gehirn und im Nervensystem.<\/p>\n<p>Wie es funktioniert<br \/>\nDie Exposition gegen\u00fcber Dimethylquecksilber erfolgt in der Regel durch Hautkontakt oder das Einatmen von D\u00e4mpfen. Es wird schnell in den Blutkreislauf aufgenommen und im ganzen K\u00f6rper verteilt, wo es sich in den Geweben, insbesondere im Gehirn, anreichert.<\/p>\n<p>Erforderliche Menge, um Schaden zu verursachen<br \/>\nDimethylquecksilber ist au\u00dferordentlich giftig, und schon kleine Mengen k\u00f6nnen t\u00f6dlich sein. Man sch\u00e4tzt, dass bereits eine Dosis von wenigen Milligramm, die \u00fcber die Haut aufgenommen wird, zu schweren Vergiftungen und zum Tod f\u00fchren kann.<\/p>\n<p>Anzeichen und Symptome<br \/>\nZu den Symptomen einer Dimethylquecksilbervergiftung geh\u00f6ren:<\/p>\n<p>Erste Symptome: Taubheitsgef\u00fchl und Kribbeln in den Extremit\u00e4ten (Par\u00e4sthesie).<br \/>\nFortschreitende Symptome: Ataxie (Koordinationsverlust), undeutliche Sprache, Sehst\u00f6rungen, Muskelschw\u00e4che und schlie\u00dflich schwere neurologische Sch\u00e4den, die zu Koma und Tod f\u00fchren.<br \/>\nQuellen und Verteilung<br \/>\nDimethylquecksilber wird aufgrund seiner extremen Toxizit\u00e4t weder hergestellt noch kommerziell verwendet. Es wurde bei Vergiftungsunf\u00e4llen im Zusammenhang mit der Laborforschung und in der Industrie verwendet.<\/p>\n<p>Erkennung und Behandlung<br \/>\nErkennung: Die Diagnose basiert auf den Symptomen und einer Vorgeschichte der Exposition gegen\u00fcber Dimethylquecksilber. Mit speziellen Tests kann der Quecksilbergehalt im Blut oder Urin gemessen werden.<br \/>\nBehandlung: Es gibt kein wirksames Gegenmittel f\u00fcr Dimethylquecksilbervergiftungen. Die Behandlung konzentriert sich auf unterst\u00fctzende Ma\u00dfnahmen, einschlie\u00dflich der Unterst\u00fctzung der Atmung, einer Chelattherapie zur Entfernung von Quecksilber aus dem K\u00f6rper und der Behandlung der Symptome.<br \/>\nPr\u00e4vention<br \/>\nSicherheitsma\u00dfnahmen: Strenge Einhaltung von Sicherheitsprotokollen und Verwendung geeigneter pers\u00f6nlicher Schutzausr\u00fcstung (PSA) in Labor- und Industrieumgebungen, in denen mit Quecksilberverbindungen gearbeitet wird. Sensibilisierung und Aufkl\u00e4rung \u00fcber die Gefahren der Dimethylquecksilberexposition.<\/p>\n<p>Schlussfolgerung<br \/>\nDimethylquecksilber ist eine extrem giftige Verbindung, die vor allem bei versehentlicher Exposition in Laboratorien oder in der Industrie erhebliche Risiken f\u00fcr die menschliche Gesundheit birgt. Das Verst\u00e4ndnis der Toxizit\u00e4tsmechanismen, der Vergiftungssymptome und der Pr\u00e4ventivma\u00dfnahmen ist entscheidend f\u00fcr die Minimierung der Risiken und die Gew\u00e4hrleistung einer sicheren Handhabung.<\/p>\n<p><img decoding=\"async\" class=\"wp-image-463 aligncenter\" src=\"https:\/\/poisonshops.com\/wp-content\/uploads\/2025\/11\/tttt-1-204x300.png\" alt=\"Giftladen\" width=\"52\" height=\"77\" srcset=\"https:\/\/poisonshops.com\/wp-content\/uploads\/2025\/11\/tttt-1-204x300.png 204w, https:\/\/poisonshops.com\/wp-content\/uploads\/2025\/11\/tttt-1.png 218w\" sizes=\"(max-width: 52px) 100vw, 52px\" \/><\/p>\n<h3>Dimethylquecksilber-Gift online kaufen<\/h3>\n<p>Gift in gro\u00dfen Mengen f\u00fchrt zum Absterben der Leberzellen, die Vergiftung verl\u00e4uft jedoch ohne schwerwiegende Folgen und beschr\u00e4nkt sich auf eine vor\u00fcbergehende Verschlechterung des Wohlbefindens<\/p>\n<p>Fr\u00fcher wussten die Menschen, wie man jemanden am besten vergiftet. Mit gew\u00f6hnlichem Quecksilber ist dies ganz einfach, denn dieses gef\u00e4hrliche Metall verursacht M\u00fcdigkeit, Kopfschmerzen und Ged\u00e4chtnisverlust. Dar\u00fcber hinaus kann es zu Fieber und Blutdruckabfall kommen. Auch das Verdauungssystem leidet darunter, h\u00e4ufig treten Durchfall und ein metallischer Geschmack im Mund auf. Wird eine erhebliche Menge Quecksilberdampf eingeatmet, ist ein t\u00f6dlicher Ausgang unvermeidlich. Deshalb war dieses Mittel jahrhundertelang eine Waffe f\u00fcr Straft\u00e4ter, die wussten, wie man einen Menschen vergiftet, ohne Spuren des Verbrechens zu hinterlassen.<\/p>\n<p>Die Frage, wie man eine Person vergiften kann, besch\u00e4ftigt nicht nur potenzielle Angreifer, sondern auch ganz normale Internetnutzer. Der Pharmamarkt bietet den Verbrauchern heute eine Vielzahl von Arzneimitteln, von denen einige rezeptfrei erh\u00e4ltlich sind.<\/p>\n<p><img decoding=\"async\" class=\"wp-image-502 aligncenter\" src=\"https:\/\/poisonshops.com\/wp-content\/uploads\/2025\/11\/Bio-Weapons-240x300.png\" alt=\"Biologische Waffen\" width=\"60\" height=\"75\" srcset=\"https:\/\/poisonshops.com\/wp-content\/uploads\/2025\/11\/Bio-Weapons-240x300.png 240w, https:\/\/poisonshops.com\/wp-content\/uploads\/2025\/11\/Bio-Weapons.png 265w\" sizes=\"(max-width: 60px) 100vw, 60px\" \/><\/p>\n<h3>Gifte online kaufen<\/h3>\n<p>Und es gibt auch giftige Substanzen, die es erm\u00f6glichen, den Gegner schnell zu eliminieren oder im Gegenteil eine chronische Krankheit zu verursachen. Altes Wissen und moderne Technologien werden in den H\u00e4nden von Fachleuten zu gef\u00e4hrlichen Waffen.<\/p>\n<p>Fast jeder von uns kennt Kaliumcyanid; zu Beginn des 20. Jahrhunderts war das gef\u00e4hrliche Pulver ein g\u00e4ngiges Mittel, um unerw\u00fcnschte Personen loszuwerden.<\/p>\n<p>Dieses Gift geh\u00f6rt zur Gruppe der Blaus\u00e4urederivate und ist gut wasserl\u00f6slich. Einige Quellen weisen auf einen spezifischen Geruch dieser Substanz hin, der jedoch nicht von allen Menschen tats\u00e4chlich wahrgenommen wird. Kaliumcyanid ist giftig, wenn es verschluckt wird, und es ist gef\u00e4hrlich, Pulverpartikel und L\u00f6sungsd\u00e4mpfe einzuatmen. Die t\u00f6dliche Dosis des Giftes betr\u00e4gt nur wenige Gramm, h\u00e4ngt aber in den meisten F\u00e4llen vom Gewicht und den individuellen K\u00f6rpereigenschaften ab.<\/p>\n<p>Mit Hilfe von Kaliumcyanid kann man einen Menschen schnell vergiften. Der Tod h\u00e4ngt von der Art und Weise ab, wie die Substanz in den K\u00f6rper gelangt. Wenn beispielsweise Partikel eingeatmet werden, zeigt sich die Wirkung des Giftes sofort, und wenn es in den Magen gelangt, beginnt das Gift nach 15 Minuten, irreversible Symptome zu verursachen.<\/p>\n<p>Der Betroffene durchl\u00e4uft mehrere Stadien der Vergiftung. Zun\u00e4chst haben sie Halsschmerzen, dann setzen \u00dcbelkeit und Erbrechen ein, eventuell kommt es zu einem Taubheitsgef\u00fchl im Rachenraum. Mit der Zeit nimmt die allgemeine Schw\u00e4che zu, es entsteht ein Gef\u00fchl der Angst, und der Puls verlangsamt sich. In der Folge kommt es zu Anzeichen wie Kr\u00e4mpfen und Bewusstlosigkeit. Wenn eine ausreichende Dosis Gift in den K\u00f6rper gelangt, stirbt die Person in der Regel innerhalb von 4 Stunden.<\/p>\n<p>Jetzt, wo neue Medikamente auf dem Pharmamarkt erh\u00e4ltlich sind, interessieren sich die Menschen daf\u00fcr, wie man eine Person mit Pillen vergiften kann. Die Liste der gef\u00e4hrlichen Gifte, die bei unsachgem\u00e4\u00dfer Anwendung eingesetzt werden, umfasst die folgenden Arzneimittel:<\/p>\n<ul class=\"wp-block-list\">\n<li>Schlaftabletten \u201cPhenazepam\u201d;<\/li>\n<li>Veratrum-Wasser;<\/li>\n<li>\u201cCorvalol\u201d f\u00e4llt.<\/li>\n<\/ul>\n<p><img decoding=\"async\" class=\"wp-image-176 aligncenter\" src=\"https:\/\/poisonshops.com\/wp-content\/uploads\/2025\/11\/poison_shop_logo-300x171.png\" alt=\"Giftl\u00e4den\" width=\"105\" height=\"60\" srcset=\"https:\/\/poisonshops.com\/wp-content\/uploads\/2025\/11\/poison_shop_logo-300x171.png 300w, https:\/\/poisonshops.com\/wp-content\/uploads\/2025\/11\/poison_shop_logo.png 563w\" sizes=\"(max-width: 105px) 100vw, 105px\" \/><\/p>","protected":false},"excerpt":{"rendered":"<p>Dimethylmercury Overview Dimethylmercury is an organomercury compound known for its extreme toxicity. It is a synthetic compound and is not found naturally in significant amounts in the environment. Mechanism of Action Dimethylmercury is lipid-soluble, allowing it to easily cross cell membranes, including the blood-brain barrier. Inside cells, it disrupts cellular functions by binding to proteins [&hellip;]<\/p>\n","protected":false},"featured_media":328,"comment_status":"open","ping_status":"closed","template":"","meta":[],"product_brand":[],"product_cat":[17],"product_tag":[],"class_list":{"0":"post-111","1":"product","2":"type-product","3":"status-publish","4":"has-post-thumbnail","6":"product_cat-poisons-for-sale","8":"first","9":"instock","10":"featured","11":"shipping-taxable","12":"purchasable","13":"product-type-variable"},"_links":{"self":[{"href":"https:\/\/poisonshops.com\/de\/wp-json\/wp\/v2\/product\/111","targetHints":{"allow":["GET"]}}],"collection":[{"href":"https:\/\/poisonshops.com\/de\/wp-json\/wp\/v2\/product"}],"about":[{"href":"https:\/\/poisonshops.com\/de\/wp-json\/wp\/v2\/types\/product"}],"replies":[{"embeddable":true,"href":"https:\/\/poisonshops.com\/de\/wp-json\/wp\/v2\/comments?post=111"}],"wp:featuredmedia":[{"embeddable":true,"href":"https:\/\/poisonshops.com\/de\/wp-json\/wp\/v2\/media\/328"}],"wp:attachment":[{"href":"https:\/\/poisonshops.com\/de\/wp-json\/wp\/v2\/media?parent=111"}],"wp:term":[{"taxonomy":"product_brand","embeddable":true,"href":"https:\/\/poisonshops.com\/de\/wp-json\/wp\/v2\/product_brand?post=111"},{"taxonomy":"product_cat","embeddable":true,"href":"https:\/\/poisonshops.com\/de\/wp-json\/wp\/v2\/product_cat?post=111"},{"taxonomy":"product_tag","embeddable":true,"href":"https:\/\/poisonshops.com\/de\/wp-json\/wp\/v2\/product_tag?post=111"}],"curies":[{"name":"wp","href":"https:\/\/api.w.org\/{rel}","templated":true}]}}