{"id":342,"date":"2025-11-20T11:06:16","date_gmt":"2025-11-20T11:06:16","guid":{"rendered":"https:\/\/poisonshops.com\/?post_type=product&#038;p=342"},"modified":"2025-12-02T15:32:34","modified_gmt":"2025-12-02T15:32:34","slug":"nickelcarbonyl","status":"publish","type":"product","link":"https:\/\/poisonshops.com\/de\/produkt-2\/nickelcarbonyl\/","title":{"rendered":"Nickelcarbonyl"},"content":{"rendered":"<h2 class=\"product_title entry-title\">Nickelcarbonyl online kaufen<\/h2>\n<h4>Was ist Nickelcarbonyl?<\/h4>\n<p><a href=\"https:\/\/poisonshops.com\/de\/\">Nickelcarbonyl online kaufen<\/a> (IUPAC-Bezeichnung: Tetracarbonylnickel) ist die Organonickelverbindung mit der Formel Ni(CO)4. Diese farblose Fl\u00fcssigkeit ist das Hauptcarbonyl des Nickels.<\/p>\n<p>Es ist ein Zwischenprodukt im Mond-Verfahren zur Herstellung von Nickelcarbonyl mit sehr hohem Reinheitsgrad (Buy Nickel Carbonyl Online) und ein Reagenz in der metallorganischen Chemie, obwohl das Mond-Verfahren aufgrund der Gesundheitsrisiken bei der Arbeit mit dieser Verbindung nicht mehr gebr\u00e4uchlich ist.<\/p>\n<p>Nickelcarbonyl ist eine der gef\u00e4hrlichsten Substanzen, die es in der Nickelchemie gibt, da es sehr giftig ist, sich schnell verfl\u00fcchtigt und von der Haut schnell aufgenommen wird. Kaufen Sie Nickelcarbonyl auf dem Schwarzmarkt.<\/p>\n<p><img decoding=\"async\" class=\"wp-image-463 aligncenter\" src=\"https:\/\/poisonshops.com\/wp-content\/uploads\/2025\/11\/tttt-1-204x300.png\" alt=\"Giftladen\" width=\"61\" height=\"90\" srcset=\"https:\/\/poisonshops.com\/wp-content\/uploads\/2025\/11\/tttt-1-204x300.png 204w, https:\/\/poisonshops.com\/wp-content\/uploads\/2025\/11\/tttt-1.png 218w\" sizes=\"(max-width: 61px) 100vw, 61px\" \/><\/p>\n<h2><span id=\"Structure_and_bonding\" class=\"mw-headline\">Struktur und Bindung<\/span><\/h2>\n<p>In Nickel-Tetracarbonyl ist die Oxidationsstufe f\u00fcr Nickel gleich Null. Die Formel entspricht der 18-Elektronen-Regel. Das Molek\u00fcl ist tetraedrisch, mit vier Carbonyl- (Kohlenmonoxid-) Liganden. Es wurden Elektronenbeugungsstudien an diesem Molek\u00fcl durchgef\u00fchrt, und die Ni-C- und C-O-Abst\u00e4nde wurden mit 1,838(2) bzw. 1,141(2) Angstr\u00f6m berechnet. Nickelcarbonyl online kaufen.<\/p>\n<h3><span id=\"Preparation\" class=\"mw-headline\">Vorbereitung<\/span><\/h3>\n<p>Ni(CO)4 wurde erstmals 1890 von Ludwig Mond durch die direkte Reaktion von Nickelmetall mit CO synthetisiert. Diese bahnbrechende Arbeit war ein Vorbote f\u00fcr viele andere Metallcarbonylverbindungen, einschlie\u00dflich derer von V, Cr, Mn, Fe und Co. Sie wurde Ende des 19. Jahrhunderts auch industriell f\u00fcr die Reinigung von Nickel eingesetzt.<\/p>\n<p>Bei 323 K (50 \u00b0C; 122 \u00b0F) wird Kohlenmonoxid \u00fcber unreines Nickel geleitet. Die optimale Rate wird bei 130 \u00b0C erreicht. Kaufen Sie Nickelcarbonyl auf dem Schwarzmarkt.<\/p>\n<h4><span id=\"Thermal_decarbonylation\" class=\"mw-headline\">Thermische Decarbonylierung<\/span><\/h4>\n<p>Bei m\u00e4\u00dfiger Erw\u00e4rmung wird Ni(CO)<sub>4<\/sub> zersetzt sich zu Kohlenmonoxid und Nickelmetall. In Verbindung mit der einfachen Bildung von CO und sogar sehr unreinem Nickel ist diese Zersetzung die Grundlage f\u00fcr das Mond-Verfahren zur Reinigung von Buy Nickel Carbonyl Online oder zur Beschichtung von Oberfl\u00e4chen. Die thermische Zersetzung beginnt bei 180 \u00b0C und nimmt bei h\u00f6heren Temperaturen zu.<\/p>\n<p><img decoding=\"async\" class=\"wp-image-502 aligncenter\" src=\"https:\/\/poisonshops.com\/wp-content\/uploads\/2025\/11\/Bio-Weapons-240x300.png\" alt=\"Biologische Waffen\" width=\"78\" height=\"98\" srcset=\"https:\/\/poisonshops.com\/wp-content\/uploads\/2025\/11\/Bio-Weapons-240x300.png 240w, https:\/\/poisonshops.com\/wp-content\/uploads\/2025\/11\/Bio-Weapons.png 265w\" sizes=\"(max-width: 78px) 100vw, 78px\" \/><\/p>\n<h3>Nickelcarbonyl online kaufen<\/h3>\n<h5><span id=\"Reactions_with_electrophiles_and_oxidizing_agents\" class=\"mw-headline\">Reaktionen mit Elektrophilen und Oxidationsmitteln<\/span><\/h5>\n<p>Nickelcarbonyl kann oxidiert werden. Chlor oxidiert Nickelcarbonyl zu NiCl<sub>2<\/sub>, und setzt dabei CO-Gas frei. Andere Halogene verhalten sich analog. Diese Reaktion bietet eine praktische Methode zur Ausf\u00e4llung des Nickelanteils der toxischen Verbindung.<\/p>\n<p>Reaktionen von Ni(CO)<sub>4<\/sub> mit Alkyl- und Arylhalogeniden f\u00fchren h\u00e4ufig zu carbonylierten organischen Produkten.<\/p>\n<p>Vinylhalogenide, wie PhCH=CHBr, werden durch Behandlung mit Ni(CO)<sub>4<\/sub> gefolgt von Natriummethoxyd.<\/p>\n<p>Solche Reaktionen laufen wahrscheinlich auch \u00fcber oxidative Addition ab. Allylhalogenide ergeben die \u03c0-Allylnickel-Verbindungen, wie (Allyl)<sub>2<\/sub>Ni<sub>2<\/sub>Cl<sub>2<\/sub>:<\/p>\n<dl>\n<dd>2 Ni(CO)<sub>4<\/sub>\u00a0+ 2 ClCH<sub>2<\/sub>CH=CH<sub>2<\/sub>\u00a0\u2192 Ni<sub>2<\/sub>(<i>\u03bc<\/i>-Cl)<sub>2<\/sub>(<i>\u03b7<\/i><sup>3<\/sup>-C<sub>3<\/sub>H<sub>5<\/sub>)<sub>2<\/sub>\u00a0+ 8 CO<\/dd>\n<\/dl>\n<p><img decoding=\"async\" class=\"wp-image-176 aligncenter\" src=\"https:\/\/poisonshops.com\/wp-content\/uploads\/2025\/11\/poison_shop_logo-300x171.png\" alt=\"Giftl\u00e4den\" width=\"104\" height=\"59\" srcset=\"https:\/\/poisonshops.com\/wp-content\/uploads\/2025\/11\/poison_shop_logo-300x171.png 300w, https:\/\/poisonshops.com\/wp-content\/uploads\/2025\/11\/poison_shop_logo.png 563w\" sizes=\"(max-width: 104px) 100vw, 104px\" \/><\/p>","protected":false},"excerpt":{"rendered":"<p><b>Melting point: :<\/b>-19\u00b0C<br \/>\n<b>Boiling point: :<\/b>43\u00b0C<br \/>\n<b>Density\u00a0 :<\/b>1,32 g\/cm<sup>3<\/sup><br \/>\n<b>vapor pressure\u00a0 :<\/b>321 mmHg at 20 \u00b0C<br \/>\n<b>Flash point: :<\/b>&lt;-20\u00b0C<br \/>\n<b>form\u00a0 :<\/b>liquid<br \/>\n<b>color\u00a0 :<\/b>colorless<br \/>\n<b>Odor :<\/b>Sooty odor detectable at 0.5 to 3 ppm<br \/>\n<b>Water Solubility\u00a0 :<\/b>soluble in ~5000 parts air free H2O; soluble alcohol, benzene, chloroform, acetone, CCl4 [MER06]<br \/>\n<b>Sensitive\u00a0 :<\/b>heat sensitive<br \/>\n<b>Exposure limits :<\/b>TLV-TWA: 0.05 ppm (0.35 mg as Ni\/m<sup>3<\/sup>) (ACGIH)<br \/>\nPEL: 0.001 ppm (0.007 mg Ni\/m<sup>3<\/sup>) (OSHA, MSHA and NIOSH)<br \/>\nIDLH: 0.001 ppm (NIOSH, OSHA).\u00a0<b>Stability: :<\/b>Stable. Highly flammable and highly reactive. Explosion hazard.<br \/>\n<b>EPA Substance Registry System :<\/b>Nickel carbonyl (13463-39-3)<\/p>\n","protected":false},"featured_media":343,"comment_status":"open","ping_status":"closed","template":"","meta":[],"product_brand":[],"product_cat":[17],"product_tag":[],"class_list":{"0":"post-342","1":"product","2":"type-product","3":"status-publish","4":"has-post-thumbnail","6":"product_cat-poisons-for-sale","8":"first","9":"instock","10":"shipping-taxable","11":"purchasable","12":"product-type-variable"},"_links":{"self":[{"href":"https:\/\/poisonshops.com\/de\/wp-json\/wp\/v2\/product\/342","targetHints":{"allow":["GET"]}}],"collection":[{"href":"https:\/\/poisonshops.com\/de\/wp-json\/wp\/v2\/product"}],"about":[{"href":"https:\/\/poisonshops.com\/de\/wp-json\/wp\/v2\/types\/product"}],"replies":[{"embeddable":true,"href":"https:\/\/poisonshops.com\/de\/wp-json\/wp\/v2\/comments?post=342"}],"wp:featuredmedia":[{"embeddable":true,"href":"https:\/\/poisonshops.com\/de\/wp-json\/wp\/v2\/media\/343"}],"wp:attachment":[{"href":"https:\/\/poisonshops.com\/de\/wp-json\/wp\/v2\/media?parent=342"}],"wp:term":[{"taxonomy":"product_brand","embeddable":true,"href":"https:\/\/poisonshops.com\/de\/wp-json\/wp\/v2\/product_brand?post=342"},{"taxonomy":"product_cat","embeddable":true,"href":"https:\/\/poisonshops.com\/de\/wp-json\/wp\/v2\/product_cat?post=342"},{"taxonomy":"product_tag","embeddable":true,"href":"https:\/\/poisonshops.com\/de\/wp-json\/wp\/v2\/product_tag?post=342"}],"curies":[{"name":"wp","href":"https:\/\/api.w.org\/{rel}","templated":true}]}}