{"id":356,"date":"2025-11-20T11:12:11","date_gmt":"2025-11-20T11:12:11","guid":{"rendered":"https:\/\/poisonshops.com\/?post_type=product&#038;p=356"},"modified":"2025-12-02T14:50:03","modified_gmt":"2025-12-02T14:50:03","slug":"kaliumcyanid-gift-kaufen","status":"publish","type":"product","link":"https:\/\/poisonshops.com\/de\/produkt-2\/kaliumcyanid-gift-kaufen\/","title":{"rendered":"Kaliumcyanid"},"content":{"rendered":"<h2>Kaliumcyanid-Gift kaufen<\/h2>\n<p><strong>Kaliumcyanid (KCN)<\/strong> ist eine hochgiftige Verbindung, die f\u00fcr ihre schnelle und t\u00f6dliche Wirkung bekannt ist, wenn sie eingenommen oder eingeatmet wird. Sie wird in verschiedenen industriellen Anwendungen eingesetzt, ist aber vor allem als Gift ber\u00fcchtigt. Im Folgenden finden Sie die wichtigsten Informationen \u00fcber Kaliumcyanid, einschlie\u00dflich seiner Verwendungszwecke, seiner t\u00f6dlichen Wirkung, seiner Darreichungsformen und der f\u00fcr eine t\u00f6dliche Wirkung erforderlichen Menge. Kaufen Sie Kaliumcyanid-Gift sicher online.<\/p>\n<h3>Was ist Kaliumcyanid?<\/h3>\n<p>Kaliumcyanid ist eine wei\u00dfe, kristalline Verbindung mit der folgenden chemischen Formel\u00a0<strong>KCN<\/strong>. Es hat einen schwachen mandel\u00e4hnlichen Geruch, der jedoch aufgrund genetischer Faktoren nicht von jedem wahrgenommen werden kann. Kaliumcyanid ist gut wasserl\u00f6slich und kann bei Kontakt mit S\u00e4uren oder Wasser t\u00f6dliches Blaus\u00e4uregas freisetzen. Anonym Gift online kaufen.<\/p>\n<h3>Verwendungen von Kaliumcyanid<\/h3>\n<p>1.\u00a0<strong>Goldabbau und -gewinnung<\/strong>: Kaliumcyanid wird in der Bergbauindustrie h\u00e4ufig zur Gewinnung von Gold und Silber aus Erzen in einem Verfahren namens Cyanidation verwendet.<\/p>\n<p>2.\u00a0<strong>Galvanik<\/strong>: Es wird in der Galvanotechnik verwendet, um Metalle wie Silber, Gold und andere Edelmetalle zu dekorativen und sch\u00fctzenden Zwecken zu beschichten.<\/p>\n<p>3. <strong>Chemische Synthese<\/strong>: Kaliumcyanid wird in der organischen Chemie f\u00fcr die Synthese von Nitrilen und anderen cyanidhaltigen Verbindungen verwendet.<\/p>\n<p>4. <strong>Schmuck und Metallveredelung:<\/strong>\u00a0In der Schmuckindustrie wird Kaliumcyanid manchmal zum Reinigen oder Polieren von Metallen verwendet.<\/p>\n<p>5. <strong>Historische Verwendung als Gift:<\/strong> KCN wurde in der Vergangenheit als t\u00f6dliches Gift bei Spionage, Selbstmord und Hinrichtungen verwendet. Kaufen Sie Kaliumcyanid-Gift.<\/p>\n<h3>Wie Kaliumcyanid t\u00f6tet<\/h3>\n<p>Kaliumcyanid wirkt t\u00f6dlich, indem es die Zellatmung hemmt, die f\u00fcr die Energiegewinnung unerl\u00e4sslich ist. Und so funktioniert es:<\/p>\n<p>\u2013 <strong>Mechanismus der Wirkung:<\/strong>\u00a0Bei Verschlucken, Einatmen oder Absorption setzt Kaliumcyanid<strong>\u00a0Cyanid-Ionen (CN-)<\/strong>, die sich an das Enzym binden\u00a0<strong>Cytochrom-C-Oxidase<\/strong>\u00a0in den Mitochondrien der Zellen. Dieses Enzym spielt eine Schl\u00fcsselrolle in der Elektronentransportkette, die f\u00fcr die Produktion von ATP (Adenosintriphosphat), der Energiew\u00e4hrung der Zelle, unerl\u00e4sslich ist.<\/p>\n<p>\u2013<strong>\u00a0Ergebnis:<\/strong>\u00a0Cyanid hindert die Mitochondrien daran, Sauerstoff zu nutzen, wodurch die aerobe Atmung zum Erliegen kommt. Ohne Energieproduktion beginnen die Zellen - vor allem in lebenswichtigen Organen wie Herz und Gehirn - rasch abzusterben.<\/p>\n<p>\u2013 <strong>Symptome und Ausbruch:<\/strong> Zu den Symptomen einer Zyanidvergiftung geh\u00f6ren \u00dcbelkeit, Schwindelgef\u00fchl, Atemnot, Kr\u00e4mpfe und Bewusstlosigkeit. Der Tod kann innerhalb von Minuten durch Herzstillstand oder Atemstillstand eintreten, je nach Dosis und Expositionsweg. Kaliumcyanid-Gift zu verkaufen.<\/p>\n<h3>Kaliumcyanid-Gift zu verkaufen<\/h3>\n<p><img decoding=\"async\" class=\"wp-image-463 aligncenter\" src=\"https:\/\/poisonshops.com\/wp-content\/uploads\/2025\/11\/tttt-1-204x300.png\" alt=\"Giftladen\" width=\"63\" height=\"93\" srcset=\"https:\/\/poisonshops.com\/wp-content\/uploads\/2025\/11\/tttt-1-204x300.png 204w, https:\/\/poisonshops.com\/wp-content\/uploads\/2025\/11\/tttt-1.png 218w\" sizes=\"(max-width: 63px) 100vw, 63px\" \/><\/p>\n<h3>Formen von Kaliumcyanid<\/h3>\n<p>1.\u00a0<strong>Fest (kristallin\/Pulver):**<\/strong>\u00a0Kaliumcyanid liegt in der Regel als wei\u00dfer kristalliner Feststoff oder in Pulverform vor.<\/p>\n<p>2. <strong>L\u00f6sung:<\/strong>\u00a0Es kann in Wasser oder anderen Fl\u00fcssigkeiten aufgel\u00f6st werden und eine hochgiftige L\u00f6sung bilden. Diese Form ist auch deshalb gef\u00e4hrlich, weil sie Folgendes freisetzen kann\u00a0<strong>Blaus\u00e4uregas\u00a0<\/strong>wenn es mit S\u00e4uren in Ber\u00fchrung kommt.<\/p>\n<p>3. <strong>Tabletten oder Kapseln:<\/strong>\u00a0In einigen F\u00e4llen wurde Kaliumcyanid in Form von Tabletten oder Kapseln formuliert, die in der Vergangenheit bei der Spionage zum Selbstmord verwendet wurden, um der Gefangennahme zu entgehen.<\/p>\n<h3>T\u00f6dliche Dosis von Kaliumcyanid<\/h3>\n<p>\u2013\u00a0<strong>Orale t\u00f6dliche Dosis (LD50)<\/strong>: Die gesch\u00e4tzte\u00a0<strong>die t\u00f6dliche Dosis f\u00fcr den Menschen liegt zwischen 200 und 300 mg, d. h. 2 bis 3 mg pro Kilogramm K\u00f6rpergewicht<\/strong>\u00a0bei Verschlucken.<\/p>\n<p>\u2013<strong>\u00a0Einatmen<\/strong>: Das Einatmen von Kaliumcyanid oder seiner gasf\u00f6rmigen Form, Cyanwasserstoff, kann bereits in Konzentrationen von wenigen Gramm t\u00f6dlich sein.<strong>\u00a0100-300 ppm (Teile pro Million)<\/strong>. Die Inhalation f\u00fchrt zu einer schnelleren Absorption und kann im Vergleich zur Einnahme zu einer unmittelbareren Wirkung f\u00fchren.<\/p>\n<p>\u2013 <strong>Menge zum T\u00f6ten:<\/strong>\u00a0Ein paar hundert Milligramm Kaliumcyanid (etwa die Gr\u00f6\u00dfe eines Reiskorns) k\u00f6nnen ausreichen, um einen erwachsenen Menschen zu t\u00f6ten. F\u00fcr kleinere Personen oder Menschen mit schlechtem Gesundheitszustand k\u00f6nnen sogar noch kleinere Mengen t\u00f6dlich sein.<\/p>\n<p><img decoding=\"async\" class=\"wp-image-502 aligncenter\" src=\"https:\/\/poisonshops.com\/wp-content\/uploads\/2025\/11\/Bio-Weapons-240x300.png\" alt=\"Biologische Waffen\" width=\"61\" height=\"76\" srcset=\"https:\/\/poisonshops.com\/wp-content\/uploads\/2025\/11\/Bio-Weapons-240x300.png 240w, https:\/\/poisonshops.com\/wp-content\/uploads\/2025\/11\/Bio-Weapons.png 265w\" sizes=\"(max-width: 61px) 100vw, 61px\" \/><\/p>\n<h3>Kaliumcyanid - Sicherheit und rechtliche Erw\u00e4gungen<\/h3>\n<p>\u2013\u00a0<strong>Vorsichtsma\u00dfnahmen bei der Handhabung<\/strong>: Kaliumcyanid ist aufgrund seiner extremen Toxizit\u00e4t eine kontrollierte Substanz. Die Handhabung erfordert eine Schutzausr\u00fcstung, einschlie\u00dflich Handschuhen und Schutzbrille, sowie eine angemessene Bel\u00fcftung, um ein Einatmen zu vermeiden. Gifte online kaufen.<\/p>\n<p><strong>- Beseitigung:<\/strong> Kaliumcyanid muss gem\u00e4\u00df den Vorschriften f\u00fcr gef\u00e4hrliche Stoffe entsorgt werden, was h\u00e4ufig eine Neutralisierung mit Bleichmittel oder Wasserstoffperoxid unter kontrollierten Bedingungen beinhaltet. Kaliumcyanid-Gift kaufen.<\/p>\n<p>\u2013 <strong>Rechtliche Beschr\u00e4nkungen<\/strong>: Der Verkauf, der Besitz und die Verwendung von Kaliumcyanid sind in den meisten L\u00e4ndern streng geregelt. Die unbefugte Verwendung, insbesondere zu sch\u00e4dlichen Zwecken, ist illegal und kann schwere Strafen nach sich ziehen. Kaliumcyanid-Gift online zu verkaufen.<\/p>\n<h3>Schlussfolgerung<\/h3>\n<p>Kaliumcyanid ist eine hochgiftige Chemikalie, die die F\u00e4higkeit des K\u00f6rpers, Sauerstoff zu nutzen, hemmt, was zu einem schnellen Tod durch Atem- oder Herzversagen f\u00fchrt. Selbst kleine Mengen k\u00f6nnen t\u00f6dlich sein, und seine Verwendung ist in erster Linie auf industrielle Prozesse unter strengen Sicherheitsvorschriften beschr\u00e4nkt. Der Umgang mit Kaliumcyanid erfordert \u00e4u\u00dferste Vorsicht, da die Gefahr einer t\u00f6dlichen Vergiftung durch Verschlucken, Einatmen oder Hautabsorption besteht. Kaufen Sie Kaliumcyanid Online gesichert diskreten Versand.<\/p>\n<p><img decoding=\"async\" class=\"wp-image-176 aligncenter\" src=\"https:\/\/poisonshops.com\/wp-content\/uploads\/2025\/11\/poison_shop_logo-300x171.png\" alt=\"Giftl\u00e4den\" width=\"91\" height=\"52\" srcset=\"https:\/\/poisonshops.com\/wp-content\/uploads\/2025\/11\/poison_shop_logo-300x171.png 300w, https:\/\/poisonshops.com\/wp-content\/uploads\/2025\/11\/poison_shop_logo.png 563w\" sizes=\"(max-width: 91px) 100vw, 91px\" \/><\/p>","protected":false},"excerpt":{"rendered":"<p>Buy Potasium Cyanide Poison Potassium cyanide (KCN) is a highly toxic compound commonly known for its rapid and lethal effects when ingested or inhaled. It is used in various industrial applications but is notorious for its use as a poison. Below are key details about potassium cyanide, including its uses, how it kills, forms it [&hellip;]<\/p>\n","protected":false},"featured_media":357,"comment_status":"open","ping_status":"closed","template":"","meta":[],"product_brand":[],"product_cat":[17],"product_tag":[],"class_list":{"0":"post-356","1":"product","2":"type-product","3":"status-publish","4":"has-post-thumbnail","6":"product_cat-poisons-for-sale","8":"first","9":"instock","10":"shipping-taxable","11":"purchasable","12":"product-type-simple"},"_links":{"self":[{"href":"https:\/\/poisonshops.com\/de\/wp-json\/wp\/v2\/product\/356","targetHints":{"allow":["GET"]}}],"collection":[{"href":"https:\/\/poisonshops.com\/de\/wp-json\/wp\/v2\/product"}],"about":[{"href":"https:\/\/poisonshops.com\/de\/wp-json\/wp\/v2\/types\/product"}],"replies":[{"embeddable":true,"href":"https:\/\/poisonshops.com\/de\/wp-json\/wp\/v2\/comments?post=356"}],"wp:featuredmedia":[{"embeddable":true,"href":"https:\/\/poisonshops.com\/de\/wp-json\/wp\/v2\/media\/357"}],"wp:attachment":[{"href":"https:\/\/poisonshops.com\/de\/wp-json\/wp\/v2\/media?parent=356"}],"wp:term":[{"taxonomy":"product_brand","embeddable":true,"href":"https:\/\/poisonshops.com\/de\/wp-json\/wp\/v2\/product_brand?post=356"},{"taxonomy":"product_cat","embeddable":true,"href":"https:\/\/poisonshops.com\/de\/wp-json\/wp\/v2\/product_cat?post=356"},{"taxonomy":"product_tag","embeddable":true,"href":"https:\/\/poisonshops.com\/de\/wp-json\/wp\/v2\/product_tag?post=356"}],"curies":[{"name":"wp","href":"https:\/\/api.w.org\/{rel}","templated":true}]}}