{"id":358,"date":"2025-11-20T11:15:12","date_gmt":"2025-11-20T11:15:12","guid":{"rendered":"https:\/\/poisonshops.com\/?post_type=product&#038;p=358"},"modified":"2025-12-02T14:34:32","modified_gmt":"2025-12-02T14:34:32","slug":"rizin-gift-kaufen","status":"publish","type":"product","link":"https:\/\/poisonshops.com\/de\/produkt-2\/rizin-gift-kaufen\/","title":{"rendered":"Ricin-Gift (irreversibles Gift)"},"content":{"rendered":"<h2>Ricin-Gift kaufen<\/h2>\n<h4>\u00dcbersicht<\/h4>\n<p>Rizin ist ein nat\u00fcrlich vorkommendes Protein, das aus den Samen der Rizinuspflanze gewonnen wird. Es gilt als starkes Gift und kann schon in sehr geringen Mengen t\u00f6dlich sein. Rizin-Gift sicher online kaufen.<\/p>\n<h4>Mechanismus der Wirkung<\/h4>\n<p>Rizin wirkt, indem es die Proteinsynthese in den Zellen hemmt, was zum Zelltod f\u00fchrt. Es bindet an die Ribosomen, die f\u00fcr die Proteinproduktion zust\u00e4ndigen Zellstrukturen, und verhindert so, dass die Zellen wichtige Proteine herstellen. Rizin Irreversibles Gift online kaufen.<\/p>\n<h4>Wie es t\u00f6tet<\/h4>\n<p>Bei Verschlucken, Einatmen oder Injektion kann Ricin schwere Zell- und Gewebesch\u00e4den verursachen, die zu multiplem Organversagen und Tod f\u00fchren. Die Symptome und der Beginn der Toxizit\u00e4t h\u00e4ngen von der Art der Exposition ab. Wie man Ricin Irreversible Poison im Dark Web bestellt.<\/p>\n<h4>Zum T\u00f6ten ben\u00f6tigte Menge<\/h4>\n<p>Rizin ist extrem wirksam; die gesch\u00e4tzte t\u00f6dliche Dosis (LD50) f\u00fcr den Menschen liegt bei etwa 1-20 Mikrogramm pro Kilogramm K\u00f6rpergewicht, je nach Art der Exposition. Dies macht es zu einer der t\u00f6dlichsten bekannten Substanzen.<\/p>\n<h4>Anzeichen und Symptome<\/h4>\n<p>Die Symptome einer Rizin-Vergiftung sind je nach Expositionsweg unterschiedlich, k\u00f6nnen aber folgende sein:<\/p>\n<ul>\n<li><strong>Verschlucken<\/strong>: Unterleibsschmerzen, Erbrechen, Durchfall und Organversagen.<\/li>\n<li><strong>Einatmen<\/strong>: Atembeschwerden, Husten, Fieber und m\u00f6glicherweise t\u00f6dliches Lungen\u00f6dem.<\/li>\n<li><strong>Einspritzung<\/strong>: Lokalisierte Schmerzen, Schwellungen und Organsch\u00e4den.<\/li>\n<\/ul>\n<h4>Formulare und Antr\u00e4ge<\/h4>\n<p>Rizin kann aus Rizinusbohnen extrahiert und zu einem wei\u00dfen Pulver oder Pellets gereinigt werden. Es wird in Forschungslabors wegen seiner toxischen Eigenschaften verwendet und wurde auch als chemische Waffe in Betracht gezogen.<\/p>\n<p><img decoding=\"async\" class=\"wp-image-463 aligncenter\" src=\"https:\/\/poisonshops.com\/wp-content\/uploads\/2025\/11\/tttt-1-204x300.png\" alt=\"Giftladen\" width=\"46\" height=\"68\" srcset=\"https:\/\/poisonshops.com\/wp-content\/uploads\/2025\/11\/tttt-1-204x300.png 204w, https:\/\/poisonshops.com\/wp-content\/uploads\/2025\/11\/tttt-1.png 218w\" sizes=\"(max-width: 46px) 100vw, 46px\" \/><\/p>\n<h4>Anwesenheit und Quellen<\/h4>\n<ul>\n<li><strong>Nat\u00fcrliche Quelle<\/strong>: Enthalten in den Samen der Rizinuspflanze, haupts\u00e4chlich\u00a0<em>Rizinus communis<\/em>.<\/li>\n<li><strong>Industrielle Nutzung<\/strong>: Begrenzte industrielle Anwendungen aufgrund seiner Toxizit\u00e4t, haupts\u00e4chlich in der Forschung und m\u00f6glicherweise in der Biowaffenentwicklung. Rizin Irreversibles Gift zum Verkauf.<\/li>\n<\/ul>\n<h4>Sichere Handhabung<\/h4>\n<p>Aufgrund seiner extremen Toxizit\u00e4t muss Ricin mit \u00e4u\u00dferster Vorsicht gehandhabt werden:<\/p>\n<ul>\n<li><strong>Schutz<\/strong>: Beim Umgang mit Ricin sollte eine vollst\u00e4ndige Schutzausr\u00fcstung, einschlie\u00dflich Handschuhen, Masken und Schutzbrillen, getragen werden.<\/li>\n<li><strong>Eind\u00e4mmung<\/strong>: Rizin sollte in sicheren, gekennzeichneten Beh\u00e4ltern gelagert werden, um eine versehentliche Exposition zu verhindern.<\/li>\n<li><strong>Entsorgung<\/strong>: Die Entsorgung sollte nach strengen Richtlinien erfolgen, um eine Verunreinigung der Umwelt zu vermeiden.<\/li>\n<\/ul>\n<h3>Rizin Irreversibles Gift zu verkaufen<\/h3>\n<p><img decoding=\"async\" class=\"wp-image-502 aligncenter\" src=\"https:\/\/poisonshops.com\/wp-content\/uploads\/2025\/11\/Bio-Weapons-240x300.png\" alt=\"Biologische Waffen\" width=\"64\" height=\"80\" srcset=\"https:\/\/poisonshops.com\/wp-content\/uploads\/2025\/11\/Bio-Weapons-240x300.png 240w, https:\/\/poisonshops.com\/wp-content\/uploads\/2025\/11\/Bio-Weapons.png 265w\" sizes=\"(max-width: 64px) 100vw, 64px\" \/><\/p>\n<h4>Behandlung und Gegenmittel<\/h4>\n<p>Derzeit gibt es kein Gegenmittel f\u00fcr Ricin-Vergiftungen. Die Behandlung ist in erster Linie unterst\u00fctzend und konzentriert sich auf die Behandlung der Symptome und die Vermeidung einer weiteren Exposition. Rizin-Gift online kaufen.<\/p>\n<h4>Schlussfolgerung<\/h4>\n<p>Rizin ist ein starkes, aus der Rizinuspflanze gewonnenes Toxin, das f\u00fcr seine t\u00f6dliche Wirkung auf Zellen und Gewebe bekannt ist. Das Verst\u00e4ndnis seiner Mechanismen, potenziellen Gefahren und angemessenen Handhabungsverfahren ist entscheidend f\u00fcr die Minderung der mit der Exposition verbundenen Risiken. So bestellen Sie Ricin Irreversible Poison im Dark Web.<\/p>\n<p><img decoding=\"async\" class=\"wp-image-176 aligncenter\" src=\"https:\/\/poisonshops.com\/wp-content\/uploads\/2025\/11\/poison_shop_logo-300x171.png\" alt=\"Giftl\u00e4den\" width=\"96\" height=\"55\" srcset=\"https:\/\/poisonshops.com\/wp-content\/uploads\/2025\/11\/poison_shop_logo-300x171.png 300w, https:\/\/poisonshops.com\/wp-content\/uploads\/2025\/11\/poison_shop_logo.png 563w\" sizes=\"(max-width: 96px) 100vw, 96px\" \/><\/p>","protected":false},"excerpt":{"rendered":"<p>Buy Ricin Poison Overview Ricin is a naturally occurring protein derived from the seeds of the castor bean plant. It is considered a potent toxin and can be fatal even in very small amounts. Buy Ricin Poison online safely. Mechanism of Action Ricin works by inhibiting protein synthesis in cells, leading to cell death. It [&hellip;]<\/p>\n","protected":false},"featured_media":359,"comment_status":"open","ping_status":"closed","template":"","meta":[],"product_brand":[],"product_cat":[17],"product_tag":[],"class_list":{"0":"post-358","1":"product","2":"type-product","3":"status-publish","4":"has-post-thumbnail","6":"product_cat-poisons-for-sale","8":"first","9":"instock","10":"shipping-taxable","11":"purchasable","12":"product-type-variable"},"_links":{"self":[{"href":"https:\/\/poisonshops.com\/de\/wp-json\/wp\/v2\/product\/358","targetHints":{"allow":["GET"]}}],"collection":[{"href":"https:\/\/poisonshops.com\/de\/wp-json\/wp\/v2\/product"}],"about":[{"href":"https:\/\/poisonshops.com\/de\/wp-json\/wp\/v2\/types\/product"}],"replies":[{"embeddable":true,"href":"https:\/\/poisonshops.com\/de\/wp-json\/wp\/v2\/comments?post=358"}],"wp:featuredmedia":[{"embeddable":true,"href":"https:\/\/poisonshops.com\/de\/wp-json\/wp\/v2\/media\/359"}],"wp:attachment":[{"href":"https:\/\/poisonshops.com\/de\/wp-json\/wp\/v2\/media?parent=358"}],"wp:term":[{"taxonomy":"product_brand","embeddable":true,"href":"https:\/\/poisonshops.com\/de\/wp-json\/wp\/v2\/product_brand?post=358"},{"taxonomy":"product_cat","embeddable":true,"href":"https:\/\/poisonshops.com\/de\/wp-json\/wp\/v2\/product_cat?post=358"},{"taxonomy":"product_tag","embeddable":true,"href":"https:\/\/poisonshops.com\/de\/wp-json\/wp\/v2\/product_tag?post=358"}],"curies":[{"name":"wp","href":"https:\/\/api.w.org\/{rel}","templated":true}]}}