{"id":388,"date":"2025-11-20T11:34:02","date_gmt":"2025-11-20T11:34:02","guid":{"rendered":"https:\/\/poisonshops.com\/?post_type=product&#038;p=388"},"modified":"2025-12-02T14:35:34","modified_gmt":"2025-12-02T14:35:34","slug":"kaliumcyanid-kaufen","status":"publish","type":"product","link":"https:\/\/poisonshops.com\/de\/produkt-2\/kaliumcyanid-kaufen\/","title":{"rendered":"Kaliumcyanid"},"content":{"rendered":"<h2>Kaliumcyanid kaufen<\/h2>\n<p><strong>Kaliumcyanid (KCN)<\/strong> ist eine hochgiftige Verbindung, die f\u00fcr ihre schnelle und t\u00f6dliche Wirkung bekannt ist, wenn sie verschluckt oder eingeatmet wird. Sie wird in verschiedenen industriellen Anwendungen eingesetzt, ist aber vor allem als Gift ber\u00fcchtigt. Im Folgenden finden Sie die wichtigsten Informationen \u00fcber Kaliumcyanid, einschlie\u00dflich seiner Verwendungszwecke, seiner t\u00f6dlichen Wirkung, seiner Darreichungsformen und der f\u00fcr eine t\u00f6dliche Wirkung erforderlichen Menge. Kaliumcyanid kaufen.<\/p>\n<h3>Was ist Kaliumcyanid?<\/h3>\n<p>Kaliumcyanid ist eine wei\u00dfe, kristalline Verbindung mit der folgenden chemischen Formel\u00a0<strong>KCN<\/strong>. Es hat einen schwachen mandel\u00e4hnlichen Geruch, der jedoch aufgrund genetischer Faktoren nicht von jedem wahrgenommen werden kann. Kaliumcyanid ist gut wasserl\u00f6slich und kann bei Kontakt mit S\u00e4uren oder Wasser t\u00f6dliches Blaus\u00e4uregas freisetzen. Kaliumcyanid zu verkaufen.<\/p>\n<h3>Verwendungen von Kaliumcyanid<\/h3>\n<p>1.\u00a0<strong>Goldabbau und -gewinnung<\/strong>: Kaliumcyanid wird in der Bergbauindustrie h\u00e4ufig zur Gewinnung von Gold und Silber aus Erzen in einem als Cyanidation bezeichneten Verfahren verwendet. Kaliumcyanid-Lieferanten.<\/p>\n<p>2.\u00a0<strong>Galvanik<\/strong>: Es wird in der Galvanotechnik verwendet, um Metalle wie Silber, Gold und andere Edelmetalle zu dekorativen und sch\u00fctzenden Zwecken zu beschichten.<\/p>\n<p>3. <strong>Chemische Synthese<\/strong>: Kaliumcyanid wird in der organischen Chemie f\u00fcr die Synthese von Nitrilen und anderen cyanidhaltigen Verbindungen verwendet.<\/p>\n<p>4. <strong>Schmuck und Metallveredelung:<\/strong>\u00a0In der Schmuckindustrie wird Kaliumcyanid manchmal zum Reinigen oder Polieren von Metallen verwendet.<\/p>\n<p>5. <strong>Historische Verwendung als Gift:<\/strong> KCN wurde in der Vergangenheit als t\u00f6dliches Gift bei Spionage, Selbstmord und Hinrichtungen eingesetzt. Kaliumcyanid zu verkaufen.<\/p>\n<h3>Wie Kaliumcyanid t\u00f6tet<\/h3>\n<p>Kaliumcyanid wirkt t\u00f6dlich, indem es die Zellatmung hemmt, die f\u00fcr die Energiegewinnung unerl\u00e4sslich ist. Und so funktioniert es:<\/p>\n<p>\u2013 <strong>Mechanismus der Wirkung:<\/strong>\u00a0Bei Verschlucken, Einatmen oder Absorption setzt Kaliumcyanid<strong>\u00a0Cyanid-Ionen (CN-)<\/strong>, die sich an das Enzym binden\u00a0<strong>Cytochrom-C-Oxidase<\/strong>\u00a0in den Mitochondrien der Zellen. Dieses Enzym spielt eine Schl\u00fcsselrolle in der Elektronentransportkette, die f\u00fcr die Produktion von ATP (Adenosintriphosphat), der Energiew\u00e4hrung der Zelle, unerl\u00e4sslich ist.<\/p>\n<p>\u2013<strong>\u00a0Ergebnis:<\/strong> Cyanid hindert die Mitochondrien daran, Sauerstoff zu nutzen, wodurch die aerobe Atmung zum Erliegen kommt. Ohne Energieproduktion beginnen die Zellen - vor allem in lebenswichtigen Organen wie Herz und Gehirn - rasch abzusterben. Kaliumcyanid-Lieferanten.<\/p>\n<p>\u2013 <strong>Symptome und Ausbruch:<\/strong>\u00a0Zu den Symptomen einer Zyanidvergiftung geh\u00f6ren \u00dcbelkeit, Schwindelgef\u00fchl, Atemnot, Kr\u00e4mpfe und Bewusstlosigkeit. Je nach Dosis und Expositionsweg kann der Tod innerhalb von Minuten durch Herzstillstand oder Atemstillstand eintreten.<\/p>\n<h3>Formen von Kaliumcyanid<\/h3>\n<p>1.\u00a0<strong>Fest (kristallin\/Pulver):**<\/strong>\u00a0Kaliumcyanid liegt in der Regel als wei\u00dfer kristalliner Feststoff oder in Pulverform vor.<\/p>\n<p>2. <strong>L\u00f6sung:<\/strong>\u00a0Es kann in Wasser oder anderen Fl\u00fcssigkeiten aufgel\u00f6st werden und eine hochgiftige L\u00f6sung bilden. Diese Form ist auch deshalb gef\u00e4hrlich, weil sie Folgendes freisetzen kann\u00a0<strong>Blaus\u00e4uregas\u00a0<\/strong>wenn es mit S\u00e4uren in Ber\u00fchrung kommt.<\/p>\n<p>3. <strong>Tabletten oder Kapseln:<\/strong> In einigen F\u00e4llen wurde Kaliumcyanid in Form von Tabletten oder Kapseln formuliert, die in der Vergangenheit in der Spionage zum Selbstmord verwendet wurden, um eine Gefangennahme zu vermeiden. Kaliumcyanid online kaufen.<\/p>\n<h3>Kaliumcyanid zu verkaufen<\/h3>\n<p><img decoding=\"async\" class=\"wp-image-463 aligncenter\" src=\"https:\/\/poisonshops.com\/wp-content\/uploads\/2025\/11\/tttt-1-204x300.png\" alt=\"Giftladen\" width=\"68\" height=\"100\" srcset=\"https:\/\/poisonshops.com\/wp-content\/uploads\/2025\/11\/tttt-1-204x300.png 204w, https:\/\/poisonshops.com\/wp-content\/uploads\/2025\/11\/tttt-1.png 218w\" sizes=\"(max-width: 68px) 100vw, 68px\" \/><\/p>\n<h3>T\u00f6dliche Dosis von Kaliumcyanid<\/h3>\n<p>\u2013\u00a0<strong>Orale t\u00f6dliche Dosis (LD50)<\/strong>: Die gesch\u00e4tzte\u00a0<strong>die t\u00f6dliche Dosis f\u00fcr den Menschen liegt zwischen 200 und 300 mg, d. h. 2 bis 3 mg pro Kilogramm K\u00f6rpergewicht<\/strong>\u00a0bei Verschlucken.<\/p>\n<p>\u2013<strong>\u00a0Einatmen<\/strong>: Das Einatmen von Kaliumcyanid oder seiner gasf\u00f6rmigen Form, Cyanwasserstoff, kann bereits in Konzentrationen von wenigen Gramm t\u00f6dlich sein.<strong>\u00a0100-300 ppm (Teile pro Million)<\/strong>. Die Inhalation f\u00fchrt zu einer schnelleren Absorption und kann im Vergleich zur Einnahme zu einer unmittelbareren Wirkung f\u00fchren. Kaliumcyanid (KCN) online kaufen.<\/p>\n<p>\u2013\u00a0<strong>Menge zum T\u00f6ten:<\/strong> Ein paar hundert Milligramm Kaliumcyanid (etwa die Gr\u00f6\u00dfe eines Reiskorns) k\u00f6nnen ausreichen, um einen erwachsenen Menschen zu t\u00f6ten. F\u00fcr kleinere Personen oder Personen mit schlechtem Gesundheitszustand k\u00f6nnen sogar noch kleinere Mengen t\u00f6dlich sein. Kaliumcyanid kaufen.<\/p>\n<p><img decoding=\"async\" class=\"wp-image-502 aligncenter\" src=\"https:\/\/poisonshops.com\/wp-content\/uploads\/2025\/11\/Bio-Weapons-240x300.png\" alt=\"Biologische Waffen\" width=\"63\" height=\"79\" srcset=\"https:\/\/poisonshops.com\/wp-content\/uploads\/2025\/11\/Bio-Weapons-240x300.png 240w, https:\/\/poisonshops.com\/wp-content\/uploads\/2025\/11\/Bio-Weapons.png 265w\" sizes=\"(max-width: 63px) 100vw, 63px\" \/><\/p>\n<h3>Kaliumcyanid - Sicherheit und rechtliche Erw\u00e4gungen<\/h3>\n<p>\u2013\u00a0<strong>Vorsichtsma\u00dfnahmen bei der Handhabung<\/strong>: Kaliumcyanid ist aufgrund seiner extremen Toxizit\u00e4t eine kontrollierte Substanz. Die Handhabung erfordert eine Schutzausr\u00fcstung, einschlie\u00dflich Handschuhen, Schutzbrillen und eine angemessene Bel\u00fcftung, um das Einatmen zu vermeiden.<br \/>\n<strong>- Beseitigung:<\/strong> Kaliumcyanid muss gem\u00e4\u00df den Vorschriften f\u00fcr gef\u00e4hrliche Stoffe entsorgt werden, was h\u00e4ufig eine Neutralisierung mit Bleichmittel oder Wasserstoffperoxid unter kontrollierten Bedingungen beinhaltet. Kaliumcyanid online zum besten Preis kaufen.<br \/>\n\u2013\u00a0<strong>Rechtliche Beschr\u00e4nkungen<\/strong>: Der Verkauf, der Besitz und die Verwendung von Kaliumcyanid sind in den meisten L\u00e4ndern streng geregelt. Unerlaubte Verwendung, insbesondere f\u00fcr sch\u00e4dliche Zwecke, ist illegal und kann zu schweren rechtlichen Strafen f\u00fchren. Kaufen Sie Kaliumcyanid Online gesichert diskreten Versand.<\/p>\n<h4 class=\"LnpumSThxEWMIsDdAT17 CXMyPcQ6nDv47DKFeywM\"><span class=\"EKtkFWMYpwzMKOYr0GYm LQVY1Jpkk8nyJ6HBWKAk\">Wo kann man Kaliumcyanid sicher kaufen?<\/span><\/h4>\n<h3>Schlussfolgerung<\/h3>\n<p>Kaliumcyanid ist eine extrem giftige Chemikalie, die die F\u00e4higkeit des K\u00f6rpers, Sauerstoff zu verwerten, hemmt, was zu einem schnellen Tod durch Atem- oder Herzversagen f\u00fchrt. Selbst kleine Mengen k\u00f6nnen t\u00f6dlich sein, und seine Verwendung ist in erster Linie auf industrielle Prozesse unter strengen Sicherheitsvorschriften beschr\u00e4nkt. Der Umgang mit Kaliumcyanid erfordert \u00e4u\u00dferste Vorsicht, da die Gefahr einer t\u00f6dlichen Vergiftung durch Verschlucken, Einatmen oder Hautabsorption besteht. Kaliumcyanid-Lieferanten.<\/p>\n<h4>Kaufen Sie Kaliumcyanid Online gesichert diskreten Versand<\/h4>\n<p><img decoding=\"async\" class=\"wp-image-176 aligncenter\" src=\"https:\/\/poisonshops.com\/wp-content\/uploads\/2025\/11\/poison_shop_logo-300x171.png\" alt=\"Giftl\u00e4den\" width=\"133\" height=\"76\" srcset=\"https:\/\/poisonshops.com\/wp-content\/uploads\/2025\/11\/poison_shop_logo-300x171.png 300w, https:\/\/poisonshops.com\/wp-content\/uploads\/2025\/11\/poison_shop_logo.png 563w\" sizes=\"(max-width: 133px) 100vw, 133px\" \/><\/p>","protected":false},"excerpt":{"rendered":"<p>Buy Potassium Cyanide Potassium cyanide (KCN) is a highly toxic compound commonly known for its rapid and lethal effects when ingested or inhaled. It is used in various industrial applications but is notorious for its use as a poison. Below are key details about potassium cyanide, including its uses, how it kills, forms it comes [&hellip;]<\/p>\n","protected":false},"featured_media":389,"comment_status":"open","ping_status":"closed","template":"","meta":[],"product_brand":[],"product_cat":[21],"product_tag":[],"class_list":{"0":"post-388","1":"product","2":"type-product","3":"status-publish","4":"has-post-thumbnail","6":"product_cat-buy-research-chemicals-online","8":"first","9":"instock","10":"shipping-taxable","11":"purchasable","12":"product-type-simple"},"_links":{"self":[{"href":"https:\/\/poisonshops.com\/de\/wp-json\/wp\/v2\/product\/388","targetHints":{"allow":["GET"]}}],"collection":[{"href":"https:\/\/poisonshops.com\/de\/wp-json\/wp\/v2\/product"}],"about":[{"href":"https:\/\/poisonshops.com\/de\/wp-json\/wp\/v2\/types\/product"}],"replies":[{"embeddable":true,"href":"https:\/\/poisonshops.com\/de\/wp-json\/wp\/v2\/comments?post=388"}],"wp:featuredmedia":[{"embeddable":true,"href":"https:\/\/poisonshops.com\/de\/wp-json\/wp\/v2\/media\/389"}],"wp:attachment":[{"href":"https:\/\/poisonshops.com\/de\/wp-json\/wp\/v2\/media?parent=388"}],"wp:term":[{"taxonomy":"product_brand","embeddable":true,"href":"https:\/\/poisonshops.com\/de\/wp-json\/wp\/v2\/product_brand?post=388"},{"taxonomy":"product_cat","embeddable":true,"href":"https:\/\/poisonshops.com\/de\/wp-json\/wp\/v2\/product_cat?post=388"},{"taxonomy":"product_tag","embeddable":true,"href":"https:\/\/poisonshops.com\/de\/wp-json\/wp\/v2\/product_tag?post=388"}],"curies":[{"name":"wp","href":"https:\/\/api.w.org\/{rel}","templated":true}]}}