{"id":390,"date":"2025-11-20T11:36:50","date_gmt":"2025-11-20T11:36:50","guid":{"rendered":"https:\/\/poisonshops.com\/?post_type=product&#038;p=390"},"modified":"2025-12-26T00:39:50","modified_gmt":"2025-12-26T00:39:50","slug":"rotes-flussiges-quecksilber-kaufen","status":"publish","type":"product","link":"https:\/\/poisonshops.com\/de\/produkt-2\/rotes-flussiges-quecksilber-kaufen\/","title":{"rendered":"Rotes fl\u00fcssiges Quecksilber"},"content":{"rendered":"<h2>Reines rotes fl\u00fcssiges Quecksilber<\/h2>\n<p>Wir sind ein erstklassiger Gro\u00df- und Einzelh\u00e4ndler f\u00fcr rotes fl\u00fcssiges Quecksilber. Wir liefern reines rotes fl\u00fcssiges Quecksilber 20\/20 von ausgezeichneter Qualit\u00e4t aus den USA, China und Europa. Unser rotes fl\u00fcssiges Quecksilber 20\/20 ist in der Industrie auf der ganzen Welt sehr begehrt. Es ist ein hochwertiges und perfekt zusammengesetztes 20\/20 rotes fl\u00fcssiges Quecksilber. Kaufen Sie rotes fl\u00fcssiges Quecksilber.<\/p>\n<p>Rotes fl\u00fcssiges Quecksilber ist eine kirschrote Fl\u00fcssigkeit, die durch Bestrahlung von Quecksilber-Antimonoxid mit elementarem Quecksilber hergestellt wird. Wir haben uns seit Jahrzehnten auf Quecksilberprodukte spezialisiert und verstehen genau, was Sie als Kunde brauchen.<\/p>\n<h4>Was ist kirschrotes fl\u00fcssiges Quecksilber?<\/h4>\n<p>Rotes fl\u00fcssiges Quecksilber soll ein halbfl\u00fcssiges rotes Material sein. Man sagt dem roten Quecksilber magische Eigenschaften nach. Heute kennt man es jedoch wegen seiner Giftigkeit. In einigen Gemeinschaften in den USA wurde Quecksilber jedoch weiterhin in Ritualen verwendet. Rotes fl\u00fcssiges Quecksilber zu verkaufen.<\/p>\n<p>Rotes Quecksilber ist ein kirschroter, halbfl\u00fcssiger Stoff.<br \/>\nDie Intensit\u00e4t des roten Quecksilbers ist mit 20,2 g\/cm3 sehr hoch.<br \/>\nDieses fl\u00fcssige Hg2 Sb207 ist der Stoff, aus dem Milit\u00e4rlabore gemacht sind:<br \/>\nAntimon-Quecksilberoxid<br \/>\nAndere Namen: kirschrotes fl\u00fcssiges Quecksilber<br \/>\nFormel: Sb2O7Hg2<br \/>\n\u00c4u\u00dferes Erscheinungsbild: Kirschrote metallische Fl\u00fcssigkeit<\/p>\n<h3><strong>Eigenschaften Rotes Quecksilber<\/strong><\/h3>\n<ul>\n<li><strong>Molekulare Formel<\/strong>: Hg2 Sb207<\/li>\n<li><strong>Typ<\/strong>:  Oxid Antimon Rot Quecksilber<\/li>\n<li><strong>Rahmen<\/strong>:   Sb2O7Hg2<\/li>\n<li><strong>Qualit\u00e4t<\/strong>:   Fl\u00fcssig, Halbfl\u00fcssig<\/li>\n<li><strong>Reinheit<\/strong>: 99,999% (5N)<\/li>\n<li><strong>Farbe<\/strong>:  Ponceau (Kirschrot Homogen )<\/li>\n<li><strong>Sorte<\/strong>:\u00a0\u00a0\u00a0\u00a0 37.00016<\/li>\n<li><strong>Bindung:\u00a0\u00a0\u00a0<\/strong>Energie: 211Kcal\/Mol<\/li>\n<li><strong>Dichte<\/strong>\u00a0:   BK-20\/20 - 20.2 gam (20.2 g\/ cm3)<\/li>\n<li><strong>Schmelzpunkt<\/strong>:\u00a0 -37.67<\/li>\n<li><strong>Flammpunkt<\/strong>: \u00a0 170.026<\/li>\n<\/ul>\n<h3>Reines rotes fl\u00fcssiges Quecksilber zu Gro\u00dfhandelspreisen<\/h3>\n<p>Die Intensit\u00e4t von rotem Quecksilber ist sehr hoch, etwa 20,2 g\/cm 3, was der Intensit\u00e4t von Alneptinyum 237 \u00e4hnlich ist, da es nicht radioaktiv ist. Rotes fl\u00fcssiges Quecksilber zum Verkauf. Red Liquid Quecksilber 20\/20 zum Verkauf wird als L\u00f6sungsmittel f\u00fcr Uran-235 verwendet und erleichtert somit die Lagerung von radioaktivem Uran-235 und dies kann leicht von roten fl\u00fcssigen Quecksilber durch einen Destillationsprozess getrennt werden, ist es bekannt, dass das Quecksilber gab es zehn Phosphor, sieben von ihnen waren stabile Isotope, dann instabil, und Betastrahlen produzieren zwei negative Gleichungen, und eines dieser Isotope f\u00fcr industrielle Quecksilber ist bekannt als Red. Red Liquid Quecksilber zu verkaufen.<\/p>\n<h3>Rotes fl\u00fcssiges Quecksilber zu verkaufen<\/h3>\n<p>Rotes Quecksilber ist eine gef\u00e4hrliche Substanz und offenbar nicht explosiv in sich selbst, ist es als eine Quelle von Neutronen, die mit dem Inhalt des Drucks der Atombombe, Deuterium und Tritium an die Spitze der kritischen Masse laufen verwendet, und wenn es die explosive Vorrichtung erzeugt eine heftige Explosion durch die Zerst\u00f6rung eines Bereichs mit einem Radius von 600 Mtermn Bombe mit einer Gr\u00f6\u00dfe von etwa 500 cm 3 (ca. 10 kg), wo die Benitronat Fast Flut Bereich bleibt f\u00fcr etwa zwei Tage ist dies eine wichtige strategische Entwicklung der Bombe von Neutronen begleitet.<\/p>\n<p>Rotes Quecksilber wird auch zur Mobilisierung von Plutonium und Tritium in der Neutronenstrahlung der Neutronenbombe verwendet, wo es seinen Anfang nimmt.<\/p>\n<h3>Wie man rotes Quecksilber bekommt<\/h3>\n<p>Bei Google finden Sie viele Artikel \u00fcber verschiedene M\u00f6glichkeiten, rotes Quecksilber zu bekommen. Einige berichten \u00fcber Quecksilber von Stra\u00dfenh\u00e4ndlern, w\u00e4hrend andere raten, wie man es online kaufen kann. Es ist zwar m\u00f6glich, bei diesen beiden Anbietern zu kaufen, aber es ist schwieriger, da sie einen Ausweis und einen Verwendungsnachweis verlangen.<\/p>\n<p>Wir sind Anbieter, die schon seit langem im Gesch\u00e4ft sind. Seien Sie frei von B\u00fcrokratie und Identit\u00e4tsnachweisen, Sie bleiben bei Transaktionen dank Technologien wie TOR anonym.<\/p>\n<p><img decoding=\"async\" class=\"wp-image-463 aligncenter\" src=\"https:\/\/poisonshops.com\/wp-content\/uploads\/2025\/11\/tttt-1-204x300.png\" alt=\"Giftladen\" width=\"67\" height=\"98\" srcset=\"https:\/\/poisonshops.com\/wp-content\/uploads\/2025\/11\/tttt-1-204x300.png 204w, https:\/\/poisonshops.com\/wp-content\/uploads\/2025\/11\/tttt-1.png 218w\" sizes=\"(max-width: 67px) 100vw, 67px\" \/><\/p>\n<h4>Wie kommt man also an kirschrotes fl\u00fcssiges Quecksilber?<\/h4>\n<p>Beim Kauf von rotem fl\u00fcssigen Quecksilber ist es wichtig, die Form und die Qualit\u00e4t zu kennen, die Sie kaufen. Wenn man genau wei\u00df, was man kaufen m\u00f6chte, lassen sich viele Probleme vermeiden. Rotes Quecksilber ist ein seltenes Produkt, Sie werden online eine Vielzahl von K\u00e4ufern und Verk\u00e4ufern finden und es kann verwirrend sein, wenn Sie versuchen, das zu bekommen, was Sie brauchen. Rotes fl\u00fcssiges Quecksilber kaufen.<\/p>\n<p>Wenn rotes Quecksilber Sie verwirrt, raten wir Ihnen, vor dem Kauf gr\u00fcndliche Nachforschungen anzustellen oder einen Experten zu konsultieren. Ein Experte wird Ihnen helfen, den Preis, den Wert und alle wichtigen Details zu bestimmen, die Sie vor dem Kauf wissen m\u00fcssen. Ein Experte kennt wahrscheinlich die richtigen Stellen, an denen Sie rotes Quecksilber kaufen k\u00f6nnen.<\/p>\n<p><img decoding=\"async\" class=\"wp-image-502 aligncenter\" src=\"https:\/\/poisonshops.com\/wp-content\/uploads\/2025\/11\/Bio-Weapons-240x300.png\" alt=\"Biologische Waffen\" width=\"80\" height=\"100\" srcset=\"https:\/\/poisonshops.com\/wp-content\/uploads\/2025\/11\/Bio-Weapons-240x300.png 240w, https:\/\/poisonshops.com\/wp-content\/uploads\/2025\/11\/Bio-Weapons.png 265w\" sizes=\"(max-width: 80px) 100vw, 80px\" \/><\/p>\n<h3>Wo kann man also rotes Quecksilber kaufen?<\/h3>\n<p>Wie Sie sicher bemerkt haben, w\u00e4chst mit dem Wachstum der Online-Industrie auch die Zahl der Gesch\u00e4fte, die verschiedene Produkte verkaufen. Dies gilt auch f\u00fcr Produkte wie Quecksilber. Wenn Sie \u201crotes Quecksilber zu verkaufen\u201d googeln, werden Sie viele Online-Anbieter finden, die ihre Dienste anbieten. Wenn Sie es nicht gewohnt sind, Dinge online zu kaufen, k\u00f6nnen Sie von den vielen Websites \u00fcberw\u00e4ltigt werden. Die Preise f\u00fcr rotes Quecksilber werden von verschiedenen Anbietern in der Regel pro Gramm angegeben.<\/p>\n<p><span class=\"HwtZe\" lang=\"en\"><span class=\"jCAhz ChMk0b\"><span class=\"ryNqvb\">Um Ihnen all dies zu ersparen, sind wir Quecksilberlieferanten in Ihrer N\u00e4he, ohne jegliche Anforderungen und v\u00f6llig anonym.<\/span><\/span>\u00a0<span class=\"jCAhz ChMk0b\"><span class=\"ryNqvb\">Wir verkaufen alle Quecksilberprodukte, die Sie ben\u00f6tigen.<\/span><\/span>\u00a0<span class=\"jCAhz ChMk0b\"><span class=\"ryNqvb\">Nach vielen Jahren auf dem Markt verstehen wir alle Bed\u00fcrfnisse unserer Kunden.<\/span><\/span>\u00a0<span class=\"jCAhz ChMk0b\"><span class=\"ryNqvb\">Die meisten Kunden m\u00f6chten Quecksilber zu einem erschwinglichen Preis und in Anonymit\u00e4t kaufen, und genau das bieten wir.<\/span><\/span>\u00a0<span class=\"jCAhz ChMk0b\"><span class=\"ryNqvb\">Wir glauben an Sicherheit und Qualit\u00e4t und k\u00f6nnen dabei niemals Kompromisse eingehen. Red Liquid Mercury zu verkaufen.<\/span><\/span><\/span><\/p>\n<h2>Kaufen Sie rotes fl\u00fcssiges Quecksilber<\/h2>\n<p><img decoding=\"async\" class=\"wp-image-176 aligncenter\" src=\"https:\/\/poisonshops.com\/wp-content\/uploads\/2025\/11\/poison_shop_logo-300x171.png\" alt=\"Giftl\u00e4den\" width=\"135\" height=\"77\" srcset=\"https:\/\/poisonshops.com\/wp-content\/uploads\/2025\/11\/poison_shop_logo-300x171.png 300w, https:\/\/poisonshops.com\/wp-content\/uploads\/2025\/11\/poison_shop_logo.png 563w\" sizes=\"(max-width: 135px) 100vw, 135px\" \/><\/p>","protected":false},"excerpt":{"rendered":"<p>Pure red liquid mercury We are a premium wholesaler and retailer of red liquid mercury. We supply excellent quality Pure Red Liquid Mercury 20\/20 from USA, China and Europe. Our Red Liquid Mercury 20\/20 is highly sought after by industries around the world. It is a high quality and perfectly composed 20\/20 Red Liquid Mercury. [&hellip;]<\/p>\n","protected":false},"featured_media":392,"comment_status":"open","ping_status":"closed","template":"","meta":[],"product_brand":[],"product_cat":[21],"product_tag":[],"class_list":{"0":"post-390","1":"product","2":"type-product","3":"status-publish","4":"has-post-thumbnail","6":"product_cat-buy-research-chemicals-online","8":"first","9":"instock","10":"shipping-taxable","11":"purchasable","12":"product-type-simple"},"_links":{"self":[{"href":"https:\/\/poisonshops.com\/de\/wp-json\/wp\/v2\/product\/390","targetHints":{"allow":["GET"]}}],"collection":[{"href":"https:\/\/poisonshops.com\/de\/wp-json\/wp\/v2\/product"}],"about":[{"href":"https:\/\/poisonshops.com\/de\/wp-json\/wp\/v2\/types\/product"}],"replies":[{"embeddable":true,"href":"https:\/\/poisonshops.com\/de\/wp-json\/wp\/v2\/comments?post=390"}],"wp:featuredmedia":[{"embeddable":true,"href":"https:\/\/poisonshops.com\/de\/wp-json\/wp\/v2\/media\/392"}],"wp:attachment":[{"href":"https:\/\/poisonshops.com\/de\/wp-json\/wp\/v2\/media?parent=390"}],"wp:term":[{"taxonomy":"product_brand","embeddable":true,"href":"https:\/\/poisonshops.com\/de\/wp-json\/wp\/v2\/product_brand?post=390"},{"taxonomy":"product_cat","embeddable":true,"href":"https:\/\/poisonshops.com\/de\/wp-json\/wp\/v2\/product_cat?post=390"},{"taxonomy":"product_tag","embeddable":true,"href":"https:\/\/poisonshops.com\/de\/wp-json\/wp\/v2\/product_tag?post=390"}],"curies":[{"name":"wp","href":"https:\/\/api.w.org\/{rel}","templated":true}]}}