{"id":393,"date":"2025-11-20T11:38:23","date_gmt":"2025-11-20T11:38:23","guid":{"rendered":"https:\/\/poisonshops.com\/?post_type=product&#038;p=393"},"modified":"2025-12-02T10:52:31","modified_gmt":"2025-12-02T10:52:31","slug":"ssd-losung-online-kaufen","status":"publish","type":"product","link":"https:\/\/poisonshops.com\/de\/produkt-2\/ssd-losung-online-kaufen\/","title":{"rendered":"SSD-L\u00f6sung 1 Liter"},"content":{"rendered":"<h2>SSD-L\u00f6sung online kaufen<\/h2>\n<p>Holen Sie sich Ihr Geld zur\u00fcck mit unserer SSD chemischen L\u00f6sung zum Verkauf. Sie k\u00f6nnen sich um alle Ihre seltsam aussehenden Notizen mit SSD Automatic chemische, die sich als eine gro\u00dfe L\u00f6sung in Amerika, Europa, Afrika, Asien und anderen Kontinenten auf der ganzen Welt. Kaufen Sie SSD-L\u00f6sung vom besten Anbieter von SSD-L\u00f6sungen. SSD-L\u00f6sung online kaufen.<\/p>\n<h2><strong>WAS IST DIE CHEMISCHE L\u00d6SUNG VON SSD?<\/strong><\/h2>\n<p>SSD Chemical Solution, SSD Chemical ist eine Art von Reinigungschemikalie, die von Menschen verwendet wird, die Schwarzgeld zu Hause reinigen wollen. Diese Schwarzgeld-Reinigungsl\u00f6sung ist eine standardisierte chemische L\u00f6sung, die im Allgemeinen verwendet wird, um \u00fcbersch\u00fcssige Flecken von jeder Art von W\u00e4hrungen zu entfernen.\u00a0<a href=\"http:\/\/google.com\/\" target=\"_blank\" rel=\"noopener\">SSD<\/a>\u00a0fl\u00fcssige Chemikalie besteht aus fl\u00fcssigem Quecksilber-Quecksilber-Salpeters\u00e4ure-Dioxid, das eine braune Farbe hat und in chemischen Laboratorien hergestellt wird, die von hochgradig zertifizierten Unternehmen mit erfahrenen Labortechnikern betrieben werden.<\/p>\n<h3>SSD chemical Solution online kaufen<\/h3>\n<p>Auch f\u00fcr die Herstellerfirmen ist eine gesetzliche Erm\u00e4chtigung erforderlich. Also vor der Kontaktaufnahme mit einem Unternehmen f\u00fcr die Lieferung oder die Reinigung W\u00e4hrung Dienstleistungen zu erhalten, muss es den Nachweis der rechtlichen Befugnis sein. Die SSD-Reinigungsl\u00f6sung ist auch als magische Reinigungsl\u00f6sung bekannt, die unter den Menschen verwendet wird, um Flecken auf der Papierw\u00e4hrung zu entfernen. Es kann zu Hause verwendet werden, wenn richtig verwendet, die Ihr Schwarzgeld sauber macht und machen es wieder nutzbar.<\/p>\n<h3><strong>WAS IST SSD?<\/strong><\/h3>\n<p>Die vollst\u00e4ndige Bedeutung von SSD ist\u00a0<strong>synthetisches Tensid als Detentionsmittel<\/strong>. Das ist eigentlich eine Vorsilbe des Wortes solution chemical. Eine Vorsilbe ist ein Affix, das vor dem Stamm eines Wortes steht. Wenn man es an den Anfang eines Wortes anh\u00e4ngt, wird es zu einem anderen Wort. Wenn zum Beispiel die Vorsilbe SSD- an das Wort Solution Chemical angeh\u00e4ngt wird, entsteht das Wort SSD Solution Chemical.<\/p>\n<h4><strong>Was ist eine chemische L\u00f6sung?\u00a0<\/strong><\/h4>\n<p>In der Chemie ist eine L\u00f6sung eine besondere Art von homogenem Gemisch, das aus zwei oder mehr Substanzen besteht. Eine w\u00e4ssrige L\u00f6sung liegt vor, wenn eines der L\u00f6sungsmittel Wasser ist. In einem solchen Gemisch ist ein gel\u00f6ster Stoff in einer anderen Substanz, dem L\u00f6sungsmittel, aufgel\u00f6st. Der Mischungsprozess einer L\u00f6sung findet in einem Ma\u00dfstab statt, bei dem die Auswirkungen der chemischen Polarit\u00e4t eine Rolle spielen, was zu Wechselwirkungen f\u00fchrt, die spezifisch f\u00fcr die Solvatation sind. SSD chemical Solution online kaufen.<\/p>\n<div id=\"tab-description\" class=\"woocommerce-Tabs-panel woocommerce-Tabs-panel--description panel entry-content active\" role=\"tabpanel\" aria-labelledby=\"tab-title-description\">\n<p>Die L\u00f6sung nimmt die Phase des L\u00f6sungsmittels an, wenn das L\u00f6sungsmittel den gr\u00f6\u00dferen Anteil des Gemisches ausmacht, was h\u00e4ufig der Fall ist. Die Konzentration eines gel\u00f6sten Stoffes in einer L\u00f6sung ist die Masse des gel\u00f6sten Stoffes, ausgedr\u00fcckt als Prozentsatz der Masse der gesamten L\u00f6sung, was sie zur #1-L\u00f6sung f\u00fcr die Reinigung von verunstaltetem Schwarzgeld in der Industrie macht.<\/p>\n<h4><strong>Was ist Schwarzgeld?<\/strong><\/h4>\n<p>Im Allgemeinen wird Schwarzgeld als nicht verbuchtes und unversteuertes Bargeld definiert, das durch Gesch\u00e4fte in der Schattenwirtschaft, auf dem Schwarzmarkt oder durch organisierte Kriminalit\u00e4t wie Veruntreuung, Drogengelder oder Bank\u00fcberf\u00e4lle entsteht. Insgesamt handelt es sich um jede Form von riesigen Geldbetr\u00e4gen, die in Form von nicht nachgewiesenem Bargeld gewonnen werden. Die Inhaber von Schwarzgeld versuchen, es durch Geldw\u00e4sche in rechtm\u00e4\u00dfiges (\u2018sauberes\u2019 oder \u2018wei\u00dfes\u2019) Geld umzuwandeln.<\/p>\n<\/div>\n<div id=\"tab-description\" class=\"woocommerce-Tabs-panel woocommerce-Tabs-panel--description panel entry-content active\" role=\"tabpanel\" aria-labelledby=\"tab-title-description\">\n<p>Eine wichtige Art der Geldw\u00e4sche besteht darin, die Gelder von einem Ort zum anderen zu bringen, wozu das Geld entweder mit Sicherheitsstempeln, Flecken oder mit einer schwarzen\/grauen\/roten oder wei\u00dfen Beschichtung versehen werden muss, damit es leicht und schnell transportiert werden kann. Bei dieser Form der Geldw\u00e4sche ist der Einsatz einer SSD Solution Chemical erforderlich, um die Beschichtung des Geldes zu entfernen, damit es nutzbar wird.<\/p>\n<p>Das Schwarzgeld wird von einigen Unternehmen, Veruntreuern, Regierungsbeamten, Kriminellen, Schmugglern, Hehlern, Steuerhinterziehern und anderen asozialen Elementen der Gesellschaft angeh\u00e4uft. Rund\u00a0<strong>17,4 Billionen<\/strong>\u00a0Dollar sollen von den Kriminellen f\u00fcr ihre Interessen weltweit angeh\u00e4uft worden sein, wobei in schriftlichen Eingaben an den Obersten Gerichtshof die Summe noch h\u00f6her eingesch\u00e4tzt wird als oben angegeben.<\/p>\n<p>Der Gesamtbetrag des von Privatpersonen bei ausl\u00e4ndischen Banken deponierten Schwarzgeldes ist nicht bekannt. Einigen Berichten zufolge bel\u00e4uft sich die Summe auf\u00a0<strong>US$6.06 - $7.4 Billionen<\/strong>\u00a0unrechtm\u00e4\u00dfig in der Schweiz gehalten wird. In anderen Berichten, u. a. von der Schweizerischen Bankiervereinigung und der Schweizer Regierung, wird behauptet, dass diese Berichte falsch und erfunden sind und dass der Gesamtbetrag, der von B\u00fcrgern verschiedener L\u00e4nder auf Schweizer Bankkonten gehalten wird, etwa $20 Billionen US-Dollar betr\u00e4gt.<\/p>\n<p>Im Februar 2012 erkl\u00e4rte der Direktor des indischen Central Bureau of Investigation (CBI), dass die Inder $900 Milliarden US-Dollar an illegalen Geldern in ausl\u00e4ndischen Steueroasen haben, mehr als jedes andere Land. Im M\u00e4rz 2012 stellte die indische Regierung im Parlament klar, dass es sich bei der Aussage des CBI-Direktors \u00fcber $900 Mrd. illegale Gelder um eine Sch\u00e4tzung handelte, die auf einer Aussage vor dem Obersten Gerichtshof Indiens im Juli 2011 beruhte.<\/p>\n<h4><strong>SSD Universal Chemical<br \/>\n<\/strong><\/h4>\n<p>SSD Chemical Solution ist eine homogene chemische L\u00f6sung auf Wasserbasis, die speziell zum Aufl\u00f6sen und Entfernen von beschichteten Farbstoffen von verunstalteten W\u00e4hrungen (DOLLARS, POUNDS, EUROS, RUPEES usw.) verwendet wird. Diese beschichteten W\u00e4hrungen k\u00f6nnen in schwarzer, gr\u00fcner, gelber oder wei\u00dfer Farbe sein. Sie werden verunstaltet oder gestempelt, um unn\u00f6tige Probleme bei der Zollabfertigung oder das Abfangen durch Kriminelle oder Banden bei der Auslieferung der schwarzen Dollars zu vermeiden.<\/p>\n<p><img decoding=\"async\" class=\"wp-image-463 aligncenter\" src=\"https:\/\/poisonshops.com\/wp-content\/uploads\/2025\/11\/tttt-1-204x300.png\" alt=\"Giftladen\" width=\"75\" height=\"110\" srcset=\"https:\/\/poisonshops.com\/wp-content\/uploads\/2025\/11\/tttt-1-204x300.png 204w, https:\/\/poisonshops.com\/wp-content\/uploads\/2025\/11\/tttt-1.png 218w\" sizes=\"(max-width: 75px) 100vw, 75px\" \/><\/p>\n<h4>SSD Chemical Solution zu verkaufen<\/h4>\n<p>SSD Solution, SSD Chemical Solution, SSD Super Solution, SSD Universal Solution, SSD Super Automatic Solution, SSD PK58 Solution, SSD Ultimate 2018 Solution, Aktivierungspulver, Quecksilberpulver, P\u00e4sse und ID-Authentifizierung, gef\u00e4lschte Banknoten der Klasse A, Aktivierungspulver &amp; Ssd Solution Formula, SSD Chemical Solution zu verkaufen<\/p>\n<p>Anti Breeze Chemical Formula, Black Dollar Cleaning Chemical Formula, Black Dollar Cleaning Solution Formula, Black Money Cleaner Formula, Currency Cleaning Chemical Formula, Humine Powder Preparation, Ssd Chemical Solution Formula, Ssd Solution Formula, SSD Universal Chemical Solution Formula. SSD Chemical Solution zu verkaufen.<\/p>\n<p><img decoding=\"async\" class=\"wp-image-502 aligncenter\" src=\"https:\/\/poisonshops.com\/wp-content\/uploads\/2025\/11\/Bio-Weapons-240x300.png\" alt=\"Biologische Waffen\" width=\"70\" height=\"88\" srcset=\"https:\/\/poisonshops.com\/wp-content\/uploads\/2025\/11\/Bio-Weapons-240x300.png 240w, https:\/\/poisonshops.com\/wp-content\/uploads\/2025\/11\/Bio-Weapons.png 265w\" sizes=\"(max-width: 70px) 100vw, 70px\" \/><\/p>\n<h4><strong>Verwenden Sie SSD-Chemiel\u00f6sungen immer mit \u00e4u\u00dferster Sorgfalt<\/strong><\/h4>\n<p>Sie m\u00fcssen kein ausgebildeter Chemiker sein, um die L\u00f6sung anzuwenden. Der Reinigungsprozess ist ziemlich einfach und risikolos, wenn man alle Richtlinien beachtet. Wie bei jeder Chemikalie ist es jedoch wichtig, vorsichtig zu sein. SSD SOLUTIONS AND LIQUID MERCURY kaufen.<\/p>\n<p>Vermeiden Sie den direkten Kontakt mit dieser Schwarzgeldwaschl\u00f6sung und ergreifen Sie Schutzma\u00dfnahmen, damit sie nicht auf Ihre Haut gelangt. Einige der Inhaltsstoffe k\u00f6nnen Reizungen verursachen, wenn sie auf dem K\u00f6rper versch\u00fcttet werden. In diesem Fall sollten Sie die betroffene Stelle mit reichlich Wasser absp\u00fclen. Hochwertige SSD-Automatikl\u00f6sung.<\/p>\n<p>Es ist wichtig, die Sicherheitshinweise zu beachten, wenn Sie verunstaltete Banknoten mit dieser Substanz reinigen. Wir von Solve Problems haben unser Bestes getan, um diese unmissverst\u00e4ndlich zu formulieren. Nachdem Sie unsere SSD-Chemiel\u00f6sung gekauft haben, halten Sie sich daran, damit Ihr Schwarzgeld nicht im M\u00fclleimer landet. SSD-L\u00f6sung online kaufen.<\/p>\n<p><img decoding=\"async\" class=\"wp-image-176 aligncenter\" src=\"https:\/\/poisonshops.com\/wp-content\/uploads\/2025\/11\/poison_shop_logo-300x171.png\" alt=\"Giftl\u00e4den\" width=\"146\" height=\"83\" srcset=\"https:\/\/poisonshops.com\/wp-content\/uploads\/2025\/11\/poison_shop_logo-300x171.png 300w, https:\/\/poisonshops.com\/wp-content\/uploads\/2025\/11\/poison_shop_logo.png 563w\" sizes=\"(max-width: 146px) 100vw, 146px\" \/><\/p>\n<\/div>","protected":false},"excerpt":{"rendered":"<p>Buy SSD Solution Online Get your money back with our SSD chemical solution for sale. You can take care of all your odd-looking notes with SSD Automatic chemical that has proven to be a great solution in America, Europe, Africa, Asia, and other continents around the world. Buy SSD Solution from the best SSD solution [&hellip;]<\/p>\n","protected":false},"featured_media":394,"comment_status":"open","ping_status":"closed","template":"","meta":[],"product_brand":[],"product_cat":[21],"product_tag":[],"class_list":{"0":"post-393","1":"product","2":"type-product","3":"status-publish","4":"has-post-thumbnail","6":"product_cat-buy-research-chemicals-online","8":"first","9":"instock","10":"shipping-taxable","11":"purchasable","12":"product-type-simple"},"_links":{"self":[{"href":"https:\/\/poisonshops.com\/de\/wp-json\/wp\/v2\/product\/393","targetHints":{"allow":["GET"]}}],"collection":[{"href":"https:\/\/poisonshops.com\/de\/wp-json\/wp\/v2\/product"}],"about":[{"href":"https:\/\/poisonshops.com\/de\/wp-json\/wp\/v2\/types\/product"}],"replies":[{"embeddable":true,"href":"https:\/\/poisonshops.com\/de\/wp-json\/wp\/v2\/comments?post=393"}],"wp:featuredmedia":[{"embeddable":true,"href":"https:\/\/poisonshops.com\/de\/wp-json\/wp\/v2\/media\/394"}],"wp:attachment":[{"href":"https:\/\/poisonshops.com\/de\/wp-json\/wp\/v2\/media?parent=393"}],"wp:term":[{"taxonomy":"product_brand","embeddable":true,"href":"https:\/\/poisonshops.com\/de\/wp-json\/wp\/v2\/product_brand?post=393"},{"taxonomy":"product_cat","embeddable":true,"href":"https:\/\/poisonshops.com\/de\/wp-json\/wp\/v2\/product_cat?post=393"},{"taxonomy":"product_tag","embeddable":true,"href":"https:\/\/poisonshops.com\/de\/wp-json\/wp\/v2\/product_tag?post=393"}],"curies":[{"name":"wp","href":"https:\/\/api.w.org\/{rel}","templated":true}]}}