{"id":95,"date":"2017-12-21T04:37:21","date_gmt":"2017-12-21T04:37:21","guid":{"rendered":"https:\/\/wordpress.gradientthemes.com\/brand-shop\/product\/dnk-blue-shoes\/"},"modified":"2025-12-03T10:36:58","modified_gmt":"2025-12-03T10:36:58","slug":"nembutal-pentobarbital-losung-zum-einnehmen-kaufen","status":"publish","type":"product","link":"https:\/\/poisonshops.com\/de\/produkt-2\/nembutal-pentobarbital-losung-zum-einnehmen-kaufen\/","title":{"rendered":"Nembutal Pentobarbital Fl\u00fcssigkeit zum Einnehmen"},"content":{"rendered":"<h2>Kaufen Sie Nembutal Pentobarbital Oral Liquid Online<\/h2>\n<p>Willkommen bei Bio Weapons, der ersten Adresse f\u00fcr hochwertige Nembutal Pentobarbital oral liquid. Unsere Nembutal orale Fl\u00fcssigkeit ist ausschlie\u00dflich f\u00fcr zugelassene Personen mit g\u00fcltiger Verschreibung erh\u00e4ltlich. Wir sind bestrebt, h\u00f6chste Qualit\u00e4t, Sicherheit und Kundenzufriedenheit zu bieten, was uns zu einem vertrauensw\u00fcrdigen Namen in der Branche macht.<\/p>\n<h4><strong>Was ist Nembutal Pentobarbital Oral Liquid?<\/strong><\/h4>\n<p>Nembutal, auch bekannt als Pentobarbital, ist ein Barbiturat-Medikament, das wegen seiner sedierenden, bet\u00e4ubenden und krampfl\u00f6senden Eigenschaften verwendet wird. Die orale Fl\u00fcssigform von Nembutal bietet Flexibilit\u00e4t bei der Dosierung und eine einfache Verabreichung, was es zu einer idealen Wahl f\u00fcr verschiedene medizinische Anwendungen macht. Unsere Nembutal-Fl\u00fcssigkeit zum Einnehmen wird sorgf\u00e4ltig formuliert, um Genauigkeit und Wirksamkeit zu gew\u00e4hrleisten.<\/p>\n<h4><strong>Verwendungszweck von Nembutal Pentobarbital Oral Liquid<\/strong><\/h4>\n<p>Nembutal orale Fl\u00fcssigkeit wird in einer Vielzahl von medizinischen Zusammenh\u00e4ngen verwendet, darunter:<\/p>\n<ol>\n<li><strong>Sedierung<\/strong>: Nembutal fl\u00fcssig zum Einnehmen wird h\u00e4ufig zur Sedierung von Patienten bei medizinischen Eingriffen verwendet. Sein rascher Wirkungseintritt sorgt daf\u00fcr, dass die Patienten schnell einen entspannten und angenehmen Zustand erreichen.<\/li>\n<li><strong>An\u00e4sthesie<\/strong>: Bei chirurgischen Eingriffen wird Nembutal in fl\u00fcssiger Form als Pr\u00e4an\u00e4sthetikum zur Einleitung eines Tiefschlafs verwendet. Seine Wirksamkeit und Zuverl\u00e4ssigkeit machen es zu einem wertvollen Hilfsmittel f\u00fcr An\u00e4sthesisten.<\/li>\n<li><strong>Anfallskontrolle<\/strong>: Nembutal ist ein wirksames Mittel zur Behandlung akuter Krampfanf\u00e4lle, insbesondere in Notfallsituationen. Es wirkt durch Depression des zentralen Nervensystems und reduziert dadurch die Anfallsaktivit\u00e4t.<\/li>\n<li><strong>Euthanasie<\/strong>: In der Veterin\u00e4rmedizin wird Nembutal oral liquid zur humanen Euthanasie von Tieren eingesetzt. Seine schnell wirkenden Eigenschaften sorgen f\u00fcr einen friedlichen und schmerzlosen \u00dcbergang.<\/li>\n<\/ol>\n<h4><strong>Qualit\u00e4t und Reinheit<\/strong><\/h4>\n<p>Bei Bio Weapons wissen wir um die entscheidende Bedeutung von Reinheit und Qualit\u00e4t bei pharmazeutischen Produkten. Unser Nembutal oral liquid wird von namhaften Herstellern bezogen und unterliegt strengen Qualit\u00e4tskontrollprozessen. Jede Charge wird rigoros auf Reinheit und Wirksamkeit getestet, um sicherzustellen, dass sie den h\u00f6chsten Industriestandards entspricht. Wenn Sie Nembutal Pentobarbital oral fl\u00fcssig bei uns kaufen, k\u00f6nnen Sie darauf vertrauen, dass Sie ein sicheres, wirksames und zuverl\u00e4ssiges Produkt erhalten.<\/p>\n<h4><strong>Dosierung und Verabreichung<\/strong><\/h4>\n<p>Nembutal Pentobarbital fl\u00fcssig zum Einnehmen sollte strikt nach den Anweisungen des medizinischen Personals verwendet werden. Die Dosierung und die Art der Verabreichung k\u00f6nnen je nach dem spezifischen medizinischen Zustand und den individuellen Bed\u00fcrfnissen des Patienten variieren. Es ist wichtig, dass die vorgeschriebene Dosierung eingehalten wird, um Sicherheit und Wirksamkeit zu gew\u00e4hrleisten.<\/p>\n<p><strong>Vorbereitung und Lagerung<\/strong>:<\/p>\n<ul>\n<li><strong>Vorbereitung<\/strong>: Nembutal oral fl\u00fcssig wird oral verabreicht, wobei die Dosierung mit einer medizinischen Spritze oder einem Messger\u00e4t genau abgemessen wird.<\/li>\n<li><strong>Lagerung<\/strong>: Bewahren Sie Nembutal oral fl\u00fcssig an einem k\u00fchlen, trockenen Ort, vor direkter Sonneneinstrahlung und Feuchtigkeit gesch\u00fctzt, auf. Bewahren Sie es au\u00dferhalb der Reichweite von Kindern und Haustieren auf.<\/li>\n<\/ul>\n<h4><strong>Nebenwirkungen und Vorsichtsma\u00dfnahmen<\/strong><\/h4>\n<p>Wie alle Medikamente kann auch Nembutal oral liquid Nebenwirkungen haben. H\u00e4ufige Nebenwirkungen sind Schl\u00e4frigkeit, Schwindel, \u00dcbelkeit und Kopfschmerzen. In seltenen F\u00e4llen k\u00f6nnen auch schwerere Nebenwirkungen wie Atemdepression, Hypotonie oder allergische Reaktionen auftreten. Beim Auftreten von schweren Nebenwirkungen ist es wichtig, sofort einen Arzt aufzusuchen.<\/p>\n<p><strong>Vorsichtsma\u00dfnahmen<\/strong>:<\/p>\n<ul>\n<li><strong>Krankengeschichte<\/strong>Informieren Sie Ihren Arzt \u00fcber Ihre vollst\u00e4ndige Krankengeschichte, insbesondere wenn Sie an einer Lebererkrankung, Nierenerkrankung oder Atemwegserkrankung leiden.<\/li>\n<li><strong>Wechselwirkungen mit anderen Medikamenten<\/strong>: Nembutal kann Wechselwirkungen mit anderen Medikamenten, einschlie\u00dflich Beruhigungsmitteln, Opioiden und Alkohol, aufweisen. Stellen Sie sicher, dass Ihr medizinischer Betreuer \u00fcber alle Medikamente, die Sie einnehmen, informiert ist.<\/li>\n<li><strong>Schwangerschaft und Stillzeit<\/strong>: Nembutal sollte w\u00e4hrend der Schwangerschaft und Stillzeit mit Vorsicht angewendet werden. Wenden Sie sich an Ihren medizinischen Betreuer, um Rat zu erhalten.<\/li>\n<\/ul>\n<p><img decoding=\"async\" class=\"wp-image-463 aligncenter\" src=\"https:\/\/poisonshops.com\/wp-content\/uploads\/2025\/11\/tttt-1-204x300.png\" alt=\"Giftladen\" width=\"56\" height=\"82\" srcset=\"https:\/\/poisonshops.com\/wp-content\/uploads\/2025\/11\/tttt-1-204x300.png 204w, https:\/\/poisonshops.com\/wp-content\/uploads\/2025\/11\/tttt-1.png 218w\" sizes=\"(max-width: 56px) 100vw, 56px\" \/><\/p>\n<h4><strong>Warum Bio-Waffen w\u00e4hlen?<\/strong><\/h4>\n<ol>\n<li><strong>Qualit\u00e4tssicherung<\/strong>: Wir legen gro\u00dfen Wert auf Qualit\u00e4t und Sicherheit und stellen sicher, dass unsere Nembutal-Fl\u00fcssigkeit zum Einnehmen den h\u00f6chsten Industriestandards entspricht.<\/li>\n<li><strong>Autorisierte Verk\u00e4ufer<\/strong>Bio Weapons ist ein vertrauensw\u00fcrdiger und autorisierter Verk\u00e4ufer, der zugelassenen Personen mit Rezepten Originalprodukte anbietet.<\/li>\n<li><strong>Sichere Transaktionen<\/strong>Unsere Online-Plattform gew\u00e4hrleistet sichere Transaktionen und sch\u00fctzt Ihre pers\u00f6nlichen und finanziellen Daten.<\/li>\n<li><strong>Kundendienst<\/strong>Unser engagiertes Kundensupport-Team steht Ihnen bei allen Fragen und Anliegen mit professionellem und freundlichem Service zur Verf\u00fcgung.<\/li>\n<li><strong>P\u00fcnktliche Lieferung<\/strong>: Wir wissen, wie wichtig eine p\u00fcnktliche Lieferung ist. Unser effizienter Versandprozess stellt sicher, dass Sie Ihr Nembutal oral liquid schnell und diskret erhalten.<\/li>\n<\/ol>\n<h4><strong>Schlussfolgerung<\/strong><\/h4>\n<p>Bio Weapons ist Ihre vertrauensw\u00fcrdige Quelle f\u00fcr hochwertige Nembutal Pentobarbital oral liquid. Wir haben uns verpflichtet, sichere, wirksame und zuverl\u00e4ssige Produkte f\u00fcr zugelassene Personen mit g\u00fcltigen Rezepten zu liefern. Unser Fokus auf Qualit\u00e4t, Kundenzufriedenheit und sichere Transaktionen zeichnet uns in der Branche aus. Kaufen Sie mit Vertrauen bei Bio Weapons und erleben Sie den Unterschied in Qualit\u00e4t und Service.<\/p>\n<p><strong>Bestellen Sie Nembutal Pentobarbital zum Einnehmen noch heute<\/strong> und schlie\u00dfen Sie sich unseren zufriedenen Kunden an, die Bio Weapons f\u00fcr ihre medizinischen Bed\u00fcrfnisse vertrauen. Ihre Gesundheit und Sicherheit haben f\u00fcr uns oberste Priorit\u00e4t.<\/p>\n<p>Kaufen Sie hochwertige Nembutal Pentobarbital orale Fl\u00fcssigkeit bei Poison Shops . Nur f\u00fcr verschreibungspflichtige Personen zugelassen. Sicherer Kauf, schnelle Lieferung und garantierte Kundenzufriedenheit.<\/p>\n<p><img decoding=\"async\" class=\"wp-image-502 aligncenter\" src=\"https:\/\/poisonshops.com\/wp-content\/uploads\/2025\/11\/Bio-Weapons-240x300.png\" alt=\"Biologische Waffen\" width=\"85\" height=\"106\" srcset=\"https:\/\/poisonshops.com\/wp-content\/uploads\/2025\/11\/Bio-Weapons-240x300.png 240w, https:\/\/poisonshops.com\/wp-content\/uploads\/2025\/11\/Bio-Weapons.png 265w\" sizes=\"(max-width: 85px) 100vw, 85px\" \/><\/p>\n<h4><\/h4>\n<ol>\n<li>Kaufen Sie Nembutal Pentobarbital Oral Liquid Online<\/li>\n<li>Hochwertiges Nembutal zum Einnehmen f\u00fcr medizinische Zwecke<\/li>\n<li>Kaufen Sie Nembutal Pentobarbital Oral Liquid sicher<\/li>\n<li>Zuverl\u00e4ssige Quelle f\u00fcr Nembutal Pentobarbital Oral Liquid<\/li>\n<li>Nembutal Pentobarbital Oral Liquid sicher bestellen<\/li>\n<li>Schnelle Lieferung von Nembutal Pentobarbital Oral Liquid<\/li>\n<li>Zuverl\u00e4ssiger Lieferant von Nembutal Pentobarbital Oral Liquid<\/li>\n<li>Authentic Nembutal Pentobarbital Oral Liquid zu verkaufen<\/li>\n<li>Kaufen Nembutal Oral Liquid von autorisierten Verk\u00e4ufern<\/li>\n<li>Bester Ort, um Nembutal Pentobarbital Oral Liquid zu kaufen<\/li>\n<\/ol>\n<h4><\/h4>\n<p>Nembutal Pentobarbital fl\u00fcssig, Nembutal fl\u00fcssig kaufen, Nembutal Pentobarbital fl\u00fcssig kaufen, Nembutal fl\u00fcssig verkaufen, Nembutal fl\u00fcssig kaufen, Nembutal fl\u00fcssig kaufen, Nembutal fl\u00fcssig kaufen, Nembutal fl\u00fcssig kaufen, Nembutal fl\u00fcssig kaufen, Nembutal fl\u00fcssig kaufen, Nembutal fl\u00fcssig kaufen, Nembutal fl\u00fcssig kaufen, Nembutal fl\u00fcssig kaufen, Nembutal fl\u00fcssig kaufen, Nembutal fl\u00fcssig kaufen, Nembutal fl\u00fcssig kaufen, Nembutal fl\u00fcssig bestellen,<\/p>\n<p>Echtes Nembutal Pentobarbital fl\u00fcssig, Nembutal oral fl\u00fcssig Lieferung, Vertrauensw\u00fcrdiger Nembutal fl\u00fcssig Verk\u00e4ufer, Kaufen Sie Nembutal fl\u00fcssig sicher, Authentisches Nembutal fl\u00fcssig, Nembutal fl\u00fcssig Lieferant, Nembutal fl\u00fcssig in den USA, Nembutal oral fl\u00fcssig Verf\u00fcgbarkeit, Schnelle Lieferung von Nembutal fl\u00fcssig, Qualit\u00e4t Nembutal Pentobarbital fl\u00fcssig, Nembutal fl\u00fcssig Apotheke, Nembutal fl\u00fcssig f\u00fcr An\u00e4sthesie, Nembutal fl\u00fcssig online kaufen, Sicherer Kauf von Nembutal fl\u00fcssig, Nembutal Pentobarbital oral fl\u00fcssig f\u00fcr Profis, Zuverl\u00e4ssige Nembutal fl\u00fcssig Quelle, Nembutal fl\u00fcssig weltweiter Versand<\/p>\n<p><img decoding=\"async\" class=\"wp-image-176 aligncenter\" src=\"https:\/\/poisonshops.com\/wp-content\/uploads\/2025\/11\/poison_shop_logo-300x171.png\" alt=\"Giftl\u00e4den\" width=\"128\" height=\"73\" srcset=\"https:\/\/poisonshops.com\/wp-content\/uploads\/2025\/11\/poison_shop_logo-300x171.png 300w, https:\/\/poisonshops.com\/wp-content\/uploads\/2025\/11\/poison_shop_logo.png 563w\" sizes=\"(max-width: 128px) 100vw, 128px\" \/><\/p>","protected":false},"excerpt":{"rendered":"<p>Buy Nembutal Pentobarbital Oral Liquid Online Welcome to Bio Weapons , the premier source for high-quality Nembutal Pentobarbital oral liquid. Our Nembutal oral liquid is available exclusively to approved individuals with valid prescriptions. We are dedicated to providing superior quality, safety, and customer satisfaction, making us a trusted name in the industry. What is Nembutal [&hellip;]<\/p>\n","protected":false},"featured_media":216,"comment_status":"open","ping_status":"closed","template":"","meta":[],"product_brand":[],"product_cat":[18],"product_tag":[],"class_list":{"0":"post-95","1":"product","2":"type-product","3":"status-publish","4":"has-post-thumbnail","6":"product_cat-buy-nembutal-pentobarbital","8":"first","9":"instock","10":"featured","11":"shipping-taxable","12":"purchasable","13":"product-type-variable"},"_links":{"self":[{"href":"https:\/\/poisonshops.com\/de\/wp-json\/wp\/v2\/product\/95","targetHints":{"allow":["GET"]}}],"collection":[{"href":"https:\/\/poisonshops.com\/de\/wp-json\/wp\/v2\/product"}],"about":[{"href":"https:\/\/poisonshops.com\/de\/wp-json\/wp\/v2\/types\/product"}],"replies":[{"embeddable":true,"href":"https:\/\/poisonshops.com\/de\/wp-json\/wp\/v2\/comments?post=95"}],"wp:featuredmedia":[{"embeddable":true,"href":"https:\/\/poisonshops.com\/de\/wp-json\/wp\/v2\/media\/216"}],"wp:attachment":[{"href":"https:\/\/poisonshops.com\/de\/wp-json\/wp\/v2\/media?parent=95"}],"wp:term":[{"taxonomy":"product_brand","embeddable":true,"href":"https:\/\/poisonshops.com\/de\/wp-json\/wp\/v2\/product_brand?post=95"},{"taxonomy":"product_cat","embeddable":true,"href":"https:\/\/poisonshops.com\/de\/wp-json\/wp\/v2\/product_cat?post=95"},{"taxonomy":"product_tag","embeddable":true,"href":"https:\/\/poisonshops.com\/de\/wp-json\/wp\/v2\/product_tag?post=95"}],"curies":[{"name":"wp","href":"https:\/\/api.w.org\/{rel}","templated":true}]}}