{"id":99,"date":"2017-12-20T07:04:21","date_gmt":"2017-12-20T07:04:21","guid":{"rendered":"https:\/\/wordpress.gradientthemes.com\/brand-shop\/product\/dark-gray-jeans\/"},"modified":"2025-12-05T13:01:44","modified_gmt":"2025-12-05T13:01:44","slug":"nembutale-selbstmordflussigkeit-10000-mg-ml","status":"publish","type":"product","link":"https:\/\/poisonshops.com\/de\/produkt-2\/nembutale-selbstmordflussigkeit-10000-mg-ml\/","title":{"rendered":"Nembutal Selbstmordfl\u00fcssigkeit 10000 mg\/ml"},"content":{"rendered":"<h2>Kaufen Nembutal Selbstmord Fl\u00fcssigkeit 10000mg\/ml<\/h2>\n<h3>Nembutal Selbstmord Pillen und Fl\u00fcssigkeit<\/h3>\n<blockquote><p><strong>Hinweis<\/strong>: Nembutal (Pentobarbital-Natrium) ist eine kontrollierte Substanz, die nur unter strenger \u00e4rztlicher Aufsicht und gem\u00e4\u00df den Gesetzen und Vorschriften der jeweiligen Gerichtsbarkeit verwendet werden sollte. Seine Verwendung zur Selbstt\u00f6tung ist in vielen L\u00e4ndern illegal, und es ist wichtig, bei gesundheitlichen Bedenken eine angemessene medizinische Beratung in Anspruch zu nehmen.<\/p><\/blockquote>\n<p>Willkommen bei Bio Weapons, Ihrem vertrauensw\u00fcrdigen Anbieter von hochwertigen Nembutal Pentobarbital-Natrium-Produkten f\u00fcr Personen mit g\u00fcltiger Verschreibung. Wir bieten Nembutal sowohl in Tabletten- als auch in fl\u00fcssiger Form an, um zuverl\u00e4ssige und effektive L\u00f6sungen f\u00fcr verschiedene medizinische Bed\u00fcrfnisse zu gew\u00e4hrleisten. Unser Engagement f\u00fcr Qualit\u00e4t, Sicherheit und Kundenzufriedenheit hat uns zu einem f\u00fchrenden Anbieter in der Branche gemacht.<\/p>\n<h4><strong>Was sind Nembutal Selbstmordpillen und -fl\u00fcssigkeit?<\/strong><\/h4>\n<p>Nembutal, auch bekannt als Pentobarbital-Natrium, ist ein Barbiturat-Medikament mit starken sedierenden, hypnotischen und antikonvulsiven Eigenschaften. Es wird in der Medizin f\u00fcr verschiedene Zwecke verwendet, einschlie\u00dflich Sedierung, An\u00e4sthesie und Anfallskontrolle. Unsere Nembutal-Pillen und -Fl\u00fcssigformulierungen sind auf maximale Wirksamkeit und Sicherheit ausgelegt.<\/p>\n<h4><strong>Verwendungen von Nembutal<\/strong><\/h4>\n<p>Nembutal wird in verschiedenen medizinischen Zusammenh\u00e4ngen verwendet, darunter:<\/p>\n<ol>\n<li><strong>Sedierung<\/strong>: Nembutal wird h\u00e4ufig verwendet, um bei Patienten, die sich medizinischen Eingriffen unterziehen, eine tiefe Sedierung einzuleiten. Seine schnelle Wirkung sorgt daf\u00fcr, dass die Patienten schnell einen entspannten Zustand erreichen.<\/li>\n<li><strong>An\u00e4sthesie<\/strong>: Bei chirurgischen Eingriffen wird Nembutal als Pr\u00e4an\u00e4sthetikum eingesetzt, um einen Tiefschlaf herbeizuf\u00fchren, der einen reibungslosen und schmerzfreien Eingriff erm\u00f6glicht.<\/li>\n<li><strong>Anfallskontrolle<\/strong>: Nembutal ist wirksam bei der Behandlung akuter Anf\u00e4lle, insbesondere in Notfallsituationen, indem es das zentrale Nervensystem d\u00e4mpft und die Anfallsaktivit\u00e4t reduziert.<\/li>\n<li><strong>Euthanasie (tier\u00e4rztliche Verwendung)<\/strong>: In der Veterin\u00e4rmedizin wird Nembutal zur humanen Euthanasie von Tieren verwendet, um einen friedlichen und schmerzfreien \u00dcbergang zu gew\u00e4hrleisten.<\/li>\n<\/ol>\n<h4><strong>Qualit\u00e4t und Reinheit<\/strong><\/h4>\n<p>Bei Bio Weapons wissen wir um die entscheidende Bedeutung von Qualit\u00e4t und Reinheit bei pharmazeutischen Produkten. Unsere Nembutal-Pillen und Fl\u00fcssigformulierungen werden von renommierten Herstellern bezogen und unterliegen strengen Qualit\u00e4tskontrollprozessen. Jede Charge wird rigoros getestet, um sicherzustellen, dass sie den h\u00f6chsten Industriestandards entspricht. Wenn Sie Nembutal bei uns kaufen, k\u00f6nnen Sie darauf vertrauen, dass Sie ein sicheres, wirksames und zuverl\u00e4ssiges Produkt erhalten.<\/p>\n<h4><strong>Dosierung und Verabreichung<\/strong><\/h4>\n<p>Nembutal sollte streng nach den Anweisungen des medizinischen Personals angewendet werden. Die Dosierung und die Art der Verabreichung k\u00f6nnen je nach dem spezifischen medizinischen Zustand und den individuellen Bed\u00fcrfnissen des Patienten variieren. Es ist wichtig, dass die vorgeschriebene Dosierung eingehalten wird, um die Sicherheit und Wirksamkeit zu gew\u00e4hrleisten.<\/p>\n<p><strong>Vorbereitung und Lagerung<\/strong>:<\/p>\n<ul>\n<li><strong>Vorbereitung<\/strong>: Nembutal-Tabletten werden oral verabreicht, w\u00e4hrend die fl\u00fcssige Form oral eingenommen oder intraven\u00f6s verabreicht werden kann, wie von Ihrem medizinischen Betreuer angewiesen.<\/li>\n<li><strong>Lagerung<\/strong>: Bewahren Sie Nembutal an einem k\u00fchlen, trockenen Ort, vor direkter Sonneneinstrahlung und Feuchtigkeit gesch\u00fctzt, auf. Bewahren Sie es au\u00dferhalb der Reichweite von Kindern und Haustieren auf.<\/li>\n<\/ul>\n<h4><strong>Nebenwirkungen und Vorsichtsma\u00dfnahmen<\/strong><\/h4>\n<p>Wie alle Medikamente kann auch Nembutal Nebenwirkungen haben. H\u00e4ufige Nebenwirkungen sind Schl\u00e4frigkeit, Schwindel, \u00dcbelkeit und Kopfschmerzen. In seltenen F\u00e4llen k\u00f6nnen auch schwerere Nebenwirkungen wie Atemdepression, Hypotonie oder allergische Reaktionen auftreten. Es ist wichtig, dass Sie bei schweren Nebenwirkungen sofort einen Arzt aufsuchen.<\/p>\n<p><strong>Vorsichtsma\u00dfnahmen<\/strong>:<\/p>\n<ul>\n<li><strong>Krankengeschichte<\/strong>Informieren Sie Ihren Arzt \u00fcber Ihre vollst\u00e4ndige Krankengeschichte, insbesondere wenn Sie an einer Lebererkrankung, Nierenerkrankung oder Atemwegserkrankung leiden.<\/li>\n<li><strong>Wechselwirkungen mit anderen Medikamenten<\/strong>: Nembutal kann Wechselwirkungen mit anderen Medikamenten, einschlie\u00dflich Beruhigungsmitteln, Opioiden und Alkohol, aufweisen. Stellen Sie sicher, dass Ihr medizinischer Betreuer \u00fcber alle Medikamente, die Sie einnehmen, informiert ist.<\/li>\n<li><strong>Schwangerschaft und Stillzeit<\/strong>: Nembutal sollte w\u00e4hrend der Schwangerschaft und Stillzeit mit Vorsicht angewendet werden. Wenden Sie sich an Ihren medizinischen Betreuer, um Rat zu erhalten.<\/li>\n<\/ul>\n<p><img decoding=\"async\" class=\"wp-image-463 aligncenter\" src=\"https:\/\/poisonshops.com\/wp-content\/uploads\/2025\/11\/tttt-1-204x300.png\" alt=\"Giftladen\" width=\"73\" height=\"107\" srcset=\"https:\/\/poisonshops.com\/wp-content\/uploads\/2025\/11\/tttt-1-204x300.png 204w, https:\/\/poisonshops.com\/wp-content\/uploads\/2025\/11\/tttt-1.png 218w\" sizes=\"(max-width: 73px) 100vw, 73px\" \/><\/p>\n<h4><strong>Warum Bio-Waffen w\u00e4hlen?<\/strong><\/h4>\n<ol>\n<li><strong>Qualit\u00e4tssicherung<\/strong>: Wir legen gr\u00f6\u00dften Wert auf Qualit\u00e4t und Sicherheit und stellen sicher, dass unsere Nembutal-Produkte den h\u00f6chsten Industriestandards entsprechen.<\/li>\n<li><strong>Autorisierte Verk\u00e4ufer<\/strong>Bio Weapons ist ein vertrauensw\u00fcrdiger und autorisierter Verk\u00e4ufer, der zugelassenen Personen mit Rezepten Originalprodukte anbietet.<\/li>\n<li><strong>Sichere Transaktionen<\/strong>Unsere Online-Plattform gew\u00e4hrleistet sichere Transaktionen und sch\u00fctzt Ihre pers\u00f6nlichen und finanziellen Daten.<\/li>\n<li><strong>Kundendienst<\/strong>Unser engagiertes Kundensupport-Team steht Ihnen bei allen Fragen und Anliegen mit professionellem und freundlichem Service zur Verf\u00fcgung.<\/li>\n<li><strong>P\u00fcnktliche Lieferung<\/strong>: Wir wissen, wie wichtig eine p\u00fcnktliche Lieferung ist. Unser effizienter Versandprozess stellt sicher, dass Sie Ihre Nembutal-Produkte schnell und diskret erhalten.<\/li>\n<\/ol>\n<h4><strong>Schlussfolgerung<\/strong><\/h4>\n<p>Bio Weapons ist Ihre vertrauensw\u00fcrdige Quelle f\u00fcr hochwertige Nembutal Pentobarbital Natrium Pillen und Fl\u00fcssigkeit. Wir haben uns verpflichtet, sichere, wirksame und zuverl\u00e4ssige Produkte f\u00fcr zugelassene Personen mit g\u00fcltigen Rezepten zu liefern. Unser Fokus auf Qualit\u00e4t, Kundenzufriedenheit und sichere Transaktionen zeichnet uns in der Branche aus. Kaufen Sie mit Vertrauen bei Bio Weapons und erleben Sie den Unterschied in Qualit\u00e4t und Service.<\/p>\n<p><strong>Bestellen Sie Ihre Nembutal Pentobarbital Natrium Pillen oder Fl\u00fcssigkeit heute<\/strong> und schlie\u00dfen Sie sich unseren zufriedenen Kunden an, die Bio Weapons f\u00fcr ihre medizinischen Bed\u00fcrfnisse vertrauen. Ihre Gesundheit und Sicherheit haben f\u00fcr uns oberste Priorit\u00e4t.<\/p>\n<p>Kaufen Sie hochwertige Nembutal Pentobarbital Natrium Pillen und Fl\u00fcssigkeit bei Bio Weapons. Zugelassene Personen nur mit Verordnungen. Sicherer Kauf, schnelle Lieferung, und Kundenzufriedenheit garantiert.<\/p>\n<h4><img decoding=\"async\" class=\"wp-image-502 aligncenter\" src=\"https:\/\/poisonshops.com\/wp-content\/uploads\/2025\/11\/Bio-Weapons-240x300.png\" alt=\"Biologische Waffen\" width=\"68\" height=\"85\" srcset=\"https:\/\/poisonshops.com\/wp-content\/uploads\/2025\/11\/Bio-Weapons-240x300.png 240w, https:\/\/poisonshops.com\/wp-content\/uploads\/2025\/11\/Bio-Weapons.png 265w\" sizes=\"(max-width: 68px) 100vw, 68px\" \/><\/h4>\n<ol>\n<li>Kaufen Nembutal Pentobarbital Pillen und Fl\u00fcssigkeit Online<\/li>\n<li>Hochwertige Nembutal-Tabletten und -Fl\u00fcssigkeit f\u00fcr den medizinischen Gebrauch<\/li>\n<li>Kaufen Nembutal Pentobarbital sicher<\/li>\n<li>Vertrauensw\u00fcrdige Quelle f\u00fcr Nembutal Pillen und Fl\u00fcssigkeit<\/li>\n<li>Nembutal Pentobarbital sicher bestellen<\/li>\n<li>Schnelle Lieferung von Nembutal Pillen und Fl\u00fcssigkeit<\/li>\n<li>Zuverl\u00e4ssiger Lieferant von Nembutal Pentobarbital<\/li>\n<li>Authentic Nembutal Pills und Fl\u00fcssigkeit zu verkaufen<\/li>\n<li>Kaufen Sie Nembutal von autorisierten Verk\u00e4ufern<\/li>\n<li>Bester Ort, um Nembutal Pentobarbital zu kaufen<\/li>\n<\/ol>\n<h4><\/h4>\n<p>Nembutal Pentobarbital Natrium, Buy Nembutal pills, Purchase Nembutal liquid, Nembutal for sale, High quality Nembutal, Secure Nembutal purchase, Nembutal for medical use, Reliable source for Nembutal, Buy Nembutal legal, Nembutal with prescription, Nembutal for sedation, Order Nembutal pills, Nembutal for anesthesia, Genuine Nembutal liquid, Nembutal delivery, Vertrauensw\u00fcrdiger Nembutal-Verk\u00e4ufer, Nembutal sicher kaufen, Authentisches Nembutal, Nembutal-Lieferant, Nembutal in den USA, Nembutal-Verf\u00fcgbarkeit, Schnelle Lieferung von Nembutal, Qualit\u00e4ts-Nembutal, Nembutal-Apotheke, Nembutal f\u00fcr Anf\u00e4lle, Nembutal online kaufen, Sicherer Kauf von Nembutal, Nembutal f\u00fcr Profis, Zuverl\u00e4ssige Nembutal-Quelle, Nembutal weltweiter Versand<\/p>\n<h4>Nembutal Selbstmord Fl\u00fcssigkeit 10000mg\/ml zum Verkauf<\/h4>\n<p><img decoding=\"async\" class=\"wp-image-176 aligncenter\" src=\"https:\/\/poisonshops.com\/wp-content\/uploads\/2025\/11\/poison_shop_logo-300x171.png\" alt=\"Giftl\u00e4den\" width=\"112\" height=\"64\" srcset=\"https:\/\/poisonshops.com\/wp-content\/uploads\/2025\/11\/poison_shop_logo-300x171.png 300w, https:\/\/poisonshops.com\/wp-content\/uploads\/2025\/11\/poison_shop_logo.png 563w\" sizes=\"(max-width: 112px) 100vw, 112px\" \/><\/p>","protected":false},"excerpt":{"rendered":"<p>Buy Nembutal Suicide Liquid 10000mg\/ml Nembutal Suicide Pills and Liquid Note: Nembutal (Pentobarbital Sodium) is a controlled substance that should only be used under strict medical supervision and according to the laws and regulations of the relevant jurisdiction. Its use for suicide is illegal in many countries, and it is crucial to seek proper medical [&hellip;]<\/p>\n","protected":false},"featured_media":256,"comment_status":"open","ping_status":"closed","template":"","meta":[],"product_brand":[],"product_cat":[18],"product_tag":[],"class_list":{"0":"post-99","1":"product","2":"type-product","3":"status-publish","4":"has-post-thumbnail","6":"product_cat-buy-nembutal-pentobarbital","8":"first","9":"instock","10":"shipping-taxable","11":"purchasable","12":"product-type-variable"},"_links":{"self":[{"href":"https:\/\/poisonshops.com\/de\/wp-json\/wp\/v2\/product\/99","targetHints":{"allow":["GET"]}}],"collection":[{"href":"https:\/\/poisonshops.com\/de\/wp-json\/wp\/v2\/product"}],"about":[{"href":"https:\/\/poisonshops.com\/de\/wp-json\/wp\/v2\/types\/product"}],"replies":[{"embeddable":true,"href":"https:\/\/poisonshops.com\/de\/wp-json\/wp\/v2\/comments?post=99"}],"wp:featuredmedia":[{"embeddable":true,"href":"https:\/\/poisonshops.com\/de\/wp-json\/wp\/v2\/media\/256"}],"wp:attachment":[{"href":"https:\/\/poisonshops.com\/de\/wp-json\/wp\/v2\/media?parent=99"}],"wp:term":[{"taxonomy":"product_brand","embeddable":true,"href":"https:\/\/poisonshops.com\/de\/wp-json\/wp\/v2\/product_brand?post=99"},{"taxonomy":"product_cat","embeddable":true,"href":"https:\/\/poisonshops.com\/de\/wp-json\/wp\/v2\/product_cat?post=99"},{"taxonomy":"product_tag","embeddable":true,"href":"https:\/\/poisonshops.com\/de\/wp-json\/wp\/v2\/product_tag?post=99"}],"curies":[{"name":"wp","href":"https:\/\/api.w.org\/{rel}","templated":true}]}}