{"id":137,"date":"2017-12-17T10:06:43","date_gmt":"2017-12-17T10:06:43","guid":{"rendered":"https:\/\/wordpress.gradientthemes.com\/brand-shop\/about\/"},"modified":"2025-11-29T14:33:52","modified_gmt":"2025-11-29T14:33:52","slug":"tiendas-de-veneno","status":"publish","type":"page","link":"https:\/\/poisonshops.com\/es\/tiendas-de-veneno\/","title":{"rendered":"Acerca de"},"content":{"rendered":"<div data-elementor-type=\"wp-post\" data-elementor-id=\"137\" class=\"elementor elementor-137\">\n\t\t\t\t<div class=\"elementor-element elementor-element-b4375f3 e-flex e-con-boxed e-con e-parent\" data-id=\"b4375f3\" data-element_type=\"container\" data-e-type=\"container\">\n\t\t\t\t\t<div class=\"e-con-inner\">\n\t\t\t\t<div class=\"elementor-element elementor-element-c2b1470 elementor-widget elementor-widget-text-editor\" data-id=\"c2b1470\" data-element_type=\"widget\" data-e-type=\"widget\" data-widget_type=\"text-editor.default\">\n\t\t\t\t<div class=\"elementor-widget-container\">\n\t\t\t\t\t\t\t\t\t<h2>Tiendas de venenos<\/h2><p>Bienvenido a Poison Shops, su principal proveedor de productos de alta calidad, especializado en agentes bioqu\u00edmicos y toxinas de primer nivel y m\u00e1s t\u00f3xicos del mundo. Operamos desde nuestras instalaciones en <strong>Alemania, Suiza,<\/strong> y<strong> Francia<\/strong>, nos comprometemos a proporcionar a nuestros clientes productos y servicios de primera calidad. Nuestro enfoque en la seguridad y la satisfacci\u00f3n del cliente nos distingue en el sector. Tienda de armas biol\u00f3gicas.<\/p><p>En <a href=\"https:\/\/poisonshops.com\/es\/\">Tiendas de venenos<\/a>, garantizamos el cumplimiento riguroso de las normativas internacionales, dando prioridad a la responsabilidad p<strong>Embalaje, manipulaci\u00f3n, env\u00edo., <\/strong>y <strong>distribuci\u00f3n<\/strong> de materiales peligrosos. Nuestro equipo est\u00e1 bien formado y equipado con tecnolog\u00eda avanzada. <strong>equipo de protecci\u00f3n personal (EPP),<\/strong> y todos los env\u00edos incluyen una cobertura completa <strong>Fichas de datos de seguridad (FDS)<\/strong> para su tranquilidad y seguridad. Nuestra gama incluye <strong>Ars\u00e9nico, aconitina, batrachotoxina, toxina botul\u00ednica, cianuro, dimetilmercurio, maitotoxina, polonio-210, ricina, sar\u00edn, tetrodotoxina, nembutal para suicidio.<a href=\"https:\/\/duckduckgo.com\/\" target=\"_blank\" rel=\"noopener\">,<\/a>y VR Nerve Agent. El mejor lugar para pedir veneno de forma discreta.<\/strong><\/p><p><img decoding=\"async\" class=\"wp-image-502 aligncenter\" src=\"https:\/\/poisonshops.com\/wp-content\/uploads\/2025\/11\/Bio-Weapons-240x300.png\" alt=\"Armas biol\u00f3gicas\" width=\"53\" height=\"66\" srcset=\"https:\/\/poisonshops.com\/wp-content\/uploads\/2025\/11\/Bio-Weapons-240x300.png 240w, https:\/\/poisonshops.com\/wp-content\/uploads\/2025\/11\/Bio-Weapons.png 265w\" sizes=\"(max-width: 53px) 100vw, 53px\" \/><\/p><p>Tanto si desea nuestros venenos\/toxinas con fines de investigaci\u00f3n, para la eutanasia, como si dirige un laboratorio de investigaci\u00f3n para tiendas de venenos o tiene la intenci\u00f3n de llevar a cabo limpiezas \u00e9tnicas o asesinatos, conf\u00ede en Poison Shops para obtener toxinas fiables con soluciones de entrega discretas y transacciones seguras solo con criptomonedas. Compre productos qu\u00edmicos para investigaci\u00f3n en l\u00ednea.<\/p><p>Ofrecemos varias opciones de env\u00edo, entre las que se incluyen: <strong>est\u00e1ndar <\/strong>y<strong> servicios urgentes,<\/strong> con <strong>env\u00edo gratuito<\/strong> en pedidos superiores a<strong> \u20ac10,000<\/strong>. Para requisitos especializados, ofrecemos un <strong>punto muerto <\/strong>servicio a <strong>coordenadas GPS espec\u00edficas<\/strong>. Nuestras pol\u00edticas reflejan nuestro compromiso con un servicio seguro y eficiente, incluyendo una pol\u00edtica clara de reembolsos y devoluciones centrada en los pedidos no recibidos o retrasados.<\/p><p>Bio Weapons es un socio de confianza en la industria bioqu\u00edmica, que mantiene los m\u00e1s altos est\u00e1ndares de integridad, innovaci\u00f3n y experiencia. Gracias por elegir Bio Weapons para sus necesidades bioqu\u00edmicas especializadas. Comprar venenos.<\/p><p><img decoding=\"async\" class=\"wp-image-489 aligncenter\" src=\"https:\/\/poisonshops.com\/wp-content\/uploads\/2025\/11\/Buy-poisons-and-toxins-anonymously-300x200.jpg\" alt=\"Comprar venenos y toxinas de forma an\u00f3nima\" width=\"74\" height=\"49\" srcset=\"https:\/\/poisonshops.com\/wp-content\/uploads\/2025\/11\/Buy-poisons-and-toxins-anonymously-300x200.jpg 300w, https:\/\/poisonshops.com\/wp-content\/uploads\/2025\/11\/Buy-poisons-and-toxins-anonymously-446x297.jpg 446w, https:\/\/poisonshops.com\/wp-content\/uploads\/2025\/11\/Buy-poisons-and-toxins-anonymously.jpg 474w\" sizes=\"(max-width: 74px) 100vw, 74px\" \/><\/p><h3>Comprar venenos y toxinas de forma an\u00f3nima<\/h3><p>Ahora es m\u00e1s habitual utilizar m\u00e9todos m\u00e1s silenciosos y encubiertos para asesinar. Diversos venenos de acci\u00f3n lenta vienen al rescate. Ya no hay nada nuevo en este mundo, y los venenos tambi\u00e9n se utilizaban en los pa\u00edses civilizados: en el antiguo Egipto, en la Europa medieval. En aquellos a\u00f1os de la medicina, no exist\u00eda la medicina forense, nadie sab\u00eda por qu\u00e9 fallec\u00eda una persona, por lo que se pod\u00eda encargar f\u00e1cilmente cualquier tipo de muerte a los qu\u00edmicos de anta\u00f1o: lenta y tortuosa, r\u00e1pida e indolora, durante el sue\u00f1o, por ataque al coraz\u00f3n, etc.<\/p><p>Ahora, debido a los m\u00e9todos modernos para determinar la causa de la muerte, se ha vuelto incre\u00edblemente dif\u00edcil envenenar a una persona, especialmente si muere repentinamente, ya que la gente sospechar\u00e1 inmediatamente de envenenamiento. El veneno para ratas de la tienda no servir\u00e1, ya que el examen forense encontrar\u00e1 inmediatamente sus restos en la sangre o da\u00f1os en los \u00f3rganos durante la autopsia.\u00a0<\/p><p>Por lo tanto, el uso de venenos qu\u00edmicos como el cianuro, el metilmercurio y el ars\u00e9nico es inseguro desde el punto de vista legal. Estos permanecen en el cuerpo despu\u00e9s de la muerte y los signos externos son muy evidentes para los especialistas en medicina forense.<\/p><p>Creo venenos org\u00e1nicos cuidadosamente seleccionados con efectos a largo plazo y sintetizo un disfraz en forma de suero para algunos de ellos. \u00bfPor qu\u00e9 inventar algo si la naturaleza ya lo ha hecho por ti?<\/p><p>Creo venenos org\u00e1nicos cuidadosamente seleccionados con efectos a largo plazo y sintetizo un disfraz en forma de suero para algunos de ellos. \u00bfPor qu\u00e9 inventar algo si la naturaleza ya lo ha hecho por ti?<\/p><p>Es muy f\u00e1cil envenenar a la gente, a menudo se oye en las noticias locales que una abuela ha muerto por envenenamiento debido a la mala calidad de la carne del mercado, y la abuela viv\u00eda sola en un apartamento de dos habitaciones... Compra productos qu\u00edmicos para investigaci\u00f3n en l\u00ednea.<\/p><p>\u00bfQu\u00e9 pruebas puedo aportar para demostrar que no soy un estudiante que ha creado la p\u00e1gina web con el fin de estafar a la gente para llegar a fin de mes? En primer lugar, lo comprender\u00e1s inmediatamente cuando hables conmigo, pero tambi\u00e9n adjuntar\u00e9 algunas fotos de mi laboratorio:<\/p><h4>Comprar productos qu\u00edmicos para investigaci\u00f3n en l\u00ednea<\/h4><p><img decoding=\"async\" class=\"wp-image-176 aligncenter\" src=\"https:\/\/poisonshops.com\/wp-content\/uploads\/2025\/11\/poison_shop_logo-300x171.png\" alt=\"Tiendas de venenos\" width=\"70\" height=\"40\" srcset=\"https:\/\/poisonshops.com\/wp-content\/uploads\/2025\/11\/poison_shop_logo-300x171.png 300w, https:\/\/poisonshops.com\/wp-content\/uploads\/2025\/11\/poison_shop_logo.png 563w\" sizes=\"(max-width: 70px) 100vw, 70px\" \/><\/p>\t\t\t\t\t\t\t\t<\/div>\n\t\t\t\t<\/div>\n\t\t\t\t\t<\/div>\n\t\t\t\t<\/div>\n\t\t\t\t<\/div>","protected":false},"excerpt":{"rendered":"<p>Poison Shops Welcome to Poison Shops \u00a0your premier source for high-quality, specialized in top-tier and world most toxic biochemical agents and toxins. Operating from our facilities in Germany, Switzerland, and France, we are committed to providing our clients with top-tier products and services. Our focus on safety, security, and customer satisfaction sets us apart in [&hellip;]<\/p>\n","protected":false},"author":1,"featured_media":0,"parent":0,"menu_order":0,"comment_status":"closed","ping_status":"closed","template":"elementor_header_footer","meta":{"footnotes":""},"class_list":["post-137","page","type-page","status-publish","hentry"],"_links":{"self":[{"href":"https:\/\/poisonshops.com\/es\/wp-json\/wp\/v2\/pages\/137","targetHints":{"allow":["GET"]}}],"collection":[{"href":"https:\/\/poisonshops.com\/es\/wp-json\/wp\/v2\/pages"}],"about":[{"href":"https:\/\/poisonshops.com\/es\/wp-json\/wp\/v2\/types\/page"}],"author":[{"embeddable":true,"href":"https:\/\/poisonshops.com\/es\/wp-json\/wp\/v2\/users\/1"}],"replies":[{"embeddable":true,"href":"https:\/\/poisonshops.com\/es\/wp-json\/wp\/v2\/comments?post=137"}],"version-history":[{"count":34,"href":"https:\/\/poisonshops.com\/es\/wp-json\/wp\/v2\/pages\/137\/revisions"}],"predecessor-version":[{"id":508,"href":"https:\/\/poisonshops.com\/es\/wp-json\/wp\/v2\/pages\/137\/revisions\/508"}],"wp:attachment":[{"href":"https:\/\/poisonshops.com\/es\/wp-json\/wp\/v2\/media?parent=137"}],"curies":[{"name":"wp","href":"https:\/\/api.w.org\/{rel}","templated":true}]}}