{"id":418,"date":"2025-11-20T11:56:12","date_gmt":"2025-11-20T11:56:12","guid":{"rendered":"https:\/\/poisonshops.com\/?page_id=418"},"modified":"2025-12-01T12:00:53","modified_gmt":"2025-12-01T12:00:53","slug":"directrices-sobre-epi","status":"publish","type":"page","link":"https:\/\/poisonshops.com\/es\/directrices-sobre-epi\/","title":{"rendered":"Directrices sobre EPI"},"content":{"rendered":"<div data-elementor-type=\"wp-page\" data-elementor-id=\"418\" class=\"elementor elementor-418\">\n\t\t\t\t<div class=\"elementor-element elementor-element-0dae480 e-flex e-con-boxed e-con e-parent\" data-id=\"0dae480\" data-element_type=\"container\" data-e-type=\"container\">\n\t\t\t\t\t<div class=\"e-con-inner\">\n\t\t\t\t<div class=\"elementor-element elementor-element-3c24701 elementor-widget elementor-widget-text-editor\" data-id=\"3c24701\" data-element_type=\"widget\" data-e-type=\"widget\" data-widget_type=\"text-editor.default\">\n\t\t\t\t<div class=\"elementor-widget-container\">\n\t\t\t\t\t\t\t\t\t<div id=\"primary\" class=\"content-area\"><main id=\"main\" class=\"site-main\"><\/main><article id=\"post-389666\" class=\"post-389666 page type-page status-publish\"><div class=\"inside-article\"><header class=\"entry-header\"><h2 class=\"entry-title\">Directrices exhaustivas sobre EPI para la manipulaci\u00f3n segura de sustancias t\u00f3xicas<\/h2><\/header><div class=\"entry-content\"><p>A continuaci\u00f3n se ofrece una recomendaci\u00f3n detallada sobre el equipo de protecci\u00f3n personal (EPP) para manipular cada una de las toxinas enumeradas, centr\u00e1ndose en el equipo m\u00e1s eficaz en funci\u00f3n de los riesgos espec\u00edficos asociados a cada sustancia:<\/p><h3 class=\"wp-block-heading\">1. <strong>Envenenamiento por ars\u00e9nico<\/strong><\/h3><ul class=\"wp-block-list\"><li><strong>Guantes<\/strong>: Guantes de nitrilo o l\u00e1tex: proporcionan resistencia qu\u00edmica y evitan el contacto con la piel.<\/li><li><strong>Protecci\u00f3n ocular<\/strong>: Gafas de seguridad: protegen contra salpicaduras.<\/li><li><strong>Protecci\u00f3n facial<\/strong>: Protector facial: ofrece protecci\u00f3n adicional para la cara y el cuello.<\/li><li><strong>Ropa<\/strong>: Bata de laboratorio o mono desechable: protege la ropa y la piel de la contaminaci\u00f3n.<\/li><li><strong>Protecci\u00f3n respiratoria<\/strong>: Respirador N95 o superior: filtra las part\u00edculas en suspensi\u00f3n en el aire.<\/li><\/ul><p><strong>Raz\u00f3n<\/strong>El ars\u00e9nico puede causar irritaci\u00f3n cut\u00e1nea y respiratoria. El EPI evita el contacto directo y la inhalaci\u00f3n.<\/p><h3 class=\"wp-block-heading\">2. <strong>Aconitina<\/strong><\/h3><ul class=\"wp-block-list\"><li><strong>Guantes<\/strong>Guantes de nitrilo: resistentes a los productos qu\u00edmicos y evitan la absorci\u00f3n cut\u00e1nea.<\/li><li><strong>Protecci\u00f3n ocular<\/strong>: Gafas de seguridad: protegen los ojos de posibles salpicaduras.<\/li><li><strong>Protecci\u00f3n facial<\/strong>: Protector facial: protecci\u00f3n facial adicional contra salpicaduras.<\/li><li><strong>Ropa<\/strong>: Bata de laboratorio o mono desechable: protege la piel de la contaminaci\u00f3n.<\/li><li><strong>Protecci\u00f3n respiratoria<\/strong>: Respirador P100: proporciona protecci\u00f3n contra part\u00edculas finas.<\/li><\/ul><p><strong>Raz\u00f3n<\/strong>: <a href=\"https:\/\/poisonshops.com\/es\/\">Aconitina<\/a> Es altamente t\u00f3xico y puede absorberse a trav\u00e9s de la piel, por lo que requiere un equipo de protecci\u00f3n personal completo.<\/p><h3 class=\"wp-block-heading\">3. <strong>Batrachotoxina<\/strong><\/h3><ul class=\"wp-block-list\"><li><strong>Guantes<\/strong>Guantes de caucho but\u00edlico: ofrecen una protecci\u00f3n superior contra sustancias altamente t\u00f3xicas.<\/li><li><strong>Protecci\u00f3n ocular<\/strong>: Gafas de seguridad: evitan la exposici\u00f3n de los ojos.<\/li><li><strong>Protecci\u00f3n facial<\/strong>: Protector facial completo: esencial para manipular materiales altamente t\u00f3xicos.<\/li><li><strong>Ropa<\/strong>: Traje qu\u00edmico de cuerpo entero: protege contra la exposici\u00f3n de la piel.<\/li><li><strong>Protecci\u00f3n respiratoria<\/strong>: Respirador con suministro de aire: garantiza la protecci\u00f3n contra la inhalaci\u00f3n de toxinas en el aire.<\/li><\/ul><p><strong>Raz\u00f3n<\/strong>: La batracotoxina es extremadamente t\u00f3xica y requiere protecci\u00f3n corporal completa para evitar cualquier exposici\u00f3n.<\/p><h3 class=\"wp-block-heading\">4. <strong>Toxina botul\u00ednica<\/strong><\/h3><ul class=\"wp-block-list\"><li><strong>Guantes<\/strong>Guantes de nitrilo: resistentes a las toxinas y protegen las manos.<\/li><li><strong>Protecci\u00f3n ocular<\/strong>: Gafas de seguridad: evitan el contacto con los ojos.<\/li><li><strong>Protecci\u00f3n facial<\/strong>: Protector facial: proporciona protecci\u00f3n adicional para el rostro.<a href=\"https:\/\/duckduckgo.com\/\" target=\"_blank\" rel=\"noopener\">.<\/a><\/li><li><strong>Ropa<\/strong>: Bata de laboratorio o mono desechable: protege contra la contaminaci\u00f3n.<\/li><li><strong>Protecci\u00f3n respiratoria<\/strong>: Respirador P100 o superior: filtra las part\u00edculas en suspensi\u00f3n en el aire.<\/li><\/ul><p><strong>Raz\u00f3n<\/strong>: La toxina botul\u00ednica es altamente t\u00f3xica, por lo que es fundamental evitar cualquier tipo de exposici\u00f3n.<\/p><h3 class=\"wp-block-heading\">5. <strong>Cianuro<\/strong><\/h3><ul class=\"wp-block-list\"><li><strong>Guantes<\/strong>: Guantes de nitrilo o neopreno: resistentes a los productos qu\u00edmicos y protegen la piel.<\/li><li><strong>Protecci\u00f3n ocular<\/strong>: Gafas de seguridad: protegen contra salpicaduras.<\/li><li><strong>Protecci\u00f3n facial<\/strong>: Protector facial: protecci\u00f3n adicional para la cara.<\/li><li><strong>Ropa<\/strong>: Bata o mono de laboratorio resistente a productos qu\u00edmicos: evita la exposici\u00f3n de la piel.<\/li><li><strong>Protecci\u00f3n respiratoria<\/strong>: Respirador de cara completa con filtros adecuados: protege contra la inhalaci\u00f3n de humos t\u00f3xicos.<\/li><\/ul><p><strong>Raz\u00f3n<\/strong>El cianuro es un potente veneno que puede absorberse a trav\u00e9s de la piel o inhalarse, por lo que requiere un equipo de protecci\u00f3n personal completo.<\/p><h3 class=\"wp-block-heading\">6. <strong>Dimetilmercurio<\/strong><\/h3><ul class=\"wp-block-list\"><li><strong>Guantes<\/strong>Guantes de caucho but\u00edlico: proporcionan una alta resistencia qu\u00edmica.<\/li><li><strong>Protecci\u00f3n ocular<\/strong>: Gafas de seguridad: protegen los ojos de la exposici\u00f3n.<\/li><li><strong>Protecci\u00f3n facial<\/strong>: Protector facial completo: ofrece protecci\u00f3n facial completa.<\/li><li><strong>Ropa<\/strong>: Traje qu\u00edmico de cuerpo entero: garantiza una protecci\u00f3n completa contra la contaminaci\u00f3n.<\/li><li><strong>Protecci\u00f3n respiratoria<\/strong>: Respirador con suministro de aire: esencial debido a su alta toxicidad y riesgo de vapores.<\/li><\/ul><p><strong>Raz\u00f3n<\/strong>El dimetilmercurio es extremadamente t\u00f3xico y vol\u00e1til, por lo que se requiere un equipo de protecci\u00f3n personal (EPP) de alto nivel para evitar cualquier exposici\u00f3n.<\/p><p><img decoding=\"async\" class=\"wp-image-462 aligncenter\" src=\"https:\/\/poisonshops.com\/wp-content\/uploads\/2025\/11\/tttt-204x300.png\" alt=\"Directrices sobre EPI para la manipulaci\u00f3n segura de sustancias t\u00f3xicas\" width=\"90\" height=\"133\" srcset=\"https:\/\/poisonshops.com\/wp-content\/uploads\/2025\/11\/tttt-204x300.png 204w, https:\/\/poisonshops.com\/wp-content\/uploads\/2025\/11\/tttt.png 218w\" sizes=\"(max-width: 90px) 100vw, 90px\" \/><\/p><h3 class=\"wp-block-heading\">7. <strong>Maitotoxina<\/strong><\/h3><ul class=\"wp-block-list\"><li><strong>Guantes<\/strong>: Guantes de nitrilo: protegen contra el contacto con la piel.<\/li><li><strong>Protecci\u00f3n ocular<\/strong>: Gafas de seguridad: evitan la exposici\u00f3n de los ojos.<\/li><li><strong>Protecci\u00f3n facial<\/strong>: Protector facial: proporciona protecci\u00f3n adicional para el rostro.<\/li><li><strong>Ropa<\/strong>: Bata de laboratorio o mono: protege la ropa y la piel.<\/li><li><strong>Protecci\u00f3n respiratoria<\/strong>: Respirador N95 o superior: filtra las part\u00edculas en suspensi\u00f3n en el aire.<\/li><\/ul><p><strong>Raz\u00f3n<\/strong>: La maitotoxina es altamente t\u00f3xica, por lo que se deben usar guantes y ropa protectora para evitar el contacto.<\/p><h3 class=\"wp-block-heading\">8. <strong>Polonio-210<\/strong><\/h3><ul class=\"wp-block-list\"><li><strong>Guantes<\/strong>: Guantes con revestimiento de plomo: proporcionan protecci\u00f3n contra la radiaci\u00f3n.<\/li><li><strong>Protecci\u00f3n ocular<\/strong>: Gafas de seguridad: protegen los ojos de la contaminaci\u00f3n.<\/li><li><strong>Protecci\u00f3n facial<\/strong>: Pantalla facial con revestimiento de plomo: ofrece protecci\u00f3n adicional contra la exposici\u00f3n a la radiaci\u00f3n.<\/li><li><strong>Ropa<\/strong>: Bata de laboratorio con revestimiento de plomo: protege contra la radiaci\u00f3n.<\/li><li><strong>Protecci\u00f3n respiratoria<\/strong>: Normalmente no es necesario, a menos que la manipulaci\u00f3n implique contaminaci\u00f3n a\u00e9rea.<\/li><\/ul><p><strong>Raz\u00f3n<\/strong>El polonio-210 es radiactivo, por lo que es esencial utilizar EPI revestido de plomo para protegerse de la radiaci\u00f3n.<\/p><h3 class=\"wp-block-heading\">9. <strong>Ricina<\/strong><\/h3><ul class=\"wp-block-list\"><li><strong>Guantes<\/strong>: Guantes de nitrilo: proporcionan resistencia qu\u00edmica y evitan el contacto con la piel.<\/li><li><strong>Protecci\u00f3n ocular<\/strong>: Gafas de seguridad: protegen los ojos de la exposici\u00f3n.<\/li><li><strong>Protecci\u00f3n facial<\/strong>: Protector facial completo: proporciona protecci\u00f3n adicional.<\/li><li><strong>Ropa<\/strong>: Bata de laboratorio o mono desechable: protege la piel.<\/li><li><strong>Protecci\u00f3n respiratoria<\/strong>: Respirador P100: filtra part\u00edculas y aerosoles.<\/li><\/ul><p><strong>Raz\u00f3n<\/strong>: La ricina es altamente t\u00f3xica y puede absorberse a trav\u00e9s de la piel o inhalarse, por lo que requiere un equipo de protecci\u00f3n personal completo.<\/p><h3 class=\"wp-block-heading\">10. <strong>Sarin<\/strong><\/h3><ul class=\"wp-block-list\"><li><strong>Guantes<\/strong>Guantes de caucho but\u00edlico: ofrecen protecci\u00f3n contra agentes qu\u00edmicos.<\/li><li><strong>Protecci\u00f3n ocular<\/strong>: Gafas de seguridad: protegen contra salpicaduras.<\/li><li><strong>Protecci\u00f3n facial<\/strong>: Protector facial completo: esencial para manipular agentes nerviosos.<\/li><li><strong>Ropa<\/strong>: Traje qu\u00edmico de cuerpo entero: garantiza la protecci\u00f3n contra la contaminaci\u00f3n.<\/li><li><strong>Protecci\u00f3n respiratoria<\/strong>: Respirador con suministro de aire: necesario para protegerse contra los vapores de agentes nerviosos.<\/li><\/ul><p><strong>Raz\u00f3n<\/strong>El sar\u00edn es un agente nervioso que requiere equipo de protecci\u00f3n corporal completo debido a su alta toxicidad.<\/p><h3 class=\"wp-block-heading\">11. <strong>Tetrodotoxina<\/strong><\/h3><ul class=\"wp-block-list\"><li><strong>Guantes<\/strong>Guantes de nitrilo: proporcionan protecci\u00f3n contra sustancias t\u00f3xicas.<\/li><li><strong>Protecci\u00f3n ocular<\/strong>: Gafas de seguridad: evitan la exposici\u00f3n de los ojos.<\/li><li><strong>Protecci\u00f3n facial<\/strong>: Protector facial: proporciona protecci\u00f3n adicional.<\/li><li><strong>Ropa<\/strong>: Bata de laboratorio o mono desechable: protege contra la contaminaci\u00f3n.<\/li><li><strong>Protecci\u00f3n respiratoria<\/strong>: Respirador N95: filtra las part\u00edculas en suspensi\u00f3n en el aire.<\/li><\/ul><p><strong>Raz\u00f3n<\/strong>: La tetrodotoxina es extremadamente t\u00f3xica, por lo que es necesario utilizar un equipo de protecci\u00f3n personal completo para evitar la exposici\u00f3n.<\/p><h3 class=\"wp-block-heading\">12. <strong>Agente nervioso VR<\/strong><\/h3><ul class=\"wp-block-list\"><li><strong>Guantes<\/strong>Guantes de caucho but\u00edlico: altamente resistentes a los agentes nerviosos.<\/li><li><strong>Protecci\u00f3n ocular<\/strong>: Gafas de seguridad: protegen los ojos de la exposici\u00f3n.<\/li><li><strong>Protecci\u00f3n facial<\/strong>: Protector facial completo: esencial para una protecci\u00f3n total.<\/li><li><strong>Ropa<\/strong>: Traje qu\u00edmico de cuerpo entero: protege contra el contacto con agentes nerviosos.<\/li><li><strong>Protecci\u00f3n respiratoria<\/strong>: Respirador con suministro de aire: proporciona aire limpio y protecci\u00f3n contra la inhalaci\u00f3n de vapores t\u00f3xicos.<\/li><\/ul><p><strong>Raz\u00f3n<\/strong>: Los agentes nerviosos VR son altamente t\u00f3xicos y requieren un equipo de protecci\u00f3n personal (EPP) completo para evitar la exposici\u00f3n por todas las v\u00edas posibles.<\/p><p>Para cada toxina, es fundamental seguir los protocolos de seguridad establecidos y garantizar que todos los EPI se ajusten, mantengan y utilicen correctamente, de acuerdo con las instrucciones del fabricante y las directrices de seguridad.<\/p><p><img decoding=\"async\" class=\"wp-image-176 aligncenter\" src=\"https:\/\/poisonshops.com\/wp-content\/uploads\/2025\/11\/poison_shop_logo-300x171.png\" alt=\"Tiendas de venenos\" width=\"122\" height=\"70\" srcset=\"https:\/\/poisonshops.com\/wp-content\/uploads\/2025\/11\/poison_shop_logo-300x171.png 300w, https:\/\/poisonshops.com\/wp-content\/uploads\/2025\/11\/poison_shop_logo.png 563w\" sizes=\"(max-width: 122px) 100vw, 122px\" \/><\/p><\/div><\/div><\/article><\/div>\t\t\t\t\t\t\t\t<\/div>\n\t\t\t\t<\/div>\n\t\t\t\t\t<\/div>\n\t\t\t\t<\/div>\n\t\t\t\t<\/div>","protected":false},"excerpt":{"rendered":"<p>Comprehensive PPE Guidelines for Safe Handling of Toxic Substances Here\u2019s a detailed recommendation of personal protective equipment (PPE) for handling each of the listed toxins, focusing on the most effective gear based on the specific hazards associated with each substance: 1. Arsenic Poison Gloves: Nitrile or latex gloves \u2013 Provide chemical resistance and prevent skin [&hellip;]<\/p>\n","protected":false},"author":1,"featured_media":0,"parent":0,"menu_order":0,"comment_status":"closed","ping_status":"closed","template":"","meta":{"footnotes":""},"class_list":["post-418","page","type-page","status-publish","hentry"],"_links":{"self":[{"href":"https:\/\/poisonshops.com\/es\/wp-json\/wp\/v2\/pages\/418","targetHints":{"allow":["GET"]}}],"collection":[{"href":"https:\/\/poisonshops.com\/es\/wp-json\/wp\/v2\/pages"}],"about":[{"href":"https:\/\/poisonshops.com\/es\/wp-json\/wp\/v2\/types\/page"}],"author":[{"embeddable":true,"href":"https:\/\/poisonshops.com\/es\/wp-json\/wp\/v2\/users\/1"}],"replies":[{"embeddable":true,"href":"https:\/\/poisonshops.com\/es\/wp-json\/wp\/v2\/comments?post=418"}],"version-history":[{"count":7,"href":"https:\/\/poisonshops.com\/es\/wp-json\/wp\/v2\/pages\/418\/revisions"}],"predecessor-version":[{"id":550,"href":"https:\/\/poisonshops.com\/es\/wp-json\/wp\/v2\/pages\/418\/revisions\/550"}],"wp:attachment":[{"href":"https:\/\/poisonshops.com\/es\/wp-json\/wp\/v2\/media?parent=418"}],"curies":[{"name":"wp","href":"https:\/\/api.w.org\/{rel}","templated":true}]}}