{"id":423,"date":"2025-11-20T11:57:13","date_gmt":"2025-11-20T11:57:13","guid":{"rendered":"https:\/\/poisonshops.com\/?page_id=423"},"modified":"2025-12-01T12:14:32","modified_gmt":"2025-12-01T12:14:32","slug":"ficha-de-datos-de-seguridad-fds-para-la-manipulacion-de-sustancias-toxicas","status":"publish","type":"page","link":"https:\/\/poisonshops.com\/es\/ficha-de-datos-de-seguridad-fds-para-la-manipulacion-de-sustancias-toxicas\/","title":{"rendered":"Ficha de datos de seguridad"},"content":{"rendered":"<div data-elementor-type=\"wp-page\" data-elementor-id=\"423\" class=\"elementor elementor-423\">\n\t\t\t\t<div class=\"elementor-element elementor-element-1ee63b9 e-flex e-con-boxed e-con e-parent\" data-id=\"1ee63b9\" data-element_type=\"container\" data-e-type=\"container\">\n\t\t\t\t\t<div class=\"e-con-inner\">\n\t\t\t\t<div class=\"elementor-element elementor-element-8fcd261 elementor-widget elementor-widget-text-editor\" data-id=\"8fcd261\" data-element_type=\"widget\" data-e-type=\"widget\" data-widget_type=\"text-editor.default\">\n\t\t\t\t<div class=\"elementor-widget-container\">\n\t\t\t\t\t\t\t\t\t<h2>Ficha de datos de seguridad (FDS) para la manipulaci\u00f3n de nuestras sustancias t\u00f3xicas<\/h2><div id=\"primary\" class=\"content-area\"><article id=\"post-389664\" class=\"post-389664 page type-page status-publish\"><div class=\"inside-article\"><header class=\"entry-header\"><\/header><div class=\"entry-content\"><p><strong>1. Envenenamiento por ars\u00e9nico<\/strong><\/p><p><strong>Identificaci\u00f3n<\/strong><\/p><ul class=\"wp-block-list\"><li><strong>Nombre qu\u00edmico<\/strong>: Ars\u00e9nico<\/li><li><strong>F\u00f3rmula qu\u00edmica<\/strong>: Como<\/li><li><strong>Sin\u00f3nimos<\/strong>: Tri\u00f3xido de ars\u00e9nico, ars\u00e9nico blanco<\/li><li><strong>Uso<\/strong>: Pesticidas, conservantes de madera y semiconductores.<\/li><\/ul><p><strong>Peligros<\/strong><\/p><ul class=\"wp-block-list\"><li><strong>Riesgos para la salud<\/strong>: Cancer\u00edgeno, causa lesiones cut\u00e1neas, problemas respiratorios y trastornos gastrointestinales.<\/li><li><strong>Riesgos medioambientales<\/strong>Contamina el suelo y el agua.<\/li><\/ul><p><strong>Manipulaci\u00f3n y almacenamiento<\/strong><\/p><ul class=\"wp-block-list\"><li><strong>EPI<\/strong>: Utilice guantes, gafas protectoras y bata de laboratorio. Es posible que se requieran respiradores.<\/li><li><strong>Almacenamiento<\/strong>: Almacenar en un lugar fresco y seco, alejado de \u00e1cidos y bases.<\/li><li><strong>Respuesta ante derrames<\/strong>: Utilice EPI, contenga y limpie con absorbentes adecuados. Deseche de acuerdo con la normativa.<\/li><\/ul><p><strong>Primeros auxilios<\/strong><\/p><ul class=\"wp-block-list\"><li><strong>Inhalaci\u00f3n<\/strong>: Salga al aire libre y busque atenci\u00f3n m\u00e9dica.<\/li><li><strong>Contacto con la piel<\/strong>: Lavar con agua y jab\u00f3n, quitarse la ropa contaminada. <a href=\"https:\/\/poisonshops.com\/es\/tienda-de-venenos\/\">Tiendas de venenos<\/a>.<\/li><li><strong>Contacto visual<\/strong>: Enjuague con agua durante al menos 15 minutos y acuda al m\u00e9dico.<\/li><li><strong>Ingesti\u00f3n<\/strong>: No induzca el v\u00f3mito, busque atenci\u00f3n m\u00e9dica inmediatamente.<\/li><\/ul><hr class=\"wp-block-separator has-alpha-channel-opacity\" \/><p><strong>2. Aconitina<\/strong><\/p><p><strong>Identificaci\u00f3n<\/strong><\/p><ul class=\"wp-block-list\"><li><strong>Nombre qu\u00edmico<\/strong>: Aconitina<\/li><li><strong>F\u00f3rmula qu\u00edmica<\/strong>: C34H47NO11<\/li><li><strong>Sin\u00f3nimos<\/strong>: Alcaloide aconitina<\/li><li><strong>Uso<\/strong>: Investigaci\u00f3n en farmacolog\u00eda.<\/li><\/ul><p><strong>Peligros<\/strong><\/p><ul class=\"wp-block-list\"><li><strong>Riesgos para la salud<\/strong>: Altamente t\u00f3xico, provoca efectos cardiovasculares y neurol\u00f3gicos.<\/li><li><strong>Riesgos medioambientales<\/strong>: Puede ser perjudicial para la vida acu\u00e1tica.<\/li><\/ul><p><strong>Manipulaci\u00f3n y almacenamiento<\/strong><\/p><ul class=\"wp-block-list\"><li><a href=\"https:\/\/poisonshops.com\/es\/\"><strong>EPI<\/strong><\/a>: Utilice guantes, ropa protectora y protectores faciales.<\/li><li><strong>Almacenamiento<\/strong>: Almacenar en un lugar seguro, fresco y seco, protegido de la luz.<\/li><li><strong>Respuesta ante derrames<\/strong>: Utilice el EPI adecuado, contenga y limpie los derrames, elimine los residuos de acuerdo con la normativa.<\/li><\/ul><p><strong>Primeros auxilios<\/strong><\/p><ul class=\"wp-block-list\"><li><strong>Inhalaci\u00f3n<\/strong>: Salga al aire libre, administre ox\u00edgeno si es necesario y busque ayuda m\u00e9dica.<\/li><li><strong>Contacto con la piel<\/strong>: L\u00e1vese inmediatamente con agua y jab\u00f3n, qu\u00edtese la ropa contaminada.<\/li><li><strong>Contacto visual<\/strong>: Enjuague los ojos con agua durante 15 minutos y acuda al m\u00e9dico.<\/li><li><strong>Ingesti\u00f3n<\/strong>: Busque atenci\u00f3n m\u00e9dica inmediatamente, no induzca el v\u00f3mito.<\/li><\/ul><hr class=\"wp-block-separator has-alpha-channel-opacity\" \/><p><strong>3. Batrachotoxina<\/strong><\/p><p><strong>Identificaci\u00f3n<\/strong><\/p><ul class=\"wp-block-list\"><li><strong>Nombre qu\u00edmico<\/strong>: Batrachotoxina<\/li><li><strong>F\u00f3rmula qu\u00edmica<\/strong>: C31H42O6<\/li><li><strong>Sin\u00f3nimos<\/strong>: Veneno de rana<\/li><li><strong>Uso<\/strong>: Investigaci\u00f3n en toxicolog\u00eda y farmacolog\u00eda.<\/li><\/ul><p><strong>Peligros<\/strong><\/p><ul class=\"wp-block-list\"><li><strong>Riesgos para la salud<\/strong>: Extremadamente t\u00f3xico, afecta al sistema nervioso y al sistema cardiovascular.<\/li><li><strong>Riesgos medioambientales<\/strong>: Potencialmente da\u00f1ino para la fauna silvestre.<\/li><\/ul><p><strong>Manipulaci\u00f3n y almacenamiento<\/strong><\/p><ul class=\"wp-block-list\"><li><strong>EPI<\/strong>: Traje de protecci\u00f3n completo, guantes y pantalla facial.<\/li><li><strong>Almacenamiento<\/strong>: Almacenar en un recipiente herm\u00e9ticamente cerrado en un lugar seguro y fresco.<\/li><li><strong>Respuesta ante derrames<\/strong>: Utilizar EPI, contener el derrame con absorbentes.<a href=\"https:\/\/duckduckgo.com\/\" target=\"_blank\" rel=\"noopener\">,<\/a> Eliminar como residuo peligroso.<\/li><\/ul><p><strong>Primeros auxilios<\/strong><\/p><ul class=\"wp-block-list\"><li><strong>Inhalaci\u00f3n<\/strong>: Salga al aire libre, administre ox\u00edgeno si es necesario y busque ayuda m\u00e9dica.<\/li><li><strong>Contacto con la piel<\/strong>: L\u00e1vese inmediatamente con agua y jab\u00f3n y acuda al m\u00e9dico.<\/li><li><strong>Contacto visual<\/strong>: Enjuague con agua durante al menos 15 minutos y acuda al m\u00e9dico.<\/li><li><strong>Ingesti\u00f3n<\/strong>Busque atenci\u00f3n m\u00e9dica inmediata, no induzca el v\u00f3mito.<\/li><\/ul><hr class=\"wp-block-separator has-alpha-channel-opacity\" \/><p><strong>4. Toxina botul\u00ednica<\/strong><\/p><p><strong>Identificaci\u00f3n<\/strong><\/p><ul class=\"wp-block-list\"><li><strong>Nombre qu\u00edmico<\/strong>: Toxina botul\u00ednica<\/li><li><strong>F\u00f3rmula qu\u00edmica<\/strong>: Var\u00eda seg\u00fan el tipo.<\/li><li><strong>Sin\u00f3nimos<\/strong>: Botox<\/li><li><strong>Uso<\/strong>: Aplicaciones m\u00e9dicas y cosm\u00e9ticas, investigaci\u00f3n.<\/li><\/ul><p><strong>Peligros<\/strong><\/p><ul class=\"wp-block-list\"><li><strong>Riesgos para la salud<\/strong>: Provoca par\u00e1lisis muscular, potencialmente mortal.<\/li><li><strong>Riesgos medioambientales<\/strong>: Impacto medioambiental m\u00ednimo.<\/li><\/ul><p><strong>Manipulaci\u00f3n y almacenamiento<\/strong><\/p><ul class=\"wp-block-list\"><li><strong>EPI<\/strong>: Utilice guantes, bata de laboratorio y pantalla facial.<\/li><li><strong>Almacenamiento<\/strong>: Almacenar en un entorno refrigerado, seguir las instrucciones del fabricante.<\/li><li><strong>Respuesta ante derrames<\/strong>: Utilice EPI, contenga y limpie los derrames, siga los protocolos de eliminaci\u00f3n.<\/li><\/ul><p><strong>Primeros auxilios<\/strong><\/p><ul class=\"wp-block-list\"><li><strong>Inhalaci\u00f3n<\/strong>: Salga al aire libre y busque ayuda m\u00e9dica inmediata.<\/li><li><strong>Contacto con la piel<\/strong>: Lavar con agua y jab\u00f3n, consultar con un m\u00e9dico.<\/li><li><strong>Contacto visual<\/strong>: Enjuague bien con agua y acuda al m\u00e9dico.<\/li><li><strong>Ingesti\u00f3n<\/strong>Busque asistencia m\u00e9dica inmediata.<\/li><\/ul><hr class=\"wp-block-separator has-alpha-channel-opacity\" \/><p><strong>5. Cianuro<\/strong><\/p><p><strong>Identificaci\u00f3n<\/strong><\/p><ul class=\"wp-block-list\"><li><strong>Nombre qu\u00edmico<\/strong>: Cianuro<\/li><li><strong>F\u00f3rmula qu\u00edmica<\/strong>: CN^-<\/li><li><strong>Sin\u00f3nimos<\/strong>: Cianuro de hidr\u00f3geno, cianuro de sodio<\/li><li><strong>Uso<\/strong>: Miner\u00eda, galvanoplastia y como reactivo qu\u00edmico.<\/li><\/ul><p><strong>Peligros<\/strong><\/p><ul class=\"wp-block-list\"><li><strong>Riesgos para la salud<\/strong>: Altamente t\u00f3xico, inhibe la respiraci\u00f3n celular, puede ser mortal.<\/li><li><strong>Riesgos medioambientales<\/strong>: Altamente t\u00f3xico para la vida acu\u00e1tica.<\/li><\/ul><p><strong>Manipulaci\u00f3n y almacenamiento<\/strong><\/p><ul class=\"wp-block-list\"><li><strong>EPI<\/strong>: Utilice guantes, gafas protectoras y protecci\u00f3n respiratoria adecuados.<\/li><li><strong>Almacenamiento<\/strong>: Almacenar en un lugar bien ventilado, alejado de \u00e1cidos.<\/li><li><strong>Respuesta ante derrames<\/strong>: Evacuar la zona, utilizar EPI, emplear agentes neutralizantes como el tiosulfato de sodio.<\/li><\/ul><p><strong>Primeros auxilios<\/strong><\/p><ul class=\"wp-block-list\"><li><strong>Inhalaci\u00f3n<\/strong>: Salga al aire libre, administre ox\u00edgeno y busque atenci\u00f3n m\u00e9dica.<\/li><li><strong>Contacto con la piel<\/strong>: Lavar con agua y jab\u00f3n, acudir al m\u00e9dico.<\/li><li><strong>Contacto visual<\/strong>: Enjuague con agua durante al menos 15 minutos y acuda al m\u00e9dico.<\/li><li><strong>Ingesti\u00f3n<\/strong>: Administrar el ant\u00eddoto (tiosulfato de sodio) si as\u00ed lo indica el personal m\u00e9dico y buscar asistencia m\u00e9dica inmediata.<\/li><\/ul><p><img decoding=\"async\" class=\"wp-image-502 aligncenter\" src=\"https:\/\/poisonshops.com\/wp-content\/uploads\/2025\/11\/Bio-Weapons-240x300.png\" alt=\"Armas biol\u00f3gicas\" width=\"89\" height=\"111\" srcset=\"https:\/\/poisonshops.com\/wp-content\/uploads\/2025\/11\/Bio-Weapons-240x300.png 240w, https:\/\/poisonshops.com\/wp-content\/uploads\/2025\/11\/Bio-Weapons.png 265w\" sizes=\"(max-width: 89px) 100vw, 89px\" \/><\/p><hr class=\"wp-block-separator has-alpha-channel-opacity\" \/><p><strong>6. Dimetilmercurio<\/strong><\/p><p><strong>Identificaci\u00f3n<\/strong><\/p><ul class=\"wp-block-list\"><li><strong>Nombre qu\u00edmico<\/strong>: Dimetilmercurio<\/li><li><strong>F\u00f3rmula qu\u00edmica<\/strong>: (CH\u2083)\u2082Hg<\/li><li><strong>Sin\u00f3nimos<\/strong>: Dimetilmercurio<\/li><li><strong>Uso<\/strong>: Investigaci\u00f3n en qu\u00edmica org\u00e1nica.<\/li><\/ul><p><strong>Peligros<\/strong><\/p><ul class=\"wp-block-list\"><li><strong>Riesgos para la salud<\/strong>: Extremadamente t\u00f3xico, causa da\u00f1os neurol\u00f3gicos.<\/li><li><strong>Riesgos medioambientales<\/strong>: Persistente y bioacumulativo.<\/li><\/ul><p><strong>Manipulaci\u00f3n y almacenamiento<\/strong><\/p><ul class=\"wp-block-list\"><li><strong>EPI<\/strong>: Traje protector para todo el cuerpo, guantes y protecci\u00f3n respiratoria.<\/li><li><strong>Almacenamiento<\/strong>: Almacenar en un recipiente herm\u00e9tico bajo gas inerte.<\/li><li><strong>Respuesta ante derrames<\/strong>Evacuar la zona, contener el derrame y utilizar procedimientos de limpieza especializados.<\/li><\/ul><p><strong>Primeros auxilios<\/strong><\/p><ul class=\"wp-block-list\"><li><strong>Inhalaci\u00f3n<\/strong>: Salga al aire libre y busque ayuda m\u00e9dica inmediatamente.<\/li><li><strong>Contacto con la piel<\/strong>: Qu\u00edtese la ropa contaminada y l\u00e1vese bien con agua y jab\u00f3n.<\/li><li><strong>Contacto visual<\/strong>: Enjuague con agua durante al menos 15 minutos y acuda al m\u00e9dico.<\/li><li><strong>Ingesti\u00f3n<\/strong>Busque atenci\u00f3n m\u00e9dica inmediata.<\/li><\/ul><hr class=\"wp-block-separator has-alpha-channel-opacity\" \/><p><strong>7. Maitotoxina<\/strong><\/p><p><strong>Identificaci\u00f3n<\/strong><\/p><ul class=\"wp-block-list\"><li><strong>Nombre qu\u00edmico<\/strong>: Maitotoxina<\/li><li><strong>F\u00f3rmula qu\u00edmica<\/strong>C64H104O30S<\/li><li><strong>Sin\u00f3nimos<\/strong>: Toxina marina<\/li><li><strong>Uso<\/strong>: Investigaci\u00f3n en toxicolog\u00eda.<\/li><\/ul><p><strong>Peligros<\/strong><\/p><ul class=\"wp-block-list\"><li><strong>Riesgos para la salud<\/strong>: Altamente t\u00f3xico, afecta a los canales de ionen calcio, potencialmente mortal.<\/li><li><strong>Riesgos medioambientales<\/strong>: Nocivo para la vida marina.<\/li><\/ul><p><strong>Manipulaci\u00f3n y almacenamiento<\/strong><\/p><ul class=\"wp-block-list\"><li><strong>EPI<\/strong>: Utilice guantes, bata de laboratorio y pantalla facial.<\/li><li><strong>Almacenamiento<\/strong>: Almacenar en un lugar fresco y seco, protegido de la luz.<\/li><li><strong>Respuesta ante derrames<\/strong>: Utilice EPI, contenga y limpie los derrames, elim\u00ednelos como residuos peligrosos.<\/li><\/ul><p><strong>Primeros auxilios<\/strong><\/p><ul class=\"wp-block-list\"><li><strong>Inhalaci\u00f3n<\/strong>: Salga al aire libre y busque ayuda m\u00e9dica inmediatamente.<\/li><li><strong>Contacto con la piel<\/strong>: Lavar con agua y jab\u00f3n, acudir al m\u00e9dico.<\/li><li><strong>Contacto visual<\/strong>: Enjuague con agua durante 15 minutos y acuda al m\u00e9dico.<\/li><li><strong>Ingesti\u00f3n<\/strong>Busque atenci\u00f3n m\u00e9dica inmediata.<\/li><\/ul><hr class=\"wp-block-separator has-alpha-channel-opacity\" \/><p><strong>8. Polonio-210<\/strong><\/p><p><strong>Identificaci\u00f3n<\/strong><\/p><ul class=\"wp-block-list\"><li><strong>Nombre qu\u00edmico<\/strong>: Polonio-210<\/li><li><strong>F\u00f3rmula qu\u00edmica<\/strong>: Po<\/li><li><strong>Sin\u00f3nimos<\/strong>: Po-210<\/li><li><strong>Uso<\/strong>: Investigaci\u00f3n y aplicaciones nucleares.<\/li><\/ul><p><strong>Peligros<\/strong><\/p><ul class=\"wp-block-list\"><li><strong>Riesgos para la salud<\/strong>: Altamente radiactivo, causa envenenamiento por radiaci\u00f3n, puede ser mortal.<\/li><li><strong>Riesgos medioambientales<\/strong>Contamina el suelo y el agua.<\/li><\/ul><p><strong>Manipulaci\u00f3n y almacenamiento<\/strong><\/p><ul class=\"wp-block-list\"><li><strong>EPI<\/strong>: Utilice guantes revestidos de plomo, ropa protectora y blindaje.<\/li><li><strong>Almacenamiento<\/strong>: Almacenar en un recipiente seguro y protegido.<\/li><li><strong>Respuesta ante derrames<\/strong>Evacuar la zona, utilizar detectores de radiaci\u00f3n y seguir los protocolos de eliminaci\u00f3n de residuos radiactivos.<\/li><\/ul><p><strong>Primeros auxilios<\/strong><\/p><ul class=\"wp-block-list\"><li><strong>Inhalaci\u00f3n<\/strong>: Salga al aire libre y busque ayuda m\u00e9dica inmediatamente.<\/li><li><strong>Contacto con la piel<\/strong>: Qu\u00edtese la ropa contaminada y l\u00e1vese con agua y jab\u00f3n.<\/li><li><strong>Contacto visual<\/strong>: Enjuague con agua durante 15 minutos y acuda al m\u00e9dico.<\/li><li><strong>Ingesti\u00f3n<\/strong>Busque atenci\u00f3n m\u00e9dica inmediata.<\/li><\/ul><hr class=\"wp-block-separator has-alpha-channel-opacity\" \/><p><strong>9. Ricina<\/strong><\/p><p><strong>Identificaci\u00f3n<\/strong><\/p><ul class=\"wp-block-list\"><li><strong>Nombre qu\u00edmico<\/strong>: Ricina<\/li><li><strong>F\u00f3rmula qu\u00edmica<\/strong>C56H65N11O12<\/li><li><strong>Sin\u00f3nimos<\/strong>: Toxina de Ricinus Communis<\/li><li><strong>Uso<\/strong>: Investigaci\u00f3n y arma biol\u00f3gica potencial.<\/li><\/ul><p><strong>Peligros<\/strong><\/p><ul class=\"wp-block-list\"><li><strong>Riesgos para la salud<\/strong>: Altamente t\u00f3xico, afecta a la s\u00edntesis de prote\u00ednas, puede ser mortal.<\/li><li><strong>Riesgos medioambientales<\/strong>: T\u00f3xico para plantas y animales.<\/li><\/ul><p><strong>Manipulaci\u00f3n y almacenamiento<\/strong><\/p><ul class=\"wp-block-list\"><li><strong>EPI<\/strong>: Utilice guantes, bata de laboratorio y pantalla facial.<\/li><li><strong>Almacenamiento<\/strong>: Almacenar en un recipiente herm\u00e9ticamente cerrado, refrigerado si es necesario.<\/li><li><strong>Respuesta ante derrames<\/strong>: Utilice EPI, contenga y limpie los derrames, elim\u00ednelos como residuos peligrosos.<\/li><\/ul><p><strong>Primeros auxilios<\/strong><\/p><ul class=\"wp-block-list\"><li><strong>Inhalaci\u00f3n<\/strong>: Salga al aire libre y busque ayuda m\u00e9dica inmediatamente.<\/li><li><strong>Contacto con la piel<\/strong>: Lavar con agua y jab\u00f3n, acudir al m\u00e9dico.<\/li><li><strong>Contacto visual<\/strong>: Enjuague con agua durante al menos 15 minutos y acuda al m\u00e9dico.<\/li><li><strong>Ingesti\u00f3n<\/strong>Busque ayuda m\u00e9dica inmediata.<\/li><\/ul><ul class=\"wp-block-list\"><li>\u00a0<\/li><\/ul><p><strong>10. Sar\u00edn<\/strong><\/p><p><strong>Identificaci\u00f3n<\/strong><\/p><ul class=\"wp-block-list\"><li><strong>Nombre qu\u00edmico<\/strong>: Sar\u00edn<\/li><li><strong>F\u00f3rmula qu\u00edmica<\/strong>C4H10FO2P<\/li><li><strong>Sin\u00f3nimos<\/strong>: GB<\/li><li><strong>Uso<\/strong>: Agente de guerra qu\u00edmica, insecticida.<\/li><\/ul><p><strong>Peligros<\/strong><\/p><ul class=\"wp-block-list\"><li><strong>Riesgos para la salud<\/strong>: Extremadamente t\u00f3xico, inhibe la acetilcolinesterasa, lo que provoca insuficiencia respiratoria y la muerte.<\/li><li><strong>Riesgos medioambientales<\/strong>: Altamente t\u00f3xico para todas las formas de vida, se degrada r\u00e1pidamente en el medio ambiente.<\/li><\/ul><p><strong>Manipulaci\u00f3n y almacenamiento<\/strong><\/p><ul class=\"wp-block-list\"><li><strong>EPI<\/strong>: Utilice trajes protectores para todo el cuerpo, guantes y respiradores de alta eficiencia.<\/li><li><strong>Almacenamiento<\/strong>: Almacenar en \u00e1reas seguras y bien ventiladas, en recipientes herm\u00e9ticos, lejos de fuentes de calor.<\/li><li><strong>Respuesta ante derrames<\/strong>: Evacuar la zona, utilizar EPI, emplear agentes neutralizantes (por ejemplo, soluci\u00f3n de lej\u00eda) y seguir los procedimientos especializados de eliminaci\u00f3n de residuos qu\u00edmicos.<\/li><\/ul><p><strong>Primeros auxilios<\/strong><\/p><ul class=\"wp-block-list\"><li><strong>Inhalaci\u00f3n<\/strong>: Trasl\u00e1dese a un lugar con aire fresco, administre el ant\u00eddoto (atropina) y oxima (pralidoxima) seg\u00fan las instrucciones, y busque ayuda m\u00e9dica inmediata.<\/li><li><strong>Contacto con la piel<\/strong>: Qu\u00edtese la ropa contaminada, l\u00e1vese bien la piel con agua y jab\u00f3n y acuda al m\u00e9dico.<\/li><li><strong>Contacto visual<\/strong>: Enjuague los ojos con agua o soluci\u00f3n salina durante 15 minutos y acuda al m\u00e9dico.<\/li><li><strong>Ingesti\u00f3n<\/strong>Busque ayuda m\u00e9dica inmediata y administre carb\u00f3n activado si as\u00ed lo indica el personal m\u00e9dico.<\/li><\/ul><hr class=\"wp-block-separator has-alpha-channel-opacity\" \/><p><strong>11. Tetrodotoxina<\/strong><\/p><p><strong>Identificaci\u00f3n<\/strong><\/p><ul class=\"wp-block-list\"><li><strong>Nombre qu\u00edmico<\/strong>: Tetrodotoxina<\/li><li><strong>F\u00f3rmula qu\u00edmica<\/strong>: C11H17N3O8<\/li><li><strong>Sin\u00f3nimos<\/strong>: TTX<\/li><li><strong>Uso<\/strong>: Investigaci\u00f3n sobre neurotoxinas, presentes en el pez globo.<\/li><\/ul><p><strong>Peligros<\/strong><\/p><ul class=\"wp-block-list\"><li><strong>Riesgos para la salud<\/strong>: Extremadamente t\u00f3xico, provoca par\u00e1lisis e insuficiencia respiratoria.<\/li><li><strong>Riesgos medioambientales<\/strong>: Nocivo para la vida acu\u00e1tica si se libera en sistemas acu\u00e1ticos.<\/li><\/ul><p><strong>Manipulaci\u00f3n y almacenamiento<\/strong><\/p><ul class=\"wp-block-list\"><li><strong>EPI<\/strong>: Utilice guantes, bata de laboratorio y pantalla facial.<\/li><li><strong>Almacenamiento<\/strong>: Almacenar en un recipiente herm\u00e9ticamente cerrado a baja temperatura.<\/li><li><strong>Respuesta ante derrames<\/strong>: Utilice EPI, contenga y limpie los derrames utilizando absorbentes adecuados y des\u00e9chelos como residuos peligrosos.<\/li><\/ul><p><strong>Primeros auxilios<\/strong><\/p><ul class=\"wp-block-list\"><li><strong>Inhalaci\u00f3n<\/strong>: Salga al aire libre y busque atenci\u00f3n m\u00e9dica inmediatamente.<\/li><li><strong>Contacto con la piel<\/strong>: Lavar con agua y jab\u00f3n, consultar con un m\u00e9dico.<\/li><li><strong>Contacto visual<\/strong>: Enjuague bien con agua durante 15 minutos y acuda al m\u00e9dico.<\/li><li><strong>Ingesti\u00f3n<\/strong>: Busque atenci\u00f3n m\u00e9dica inmediata, administre carb\u00f3n activado si se lo recomiendan.<\/li><\/ul><p><img decoding=\"async\" class=\"wp-image-81 aligncenter\" src=\"https:\/\/poisonshops.com\/wp-content\/uploads\/2018\/12\/globe-free-img.png\" alt=\"Ficha de datos de seguridad (FDS) para la manipulaci\u00f3n de sustancias t\u00f3xicas\" width=\"39\" height=\"39\" srcset=\"https:\/\/poisonshops.com\/wp-content\/uploads\/2018\/12\/globe-free-img.png 120w, https:\/\/poisonshops.com\/wp-content\/uploads\/2018\/12\/globe-free-img-100x100.png 100w\" sizes=\"(max-width: 39px) 100vw, 39px\" \/><\/p><hr class=\"wp-block-separator has-alpha-channel-opacity\" \/><p><strong>12. Agente nervioso VR<\/strong><\/p><p><strong>Identificaci\u00f3n<\/strong><\/p><ul class=\"wp-block-list\"><li><strong>Nombre qu\u00edmico<\/strong>: VR (Agente venenoso X)<\/li><li><strong>F\u00f3rmula qu\u00edmica<\/strong>: Var\u00eda seg\u00fan el compuesto espec\u00edfico.<\/li><li><strong>Sin\u00f3nimos<\/strong>: VX ruso, VX<\/li><li><strong>Uso<\/strong>: Agente de guerra qu\u00edmica.<\/li><\/ul><p><strong>Peligros<\/strong><\/p><ul class=\"wp-block-list\"><li><strong>Riesgos para la salud<\/strong>: Extremadamente t\u00f3xico, inhibe la acetilcolinesterasa, provocando convulsiones, insuficiencia respiratoria y la muerte.<\/li><li><strong>Riesgos medioambientales<\/strong>: Altamente t\u00f3xico y persistente en el medio ambiente.<\/li><\/ul><p><strong>Manipulaci\u00f3n y almacenamiento<\/strong><\/p><ul class=\"wp-block-list\"><li><strong>EPI<\/strong>: Traje protector de cuerpo entero, guantes y respiradores de alta eficiencia.<\/li><li><strong>Almacenamiento<\/strong>: Almacenar en entornos seguros, ventilados y controlados. Los contenedores deben ser robustos y estar sellados.<\/li><li><strong>Respuesta ante derrames<\/strong>Evacuar la zona, utilizar EPI, neutralizar con agentes adecuados (por ejemplo, lej\u00eda) y seguir las directrices espec\u00edficas de eliminaci\u00f3n de agentes qu\u00edmicos de guerra.<\/li><\/ul><p><strong>Primeros auxilios<\/strong><\/p><ul class=\"wp-block-list\"><li><strong>Inhalaci\u00f3n<\/strong>: Trasl\u00e1dese a un lugar con aire fresco, administre ant\u00eddotos (atropina y oxima) seg\u00fan las pautas m\u00e9dicas y busque ayuda m\u00e9dica inmediata.<\/li><li><strong>Contacto con la piel<\/strong>: Qu\u00edtese la ropa contaminada, l\u00e1vese la piel con agua y jab\u00f3n y acuda al m\u00e9dico.<\/li><li><strong>Contacto visual<\/strong>: Enjuague con agua o soluci\u00f3n salina durante 15 minutos y acuda al m\u00e9dico.<\/li><li><strong>Ingesti\u00f3n<\/strong>: Busque ayuda m\u00e9dica inmediata, administre carb\u00f3n activado si se lo recomiendan.<\/li><\/ul><p>Cada una de estas toxinas requiere procedimientos de manipulaci\u00f3n espec\u00edficos y EPI para garantizar la seguridad. En todos los casos, es fundamental contar con la formaci\u00f3n adecuada, seguir los protocolos de seguridad establecidos y garantizar el acceso a los recursos de respuesta a emergencias.<\/p><h2>Ficha de datos de seguridad (FDS) para la manipulaci\u00f3n de sustancias t\u00f3xicas<\/h2><p><img decoding=\"async\" class=\"wp-image-176 aligncenter\" src=\"https:\/\/poisonshops.com\/wp-content\/uploads\/2025\/11\/poison_shop_logo-300x171.png\" alt=\"Tiendas de venenos\" width=\"110\" height=\"63\" srcset=\"https:\/\/poisonshops.com\/wp-content\/uploads\/2025\/11\/poison_shop_logo-300x171.png 300w, https:\/\/poisonshops.com\/wp-content\/uploads\/2025\/11\/poison_shop_logo.png 563w\" sizes=\"(max-width: 110px) 100vw, 110px\" \/><\/p><\/div><\/div><\/article><\/div>\t\t\t\t\t\t\t\t<\/div>\n\t\t\t\t<\/div>\n\t\t\t\t\t<\/div>\n\t\t\t\t<\/div>\n\t\t\t\t<\/div>","protected":false},"excerpt":{"rendered":"<p>Safety Data Sheet (SDS) for Handling Our Toxic Substances 1. Arsenic Poison Identification Chemical Name: Arsenic Chemical Formula: As Synonyms: Arsenic Trioxide, White Arsenic Use: Pesticides, wood preservatives, and semiconductors. Hazards Health Risks: Carcinogenic, causes skin lesions, respiratory issues, and gastrointestinal distress. Environmental Risks: Contaminates soil and water. Handling and Storage PPE: Use gloves, goggles, [&hellip;]<\/p>\n","protected":false},"author":1,"featured_media":0,"parent":0,"menu_order":0,"comment_status":"closed","ping_status":"closed","template":"","meta":{"footnotes":""},"class_list":["post-423","page","type-page","status-publish","hentry"],"_links":{"self":[{"href":"https:\/\/poisonshops.com\/es\/wp-json\/wp\/v2\/pages\/423","targetHints":{"allow":["GET"]}}],"collection":[{"href":"https:\/\/poisonshops.com\/es\/wp-json\/wp\/v2\/pages"}],"about":[{"href":"https:\/\/poisonshops.com\/es\/wp-json\/wp\/v2\/types\/page"}],"author":[{"embeddable":true,"href":"https:\/\/poisonshops.com\/es\/wp-json\/wp\/v2\/users\/1"}],"replies":[{"embeddable":true,"href":"https:\/\/poisonshops.com\/es\/wp-json\/wp\/v2\/comments?post=423"}],"version-history":[{"count":13,"href":"https:\/\/poisonshops.com\/es\/wp-json\/wp\/v2\/pages\/423\/revisions"}],"predecessor-version":[{"id":555,"href":"https:\/\/poisonshops.com\/es\/wp-json\/wp\/v2\/pages\/423\/revisions\/555"}],"wp:attachment":[{"href":"https:\/\/poisonshops.com\/es\/wp-json\/wp\/v2\/media?parent=423"}],"curies":[{"name":"wp","href":"https:\/\/api.w.org\/{rel}","templated":true}]}}