{"id":439,"date":"2025-11-20T12:15:58","date_gmt":"2025-11-20T12:15:58","guid":{"rendered":"https:\/\/poisonshops.com\/?page_id=439"},"modified":"2025-12-01T11:33:18","modified_gmt":"2025-12-01T11:33:18","slug":"comprar-venenos-en-linea","status":"publish","type":"page","link":"https:\/\/poisonshops.com\/es\/comprar-venenos-en-linea\/","title":{"rendered":"Contacto"},"content":{"rendered":"<div data-elementor-type=\"wp-page\" data-elementor-id=\"439\" class=\"elementor elementor-439\">\n\t\t\t\t<div class=\"elementor-element elementor-element-ac71f13 e-flex e-con-boxed e-con e-parent\" data-id=\"ac71f13\" data-element_type=\"container\" data-e-type=\"container\">\n\t\t\t\t\t<div class=\"e-con-inner\">\n\t\t\t\t<div class=\"elementor-element elementor-element-b8aef59 elementor-widget elementor-widget-text-editor\" data-id=\"b8aef59\" data-element_type=\"widget\" data-e-type=\"widget\" data-widget_type=\"text-editor.default\">\n\t\t\t\t<div class=\"elementor-widget-container\">\n\t\t\t\t\t\t\t\t\t<div id=\"primary\" class=\"content-area\"><main id=\"main\" class=\"site-main\"><\/main><article id=\"post-298\" class=\"post-298 page type-page status-publish\"><div class=\"inside-article\"><div class=\"entry-content\"><p class=\"has-text-align-left\">Compre venenos en l\u00ednea; estamos aqu\u00ed para ayudarle con cualquier pregunta o duda que tenga. P\u00f3ngase en contacto con nosotros a trav\u00e9s de los siguientes m\u00e9todos:<\/p><p><img fetchpriority=\"high\" decoding=\"async\" class=\"size-medium wp-image-502 alignleft\" src=\"https:\/\/poisonshops.com\/wp-content\/uploads\/2025\/11\/Bio-Weapons-240x300.png\" alt=\"Armas biol\u00f3gicas\" width=\"240\" height=\"300\" srcset=\"https:\/\/poisonshops.com\/wp-content\/uploads\/2025\/11\/Bio-Weapons-240x300.png 240w, https:\/\/poisonshops.com\/wp-content\/uploads\/2025\/11\/Bio-Weapons.png 265w\" sizes=\"(max-width: 240px) 100vw, 240px\" \/><\/p><div class=\"wp-block-columns is-layout-flex wp-container-core-columns-is-layout-9d6595d7 wp-block-columns-is-layout-flex\"><div class=\"wp-block-column is-layout-flow wp-block-column-is-layout-flow\"><div class=\"wp-block-image\">\u00a0<\/div><\/div><div class=\"wp-block-column is-layout-flow wp-block-column-is-layout-flow\"><p><mark class=\"has-inline-color\"><\/mark><span style=\"color: #000!important;\"><b>Correo electr\u00f3nico:<\/b><\/span><a class=\"info-box_link\" href=\"mailto:Ps35dk@proton.me\"><strong><span style=\"color: #ff0000;\">Ps35dk@proton.me<\/span><\/strong><\/a><\/p><\/div><\/div><p>Si necesitas ayuda con pedidos, env\u00edos o informaci\u00f3n sobre productos, nuestro equipo est\u00e1 listo para ayudarte. Gracias por elegir Poison Shops. \u00a1Esperamos saber de ti!<\/p><\/div><\/div><\/article><\/div>\t\t\t\t\t\t\t\t<\/div>\n\t\t\t\t<\/div>\n\t\t\t\t\t<\/div>\n\t\t\t\t<\/div>\n\t\t<div class=\"elementor-element elementor-element-8502aa0 e-flex e-con-boxed e-con e-parent\" data-id=\"8502aa0\" data-element_type=\"container\" data-e-type=\"container\">\n\t\t\t\t\t<div class=\"e-con-inner\">\n\t\t\t\t<div class=\"elementor-element elementor-element-3d1bb0a elementor-widget elementor-widget-text-editor\" data-id=\"3d1bb0a\" data-element_type=\"widget\" data-e-type=\"widget\" data-widget_type=\"text-editor.default\">\n\t\t\t\t<div class=\"elementor-widget-container\">\n\t\t\t\t\t\t\t\t\t<h3>Comprar venenos online<\/h3><p>Bienvenido a <img decoding=\"async\" class=\"emoji\" role=\"img\" draggable=\"false\" src=\"https:\/\/s.w.org\/images\/core\/emoji\/16.0.1\/svg\/26a0.svg\" alt=\"\u26a0\ufe0f\" \/><a href=\"https:\/\/poisonshops.com\/es\/\">Tienda de venenos<\/a>, donde la ciencia se une a la precisi\u00f3n. Somos el proveedor l\u00edder mundial de venenos y agentes qu\u00edmicos altamente potentes para investigaci\u00f3n y uso personal, en el que conf\u00edan particulares.<a href=\"https:\/\/duckduckgo.com\/\" target=\"_blank\" rel=\"noopener\">,<\/a> laboratorios y organizaciones. Desde toxinas naturales hasta productos qu\u00edmicos industriales y agentes nerviosos, ofrecemos la gama m\u00e1s completa de venenos del mercado. Tiendas de venenos.<\/p><p>Explora nuestra amplia gama de venenos<br \/>Ofrecemos 40 de los venenos m\u00e1s mort\u00edferos del mundo, disponibles en forma l\u00edquida, en aerosol o s\u00f3lida, dise\u00f1ados para satisfacer sus necesidades espec\u00edficas. Ya sea que necesite una neurotoxina de acci\u00f3n r\u00e1pida, un agente qu\u00edmico o un veneno natural, Bio Weapons garantiza la m\u00e1xima pureza para sus aplicaciones cr\u00edticas.<\/p><p><img decoding=\"async\" class=\"size-full wp-image-28 aligncenter\" src=\"https:\/\/poisonshops.com\/wp-content\/uploads\/2021\/12\/30-Day-Guarantee-1.png\" alt=\"Comprar venenos en l\u00ednea\" width=\"300\" height=\"248\" \/><\/p><p>Cartera de productos<br \/>Toxinas naturales:<\/p><p>Toxina botul\u00ednica: el agente paralizante m\u00e1s potente.<br \/>Ricina y abrina: inhibidores de la s\u00edntesis proteica de acci\u00f3n r\u00e1pida.<br \/>Tetrodotoxina y saxitoxina: toxinas marinas que afectan las v\u00edas neurol\u00f3gicas.<br \/>Batrachotoxina: procedente de ranas venenosas, ideal para estudios sobre canales i\u00f3nicos.<br \/>Conotoxinas y ciguatoxinas: venenos para la investigaci\u00f3n neurot\u00f3xica avanzada.<br \/>Venenos qu\u00edmicos y agentes nerviosos:<\/p><p>VX, Sar\u00edn, Tab\u00fan y Soman: agentes nerviosos de alto impacto para la investigaci\u00f3n.<br \/>Cianuro de sodio y cianuro de hidr\u00f3geno: bloqueadores instant\u00e1neos de la respiraci\u00f3n celular.<br \/>Tri\u00f3xido de ars\u00e9nico, polonio-210, talio y mercurio: ideales para toxicolog\u00eda.<br \/>Venenos de origen vegetal:<\/p><p>Atropina, aconitina, estricnina y digitalina: para la investigaci\u00f3n del sistema card\u00edaco y nervioso.<br \/>Colchicina y oleandrina: fundamentales para la investigaci\u00f3n sobre el c\u00e1ncer.<br \/>Coniina y taxina: venenos cl\u00e1sicos para aplicaciones toxicol\u00f3gicas.<br \/>Venenos industriales:<\/p><p>Cloro, fosgeno, mon\u00f3xido de carbono, dioxinas, plomo y cadmio: perfecto para estudios medioambientales y qu\u00edmicos.<\/p><p>Venenos animales:<\/p><p>Venenos de cobra real, mamba negra y medusa caja: para estudios neurol\u00f3gicos avanzados.<br \/>Veneno de pez piedra: \u00fatil en la investigaci\u00f3n sobre la necrosis tisular.<\/p><h4>\u00bfPor qu\u00e9 tiendas de venenos?<\/h4><p>Calidad inigualable: todos los productos van acompa\u00f1ados de un certificado de an\u00e1lisis (COA) que garantiza su potencia y pureza.<br \/>Seguridad integral: cada producto incluye una ficha de datos de seguridad (FDS) y recomendaciones sobre el equipo de protecci\u00f3n individual (EPI).<\/p><p>Opciones de presentaci\u00f3n vers\u00e1tiles: Disponible en l\u00edquido, spray o s\u00f3lido para facilitar su uso.<br \/>Entrega global: Ofrecemos env\u00edos internacionales discretos.<\/p><p>Asesoramiento experto: nuestros especialistas proporcionan instrucciones de manejo para garantizar un uso seguro y conforme a la normativa.<br \/>Pida ahora: potencia, precisi\u00f3n y eficacia al alcance de su mano.<br \/>En Poison Shops, entendemos que la precisi\u00f3n y la fiabilidad son innegociables.<\/p><p>Tanto si se dedica a la investigaci\u00f3n toxicol\u00f3gica avanzada, trabaja en proyectos qu\u00edmicos o tiene necesidades personales, somos su socio de confianza.<\/p><p><img decoding=\"async\" class=\"wp-image-176 aligncenter\" src=\"https:\/\/poisonshops.com\/wp-content\/uploads\/2025\/11\/poison_shop_logo-300x171.png\" alt=\"Tiendas de venenos\" width=\"114\" height=\"65\" srcset=\"https:\/\/poisonshops.com\/wp-content\/uploads\/2025\/11\/poison_shop_logo-300x171.png 300w, https:\/\/poisonshops.com\/wp-content\/uploads\/2025\/11\/poison_shop_logo.png 563w\" sizes=\"(max-width: 114px) 100vw, 114px\" \/><\/p><p>\u00a0<\/p><p>comprar veneno, el mejor lugar para comprar veneno, veneno en venta, comprar productos qu\u00edmicos t\u00f3xicos, comprar veneno online, comprar toxina botul\u00ednica, toxina botul\u00ednica en venta, comprar ricina, ricina en venta, comprar abrina, abrina en venta, comprar tetrodotoxina, tetrodotoxina en venta, comprar saxitoxina, saxitoxina en venta, comprar conotoxinas, conotoxinas en venta,<\/p><p>Comprar batracotoxina, batracotoxina en venta, comprar ciguatoxina, ciguatoxina en venta, comprar maitotoxina, maitotoxina en venta, comprar aflatoxinas, aflatoxinas en venta, comprar VX, VX en venta, comprar sar\u00edn, sar\u00edn en venta, comprar tab\u00fan, tab\u00fan en venta, comprar som\u00e1n, som\u00e1n en venta, comprar cianuro de hidr\u00f3geno, cianuro de hidr\u00f3geno en venta, comprar cianuro de sodio, cianuro de sodio en venta, comprar ars\u00e9nico, ars\u00e9nico en venta, comprar polonio-210, polonio-210 en venta, comprar talio, talio en venta, comprar mercurio,<\/p><p>Mercurio en venta, comprar atropina, atropina en venta, comprar aconitina, aconitina en venta, comprar digitalina, digitalina en venta, comprar estricnina, estricnina en venta, comprar oleandrina, oleandrina en venta, comprar colchicina, colchicina en venta, comprar alcaloides del cornezuelo, alcaloides del cornezuelo en venta, comprar coniina, coniina en venta, comprar taxina, taxina en venta,<\/p><p>comprar gas cloro, gas cloro en venta, comprar fosgeno, fosgeno en venta, comprar mon\u00f3xido de carbono, mon\u00f3xido de carbono en venta, comprar dioxinas, dioxinas en venta, comprar plomo, plomo en venta, comprar cadmio, cadmio en venta, comprar veneno de cobra, veneno de cobra en venta, comprar veneno de mamba negra, veneno de mamba negra en venta,<\/p><p>Comprar veneno de medusa cubo, veneno de medusa cubo a la venta, comprar veneno de pez piedra, veneno de pez piedra a la venta, comprar gases t\u00f3xicos, gases t\u00f3xicos a la venta, comprar venenos qu\u00edmicos, venenos qu\u00edmicos a la venta, comprar toxinas marinas,<\/p><p>toxinas marinas a la venta, comprar venenos de origen vegetal, venenos de origen vegetal a la venta, comprar agentes nerviosos, agentes nerviosos a la venta,<\/p><p>comprar metales pesados, metales pesados en venta, comprar cianuro, el mejor lugar para comprar cianuro, comprar c\u00e1psulas de cianuro, comprar cianuro en polvo, comprar cianuro l\u00edquido, comprar productos qu\u00edmicos para investigaci\u00f3n, productos qu\u00edmicos para investigaci\u00f3n en venta, d\u00f3nde comprar veneno, comprar toxinas letales, el mejor lugar para comprar toxinas, comprar veneno animal, veneno animal en venta, comprar ricina en l\u00ednea, comprar botul\u00ednico puro, comprar cianuro con COA, comprar toxinas para uso en laboratorio,<\/p><p>Comprar tri\u00f3xido de ars\u00e9nico, comprar toxinas con env\u00edo discreto, comprar spray de conotoxinas, comprar aconitina l\u00edquida, comprar ricina en polvo, comprar productos qu\u00edmicos industriales, productos qu\u00edmicos industriales en venta, comprar comprimidos de digitalina, comprar c\u00e1psulas de estricnina, comprar agentes nerviosos online, gas VX en venta, comprar polonio discretamente.,<\/p><p>comprar toxinas qu\u00edmicas, comprar polvo de plomo, comprar talio l\u00edquido, comprar toxinas ambientales, comprar kit de venenos, comprar toxinas con SDS, d\u00f3nde comprar sustancias t\u00f3xicas, comprar venenos para uso personal, comprar toxinas con EPI, comprar agentes qu\u00edmicos con env\u00edo r\u00e1pido, comprar cianuro cerca de m\u00ed, comprar veneno con env\u00edo discreto,<\/p><p>Comprar productos qu\u00edmicos t\u00f3xicos en todo el mundo, comprar sustancias venenosas, comprar veneno de un proveedor de confianza, pedir toxina botul\u00ednica por Internet, comprar ars\u00e9nico con certificado de an\u00e1lisis, comprar cianuro y productos qu\u00edmicos t\u00f3xicos, la mejor tienda online de venenos, comprar sar\u00edn por Internet, comprar pastillas de mercurio, comprar toxinas de adelfa, comprar ricina de forma discreta, comprar venenos de acci\u00f3n r\u00e1pida, comprar cianuro de forma segura.,<\/p><p>D\u00f3nde comprar toxina botul\u00ednica cerca de m\u00ed, pedir agente nervioso VX, comprar toxinas nerviosas con env\u00edo, comprar toxinas letales para investigaci\u00f3n, comprar estricnina online, comprar toxinas marinas con entrega r\u00e1pida, comprar c\u00e1psulas de taxina, la mejor tienda de toxinas venenosas, comprar aconitina discretamente, d\u00f3nde pedir toxinas online, comprar venenos de origen vegetal, comprar derivados del cornezuelo, comprar aerosoles t\u00f3xicos, el mejor lugar para pedir productos qu\u00edmicos online, comprar botes de gas t\u00f3xico.,<\/p><p>Comprar sustancias altamente t\u00f3xicas, comprar venenos online de forma segura, comprar venenos industriales de forma discreta, comprar botul\u00ednica r\u00e1pidamente, d\u00f3nde comprar cianuro online, pedir productos qu\u00edmicos t\u00f3xicos con COA, comprar fosgeno para uso en laboratorio, comprar toxinas de serpientes venenosas, comprar veneno de mamba negra con env\u00edo r\u00e1pido, comprar veneno de pez piedra con an\u00e1lisis, el mejor proveedor de sustancias t\u00f3xicas.,<\/p><p>D\u00f3nde comprar productos qu\u00edmicos peligrosos, comprar spray de aconitina, comprar toxinas para investigaci\u00f3n online, comprar ars\u00e9nico con entrega discreta, comprar toxinas con env\u00edo internacional r\u00e1pido, comprar agentes nerviosos ahora, el mejor mercado para agentes t\u00f3xicos, comprar polvos de plomo y cadmio, comprar toxinas altamente letales online.,<\/p><p>Pedir venenos de forma segura, comprar ricina cerca de m\u00ed, comprar cianuro s\u00f3dico de forma segura, comprar mercurio online, comprar toxina botul\u00ednica con env\u00edo r\u00e1pido, pedir toxinas de forma discreta, la mejor fuente de agentes nerviosos, comprar productos qu\u00edmicos peligrosos ahora.<\/p>\t\t\t\t\t\t\t\t<\/div>\n\t\t\t\t<\/div>\n\t\t\t\t\t<\/div>\n\t\t\t\t<\/div>\n\t\t\t\t<\/div>","protected":false},"excerpt":{"rendered":"<p>Buy Poisons online; We\u2019re here to assist you with any inquiries or concerns. Please reach out to us through the following methods: \u00a0 Email:Ps35dk@proton.me For support related to orders, shipping, or product information, our team is ready to help. Thank you for choosing Poison Shops. We look forward to hearing from you! Buy Poisons online [&hellip;]<\/p>\n","protected":false},"author":1,"featured_media":0,"parent":0,"menu_order":0,"comment_status":"closed","ping_status":"closed","template":"","meta":{"footnotes":""},"class_list":["post-439","page","type-page","status-publish","hentry"],"_links":{"self":[{"href":"https:\/\/poisonshops.com\/es\/wp-json\/wp\/v2\/pages\/439","targetHints":{"allow":["GET"]}}],"collection":[{"href":"https:\/\/poisonshops.com\/es\/wp-json\/wp\/v2\/pages"}],"about":[{"href":"https:\/\/poisonshops.com\/es\/wp-json\/wp\/v2\/types\/page"}],"author":[{"embeddable":true,"href":"https:\/\/poisonshops.com\/es\/wp-json\/wp\/v2\/users\/1"}],"replies":[{"embeddable":true,"href":"https:\/\/poisonshops.com\/es\/wp-json\/wp\/v2\/comments?post=439"}],"version-history":[{"count":19,"href":"https:\/\/poisonshops.com\/es\/wp-json\/wp\/v2\/pages\/439\/revisions"}],"predecessor-version":[{"id":539,"href":"https:\/\/poisonshops.com\/es\/wp-json\/wp\/v2\/pages\/439\/revisions\/539"}],"wp:attachment":[{"href":"https:\/\/poisonshops.com\/es\/wp-json\/wp\/v2\/media?parent=439"}],"curies":[{"name":"wp","href":"https:\/\/api.w.org\/{rel}","templated":true}]}}