{"id":100,"date":"2017-12-19T15:02:20","date_gmt":"2017-12-19T15:02:20","guid":{"rendered":"https:\/\/wordpress.gradientthemes.com\/brand-shop\/product\/dnk-green-shoes\/"},"modified":"2025-12-05T13:07:48","modified_gmt":"2025-12-05T13:07:48","slug":"pastillas-suicidas-nembutal","status":"publish","type":"product","link":"https:\/\/poisonshops.com\/es\/producto\/pastillas-suicidas-nembutal\/","title":{"rendered":"Pastillas suicidas Nembutal"},"content":{"rendered":"<h3>Nembutal Suicidio Pastillas y L\u00edquido<\/h3>\n<p><strong>Nota<\/strong>: El Nembutal (pentobarbital s\u00f3dico) es una sustancia controlada que s\u00f3lo debe utilizarse bajo estricta supervisi\u00f3n m\u00e9dica y de acuerdo con las leyes y reglamentos de la jurisdicci\u00f3n pertinente. Su uso para el suicidio es ilegal en muchos pa\u00edses, por lo que es crucial buscar orientaci\u00f3n m\u00e9dica adecuada para cualquier problema de salud.<\/p>\n<p>Bienvenido a Bio Weapons , su proveedor de confianza de productos de alta calidad de Nembutal Pentobarbital S\u00f3dico para personas autorizadas con recetas v\u00e1lidas. Ofrecemos Nembutal tanto en pastillas como en forma l\u00edquida, garantizando soluciones fiables y eficaces para diversas necesidades m\u00e9dicas. Nuestro compromiso con la calidad, la seguridad y la satisfacci\u00f3n del cliente nos ha convertido en un proveedor l\u00edder en la industria.<\/p>\n<h4><strong>\u00bfQu\u00e9 son las pastillas y el l\u00edquido suicida Nembutal?<\/strong><\/h4>\n<p>El Nembutal, tambi\u00e9n conocido como pentobarbital s\u00f3dico, es un barbit\u00farico con potentes propiedades sedantes, hipn\u00f3ticas y anticonvulsivantes. Se utiliza en entornos m\u00e9dicos para diversos fines, como la sedaci\u00f3n, la anestesia y el control de convulsiones. Nuestras pastillas y formulaciones l\u00edquidas de Nembutal est\u00e1n dise\u00f1adas para ofrecer la m\u00e1xima eficacia y seguridad.<\/p>\n<h4><strong>Usos del Nembutal<\/strong><\/h4>\n<p>Nembutal se utiliza en varios contextos m\u00e9dicos, incluyendo:<\/p>\n<ol>\n<li><strong>Sedaci\u00f3n<\/strong>: El Nembutal se utiliza habitualmente para inducir una sedaci\u00f3n profunda en pacientes sometidos a procedimientos m\u00e9dicos. Su r\u00e1pida acci\u00f3n garantiza que los pacientes alcancen r\u00e1pidamente un estado de relajaci\u00f3n.<\/li>\n<li><strong>Anestesia<\/strong>: En entornos quir\u00fargicos, el Nembutal se utiliza como agente preanest\u00e9sico para inducir un sue\u00f1o profundo, facilitando procedimientos suaves y sin dolor.<\/li>\n<li><strong>Control de las incautaciones<\/strong>: Nembutal es eficaz en el tratamiento de las convulsiones agudas, especialmente en situaciones de emergencia, deprimiendo el sistema nervioso central y reduciendo la actividad convulsiva.<\/li>\n<li><strong>Eutanasia (uso veterinario)<\/strong>: En medicina veterinaria, el Nembutal se utiliza para la eutanasia humanitaria de animales, asegurando una transici\u00f3n pac\u00edfica y sin dolor.<\/li>\n<\/ol>\n<h4><strong>Calidad y pureza<\/strong><\/h4>\n<p>En Bio Weapons , entendemos la importancia cr\u00edtica de la calidad y la pureza de los productos farmac\u00e9uticos. Nuestras pastillas y formulaciones l\u00edquidas de Nembutal proceden de fabricantes de renombre y se someten a estrictos procesos de control de calidad. Cada lote se somete a rigurosas pruebas para garantizar que cumple con los m\u00e1s altos est\u00e1ndares de la industria. Cuando usted compra Nembutal de nosotros, usted puede confiar en que usted est\u00e1 recibiendo un producto que es seguro, eficaz y fiable.<\/p>\n<h4><strong>Posolog\u00eda y administraci\u00f3n<\/strong><\/h4>\n<p>Nembutal debe utilizarse siguiendo estrictamente las instrucciones proporcionadas por un profesional sanitario. La dosis y el m\u00e9todo de administraci\u00f3n pueden variar en funci\u00f3n de la afecci\u00f3n m\u00e9dica espec\u00edfica y de las necesidades individuales del paciente. Es crucial seguir la dosis prescrita para garantizar la seguridad y la eficacia.<\/p>\n<p><strong>Preparaci\u00f3n y almacenamiento<\/strong>:<\/p>\n<ul>\n<li><strong>Preparaci\u00f3n<\/strong>: Los comprimidos de Nembutal se administran por v\u00eda oral, mientras que la forma l\u00edquida puede tomarse por v\u00eda oral o administrarse por v\u00eda intravenosa, seg\u00fan le indique su profesional sanitario.<\/li>\n<li><strong>Almacenamiento<\/strong>: Almacene Nembutal en un lugar fresco y seco, lejos de la luz solar directa y la humedad. Mant\u00e9ngalo fuera del alcance de los ni\u00f1os y animales dom\u00e9sticos.<\/li>\n<\/ul>\n<h4><strong>Efectos secundarios y precauciones<\/strong><\/h4>\n<p>Como todos los medicamentos, el Nembutal puede producir efectos secundarios. Los efectos secundarios m\u00e1s frecuentes son somnolencia, mareos, n\u00e1useas y dolor de cabeza. En raras ocasiones, pueden producirse efectos secundarios m\u00e1s graves, como depresi\u00f3n respiratoria, hipotensi\u00f3n o reacciones al\u00e9rgicas. Es esencial buscar atenci\u00f3n m\u00e9dica inmediata si se experimenta alg\u00fan efecto secundario grave.<\/p>\n<p><strong>Precauciones<\/strong>:<\/p>\n<ul>\n<li><strong>Historial m\u00e9dico<\/strong>: Informe a su m\u00e9dico de su historial m\u00e9dico completo, especialmente si tiene antecedentes de enfermedad hep\u00e1tica, enfermedad renal o afecciones respiratorias.<\/li>\n<li><strong>Interacciones farmacol\u00f3gicas<\/strong>: Nembutal puede interactuar con otros medicamentos, incluyendo sedantes, opioides y alcohol. Aseg\u00farese de que su m\u00e9dico conoce todos los medicamentos que est\u00e1 tomando.<\/li>\n<li><strong>Embarazo y lactancia<\/strong>: Nembutal debe utilizarse con precauci\u00f3n durante el embarazo y la lactancia. Consulte a su m\u00e9dico para que le oriente.<\/li>\n<\/ul>\n<h4><strong>\u00bfPor qu\u00e9 elegir las armas biol\u00f3gicas?<\/strong><\/h4>\n<ol>\n<li><strong>Garant\u00eda de calidad<\/strong>: Damos prioridad a la calidad y la seguridad, garantizando que nuestros productos de Nembutal cumplen las normas m\u00e1s estrictas del sector.<\/li>\n<li><strong>Vendedores autorizados<\/strong>Bio Weapons es un vendedor de confianza y autorizado que suministra productos aut\u00e9nticos a personas autorizadas con receta m\u00e9dica.<\/li>\n<li><strong>Transacciones seguras<\/strong>: Nuestra plataforma en l\u00ednea garantiza transacciones seguras, protegiendo su informaci\u00f3n personal y financiera.<\/li>\n<li><strong>Atenci\u00f3n al cliente<\/strong>: Nuestro equipo de atenci\u00f3n al cliente est\u00e1 a su disposici\u00f3n para ayudarle con cualquier pregunta o duda, ofreci\u00e9ndole un servicio profesional y amable.<\/li>\n<li><strong>Entrega puntual<\/strong>: Comprendemos la importancia de una entrega puntual. Nuestro proceso de env\u00edo eficiente asegura que usted reciba sus productos Nembutal con prontitud y discreci\u00f3n.<\/li>\n<\/ol>\n<p><img decoding=\"async\" class=\"wp-image-463 aligncenter\" src=\"https:\/\/poisonshops.com\/wp-content\/uploads\/2025\/11\/tttt-1-204x300.png\" alt=\"Tienda de venenos\" width=\"71\" height=\"104\" srcset=\"https:\/\/poisonshops.com\/wp-content\/uploads\/2025\/11\/tttt-1-204x300.png 204w, https:\/\/poisonshops.com\/wp-content\/uploads\/2025\/11\/tttt-1.png 218w\" sizes=\"(max-width: 71px) 100vw, 71px\" \/><\/p>\n<h4><strong>Conclusi\u00f3n<\/strong><\/h4>\n<p>Bio Armas es su fuente confiable de alta calidad Nembutal Pentobarbital S\u00f3dico p\u00edldoras y l\u00edquido. Estamos comprometidos a proporcionar productos seguros, eficaces y fiables a las personas aprobadas con recetas v\u00e1lidas. Nuestro enfoque en la calidad, la satisfacci\u00f3n del cliente, y transacciones seguras nos distingue en la industria. Compre con confianza en Bio Weapons y experimente la diferencia en calidad y servicio.<\/p>\n<p><strong>Pida hoy mismo sus comprimidos o l\u00edquido de Nembutal Pentobarbital S\u00f3dico<\/strong> y \u00fanase a nuestros clientes satisfechos que conf\u00edan en Bio Weapons para sus necesidades m\u00e9dicas. Su salud y seguridad son nuestras principales prioridades.<\/p>\n<p>Comprar alta calidad Nembutal Pentobarbital S\u00f3dico p\u00edldoras y l\u00edquido en Bio Armas . . Compra cripto segura, entrega r\u00e1pida y satisfacci\u00f3n del cliente garantizada.<\/p>\n<h4><img decoding=\"async\" class=\"wp-image-502 aligncenter\" src=\"https:\/\/poisonshops.com\/wp-content\/uploads\/2025\/11\/Bio-Weapons-240x300.png\" alt=\"Armas biol\u00f3gicas\" width=\"84\" height=\"105\" srcset=\"https:\/\/poisonshops.com\/wp-content\/uploads\/2025\/11\/Bio-Weapons-240x300.png 240w, https:\/\/poisonshops.com\/wp-content\/uploads\/2025\/11\/Bio-Weapons.png 265w\" sizes=\"(max-width: 84px) 100vw, 84px\" \/><\/h4>\n<ol>\n<li>Comprar Nembutal Pentobarbital Pastillas y L\u00edquido Online<\/li>\n<li>Pastillas y l\u00edquido de Nembutal de alta calidad para uso m\u00e9dico<\/li>\n<li>Comprar Nembutal Pentobarbital con seguridad<\/li>\n<li>Fuente de confianza para Nembutal Pastillas y L\u00edquido<\/li>\n<li>Orden Nembutal Pentobarbital con seguridad<\/li>\n<li>Entrega r\u00e1pida de Nembutal Pastillas y L\u00edquido<\/li>\n<li>Proveedor fiable de Nembutal Pentobarbital<\/li>\n<li>Aut\u00e9ntico Nembutal p\u00edldoras y l\u00edquido para la venta<\/li>\n<li>Comprar Nembutal a vendedores autorizados<\/li>\n<li>Mejor lugar para comprar Nembutal Pentobarbital<\/li>\n<\/ol>\n<h4><\/h4>\n<p>Nembutal Pentobarbital S\u00f3dico, Comprar Nembutal pastillas, Comprar Nembutal l\u00edquido, Nembutal en venta, Nembutal de alta calidad, Compra segura de Nembutal, Nembutal para uso m\u00e9dico, Fuente fiable de Nembutal, Comprar Nembutal legalmente, Nembutal con receta, Nembutal para sedaci\u00f3n, Pedir Nembutal pastillas, Nembutal para anestesia, Nembutal l\u00edquido original, Entrega de Nembutal, Vendedor de Nembutal de confianza, Comprar Nembutal con seguridad, Nembutal aut\u00e9ntico, Proveedor de Nembutal, Nembutal en los EE.UU., Disponibilidad de Nembutal, Entrega r\u00e1pida de Nembutal, Nembutal de calidad, Farmacia de Nembutal, Nembutal para convulsiones, Comprar Nembutal online, Compra segura de Nembutal, Nembutal para profesionales, Fuente fiable de Nembutal, Nembutal env\u00edo mundial<\/p>\n<h4>Pastillas suicidas Nembutal a la venta<\/h4>\n<p><img decoding=\"async\" class=\"wp-image-176 aligncenter\" src=\"https:\/\/poisonshops.com\/wp-content\/uploads\/2025\/11\/poison_shop_logo-300x171.png\" alt=\"Tiendas de venenos\" width=\"111\" height=\"63\" srcset=\"https:\/\/poisonshops.com\/wp-content\/uploads\/2025\/11\/poison_shop_logo-300x171.png 300w, https:\/\/poisonshops.com\/wp-content\/uploads\/2025\/11\/poison_shop_logo.png 563w\" sizes=\"(max-width: 111px) 100vw, 111px\" \/><\/p>","protected":false},"excerpt":{"rendered":"<p>Nembutal Suicide Pills and Liquid Note: Nembutal (Pentobarbital Sodium) is a controlled substance that should only be used under strict medical supervision and according to the laws and regulations of the relevant jurisdiction. Its use for suicide is illegal in many countries, and it is crucial to seek proper medical guidance for any health concerns. [&hellip;]<\/p>\n","protected":false},"featured_media":263,"comment_status":"open","ping_status":"closed","template":"","meta":[],"product_brand":[],"product_cat":[18],"product_tag":[],"class_list":{"0":"post-100","1":"product","2":"type-product","3":"status-publish","4":"has-post-thumbnail","6":"product_cat-buy-nembutal-pentobarbital","8":"first","9":"instock","10":"shipping-taxable","11":"purchasable","12":"product-type-simple"},"_links":{"self":[{"href":"https:\/\/poisonshops.com\/es\/wp-json\/wp\/v2\/product\/100","targetHints":{"allow":["GET"]}}],"collection":[{"href":"https:\/\/poisonshops.com\/es\/wp-json\/wp\/v2\/product"}],"about":[{"href":"https:\/\/poisonshops.com\/es\/wp-json\/wp\/v2\/types\/product"}],"replies":[{"embeddable":true,"href":"https:\/\/poisonshops.com\/es\/wp-json\/wp\/v2\/comments?post=100"}],"wp:featuredmedia":[{"embeddable":true,"href":"https:\/\/poisonshops.com\/es\/wp-json\/wp\/v2\/media\/263"}],"wp:attachment":[{"href":"https:\/\/poisonshops.com\/es\/wp-json\/wp\/v2\/media?parent=100"}],"wp:term":[{"taxonomy":"product_brand","embeddable":true,"href":"https:\/\/poisonshops.com\/es\/wp-json\/wp\/v2\/product_brand?post=100"},{"taxonomy":"product_cat","embeddable":true,"href":"https:\/\/poisonshops.com\/es\/wp-json\/wp\/v2\/product_cat?post=100"},{"taxonomy":"product_tag","embeddable":true,"href":"https:\/\/poisonshops.com\/es\/wp-json\/wp\/v2\/product_tag?post=100"}],"curies":[{"name":"wp","href":"https:\/\/api.w.org\/{rel}","templated":true}]}}